{"id":6583,"date":"2018-11-23T10:05:23","date_gmt":"2018-11-23T09:05:23","guid":{"rendered":"https:\/\/www.assitej.net\/?post_type=product&#038;p=6583"},"modified":"2025-05-05T16:02:00","modified_gmt":"2025-05-05T14:02:00","slug":"tres-hermanitas","status":"publish","type":"product","link":"https:\/\/assitej.culturaescenica.es\/gl\/editorial-assitej\/suzanne-lebeau\/tres-hermanitas\/","title":{"rendered":"Tres irm\u00e1s pequenas"},"content":{"rendered":"<p>Tres hermanitas, de Suzanne Lebeau.<\/p>\n<p>Hai palabras que nos resultan dif\u00edciles de pronunciar. A palabra cancro \u00e9 unha delas. E faise insoportable cando a palabra, a enfermidade, sofren as nenas e os nenos. A Alice, a irm\u00e1 mediana, diagnostic\u00e1ronlle cancro. Suzanne Lebeau, que sabe que adultos e nenos viven no mesmo mundo, c\u00f3ntanos en <em>Tres irm\u00e1s pequenas<\/em> A loita de Alicia e a s\u00faa familia contra a enfermidade. A vida nunca volver\u00e1 ao<br \/>\nnormalidade, pero as irm\u00e1s de Alicia, a s\u00faa nai e o seu pai, ens\u00ednanos que podemos, ademais de aprender a vivir coa dor, convertela nun recordo luminoso.<br \/>\nSuzanne Lebeau, unha das voces m\u00e1is valiosas do teatro internacional, m\u00f3stranos, unha vez m\u00e1is, que no teatro infantil e xuvenil non hai temas tab\u00fa. As s\u00faas obras tam\u00e9n est\u00e1n publicadas na Colecci\u00f3n Internacional de ASSITEJ Espa\u00f1a <em>O pequeno ogro<\/em> e <em>Zapatos de area<\/em><br \/>\n.<\/p>","protected":false},"excerpt":{"rendered":"<p>Hai palabras que nos resultan dif\u00edciles de pronunciar. A palabra cancro \u00e9 unha delas. E faise insoportable cando a palabra, a enfermidade, sofren as nenas e os nenos. A Alice, a irm\u00e1 mediana, diagnostic\u00e1ronlle cancro. Suzanne Lebeau, que sabe que adultos e nenos viven no mesmo mundo, c\u00f3ntanos en <em>Tres irm\u00e1s pequenas<\/em> A loita de Alicia e a s\u00faa familia contra a enfermidade. A vida nunca volver\u00e1 ao<br \/>\nnormalidade, pero as irm\u00e1s de Alicia, a s\u00faa nai e o seu pai, ens\u00ednanos que podemos, ademais de aprender a vivir coa dor, convertela nun recordo luminoso.<br \/>\nSuzanne Lebeau, unha das voces m\u00e1is valiosas do teatro internacional, m\u00f3stranos, unha vez m\u00e1is, que no teatro infantil e xuvenil non hai temas tab\u00fa. As s\u00faas obras tam\u00e9n est\u00e1n publicadas na Colecci\u00f3n Internacional de ASSITEJ Espa\u00f1a <em>O pequeno ogro<\/em> e <em>Zapatos de area<\/em><br \/>\n.<\/p>","protected":false},"featured_media":24352,"template":"","meta":{"_acf_changed":false,"_links_to":"","_links_to_target":""},"product_brand":[],"product_cat":[115],"product_tag":[122],"class_list":{"0":"post-6583","1":"product","2":"type-product","3":"status-publish","4":"has-post-thumbnail","6":"product_cat-suzanne-lebeau","7":"product_tag-coleccion-internacional","8":"infinite-scroll-item","9":"","10":"woocommerce-text-align-left","11":"woocommerce-image-align-center","12":"do-quantity-buttons","13":"wc-has-gallery","15":"first","16":"instock","17":"taxable","18":"shipping-taxable","19":"purchasable","20":"product-type-simple"},"acf":[],"yoast_head":"<!-- This site is optimized with the Yoast SEO plugin v27.1.1 - https:\/\/yoast.com\/product\/yoast-seo-wordpress\/ -->\n<title>Tres hermanitas, de Suzanne Lebeau | ASSITEJ ESpa\u00f1a<\/title>\n<meta name=\"description\" content=\"Tres hermanitas, de Suzanne Lebeau. Hay palabras que nos cuesta pronunciar. La palabra c\u00e1ncer es una de ellas. Y se vuelve insoportable cuando la palabra, la enfermedad, la sufren las ni\u00f1as y los ni\u00f1os.\" \/>\n<meta name=\"robots\" content=\"index, follow, max-snippet:-1, max-image-preview:large, max-video-preview:-1\" \/>\n<link rel=\"canonical\" href=\"https:\/\/assitej.culturaescenica.es\/gl\/editorial-assitej\/suzanne-lebeau\/tres-hermanitas\/\" \/>\n<meta property=\"og:locale\" content=\"gl_ES\" \/>\n<meta property=\"og:type\" content=\"article\" \/>\n<meta property=\"og:title\" content=\"Tres hermanitas, de Suzanne Lebeau | ASSITEJ ESpa\u00f1a\" \/>\n<meta property=\"og:description\" content=\"Tres hermanitas, de Suzanne Lebeau. Hay palabras que nos cuesta pronunciar. La palabra c\u00e1ncer es una de ellas. Y se vuelve insoportable cuando la palabra, la enfermedad, la sufren las ni\u00f1as y los ni\u00f1os.\" \/>\n<meta property=\"og:url\" content=\"https:\/\/assitej.culturaescenica.es\/gl\/editorial-assitej\/suzanne-lebeau\/tres-hermanitas\/\" \/>\n<meta property=\"og:site_name\" content=\"ASSITEJ Espa\u00f1a\" \/>\n<meta property=\"article:publisher\" content=\"https:\/\/www.facebook.com\/assitejespana\/\" \/>\n<meta property=\"article:modified_time\" content=\"2025-05-05T14:02:00+00:00\" \/>\n<meta property=\"og:image\" content=\"https:\/\/assitej.culturaescenica.es\/wp-content\/uploads\/portada_001-3-jpg.webp\" \/>\n\t<meta property=\"og:image:width\" content=\"1099\" \/>\n\t<meta property=\"og:image:height\" content=\"1600\" \/>\n\t<meta property=\"og:image:type\" content=\"image\/jpeg\" \/>\n<meta name=\"twitter:card\" content=\"summary_large_image\" \/>\n<meta name=\"twitter:site\" content=\"@AssitejEspana\" \/>\n<meta name=\"twitter:label1\" content=\"Tempo de lectura\" \/>\n\t<meta name=\"twitter:data1\" content=\"1 minuto\" \/>\n<script type=\"application\/ld+json\" class=\"yoast-schema-graph\">{\"@context\":\"https:\/\/schema.org\",\"@graph\":[{\"@type\":\"WebPage\",\"@id\":\"https:\/\/assitej.culturaescenica.es\/eu\/editorial-assitej\/suzanne-lebeau\/tres-hermanitas\/\",\"url\":\"https:\/\/assitej.culturaescenica.es\/eu\/editorial-assitej\/suzanne-lebeau\/tres-hermanitas\/\",\"name\":\"Tres hermanitas, de Suzanne Lebeau | ASSITEJ ESpa\u00f1a\",\"isPartOf\":{\"@id\":\"https:\/\/assitej.culturaescenica.es\/gl\/#website\"},\"primaryImageOfPage\":{\"@id\":\"https:\/\/assitej.culturaescenica.es\/eu\/editorial-assitej\/suzanne-lebeau\/tres-hermanitas\/#primaryimage\"},\"image\":{\"@id\":\"https:\/\/assitej.culturaescenica.es\/eu\/editorial-assitej\/suzanne-lebeau\/tres-hermanitas\/#primaryimage\"},\"thumbnailUrl\":\"https:\/\/assitej.culturaescenica.es\/wp-content\/uploads\/portada_001-3-jpg.webp\",\"datePublished\":\"2018-11-23T09:05:23+00:00\",\"dateModified\":\"2025-05-05T14:02:00+00:00\",\"description\":\"Tres hermanitas, de Suzanne Lebeau. Hay palabras que nos cuesta pronunciar. La palabra c\u00e1ncer es una de ellas. Y se vuelve insoportable cuando la palabra, la enfermedad, la sufren las ni\u00f1as y los ni\u00f1os.\",\"breadcrumb\":{\"@id\":\"https:\/\/assitej.culturaescenica.es\/eu\/editorial-assitej\/suzanne-lebeau\/tres-hermanitas\/#breadcrumb\"},\"inLanguage\":\"gl-ES\",\"potentialAction\":[{\"@type\":\"ReadAction\",\"target\":[\"https:\/\/assitej.culturaescenica.es\/eu\/editorial-assitej\/suzanne-lebeau\/tres-hermanitas\/\"]}]},{\"@type\":\"ImageObject\",\"inLanguage\":\"gl-ES\",\"@id\":\"https:\/\/assitej.culturaescenica.es\/eu\/editorial-assitej\/suzanne-lebeau\/tres-hermanitas\/#primaryimage\",\"url\":\"https:\/\/assitej.culturaescenica.es\/wp-content\/uploads\/portada_001-3-jpg.webp\",\"contentUrl\":\"https:\/\/assitej.culturaescenica.es\/wp-content\/uploads\/portada_001-3-jpg.webp\",\"width\":1099,\"height\":1600},{\"@type\":\"BreadcrumbList\",\"@id\":\"https:\/\/assitej.culturaescenica.es\/eu\/editorial-assitej\/suzanne-lebeau\/tres-hermanitas\/#breadcrumb\",\"itemListElement\":[{\"@type\":\"ListItem\",\"position\":1,\"name\":\"Portada\",\"item\":\"https:\/\/assitej.culturaescenica.es\/gl\/\"},{\"@type\":\"ListItem\",\"position\":2,\"name\":\"Editorial Assitej\",\"item\":\"https:\/\/assitej.culturaescenica.es\/es_es\/editorial-assitej\/\"},{\"@type\":\"ListItem\",\"position\":3,\"name\":\"Tres Hermanitas\"}]},{\"@type\":\"WebSite\",\"@id\":\"https:\/\/assitej.culturaescenica.es\/gl\/#website\",\"url\":\"https:\/\/assitej.culturaescenica.es\/gl\/\",\"name\":\"ASSITEJ Espa\u00f1a\",\"description\":\"ARTES ESC\u00c9NICAS PARA LA INFANCIA Y LA JUVENTUD\",\"publisher\":{\"@id\":\"https:\/\/assitej.culturaescenica.es\/gl\/#organization\"},\"potentialAction\":[{\"@type\":\"SearchAction\",\"target\":{\"@type\":\"EntryPoint\",\"urlTemplate\":\"https:\/\/assitej.culturaescenica.es\/gl\/?s={search_term_string}\"},\"query-input\":{\"@type\":\"PropertyValueSpecification\",\"valueRequired\":true,\"valueName\":\"search_term_string\"}}],\"inLanguage\":\"gl-ES\"},{\"@type\":\"Organization\",\"@id\":\"https:\/\/assitej.culturaescenica.es\/gl\/#organization\",\"name\":\"ASSITEJ Espa\u00f1a\",\"url\":\"https:\/\/assitej.culturaescenica.es\/gl\/\",\"logo\":{\"@type\":\"ImageObject\",\"inLanguage\":\"gl-ES\",\"@id\":\"https:\/\/assitej.culturaescenica.es\/gl\/#\/schema\/logo\/image\/\",\"url\":\"https:\/\/assitej.es\/wp-content\/uploads\/Logo_ASSITEJ_Espana.RGB_2-1.png\",\"contentUrl\":\"https:\/\/assitej.es\/wp-content\/uploads\/Logo_ASSITEJ_Espana.RGB_2-1.png\",\"width\":4934,\"height\":2287,\"caption\":\"ASSITEJ Espa\u00f1a\"},\"image\":{\"@id\":\"https:\/\/assitej.culturaescenica.es\/gl\/#\/schema\/logo\/image\/\"},\"sameAs\":[\"https:\/\/www.facebook.com\/assitejespana\/\",\"https:\/\/x.com\/AssitejEspana\",\"https:\/\/www.youtube.com\/channel\/UCv-2SDBzEmyORL5tPvsYgMw\"]}]}<\/script>\n<!-- \/ Yoast SEO plugin. -->","yoast_head_json":{"title":"Tres irm\u00e1s pequenas, de Suzanne Lebeau | ASSITEJ Espa\u00f1a","description":"Tres irm\u00e1s pequenas, de Suzanne Lebeau. Hai palabras que nos resultan dif\u00edciles de pronunciar. A palabra cancro \u00e9 unha delas. E faise insoportable cando a palabra, a enfermidade, sofren as nenas e os nenos.","robots":{"index":"index","follow":"follow","max-snippet":"max-snippet:-1","max-image-preview":"max-image-preview:large","max-video-preview":"max-video-preview:-1"},"canonical":"https:\/\/assitej.culturaescenica.es\/gl\/editorial-assitej\/suzanne-lebeau\/tres-hermanitas\/","og_locale":"gl_ES","og_type":"article","og_title":"Tres hermanitas, de Suzanne Lebeau | ASSITEJ ESpa\u00f1a","og_description":"Tres hermanitas, de Suzanne Lebeau. Hay palabras que nos cuesta pronunciar. La palabra c\u00e1ncer es una de ellas. Y se vuelve insoportable cuando la palabra, la enfermedad, la sufren las ni\u00f1as y los ni\u00f1os.","og_url":"https:\/\/assitej.culturaescenica.es\/gl\/editorial-assitej\/suzanne-lebeau\/tres-hermanitas\/","og_site_name":"ASSITEJ Espa\u00f1a","article_publisher":"https:\/\/www.facebook.com\/assitejespana\/","article_modified_time":"2025-05-05T14:02:00+00:00","og_image":[{"width":1099,"height":1600,"url":"https:\/\/assitej.culturaescenica.es\/wp-content\/uploads\/portada_001-3-jpg.webp","type":"image\/jpeg"}],"twitter_card":"summary_large_image","twitter_site":"@AssitejEspana","twitter_misc":{"Tempo de lectura":"1 minuto"},"schema":{"@context":"https:\/\/schema.org","@graph":[{"@type":"WebPage","@id":"https:\/\/assitej.culturaescenica.es\/eu\/editorial-assitej\/suzanne-lebeau\/tres-hermanitas\/","url":"https:\/\/assitej.culturaescenica.es\/eu\/editorial-assitej\/suzanne-lebeau\/tres-hermanitas\/","name":"Tres irm\u00e1s pequenas, de Suzanne Lebeau | ASSITEJ Espa\u00f1a","isPartOf":{"@id":"https:\/\/assitej.culturaescenica.es\/gl\/#website"},"primaryImageOfPage":{"@id":"https:\/\/assitej.culturaescenica.es\/eu\/editorial-assitej\/suzanne-lebeau\/tres-hermanitas\/#primaryimage"},"image":{"@id":"https:\/\/assitej.culturaescenica.es\/eu\/editorial-assitej\/suzanne-lebeau\/tres-hermanitas\/#primaryimage"},"thumbnailUrl":"https:\/\/assitej.culturaescenica.es\/wp-content\/uploads\/portada_001-3-jpg.webp","datePublished":"2018-11-23T09:05:23+00:00","dateModified":"2025-05-05T14:02:00+00:00","description":"Tres irm\u00e1s pequenas, de Suzanne Lebeau. Hai palabras que nos resultan dif\u00edciles de pronunciar. A palabra cancro \u00e9 unha delas. E faise insoportable cando a palabra, a enfermidade, sofren as nenas e os nenos.","breadcrumb":{"@id":"https:\/\/assitej.culturaescenica.es\/eu\/editorial-assitej\/suzanne-lebeau\/tres-hermanitas\/#breadcrumb"},"inLanguage":"gl-ES","potentialAction":[{"@type":"ReadAction","target":["https:\/\/assitej.culturaescenica.es\/eu\/editorial-assitej\/suzanne-lebeau\/tres-hermanitas\/"]}]},{"@type":"ImageObject","inLanguage":"gl-ES","@id":"https:\/\/assitej.culturaescenica.es\/eu\/editorial-assitej\/suzanne-lebeau\/tres-hermanitas\/#primaryimage","url":"https:\/\/assitej.culturaescenica.es\/wp-content\/uploads\/portada_001-3-jpg.webp","contentUrl":"https:\/\/assitej.culturaescenica.es\/wp-content\/uploads\/portada_001-3-jpg.webp","width":1099,"height":1600},{"@type":"BreadcrumbList","@id":"https:\/\/assitej.culturaescenica.es\/eu\/editorial-assitej\/suzanne-lebeau\/tres-hermanitas\/#breadcrumb","itemListElement":[{"@type":"ListItem","position":1,"name":"Portada","item":"https:\/\/assitej.culturaescenica.es\/gl\/"},{"@type":"ListItem","position":2,"name":"Editorial Assitej","item":"https:\/\/assitej.culturaescenica.es\/es_es\/editorial-assitej\/"},{"@type":"ListItem","position":3,"name":"Tres Hermanitas"}]},{"@type":"WebSite","@id":"https:\/\/assitej.culturaescenica.es\/gl\/#website","url":"https:\/\/assitej.culturaescenica.es\/gl\/","name":"ASSITEJ Espa\u00f1a","description":"ARTE PERFORMANTES PARA NENOS E XUVENTUDE","publisher":{"@id":"https:\/\/assitej.culturaescenica.es\/gl\/#organization"},"potentialAction":[{"@type":"SearchAction","target":{"@type":"EntryPoint","urlTemplate":"https:\/\/assitej.culturaescenica.es\/gl\/?s={search_term_string}"},"query-input":{"@type":"PropertyValueSpecification","valueRequired":true,"valueName":"search_term_string"}}],"inLanguage":"gl-ES"},{"@type":"Organization","@id":"https:\/\/assitej.culturaescenica.es\/gl\/#organization","name":"ASSITEJ Espa\u00f1a","url":"https:\/\/assitej.culturaescenica.es\/gl\/","logo":{"@type":"ImageObject","inLanguage":"gl-ES","@id":"https:\/\/assitej.culturaescenica.es\/gl\/#\/schema\/logo\/image\/","url":"https:\/\/assitej.es\/wp-content\/uploads\/Logo_ASSITEJ_Espana.RGB_2-1.png","contentUrl":"https:\/\/assitej.es\/wp-content\/uploads\/Logo_ASSITEJ_Espana.RGB_2-1.png","width":4934,"height":2287,"caption":"ASSITEJ Espa\u00f1a"},"image":{"@id":"https:\/\/assitej.culturaescenica.es\/gl\/#\/schema\/logo\/image\/"},"sameAs":["https:\/\/www.facebook.com\/assitejespana\/","https:\/\/x.com\/AssitejEspana","https:\/\/www.youtube.com\/channel\/UCv-2SDBzEmyORL5tPvsYgMw"]}]}},"_links":{"self":[{"href":"https:\/\/assitej.culturaescenica.es\/gl\/wp-json\/wp\/v2\/product\/6583","targetHints":{"allow":["GET"]}}],"collection":[{"href":"https:\/\/assitej.culturaescenica.es\/gl\/wp-json\/wp\/v2\/product"}],"about":[{"href":"https:\/\/assitej.culturaescenica.es\/gl\/wp-json\/wp\/v2\/types\/product"}],"wp:featuredmedia":[{"embeddable":true,"href":"https:\/\/assitej.culturaescenica.es\/gl\/wp-json\/wp\/v2\/media\/24352"}],"wp:attachment":[{"href":"https:\/\/assitej.culturaescenica.es\/gl\/wp-json\/wp\/v2\/media?parent=6583"}],"wp:term":[{"taxonomy":"product_brand","embeddable":true,"href":"https:\/\/assitej.culturaescenica.es\/gl\/wp-json\/wp\/v2\/product_brand?post=6583"},{"taxonomy":"product_cat","embeddable":true,"href":"https:\/\/assitej.culturaescenica.es\/gl\/wp-json\/wp\/v2\/product_cat?post=6583"},{"taxonomy":"product_tag","embeddable":true,"href":"https:\/\/assitej.culturaescenica.es\/gl\/wp-json\/wp\/v2\/product_tag?post=6583"}],"curies":[{"name":"wp","href":"https:\/\/api.w.org\/{rel}","templated":true}]}}