{"id":4967,"date":"2015-07-12T15:49:29","date_gmt":"2015-07-12T14:49:29","guid":{"rendered":"https:\/\/www.assitej.net\/?post_type=product&#038;p=4967"},"modified":"2025-05-05T16:02:00","modified_gmt":"2025-05-05T14:02:00","slug":"pim-pam-clown","status":"publish","type":"product","link":"https:\/\/assitej.culturaescenica.es\/gl\/editorial-assitej\/tomas-afan-munoz\/pim-pam-clown\/","title":{"rendered":"Pim pam pallaso"},"content":{"rendered":"<h2>PIM, PAM, CLOWN, de Tom\u00e1s Af\u00e1n Mu\u00f1oz<\/h2>\n<p>Tr\u00e1tase dun texto para o p\u00fablico xuvenil, no que se desenvolven as principais caracter\u00edsticas do pallaso: inxenuidade, presunci\u00f3n, curiosidade, asombro... A partir destes personaxes t\u00f3mase unha trama arredor da guerra, que sempre se adereza con humor e certo surrealismo, facendo fincap\u00e9 nas tremendas doses de esperpento que sempre hai detr\u00e1s de calquera enfrontamento armado.<\/p>\n<p><strong>Tom\u00e1s Afan Mu\u00f1oz<\/strong>Son andaluz de Xa\u00e9n, con quince anos de experiencia profesional no teatro, e no meu traballo como dramaturgo alterno obras para nenos e mozos con obras para adultos. Te\u00f1o vinte e tantos textos estreados, moitos deles de Teatro La Paca, (compa\u00f1\u00eda que codirixo con Mari Carmen G\u00e1mez), o \u00faltimo dos cales\u00a0<em>Historias de terr\u00edcolas<\/em>, unha coproduci\u00f3n vasco-andaluza dirixida por Carlos Zabala e Fernando Bernu\u00e9s. Ga\u00f1ei varios premios pola mi\u00f1a dramaturgia: o Premio Santa Cruz de la Palma, catro edici\u00f3ns do Premio Rafael Guerrero, d\u00faas edici\u00f3ns do Premio Serantes de Santurtzi, o Premio Bail\u00e9n, o Premio Martin Recuerda... E alg\u00fans dos meus textos publicados son:\u00a0<em>Historias coti\u00e1s<\/em>,\u00a0<em>Pequenos teatros de versos<\/em>,\u00a0<em>Todas as estatuas est\u00e1n finxindo<\/em>,\u00a0<em>\u00c9 un visionario<\/em>,\u00a0<em>Parellas, esencia de la Patria (un relato espa\u00f1ol)<\/em>,\u00a0<em>O Enigma do Doutor Mabuso<\/em>&#8230;<\/p>","protected":false},"excerpt":{"rendered":"<p>Tr\u00e1tase dun texto para o p\u00fablico xuvenil, no que se desenvolven as principais caracter\u00edsticas do pallaso: inxenuidade, presunci\u00f3n, curiosidade, asombro... A partir destes personaxes t\u00f3mase unha trama arredor da guerra, que sempre se adereza con humor e certo surrealismo, facendo fincap\u00e9 nas tremendas doses de esperpento que sempre hai detr\u00e1s de calquera enfrontamento armado.<strong>Tom\u00e1s Afan Mu\u00f1oz<\/strong>Son andaluz de Xa\u00e9n, con quince anos de experiencia profesional no teatro, e no meu traballo como dramaturgo alterno obras para nenos e mozos con obras para adultos. Te\u00f1o vinte e tantos textos estreados, moitos deles de Teatro La Paca, (compa\u00f1\u00eda que codirixo con Mari Carmen G\u00e1mez), o \u00faltimo dos cales\u00a0<em>Historias de terr\u00edcolas<\/em>, unha coproduci\u00f3n vasco-andaluza dirixida por Carlos Zabala e Fernando Bernu\u00e9s. Ga\u00f1ei varios premios pola mi\u00f1a dramaturgia: o Premio Santa Cruz de la Palma, catro edici\u00f3ns do Premio Rafael Guerrero, d\u00faas edici\u00f3ns do Premio Serantes de Santurtzi, o Premio Bail\u00e9n, o Premio Martin Recuerda... E alg\u00fans dos meus textos publicados son:\u00a0<em>Historias coti\u00e1s<\/em>,\u00a0<em>Pequenos teatros de versos<\/em>,\u00a0<em>Todas as estatuas est\u00e1n finxindo<\/em>,\u00a0<em>\u00c9 un visionario<\/em>,\u00a0<em>Parellas, esencia de la Patria (un relato espa\u00f1ol)<\/em>,\u00a0<em>O Enigma do Doutor Mabuso<\/em>&#8230;<\/p>","protected":false},"featured_media":24350,"template":"","meta":{"_acf_changed":false,"_links_to":"","_links_to_target":""},"product_brand":[],"product_cat":[85],"product_tag":[67],"class_list":{"0":"post-4967","1":"product","2":"type-product","3":"status-publish","4":"has-post-thumbnail","6":"product_cat-tomas-afan-munoz","7":"product_tag-coleccion-teatro","8":"infinite-scroll-item","9":"","10":"woocommerce-text-align-left","11":"woocommerce-image-align-center","12":"do-quantity-buttons","14":"first","15":"outofstock","16":"featured","17":"taxable","18":"shipping-taxable","19":"purchasable","20":"product-type-simple"},"acf":[],"yoast_head":"<!-- This site is optimized with the Yoast SEO plugin v27.1.1 - https:\/\/yoast.com\/product\/yoast-seo-wordpress\/ -->\n<title>Pim, Pam, Clown, de Tomas Af\u00e1n | ASSITEJ Espa\u00f1a<\/title>\n<meta name=\"description\" content=\"Un texto para p\u00fablico joven, que desarrolla las principales caracter\u00edsticas del clown: la ingenuidad, la fanfarroner\u00eda, la curiosidad, el asombro...\" \/>\n<meta name=\"robots\" content=\"index, follow, max-snippet:-1, max-image-preview:large, max-video-preview:-1\" \/>\n<link rel=\"canonical\" href=\"https:\/\/assitej.culturaescenica.es\/gl\/editorial-assitej\/tomas-afan-munoz\/pim-pam-clown\/\" \/>\n<meta property=\"og:locale\" content=\"gl_ES\" \/>\n<meta property=\"og:type\" content=\"article\" \/>\n<meta property=\"og:title\" content=\"Pim, Pam, Clown, de Tomas Af\u00e1n | ASSITEJ Espa\u00f1a\" \/>\n<meta property=\"og:description\" content=\"Un texto para p\u00fablico joven, que desarrolla las principales caracter\u00edsticas del clown: la ingenuidad, la fanfarroner\u00eda, la curiosidad, el asombro...\" \/>\n<meta property=\"og:url\" content=\"https:\/\/assitej.culturaescenica.es\/gl\/editorial-assitej\/tomas-afan-munoz\/pim-pam-clown\/\" \/>\n<meta property=\"og:site_name\" content=\"ASSITEJ Espa\u00f1a\" \/>\n<meta property=\"article:publisher\" content=\"https:\/\/www.facebook.com\/assitejespana\/\" \/>\n<meta property=\"article:modified_time\" content=\"2025-05-05T14:02:00+00:00\" \/>\n<meta property=\"og:image\" content=\"https:\/\/assitej.culturaescenica.es\/wp-content\/uploads\/PimPamClown-1-jpg.webp\" \/>\n\t<meta property=\"og:image:width\" content=\"485\" \/>\n\t<meta property=\"og:image:height\" content=\"700\" \/>\n\t<meta property=\"og:image:type\" content=\"image\/jpeg\" \/>\n<meta name=\"twitter:card\" content=\"summary_large_image\" \/>\n<meta name=\"twitter:site\" content=\"@AssitejEspana\" \/>\n<meta name=\"twitter:label1\" content=\"Tempo de lectura\" \/>\n\t<meta name=\"twitter:data1\" content=\"1 minuto\" \/>\n<script type=\"application\/ld+json\" class=\"yoast-schema-graph\">{\"@context\":\"https:\/\/schema.org\",\"@graph\":[{\"@type\":\"WebPage\",\"@id\":\"https:\/\/assitej.culturaescenica.es\/editorial-assitej\/tomas-afan-munoz\/pim-pam-clown\/\",\"url\":\"https:\/\/assitej.culturaescenica.es\/editorial-assitej\/tomas-afan-munoz\/pim-pam-clown\/\",\"name\":\"Pim, Pam, Clown, de Tomas Af\u00e1n | ASSITEJ Espa\u00f1a\",\"isPartOf\":{\"@id\":\"https:\/\/assitej.culturaescenica.es\/gl\/#website\"},\"primaryImageOfPage\":{\"@id\":\"https:\/\/assitej.culturaescenica.es\/editorial-assitej\/tomas-afan-munoz\/pim-pam-clown\/#primaryimage\"},\"image\":{\"@id\":\"https:\/\/assitej.culturaescenica.es\/editorial-assitej\/tomas-afan-munoz\/pim-pam-clown\/#primaryimage\"},\"thumbnailUrl\":\"https:\/\/assitej.culturaescenica.es\/wp-content\/uploads\/PimPamClown-1-jpg.webp\",\"datePublished\":\"2015-07-12T14:49:29+00:00\",\"dateModified\":\"2025-05-05T14:02:00+00:00\",\"description\":\"Un texto para p\u00fablico joven, que desarrolla las principales caracter\u00edsticas del clown: la ingenuidad, la fanfarroner\u00eda, la curiosidad, el asombro...\",\"breadcrumb\":{\"@id\":\"https:\/\/assitej.culturaescenica.es\/editorial-assitej\/tomas-afan-munoz\/pim-pam-clown\/#breadcrumb\"},\"inLanguage\":\"gl-ES\",\"potentialAction\":[{\"@type\":\"ReadAction\",\"target\":[\"https:\/\/assitej.culturaescenica.es\/editorial-assitej\/tomas-afan-munoz\/pim-pam-clown\/\"]}]},{\"@type\":\"ImageObject\",\"inLanguage\":\"gl-ES\",\"@id\":\"https:\/\/assitej.culturaescenica.es\/editorial-assitej\/tomas-afan-munoz\/pim-pam-clown\/#primaryimage\",\"url\":\"https:\/\/assitej.culturaescenica.es\/wp-content\/uploads\/PimPamClown-1-jpg.webp\",\"contentUrl\":\"https:\/\/assitej.culturaescenica.es\/wp-content\/uploads\/PimPamClown-1-jpg.webp\",\"width\":485,\"height\":700},{\"@type\":\"BreadcrumbList\",\"@id\":\"https:\/\/assitej.culturaescenica.es\/editorial-assitej\/tomas-afan-munoz\/pim-pam-clown\/#breadcrumb\",\"itemListElement\":[{\"@type\":\"ListItem\",\"position\":1,\"name\":\"Portada\",\"item\":\"https:\/\/assitej.culturaescenica.es\/gl\/\"},{\"@type\":\"ListItem\",\"position\":2,\"name\":\"Editorial Assitej\",\"item\":\"https:\/\/assitej.culturaescenica.es\/es_es\/editorial-assitej\/\"},{\"@type\":\"ListItem\",\"position\":3,\"name\":\"Pim pam clown\"}]},{\"@type\":\"WebSite\",\"@id\":\"https:\/\/assitej.culturaescenica.es\/gl\/#website\",\"url\":\"https:\/\/assitej.culturaescenica.es\/gl\/\",\"name\":\"ASSITEJ Espa\u00f1a\",\"description\":\"ARTES ESC\u00c9NICAS PARA LA INFANCIA Y LA JUVENTUD\",\"publisher\":{\"@id\":\"https:\/\/assitej.culturaescenica.es\/gl\/#organization\"},\"potentialAction\":[{\"@type\":\"SearchAction\",\"target\":{\"@type\":\"EntryPoint\",\"urlTemplate\":\"https:\/\/assitej.culturaescenica.es\/gl\/?s={search_term_string}\"},\"query-input\":{\"@type\":\"PropertyValueSpecification\",\"valueRequired\":true,\"valueName\":\"search_term_string\"}}],\"inLanguage\":\"gl-ES\"},{\"@type\":\"Organization\",\"@id\":\"https:\/\/assitej.culturaescenica.es\/gl\/#organization\",\"name\":\"ASSITEJ Espa\u00f1a\",\"url\":\"https:\/\/assitej.culturaescenica.es\/gl\/\",\"logo\":{\"@type\":\"ImageObject\",\"inLanguage\":\"gl-ES\",\"@id\":\"https:\/\/assitej.culturaescenica.es\/gl\/#\/schema\/logo\/image\/\",\"url\":\"https:\/\/assitej.es\/wp-content\/uploads\/Logo_ASSITEJ_Espana.RGB_2-1.png\",\"contentUrl\":\"https:\/\/assitej.es\/wp-content\/uploads\/Logo_ASSITEJ_Espana.RGB_2-1.png\",\"width\":4934,\"height\":2287,\"caption\":\"ASSITEJ Espa\u00f1a\"},\"image\":{\"@id\":\"https:\/\/assitej.culturaescenica.es\/gl\/#\/schema\/logo\/image\/\"},\"sameAs\":[\"https:\/\/www.facebook.com\/assitejespana\/\",\"https:\/\/x.com\/AssitejEspana\",\"https:\/\/www.youtube.com\/channel\/UCv-2SDBzEmyORL5tPvsYgMw\"]}]}<\/script>\n<!-- \/ Yoast SEO plugin. -->","yoast_head_json":{"title":"Pim, Pam, Pallaso, de Tomas Af\u00e1n | ASSITEJ Espa\u00f1a","description":"Un texto para p\u00fablico xuvenil, no que se desenvolven as principais caracter\u00edsticas do pallaso: inxenuidade, presunci\u00f3n, curiosidade, asombro...","robots":{"index":"index","follow":"follow","max-snippet":"max-snippet:-1","max-image-preview":"max-image-preview:large","max-video-preview":"max-video-preview:-1"},"canonical":"https:\/\/assitej.culturaescenica.es\/gl\/editorial-assitej\/tomas-afan-munoz\/pim-pam-clown\/","og_locale":"gl_ES","og_type":"article","og_title":"Pim, Pam, Clown, de Tomas Af\u00e1n | ASSITEJ Espa\u00f1a","og_description":"Un texto para p\u00fablico joven, que desarrolla las principales caracter\u00edsticas del clown: la ingenuidad, la fanfarroner\u00eda, la curiosidad, el asombro...","og_url":"https:\/\/assitej.culturaescenica.es\/gl\/editorial-assitej\/tomas-afan-munoz\/pim-pam-clown\/","og_site_name":"ASSITEJ Espa\u00f1a","article_publisher":"https:\/\/www.facebook.com\/assitejespana\/","article_modified_time":"2025-05-05T14:02:00+00:00","og_image":[{"width":485,"height":700,"url":"https:\/\/assitej.culturaescenica.es\/wp-content\/uploads\/PimPamClown-1-jpg.webp","type":"image\/jpeg"}],"twitter_card":"summary_large_image","twitter_site":"@AssitejEspana","twitter_misc":{"Tempo de lectura":"1 minuto"},"schema":{"@context":"https:\/\/schema.org","@graph":[{"@type":"WebPage","@id":"https:\/\/assitej.culturaescenica.es\/editorial-assitej\/tomas-afan-munoz\/pim-pam-clown\/","url":"https:\/\/assitej.culturaescenica.es\/editorial-assitej\/tomas-afan-munoz\/pim-pam-clown\/","name":"Pim, Pam, Pallaso, de Tomas Af\u00e1n | ASSITEJ Espa\u00f1a","isPartOf":{"@id":"https:\/\/assitej.culturaescenica.es\/gl\/#website"},"primaryImageOfPage":{"@id":"https:\/\/assitej.culturaescenica.es\/editorial-assitej\/tomas-afan-munoz\/pim-pam-clown\/#primaryimage"},"image":{"@id":"https:\/\/assitej.culturaescenica.es\/editorial-assitej\/tomas-afan-munoz\/pim-pam-clown\/#primaryimage"},"thumbnailUrl":"https:\/\/assitej.culturaescenica.es\/wp-content\/uploads\/PimPamClown-1-jpg.webp","datePublished":"2015-07-12T14:49:29+00:00","dateModified":"2025-05-05T14:02:00+00:00","description":"Un texto para p\u00fablico xuvenil, no que se desenvolven as principais caracter\u00edsticas do pallaso: inxenuidade, presunci\u00f3n, curiosidade, asombro...","breadcrumb":{"@id":"https:\/\/assitej.culturaescenica.es\/editorial-assitej\/tomas-afan-munoz\/pim-pam-clown\/#breadcrumb"},"inLanguage":"gl-ES","potentialAction":[{"@type":"ReadAction","target":["https:\/\/assitej.culturaescenica.es\/editorial-assitej\/tomas-afan-munoz\/pim-pam-clown\/"]}]},{"@type":"ImageObject","inLanguage":"gl-ES","@id":"https:\/\/assitej.culturaescenica.es\/editorial-assitej\/tomas-afan-munoz\/pim-pam-clown\/#primaryimage","url":"https:\/\/assitej.culturaescenica.es\/wp-content\/uploads\/PimPamClown-1-jpg.webp","contentUrl":"https:\/\/assitej.culturaescenica.es\/wp-content\/uploads\/PimPamClown-1-jpg.webp","width":485,"height":700},{"@type":"BreadcrumbList","@id":"https:\/\/assitej.culturaescenica.es\/editorial-assitej\/tomas-afan-munoz\/pim-pam-clown\/#breadcrumb","itemListElement":[{"@type":"ListItem","position":1,"name":"Portada","item":"https:\/\/assitej.culturaescenica.es\/gl\/"},{"@type":"ListItem","position":2,"name":"Editorial Assitej","item":"https:\/\/assitej.culturaescenica.es\/es_es\/editorial-assitej\/"},{"@type":"ListItem","position":3,"name":"Pim pam clown"}]},{"@type":"WebSite","@id":"https:\/\/assitej.culturaescenica.es\/gl\/#website","url":"https:\/\/assitej.culturaescenica.es\/gl\/","name":"ASSITEJ Espa\u00f1a","description":"ARTE PERFORMANTES PARA NENOS E XUVENTUDE","publisher":{"@id":"https:\/\/assitej.culturaescenica.es\/gl\/#organization"},"potentialAction":[{"@type":"SearchAction","target":{"@type":"EntryPoint","urlTemplate":"https:\/\/assitej.culturaescenica.es\/gl\/?s={search_term_string}"},"query-input":{"@type":"PropertyValueSpecification","valueRequired":true,"valueName":"search_term_string"}}],"inLanguage":"gl-ES"},{"@type":"Organization","@id":"https:\/\/assitej.culturaescenica.es\/gl\/#organization","name":"ASSITEJ Espa\u00f1a","url":"https:\/\/assitej.culturaescenica.es\/gl\/","logo":{"@type":"ImageObject","inLanguage":"gl-ES","@id":"https:\/\/assitej.culturaescenica.es\/gl\/#\/schema\/logo\/image\/","url":"https:\/\/assitej.es\/wp-content\/uploads\/Logo_ASSITEJ_Espana.RGB_2-1.png","contentUrl":"https:\/\/assitej.es\/wp-content\/uploads\/Logo_ASSITEJ_Espana.RGB_2-1.png","width":4934,"height":2287,"caption":"ASSITEJ Espa\u00f1a"},"image":{"@id":"https:\/\/assitej.culturaescenica.es\/gl\/#\/schema\/logo\/image\/"},"sameAs":["https:\/\/www.facebook.com\/assitejespana\/","https:\/\/x.com\/AssitejEspana","https:\/\/www.youtube.com\/channel\/UCv-2SDBzEmyORL5tPvsYgMw"]}]}},"_links":{"self":[{"href":"https:\/\/assitej.culturaescenica.es\/gl\/wp-json\/wp\/v2\/product\/4967","targetHints":{"allow":["GET"]}}],"collection":[{"href":"https:\/\/assitej.culturaescenica.es\/gl\/wp-json\/wp\/v2\/product"}],"about":[{"href":"https:\/\/assitej.culturaescenica.es\/gl\/wp-json\/wp\/v2\/types\/product"}],"wp:featuredmedia":[{"embeddable":true,"href":"https:\/\/assitej.culturaescenica.es\/gl\/wp-json\/wp\/v2\/media\/24350"}],"wp:attachment":[{"href":"https:\/\/assitej.culturaescenica.es\/gl\/wp-json\/wp\/v2\/media?parent=4967"}],"wp:term":[{"taxonomy":"product_brand","embeddable":true,"href":"https:\/\/assitej.culturaescenica.es\/gl\/wp-json\/wp\/v2\/product_brand?post=4967"},{"taxonomy":"product_cat","embeddable":true,"href":"https:\/\/assitej.culturaescenica.es\/gl\/wp-json\/wp\/v2\/product_cat?post=4967"},{"taxonomy":"product_tag","embeddable":true,"href":"https:\/\/assitej.culturaescenica.es\/gl\/wp-json\/wp\/v2\/product_tag?post=4967"}],"curies":[{"name":"wp","href":"https:\/\/api.w.org\/{rel}","templated":true}]}}