{"id":4900,"date":"2017-03-07T06:48:53","date_gmt":"2017-03-07T05:48:53","guid":{"rendered":"https:\/\/www.assitej.net\/?post_type=product&#038;p=4900"},"modified":"2025-05-18T19:06:55","modified_gmt":"2025-05-18T17:06:55","slug":"boletin-iberoamericano-de-teatro-09","status":"publish","type":"product","link":"https:\/\/assitej.culturaescenica.es\/gl\/editorial-assitej\/sin-categoria\/boletin-iberoamericano-de-teatro-09\/","title":{"rendered":"Bolet\u00edn Iberoamericano de Teatro 09"},"content":{"rendered":"<h2>I Foro Internacional de Investigadores e Cr\u00edticos de Teatro Infantil e Xuvenil<\/h2>\n<p><span id=\"bol9\" class=\"nr\">Bolet\u00edn Iberoamericano de Teatro 9<\/span><br \/>\n\u2022 Una nueva publicaci\u00f3n (Editorial)<br \/>\n\u2022 Nota del Editor<br \/>\n\u2022 I Foro Internacional de Investigadores y Cr\u00edticos de Teatro para Ni\u00f1os y J\u00f3venes<br \/>\n\u2022 Introducci\u00f3n.<br \/>\n\u2022 Programa general.<br \/>\n\u2022 Ponencias en espa\u00f1ol.<\/p>\n<ul>\n<li>Introducci\u00f3n. Nicol\u00e1s Morcillo<\/li>\n<li>El premio de Investigaci\u00f3n \u201cJuan Cervera\u201d. Nicol\u00e1s Morcillo<\/li>\n<li>Tab\u00faes en Teatro para ni\u00f1os y j\u00f3venes: Una introducci\u00f3n. Manon van de Water<\/li>\n<li>Los temas tab\u00fa en el teatro para ni\u00f1os y j\u00f3venes. Jorge Dubatti y Nora L\u00eda Sormani<\/li>\n<li>Infancia, Tab\u00fa y Lenguaje (Po\u00e9tico). Guillermo A. Dillon<\/li>\n<li>El ogro del silencio en Malas Palabras. Un an\u00e1lisis de la obra de Perla Szuchmacher. Carla Rodr\u00edguez<\/li>\n<li>El tab\u00fa del ni\u00f1o ciudadano en Belgrano hace bandera y le sale de primera de Adela Basch. Melania Torres Williams<\/li>\n<li>Temas Tab\u00fa en el teatro para ni\u00f1os: Entre la teor\u00eda y la pr\u00e1ctica. Evelyn Goldfinger<\/li>\n<li>Interfiriendo con la inocencia. Claudia Chidiac<\/li>\n<li>De la alfombra m\u00e1gica al fregadero. David Broster<\/li>\n<li>\u00bfSon los adultos la raz\u00f3n por la cu\u00e1l los tab\u00faes se sostienen en el teatro para ni\u00f1os y j\u00f3venes?. Katrine Karlsen<\/li>\n<li>Los libertarios y su posici\u00f3n frente al teatro para ni\u00f1os. Ante la ruptura de los tab\u00faes. Carlos Fos<\/li>\n<li>La profunda huella de los tab\u00faes. Araceli Guerrero<\/li>\n<li>Ser cuadrado en un mundo redondo, redondo. Silvina Patrignoni<\/li>\n<li>Ready for life: Programaci\u00f3n de teatro para ni\u00f1os de dos a cinco a\u00f1os. Amy Susman-Stilman, Shanon Rader y Maria Asp<\/li>\n<li>El tab\u00fa de la tristeza. \u00bfPor qu\u00e9 nos asusta que los ni\u00f1os se asusten?. Finegan Kruckemeyer<\/li>\n<li>Inmigraci\u00f3n ilegal \u00bfEn escena\u2026y para ni\u00f1os?. Manuel A. Mor\u00e1n Mart\u00ednez<\/li>\n<li>El teatro para ni\u00f1os avanza hacia la realidad cotidiana. Mar\u00eda de los \u00c1ngeles Sanz<\/li>\n<li>Los temas tab\u00fa en el teatro para ni\u00f1os de comienzos del siglo XX. Susana Llah\u00ed<\/li>\n<li>Recuperar la palabra. El teatro para adolescentes como una forma de construcci\u00f3n de identidad. Alejandra Varela<\/li>\n<li>Conclusiones. Manon van de Water<\/li>\n<\/ul>\n<p>\u2022 Papers in English<\/p>\n<p><a class=\"brnVerFicha\" href=\"http:\/\/assitej.culturaescenica.es\/wp-content\/uploads\/2012\/02\/bol_ibero_9.pdf\" target=\"_blank\" rel=\"noopener noreferrer\">Descargar Bolet\u00edn Iberoamericano de Teatro 9<\/a><\/p>","protected":false},"excerpt":{"rendered":"<h2>I Foro Internacional de Investigadores e Cr\u00edticos de Teatro Infantil e Xuvenil<\/h2>\n<p><a href=\"https:\/\/investigacion.assitej.es\/wp-content\/uploads\/2017\/05\/Bolet%C3%ADn%20Iberoamericano%20de%20Teatro%209.pdf\" target=\"_blank\" rel=\"noopener noreferrer\">DESCARGA<\/a><\/p>","protected":false},"featured_media":24346,"template":"","meta":{"_acf_changed":false,"_links_to":"","_links_to_target":""},"product_brand":[],"product_cat":[2677],"product_tag":[123],"class_list":{"0":"post-4900","1":"product","2":"type-product","3":"status-publish","4":"has-post-thumbnail","6":"product_cat-sin-categoria","7":"product_tag-boletin-iberoamericano","8":"infinite-scroll-item","9":"","10":"woocommerce-text-align-left","11":"woocommerce-image-align-center","12":"do-quantity-buttons","14":"first","15":"outofstock","16":"taxable","17":"shipping-taxable","18":"purchasable","19":"product-type-simple"},"acf":[],"yoast_head":"<!-- This site is optimized with the Yoast SEO plugin v27.1.1 - https:\/\/yoast.com\/product\/yoast-seo-wordpress\/ -->\n<title>Bolet\u00edn Iberoamericano de Teatro 09 - ASSITEJ Espa\u00f1a<\/title>\n<meta name=\"robots\" content=\"index, follow, max-snippet:-1, max-image-preview:large, max-video-preview:-1\" \/>\n<link rel=\"canonical\" href=\"https:\/\/assitej.culturaescenica.es\/gl\/editorial-assitej\/sin-categoria\/boletin-iberoamericano-de-teatro-09\/\" \/>\n<meta property=\"og:locale\" content=\"gl_ES\" \/>\n<meta property=\"og:type\" content=\"article\" \/>\n<meta property=\"og:title\" content=\"Bolet\u00edn Iberoamericano de Teatro 09 - ASSITEJ Espa\u00f1a\" \/>\n<meta property=\"og:description\" content=\"I Foro Internacional de Investigadores y Cr\u00edticos de Teatro para Ni\u00f1os y J\u00f3venes DESCARGAR\" \/>\n<meta property=\"og:url\" content=\"https:\/\/assitej.culturaescenica.es\/gl\/editorial-assitej\/sin-categoria\/boletin-iberoamericano-de-teatro-09\/\" \/>\n<meta property=\"og:site_name\" content=\"ASSITEJ Espa\u00f1a\" \/>\n<meta property=\"article:publisher\" content=\"https:\/\/www.facebook.com\/assitejespana\/\" \/>\n<meta property=\"article:modified_time\" content=\"2025-05-18T17:06:55+00:00\" \/>\n<meta property=\"og:image\" content=\"https:\/\/assitej.culturaescenica.es\/wp-content\/uploads\/bol_ibero_9-1.jpg\" \/>\n\t<meta property=\"og:image:width\" content=\"220\" \/>\n\t<meta property=\"og:image:height\" content=\"322\" \/>\n\t<meta property=\"og:image:type\" content=\"image\/jpeg\" \/>\n<meta name=\"twitter:card\" content=\"summary_large_image\" \/>\n<meta name=\"twitter:site\" content=\"@AssitejEspana\" \/>\n<meta name=\"twitter:label1\" content=\"Tempo de lectura\" \/>\n\t<meta name=\"twitter:data1\" content=\"2 minutos\" \/>\n<script type=\"application\/ld+json\" class=\"yoast-schema-graph\">{\"@context\":\"https:\/\/schema.org\",\"@graph\":[{\"@type\":\"WebPage\",\"@id\":\"https:\/\/assitej.culturaescenica.es\/es_es\/editorial-assitej\/sin-categoria\/boletin-iberoamericano-de-teatro-09\/\",\"url\":\"https:\/\/assitej.culturaescenica.es\/es_es\/editorial-assitej\/sin-categoria\/boletin-iberoamericano-de-teatro-09\/\",\"name\":\"Bolet\u00edn Iberoamericano de Teatro 09 - ASSITEJ Espa\u00f1a\",\"isPartOf\":{\"@id\":\"https:\/\/assitej.culturaescenica.es\/gl\/#website\"},\"primaryImageOfPage\":{\"@id\":\"https:\/\/assitej.culturaescenica.es\/es_es\/editorial-assitej\/sin-categoria\/boletin-iberoamericano-de-teatro-09\/#primaryimage\"},\"image\":{\"@id\":\"https:\/\/assitej.culturaescenica.es\/es_es\/editorial-assitej\/sin-categoria\/boletin-iberoamericano-de-teatro-09\/#primaryimage\"},\"thumbnailUrl\":\"https:\/\/assitej.culturaescenica.es\/wp-content\/uploads\/bol_ibero_9-1.jpg\",\"datePublished\":\"2017-03-07T05:48:53+00:00\",\"dateModified\":\"2025-05-18T17:06:55+00:00\",\"breadcrumb\":{\"@id\":\"https:\/\/assitej.culturaescenica.es\/es_es\/editorial-assitej\/sin-categoria\/boletin-iberoamericano-de-teatro-09\/#breadcrumb\"},\"inLanguage\":\"gl-ES\",\"potentialAction\":[{\"@type\":\"ReadAction\",\"target\":[\"https:\/\/assitej.culturaescenica.es\/es_es\/editorial-assitej\/sin-categoria\/boletin-iberoamericano-de-teatro-09\/\"]}]},{\"@type\":\"ImageObject\",\"inLanguage\":\"gl-ES\",\"@id\":\"https:\/\/assitej.culturaescenica.es\/es_es\/editorial-assitej\/sin-categoria\/boletin-iberoamericano-de-teatro-09\/#primaryimage\",\"url\":\"https:\/\/assitej.culturaescenica.es\/wp-content\/uploads\/bol_ibero_9-1.jpg\",\"contentUrl\":\"https:\/\/assitej.culturaescenica.es\/wp-content\/uploads\/bol_ibero_9-1.jpg\",\"width\":220,\"height\":322},{\"@type\":\"BreadcrumbList\",\"@id\":\"https:\/\/assitej.culturaescenica.es\/es_es\/editorial-assitej\/sin-categoria\/boletin-iberoamericano-de-teatro-09\/#breadcrumb\",\"itemListElement\":[{\"@type\":\"ListItem\",\"position\":1,\"name\":\"Portada\",\"item\":\"https:\/\/assitej.culturaescenica.es\/gl\/\"},{\"@type\":\"ListItem\",\"position\":2,\"name\":\"Editorial Assitej\",\"item\":\"https:\/\/assitej.culturaescenica.es\/es_es\/editorial-assitej\/\"},{\"@type\":\"ListItem\",\"position\":3,\"name\":\"Bolet\u00edn Iberoamericano de Teatro 09\"}]},{\"@type\":\"WebSite\",\"@id\":\"https:\/\/assitej.culturaescenica.es\/gl\/#website\",\"url\":\"https:\/\/assitej.culturaescenica.es\/gl\/\",\"name\":\"ASSITEJ Espa\u00f1a\",\"description\":\"ARTES ESC\u00c9NICAS PARA LA INFANCIA Y LA JUVENTUD\",\"publisher\":{\"@id\":\"https:\/\/assitej.culturaescenica.es\/gl\/#organization\"},\"potentialAction\":[{\"@type\":\"SearchAction\",\"target\":{\"@type\":\"EntryPoint\",\"urlTemplate\":\"https:\/\/assitej.culturaescenica.es\/gl\/?s={search_term_string}\"},\"query-input\":{\"@type\":\"PropertyValueSpecification\",\"valueRequired\":true,\"valueName\":\"search_term_string\"}}],\"inLanguage\":\"gl-ES\"},{\"@type\":\"Organization\",\"@id\":\"https:\/\/assitej.culturaescenica.es\/gl\/#organization\",\"name\":\"ASSITEJ Espa\u00f1a\",\"url\":\"https:\/\/assitej.culturaescenica.es\/gl\/\",\"logo\":{\"@type\":\"ImageObject\",\"inLanguage\":\"gl-ES\",\"@id\":\"https:\/\/assitej.culturaescenica.es\/gl\/#\/schema\/logo\/image\/\",\"url\":\"https:\/\/assitej.es\/wp-content\/uploads\/Logo_ASSITEJ_Espana.RGB_2-1.png\",\"contentUrl\":\"https:\/\/assitej.es\/wp-content\/uploads\/Logo_ASSITEJ_Espana.RGB_2-1.png\",\"width\":4934,\"height\":2287,\"caption\":\"ASSITEJ Espa\u00f1a\"},\"image\":{\"@id\":\"https:\/\/assitej.culturaescenica.es\/gl\/#\/schema\/logo\/image\/\"},\"sameAs\":[\"https:\/\/www.facebook.com\/assitejespana\/\",\"https:\/\/x.com\/AssitejEspana\",\"https:\/\/www.youtube.com\/channel\/UCv-2SDBzEmyORL5tPvsYgMw\"]}]}<\/script>\n<!-- \/ Yoast SEO plugin. -->","yoast_head_json":{"title":"Bolet\u00edn Iberoamericano de Teatro 09 - ASSITEJ Espa\u00f1a","robots":{"index":"index","follow":"follow","max-snippet":"max-snippet:-1","max-image-preview":"max-image-preview:large","max-video-preview":"max-video-preview:-1"},"canonical":"https:\/\/assitej.culturaescenica.es\/gl\/editorial-assitej\/sin-categoria\/boletin-iberoamericano-de-teatro-09\/","og_locale":"gl_ES","og_type":"article","og_title":"Bolet\u00edn Iberoamericano de Teatro 09 - ASSITEJ Espa\u00f1a","og_description":"I Foro Internacional de Investigadores y Cr\u00edticos de Teatro para Ni\u00f1os y J\u00f3venes DESCARGAR","og_url":"https:\/\/assitej.culturaescenica.es\/gl\/editorial-assitej\/sin-categoria\/boletin-iberoamericano-de-teatro-09\/","og_site_name":"ASSITEJ Espa\u00f1a","article_publisher":"https:\/\/www.facebook.com\/assitejespana\/","article_modified_time":"2025-05-18T17:06:55+00:00","og_image":[{"width":220,"height":322,"url":"https:\/\/assitej.culturaescenica.es\/wp-content\/uploads\/bol_ibero_9-1.jpg","type":"image\/jpeg"}],"twitter_card":"summary_large_image","twitter_site":"@AssitejEspana","twitter_misc":{"Tempo de lectura":"2 minutos"},"schema":{"@context":"https:\/\/schema.org","@graph":[{"@type":"WebPage","@id":"https:\/\/assitej.culturaescenica.es\/es_es\/editorial-assitej\/sin-categoria\/boletin-iberoamericano-de-teatro-09\/","url":"https:\/\/assitej.culturaescenica.es\/es_es\/editorial-assitej\/sin-categoria\/boletin-iberoamericano-de-teatro-09\/","name":"Bolet\u00edn Iberoamericano de Teatro 09 - ASSITEJ Espa\u00f1a","isPartOf":{"@id":"https:\/\/assitej.culturaescenica.es\/gl\/#website"},"primaryImageOfPage":{"@id":"https:\/\/assitej.culturaescenica.es\/es_es\/editorial-assitej\/sin-categoria\/boletin-iberoamericano-de-teatro-09\/#primaryimage"},"image":{"@id":"https:\/\/assitej.culturaescenica.es\/es_es\/editorial-assitej\/sin-categoria\/boletin-iberoamericano-de-teatro-09\/#primaryimage"},"thumbnailUrl":"https:\/\/assitej.culturaescenica.es\/wp-content\/uploads\/bol_ibero_9-1.jpg","datePublished":"2017-03-07T05:48:53+00:00","dateModified":"2025-05-18T17:06:55+00:00","breadcrumb":{"@id":"https:\/\/assitej.culturaescenica.es\/es_es\/editorial-assitej\/sin-categoria\/boletin-iberoamericano-de-teatro-09\/#breadcrumb"},"inLanguage":"gl-ES","potentialAction":[{"@type":"ReadAction","target":["https:\/\/assitej.culturaescenica.es\/es_es\/editorial-assitej\/sin-categoria\/boletin-iberoamericano-de-teatro-09\/"]}]},{"@type":"ImageObject","inLanguage":"gl-ES","@id":"https:\/\/assitej.culturaescenica.es\/es_es\/editorial-assitej\/sin-categoria\/boletin-iberoamericano-de-teatro-09\/#primaryimage","url":"https:\/\/assitej.culturaescenica.es\/wp-content\/uploads\/bol_ibero_9-1.jpg","contentUrl":"https:\/\/assitej.culturaescenica.es\/wp-content\/uploads\/bol_ibero_9-1.jpg","width":220,"height":322},{"@type":"BreadcrumbList","@id":"https:\/\/assitej.culturaescenica.es\/es_es\/editorial-assitej\/sin-categoria\/boletin-iberoamericano-de-teatro-09\/#breadcrumb","itemListElement":[{"@type":"ListItem","position":1,"name":"Portada","item":"https:\/\/assitej.culturaescenica.es\/gl\/"},{"@type":"ListItem","position":2,"name":"Editorial Assitej","item":"https:\/\/assitej.culturaescenica.es\/es_es\/editorial-assitej\/"},{"@type":"ListItem","position":3,"name":"Bolet\u00edn Iberoamericano de Teatro 09"}]},{"@type":"WebSite","@id":"https:\/\/assitej.culturaescenica.es\/gl\/#website","url":"https:\/\/assitej.culturaescenica.es\/gl\/","name":"ASSITEJ Espa\u00f1a","description":"ARTE PERFORMANTES PARA NENOS E XUVENTUDE","publisher":{"@id":"https:\/\/assitej.culturaescenica.es\/gl\/#organization"},"potentialAction":[{"@type":"SearchAction","target":{"@type":"EntryPoint","urlTemplate":"https:\/\/assitej.culturaescenica.es\/gl\/?s={search_term_string}"},"query-input":{"@type":"PropertyValueSpecification","valueRequired":true,"valueName":"search_term_string"}}],"inLanguage":"gl-ES"},{"@type":"Organization","@id":"https:\/\/assitej.culturaescenica.es\/gl\/#organization","name":"ASSITEJ Espa\u00f1a","url":"https:\/\/assitej.culturaescenica.es\/gl\/","logo":{"@type":"ImageObject","inLanguage":"gl-ES","@id":"https:\/\/assitej.culturaescenica.es\/gl\/#\/schema\/logo\/image\/","url":"https:\/\/assitej.es\/wp-content\/uploads\/Logo_ASSITEJ_Espana.RGB_2-1.png","contentUrl":"https:\/\/assitej.es\/wp-content\/uploads\/Logo_ASSITEJ_Espana.RGB_2-1.png","width":4934,"height":2287,"caption":"ASSITEJ Espa\u00f1a"},"image":{"@id":"https:\/\/assitej.culturaescenica.es\/gl\/#\/schema\/logo\/image\/"},"sameAs":["https:\/\/www.facebook.com\/assitejespana\/","https:\/\/x.com\/AssitejEspana","https:\/\/www.youtube.com\/channel\/UCv-2SDBzEmyORL5tPvsYgMw"]}]}},"_links":{"self":[{"href":"https:\/\/assitej.culturaescenica.es\/gl\/wp-json\/wp\/v2\/product\/4900","targetHints":{"allow":["GET"]}}],"collection":[{"href":"https:\/\/assitej.culturaescenica.es\/gl\/wp-json\/wp\/v2\/product"}],"about":[{"href":"https:\/\/assitej.culturaescenica.es\/gl\/wp-json\/wp\/v2\/types\/product"}],"wp:featuredmedia":[{"embeddable":true,"href":"https:\/\/assitej.culturaescenica.es\/gl\/wp-json\/wp\/v2\/media\/24346"}],"wp:attachment":[{"href":"https:\/\/assitej.culturaescenica.es\/gl\/wp-json\/wp\/v2\/media?parent=4900"}],"wp:term":[{"taxonomy":"product_brand","embeddable":true,"href":"https:\/\/assitej.culturaescenica.es\/gl\/wp-json\/wp\/v2\/product_brand?post=4900"},{"taxonomy":"product_cat","embeddable":true,"href":"https:\/\/assitej.culturaescenica.es\/gl\/wp-json\/wp\/v2\/product_cat?post=4900"},{"taxonomy":"product_tag","embeddable":true,"href":"https:\/\/assitej.culturaescenica.es\/gl\/wp-json\/wp\/v2\/product_tag?post=4900"}],"curies":[{"name":"wp","href":"https:\/\/api.w.org\/{rel}","templated":true}]}}