{"id":4891,"date":"2017-06-05T12:17:31","date_gmt":"2017-06-05T11:17:31","guid":{"rendered":"https:\/\/www.assitej.net\/?post_type=product&#038;p=4891"},"modified":"2025-05-18T19:06:55","modified_gmt":"2025-05-18T17:06:55","slug":"bit-11_castellano_web1_001-boletin-iberoamericano-de-teatro-11","status":"publish","type":"product","link":"https:\/\/assitej.culturaescenica.es\/gl\/editorial-assitej\/varios-autores-as\/bit-11_castellano_web1_001-boletin-iberoamericano-de-teatro-11\/","title":{"rendered":"Bolet\u00edn Iberoamericano de Teatro 11"},"content":{"rendered":"<p>III FORO INTERNACIONAL DE INVESTIGADORES E CR\u00cdTICAS DO TEATRO PARA INFANTIL E XUVENIL.<\/p>\n<p>Pr\u00f3logo .Lola Lara.<\/p>\n<p>Presentaci\u00f3n. Mar\u00eda In\u00e9s Falconi.<\/p>\n<p>XORNADAS INAUGURAIS<\/p>\n<ul>\n<li>Construci\u00f3ns cient\u00edficas do teatro: Po\u00e9tica, est\u00e9tica, pensamento teatral. Jorge Dubatti.<\/li>\n<\/ul>\n<ul>\n<li>Est\u00e9tica e cultura no teatro infantil e xuvenil. Manon van de Water.<\/li>\n<\/ul>\n<p>PRESENTACI\u00d3NS<\/p>\n<ul>\n<li>Beleza, estimulaci\u00f3n e pracer. Carlos Alejandro Uncal.<\/li>\n<li>O teatro infantil nos primeiros anos do teatro independente. Mar\u00eda Fukelman.<\/li>\n<li>Espazo na trilox\u00eda da cor: unha provocaci\u00f3n est\u00e9tica? Paulo Merisio.<\/li>\n<li>Cambios est\u00e9ticos entre 1973 e 2014 na produci\u00f3n de teatro para nenos e mozos de Bos Aires. Factores econ\u00f3micos, tecnol\u00f3xicos, pol\u00edticos ou sociais que influ\u00edron na s\u00faa concepci\u00f3n est\u00e9tica. Leonor Vila Bromberg.<\/li>\n<li>Teatro Infantil e Xuvenil Brasileiro: A constituci\u00f3n dunha lingua posible no escenario. Lucas de Carvalho Larcher Pinto.<\/li>\n<li>A est\u00e9tica da identidade adolescente. Adri\u00e1n Cabral.<\/li>\n<\/ul>\n<ul>\n<li>Proceso creativo da instalaci\u00f3n-realizaci\u00f3n. O Labirinto do Minotauro. Ricardo Augusto de Oliveira Santos.<\/li>\n<li>Elementos que determinan a est\u00e9tica do teatro infantil en C\u00f3rdoba (Arxentina). Natalia Moya<\/li>\n<li>Cando os mozos suben ao escenario: Por que non para sempre? Getulio Gois<\/li>\n<li>Aproximaci\u00f3ns est\u00e9ticas na formaci\u00f3n de espectadores infant\u00eds e mozos. Ronan Carlos de Freitas Vaz Rodrigues<\/li>\n<li>As posibilidades da danza como experiencia est\u00e9tica no teatro infantil e xuvenil. Sentina Serdar.<\/li>\n<\/ul>\n<p>MESA DE DISCUSI\u00d3N<\/p>\n<ul>\n<li>A est\u00e9tica da \u00e9tica no teatro<\/li>\n<\/ul>\n<p><a class=\"brnVerFicha\" href=\"http:\/\/assitej.culturaescenica.es\/wp-content\/uploads\/2011\/12\/BIT-11_castellano_web1.pdf\" target=\"_blank\" rel=\"noopener noreferrer\">Descargar Bolet\u00edn Iberoamericano de Teatro 11<\/a><\/p>","protected":false},"excerpt":{"rendered":"<p><a class=\"brnVerFicha\" href=\"http:\/\/assitej.culturaescenica.es\/wp-content\/uploads\/2011\/12\/BIT-11_castellano_web1.pdf\" target=\"_blank\" rel=\"noopener noreferrer\">Descargar Bolet\u00edn Iberoamericano de Teatro 11<\/a><\/p>\n<p>III FORO INTERNACIONAL DE INVESTIGADORES E CR\u00cdTICAS DO TEATRO PARA INFANTIL E XUVENIL.<\/p>\n<p>Pr\u00f3logo .Lola Lara.<\/p>\n<p>Presentaci\u00f3n. Mar\u00eda In\u00e9s Falconi.<\/p>\n<p>XORNADAS INAUGURAIS<\/p>\n<ul>\n<li>Construci\u00f3ns cient\u00edficas do teatro: Po\u00e9tica, est\u00e9tica, pensamento teatral. Jorge Dubatti.<\/li>\n<\/ul>\n<ul>\n<li>Est\u00e9tica e cultura no teatro infantil e xuvenil. Manon van de Water.<\/li>\n<\/ul>\n<p>PRESENTACI\u00d3NS<\/p>\n<ul>\n<li>Beleza, estimulaci\u00f3n e pracer. Carlos Alejandro Uncal.<\/li>\n<li>O teatro infantil nos primeiros anos do teatro independente. Mar\u00eda Fukelman.<\/li>\n<li>Espazo na trilox\u00eda da cor: unha provocaci\u00f3n est\u00e9tica? Paulo Merisio.<\/li>\n<li>Cambios est\u00e9ticos entre 1973 e 2014 na produci\u00f3n de teatro para nenos e mozos de Bos Aires. Factores econ\u00f3micos, tecnol\u00f3xicos, pol\u00edticos ou sociais que influ\u00edron na s\u00faa concepci\u00f3n est\u00e9tica. Leonor Vila Bromberg.<\/li>\n<li>Teatro Infantil e Xuvenil Brasileiro: A constituci\u00f3n dunha lingua posible no escenario. Lucas de Carvalho Larcher Pinto.<\/li>\n<li>A est\u00e9tica da identidade adolescente. Adri\u00e1n Cabral.<\/li>\n<\/ul>\n<ul>\n<li>Proceso creativo da instalaci\u00f3n-realizaci\u00f3n. O Labirinto do Minotauro. Ricardo Augusto de Oliveira Santos.<\/li>\n<li>Elementos que determinan a est\u00e9tica do teatro infantil en C\u00f3rdoba (Arxentina). Natalia Moya<\/li>\n<li>Cando os mozos suben ao escenario: Por que non para sempre? Getulio Gois<\/li>\n<li>Aproximaci\u00f3ns est\u00e9ticas na formaci\u00f3n de espectadores infant\u00eds e mozos. Ronan Carlos de Freitas Vaz Rodrigues<\/li>\n<li>As posibilidades da danza como experiencia est\u00e9tica no teatro infantil e xuvenil. Sentina Serdar.<\/li>\n<\/ul>\n<p>MESA DE DISCUSI\u00d3N<\/p>\n<ul>\n<li>A est\u00e9tica da \u00e9tica no teatro<\/li>\n<\/ul>\n<p>&nbsp;<\/p>\n<p>&nbsp;<\/p>","protected":false},"featured_media":25931,"template":"","meta":{"_acf_changed":false,"_links_to":"","_links_to_target":""},"product_brand":[],"product_cat":[2697],"product_tag":[123],"class_list":{"0":"post-4891","1":"product","2":"type-product","3":"status-publish","4":"has-post-thumbnail","6":"product_cat-varios-autores-as","7":"product_tag-boletin-iberoamericano","8":"infinite-scroll-item","9":"","10":"woocommerce-text-align-left","11":"woocommerce-image-align-center","12":"do-quantity-buttons","14":"first","15":"outofstock","16":"taxable","17":"shipping-taxable","18":"purchasable","19":"product-type-simple"},"acf":[],"yoast_head":"<!-- This site is optimized with the Yoast SEO plugin v27.1.1 - https:\/\/yoast.com\/product\/yoast-seo-wordpress\/ -->\n<title>Bolet\u00edn Iberoamericano de Teatro 11 - ASSITEJ Espa\u00f1a<\/title>\n<meta name=\"robots\" content=\"index, follow, max-snippet:-1, max-image-preview:large, max-video-preview:-1\" \/>\n<link rel=\"canonical\" href=\"https:\/\/assitej.culturaescenica.es\/gl\/editorial-assitej\/varios-autores-as\/bit-11_castellano_web1_001-boletin-iberoamericano-de-teatro-11\/\" \/>\n<meta property=\"og:locale\" content=\"gl_ES\" \/>\n<meta property=\"og:type\" content=\"article\" \/>\n<meta property=\"og:title\" content=\"Bolet\u00edn Iberoamericano de Teatro 11 - ASSITEJ Espa\u00f1a\" \/>\n<meta property=\"og:description\" content=\"Descargar Bolet\u00edn Iberoamericano de Teatro 11  III FORO INTERNACIONAL DE INVESTIGADORES Y CR\u00cdTICOS DE TEATRO PARA NI\u00d1OS Y J\u00d3VENES.  Pr\u00f3logo .Lola Lara.  Presentaci\u00f3n. Mar\u00eda In\u00e9s Falconi.  CONFERENCIAS INAUGURALES   Construcciones cient\u00edficas del teatro: Po\u00e9tica, est\u00e9tica, pensamiento teatral. Jorge Dubatti.    Est\u00e9tica y cultura en el teatro para ni\u00f1os y j\u00f3venes. Manon van de Water.  PONENCIAS   Belleza, est\u00edmulo y placer. Carlos Alejandro Uncal.  El teatro para ni\u00f1os en los primeros a\u00f1os de teatro independiente. Mar\u00eda Fukelman.  El espacio en la trilog\u00eda del color: \u00bfuna provocaci\u00f3n est\u00e9tica? Paulo Merisio.  Cambios est\u00e9ticos entre 1973 y 2014 en la producci\u00f3n del teatro para ni\u00f1os y j\u00f3venes en Buenos Aires. Factores econ\u00f3micos, tecnol\u00f3gicos, pol\u00edticos o sociales que influyeron en su concepci\u00f3n est\u00e9tica. Leonor Vila Bromberg.  Teatro infanto-juvenil brasilero: La constituci\u00f3n de un posible lenguaje en escena. Lucas de Carvalho Larcher Pinto.  La est\u00e9tica de la identidad adolescente. Adri\u00e1n Cabral.    Proceso creativo de la instalaci\u00f3n\u2013performance. El laberinto del Minotauro. Ricardo Augusto de Oliveira Santos.  Elementos que determinan la est\u00e9tica del teatro para ni\u00f1os en C\u00f3rdoba (Argentina). Natalia Moya  Cuando los j\u00f3venes suben al escenario: \u00bfPor qu\u00e9 no para siempre? Get\u00falio Gois  Abordajes est\u00e9ticos en la formaci\u00f3n de ni\u00f1os y j\u00f3venes espectadores. Ronan Carlos de Freitas Vaz Rodrigues  Las posibilidades de la danza como una experiencia est\u00e9tica en el teatro para ni\u00f1os y j\u00f3venes. Bilge Serdar.  MESA DE DEBATE   La est\u00e9tica de la \u00e9tica en el teatro  &nbsp;  &nbsp;\" \/>\n<meta property=\"og:url\" content=\"https:\/\/assitej.culturaescenica.es\/gl\/editorial-assitej\/varios-autores-as\/bit-11_castellano_web1_001-boletin-iberoamericano-de-teatro-11\/\" \/>\n<meta property=\"og:site_name\" content=\"ASSITEJ Espa\u00f1a\" \/>\n<meta property=\"article:publisher\" content=\"https:\/\/www.facebook.com\/assitejespana\/\" \/>\n<meta property=\"article:modified_time\" content=\"2025-05-18T17:06:55+00:00\" \/>\n<meta property=\"og:image\" content=\"https:\/\/assitej.culturaescenica.es\/wp-content\/uploads\/BIT-11_castellano_web1_001-1.webp\" \/>\n\t<meta property=\"og:image:width\" content=\"369\" \/>\n\t<meta property=\"og:image:height\" content=\"539\" \/>\n\t<meta property=\"og:image:type\" content=\"image\/jpeg\" \/>\n<meta name=\"twitter:card\" content=\"summary_large_image\" \/>\n<meta name=\"twitter:site\" content=\"@AssitejEspana\" \/>\n<meta name=\"twitter:label1\" content=\"Tempo de lectura\" \/>\n\t<meta name=\"twitter:data1\" content=\"2 minutos\" \/>\n<script type=\"application\/ld+json\" class=\"yoast-schema-graph\">{\"@context\":\"https:\/\/schema.org\",\"@graph\":[{\"@type\":\"WebPage\",\"@id\":\"https:\/\/assitej.culturaescenica.es\/es_es\/editorial-assitej\/varios-autores-as\/bit-11_castellano_web1_001-boletin-iberoamericano-de-teatro-11\/\",\"url\":\"https:\/\/assitej.culturaescenica.es\/es_es\/editorial-assitej\/varios-autores-as\/bit-11_castellano_web1_001-boletin-iberoamericano-de-teatro-11\/\",\"name\":\"Bolet\u00edn Iberoamericano de Teatro 11 - ASSITEJ Espa\u00f1a\",\"isPartOf\":{\"@id\":\"https:\/\/assitej.culturaescenica.es\/gl\/#website\"},\"primaryImageOfPage\":{\"@id\":\"https:\/\/assitej.culturaescenica.es\/es_es\/editorial-assitej\/varios-autores-as\/bit-11_castellano_web1_001-boletin-iberoamericano-de-teatro-11\/#primaryimage\"},\"image\":{\"@id\":\"https:\/\/assitej.culturaescenica.es\/es_es\/editorial-assitej\/varios-autores-as\/bit-11_castellano_web1_001-boletin-iberoamericano-de-teatro-11\/#primaryimage\"},\"thumbnailUrl\":\"https:\/\/assitej.culturaescenica.es\/wp-content\/uploads\/BIT-11_castellano_web1_001-1.webp\",\"datePublished\":\"2017-06-05T11:17:31+00:00\",\"dateModified\":\"2025-05-18T17:06:55+00:00\",\"breadcrumb\":{\"@id\":\"https:\/\/assitej.culturaescenica.es\/es_es\/editorial-assitej\/varios-autores-as\/bit-11_castellano_web1_001-boletin-iberoamericano-de-teatro-11\/#breadcrumb\"},\"inLanguage\":\"gl-ES\",\"potentialAction\":[{\"@type\":\"ReadAction\",\"target\":[\"https:\/\/assitej.culturaescenica.es\/es_es\/editorial-assitej\/varios-autores-as\/bit-11_castellano_web1_001-boletin-iberoamericano-de-teatro-11\/\"]}]},{\"@type\":\"ImageObject\",\"inLanguage\":\"gl-ES\",\"@id\":\"https:\/\/assitej.culturaescenica.es\/es_es\/editorial-assitej\/varios-autores-as\/bit-11_castellano_web1_001-boletin-iberoamericano-de-teatro-11\/#primaryimage\",\"url\":\"https:\/\/assitej.culturaescenica.es\/wp-content\/uploads\/BIT-11_castellano_web1_001-1.webp\",\"contentUrl\":\"https:\/\/assitej.culturaescenica.es\/wp-content\/uploads\/BIT-11_castellano_web1_001-1.webp\",\"width\":369,\"height\":539},{\"@type\":\"BreadcrumbList\",\"@id\":\"https:\/\/assitej.culturaescenica.es\/es_es\/editorial-assitej\/varios-autores-as\/bit-11_castellano_web1_001-boletin-iberoamericano-de-teatro-11\/#breadcrumb\",\"itemListElement\":[{\"@type\":\"ListItem\",\"position\":1,\"name\":\"Portada\",\"item\":\"https:\/\/assitej.culturaescenica.es\/gl\/\"},{\"@type\":\"ListItem\",\"position\":2,\"name\":\"Editorial Assitej\",\"item\":\"https:\/\/assitej.culturaescenica.es\/es_es\/editorial-assitej\/\"},{\"@type\":\"ListItem\",\"position\":3,\"name\":\"Bolet\u00edn Iberoamericano de Teatro 11\"}]},{\"@type\":\"WebSite\",\"@id\":\"https:\/\/assitej.culturaescenica.es\/gl\/#website\",\"url\":\"https:\/\/assitej.culturaescenica.es\/gl\/\",\"name\":\"ASSITEJ Espa\u00f1a\",\"description\":\"ARTES ESC\u00c9NICAS PARA LA INFANCIA Y LA JUVENTUD\",\"publisher\":{\"@id\":\"https:\/\/assitej.culturaescenica.es\/gl\/#organization\"},\"potentialAction\":[{\"@type\":\"SearchAction\",\"target\":{\"@type\":\"EntryPoint\",\"urlTemplate\":\"https:\/\/assitej.culturaescenica.es\/gl\/?s={search_term_string}\"},\"query-input\":{\"@type\":\"PropertyValueSpecification\",\"valueRequired\":true,\"valueName\":\"search_term_string\"}}],\"inLanguage\":\"gl-ES\"},{\"@type\":\"Organization\",\"@id\":\"https:\/\/assitej.culturaescenica.es\/gl\/#organization\",\"name\":\"ASSITEJ Espa\u00f1a\",\"url\":\"https:\/\/assitej.culturaescenica.es\/gl\/\",\"logo\":{\"@type\":\"ImageObject\",\"inLanguage\":\"gl-ES\",\"@id\":\"https:\/\/assitej.culturaescenica.es\/gl\/#\/schema\/logo\/image\/\",\"url\":\"https:\/\/assitej.es\/wp-content\/uploads\/Logo_ASSITEJ_Espana.RGB_2-1.png\",\"contentUrl\":\"https:\/\/assitej.es\/wp-content\/uploads\/Logo_ASSITEJ_Espana.RGB_2-1.png\",\"width\":4934,\"height\":2287,\"caption\":\"ASSITEJ Espa\u00f1a\"},\"image\":{\"@id\":\"https:\/\/assitej.culturaescenica.es\/gl\/#\/schema\/logo\/image\/\"},\"sameAs\":[\"https:\/\/www.facebook.com\/assitejespana\/\",\"https:\/\/x.com\/AssitejEspana\",\"https:\/\/www.youtube.com\/channel\/UCv-2SDBzEmyORL5tPvsYgMw\"]}]}<\/script>\n<!-- \/ Yoast SEO plugin. -->","yoast_head_json":{"title":"Bolet\u00edn Iberoamericano de Teatro 11 - ASSITEJ Espa\u00f1a","robots":{"index":"index","follow":"follow","max-snippet":"max-snippet:-1","max-image-preview":"max-image-preview:large","max-video-preview":"max-video-preview:-1"},"canonical":"https:\/\/assitej.culturaescenica.es\/gl\/editorial-assitej\/varios-autores-as\/bit-11_castellano_web1_001-boletin-iberoamericano-de-teatro-11\/","og_locale":"gl_ES","og_type":"article","og_title":"Bolet\u00edn Iberoamericano de Teatro 11 - ASSITEJ Espa\u00f1a","og_description":"Descargar Bolet\u00edn Iberoamericano de Teatro 11  III FORO INTERNACIONAL DE INVESTIGADORES Y CR\u00cdTICOS DE TEATRO PARA NI\u00d1OS Y J\u00d3VENES.  Pr\u00f3logo .Lola Lara.  Presentaci\u00f3n. Mar\u00eda In\u00e9s Falconi.  CONFERENCIAS INAUGURALES   Construcciones cient\u00edficas del teatro: Po\u00e9tica, est\u00e9tica, pensamiento teatral. Jorge Dubatti.    Est\u00e9tica y cultura en el teatro para ni\u00f1os y j\u00f3venes. Manon van de Water.  PONENCIAS   Belleza, est\u00edmulo y placer. Carlos Alejandro Uncal.  El teatro para ni\u00f1os en los primeros a\u00f1os de teatro independiente. Mar\u00eda Fukelman.  El espacio en la trilog\u00eda del color: \u00bfuna provocaci\u00f3n est\u00e9tica? Paulo Merisio.  Cambios est\u00e9ticos entre 1973 y 2014 en la producci\u00f3n del teatro para ni\u00f1os y j\u00f3venes en Buenos Aires. Factores econ\u00f3micos, tecnol\u00f3gicos, pol\u00edticos o sociales que influyeron en su concepci\u00f3n est\u00e9tica. Leonor Vila Bromberg.  Teatro infanto-juvenil brasilero: La constituci\u00f3n de un posible lenguaje en escena. Lucas de Carvalho Larcher Pinto.  La est\u00e9tica de la identidad adolescente. Adri\u00e1n Cabral.    Proceso creativo de la instalaci\u00f3n\u2013performance. El laberinto del Minotauro. Ricardo Augusto de Oliveira Santos.  Elementos que determinan la est\u00e9tica del teatro para ni\u00f1os en C\u00f3rdoba (Argentina). Natalia Moya  Cuando los j\u00f3venes suben al escenario: \u00bfPor qu\u00e9 no para siempre? Get\u00falio Gois  Abordajes est\u00e9ticos en la formaci\u00f3n de ni\u00f1os y j\u00f3venes espectadores. Ronan Carlos de Freitas Vaz Rodrigues  Las posibilidades de la danza como una experiencia est\u00e9tica en el teatro para ni\u00f1os y j\u00f3venes. Bilge Serdar.  MESA DE DEBATE   La est\u00e9tica de la \u00e9tica en el teatro  &nbsp;  &nbsp;","og_url":"https:\/\/assitej.culturaescenica.es\/gl\/editorial-assitej\/varios-autores-as\/bit-11_castellano_web1_001-boletin-iberoamericano-de-teatro-11\/","og_site_name":"ASSITEJ Espa\u00f1a","article_publisher":"https:\/\/www.facebook.com\/assitejespana\/","article_modified_time":"2025-05-18T17:06:55+00:00","og_image":[{"width":369,"height":539,"url":"https:\/\/assitej.culturaescenica.es\/wp-content\/uploads\/BIT-11_castellano_web1_001-1.webp","type":"image\/jpeg"}],"twitter_card":"summary_large_image","twitter_site":"@AssitejEspana","twitter_misc":{"Tempo de lectura":"2 minutos"},"schema":{"@context":"https:\/\/schema.org","@graph":[{"@type":"WebPage","@id":"https:\/\/assitej.culturaescenica.es\/es_es\/editorial-assitej\/varios-autores-as\/bit-11_castellano_web1_001-boletin-iberoamericano-de-teatro-11\/","url":"https:\/\/assitej.culturaescenica.es\/es_es\/editorial-assitej\/varios-autores-as\/bit-11_castellano_web1_001-boletin-iberoamericano-de-teatro-11\/","name":"Bolet\u00edn Iberoamericano de Teatro 11 - ASSITEJ Espa\u00f1a","isPartOf":{"@id":"https:\/\/assitej.culturaescenica.es\/gl\/#website"},"primaryImageOfPage":{"@id":"https:\/\/assitej.culturaescenica.es\/es_es\/editorial-assitej\/varios-autores-as\/bit-11_castellano_web1_001-boletin-iberoamericano-de-teatro-11\/#primaryimage"},"image":{"@id":"https:\/\/assitej.culturaescenica.es\/es_es\/editorial-assitej\/varios-autores-as\/bit-11_castellano_web1_001-boletin-iberoamericano-de-teatro-11\/#primaryimage"},"thumbnailUrl":"https:\/\/assitej.culturaescenica.es\/wp-content\/uploads\/BIT-11_castellano_web1_001-1.webp","datePublished":"2017-06-05T11:17:31+00:00","dateModified":"2025-05-18T17:06:55+00:00","breadcrumb":{"@id":"https:\/\/assitej.culturaescenica.es\/es_es\/editorial-assitej\/varios-autores-as\/bit-11_castellano_web1_001-boletin-iberoamericano-de-teatro-11\/#breadcrumb"},"inLanguage":"gl-ES","potentialAction":[{"@type":"ReadAction","target":["https:\/\/assitej.culturaescenica.es\/es_es\/editorial-assitej\/varios-autores-as\/bit-11_castellano_web1_001-boletin-iberoamericano-de-teatro-11\/"]}]},{"@type":"ImageObject","inLanguage":"gl-ES","@id":"https:\/\/assitej.culturaescenica.es\/es_es\/editorial-assitej\/varios-autores-as\/bit-11_castellano_web1_001-boletin-iberoamericano-de-teatro-11\/#primaryimage","url":"https:\/\/assitej.culturaescenica.es\/wp-content\/uploads\/BIT-11_castellano_web1_001-1.webp","contentUrl":"https:\/\/assitej.culturaescenica.es\/wp-content\/uploads\/BIT-11_castellano_web1_001-1.webp","width":369,"height":539},{"@type":"BreadcrumbList","@id":"https:\/\/assitej.culturaescenica.es\/es_es\/editorial-assitej\/varios-autores-as\/bit-11_castellano_web1_001-boletin-iberoamericano-de-teatro-11\/#breadcrumb","itemListElement":[{"@type":"ListItem","position":1,"name":"Portada","item":"https:\/\/assitej.culturaescenica.es\/gl\/"},{"@type":"ListItem","position":2,"name":"Editorial Assitej","item":"https:\/\/assitej.culturaescenica.es\/es_es\/editorial-assitej\/"},{"@type":"ListItem","position":3,"name":"Bolet\u00edn Iberoamericano de Teatro 11"}]},{"@type":"WebSite","@id":"https:\/\/assitej.culturaescenica.es\/gl\/#website","url":"https:\/\/assitej.culturaescenica.es\/gl\/","name":"ASSITEJ Espa\u00f1a","description":"ARTE PERFORMANTES PARA NENOS E XUVENTUDE","publisher":{"@id":"https:\/\/assitej.culturaescenica.es\/gl\/#organization"},"potentialAction":[{"@type":"SearchAction","target":{"@type":"EntryPoint","urlTemplate":"https:\/\/assitej.culturaescenica.es\/gl\/?s={search_term_string}"},"query-input":{"@type":"PropertyValueSpecification","valueRequired":true,"valueName":"search_term_string"}}],"inLanguage":"gl-ES"},{"@type":"Organization","@id":"https:\/\/assitej.culturaescenica.es\/gl\/#organization","name":"ASSITEJ Espa\u00f1a","url":"https:\/\/assitej.culturaescenica.es\/gl\/","logo":{"@type":"ImageObject","inLanguage":"gl-ES","@id":"https:\/\/assitej.culturaescenica.es\/gl\/#\/schema\/logo\/image\/","url":"https:\/\/assitej.es\/wp-content\/uploads\/Logo_ASSITEJ_Espana.RGB_2-1.png","contentUrl":"https:\/\/assitej.es\/wp-content\/uploads\/Logo_ASSITEJ_Espana.RGB_2-1.png","width":4934,"height":2287,"caption":"ASSITEJ Espa\u00f1a"},"image":{"@id":"https:\/\/assitej.culturaescenica.es\/gl\/#\/schema\/logo\/image\/"},"sameAs":["https:\/\/www.facebook.com\/assitejespana\/","https:\/\/x.com\/AssitejEspana","https:\/\/www.youtube.com\/channel\/UCv-2SDBzEmyORL5tPvsYgMw"]}]}},"_links":{"self":[{"href":"https:\/\/assitej.culturaescenica.es\/gl\/wp-json\/wp\/v2\/product\/4891","targetHints":{"allow":["GET"]}}],"collection":[{"href":"https:\/\/assitej.culturaescenica.es\/gl\/wp-json\/wp\/v2\/product"}],"about":[{"href":"https:\/\/assitej.culturaescenica.es\/gl\/wp-json\/wp\/v2\/types\/product"}],"wp:featuredmedia":[{"embeddable":true,"href":"https:\/\/assitej.culturaescenica.es\/gl\/wp-json\/wp\/v2\/media\/25931"}],"wp:attachment":[{"href":"https:\/\/assitej.culturaescenica.es\/gl\/wp-json\/wp\/v2\/media?parent=4891"}],"wp:term":[{"taxonomy":"product_brand","embeddable":true,"href":"https:\/\/assitej.culturaescenica.es\/gl\/wp-json\/wp\/v2\/product_brand?post=4891"},{"taxonomy":"product_cat","embeddable":true,"href":"https:\/\/assitej.culturaescenica.es\/gl\/wp-json\/wp\/v2\/product_cat?post=4891"},{"taxonomy":"product_tag","embeddable":true,"href":"https:\/\/assitej.culturaescenica.es\/gl\/wp-json\/wp\/v2\/product_tag?post=4891"}],"curies":[{"name":"wp","href":"https:\/\/api.w.org\/{rel}","templated":true}]}}