{"id":3223,"date":"2016-12-02T11:00:58","date_gmt":"2016-12-02T10:00:58","guid":{"rendered":"http:\/\/www.assitej.net\/?post_type=product&#038;p=3223"},"modified":"2025-05-05T16:01:52","modified_gmt":"2025-05-05T14:01:52","slug":"el-ogrito-zapatos-de-arena","status":"publish","type":"product","link":"https:\/\/assitej.culturaescenica.es\/gl\/editorial-assitej\/suzanne-lebeau\/el-ogrito-zapatos-de-arena\/","title":{"rendered":"O pequeno ogro \/ Zapatos de area"},"content":{"rendered":"<p>A liberdade individual, a procura dun cami\u00f1o propio, persoal, non resolto polo pasado e as s\u00faas tradici\u00f3ns nin polas xeraci\u00f3ns precedentes; A loita entre o ben e o mal... Son temas espec\u00edficos do teatro infantil e xuvenil?<\/p>\n<p>Suzanne Lebeau cre as\u00ed. E da s\u00faa consistente resposta nacen os traballos inclu\u00eddos neste volume: <em>O pequeno ogro <\/em>e <em>Zapatos de area<\/em>. D\u00faas obras que nos permiten seguir facendo preguntas sobre o amor, a liberdade e o destino.<\/p>\n<p><em>O pequeno ogro<\/em> \u00c9 unha das obras m\u00e1is traducidas, publicadas e interpretadas a nivel mundial por Suzanne Lebeau (Quebec, 1948). O cami\u00f1o que leva a Sim\u00f3n dende as profundidades do bosque ata o colexio \u00e9 un cami\u00f1o de transformaci\u00f3n e crecemento. A poes\u00eda, as forzas m\u00edticas e a viaxe do heroe at\u00f3panse nesta obra que nos conmove coa s\u00faa dimensi\u00f3n l\u00edrica e dram\u00e1tica.<\/p>\n<p>A viaxe ao Exterior, cos seus perigos e lecci\u00f3ns, \u00e9 fundamental en <em>Zapatos de area<\/em>, ante un mundo definido polo paso do tempo, as promesas de seguridade e o medo ao exterior...<\/p>\n<p>Con <em>O pequeno ogro<\/em> e <em>Zapatos de area<\/em>ASSITEJ Espa\u00f1a lanza a s\u00faa nova colecci\u00f3n de textos literarios e dram\u00e1ticos, que esperamos que cativen a lectores de todas as idades e imaxinaci\u00f3ns.<\/p>","protected":false},"excerpt":{"rendered":"<p>A liberdade individual, a procura dun cami\u00f1o propio, persoal, non resolto polo pasado e as s\u00faas tradici\u00f3ns nin polas xeraci\u00f3ns precedentes; A loita entre o ben e o mal... Son temas espec\u00edficos do teatro infantil e xuvenil?<\/p>\n<p>Suzanne Lebeau cre as\u00ed. E da s\u00faa consistente resposta nacen os traballos inclu\u00eddos neste volume: <em>O pequeno ogro <\/em>e <em>Zapatos de area<\/em>. D\u00faas obras que nos permiten seguir facendo preguntas sobre o amor, a liberdade e o destino.<\/p>\n<p><em>O pequeno ogro<\/em> \u00c9 unha das obras m\u00e1is traducidas, publicadas e interpretadas a nivel mundial por Suzanne Lebeau (Quebec, 1948). O cami\u00f1o que leva a Sim\u00f3n dende as profundidades do bosque ata o colexio \u00e9 un cami\u00f1o de transformaci\u00f3n e crecemento. A poes\u00eda, as forzas m\u00edticas e a viaxe do heroe at\u00f3panse nesta obra que nos conmove coa s\u00faa dimensi\u00f3n l\u00edrica e dram\u00e1tica.<\/p>\n<p>A viaxe ao Exterior, cos seus perigos e lecci\u00f3ns, \u00e9 fundamental en <em>Zapatos de area<\/em>, ante un mundo definido polo paso do tempo, as promesas de seguridade e o medo ao exterior...<\/p>\n<p>Con <em>O pequeno ogro<\/em> e <em>Zapatos de area<\/em>ASSITEJ Espa\u00f1a lanza a s\u00faa nova colecci\u00f3n de textos literarios e dram\u00e1ticos, que esperamos que cativen a lectores de todas as idades e imaxinaci\u00f3ns.<\/p>","protected":false},"featured_media":24336,"template":"","meta":{"_acf_changed":false,"_links_to":"","_links_to_target":""},"product_brand":[],"product_cat":[115],"product_tag":[122],"class_list":{"0":"post-3223","1":"product","2":"type-product","3":"status-publish","4":"has-post-thumbnail","6":"product_cat-suzanne-lebeau","7":"product_tag-coleccion-internacional","8":"infinite-scroll-item","9":"","10":"woocommerce-text-align-left","11":"woocommerce-image-align-center","12":"do-quantity-buttons","14":"first","15":"instock","16":"featured","17":"taxable","18":"shipping-taxable","19":"purchasable","20":"product-type-simple"},"acf":[],"yoast_head":"<!-- This site is optimized with the Yoast SEO plugin v27.1.1 - https:\/\/yoast.com\/product\/yoast-seo-wordpress\/ -->\n<title>El ogrito \/ Zapatos de arena. Suzane Lebeau | ASSITEJ Espa\u00f1a<\/title>\n<meta name=\"description\" content=\"La libertad individual, la b\u00fasqueda de un camino propio, personal, no resuelto por el pasado y sus tradiciones ni por las generaciones precedentes; la lucha entre el bien y el mal\u2026 \u00bfSon cuestiones propias del teatro para la infancia y la juventud?\" \/>\n<meta name=\"robots\" content=\"index, follow, max-snippet:-1, max-image-preview:large, max-video-preview:-1\" \/>\n<link rel=\"canonical\" href=\"https:\/\/assitej.culturaescenica.es\/gl\/editorial-assitej\/suzanne-lebeau\/el-ogrito-zapatos-de-arena\/\" \/>\n<meta property=\"og:locale\" content=\"gl_ES\" \/>\n<meta property=\"og:type\" content=\"article\" \/>\n<meta property=\"og:title\" content=\"El ogrito \/ Zapatos de arena. Suzane Lebeau | ASSITEJ Espa\u00f1a\" \/>\n<meta property=\"og:description\" content=\"La libertad individual, la b\u00fasqueda de un camino propio, personal, no resuelto por el pasado y sus tradiciones ni por las generaciones precedentes; la lucha entre el bien y el mal\u2026 \u00bfSon cuestiones propias del teatro para la infancia y la juventud?\" \/>\n<meta property=\"og:url\" content=\"https:\/\/assitej.culturaescenica.es\/gl\/editorial-assitej\/suzanne-lebeau\/el-ogrito-zapatos-de-arena\/\" \/>\n<meta property=\"og:site_name\" content=\"ASSITEJ Espa\u00f1a\" \/>\n<meta property=\"article:publisher\" content=\"https:\/\/www.facebook.com\/assitejespana\/\" \/>\n<meta property=\"article:modified_time\" content=\"2025-05-05T14:01:52+00:00\" \/>\n<meta property=\"og:image\" content=\"https:\/\/assitej.culturaescenica.es\/wp-content\/uploads\/El-ogrito.Zapatos-de-arena-011-1-1-jpg.webp\" \/>\n\t<meta property=\"og:image:width\" content=\"700\" \/>\n\t<meta property=\"og:image:height\" content=\"1024\" \/>\n\t<meta property=\"og:image:type\" content=\"image\/jpeg\" \/>\n<meta name=\"twitter:card\" content=\"summary_large_image\" \/>\n<meta name=\"twitter:site\" content=\"@AssitejEspana\" \/>\n<meta name=\"twitter:label1\" content=\"Tempo de lectura\" \/>\n\t<meta name=\"twitter:data1\" content=\"1 minuto\" \/>\n<script type=\"application\/ld+json\" class=\"yoast-schema-graph\">{\"@context\":\"https:\/\/schema.org\",\"@graph\":[{\"@type\":\"WebPage\",\"@id\":\"https:\/\/assitej.culturaescenica.es\/es_es\/editorial-assitej\/suzanne-lebeau\/el-ogrito-zapatos-de-arena\/\",\"url\":\"https:\/\/assitej.culturaescenica.es\/es_es\/editorial-assitej\/suzanne-lebeau\/el-ogrito-zapatos-de-arena\/\",\"name\":\"El ogrito \/ Zapatos de arena. Suzane Lebeau | ASSITEJ Espa\u00f1a\",\"isPartOf\":{\"@id\":\"https:\/\/assitej.culturaescenica.es\/gl\/#website\"},\"primaryImageOfPage\":{\"@id\":\"https:\/\/assitej.culturaescenica.es\/es_es\/editorial-assitej\/suzanne-lebeau\/el-ogrito-zapatos-de-arena\/#primaryimage\"},\"image\":{\"@id\":\"https:\/\/assitej.culturaescenica.es\/es_es\/editorial-assitej\/suzanne-lebeau\/el-ogrito-zapatos-de-arena\/#primaryimage\"},\"thumbnailUrl\":\"https:\/\/assitej.culturaescenica.es\/wp-content\/uploads\/El-ogrito.Zapatos-de-arena-011-1-1-jpg.webp\",\"datePublished\":\"2016-12-02T10:00:58+00:00\",\"dateModified\":\"2025-05-05T14:01:52+00:00\",\"description\":\"La libertad individual, la b\u00fasqueda de un camino propio, personal, no resuelto por el pasado y sus tradiciones ni por las generaciones precedentes; la lucha entre el bien y el mal\u2026 \u00bfSon cuestiones propias del teatro para la infancia y la juventud?\",\"breadcrumb\":{\"@id\":\"https:\/\/assitej.culturaescenica.es\/es_es\/editorial-assitej\/suzanne-lebeau\/el-ogrito-zapatos-de-arena\/#breadcrumb\"},\"inLanguage\":\"gl-ES\",\"potentialAction\":[{\"@type\":\"ReadAction\",\"target\":[\"https:\/\/assitej.culturaescenica.es\/es_es\/editorial-assitej\/suzanne-lebeau\/el-ogrito-zapatos-de-arena\/\"]}]},{\"@type\":\"ImageObject\",\"inLanguage\":\"gl-ES\",\"@id\":\"https:\/\/assitej.culturaescenica.es\/es_es\/editorial-assitej\/suzanne-lebeau\/el-ogrito-zapatos-de-arena\/#primaryimage\",\"url\":\"https:\/\/assitej.culturaescenica.es\/wp-content\/uploads\/El-ogrito.Zapatos-de-arena-011-1-1-jpg.webp\",\"contentUrl\":\"https:\/\/assitej.culturaescenica.es\/wp-content\/uploads\/El-ogrito.Zapatos-de-arena-011-1-1-jpg.webp\",\"width\":700,\"height\":1024},{\"@type\":\"BreadcrumbList\",\"@id\":\"https:\/\/assitej.culturaescenica.es\/es_es\/editorial-assitej\/suzanne-lebeau\/el-ogrito-zapatos-de-arena\/#breadcrumb\",\"itemListElement\":[{\"@type\":\"ListItem\",\"position\":1,\"name\":\"Portada\",\"item\":\"https:\/\/assitej.culturaescenica.es\/gl\/\"},{\"@type\":\"ListItem\",\"position\":2,\"name\":\"Editorial Assitej\",\"item\":\"https:\/\/assitej.culturaescenica.es\/es_es\/editorial-assitej\/\"},{\"@type\":\"ListItem\",\"position\":3,\"name\":\"El ogrito \/ Zapatos de arena\"}]},{\"@type\":\"WebSite\",\"@id\":\"https:\/\/assitej.culturaescenica.es\/gl\/#website\",\"url\":\"https:\/\/assitej.culturaescenica.es\/gl\/\",\"name\":\"ASSITEJ Espa\u00f1a\",\"description\":\"ARTES ESC\u00c9NICAS PARA LA INFANCIA Y LA JUVENTUD\",\"publisher\":{\"@id\":\"https:\/\/assitej.culturaescenica.es\/gl\/#organization\"},\"potentialAction\":[{\"@type\":\"SearchAction\",\"target\":{\"@type\":\"EntryPoint\",\"urlTemplate\":\"https:\/\/assitej.culturaescenica.es\/gl\/?s={search_term_string}\"},\"query-input\":{\"@type\":\"PropertyValueSpecification\",\"valueRequired\":true,\"valueName\":\"search_term_string\"}}],\"inLanguage\":\"gl-ES\"},{\"@type\":\"Organization\",\"@id\":\"https:\/\/assitej.culturaescenica.es\/gl\/#organization\",\"name\":\"ASSITEJ Espa\u00f1a\",\"url\":\"https:\/\/assitej.culturaescenica.es\/gl\/\",\"logo\":{\"@type\":\"ImageObject\",\"inLanguage\":\"gl-ES\",\"@id\":\"https:\/\/assitej.culturaescenica.es\/gl\/#\/schema\/logo\/image\/\",\"url\":\"https:\/\/assitej.es\/wp-content\/uploads\/Logo_ASSITEJ_Espana.RGB_2-1.png\",\"contentUrl\":\"https:\/\/assitej.es\/wp-content\/uploads\/Logo_ASSITEJ_Espana.RGB_2-1.png\",\"width\":4934,\"height\":2287,\"caption\":\"ASSITEJ Espa\u00f1a\"},\"image\":{\"@id\":\"https:\/\/assitej.culturaescenica.es\/gl\/#\/schema\/logo\/image\/\"},\"sameAs\":[\"https:\/\/www.facebook.com\/assitejespana\/\",\"https:\/\/x.com\/AssitejEspana\",\"https:\/\/www.youtube.com\/channel\/UCv-2SDBzEmyORL5tPvsYgMw\"]}]}<\/script>\n<!-- \/ Yoast SEO plugin. -->","yoast_head_json":{"title":"O pequeno ogro \/ Zapatos de area. Suzane Lebeau | ASSITEJ Espa\u00f1a","description":"A liberdade individual, a procura dun cami\u00f1o propio, persoal, non resolto polo pasado e as s\u00faas tradici\u00f3ns nin polas xeraci\u00f3ns precedentes; A loita entre o ben e o mal... Son temas espec\u00edficos do teatro infantil e xuvenil?","robots":{"index":"index","follow":"follow","max-snippet":"max-snippet:-1","max-image-preview":"max-image-preview:large","max-video-preview":"max-video-preview:-1"},"canonical":"https:\/\/assitej.culturaescenica.es\/gl\/editorial-assitej\/suzanne-lebeau\/el-ogrito-zapatos-de-arena\/","og_locale":"gl_ES","og_type":"article","og_title":"El ogrito \/ Zapatos de arena. Suzane Lebeau | ASSITEJ Espa\u00f1a","og_description":"La libertad individual, la b\u00fasqueda de un camino propio, personal, no resuelto por el pasado y sus tradiciones ni por las generaciones precedentes; la lucha entre el bien y el mal\u2026 \u00bfSon cuestiones propias del teatro para la infancia y la juventud?","og_url":"https:\/\/assitej.culturaescenica.es\/gl\/editorial-assitej\/suzanne-lebeau\/el-ogrito-zapatos-de-arena\/","og_site_name":"ASSITEJ Espa\u00f1a","article_publisher":"https:\/\/www.facebook.com\/assitejespana\/","article_modified_time":"2025-05-05T14:01:52+00:00","og_image":[{"width":700,"height":1024,"url":"https:\/\/assitej.culturaescenica.es\/wp-content\/uploads\/El-ogrito.Zapatos-de-arena-011-1-1-jpg.webp","type":"image\/jpeg"}],"twitter_card":"summary_large_image","twitter_site":"@AssitejEspana","twitter_misc":{"Tempo de lectura":"1 minuto"},"schema":{"@context":"https:\/\/schema.org","@graph":[{"@type":"WebPage","@id":"https:\/\/assitej.culturaescenica.es\/es_es\/editorial-assitej\/suzanne-lebeau\/el-ogrito-zapatos-de-arena\/","url":"https:\/\/assitej.culturaescenica.es\/es_es\/editorial-assitej\/suzanne-lebeau\/el-ogrito-zapatos-de-arena\/","name":"O pequeno ogro \/ Zapatos de area. Suzane Lebeau | ASSITEJ Espa\u00f1a","isPartOf":{"@id":"https:\/\/assitej.culturaescenica.es\/gl\/#website"},"primaryImageOfPage":{"@id":"https:\/\/assitej.culturaescenica.es\/es_es\/editorial-assitej\/suzanne-lebeau\/el-ogrito-zapatos-de-arena\/#primaryimage"},"image":{"@id":"https:\/\/assitej.culturaescenica.es\/es_es\/editorial-assitej\/suzanne-lebeau\/el-ogrito-zapatos-de-arena\/#primaryimage"},"thumbnailUrl":"https:\/\/assitej.culturaescenica.es\/wp-content\/uploads\/El-ogrito.Zapatos-de-arena-011-1-1-jpg.webp","datePublished":"2016-12-02T10:00:58+00:00","dateModified":"2025-05-05T14:01:52+00:00","description":"A liberdade individual, a procura dun cami\u00f1o propio, persoal, non resolto polo pasado e as s\u00faas tradici\u00f3ns nin polas xeraci\u00f3ns precedentes; A loita entre o ben e o mal... Son temas espec\u00edficos do teatro infantil e xuvenil?","breadcrumb":{"@id":"https:\/\/assitej.culturaescenica.es\/es_es\/editorial-assitej\/suzanne-lebeau\/el-ogrito-zapatos-de-arena\/#breadcrumb"},"inLanguage":"gl-ES","potentialAction":[{"@type":"ReadAction","target":["https:\/\/assitej.culturaescenica.es\/es_es\/editorial-assitej\/suzanne-lebeau\/el-ogrito-zapatos-de-arena\/"]}]},{"@type":"ImageObject","inLanguage":"gl-ES","@id":"https:\/\/assitej.culturaescenica.es\/es_es\/editorial-assitej\/suzanne-lebeau\/el-ogrito-zapatos-de-arena\/#primaryimage","url":"https:\/\/assitej.culturaescenica.es\/wp-content\/uploads\/El-ogrito.Zapatos-de-arena-011-1-1-jpg.webp","contentUrl":"https:\/\/assitej.culturaescenica.es\/wp-content\/uploads\/El-ogrito.Zapatos-de-arena-011-1-1-jpg.webp","width":700,"height":1024},{"@type":"BreadcrumbList","@id":"https:\/\/assitej.culturaescenica.es\/es_es\/editorial-assitej\/suzanne-lebeau\/el-ogrito-zapatos-de-arena\/#breadcrumb","itemListElement":[{"@type":"ListItem","position":1,"name":"Portada","item":"https:\/\/assitej.culturaescenica.es\/gl\/"},{"@type":"ListItem","position":2,"name":"Editorial Assitej","item":"https:\/\/assitej.culturaescenica.es\/es_es\/editorial-assitej\/"},{"@type":"ListItem","position":3,"name":"El ogrito \/ Zapatos de arena"}]},{"@type":"WebSite","@id":"https:\/\/assitej.culturaescenica.es\/gl\/#website","url":"https:\/\/assitej.culturaescenica.es\/gl\/","name":"ASSITEJ Espa\u00f1a","description":"ARTE PERFORMANTES PARA NENOS E XUVENTUDE","publisher":{"@id":"https:\/\/assitej.culturaescenica.es\/gl\/#organization"},"potentialAction":[{"@type":"SearchAction","target":{"@type":"EntryPoint","urlTemplate":"https:\/\/assitej.culturaescenica.es\/gl\/?s={search_term_string}"},"query-input":{"@type":"PropertyValueSpecification","valueRequired":true,"valueName":"search_term_string"}}],"inLanguage":"gl-ES"},{"@type":"Organization","@id":"https:\/\/assitej.culturaescenica.es\/gl\/#organization","name":"ASSITEJ Espa\u00f1a","url":"https:\/\/assitej.culturaescenica.es\/gl\/","logo":{"@type":"ImageObject","inLanguage":"gl-ES","@id":"https:\/\/assitej.culturaescenica.es\/gl\/#\/schema\/logo\/image\/","url":"https:\/\/assitej.es\/wp-content\/uploads\/Logo_ASSITEJ_Espana.RGB_2-1.png","contentUrl":"https:\/\/assitej.es\/wp-content\/uploads\/Logo_ASSITEJ_Espana.RGB_2-1.png","width":4934,"height":2287,"caption":"ASSITEJ Espa\u00f1a"},"image":{"@id":"https:\/\/assitej.culturaescenica.es\/gl\/#\/schema\/logo\/image\/"},"sameAs":["https:\/\/www.facebook.com\/assitejespana\/","https:\/\/x.com\/AssitejEspana","https:\/\/www.youtube.com\/channel\/UCv-2SDBzEmyORL5tPvsYgMw"]}]}},"_links":{"self":[{"href":"https:\/\/assitej.culturaescenica.es\/gl\/wp-json\/wp\/v2\/product\/3223","targetHints":{"allow":["GET"]}}],"collection":[{"href":"https:\/\/assitej.culturaescenica.es\/gl\/wp-json\/wp\/v2\/product"}],"about":[{"href":"https:\/\/assitej.culturaescenica.es\/gl\/wp-json\/wp\/v2\/types\/product"}],"wp:featuredmedia":[{"embeddable":true,"href":"https:\/\/assitej.culturaescenica.es\/gl\/wp-json\/wp\/v2\/media\/24336"}],"wp:attachment":[{"href":"https:\/\/assitej.culturaescenica.es\/gl\/wp-json\/wp\/v2\/media?parent=3223"}],"wp:term":[{"taxonomy":"product_brand","embeddable":true,"href":"https:\/\/assitej.culturaescenica.es\/gl\/wp-json\/wp\/v2\/product_brand?post=3223"},{"taxonomy":"product_cat","embeddable":true,"href":"https:\/\/assitej.culturaescenica.es\/gl\/wp-json\/wp\/v2\/product_cat?post=3223"},{"taxonomy":"product_tag","embeddable":true,"href":"https:\/\/assitej.culturaescenica.es\/gl\/wp-json\/wp\/v2\/product_tag?post=3223"}],"curies":[{"name":"wp","href":"https:\/\/api.w.org\/{rel}","templated":true}]}}