{"id":3190,"date":"2016-02-13T17:24:16","date_gmt":"2016-02-13T16:24:16","guid":{"rendered":"http:\/\/www.assitej.net\/?post_type=product&#038;p="},"modified":"2025-05-05T16:01:41","modified_gmt":"2025-05-05T14:01:41","slug":"la-ramita-de-hierbabuena","status":"publish","type":"product","link":"https:\/\/assitej.culturaescenica.es\/gl\/editorial-assitej\/eduardo-zamanillo\/la-ramita-de-hierbabuena\/","title":{"rendered":"A VARILLA DE MENTA"},"content":{"rendered":"<p><em>A ramita de menta<\/em> A ramita de menta c\u00f3ntanos as extraordinarias aventuras de Asterio, ou como se chame. Aventuras f\u00edsicas, aventuras mentais que se xuntan na singular aventura da vida M\u00e1is al\u00f3 de que os personaxes parecen decididos a lembrarnos alg\u00fan parentesco afastado con c\u00e9lebres antepasados da estirpe mitol\u00f3xica, o humor forma parte substancial de cada unha das facetas que conforman a multifac\u00e9tica aventura: est\u00e1 nos di\u00e1logos, na presentaci\u00f3n dos enigmas? Incluso est\u00e1 presente no tratamento do amor e da morte, sen perder as\u00ed a s\u00faa condici\u00f3n de cousas serias onde as hai. A ramita de menta ga\u00f1ou o premio FETEN no ano 2000. Eduardo Zamanillo, asociado \u00e1 Compa\u00f1\u00eda de Pallasos PTV, considera que a mellor biograf\u00eda dun autor \u00e9 a colecci\u00f3n das s\u00faas obras. Ten escrito m\u00e1is dunha vintena de obras, estreadas por diversas compa\u00f1\u00edas e grupos teatrais. Recibiu varios premios, dos que asegura que se recuperou bastante.<\/p>","protected":false},"excerpt":{"rendered":"<p><em>A ramita de menta<\/em> A ramita de menta c\u00f3ntanos as extraordinarias aventuras de Asterio, ou como se chame. Aventuras f\u00edsicas, aventuras mentais que se xuntan na singular aventura da vida M\u00e1is al\u00f3 de que os personaxes parecen decididos a lembrarnos alg\u00fan parentesco afastado con c\u00e9lebres antepasados da estirpe mitol\u00f3xica, o humor forma parte substancial de cada unha das facetas que conforman a multifac\u00e9tica aventura: est\u00e1 nos di\u00e1logos, na presentaci\u00f3n dos enigmas? Incluso est\u00e1 presente no tratamento do amor e da morte, sen perder as\u00ed a s\u00faa condici\u00f3n de cousas serias onde as hai. A ramita de menta ga\u00f1ou o premio FETEN no ano 2000. Eduardo Zamanillo, asociado \u00e1 Compa\u00f1\u00eda de Pallasos PTV, considera que a mellor biograf\u00eda dun autor \u00e9 a colecci\u00f3n das s\u00faas obras. Ten escrito m\u00e1is dunha vintena de obras, estreadas por diversas compa\u00f1\u00edas e grupos teatrais. Recibiu varios premios, dos que asegura que se recuperou bastante.<\/p>","protected":false},"featured_media":24324,"template":"","meta":{"_acf_changed":false,"_links_to":"","_links_to_target":""},"product_brand":[],"product_cat":[80],"product_tag":[67],"class_list":{"0":"post-3190","1":"product","2":"type-product","3":"status-publish","4":"has-post-thumbnail","6":"product_cat-eduardo-zamanillo","7":"product_tag-coleccion-teatro","8":"infinite-scroll-item","9":"","10":"woocommerce-text-align-left","11":"woocommerce-image-align-center","12":"do-quantity-buttons","14":"first","15":"outofstock","16":"taxable","17":"shipping-taxable","18":"purchasable","19":"product-type-simple"},"acf":[],"yoast_head":"<!-- This site is optimized with the Yoast SEO plugin v27.1.1 - https:\/\/yoast.com\/product\/yoast-seo-wordpress\/ -->\n<title>LA RAMITA DE HIERBABUENA - ASSITEJ Espa\u00f1a<\/title>\n<meta name=\"robots\" content=\"index, follow, max-snippet:-1, max-image-preview:large, max-video-preview:-1\" \/>\n<link rel=\"canonical\" href=\"https:\/\/assitej.culturaescenica.es\/gl\/editorial-assitej\/eduardo-zamanillo\/la-ramita-de-hierbabuena\/\" \/>\n<meta property=\"og:locale\" content=\"gl_ES\" \/>\n<meta property=\"og:type\" content=\"article\" \/>\n<meta property=\"og:title\" content=\"LA RAMITA DE HIERBABUENA - ASSITEJ Espa\u00f1a\" \/>\n<meta property=\"og:description\" content=\"La ramita de hierbabuena nos cuenta las extraordinarias aventuras de Asterio, o como se llame. Aventuras f\u00edsicas, aventuras mentales que vienen a fundirse en la aventura \u00fanica de la vida.M\u00e1s all\u00e1 de que los personajes parezcan empe\u00f1ados en recordarnos alg\u00fan lejano parentesco con afamados antecesores de estirpe mitol\u00f3gica, el humor forma parte sustancial de cada una de las caras que configuran la poli\u00e9drica aventura: est\u00e1 en los di\u00e1logos, en el planteamiento de los enigmas, en las \u00bfsoluciones?; est\u00e1 incluso en el tratamiento del amor y de la muerte, sin que por ello pierdan su condici\u00f3n de cosas serias donde las haya. La ramita de hierbabuena obtuvo el Premio FETEN en el a\u00f1o 2.000.Eduardo zamanillo, vinculado a la Compa\u00f1\u00eda PTV Clowns, piensa que la mejor biograf\u00eda de un autor la constituye el conjunto de sus obras. Ha escrito m\u00e1s de una veintena, estrenada por distintas compa\u00f1\u00edas y grupos de teatro. Ha recibido algunos premios, de los cuales dice hallarse bastante recuperado.\" \/>\n<meta property=\"og:url\" content=\"https:\/\/assitej.culturaescenica.es\/gl\/editorial-assitej\/eduardo-zamanillo\/la-ramita-de-hierbabuena\/\" \/>\n<meta property=\"og:site_name\" content=\"ASSITEJ Espa\u00f1a\" \/>\n<meta property=\"article:publisher\" content=\"https:\/\/www.facebook.com\/assitejespana\/\" \/>\n<meta property=\"article:modified_time\" content=\"2025-05-05T14:01:41+00:00\" \/>\n<meta property=\"og:image\" content=\"https:\/\/assitej.culturaescenica.es\/wp-content\/uploads\/La-ramita-de-Hierbabuena-1-jpg.webp\" \/>\n\t<meta property=\"og:image:width\" content=\"485\" \/>\n\t<meta property=\"og:image:height\" content=\"700\" \/>\n\t<meta property=\"og:image:type\" content=\"image\/jpeg\" \/>\n<meta name=\"twitter:card\" content=\"summary_large_image\" \/>\n<meta name=\"twitter:site\" content=\"@AssitejEspana\" \/>\n<meta name=\"twitter:label1\" content=\"Tempo de lectura\" \/>\n\t<meta name=\"twitter:data1\" content=\"1 minuto\" \/>\n<script type=\"application\/ld+json\" class=\"yoast-schema-graph\">{\"@context\":\"https:\/\/schema.org\",\"@graph\":[{\"@type\":\"WebPage\",\"@id\":\"https:\/\/assitej.culturaescenica.es\/editorial-assitej\/eduardo-zamanillo\/la-ramita-de-hierbabuena\/\",\"url\":\"https:\/\/assitej.culturaescenica.es\/editorial-assitej\/eduardo-zamanillo\/la-ramita-de-hierbabuena\/\",\"name\":\"LA RAMITA DE HIERBABUENA - ASSITEJ Espa\u00f1a\",\"isPartOf\":{\"@id\":\"https:\/\/assitej.culturaescenica.es\/gl\/#website\"},\"primaryImageOfPage\":{\"@id\":\"https:\/\/assitej.culturaescenica.es\/editorial-assitej\/eduardo-zamanillo\/la-ramita-de-hierbabuena\/#primaryimage\"},\"image\":{\"@id\":\"https:\/\/assitej.culturaescenica.es\/editorial-assitej\/eduardo-zamanillo\/la-ramita-de-hierbabuena\/#primaryimage\"},\"thumbnailUrl\":\"https:\/\/assitej.culturaescenica.es\/wp-content\/uploads\/La-ramita-de-Hierbabuena-1-jpg.webp\",\"datePublished\":\"2016-02-13T16:24:16+00:00\",\"dateModified\":\"2025-05-05T14:01:41+00:00\",\"breadcrumb\":{\"@id\":\"https:\/\/assitej.culturaescenica.es\/editorial-assitej\/eduardo-zamanillo\/la-ramita-de-hierbabuena\/#breadcrumb\"},\"inLanguage\":\"gl-ES\",\"potentialAction\":[{\"@type\":\"ReadAction\",\"target\":[\"https:\/\/assitej.culturaescenica.es\/editorial-assitej\/eduardo-zamanillo\/la-ramita-de-hierbabuena\/\"]}]},{\"@type\":\"ImageObject\",\"inLanguage\":\"gl-ES\",\"@id\":\"https:\/\/assitej.culturaescenica.es\/editorial-assitej\/eduardo-zamanillo\/la-ramita-de-hierbabuena\/#primaryimage\",\"url\":\"https:\/\/assitej.culturaescenica.es\/wp-content\/uploads\/La-ramita-de-Hierbabuena-1-jpg.webp\",\"contentUrl\":\"https:\/\/assitej.culturaescenica.es\/wp-content\/uploads\/La-ramita-de-Hierbabuena-1-jpg.webp\",\"width\":485,\"height\":700},{\"@type\":\"BreadcrumbList\",\"@id\":\"https:\/\/assitej.culturaescenica.es\/editorial-assitej\/eduardo-zamanillo\/la-ramita-de-hierbabuena\/#breadcrumb\",\"itemListElement\":[{\"@type\":\"ListItem\",\"position\":1,\"name\":\"Portada\",\"item\":\"https:\/\/assitej.culturaescenica.es\/gl\/\"},{\"@type\":\"ListItem\",\"position\":2,\"name\":\"Editorial Assitej\",\"item\":\"https:\/\/assitej.culturaescenica.es\/es_es\/editorial-assitej\/\"},{\"@type\":\"ListItem\",\"position\":3,\"name\":\"LA RAMITA DE HIERBABUENA\"}]},{\"@type\":\"WebSite\",\"@id\":\"https:\/\/assitej.culturaescenica.es\/gl\/#website\",\"url\":\"https:\/\/assitej.culturaescenica.es\/gl\/\",\"name\":\"ASSITEJ Espa\u00f1a\",\"description\":\"ARTES ESC\u00c9NICAS PARA LA INFANCIA Y LA JUVENTUD\",\"publisher\":{\"@id\":\"https:\/\/assitej.culturaescenica.es\/gl\/#organization\"},\"potentialAction\":[{\"@type\":\"SearchAction\",\"target\":{\"@type\":\"EntryPoint\",\"urlTemplate\":\"https:\/\/assitej.culturaescenica.es\/gl\/?s={search_term_string}\"},\"query-input\":{\"@type\":\"PropertyValueSpecification\",\"valueRequired\":true,\"valueName\":\"search_term_string\"}}],\"inLanguage\":\"gl-ES\"},{\"@type\":\"Organization\",\"@id\":\"https:\/\/assitej.culturaescenica.es\/gl\/#organization\",\"name\":\"ASSITEJ Espa\u00f1a\",\"url\":\"https:\/\/assitej.culturaescenica.es\/gl\/\",\"logo\":{\"@type\":\"ImageObject\",\"inLanguage\":\"gl-ES\",\"@id\":\"https:\/\/assitej.culturaescenica.es\/gl\/#\/schema\/logo\/image\/\",\"url\":\"https:\/\/assitej.es\/wp-content\/uploads\/Logo_ASSITEJ_Espana.RGB_2-1.png\",\"contentUrl\":\"https:\/\/assitej.es\/wp-content\/uploads\/Logo_ASSITEJ_Espana.RGB_2-1.png\",\"width\":4934,\"height\":2287,\"caption\":\"ASSITEJ Espa\u00f1a\"},\"image\":{\"@id\":\"https:\/\/assitej.culturaescenica.es\/gl\/#\/schema\/logo\/image\/\"},\"sameAs\":[\"https:\/\/www.facebook.com\/assitejespana\/\",\"https:\/\/x.com\/AssitejEspana\",\"https:\/\/www.youtube.com\/channel\/UCv-2SDBzEmyORL5tPvsYgMw\"]}]}<\/script>\n<!-- \/ Yoast SEO plugin. -->","yoast_head_json":{"title":"A PRIMAVERA DA MENTA - ASSITEJ Espa\u00f1a","robots":{"index":"index","follow":"follow","max-snippet":"max-snippet:-1","max-image-preview":"max-image-preview:large","max-video-preview":"max-video-preview:-1"},"canonical":"https:\/\/assitej.culturaescenica.es\/gl\/editorial-assitej\/eduardo-zamanillo\/la-ramita-de-hierbabuena\/","og_locale":"gl_ES","og_type":"article","og_title":"LA RAMITA DE HIERBABUENA - ASSITEJ Espa\u00f1a","og_description":"La ramita de hierbabuena nos cuenta las extraordinarias aventuras de Asterio, o como se llame. Aventuras f\u00edsicas, aventuras mentales que vienen a fundirse en la aventura \u00fanica de la vida.M\u00e1s all\u00e1 de que los personajes parezcan empe\u00f1ados en recordarnos alg\u00fan lejano parentesco con afamados antecesores de estirpe mitol\u00f3gica, el humor forma parte sustancial de cada una de las caras que configuran la poli\u00e9drica aventura: est\u00e1 en los di\u00e1logos, en el planteamiento de los enigmas, en las \u00bfsoluciones?; est\u00e1 incluso en el tratamiento del amor y de la muerte, sin que por ello pierdan su condici\u00f3n de cosas serias donde las haya. La ramita de hierbabuena obtuvo el Premio FETEN en el a\u00f1o 2.000.Eduardo zamanillo, vinculado a la Compa\u00f1\u00eda PTV Clowns, piensa que la mejor biograf\u00eda de un autor la constituye el conjunto de sus obras. Ha escrito m\u00e1s de una veintena, estrenada por distintas compa\u00f1\u00edas y grupos de teatro. Ha recibido algunos premios, de los cuales dice hallarse bastante recuperado.","og_url":"https:\/\/assitej.culturaescenica.es\/gl\/editorial-assitej\/eduardo-zamanillo\/la-ramita-de-hierbabuena\/","og_site_name":"ASSITEJ Espa\u00f1a","article_publisher":"https:\/\/www.facebook.com\/assitejespana\/","article_modified_time":"2025-05-05T14:01:41+00:00","og_image":[{"width":485,"height":700,"url":"https:\/\/assitej.culturaescenica.es\/wp-content\/uploads\/La-ramita-de-Hierbabuena-1-jpg.webp","type":"image\/jpeg"}],"twitter_card":"summary_large_image","twitter_site":"@AssitejEspana","twitter_misc":{"Tempo de lectura":"1 minuto"},"schema":{"@context":"https:\/\/schema.org","@graph":[{"@type":"WebPage","@id":"https:\/\/assitej.culturaescenica.es\/editorial-assitej\/eduardo-zamanillo\/la-ramita-de-hierbabuena\/","url":"https:\/\/assitej.culturaescenica.es\/editorial-assitej\/eduardo-zamanillo\/la-ramita-de-hierbabuena\/","name":"A PRIMAVERA DA MENTA - ASSITEJ Espa\u00f1a","isPartOf":{"@id":"https:\/\/assitej.culturaescenica.es\/gl\/#website"},"primaryImageOfPage":{"@id":"https:\/\/assitej.culturaescenica.es\/editorial-assitej\/eduardo-zamanillo\/la-ramita-de-hierbabuena\/#primaryimage"},"image":{"@id":"https:\/\/assitej.culturaescenica.es\/editorial-assitej\/eduardo-zamanillo\/la-ramita-de-hierbabuena\/#primaryimage"},"thumbnailUrl":"https:\/\/assitej.culturaescenica.es\/wp-content\/uploads\/La-ramita-de-Hierbabuena-1-jpg.webp","datePublished":"2016-02-13T16:24:16+00:00","dateModified":"2025-05-05T14:01:41+00:00","breadcrumb":{"@id":"https:\/\/assitej.culturaescenica.es\/editorial-assitej\/eduardo-zamanillo\/la-ramita-de-hierbabuena\/#breadcrumb"},"inLanguage":"gl-ES","potentialAction":[{"@type":"ReadAction","target":["https:\/\/assitej.culturaescenica.es\/editorial-assitej\/eduardo-zamanillo\/la-ramita-de-hierbabuena\/"]}]},{"@type":"ImageObject","inLanguage":"gl-ES","@id":"https:\/\/assitej.culturaescenica.es\/editorial-assitej\/eduardo-zamanillo\/la-ramita-de-hierbabuena\/#primaryimage","url":"https:\/\/assitej.culturaescenica.es\/wp-content\/uploads\/La-ramita-de-Hierbabuena-1-jpg.webp","contentUrl":"https:\/\/assitej.culturaescenica.es\/wp-content\/uploads\/La-ramita-de-Hierbabuena-1-jpg.webp","width":485,"height":700},{"@type":"BreadcrumbList","@id":"https:\/\/assitej.culturaescenica.es\/editorial-assitej\/eduardo-zamanillo\/la-ramita-de-hierbabuena\/#breadcrumb","itemListElement":[{"@type":"ListItem","position":1,"name":"Portada","item":"https:\/\/assitej.culturaescenica.es\/gl\/"},{"@type":"ListItem","position":2,"name":"Editorial Assitej","item":"https:\/\/assitej.culturaescenica.es\/es_es\/editorial-assitej\/"},{"@type":"ListItem","position":3,"name":"LA RAMITA DE HIERBABUENA"}]},{"@type":"WebSite","@id":"https:\/\/assitej.culturaescenica.es\/gl\/#website","url":"https:\/\/assitej.culturaescenica.es\/gl\/","name":"ASSITEJ Espa\u00f1a","description":"ARTE PERFORMANTES PARA NENOS E XUVENTUDE","publisher":{"@id":"https:\/\/assitej.culturaescenica.es\/gl\/#organization"},"potentialAction":[{"@type":"SearchAction","target":{"@type":"EntryPoint","urlTemplate":"https:\/\/assitej.culturaescenica.es\/gl\/?s={search_term_string}"},"query-input":{"@type":"PropertyValueSpecification","valueRequired":true,"valueName":"search_term_string"}}],"inLanguage":"gl-ES"},{"@type":"Organization","@id":"https:\/\/assitej.culturaescenica.es\/gl\/#organization","name":"ASSITEJ Espa\u00f1a","url":"https:\/\/assitej.culturaescenica.es\/gl\/","logo":{"@type":"ImageObject","inLanguage":"gl-ES","@id":"https:\/\/assitej.culturaescenica.es\/gl\/#\/schema\/logo\/image\/","url":"https:\/\/assitej.es\/wp-content\/uploads\/Logo_ASSITEJ_Espana.RGB_2-1.png","contentUrl":"https:\/\/assitej.es\/wp-content\/uploads\/Logo_ASSITEJ_Espana.RGB_2-1.png","width":4934,"height":2287,"caption":"ASSITEJ Espa\u00f1a"},"image":{"@id":"https:\/\/assitej.culturaescenica.es\/gl\/#\/schema\/logo\/image\/"},"sameAs":["https:\/\/www.facebook.com\/assitejespana\/","https:\/\/x.com\/AssitejEspana","https:\/\/www.youtube.com\/channel\/UCv-2SDBzEmyORL5tPvsYgMw"]}]}},"_links":{"self":[{"href":"https:\/\/assitej.culturaescenica.es\/gl\/wp-json\/wp\/v2\/product\/3190","targetHints":{"allow":["GET"]}}],"collection":[{"href":"https:\/\/assitej.culturaescenica.es\/gl\/wp-json\/wp\/v2\/product"}],"about":[{"href":"https:\/\/assitej.culturaescenica.es\/gl\/wp-json\/wp\/v2\/types\/product"}],"wp:featuredmedia":[{"embeddable":true,"href":"https:\/\/assitej.culturaescenica.es\/gl\/wp-json\/wp\/v2\/media\/24324"}],"wp:attachment":[{"href":"https:\/\/assitej.culturaescenica.es\/gl\/wp-json\/wp\/v2\/media?parent=3190"}],"wp:term":[{"taxonomy":"product_brand","embeddable":true,"href":"https:\/\/assitej.culturaescenica.es\/gl\/wp-json\/wp\/v2\/product_brand?post=3190"},{"taxonomy":"product_cat","embeddable":true,"href":"https:\/\/assitej.culturaescenica.es\/gl\/wp-json\/wp\/v2\/product_cat?post=3190"},{"taxonomy":"product_tag","embeddable":true,"href":"https:\/\/assitej.culturaescenica.es\/gl\/wp-json\/wp\/v2\/product_tag?post=3190"}],"curies":[{"name":"wp","href":"https:\/\/api.w.org\/{rel}","templated":true}]}}