{"id":3180,"date":"2016-02-08T18:25:01","date_gmt":"2016-02-08T17:25:01","guid":{"rendered":"http:\/\/www.assitej.net\/producto\/cosmica-misterios-copiar\/"},"modified":"2025-05-05T16:01:41","modified_gmt":"2025-05-05T14:01:41","slug":"romance-de-micomicon-y-adhelala","status":"publish","type":"product","link":"https:\/\/assitej.culturaescenica.es\/gl\/editorial-assitej\/eduardo-blanco-amor\/romance-de-micomicon-y-adhelala\/","title":{"rendered":"ROMANCE DE MICOMICON E ADHELALA"},"content":{"rendered":"<p>En <em>Romance de Micomic\u00f3n e Adhelala<\/em>, f\u00e1lase dun estra\u00f1o reino gobernado por unha ra\u00ed\u00f1a hist\u00e9rica, onde hai un palacio a piques de derrubarse polos arrebatos de Micomic\u00f3n, un pr\u00edncipe convertido en xigante por efecto dunha maldici\u00f3n Entre ambos os personaxes estrafalarios, destaca Adhelala , unha princesa cativa, que ten a iniciativa e a sabedor\u00eda necesarias para cambiar as cousas. S\u00f3 ela co\u00f1ece a orixe da enfermidade do pr\u00edncipe e ten o remedio para curalo.<strong>Eduardo Blanco Amor<\/strong> (Ourense, 1897-Vigo, 1979) emigrou a Am\u00e9rica aos 20 anos e residiu na Arxentina, onde se dedicou ao xornalismo e \u00e1 literatura. En 1929 regresa a Galicia, como correspondente do xornal La Naci\u00f3n. Deuse a co\u00f1ecer como poeta en 1928, coa publicaci\u00f3n de <em>Romances galegos<\/em> e, m\u00e1is tarde,<em>Cancioneiro<\/em> (1956), <em>Poema en catro tempos<\/em> (1959), ademais dalgunhas pezas teatrais como <em>Farsas para t\u00edteres<\/em> (do que forma parte <em>Micomic\u00f3n Romance<\/em>\u2026). A\u00ednda que cultivou alg\u00fans x\u00e9neros xornal\u00edsticos e tam\u00e9n literatura en castel\u00e1n.<\/p>","protected":false},"excerpt":{"rendered":"<p>En <em>Romance de Micomic\u00f3n e Adhelala<\/em>, f\u00e1lase dun estra\u00f1o reino gobernado por unha ra\u00ed\u00f1a hist\u00e9rica, onde hai un palacio a piques de derrubarse polos arrebatos de Micomic\u00f3n, un pr\u00edncipe convertido en xigante por efecto dunha maldici\u00f3n Entre ambos os personaxes estrafalarios, destaca Adhelala , unha princesa cativa, que ten a iniciativa e a sabedor\u00eda necesarias para cambiar as cousas. S\u00f3 ela co\u00f1ece a orixe da enfermidade do pr\u00edncipe e ten o remedio para curalo.<strong>Eduardo Blanco Amor<\/strong> (Ourense, 1897-Vigo, 1979) emigrou a Am\u00e9rica aos 20 anos e residiu na Arxentina, onde se dedicou ao xornalismo e \u00e1 literatura. En 1929 regresa a Galicia, como correspondente do xornal La Naci\u00f3n. Deuse a co\u00f1ecer como poeta en 1928, coa publicaci\u00f3n de <em>Romances galegos<\/em> e, m\u00e1is tarde,<em>Cancioneiro<\/em> (1956), <em>Poema en catro tempos<\/em> (1959), ademais dalgunhas pezas teatrais como <em>Farsas para t\u00edteres<\/em> (do que forma parte <em>Micomic\u00f3n Romance<\/em>\u2026). A\u00ednda que cultivou alg\u00fans x\u00e9neros xornal\u00edsticos e tam\u00e9n literatura en castel\u00e1n.<\/p>","protected":false},"featured_media":24323,"template":"","meta":{"_acf_changed":false,"_links_to":"","_links_to_target":""},"product_brand":[],"product_cat":[79],"product_tag":[67],"class_list":{"0":"post-3180","1":"product","2":"type-product","3":"status-publish","4":"has-post-thumbnail","6":"product_cat-eduardo-blanco-amor","7":"product_tag-coleccion-teatro","8":"infinite-scroll-item","9":"","10":"woocommerce-text-align-left","11":"woocommerce-image-align-center","12":"do-quantity-buttons","14":"first","15":"outofstock","16":"featured","17":"taxable","18":"shipping-taxable","19":"purchasable","20":"product-type-simple"},"acf":[],"yoast_head":"<!-- This site is optimized with the Yoast SEO plugin v27.1.1 - https:\/\/yoast.com\/product\/yoast-seo-wordpress\/ -->\n<title>ROMANCE DE MICOMIC\u00d3N Y ADHELALA - ASSITEJ Espa\u00f1a<\/title>\n<meta name=\"robots\" content=\"index, follow, max-snippet:-1, max-image-preview:large, max-video-preview:-1\" \/>\n<link rel=\"canonical\" href=\"https:\/\/assitej.culturaescenica.es\/gl\/editorial-assitej\/eduardo-blanco-amor\/romance-de-micomicon-y-adhelala\/\" \/>\n<meta property=\"og:locale\" content=\"gl_ES\" \/>\n<meta property=\"og:type\" content=\"article\" \/>\n<meta property=\"og:title\" content=\"ROMANCE DE MICOMIC\u00d3N Y ADHELALA - ASSITEJ Espa\u00f1a\" \/>\n<meta property=\"og:description\" content=\"En Romance de Micomic\u00f3n y Adhelala, se habla de un reino extra\u00f1o gobernado por una reina histerica, donde hay un palacio a punto de derrumbarse por los arrebatos de Micomic\u00f3n, un pr\u00edncipe convertido en gigante por efecto de una maldici\u00f3n.Entre tanto personaje estrafalario, destaca Adhelala, una princesa cautiva, que posee la iniciativa y sabiduria necesarias para cambiar las cosas. Solo ella conoce el origen del mal del pr\u00edncipe y posee el remedio para curarlo.Eduardo Blanco Amor (Ourense, 1897-Vigo, 1979) emigr\u00f3 a Am\u00e9rica con 20 a\u00f1os y residi\u00f3 en Argentina, donde se dedic\u00f3 al periodismo y la literatura. En 1929 volvi\u00f3 a Galicia, como corresponsal del diario La Naci\u00f3n. Se dio a conocer como poeta en 1928, con la publicaci\u00f3n de Romances galegos y, m\u00e1s tarde,Cancioneiro (1956), Poema en catro tempos (1959), adem\u00e1s de algunas piezas teatrales como Farsas para T\u00edteres (de la que forma parte Romance de Micomic\u00f3n\u2026). Aunque cultiv\u00f3 algunos g\u00e9neros periodisticos y tambi\u00e9n literatura en castellano.\" \/>\n<meta property=\"og:url\" content=\"https:\/\/assitej.culturaescenica.es\/gl\/editorial-assitej\/eduardo-blanco-amor\/romance-de-micomicon-y-adhelala\/\" \/>\n<meta property=\"og:site_name\" content=\"ASSITEJ Espa\u00f1a\" \/>\n<meta property=\"article:publisher\" content=\"https:\/\/www.facebook.com\/assitejespana\/\" \/>\n<meta property=\"article:modified_time\" content=\"2025-05-05T14:01:41+00:00\" \/>\n<meta property=\"og:image\" content=\"https:\/\/assitej.culturaescenica.es\/wp-content\/uploads\/Romance-de-Micomicon-y-Adhelala-jpg.webp\" \/>\n\t<meta property=\"og:image:width\" content=\"485\" \/>\n\t<meta property=\"og:image:height\" content=\"700\" \/>\n\t<meta property=\"og:image:type\" content=\"image\/jpeg\" \/>\n<meta name=\"twitter:card\" content=\"summary_large_image\" \/>\n<meta name=\"twitter:site\" content=\"@AssitejEspana\" \/>\n<meta name=\"twitter:label1\" content=\"Tempo de lectura\" \/>\n\t<meta name=\"twitter:data1\" content=\"1 minuto\" \/>\n<script type=\"application\/ld+json\" class=\"yoast-schema-graph\">{\"@context\":\"https:\/\/schema.org\",\"@graph\":[{\"@type\":\"WebPage\",\"@id\":\"https:\/\/assitej.culturaescenica.es\/editorial-assitej\/eduardo-blanco-amor\/romance-de-micomicon-y-adhelala\/\",\"url\":\"https:\/\/assitej.culturaescenica.es\/editorial-assitej\/eduardo-blanco-amor\/romance-de-micomicon-y-adhelala\/\",\"name\":\"ROMANCE DE MICOMIC\u00d3N Y ADHELALA - ASSITEJ Espa\u00f1a\",\"isPartOf\":{\"@id\":\"https:\/\/assitej.culturaescenica.es\/gl\/#website\"},\"primaryImageOfPage\":{\"@id\":\"https:\/\/assitej.culturaescenica.es\/editorial-assitej\/eduardo-blanco-amor\/romance-de-micomicon-y-adhelala\/#primaryimage\"},\"image\":{\"@id\":\"https:\/\/assitej.culturaescenica.es\/editorial-assitej\/eduardo-blanco-amor\/romance-de-micomicon-y-adhelala\/#primaryimage\"},\"thumbnailUrl\":\"https:\/\/assitej.culturaescenica.es\/wp-content\/uploads\/Romance-de-Micomicon-y-Adhelala-jpg.webp\",\"datePublished\":\"2016-02-08T17:25:01+00:00\",\"dateModified\":\"2025-05-05T14:01:41+00:00\",\"breadcrumb\":{\"@id\":\"https:\/\/assitej.culturaescenica.es\/editorial-assitej\/eduardo-blanco-amor\/romance-de-micomicon-y-adhelala\/#breadcrumb\"},\"inLanguage\":\"gl-ES\",\"potentialAction\":[{\"@type\":\"ReadAction\",\"target\":[\"https:\/\/assitej.culturaescenica.es\/editorial-assitej\/eduardo-blanco-amor\/romance-de-micomicon-y-adhelala\/\"]}]},{\"@type\":\"ImageObject\",\"inLanguage\":\"gl-ES\",\"@id\":\"https:\/\/assitej.culturaescenica.es\/editorial-assitej\/eduardo-blanco-amor\/romance-de-micomicon-y-adhelala\/#primaryimage\",\"url\":\"https:\/\/assitej.culturaescenica.es\/wp-content\/uploads\/Romance-de-Micomicon-y-Adhelala-jpg.webp\",\"contentUrl\":\"https:\/\/assitej.culturaescenica.es\/wp-content\/uploads\/Romance-de-Micomicon-y-Adhelala-jpg.webp\",\"width\":485,\"height\":700},{\"@type\":\"BreadcrumbList\",\"@id\":\"https:\/\/assitej.culturaescenica.es\/editorial-assitej\/eduardo-blanco-amor\/romance-de-micomicon-y-adhelala\/#breadcrumb\",\"itemListElement\":[{\"@type\":\"ListItem\",\"position\":1,\"name\":\"Portada\",\"item\":\"https:\/\/assitej.culturaescenica.es\/gl\/\"},{\"@type\":\"ListItem\",\"position\":2,\"name\":\"Editorial Assitej\",\"item\":\"https:\/\/assitej.culturaescenica.es\/es_es\/editorial-assitej\/\"},{\"@type\":\"ListItem\",\"position\":3,\"name\":\"ROMANCE DE MICOMIC\u00d3N Y ADHELALA\"}]},{\"@type\":\"WebSite\",\"@id\":\"https:\/\/assitej.culturaescenica.es\/gl\/#website\",\"url\":\"https:\/\/assitej.culturaescenica.es\/gl\/\",\"name\":\"ASSITEJ Espa\u00f1a\",\"description\":\"ARTES ESC\u00c9NICAS PARA LA INFANCIA Y LA JUVENTUD\",\"publisher\":{\"@id\":\"https:\/\/assitej.culturaescenica.es\/gl\/#organization\"},\"potentialAction\":[{\"@type\":\"SearchAction\",\"target\":{\"@type\":\"EntryPoint\",\"urlTemplate\":\"https:\/\/assitej.culturaescenica.es\/gl\/?s={search_term_string}\"},\"query-input\":{\"@type\":\"PropertyValueSpecification\",\"valueRequired\":true,\"valueName\":\"search_term_string\"}}],\"inLanguage\":\"gl-ES\"},{\"@type\":\"Organization\",\"@id\":\"https:\/\/assitej.culturaescenica.es\/gl\/#organization\",\"name\":\"ASSITEJ Espa\u00f1a\",\"url\":\"https:\/\/assitej.culturaescenica.es\/gl\/\",\"logo\":{\"@type\":\"ImageObject\",\"inLanguage\":\"gl-ES\",\"@id\":\"https:\/\/assitej.culturaescenica.es\/gl\/#\/schema\/logo\/image\/\",\"url\":\"https:\/\/assitej.es\/wp-content\/uploads\/Logo_ASSITEJ_Espana.RGB_2-1.png\",\"contentUrl\":\"https:\/\/assitej.es\/wp-content\/uploads\/Logo_ASSITEJ_Espana.RGB_2-1.png\",\"width\":4934,\"height\":2287,\"caption\":\"ASSITEJ Espa\u00f1a\"},\"image\":{\"@id\":\"https:\/\/assitej.culturaescenica.es\/gl\/#\/schema\/logo\/image\/\"},\"sameAs\":[\"https:\/\/www.facebook.com\/assitejespana\/\",\"https:\/\/x.com\/AssitejEspana\",\"https:\/\/www.youtube.com\/channel\/UCv-2SDBzEmyORL5tPvsYgMw\"]}]}<\/script>\n<!-- \/ Yoast SEO plugin. -->","yoast_head_json":{"title":"ROMANCE DE MICOMIC\u00d3N E ADHELALA - ASSITEJ Espa\u00f1a","robots":{"index":"index","follow":"follow","max-snippet":"max-snippet:-1","max-image-preview":"max-image-preview:large","max-video-preview":"max-video-preview:-1"},"canonical":"https:\/\/assitej.culturaescenica.es\/gl\/editorial-assitej\/eduardo-blanco-amor\/romance-de-micomicon-y-adhelala\/","og_locale":"gl_ES","og_type":"article","og_title":"ROMANCE DE MICOMIC\u00d3N Y ADHELALA - ASSITEJ Espa\u00f1a","og_description":"En Romance de Micomic\u00f3n y Adhelala, se habla de un reino extra\u00f1o gobernado por una reina histerica, donde hay un palacio a punto de derrumbarse por los arrebatos de Micomic\u00f3n, un pr\u00edncipe convertido en gigante por efecto de una maldici\u00f3n.Entre tanto personaje estrafalario, destaca Adhelala, una princesa cautiva, que posee la iniciativa y sabiduria necesarias para cambiar las cosas. Solo ella conoce el origen del mal del pr\u00edncipe y posee el remedio para curarlo.Eduardo Blanco Amor (Ourense, 1897-Vigo, 1979) emigr\u00f3 a Am\u00e9rica con 20 a\u00f1os y residi\u00f3 en Argentina, donde se dedic\u00f3 al periodismo y la literatura. En 1929 volvi\u00f3 a Galicia, como corresponsal del diario La Naci\u00f3n. Se dio a conocer como poeta en 1928, con la publicaci\u00f3n de Romances galegos y, m\u00e1s tarde,Cancioneiro (1956), Poema en catro tempos (1959), adem\u00e1s de algunas piezas teatrales como Farsas para T\u00edteres (de la que forma parte Romance de Micomic\u00f3n\u2026). Aunque cultiv\u00f3 algunos g\u00e9neros periodisticos y tambi\u00e9n literatura en castellano.","og_url":"https:\/\/assitej.culturaescenica.es\/gl\/editorial-assitej\/eduardo-blanco-amor\/romance-de-micomicon-y-adhelala\/","og_site_name":"ASSITEJ Espa\u00f1a","article_publisher":"https:\/\/www.facebook.com\/assitejespana\/","article_modified_time":"2025-05-05T14:01:41+00:00","og_image":[{"width":485,"height":700,"url":"https:\/\/assitej.culturaescenica.es\/wp-content\/uploads\/Romance-de-Micomicon-y-Adhelala-jpg.webp","type":"image\/jpeg"}],"twitter_card":"summary_large_image","twitter_site":"@AssitejEspana","twitter_misc":{"Tempo de lectura":"1 minuto"},"schema":{"@context":"https:\/\/schema.org","@graph":[{"@type":"WebPage","@id":"https:\/\/assitej.culturaescenica.es\/editorial-assitej\/eduardo-blanco-amor\/romance-de-micomicon-y-adhelala\/","url":"https:\/\/assitej.culturaescenica.es\/editorial-assitej\/eduardo-blanco-amor\/romance-de-micomicon-y-adhelala\/","name":"ROMANCE DE MICOMIC\u00d3N E ADHELALA - ASSITEJ Espa\u00f1a","isPartOf":{"@id":"https:\/\/assitej.culturaescenica.es\/gl\/#website"},"primaryImageOfPage":{"@id":"https:\/\/assitej.culturaescenica.es\/editorial-assitej\/eduardo-blanco-amor\/romance-de-micomicon-y-adhelala\/#primaryimage"},"image":{"@id":"https:\/\/assitej.culturaescenica.es\/editorial-assitej\/eduardo-blanco-amor\/romance-de-micomicon-y-adhelala\/#primaryimage"},"thumbnailUrl":"https:\/\/assitej.culturaescenica.es\/wp-content\/uploads\/Romance-de-Micomicon-y-Adhelala-jpg.webp","datePublished":"2016-02-08T17:25:01+00:00","dateModified":"2025-05-05T14:01:41+00:00","breadcrumb":{"@id":"https:\/\/assitej.culturaescenica.es\/editorial-assitej\/eduardo-blanco-amor\/romance-de-micomicon-y-adhelala\/#breadcrumb"},"inLanguage":"gl-ES","potentialAction":[{"@type":"ReadAction","target":["https:\/\/assitej.culturaescenica.es\/editorial-assitej\/eduardo-blanco-amor\/romance-de-micomicon-y-adhelala\/"]}]},{"@type":"ImageObject","inLanguage":"gl-ES","@id":"https:\/\/assitej.culturaescenica.es\/editorial-assitej\/eduardo-blanco-amor\/romance-de-micomicon-y-adhelala\/#primaryimage","url":"https:\/\/assitej.culturaescenica.es\/wp-content\/uploads\/Romance-de-Micomicon-y-Adhelala-jpg.webp","contentUrl":"https:\/\/assitej.culturaescenica.es\/wp-content\/uploads\/Romance-de-Micomicon-y-Adhelala-jpg.webp","width":485,"height":700},{"@type":"BreadcrumbList","@id":"https:\/\/assitej.culturaescenica.es\/editorial-assitej\/eduardo-blanco-amor\/romance-de-micomicon-y-adhelala\/#breadcrumb","itemListElement":[{"@type":"ListItem","position":1,"name":"Portada","item":"https:\/\/assitej.culturaescenica.es\/gl\/"},{"@type":"ListItem","position":2,"name":"Editorial Assitej","item":"https:\/\/assitej.culturaescenica.es\/es_es\/editorial-assitej\/"},{"@type":"ListItem","position":3,"name":"ROMANCE DE MICOMIC\u00d3N Y ADHELALA"}]},{"@type":"WebSite","@id":"https:\/\/assitej.culturaescenica.es\/gl\/#website","url":"https:\/\/assitej.culturaescenica.es\/gl\/","name":"ASSITEJ Espa\u00f1a","description":"ARTE PERFORMANTES PARA NENOS E XUVENTUDE","publisher":{"@id":"https:\/\/assitej.culturaescenica.es\/gl\/#organization"},"potentialAction":[{"@type":"SearchAction","target":{"@type":"EntryPoint","urlTemplate":"https:\/\/assitej.culturaescenica.es\/gl\/?s={search_term_string}"},"query-input":{"@type":"PropertyValueSpecification","valueRequired":true,"valueName":"search_term_string"}}],"inLanguage":"gl-ES"},{"@type":"Organization","@id":"https:\/\/assitej.culturaescenica.es\/gl\/#organization","name":"ASSITEJ Espa\u00f1a","url":"https:\/\/assitej.culturaescenica.es\/gl\/","logo":{"@type":"ImageObject","inLanguage":"gl-ES","@id":"https:\/\/assitej.culturaescenica.es\/gl\/#\/schema\/logo\/image\/","url":"https:\/\/assitej.es\/wp-content\/uploads\/Logo_ASSITEJ_Espana.RGB_2-1.png","contentUrl":"https:\/\/assitej.es\/wp-content\/uploads\/Logo_ASSITEJ_Espana.RGB_2-1.png","width":4934,"height":2287,"caption":"ASSITEJ Espa\u00f1a"},"image":{"@id":"https:\/\/assitej.culturaescenica.es\/gl\/#\/schema\/logo\/image\/"},"sameAs":["https:\/\/www.facebook.com\/assitejespana\/","https:\/\/x.com\/AssitejEspana","https:\/\/www.youtube.com\/channel\/UCv-2SDBzEmyORL5tPvsYgMw"]}]}},"_links":{"self":[{"href":"https:\/\/assitej.culturaescenica.es\/gl\/wp-json\/wp\/v2\/product\/3180","targetHints":{"allow":["GET"]}}],"collection":[{"href":"https:\/\/assitej.culturaescenica.es\/gl\/wp-json\/wp\/v2\/product"}],"about":[{"href":"https:\/\/assitej.culturaescenica.es\/gl\/wp-json\/wp\/v2\/types\/product"}],"wp:featuredmedia":[{"embeddable":true,"href":"https:\/\/assitej.culturaescenica.es\/gl\/wp-json\/wp\/v2\/media\/24323"}],"wp:attachment":[{"href":"https:\/\/assitej.culturaescenica.es\/gl\/wp-json\/wp\/v2\/media?parent=3180"}],"wp:term":[{"taxonomy":"product_brand","embeddable":true,"href":"https:\/\/assitej.culturaescenica.es\/gl\/wp-json\/wp\/v2\/product_brand?post=3180"},{"taxonomy":"product_cat","embeddable":true,"href":"https:\/\/assitej.culturaescenica.es\/gl\/wp-json\/wp\/v2\/product_cat?post=3180"},{"taxonomy":"product_tag","embeddable":true,"href":"https:\/\/assitej.culturaescenica.es\/gl\/wp-json\/wp\/v2\/product_tag?post=3180"}],"curies":[{"name":"wp","href":"https:\/\/api.w.org\/{rel}","templated":true}]}}