{"id":3177,"date":"2017-02-12T18:12:39","date_gmt":"2017-02-12T17:12:39","guid":{"rendered":"http:\/\/www.assitej.net\/producto\/bajo-el-cielo\/"},"modified":"2025-05-05T16:01:41","modified_gmt":"2025-05-05T14:01:41","slug":"mia","status":"publish","type":"product","link":"https:\/\/assitej.culturaescenica.es\/gl\/editorial-assitej\/amaranta-leyva\/mia\/","title":{"rendered":"MEU"},"content":{"rendered":"<p><em>O meu<\/em> \u00c9 unha historia de amor. <em>O meu<\/em> Ela preferir\u00eda que o seu pai e a s\u00faa nai non a queiran tanto, sen\u00f3n que se queiran m\u00e1is. pero agora <em>O meu<\/em> Xa non sabe o que queren, se a queren, se quere ser amada. <em>O meu<\/em> \u00c9 unha historia de terror. <em>O meu<\/em> Est\u00e1 encerrada co seu medo. S\u00f3. S\u00f3 con Sinforoso. <em>O meu<\/em> \u00c9 a historia dun reencontro. <em>O meu<\/em> Visita o seu pasado, fala con el.<em>O meu<\/em>Gustar\u00edame que todo fose como antes, xa que xa non est\u00e1. Como cando o seu pai e a s\u00faa nai lle chamaban Mina, porque \u00eda ser deles...<strong>Amaranta Leyva<\/strong>, Dramaturgo. Directora, actriz e titiritero mexicana. Escribiu e dirixiu numerosos traballos para a veterana compa\u00f1\u00eda Marionetas de la Esquina, fundada en 1975 en Arxentina e actualmente afincada na Cidade de M\u00e9xico. Coordina a colecci\u00f3n de libros para nenos e nenas La Estrella del Agua, da editorial Cal y Arena. , e o Festival Titer\u00edas, en Guanajuato. Tam\u00e9n \u00e9 a creadora do espect\u00e1culo de t\u00edteres para televisi\u00f3n Cero Cero.pa\u00f1a..<\/p>","protected":false},"excerpt":{"rendered":"<p><em>O meu<\/em> \u00c9 unha historia de amor. <em>O meu<\/em> Ela preferir\u00eda que o seu pai e a s\u00faa nai non a queiran tanto, sen\u00f3n que se queiran m\u00e1is. pero agora <em>O meu<\/em> Xa non sabe o que queren, se a queren, se quere ser amada. <em>O meu<\/em> \u00c9 unha historia de terror. <em>O meu<\/em> Est\u00e1 encerrada co seu medo. S\u00f3. S\u00f3 con Sinforoso. <em>O meu<\/em> \u00c9 a historia dun reencontro. <em>O meu<\/em> Visita o seu pasado, fala con el.<em>O meu<\/em>Gustar\u00edame que todo fose como antes, xa que xa non est\u00e1. Como cando o seu pai e a s\u00faa nai lle chamaban Mina, porque \u00eda ser deles...<strong>Amaranta Leyva<\/strong>, Dramaturgo. Directora, actriz e titiritero mexicana. Escribiu e dirixiu numerosos traballos para a veterana compa\u00f1\u00eda Marionetas de la Esquina, fundada en 1975 en Arxentina e actualmente afincada na Cidade de M\u00e9xico. Coordina a colecci\u00f3n de libros para nenos e nenas La Estrella del Agua, da editorial Cal y Arena. , e o Festival Titer\u00edas, en Guanajuato. Tam\u00e9n \u00e9 a creadora do espect\u00e1culo de t\u00edteres para televisi\u00f3n Cero Cero.pa\u00f1a..<\/p>","protected":false},"featured_media":24320,"template":"","meta":{"_acf_changed":false,"_links_to":"","_links_to_target":""},"product_brand":[],"product_cat":[76],"product_tag":[67],"class_list":{"0":"post-3177","1":"product","2":"type-product","3":"status-publish","4":"has-post-thumbnail","6":"product_cat-amaranta-leyva","7":"product_tag-coleccion-teatro","8":"infinite-scroll-item","9":"","10":"woocommerce-text-align-left","11":"woocommerce-image-align-center","12":"do-quantity-buttons","14":"first","15":"instock","16":"featured","17":"taxable","18":"shipping-taxable","19":"purchasable","20":"product-type-simple"},"acf":[],"yoast_head":"<!-- This site is optimized with the Yoast SEO plugin v27.1.1 - https:\/\/yoast.com\/product\/yoast-seo-wordpress\/ -->\n<title>M\u00cdA - ASSITEJ Espa\u00f1a<\/title>\n<meta name=\"robots\" content=\"index, follow, max-snippet:-1, max-image-preview:large, max-video-preview:-1\" \/>\n<link rel=\"canonical\" href=\"https:\/\/assitej.culturaescenica.es\/gl\/editorial-assitej\/amaranta-leyva\/mia\/\" \/>\n<meta property=\"og:locale\" content=\"gl_ES\" \/>\n<meta property=\"og:type\" content=\"article\" \/>\n<meta property=\"og:title\" content=\"M\u00cdA - ASSITEJ Espa\u00f1a\" \/>\n<meta property=\"og:description\" content=\"M\u00eda es una historia de amor. M\u00eda habr\u00eda preferido que su padre y su madre no la quisieran tanto a ella, pero se quisieran m\u00e1s el uno al otro. Pero ahora M\u00eda ya no sabe que quieren, si la quieren, si quiere que la quieran. M\u00eda es una historia de terror. M\u00eda est\u00e1 encerrada con su miedo. Sola. Sola con Sinforoso. M\u00eda es la historia de un reencuentro. M\u00eda visita su pasado, habla con \u00e9l.M\u00edaquerr\u00eda que todo fuera como antes, como ya no es. Como cuando su padre y su madre la llamaron M\u00eda, porque iba a ser de los dos\u2026Amaranta Leyva, Dramaturga. Directora, actriz y titiritera mejicana. Ha escrito y dirigido numerosas obras para la veterana compa\u00f1\u00eda Marionetas de la Esquina, fundada en 1975 en Argentina y actulamente radicada en M\u00e9xico D.F. Coordina la colecci\u00f3n de libros para ni\u00f1os y ni\u00f1as La estrella del agua, de la editorial Cal y arena, y el Festival Titer\u00edas, en Guanajuato. Tambi\u00e9n es creadora del programa de t\u00edteres para la televisi\u00f3n Cero Cero.pa\u00f1a..\" \/>\n<meta property=\"og:url\" content=\"https:\/\/assitej.culturaescenica.es\/gl\/editorial-assitej\/amaranta-leyva\/mia\/\" \/>\n<meta property=\"og:site_name\" content=\"ASSITEJ Espa\u00f1a\" \/>\n<meta property=\"article:publisher\" content=\"https:\/\/www.facebook.com\/assitejespana\/\" \/>\n<meta property=\"article:modified_time\" content=\"2025-05-05T14:01:41+00:00\" \/>\n<meta property=\"og:image\" content=\"https:\/\/assitej.culturaescenica.es\/wp-content\/uploads\/mia-1-jpg.webp\" \/>\n\t<meta property=\"og:image:width\" content=\"376\" \/>\n\t<meta property=\"og:image:height\" content=\"556\" \/>\n\t<meta property=\"og:image:type\" content=\"image\/jpeg\" \/>\n<meta name=\"twitter:card\" content=\"summary_large_image\" \/>\n<meta name=\"twitter:site\" content=\"@AssitejEspana\" \/>\n<meta name=\"twitter:label1\" content=\"Tempo de lectura\" \/>\n\t<meta name=\"twitter:data1\" content=\"1 minuto\" \/>\n<script type=\"application\/ld+json\" class=\"yoast-schema-graph\">{\"@context\":\"https:\/\/schema.org\",\"@graph\":[{\"@type\":\"WebPage\",\"@id\":\"https:\/\/assitej.culturaescenica.es\/eu\/editorial-assitej\/amaranta-leyva\/mia\/\",\"url\":\"https:\/\/assitej.culturaescenica.es\/eu\/editorial-assitej\/amaranta-leyva\/mia\/\",\"name\":\"M\u00cdA - ASSITEJ Espa\u00f1a\",\"isPartOf\":{\"@id\":\"https:\/\/assitej.culturaescenica.es\/gl\/#website\"},\"primaryImageOfPage\":{\"@id\":\"https:\/\/assitej.culturaescenica.es\/eu\/editorial-assitej\/amaranta-leyva\/mia\/#primaryimage\"},\"image\":{\"@id\":\"https:\/\/assitej.culturaescenica.es\/eu\/editorial-assitej\/amaranta-leyva\/mia\/#primaryimage\"},\"thumbnailUrl\":\"https:\/\/assitej.culturaescenica.es\/wp-content\/uploads\/mia-1-jpg.webp\",\"datePublished\":\"2017-02-12T17:12:39+00:00\",\"dateModified\":\"2025-05-05T14:01:41+00:00\",\"breadcrumb\":{\"@id\":\"https:\/\/assitej.culturaescenica.es\/eu\/editorial-assitej\/amaranta-leyva\/mia\/#breadcrumb\"},\"inLanguage\":\"gl-ES\",\"potentialAction\":[{\"@type\":\"ReadAction\",\"target\":[\"https:\/\/assitej.culturaescenica.es\/eu\/editorial-assitej\/amaranta-leyva\/mia\/\"]}]},{\"@type\":\"ImageObject\",\"inLanguage\":\"gl-ES\",\"@id\":\"https:\/\/assitej.culturaescenica.es\/eu\/editorial-assitej\/amaranta-leyva\/mia\/#primaryimage\",\"url\":\"https:\/\/assitej.culturaescenica.es\/wp-content\/uploads\/mia-1-jpg.webp\",\"contentUrl\":\"https:\/\/assitej.culturaescenica.es\/wp-content\/uploads\/mia-1-jpg.webp\",\"width\":376,\"height\":556},{\"@type\":\"BreadcrumbList\",\"@id\":\"https:\/\/assitej.culturaescenica.es\/eu\/editorial-assitej\/amaranta-leyva\/mia\/#breadcrumb\",\"itemListElement\":[{\"@type\":\"ListItem\",\"position\":1,\"name\":\"Portada\",\"item\":\"https:\/\/assitej.culturaescenica.es\/gl\/\"},{\"@type\":\"ListItem\",\"position\":2,\"name\":\"Editorial Assitej\",\"item\":\"https:\/\/assitej.culturaescenica.es\/es_es\/editorial-assitej\/\"},{\"@type\":\"ListItem\",\"position\":3,\"name\":\"M\u00cdA\"}]},{\"@type\":\"WebSite\",\"@id\":\"https:\/\/assitej.culturaescenica.es\/gl\/#website\",\"url\":\"https:\/\/assitej.culturaescenica.es\/gl\/\",\"name\":\"ASSITEJ Espa\u00f1a\",\"description\":\"ARTES ESC\u00c9NICAS PARA LA INFANCIA Y LA JUVENTUD\",\"publisher\":{\"@id\":\"https:\/\/assitej.culturaescenica.es\/gl\/#organization\"},\"potentialAction\":[{\"@type\":\"SearchAction\",\"target\":{\"@type\":\"EntryPoint\",\"urlTemplate\":\"https:\/\/assitej.culturaescenica.es\/gl\/?s={search_term_string}\"},\"query-input\":{\"@type\":\"PropertyValueSpecification\",\"valueRequired\":true,\"valueName\":\"search_term_string\"}}],\"inLanguage\":\"gl-ES\"},{\"@type\":\"Organization\",\"@id\":\"https:\/\/assitej.culturaescenica.es\/gl\/#organization\",\"name\":\"ASSITEJ Espa\u00f1a\",\"url\":\"https:\/\/assitej.culturaescenica.es\/gl\/\",\"logo\":{\"@type\":\"ImageObject\",\"inLanguage\":\"gl-ES\",\"@id\":\"https:\/\/assitej.culturaescenica.es\/gl\/#\/schema\/logo\/image\/\",\"url\":\"https:\/\/assitej.es\/wp-content\/uploads\/Logo_ASSITEJ_Espana.RGB_2-1.png\",\"contentUrl\":\"https:\/\/assitej.es\/wp-content\/uploads\/Logo_ASSITEJ_Espana.RGB_2-1.png\",\"width\":4934,\"height\":2287,\"caption\":\"ASSITEJ Espa\u00f1a\"},\"image\":{\"@id\":\"https:\/\/assitej.culturaescenica.es\/gl\/#\/schema\/logo\/image\/\"},\"sameAs\":[\"https:\/\/www.facebook.com\/assitejespana\/\",\"https:\/\/x.com\/AssitejEspana\",\"https:\/\/www.youtube.com\/channel\/UCv-2SDBzEmyORL5tPvsYgMw\"]}]}<\/script>\n<!-- \/ Yoast SEO plugin. -->","yoast_head_json":{"title":"MINA - ASSITEJ Espa\u00f1a","robots":{"index":"index","follow":"follow","max-snippet":"max-snippet:-1","max-image-preview":"max-image-preview:large","max-video-preview":"max-video-preview:-1"},"canonical":"https:\/\/assitej.culturaescenica.es\/gl\/editorial-assitej\/amaranta-leyva\/mia\/","og_locale":"gl_ES","og_type":"article","og_title":"M\u00cdA - ASSITEJ Espa\u00f1a","og_description":"M\u00eda es una historia de amor. M\u00eda habr\u00eda preferido que su padre y su madre no la quisieran tanto a ella, pero se quisieran m\u00e1s el uno al otro. Pero ahora M\u00eda ya no sabe que quieren, si la quieren, si quiere que la quieran. M\u00eda es una historia de terror. M\u00eda est\u00e1 encerrada con su miedo. Sola. Sola con Sinforoso. M\u00eda es la historia de un reencuentro. M\u00eda visita su pasado, habla con \u00e9l.M\u00edaquerr\u00eda que todo fuera como antes, como ya no es. Como cuando su padre y su madre la llamaron M\u00eda, porque iba a ser de los dos\u2026Amaranta Leyva, Dramaturga. Directora, actriz y titiritera mejicana. Ha escrito y dirigido numerosas obras para la veterana compa\u00f1\u00eda Marionetas de la Esquina, fundada en 1975 en Argentina y actulamente radicada en M\u00e9xico D.F. Coordina la colecci\u00f3n de libros para ni\u00f1os y ni\u00f1as La estrella del agua, de la editorial Cal y arena, y el Festival Titer\u00edas, en Guanajuato. Tambi\u00e9n es creadora del programa de t\u00edteres para la televisi\u00f3n Cero Cero.pa\u00f1a..","og_url":"https:\/\/assitej.culturaescenica.es\/gl\/editorial-assitej\/amaranta-leyva\/mia\/","og_site_name":"ASSITEJ Espa\u00f1a","article_publisher":"https:\/\/www.facebook.com\/assitejespana\/","article_modified_time":"2025-05-05T14:01:41+00:00","og_image":[{"width":376,"height":556,"url":"https:\/\/assitej.culturaescenica.es\/wp-content\/uploads\/mia-1-jpg.webp","type":"image\/jpeg"}],"twitter_card":"summary_large_image","twitter_site":"@AssitejEspana","twitter_misc":{"Tempo de lectura":"1 minuto"},"schema":{"@context":"https:\/\/schema.org","@graph":[{"@type":"WebPage","@id":"https:\/\/assitej.culturaescenica.es\/eu\/editorial-assitej\/amaranta-leyva\/mia\/","url":"https:\/\/assitej.culturaescenica.es\/eu\/editorial-assitej\/amaranta-leyva\/mia\/","name":"MINA - ASSITEJ Espa\u00f1a","isPartOf":{"@id":"https:\/\/assitej.culturaescenica.es\/gl\/#website"},"primaryImageOfPage":{"@id":"https:\/\/assitej.culturaescenica.es\/eu\/editorial-assitej\/amaranta-leyva\/mia\/#primaryimage"},"image":{"@id":"https:\/\/assitej.culturaescenica.es\/eu\/editorial-assitej\/amaranta-leyva\/mia\/#primaryimage"},"thumbnailUrl":"https:\/\/assitej.culturaescenica.es\/wp-content\/uploads\/mia-1-jpg.webp","datePublished":"2017-02-12T17:12:39+00:00","dateModified":"2025-05-05T14:01:41+00:00","breadcrumb":{"@id":"https:\/\/assitej.culturaescenica.es\/eu\/editorial-assitej\/amaranta-leyva\/mia\/#breadcrumb"},"inLanguage":"gl-ES","potentialAction":[{"@type":"ReadAction","target":["https:\/\/assitej.culturaescenica.es\/eu\/editorial-assitej\/amaranta-leyva\/mia\/"]}]},{"@type":"ImageObject","inLanguage":"gl-ES","@id":"https:\/\/assitej.culturaescenica.es\/eu\/editorial-assitej\/amaranta-leyva\/mia\/#primaryimage","url":"https:\/\/assitej.culturaescenica.es\/wp-content\/uploads\/mia-1-jpg.webp","contentUrl":"https:\/\/assitej.culturaescenica.es\/wp-content\/uploads\/mia-1-jpg.webp","width":376,"height":556},{"@type":"BreadcrumbList","@id":"https:\/\/assitej.culturaescenica.es\/eu\/editorial-assitej\/amaranta-leyva\/mia\/#breadcrumb","itemListElement":[{"@type":"ListItem","position":1,"name":"Portada","item":"https:\/\/assitej.culturaescenica.es\/gl\/"},{"@type":"ListItem","position":2,"name":"Editorial Assitej","item":"https:\/\/assitej.culturaescenica.es\/es_es\/editorial-assitej\/"},{"@type":"ListItem","position":3,"name":"M\u00cdA"}]},{"@type":"WebSite","@id":"https:\/\/assitej.culturaescenica.es\/gl\/#website","url":"https:\/\/assitej.culturaescenica.es\/gl\/","name":"ASSITEJ Espa\u00f1a","description":"ARTE PERFORMANTES PARA NENOS E XUVENTUDE","publisher":{"@id":"https:\/\/assitej.culturaescenica.es\/gl\/#organization"},"potentialAction":[{"@type":"SearchAction","target":{"@type":"EntryPoint","urlTemplate":"https:\/\/assitej.culturaescenica.es\/gl\/?s={search_term_string}"},"query-input":{"@type":"PropertyValueSpecification","valueRequired":true,"valueName":"search_term_string"}}],"inLanguage":"gl-ES"},{"@type":"Organization","@id":"https:\/\/assitej.culturaescenica.es\/gl\/#organization","name":"ASSITEJ Espa\u00f1a","url":"https:\/\/assitej.culturaescenica.es\/gl\/","logo":{"@type":"ImageObject","inLanguage":"gl-ES","@id":"https:\/\/assitej.culturaescenica.es\/gl\/#\/schema\/logo\/image\/","url":"https:\/\/assitej.es\/wp-content\/uploads\/Logo_ASSITEJ_Espana.RGB_2-1.png","contentUrl":"https:\/\/assitej.es\/wp-content\/uploads\/Logo_ASSITEJ_Espana.RGB_2-1.png","width":4934,"height":2287,"caption":"ASSITEJ Espa\u00f1a"},"image":{"@id":"https:\/\/assitej.culturaescenica.es\/gl\/#\/schema\/logo\/image\/"},"sameAs":["https:\/\/www.facebook.com\/assitejespana\/","https:\/\/x.com\/AssitejEspana","https:\/\/www.youtube.com\/channel\/UCv-2SDBzEmyORL5tPvsYgMw"]}]}},"_links":{"self":[{"href":"https:\/\/assitej.culturaescenica.es\/gl\/wp-json\/wp\/v2\/product\/3177","targetHints":{"allow":["GET"]}}],"collection":[{"href":"https:\/\/assitej.culturaescenica.es\/gl\/wp-json\/wp\/v2\/product"}],"about":[{"href":"https:\/\/assitej.culturaescenica.es\/gl\/wp-json\/wp\/v2\/types\/product"}],"wp:featuredmedia":[{"embeddable":true,"href":"https:\/\/assitej.culturaescenica.es\/gl\/wp-json\/wp\/v2\/media\/24320"}],"wp:attachment":[{"href":"https:\/\/assitej.culturaescenica.es\/gl\/wp-json\/wp\/v2\/media?parent=3177"}],"wp:term":[{"taxonomy":"product_brand","embeddable":true,"href":"https:\/\/assitej.culturaescenica.es\/gl\/wp-json\/wp\/v2\/product_brand?post=3177"},{"taxonomy":"product_cat","embeddable":true,"href":"https:\/\/assitej.culturaescenica.es\/gl\/wp-json\/wp\/v2\/product_cat?post=3177"},{"taxonomy":"product_tag","embeddable":true,"href":"https:\/\/assitej.culturaescenica.es\/gl\/wp-json\/wp\/v2\/product_tag?post=3177"}],"curies":[{"name":"wp","href":"https:\/\/api.w.org\/{rel}","templated":true}]}}