{"id":25920,"date":"2025-01-27T10:29:41","date_gmt":"2025-01-27T09:29:41","guid":{"rendered":"https:\/\/assitej.es\/beta2\/?post_type=product&#038;p=25920"},"modified":"2025-01-27T12:13:09","modified_gmt":"2025-01-27T11:13:09","slug":"los-pequenos-poderes","status":"publish","type":"product","link":"https:\/\/assitej.culturaescenica.es\/gl\/editorial-assitej\/suzanne-lebeau\/los-pequenos-poderes\/","title":{"rendered":"Os pequenos poderes"},"content":{"rendered":"<p>Suzanne Lebeau merg\u00fallanos no delicado mundo das relaci\u00f3ns entre pais e fillos a trav\u00e9s de Os pequenos poderes, unha obra que explora con sensibilidade o peso da autoridade e as tensi\u00f3ns coti\u00e1s que xorden na vida coti\u00e1 dunha familia.<\/p>\n<p>Cun enfoque xenu\u00edno e relatable, esta obra retrata a catro nenos e os seus pais, que, entre xogos, discusi\u00f3ns e pequenos conflitos, loitan coas batallas invisibles que conforman a vida familiar: orde, permisos, comidas, castigos... todas aquelas cousas aparentemente insignificantes que te\u00f1en o poder de configurar as relaci\u00f3ns entre xeraci\u00f3ns.<\/p>\n<p>Escrita tras un amplo traballo cos mozos, Os pequenos poderes combina unha estrutura coral que alterna o di\u00e1logo \u00edntimo coa reflexi\u00f3n colectiva, permitindo ao espectador ou lector observar desde f\u00f3ra e, ao mesmo tempo, sentirse profundamente implicado nas situaci\u00f3ns coti\u00e1s que todos vivimos nalg\u00fan momento.<\/p>\n<p>Esta obra exp\u00f3n unha pregunta crucial: como se perciben os pequenos xestos de poder que xorden na vida coti\u00e1? Lebeau non pretende dar respostas, sen\u00f3n invitar \u00e1 reflexi\u00f3n sobre a autoridade e as s\u00faas m\u00faltiples formas. Cun ollo coidadoso e gran sensibilidade cara \u00e1 infancia, Os pequenos poderes conv\u00e9rtese nunha peza imprescindible para comprender a complexa rede de emoci\u00f3ns e negociaci\u00f3ns que conforman a vida familiar.<\/p>","protected":false},"excerpt":{"rendered":"<p>Suzanne Lebeau merg\u00fallanos no delicado mundo das relaci\u00f3ns entre pais e fillos a trav\u00e9s de Os pequenos poderes, unha obra que explora con sensibilidade o peso da autoridade e as tensi\u00f3ns coti\u00e1s que xorden na vida coti\u00e1 dunha familia.<\/p>\n<p>Cun enfoque xenu\u00edno e relatable, esta obra retrata a catro nenos e os seus pais, que, entre xogos, discusi\u00f3ns e pequenos conflitos, loitan coas batallas invisibles que conforman a vida familiar: orde, permisos, comidas, castigos... todas aquelas cousas aparentemente insignificantes que te\u00f1en o poder de configurar as relaci\u00f3ns entre xeraci\u00f3ns.<\/p>\n<p>Escrita tras un amplo traballo cos mozos, Os pequenos poderes combina unha estrutura coral que alterna o di\u00e1logo \u00edntimo coa reflexi\u00f3n colectiva, permitindo ao espectador ou lector observar desde f\u00f3ra e, ao mesmo tempo, sentirse profundamente implicado nas situaci\u00f3ns coti\u00e1s que todos vivimos nalg\u00fan momento.<\/p>\n<p>Esta obra exp\u00f3n unha pregunta crucial: como se perciben os pequenos xestos de poder que xorden na vida coti\u00e1? Lebeau non pretende dar respostas, sen\u00f3n invitar \u00e1 reflexi\u00f3n sobre a autoridade e as s\u00faas m\u00faltiples formas. Cun ollo coidadoso e gran sensibilidade cara \u00e1 infancia, Os pequenos poderes conv\u00e9rtese nunha peza imprescindible para comprender a complexa rede de emoci\u00f3ns e negociaci\u00f3ns que conforman a vida familiar.<\/p>","protected":false},"featured_media":25921,"template":"","meta":{"_acf_changed":false,"_links_to":"","_links_to_target":""},"product_brand":[],"product_cat":[115],"product_tag":[122],"class_list":{"0":"post-25920","1":"product","2":"type-product","3":"status-publish","4":"has-post-thumbnail","6":"product_cat-suzanne-lebeau","7":"product_tag-coleccion-internacional","8":"infinite-scroll-item","9":"","10":"woocommerce-text-align-left","11":"woocommerce-image-align-center","12":"do-quantity-buttons","13":"wc-has-gallery","15":"first","16":"instock","17":"taxable","18":"shipping-taxable","19":"purchasable","20":"product-type-simple"},"acf":[],"yoast_head":"<!-- This site is optimized with the Yoast SEO plugin v27.1.1 - https:\/\/yoast.com\/product\/yoast-seo-wordpress\/ -->\n<title>Los peque\u00f1os poderes - ASSITEJ Espa\u00f1a<\/title>\n<meta name=\"description\" content=\"Suzanne Lebeau nos sumerge en el delicado mundo de las relaciones entre padres e hijos a trav\u00e9s de Los peque\u00f1os poderes, una obra que explora, con gran sensibilidad, el peso de la autoridad y las tensiones cotidianas que surgen en el d\u00eda a d\u00eda de una familia.\" \/>\n<meta name=\"robots\" content=\"index, follow, max-snippet:-1, max-image-preview:large, max-video-preview:-1\" \/>\n<link rel=\"canonical\" href=\"https:\/\/assitej.culturaescenica.es\/gl\/editorial-assitej\/suzanne-lebeau\/los-pequenos-poderes\/\" \/>\n<meta property=\"og:locale\" content=\"gl_ES\" \/>\n<meta property=\"og:type\" content=\"article\" \/>\n<meta property=\"og:title\" content=\"Los peque\u00f1os poderes - ASSITEJ Espa\u00f1a\" \/>\n<meta property=\"og:description\" content=\"Suzanne Lebeau nos sumerge en el delicado mundo de las relaciones entre padres e hijos a trav\u00e9s de Los peque\u00f1os poderes, una obra que explora, con gran sensibilidad, el peso de la autoridad y las tensiones cotidianas que surgen en el d\u00eda a d\u00eda de una familia.\" \/>\n<meta property=\"og:url\" content=\"https:\/\/assitej.culturaescenica.es\/gl\/editorial-assitej\/suzanne-lebeau\/los-pequenos-poderes\/\" \/>\n<meta property=\"og:site_name\" content=\"ASSITEJ Espa\u00f1a\" \/>\n<meta property=\"article:publisher\" content=\"https:\/\/www.facebook.com\/assitejespana\/\" \/>\n<meta property=\"article:modified_time\" content=\"2025-01-27T11:13:09+00:00\" \/>\n<meta property=\"og:image\" content=\"https:\/\/assitej.culturaescenica.es\/wp-content\/uploads\/Poderes_Cubierta_F-scaled.webp\" \/>\n\t<meta property=\"og:image:width\" content=\"1745\" \/>\n\t<meta property=\"og:image:height\" content=\"2560\" \/>\n\t<meta property=\"og:image:type\" content=\"image\/jpeg\" \/>\n<meta name=\"twitter:card\" content=\"summary_large_image\" \/>\n<meta name=\"twitter:site\" content=\"@AssitejEspana\" \/>\n<meta name=\"twitter:label1\" content=\"Tempo de lectura\" \/>\n\t<meta name=\"twitter:data1\" content=\"2 minutos\" \/>\n<script type=\"application\/ld+json\" class=\"yoast-schema-graph\">{\"@context\":\"https:\/\/schema.org\",\"@graph\":[{\"@type\":\"WebPage\",\"@id\":\"https:\/\/assitej.culturaescenica.es\/eu\/editorial-assitej\/suzanne-lebeau\/los-pequenos-poderes\/\",\"url\":\"https:\/\/assitej.culturaescenica.es\/eu\/editorial-assitej\/suzanne-lebeau\/los-pequenos-poderes\/\",\"name\":\"Los peque\u00f1os poderes - ASSITEJ Espa\u00f1a\",\"isPartOf\":{\"@id\":\"https:\/\/assitej.culturaescenica.es\/gl\/#website\"},\"primaryImageOfPage\":{\"@id\":\"https:\/\/assitej.culturaescenica.es\/eu\/editorial-assitej\/suzanne-lebeau\/los-pequenos-poderes\/#primaryimage\"},\"image\":{\"@id\":\"https:\/\/assitej.culturaescenica.es\/eu\/editorial-assitej\/suzanne-lebeau\/los-pequenos-poderes\/#primaryimage\"},\"thumbnailUrl\":\"https:\/\/assitej.culturaescenica.es\/wp-content\/uploads\/Poderes_Cubierta_F-scaled.webp\",\"datePublished\":\"2025-01-27T09:29:41+00:00\",\"dateModified\":\"2025-01-27T11:13:09+00:00\",\"description\":\"Suzanne Lebeau nos sumerge en el delicado mundo de las relaciones entre padres e hijos a trav\u00e9s de Los peque\u00f1os poderes, una obra que explora, con gran sensibilidad, el peso de la autoridad y las tensiones cotidianas que surgen en el d\u00eda a d\u00eda de una familia.\",\"breadcrumb\":{\"@id\":\"https:\/\/assitej.culturaescenica.es\/eu\/editorial-assitej\/suzanne-lebeau\/los-pequenos-poderes\/#breadcrumb\"},\"inLanguage\":\"gl-ES\",\"potentialAction\":[{\"@type\":\"ReadAction\",\"target\":[\"https:\/\/assitej.culturaescenica.es\/eu\/editorial-assitej\/suzanne-lebeau\/los-pequenos-poderes\/\"]}]},{\"@type\":\"ImageObject\",\"inLanguage\":\"gl-ES\",\"@id\":\"https:\/\/assitej.culturaescenica.es\/eu\/editorial-assitej\/suzanne-lebeau\/los-pequenos-poderes\/#primaryimage\",\"url\":\"https:\/\/assitej.culturaescenica.es\/wp-content\/uploads\/Poderes_Cubierta_F-scaled.webp\",\"contentUrl\":\"https:\/\/assitej.culturaescenica.es\/wp-content\/uploads\/Poderes_Cubierta_F-scaled.webp\",\"width\":1745,\"height\":2560,\"caption\":\"Los peque\u00f1os poderes portada\"},{\"@type\":\"BreadcrumbList\",\"@id\":\"https:\/\/assitej.culturaescenica.es\/eu\/editorial-assitej\/suzanne-lebeau\/los-pequenos-poderes\/#breadcrumb\",\"itemListElement\":[{\"@type\":\"ListItem\",\"position\":1,\"name\":\"Portada\",\"item\":\"https:\/\/assitej.culturaescenica.es\/gl\/\"},{\"@type\":\"ListItem\",\"position\":2,\"name\":\"Editorial Assitej\",\"item\":\"https:\/\/assitej.culturaescenica.es\/es_es\/editorial-assitej\/\"},{\"@type\":\"ListItem\",\"position\":3,\"name\":\"Los peque\u00f1os poderes\"}]},{\"@type\":\"WebSite\",\"@id\":\"https:\/\/assitej.culturaescenica.es\/gl\/#website\",\"url\":\"https:\/\/assitej.culturaescenica.es\/gl\/\",\"name\":\"ASSITEJ Espa\u00f1a\",\"description\":\"ARTES ESC\u00c9NICAS PARA LA INFANCIA Y LA JUVENTUD\",\"publisher\":{\"@id\":\"https:\/\/assitej.culturaescenica.es\/gl\/#organization\"},\"potentialAction\":[{\"@type\":\"SearchAction\",\"target\":{\"@type\":\"EntryPoint\",\"urlTemplate\":\"https:\/\/assitej.culturaescenica.es\/gl\/?s={search_term_string}\"},\"query-input\":{\"@type\":\"PropertyValueSpecification\",\"valueRequired\":true,\"valueName\":\"search_term_string\"}}],\"inLanguage\":\"gl-ES\"},{\"@type\":\"Organization\",\"@id\":\"https:\/\/assitej.culturaescenica.es\/gl\/#organization\",\"name\":\"ASSITEJ Espa\u00f1a\",\"url\":\"https:\/\/assitej.culturaescenica.es\/gl\/\",\"logo\":{\"@type\":\"ImageObject\",\"inLanguage\":\"gl-ES\",\"@id\":\"https:\/\/assitej.culturaescenica.es\/gl\/#\/schema\/logo\/image\/\",\"url\":\"https:\/\/assitej.es\/wp-content\/uploads\/Logo_ASSITEJ_Espana.RGB_2-1.png\",\"contentUrl\":\"https:\/\/assitej.es\/wp-content\/uploads\/Logo_ASSITEJ_Espana.RGB_2-1.png\",\"width\":4934,\"height\":2287,\"caption\":\"ASSITEJ Espa\u00f1a\"},\"image\":{\"@id\":\"https:\/\/assitej.culturaescenica.es\/gl\/#\/schema\/logo\/image\/\"},\"sameAs\":[\"https:\/\/www.facebook.com\/assitejespana\/\",\"https:\/\/x.com\/AssitejEspana\",\"https:\/\/www.youtube.com\/channel\/UCv-2SDBzEmyORL5tPvsYgMw\"]}]}<\/script>\n<!-- \/ Yoast SEO plugin. -->","yoast_head_json":{"title":"Pequenas potencias - ASSITEJ Espa\u00f1a","description":"Suzanne Lebeau merg\u00fallanos no delicado mundo das relaci\u00f3ns entre pais e fillos a trav\u00e9s de Os pequenos poderes, unha obra que explora con sensibilidade o peso da autoridade e as tensi\u00f3ns coti\u00e1s que xorden na vida coti\u00e1 dunha familia.","robots":{"index":"index","follow":"follow","max-snippet":"max-snippet:-1","max-image-preview":"max-image-preview:large","max-video-preview":"max-video-preview:-1"},"canonical":"https:\/\/assitej.culturaescenica.es\/gl\/editorial-assitej\/suzanne-lebeau\/los-pequenos-poderes\/","og_locale":"gl_ES","og_type":"article","og_title":"Los peque\u00f1os poderes - ASSITEJ Espa\u00f1a","og_description":"Suzanne Lebeau nos sumerge en el delicado mundo de las relaciones entre padres e hijos a trav\u00e9s de Los peque\u00f1os poderes, una obra que explora, con gran sensibilidad, el peso de la autoridad y las tensiones cotidianas que surgen en el d\u00eda a d\u00eda de una familia.","og_url":"https:\/\/assitej.culturaescenica.es\/gl\/editorial-assitej\/suzanne-lebeau\/los-pequenos-poderes\/","og_site_name":"ASSITEJ Espa\u00f1a","article_publisher":"https:\/\/www.facebook.com\/assitejespana\/","article_modified_time":"2025-01-27T11:13:09+00:00","og_image":[{"width":1745,"height":2560,"url":"https:\/\/assitej.culturaescenica.es\/wp-content\/uploads\/Poderes_Cubierta_F-scaled.webp","type":"image\/jpeg"}],"twitter_card":"summary_large_image","twitter_site":"@AssitejEspana","twitter_misc":{"Tempo de lectura":"2 minutos"},"schema":{"@context":"https:\/\/schema.org","@graph":[{"@type":"WebPage","@id":"https:\/\/assitej.culturaescenica.es\/eu\/editorial-assitej\/suzanne-lebeau\/los-pequenos-poderes\/","url":"https:\/\/assitej.culturaescenica.es\/eu\/editorial-assitej\/suzanne-lebeau\/los-pequenos-poderes\/","name":"Pequenas potencias - ASSITEJ Espa\u00f1a","isPartOf":{"@id":"https:\/\/assitej.culturaescenica.es\/gl\/#website"},"primaryImageOfPage":{"@id":"https:\/\/assitej.culturaescenica.es\/eu\/editorial-assitej\/suzanne-lebeau\/los-pequenos-poderes\/#primaryimage"},"image":{"@id":"https:\/\/assitej.culturaescenica.es\/eu\/editorial-assitej\/suzanne-lebeau\/los-pequenos-poderes\/#primaryimage"},"thumbnailUrl":"https:\/\/assitej.culturaescenica.es\/wp-content\/uploads\/Poderes_Cubierta_F-scaled.webp","datePublished":"2025-01-27T09:29:41+00:00","dateModified":"2025-01-27T11:13:09+00:00","description":"Suzanne Lebeau merg\u00fallanos no delicado mundo das relaci\u00f3ns entre pais e fillos a trav\u00e9s de Os pequenos poderes, unha obra que explora con sensibilidade o peso da autoridade e as tensi\u00f3ns coti\u00e1s que xorden na vida coti\u00e1 dunha familia.","breadcrumb":{"@id":"https:\/\/assitej.culturaescenica.es\/eu\/editorial-assitej\/suzanne-lebeau\/los-pequenos-poderes\/#breadcrumb"},"inLanguage":"gl-ES","potentialAction":[{"@type":"ReadAction","target":["https:\/\/assitej.culturaescenica.es\/eu\/editorial-assitej\/suzanne-lebeau\/los-pequenos-poderes\/"]}]},{"@type":"ImageObject","inLanguage":"gl-ES","@id":"https:\/\/assitej.culturaescenica.es\/eu\/editorial-assitej\/suzanne-lebeau\/los-pequenos-poderes\/#primaryimage","url":"https:\/\/assitej.culturaescenica.es\/wp-content\/uploads\/Poderes_Cubierta_F-scaled.webp","contentUrl":"https:\/\/assitej.culturaescenica.es\/wp-content\/uploads\/Poderes_Cubierta_F-scaled.webp","width":1745,"height":2560,"caption":"Los peque\u00f1os poderes portada"},{"@type":"BreadcrumbList","@id":"https:\/\/assitej.culturaescenica.es\/eu\/editorial-assitej\/suzanne-lebeau\/los-pequenos-poderes\/#breadcrumb","itemListElement":[{"@type":"ListItem","position":1,"name":"Portada","item":"https:\/\/assitej.culturaescenica.es\/gl\/"},{"@type":"ListItem","position":2,"name":"Editorial Assitej","item":"https:\/\/assitej.culturaescenica.es\/es_es\/editorial-assitej\/"},{"@type":"ListItem","position":3,"name":"Los peque\u00f1os poderes"}]},{"@type":"WebSite","@id":"https:\/\/assitej.culturaescenica.es\/gl\/#website","url":"https:\/\/assitej.culturaescenica.es\/gl\/","name":"ASSITEJ Espa\u00f1a","description":"ARTE PERFORMANTES PARA NENOS E XUVENTUDE","publisher":{"@id":"https:\/\/assitej.culturaescenica.es\/gl\/#organization"},"potentialAction":[{"@type":"SearchAction","target":{"@type":"EntryPoint","urlTemplate":"https:\/\/assitej.culturaescenica.es\/gl\/?s={search_term_string}"},"query-input":{"@type":"PropertyValueSpecification","valueRequired":true,"valueName":"search_term_string"}}],"inLanguage":"gl-ES"},{"@type":"Organization","@id":"https:\/\/assitej.culturaescenica.es\/gl\/#organization","name":"ASSITEJ Espa\u00f1a","url":"https:\/\/assitej.culturaescenica.es\/gl\/","logo":{"@type":"ImageObject","inLanguage":"gl-ES","@id":"https:\/\/assitej.culturaescenica.es\/gl\/#\/schema\/logo\/image\/","url":"https:\/\/assitej.es\/wp-content\/uploads\/Logo_ASSITEJ_Espana.RGB_2-1.png","contentUrl":"https:\/\/assitej.es\/wp-content\/uploads\/Logo_ASSITEJ_Espana.RGB_2-1.png","width":4934,"height":2287,"caption":"ASSITEJ Espa\u00f1a"},"image":{"@id":"https:\/\/assitej.culturaescenica.es\/gl\/#\/schema\/logo\/image\/"},"sameAs":["https:\/\/www.facebook.com\/assitejespana\/","https:\/\/x.com\/AssitejEspana","https:\/\/www.youtube.com\/channel\/UCv-2SDBzEmyORL5tPvsYgMw"]}]}},"_links":{"self":[{"href":"https:\/\/assitej.culturaescenica.es\/gl\/wp-json\/wp\/v2\/product\/25920","targetHints":{"allow":["GET"]}}],"collection":[{"href":"https:\/\/assitej.culturaescenica.es\/gl\/wp-json\/wp\/v2\/product"}],"about":[{"href":"https:\/\/assitej.culturaescenica.es\/gl\/wp-json\/wp\/v2\/types\/product"}],"wp:featuredmedia":[{"embeddable":true,"href":"https:\/\/assitej.culturaescenica.es\/gl\/wp-json\/wp\/v2\/media\/25921"}],"wp:attachment":[{"href":"https:\/\/assitej.culturaescenica.es\/gl\/wp-json\/wp\/v2\/media?parent=25920"}],"wp:term":[{"taxonomy":"product_brand","embeddable":true,"href":"https:\/\/assitej.culturaescenica.es\/gl\/wp-json\/wp\/v2\/product_brand?post=25920"},{"taxonomy":"product_cat","embeddable":true,"href":"https:\/\/assitej.culturaescenica.es\/gl\/wp-json\/wp\/v2\/product_cat?post=25920"},{"taxonomy":"product_tag","embeddable":true,"href":"https:\/\/assitej.culturaescenica.es\/gl\/wp-json\/wp\/v2\/product_tag?post=25920"}],"curies":[{"name":"wp","href":"https:\/\/api.w.org\/{rel}","templated":true}]}}