{"id":24380,"date":"2024-12-11T17:17:32","date_gmt":"2024-12-11T16:17:32","guid":{"rendered":"https:\/\/assitej.es\/beta2\/?post_type=product&#038;p=24380"},"modified":"2024-12-11T17:19:18","modified_gmt":"2024-12-11T16:19:18","slug":"alicia-tan-grande-y-tan-pequena-alicia-massa-gran-i-massa-petita","status":"publish","type":"product","link":"https:\/\/assitej.culturaescenica.es\/gl\/editorial-assitej\/manel-i-serrano\/alicia-tan-grande-y-tan-pequena-alicia-massa-gran-i-massa-petita\/","title":{"rendered":"Alicia. Tan grande e tan pequeno \/ Al\u00edcia. Masa gran e masa petita"},"content":{"rendered":"<p>Como nos conta Mar\u00eda Velasco no pr\u00f3logo, Alicia. Tan grande e tan pequena, d\u00e1nos acceso a un patio onde hai un \u201cxard\u00edn asfixiado polo tempo, unha selva que todo o envolve\u201d. O xard\u00edn simboliza o lugar de crecemento interior. Pero Alicia, como \u00e9 sabido, segundo o t\u00edtulo de Manel, medra e dimin\u00fae, revelando as\u00ed que a identidade \u00e9 un proceso inacabado e ilimitado. Alicia non \u00e9 a adorable nena dunha familia acomodada, sen\u00f3n a filla, cami\u00f1o da idade adulta, dunha nai traballadora, cuxos av\u00f3s a cuidan e moito m\u00e1is.<\/p>","protected":false},"excerpt":{"rendered":"<p>Como nos conta Mar\u00eda Velasco no pr\u00f3logo, Alicia. Tan grande e tan pequena, d\u00e1nos acceso a un patio onde hai un \u201cxard\u00edn asfixiado polo tempo, unha selva que todo o envolve\u201d. O xard\u00edn simboliza o lugar de crecemento interior. Pero Alicia, como \u00e9 sabido, segundo o t\u00edtulo de Manel, medra e dimin\u00fae, revelando as\u00ed que a identidade \u00e9 un proceso inacabado e ilimitado. Alicia non \u00e9 a adorable nena dunha familia acomodada, sen\u00f3n a filla, cami\u00f1o da idade adulta, dunha nai traballadora, cuxos av\u00f3s a cuidan e moito m\u00e1is.<\/p>","protected":false},"featured_media":24381,"template":"","meta":{"_acf_changed":false,"_links_to":"","_links_to_target":""},"product_brand":[],"product_cat":[2680],"product_tag":[67],"class_list":{"0":"post-24380","1":"product","2":"type-product","3":"status-publish","4":"has-post-thumbnail","6":"product_cat-manel-i-serrano","7":"product_tag-coleccion-teatro","8":"infinite-scroll-item","9":"","10":"woocommerce-text-align-left","11":"woocommerce-image-align-center","12":"do-quantity-buttons","14":"first","15":"instock","16":"taxable","17":"shipping-taxable","18":"purchasable","19":"product-type-simple"},"acf":[],"yoast_head":"<!-- This site is optimized with the Yoast SEO plugin v27.1.1 - https:\/\/yoast.com\/product\/yoast-seo-wordpress\/ -->\n<title>Alicia. Tan grande y tan peque\u00f1a \/ Al\u00edcia. Massa gran i massa petita - ASSITEJ Espa\u00f1a<\/title>\n<meta name=\"robots\" content=\"index, follow, max-snippet:-1, max-image-preview:large, max-video-preview:-1\" \/>\n<link rel=\"canonical\" href=\"https:\/\/assitej.culturaescenica.es\/gl\/editorial-assitej\/manel-i-serrano\/alicia-tan-grande-y-tan-pequena-alicia-massa-gran-i-massa-petita\/\" \/>\n<meta property=\"og:locale\" content=\"gl_ES\" \/>\n<meta property=\"og:type\" content=\"article\" \/>\n<meta property=\"og:title\" content=\"Alicia. Tan grande y tan peque\u00f1a \/ Al\u00edcia. Massa gran i massa petita - ASSITEJ Espa\u00f1a\" \/>\n<meta property=\"og:description\" content=\"Como nos dice Mar\u00eda Velasco en el pr\u00f3logo, Alicia. Tan grande y tan peque\u00f1a nos da entrada a un patio donde hay un \u00abjard\u00edn asfixiado por el tiempo, una selva que todo lo envuelve\u00bb. El jard\u00edn simboliza el lugar de crecimiento interior. Pero Alicia, como se sabe, de acuerdo con el t\u00edtulo de Manel, crece y decrece, trasluciendo as\u00ed que la identidad es un proceso inconcluso e ilimitado. Alicia no es aqu\u00ed la adorable ni\u00f1a de una familia acomodada, sino la hija, camino a la adultez, de una madre trabajadora, a la que los abuelos hacen de canguro y m\u00e1s.\" \/>\n<meta property=\"og:url\" content=\"https:\/\/assitej.culturaescenica.es\/gl\/editorial-assitej\/manel-i-serrano\/alicia-tan-grande-y-tan-pequena-alicia-massa-gran-i-massa-petita\/\" \/>\n<meta property=\"og:site_name\" content=\"ASSITEJ Espa\u00f1a\" \/>\n<meta property=\"article:publisher\" content=\"https:\/\/www.facebook.com\/assitejespana\/\" \/>\n<meta property=\"article:modified_time\" content=\"2024-12-11T16:19:18+00:00\" \/>\n<meta property=\"og:image\" content=\"https:\/\/assitej.culturaescenica.es\/wp-content\/uploads\/Alicia_Cubierta_F-jpg.webp\" \/>\n\t<meta property=\"og:image:width\" content=\"1088\" \/>\n\t<meta property=\"og:image:height\" content=\"1600\" \/>\n\t<meta property=\"og:image:type\" content=\"image\/jpeg\" \/>\n<meta name=\"twitter:card\" content=\"summary_large_image\" \/>\n<meta name=\"twitter:site\" content=\"@AssitejEspana\" \/>\n<meta name=\"twitter:label1\" content=\"Tempo de lectura\" \/>\n\t<meta name=\"twitter:data1\" content=\"1 minuto\" \/>\n<script type=\"application\/ld+json\" class=\"yoast-schema-graph\">{\"@context\":\"https:\/\/schema.org\",\"@graph\":[{\"@type\":\"WebPage\",\"@id\":\"https:\/\/assitej.culturaescenica.es\/editorial-assitej\/manel-i-serrano\/alicia-tan-grande-y-tan-pequena-alicia-massa-gran-i-massa-petita\/\",\"url\":\"https:\/\/assitej.culturaescenica.es\/editorial-assitej\/manel-i-serrano\/alicia-tan-grande-y-tan-pequena-alicia-massa-gran-i-massa-petita\/\",\"name\":\"Alicia. Tan grande y tan peque\u00f1a \/ Al\u00edcia. Massa gran i massa petita - ASSITEJ Espa\u00f1a\",\"isPartOf\":{\"@id\":\"https:\/\/assitej.culturaescenica.es\/gl\/#website\"},\"primaryImageOfPage\":{\"@id\":\"https:\/\/assitej.culturaescenica.es\/editorial-assitej\/manel-i-serrano\/alicia-tan-grande-y-tan-pequena-alicia-massa-gran-i-massa-petita\/#primaryimage\"},\"image\":{\"@id\":\"https:\/\/assitej.culturaescenica.es\/editorial-assitej\/manel-i-serrano\/alicia-tan-grande-y-tan-pequena-alicia-massa-gran-i-massa-petita\/#primaryimage\"},\"thumbnailUrl\":\"https:\/\/assitej.culturaescenica.es\/wp-content\/uploads\/Alicia_Cubierta_F-jpg.webp\",\"datePublished\":\"2024-12-11T16:17:32+00:00\",\"dateModified\":\"2024-12-11T16:19:18+00:00\",\"breadcrumb\":{\"@id\":\"https:\/\/assitej.culturaescenica.es\/editorial-assitej\/manel-i-serrano\/alicia-tan-grande-y-tan-pequena-alicia-massa-gran-i-massa-petita\/#breadcrumb\"},\"inLanguage\":\"gl-ES\",\"potentialAction\":[{\"@type\":\"ReadAction\",\"target\":[\"https:\/\/assitej.culturaescenica.es\/editorial-assitej\/manel-i-serrano\/alicia-tan-grande-y-tan-pequena-alicia-massa-gran-i-massa-petita\/\"]}]},{\"@type\":\"ImageObject\",\"inLanguage\":\"gl-ES\",\"@id\":\"https:\/\/assitej.culturaescenica.es\/editorial-assitej\/manel-i-serrano\/alicia-tan-grande-y-tan-pequena-alicia-massa-gran-i-massa-petita\/#primaryimage\",\"url\":\"https:\/\/assitej.culturaescenica.es\/wp-content\/uploads\/Alicia_Cubierta_F-jpg.webp\",\"contentUrl\":\"https:\/\/assitej.culturaescenica.es\/wp-content\/uploads\/Alicia_Cubierta_F-jpg.webp\",\"width\":1088,\"height\":1600,\"caption\":\"Alicia. Tan grande y tan peque\u00f1a\"},{\"@type\":\"BreadcrumbList\",\"@id\":\"https:\/\/assitej.culturaescenica.es\/editorial-assitej\/manel-i-serrano\/alicia-tan-grande-y-tan-pequena-alicia-massa-gran-i-massa-petita\/#breadcrumb\",\"itemListElement\":[{\"@type\":\"ListItem\",\"position\":1,\"name\":\"Portada\",\"item\":\"https:\/\/assitej.culturaescenica.es\/gl\/\"},{\"@type\":\"ListItem\",\"position\":2,\"name\":\"Editorial Assitej\",\"item\":\"https:\/\/assitej.culturaescenica.es\/es_es\/editorial-assitej\/\"},{\"@type\":\"ListItem\",\"position\":3,\"name\":\"Alicia. Tan grande y tan peque\u00f1a \/ Al\u00edcia. Massa gran i massa petita\"}]},{\"@type\":\"WebSite\",\"@id\":\"https:\/\/assitej.culturaescenica.es\/gl\/#website\",\"url\":\"https:\/\/assitej.culturaescenica.es\/gl\/\",\"name\":\"ASSITEJ Espa\u00f1a\",\"description\":\"ARTES ESC\u00c9NICAS PARA LA INFANCIA Y LA JUVENTUD\",\"publisher\":{\"@id\":\"https:\/\/assitej.culturaescenica.es\/gl\/#organization\"},\"potentialAction\":[{\"@type\":\"SearchAction\",\"target\":{\"@type\":\"EntryPoint\",\"urlTemplate\":\"https:\/\/assitej.culturaescenica.es\/gl\/?s={search_term_string}\"},\"query-input\":{\"@type\":\"PropertyValueSpecification\",\"valueRequired\":true,\"valueName\":\"search_term_string\"}}],\"inLanguage\":\"gl-ES\"},{\"@type\":\"Organization\",\"@id\":\"https:\/\/assitej.culturaescenica.es\/gl\/#organization\",\"name\":\"ASSITEJ Espa\u00f1a\",\"url\":\"https:\/\/assitej.culturaescenica.es\/gl\/\",\"logo\":{\"@type\":\"ImageObject\",\"inLanguage\":\"gl-ES\",\"@id\":\"https:\/\/assitej.culturaescenica.es\/gl\/#\/schema\/logo\/image\/\",\"url\":\"https:\/\/assitej.es\/wp-content\/uploads\/Logo_ASSITEJ_Espana.RGB_2-1.png\",\"contentUrl\":\"https:\/\/assitej.es\/wp-content\/uploads\/Logo_ASSITEJ_Espana.RGB_2-1.png\",\"width\":4934,\"height\":2287,\"caption\":\"ASSITEJ Espa\u00f1a\"},\"image\":{\"@id\":\"https:\/\/assitej.culturaescenica.es\/gl\/#\/schema\/logo\/image\/\"},\"sameAs\":[\"https:\/\/www.facebook.com\/assitejespana\/\",\"https:\/\/x.com\/AssitejEspana\",\"https:\/\/www.youtube.com\/channel\/UCv-2SDBzEmyORL5tPvsYgMw\"]}]}<\/script>\n<!-- \/ Yoast SEO plugin. -->","yoast_head_json":{"title":"Alicia. Tan grande e tan pequeno \/ Alicia. Masas grandes e pequenas - ASSITEJ Espa\u00f1a","robots":{"index":"index","follow":"follow","max-snippet":"max-snippet:-1","max-image-preview":"max-image-preview:large","max-video-preview":"max-video-preview:-1"},"canonical":"https:\/\/assitej.culturaescenica.es\/gl\/editorial-assitej\/manel-i-serrano\/alicia-tan-grande-y-tan-pequena-alicia-massa-gran-i-massa-petita\/","og_locale":"gl_ES","og_type":"article","og_title":"Alicia. Tan grande y tan peque\u00f1a \/ Al\u00edcia. Massa gran i massa petita - ASSITEJ Espa\u00f1a","og_description":"Como nos dice Mar\u00eda Velasco en el pr\u00f3logo, Alicia. Tan grande y tan peque\u00f1a nos da entrada a un patio donde hay un \u00abjard\u00edn asfixiado por el tiempo, una selva que todo lo envuelve\u00bb. El jard\u00edn simboliza el lugar de crecimiento interior. Pero Alicia, como se sabe, de acuerdo con el t\u00edtulo de Manel, crece y decrece, trasluciendo as\u00ed que la identidad es un proceso inconcluso e ilimitado. Alicia no es aqu\u00ed la adorable ni\u00f1a de una familia acomodada, sino la hija, camino a la adultez, de una madre trabajadora, a la que los abuelos hacen de canguro y m\u00e1s.","og_url":"https:\/\/assitej.culturaescenica.es\/gl\/editorial-assitej\/manel-i-serrano\/alicia-tan-grande-y-tan-pequena-alicia-massa-gran-i-massa-petita\/","og_site_name":"ASSITEJ Espa\u00f1a","article_publisher":"https:\/\/www.facebook.com\/assitejespana\/","article_modified_time":"2024-12-11T16:19:18+00:00","og_image":[{"width":1088,"height":1600,"url":"https:\/\/assitej.culturaescenica.es\/wp-content\/uploads\/Alicia_Cubierta_F-jpg.webp","type":"image\/jpeg"}],"twitter_card":"summary_large_image","twitter_site":"@AssitejEspana","twitter_misc":{"Tempo de lectura":"1 minuto"},"schema":{"@context":"https:\/\/schema.org","@graph":[{"@type":"WebPage","@id":"https:\/\/assitej.culturaescenica.es\/editorial-assitej\/manel-i-serrano\/alicia-tan-grande-y-tan-pequena-alicia-massa-gran-i-massa-petita\/","url":"https:\/\/assitej.culturaescenica.es\/editorial-assitej\/manel-i-serrano\/alicia-tan-grande-y-tan-pequena-alicia-massa-gran-i-massa-petita\/","name":"Alicia. Tan grande e tan pequeno \/ Alicia. Masas grandes e pequenas - ASSITEJ Espa\u00f1a","isPartOf":{"@id":"https:\/\/assitej.culturaescenica.es\/gl\/#website"},"primaryImageOfPage":{"@id":"https:\/\/assitej.culturaescenica.es\/editorial-assitej\/manel-i-serrano\/alicia-tan-grande-y-tan-pequena-alicia-massa-gran-i-massa-petita\/#primaryimage"},"image":{"@id":"https:\/\/assitej.culturaescenica.es\/editorial-assitej\/manel-i-serrano\/alicia-tan-grande-y-tan-pequena-alicia-massa-gran-i-massa-petita\/#primaryimage"},"thumbnailUrl":"https:\/\/assitej.culturaescenica.es\/wp-content\/uploads\/Alicia_Cubierta_F-jpg.webp","datePublished":"2024-12-11T16:17:32+00:00","dateModified":"2024-12-11T16:19:18+00:00","breadcrumb":{"@id":"https:\/\/assitej.culturaescenica.es\/editorial-assitej\/manel-i-serrano\/alicia-tan-grande-y-tan-pequena-alicia-massa-gran-i-massa-petita\/#breadcrumb"},"inLanguage":"gl-ES","potentialAction":[{"@type":"ReadAction","target":["https:\/\/assitej.culturaescenica.es\/editorial-assitej\/manel-i-serrano\/alicia-tan-grande-y-tan-pequena-alicia-massa-gran-i-massa-petita\/"]}]},{"@type":"ImageObject","inLanguage":"gl-ES","@id":"https:\/\/assitej.culturaescenica.es\/editorial-assitej\/manel-i-serrano\/alicia-tan-grande-y-tan-pequena-alicia-massa-gran-i-massa-petita\/#primaryimage","url":"https:\/\/assitej.culturaescenica.es\/wp-content\/uploads\/Alicia_Cubierta_F-jpg.webp","contentUrl":"https:\/\/assitej.culturaescenica.es\/wp-content\/uploads\/Alicia_Cubierta_F-jpg.webp","width":1088,"height":1600,"caption":"Alicia. Tan grande y tan peque\u00f1a"},{"@type":"BreadcrumbList","@id":"https:\/\/assitej.culturaescenica.es\/editorial-assitej\/manel-i-serrano\/alicia-tan-grande-y-tan-pequena-alicia-massa-gran-i-massa-petita\/#breadcrumb","itemListElement":[{"@type":"ListItem","position":1,"name":"Portada","item":"https:\/\/assitej.culturaescenica.es\/gl\/"},{"@type":"ListItem","position":2,"name":"Editorial Assitej","item":"https:\/\/assitej.culturaescenica.es\/es_es\/editorial-assitej\/"},{"@type":"ListItem","position":3,"name":"Alicia. Tan grande y tan peque\u00f1a \/ Al\u00edcia. Massa gran i massa petita"}]},{"@type":"WebSite","@id":"https:\/\/assitej.culturaescenica.es\/gl\/#website","url":"https:\/\/assitej.culturaescenica.es\/gl\/","name":"ASSITEJ Espa\u00f1a","description":"ARTE PERFORMANTES PARA NENOS E XUVENTUDE","publisher":{"@id":"https:\/\/assitej.culturaescenica.es\/gl\/#organization"},"potentialAction":[{"@type":"SearchAction","target":{"@type":"EntryPoint","urlTemplate":"https:\/\/assitej.culturaescenica.es\/gl\/?s={search_term_string}"},"query-input":{"@type":"PropertyValueSpecification","valueRequired":true,"valueName":"search_term_string"}}],"inLanguage":"gl-ES"},{"@type":"Organization","@id":"https:\/\/assitej.culturaescenica.es\/gl\/#organization","name":"ASSITEJ Espa\u00f1a","url":"https:\/\/assitej.culturaescenica.es\/gl\/","logo":{"@type":"ImageObject","inLanguage":"gl-ES","@id":"https:\/\/assitej.culturaescenica.es\/gl\/#\/schema\/logo\/image\/","url":"https:\/\/assitej.es\/wp-content\/uploads\/Logo_ASSITEJ_Espana.RGB_2-1.png","contentUrl":"https:\/\/assitej.es\/wp-content\/uploads\/Logo_ASSITEJ_Espana.RGB_2-1.png","width":4934,"height":2287,"caption":"ASSITEJ Espa\u00f1a"},"image":{"@id":"https:\/\/assitej.culturaescenica.es\/gl\/#\/schema\/logo\/image\/"},"sameAs":["https:\/\/www.facebook.com\/assitejespana\/","https:\/\/x.com\/AssitejEspana","https:\/\/www.youtube.com\/channel\/UCv-2SDBzEmyORL5tPvsYgMw"]}]}},"_links":{"self":[{"href":"https:\/\/assitej.culturaescenica.es\/gl\/wp-json\/wp\/v2\/product\/24380","targetHints":{"allow":["GET"]}}],"collection":[{"href":"https:\/\/assitej.culturaescenica.es\/gl\/wp-json\/wp\/v2\/product"}],"about":[{"href":"https:\/\/assitej.culturaescenica.es\/gl\/wp-json\/wp\/v2\/types\/product"}],"wp:featuredmedia":[{"embeddable":true,"href":"https:\/\/assitej.culturaescenica.es\/gl\/wp-json\/wp\/v2\/media\/24381"}],"wp:attachment":[{"href":"https:\/\/assitej.culturaescenica.es\/gl\/wp-json\/wp\/v2\/media?parent=24380"}],"wp:term":[{"taxonomy":"product_brand","embeddable":true,"href":"https:\/\/assitej.culturaescenica.es\/gl\/wp-json\/wp\/v2\/product_brand?post=24380"},{"taxonomy":"product_cat","embeddable":true,"href":"https:\/\/assitej.culturaescenica.es\/gl\/wp-json\/wp\/v2\/product_cat?post=24380"},{"taxonomy":"product_tag","embeddable":true,"href":"https:\/\/assitej.culturaescenica.es\/gl\/wp-json\/wp\/v2\/product_tag?post=24380"}],"curies":[{"name":"wp","href":"https:\/\/api.w.org\/{rel}","templated":true}]}}