{"id":21302,"date":"2024-12-12T07:40:10","date_gmt":"2024-12-12T06:40:10","guid":{"rendered":"https:\/\/assitej.es\/beta2\/?post_type=product&#038;p=21302"},"modified":"2025-05-19T07:44:46","modified_gmt":"2025-05-19T05:44:46","slug":"el-testamento-el-testament","status":"publish","type":"product","link":"https:\/\/assitej.culturaescenica.es\/gl\/editorial-assitej\/ramon-molins\/el-testamento-el-testament\/","title":{"rendered":"O testamento \/ O testamento"},"content":{"rendered":"<div class=\"woocommerce-product-details__short-description\">\n<p>E se morres? Que quedar\u00e1 de ti cando morras? Que che gustar\u00eda deixar en herdanza? E o m\u00e1is importante: que canci\u00f3n che gustar\u00eda que tocara no teu funeral?<\/p>\n<p>As\u00ed comeza <em>A vontade<\/em>, un mon\u00f3logo escrito por Ramon Molins en colaboraci\u00f3n con Jokin Oregi, Izaskun Fern\u00e1ndez e Juli\u00e1n S\u00e1enz-L\u00f3pez no que Ramon fai un percorrido pola s\u00faa autobiograf\u00eda, ao longo do mapa do tesouro da s\u00faa infancia.<\/p>\n<p>Autoficci\u00f3n, ra\u00edces, familia, lazos, identidade, teatro, m\u00fasica, amor. Un testamento vital que nos fai darnos conta do tempo que xa vivimos e do tempo que nos queda por vivir. Inv\u00edtanos a enfrontarnos \u00e1 morte e a amar a vida e ach\u00e9ganos ao legado da infancia do protagonista, da nosa infancia... as ganas de xogar.<\/p>\n<\/div>","protected":false},"excerpt":{"rendered":"<p>E se morres? Que quedar\u00e1 de ti cando morras? Que che gustar\u00eda deixar en herdanza? E o m\u00e1is importante: que canci\u00f3n che gustar\u00eda que tocara no teu funeral?<\/p>\n<p>As\u00ed comeza <em>A vontade<\/em>, un mon\u00f3logo escrito por Ramon Molins en colaboraci\u00f3n con Jokin Oregi, Izaskun Fern\u00e1ndez e Juli\u00e1n S\u00e1enz-L\u00f3pez no que Ramon fai un percorrido pola s\u00faa autobiograf\u00eda, ao longo do mapa do tesouro da s\u00faa infancia.<\/p>\n<p>Autoficci\u00f3n, ra\u00edces, familia, lazos, identidade, teatro, m\u00fasica, amor. Un testamento vital que nos fai darnos conta do tempo que xa vivimos e do tempo que nos queda por vivir. Inv\u00edtanos a enfrontarnos \u00e1 morte e a amar a vida e ach\u00e9ganos ao legado da infancia do protagonista, da nosa infancia... as ganas de xogar.<\/p>","protected":false},"featured_media":24144,"template":"","meta":{"_acf_changed":false,"_links_to":"","_links_to_target":""},"product_brand":[2699],"product_cat":[2626],"product_tag":[67],"class_list":{"0":"post-21302","1":"product","2":"type-product","3":"status-publish","4":"has-post-thumbnail","6":"product_brand-assitej","7":"product_cat-ramon-molins","8":"product_tag-coleccion-teatro","9":"product_shipping_class-libro","10":"infinite-scroll-item","11":"","12":"woocommerce-text-align-left","13":"woocommerce-image-align-center","14":"do-quantity-buttons","15":"wc-has-gallery","17":"first","18":"instock","19":"taxable","20":"shipping-taxable","21":"purchasable","22":"product-type-simple"},"acf":[],"yoast_head":"<!-- This site is optimized with the Yoast SEO plugin v27.1.1 - https:\/\/yoast.com\/product\/yoast-seo-wordpress\/ -->\n<title>El testamento \/ El testament - ASSITEJ Espa\u00f1a<\/title>\n<meta name=\"robots\" content=\"index, follow, max-snippet:-1, max-image-preview:large, max-video-preview:-1\" \/>\n<link rel=\"canonical\" href=\"https:\/\/assitej.culturaescenica.es\/gl\/editorial-assitej\/ramon-molins\/el-testamento-el-testament\/\" \/>\n<meta property=\"og:locale\" content=\"gl_ES\" \/>\n<meta property=\"og:type\" content=\"article\" \/>\n<meta property=\"og:title\" content=\"El testamento \/ El testament - ASSITEJ Espa\u00f1a\" \/>\n<meta property=\"og:description\" content=\"\u00bfY si te mueres? \u00bfQu\u00e9 quedar\u00e1 de ti cuando mueras? \u00bfQu\u00e9 te gustar\u00eda dejar en herencia? Y lo m\u00e1s importante: \u00bfqu\u00e9 canci\u00f3n te gustar\u00eda que sonara en tu funeral?  As\u00ed comienza El testamento, un mon\u00f3logo escrito por Ramon Molins en colaboraci\u00f3n con Jokin Oregi, Izaskun Fern\u00e1ndez y Juli\u00e1n S\u00e1enz-L\u00f3pez en el que Ramon realiza un recorrido por su autobiograf\u00eda, por el mapa del tesoro de su infancia.  Autoficci\u00f3n, ra\u00edces, familia, v\u00ednculos, identidad, teatro, m\u00fasica, amor. Un testamento vital que nos hace dar cuenta del tiempo que ya hemos vivido y del tiempo que nos queda por vivir. Que nos invita a afrontar la muerte y a amar la vida y nos acerca a la herencia de la infancia del protagonista, de nuestra infancia\u2026 las ganas de jugar.\" \/>\n<meta property=\"og:url\" content=\"https:\/\/assitej.culturaescenica.es\/gl\/editorial-assitej\/ramon-molins\/el-testamento-el-testament\/\" \/>\n<meta property=\"og:site_name\" content=\"ASSITEJ Espa\u00f1a\" \/>\n<meta property=\"article:publisher\" content=\"https:\/\/www.facebook.com\/assitejespana\/\" \/>\n<meta property=\"article:modified_time\" content=\"2025-05-19T05:44:46+00:00\" \/>\n<meta property=\"og:image\" content=\"https:\/\/assitej.culturaescenica.es\/wp-content\/uploads\/Testamento_Cubierta_1-jpg.webp\" \/>\n\t<meta property=\"og:image:width\" content=\"1539\" \/>\n\t<meta property=\"og:image:height\" content=\"2242\" \/>\n\t<meta property=\"og:image:type\" content=\"image\/jpeg\" \/>\n<meta name=\"twitter:card\" content=\"summary_large_image\" \/>\n<meta name=\"twitter:site\" content=\"@AssitejEspana\" \/>\n<meta name=\"twitter:label1\" content=\"Tempo de lectura\" \/>\n\t<meta name=\"twitter:data1\" content=\"1 minuto\" \/>\n<script type=\"application\/ld+json\" class=\"yoast-schema-graph\">{\"@context\":\"https:\/\/schema.org\",\"@graph\":[{\"@type\":\"WebPage\",\"@id\":\"https:\/\/assitej.culturaescenica.es\/editorial-assitej\/ramon-molins\/el-testamento-el-testament\/\",\"url\":\"https:\/\/assitej.culturaescenica.es\/editorial-assitej\/ramon-molins\/el-testamento-el-testament\/\",\"name\":\"El testamento \/ El testament - ASSITEJ Espa\u00f1a\",\"isPartOf\":{\"@id\":\"https:\/\/assitej.culturaescenica.es\/gl\/#website\"},\"primaryImageOfPage\":{\"@id\":\"https:\/\/assitej.culturaescenica.es\/editorial-assitej\/ramon-molins\/el-testamento-el-testament\/#primaryimage\"},\"image\":{\"@id\":\"https:\/\/assitej.culturaescenica.es\/editorial-assitej\/ramon-molins\/el-testamento-el-testament\/#primaryimage\"},\"thumbnailUrl\":\"https:\/\/assitej.culturaescenica.es\/wp-content\/uploads\/Testamento_Cubierta_1-jpg.webp\",\"datePublished\":\"2024-12-12T06:40:10+00:00\",\"dateModified\":\"2025-05-19T05:44:46+00:00\",\"breadcrumb\":{\"@id\":\"https:\/\/assitej.culturaescenica.es\/editorial-assitej\/ramon-molins\/el-testamento-el-testament\/#breadcrumb\"},\"inLanguage\":\"gl-ES\",\"potentialAction\":[{\"@type\":\"ReadAction\",\"target\":[\"https:\/\/assitej.culturaescenica.es\/editorial-assitej\/ramon-molins\/el-testamento-el-testament\/\"]}]},{\"@type\":\"ImageObject\",\"inLanguage\":\"gl-ES\",\"@id\":\"https:\/\/assitej.culturaescenica.es\/editorial-assitej\/ramon-molins\/el-testamento-el-testament\/#primaryimage\",\"url\":\"https:\/\/assitej.culturaescenica.es\/wp-content\/uploads\/Testamento_Cubierta_1-jpg.webp\",\"contentUrl\":\"https:\/\/assitej.culturaescenica.es\/wp-content\/uploads\/Testamento_Cubierta_1-jpg.webp\",\"width\":1539,\"height\":2242},{\"@type\":\"BreadcrumbList\",\"@id\":\"https:\/\/assitej.culturaescenica.es\/editorial-assitej\/ramon-molins\/el-testamento-el-testament\/#breadcrumb\",\"itemListElement\":[{\"@type\":\"ListItem\",\"position\":1,\"name\":\"Portada\",\"item\":\"https:\/\/assitej.culturaescenica.es\/gl\/\"},{\"@type\":\"ListItem\",\"position\":2,\"name\":\"Editorial Assitej\",\"item\":\"https:\/\/assitej.culturaescenica.es\/es_es\/editorial-assitej\/\"},{\"@type\":\"ListItem\",\"position\":3,\"name\":\"El testamento \/ El testament\"}]},{\"@type\":\"WebSite\",\"@id\":\"https:\/\/assitej.culturaescenica.es\/gl\/#website\",\"url\":\"https:\/\/assitej.culturaescenica.es\/gl\/\",\"name\":\"ASSITEJ Espa\u00f1a\",\"description\":\"ARTES ESC\u00c9NICAS PARA LA INFANCIA Y LA JUVENTUD\",\"publisher\":{\"@id\":\"https:\/\/assitej.culturaescenica.es\/gl\/#organization\"},\"potentialAction\":[{\"@type\":\"SearchAction\",\"target\":{\"@type\":\"EntryPoint\",\"urlTemplate\":\"https:\/\/assitej.culturaescenica.es\/gl\/?s={search_term_string}\"},\"query-input\":{\"@type\":\"PropertyValueSpecification\",\"valueRequired\":true,\"valueName\":\"search_term_string\"}}],\"inLanguage\":\"gl-ES\"},{\"@type\":\"Organization\",\"@id\":\"https:\/\/assitej.culturaescenica.es\/gl\/#organization\",\"name\":\"ASSITEJ Espa\u00f1a\",\"url\":\"https:\/\/assitej.culturaescenica.es\/gl\/\",\"logo\":{\"@type\":\"ImageObject\",\"inLanguage\":\"gl-ES\",\"@id\":\"https:\/\/assitej.culturaescenica.es\/gl\/#\/schema\/logo\/image\/\",\"url\":\"https:\/\/assitej.es\/wp-content\/uploads\/Logo_ASSITEJ_Espana.RGB_2-1.png\",\"contentUrl\":\"https:\/\/assitej.es\/wp-content\/uploads\/Logo_ASSITEJ_Espana.RGB_2-1.png\",\"width\":4934,\"height\":2287,\"caption\":\"ASSITEJ Espa\u00f1a\"},\"image\":{\"@id\":\"https:\/\/assitej.culturaescenica.es\/gl\/#\/schema\/logo\/image\/\"},\"sameAs\":[\"https:\/\/www.facebook.com\/assitejespana\/\",\"https:\/\/x.com\/AssitejEspana\",\"https:\/\/www.youtube.com\/channel\/UCv-2SDBzEmyORL5tPvsYgMw\"]}]}<\/script>\n<!-- \/ Yoast SEO plugin. -->","yoast_head_json":{"title":"O testamento \/ O testamento - ASSITEJ Espa\u00f1a","robots":{"index":"index","follow":"follow","max-snippet":"max-snippet:-1","max-image-preview":"max-image-preview:large","max-video-preview":"max-video-preview:-1"},"canonical":"https:\/\/assitej.culturaescenica.es\/gl\/editorial-assitej\/ramon-molins\/el-testamento-el-testament\/","og_locale":"gl_ES","og_type":"article","og_title":"El testamento \/ El testament - ASSITEJ Espa\u00f1a","og_description":"\u00bfY si te mueres? \u00bfQu\u00e9 quedar\u00e1 de ti cuando mueras? \u00bfQu\u00e9 te gustar\u00eda dejar en herencia? Y lo m\u00e1s importante: \u00bfqu\u00e9 canci\u00f3n te gustar\u00eda que sonara en tu funeral?  As\u00ed comienza El testamento, un mon\u00f3logo escrito por Ramon Molins en colaboraci\u00f3n con Jokin Oregi, Izaskun Fern\u00e1ndez y Juli\u00e1n S\u00e1enz-L\u00f3pez en el que Ramon realiza un recorrido por su autobiograf\u00eda, por el mapa del tesoro de su infancia.  Autoficci\u00f3n, ra\u00edces, familia, v\u00ednculos, identidad, teatro, m\u00fasica, amor. Un testamento vital que nos hace dar cuenta del tiempo que ya hemos vivido y del tiempo que nos queda por vivir. Que nos invita a afrontar la muerte y a amar la vida y nos acerca a la herencia de la infancia del protagonista, de nuestra infancia\u2026 las ganas de jugar.","og_url":"https:\/\/assitej.culturaescenica.es\/gl\/editorial-assitej\/ramon-molins\/el-testamento-el-testament\/","og_site_name":"ASSITEJ Espa\u00f1a","article_publisher":"https:\/\/www.facebook.com\/assitejespana\/","article_modified_time":"2025-05-19T05:44:46+00:00","og_image":[{"width":1539,"height":2242,"url":"https:\/\/assitej.culturaescenica.es\/wp-content\/uploads\/Testamento_Cubierta_1-jpg.webp","type":"image\/jpeg"}],"twitter_card":"summary_large_image","twitter_site":"@AssitejEspana","twitter_misc":{"Tempo de lectura":"1 minuto"},"schema":{"@context":"https:\/\/schema.org","@graph":[{"@type":"WebPage","@id":"https:\/\/assitej.culturaescenica.es\/editorial-assitej\/ramon-molins\/el-testamento-el-testament\/","url":"https:\/\/assitej.culturaescenica.es\/editorial-assitej\/ramon-molins\/el-testamento-el-testament\/","name":"O testamento \/ O testamento - ASSITEJ Espa\u00f1a","isPartOf":{"@id":"https:\/\/assitej.culturaescenica.es\/gl\/#website"},"primaryImageOfPage":{"@id":"https:\/\/assitej.culturaescenica.es\/editorial-assitej\/ramon-molins\/el-testamento-el-testament\/#primaryimage"},"image":{"@id":"https:\/\/assitej.culturaescenica.es\/editorial-assitej\/ramon-molins\/el-testamento-el-testament\/#primaryimage"},"thumbnailUrl":"https:\/\/assitej.culturaescenica.es\/wp-content\/uploads\/Testamento_Cubierta_1-jpg.webp","datePublished":"2024-12-12T06:40:10+00:00","dateModified":"2025-05-19T05:44:46+00:00","breadcrumb":{"@id":"https:\/\/assitej.culturaescenica.es\/editorial-assitej\/ramon-molins\/el-testamento-el-testament\/#breadcrumb"},"inLanguage":"gl-ES","potentialAction":[{"@type":"ReadAction","target":["https:\/\/assitej.culturaescenica.es\/editorial-assitej\/ramon-molins\/el-testamento-el-testament\/"]}]},{"@type":"ImageObject","inLanguage":"gl-ES","@id":"https:\/\/assitej.culturaescenica.es\/editorial-assitej\/ramon-molins\/el-testamento-el-testament\/#primaryimage","url":"https:\/\/assitej.culturaescenica.es\/wp-content\/uploads\/Testamento_Cubierta_1-jpg.webp","contentUrl":"https:\/\/assitej.culturaescenica.es\/wp-content\/uploads\/Testamento_Cubierta_1-jpg.webp","width":1539,"height":2242},{"@type":"BreadcrumbList","@id":"https:\/\/assitej.culturaescenica.es\/editorial-assitej\/ramon-molins\/el-testamento-el-testament\/#breadcrumb","itemListElement":[{"@type":"ListItem","position":1,"name":"Portada","item":"https:\/\/assitej.culturaescenica.es\/gl\/"},{"@type":"ListItem","position":2,"name":"Editorial Assitej","item":"https:\/\/assitej.culturaescenica.es\/es_es\/editorial-assitej\/"},{"@type":"ListItem","position":3,"name":"El testamento \/ El testament"}]},{"@type":"WebSite","@id":"https:\/\/assitej.culturaescenica.es\/gl\/#website","url":"https:\/\/assitej.culturaescenica.es\/gl\/","name":"ASSITEJ Espa\u00f1a","description":"ARTE PERFORMANTES PARA NENOS E XUVENTUDE","publisher":{"@id":"https:\/\/assitej.culturaescenica.es\/gl\/#organization"},"potentialAction":[{"@type":"SearchAction","target":{"@type":"EntryPoint","urlTemplate":"https:\/\/assitej.culturaescenica.es\/gl\/?s={search_term_string}"},"query-input":{"@type":"PropertyValueSpecification","valueRequired":true,"valueName":"search_term_string"}}],"inLanguage":"gl-ES"},{"@type":"Organization","@id":"https:\/\/assitej.culturaescenica.es\/gl\/#organization","name":"ASSITEJ Espa\u00f1a","url":"https:\/\/assitej.culturaescenica.es\/gl\/","logo":{"@type":"ImageObject","inLanguage":"gl-ES","@id":"https:\/\/assitej.culturaescenica.es\/gl\/#\/schema\/logo\/image\/","url":"https:\/\/assitej.es\/wp-content\/uploads\/Logo_ASSITEJ_Espana.RGB_2-1.png","contentUrl":"https:\/\/assitej.es\/wp-content\/uploads\/Logo_ASSITEJ_Espana.RGB_2-1.png","width":4934,"height":2287,"caption":"ASSITEJ Espa\u00f1a"},"image":{"@id":"https:\/\/assitej.culturaescenica.es\/gl\/#\/schema\/logo\/image\/"},"sameAs":["https:\/\/www.facebook.com\/assitejespana\/","https:\/\/x.com\/AssitejEspana","https:\/\/www.youtube.com\/channel\/UCv-2SDBzEmyORL5tPvsYgMw"]}]}},"_links":{"self":[{"href":"https:\/\/assitej.culturaescenica.es\/gl\/wp-json\/wp\/v2\/product\/21302","targetHints":{"allow":["GET"]}}],"collection":[{"href":"https:\/\/assitej.culturaescenica.es\/gl\/wp-json\/wp\/v2\/product"}],"about":[{"href":"https:\/\/assitej.culturaescenica.es\/gl\/wp-json\/wp\/v2\/types\/product"}],"wp:featuredmedia":[{"embeddable":true,"href":"https:\/\/assitej.culturaescenica.es\/gl\/wp-json\/wp\/v2\/media\/24144"}],"wp:attachment":[{"href":"https:\/\/assitej.culturaescenica.es\/gl\/wp-json\/wp\/v2\/media?parent=21302"}],"wp:term":[{"taxonomy":"product_brand","embeddable":true,"href":"https:\/\/assitej.culturaescenica.es\/gl\/wp-json\/wp\/v2\/product_brand?post=21302"},{"taxonomy":"product_cat","embeddable":true,"href":"https:\/\/assitej.culturaescenica.es\/gl\/wp-json\/wp\/v2\/product_cat?post=21302"},{"taxonomy":"product_tag","embeddable":true,"href":"https:\/\/assitej.culturaescenica.es\/gl\/wp-json\/wp\/v2\/product_tag?post=21302"}],"curies":[{"name":"wp","href":"https:\/\/api.w.org\/{rel}","templated":true}]}}