{"id":11316,"date":"2022-12-22T11:38:02","date_gmt":"2022-12-22T10:38:02","guid":{"rendered":"https:\/\/www.assitej.net\/?post_type=product&#038;p=11316"},"modified":"2025-05-19T07:43:36","modified_gmt":"2025-05-19T05:43:36","slug":"beautiful-julia","status":"publish","type":"product","link":"https:\/\/assitej.culturaescenica.es\/gl\/editorial-assitej\/maribel-carrasco\/beautiful-julia\/","title":{"rendered":"Preciosa Julia"},"content":{"rendered":"<p>A vida na escola nunca \u00e9 doada. Pero se tam\u00e9n che chaman Filth e non lle podes dicir a ningu\u00e9n que es Xulia; todo faise moito m\u00e1is complicado. Maribel Carrasco, unha das voces m\u00e1is destacadas do teatro infantil, pres\u00e9ntanos unha realidade dura e pouco condescendiente en Julia Fermosa. Xulia c\u00f3ntanos a s\u00faa propia historia. A historia dunha nena trans que se enfronta aos matones escolares, aos pais e aos profesores para aceptarse tal e como \u00e9.<br \/>\nMaribel Carrasco, nunha entrevista durante a s\u00faa participaci\u00f3n no Encontro Nacional de Teatro Feito por Nenas e Nenos (M\u00e9xico), dixo: \u201cNon temos que crer que imos educar ou ensinar algo, sen\u00f3n buscar o punto de comunicaci\u00f3n entre eles e n\u00f3s. Unha das cousas coas que nos enfrontamos cando traballamos cos nenos \u00e9 atopar un xeito, con eles, de ler o mundo, \u00e9 dicir, non unha lectura propia, sen\u00f3n compartida, na que podemos atopar novas narraci\u00f3ns para interpretar a realidade.<br \/>\nCon este libro da Colecci\u00f3n Internacional, ASSITEJ pon \u00e1 disposici\u00f3n de nenos, mozos e adultos un novo texto que nos axudar\u00e1 a confrontar e comprender o mundo que nos rodea. ASSITEJ publicou tam\u00e9n a obra de Maribel Carrasco, *Los cuervos no se peinan*.<\/p>","protected":false},"excerpt":{"rendered":"<p>A vida na escola nunca \u00e9 doada. Pero se tam\u00e9n che chaman Filth e non lle podes dicir a ningu\u00e9n que es Xulia; todo faise moito m\u00e1is complicado. Maribel Carrasco, unha das voces m\u00e1is destacadas do teatro infantil, pres\u00e9ntanos unha realidade dura e pouco condescendiente en Julia Fermosa. Xulia c\u00f3ntanos a s\u00faa propia historia. A historia dunha nena trans que se enfronta aos matones escolares, aos pais e aos profesores para aceptarse tal e como \u00e9.<br \/>\nMaribel Carrasco, nunha entrevista durante a s\u00faa participaci\u00f3n no Encontro Nacional de Teatro Feito por Nenas e Nenos (M\u00e9xico), dixo: \u201cNon temos que crer que imos educar ou ensinar algo, sen\u00f3n buscar o punto de comunicaci\u00f3n entre eles e n\u00f3s. Unha das cousas coas que nos enfrontamos cando traballamos cos nenos \u00e9 atopar un xeito, con eles, de ler o mundo, \u00e9 dicir, non unha lectura propia, sen\u00f3n compartida, na que podemos atopar novas narraci\u00f3ns para interpretar a realidade.<br \/>\nCon este libro da Colecci\u00f3n Internacional, ASSITEJ pon \u00e1 disposici\u00f3n de nenos, mozos e adultos un novo texto que nos axudar\u00e1 a confrontar e comprender o mundo que nos rodea. ASSITEJ publicou tam\u00e9n a obra de Maribel Carrasco, *Los cuervos no se peinan*.<\/p>","protected":false},"featured_media":24367,"template":"","meta":{"_acf_changed":false,"_links_to":"","_links_to_target":""},"product_brand":[2699],"product_cat":[2467],"product_tag":[122],"class_list":{"0":"post-11316","1":"product","2":"type-product","3":"status-publish","4":"has-post-thumbnail","6":"product_brand-assitej","7":"product_cat-maribel-carrasco","8":"product_tag-coleccion-internacional","9":"product_shipping_class-libro","10":"infinite-scroll-item","11":"","12":"woocommerce-text-align-left","13":"woocommerce-image-align-center","14":"do-quantity-buttons","16":"first","17":"instock","18":"taxable","19":"shipping-taxable","20":"purchasable","21":"product-type-simple"},"acf":[],"yoast_head":"<!-- This site is optimized with the Yoast SEO plugin v27.1.1 - https:\/\/yoast.com\/product\/yoast-seo-wordpress\/ -->\n<title>Beautiful Julia - ASSITEJ Espa\u00f1a<\/title>\n<meta name=\"description\" content=\"Maribel Carrasco, una de las voces m\u00e1s sobresalientes del teatro para ni\u00f1os y ni\u00f1as, nos presenta en Beatiful Julia una realidad dura y nada condescendiente. Julia nos cuenta su propia historia. La historia de una chica trans que se enfrenta a los matones del colegio, padres y profesores, para conseguir aceptarse tal y como es.\" \/>\n<meta name=\"robots\" content=\"index, follow, max-snippet:-1, max-image-preview:large, max-video-preview:-1\" \/>\n<link rel=\"canonical\" href=\"https:\/\/assitej.culturaescenica.es\/gl\/editorial-assitej\/maribel-carrasco\/beautiful-julia\/\" \/>\n<meta property=\"og:locale\" content=\"gl_ES\" \/>\n<meta property=\"og:type\" content=\"article\" \/>\n<meta property=\"og:title\" content=\"Beautiful Julia - ASSITEJ Espa\u00f1a\" \/>\n<meta property=\"og:description\" content=\"Maribel Carrasco, una de las voces m\u00e1s sobresalientes del teatro para ni\u00f1os y ni\u00f1as, nos presenta en Beatiful Julia una realidad dura y nada condescendiente. Julia nos cuenta su propia historia. La historia de una chica trans que se enfrenta a los matones del colegio, padres y profesores, para conseguir aceptarse tal y como es.\" \/>\n<meta property=\"og:url\" content=\"https:\/\/assitej.culturaescenica.es\/gl\/editorial-assitej\/maribel-carrasco\/beautiful-julia\/\" \/>\n<meta property=\"og:site_name\" content=\"ASSITEJ Espa\u00f1a\" \/>\n<meta property=\"article:publisher\" content=\"https:\/\/www.facebook.com\/assitejespana\/\" \/>\n<meta property=\"article:modified_time\" content=\"2025-05-19T05:43:36+00:00\" \/>\n<meta property=\"og:image\" content=\"https:\/\/assitej.culturaescenica.es\/wp-content\/uploads\/Beautiful_Julia_Cubierta1-1-jpg.webp\" \/>\n\t<meta property=\"og:image:width\" content=\"600\" \/>\n\t<meta property=\"og:image:height\" content=\"869\" \/>\n\t<meta property=\"og:image:type\" content=\"image\/jpeg\" \/>\n<meta name=\"twitter:card\" content=\"summary_large_image\" \/>\n<meta name=\"twitter:site\" content=\"@AssitejEspana\" \/>\n<meta name=\"twitter:label1\" content=\"Tempo de lectura\" \/>\n\t<meta name=\"twitter:data1\" content=\"2 minutos\" \/>\n<script type=\"application\/ld+json\" class=\"yoast-schema-graph\">{\"@context\":\"https:\/\/schema.org\",\"@graph\":[{\"@type\":\"WebPage\",\"@id\":\"https:\/\/assitej.culturaescenica.es\/eu\/editorial-assitej\/maribel-carrasco\/beautiful-julia\/\",\"url\":\"https:\/\/assitej.culturaescenica.es\/eu\/editorial-assitej\/maribel-carrasco\/beautiful-julia\/\",\"name\":\"Beautiful Julia - ASSITEJ Espa\u00f1a\",\"isPartOf\":{\"@id\":\"https:\/\/assitej.culturaescenica.es\/gl\/#website\"},\"primaryImageOfPage\":{\"@id\":\"https:\/\/assitej.culturaescenica.es\/eu\/editorial-assitej\/maribel-carrasco\/beautiful-julia\/#primaryimage\"},\"image\":{\"@id\":\"https:\/\/assitej.culturaescenica.es\/eu\/editorial-assitej\/maribel-carrasco\/beautiful-julia\/#primaryimage\"},\"thumbnailUrl\":\"https:\/\/assitej.culturaescenica.es\/wp-content\/uploads\/Beautiful_Julia_Cubierta1-1-jpg.webp\",\"datePublished\":\"2022-12-22T10:38:02+00:00\",\"dateModified\":\"2025-05-19T05:43:36+00:00\",\"description\":\"Maribel Carrasco, una de las voces m\u00e1s sobresalientes del teatro para ni\u00f1os y ni\u00f1as, nos presenta en Beatiful Julia una realidad dura y nada condescendiente. Julia nos cuenta su propia historia. La historia de una chica trans que se enfrenta a los matones del colegio, padres y profesores, para conseguir aceptarse tal y como es.\",\"breadcrumb\":{\"@id\":\"https:\/\/assitej.culturaescenica.es\/eu\/editorial-assitej\/maribel-carrasco\/beautiful-julia\/#breadcrumb\"},\"inLanguage\":\"gl-ES\",\"potentialAction\":[{\"@type\":\"ReadAction\",\"target\":[\"https:\/\/assitej.culturaescenica.es\/eu\/editorial-assitej\/maribel-carrasco\/beautiful-julia\/\"]}]},{\"@type\":\"ImageObject\",\"inLanguage\":\"gl-ES\",\"@id\":\"https:\/\/assitej.culturaescenica.es\/eu\/editorial-assitej\/maribel-carrasco\/beautiful-julia\/#primaryimage\",\"url\":\"https:\/\/assitej.culturaescenica.es\/wp-content\/uploads\/Beautiful_Julia_Cubierta1-1-jpg.webp\",\"contentUrl\":\"https:\/\/assitej.culturaescenica.es\/wp-content\/uploads\/Beautiful_Julia_Cubierta1-1-jpg.webp\",\"width\":600,\"height\":869},{\"@type\":\"BreadcrumbList\",\"@id\":\"https:\/\/assitej.culturaescenica.es\/eu\/editorial-assitej\/maribel-carrasco\/beautiful-julia\/#breadcrumb\",\"itemListElement\":[{\"@type\":\"ListItem\",\"position\":1,\"name\":\"Portada\",\"item\":\"https:\/\/assitej.culturaescenica.es\/gl\/\"},{\"@type\":\"ListItem\",\"position\":2,\"name\":\"Editorial Assitej\",\"item\":\"https:\/\/assitej.culturaescenica.es\/es_es\/editorial-assitej\/\"},{\"@type\":\"ListItem\",\"position\":3,\"name\":\"Beautiful Julia\"}]},{\"@type\":\"WebSite\",\"@id\":\"https:\/\/assitej.culturaescenica.es\/gl\/#website\",\"url\":\"https:\/\/assitej.culturaescenica.es\/gl\/\",\"name\":\"ASSITEJ Espa\u00f1a\",\"description\":\"ARTES ESC\u00c9NICAS PARA LA INFANCIA Y LA JUVENTUD\",\"publisher\":{\"@id\":\"https:\/\/assitej.culturaescenica.es\/gl\/#organization\"},\"potentialAction\":[{\"@type\":\"SearchAction\",\"target\":{\"@type\":\"EntryPoint\",\"urlTemplate\":\"https:\/\/assitej.culturaescenica.es\/gl\/?s={search_term_string}\"},\"query-input\":{\"@type\":\"PropertyValueSpecification\",\"valueRequired\":true,\"valueName\":\"search_term_string\"}}],\"inLanguage\":\"gl-ES\"},{\"@type\":\"Organization\",\"@id\":\"https:\/\/assitej.culturaescenica.es\/gl\/#organization\",\"name\":\"ASSITEJ Espa\u00f1a\",\"url\":\"https:\/\/assitej.culturaescenica.es\/gl\/\",\"logo\":{\"@type\":\"ImageObject\",\"inLanguage\":\"gl-ES\",\"@id\":\"https:\/\/assitej.culturaescenica.es\/gl\/#\/schema\/logo\/image\/\",\"url\":\"https:\/\/assitej.es\/wp-content\/uploads\/Logo_ASSITEJ_Espana.RGB_2-1.png\",\"contentUrl\":\"https:\/\/assitej.es\/wp-content\/uploads\/Logo_ASSITEJ_Espana.RGB_2-1.png\",\"width\":4934,\"height\":2287,\"caption\":\"ASSITEJ Espa\u00f1a\"},\"image\":{\"@id\":\"https:\/\/assitej.culturaescenica.es\/gl\/#\/schema\/logo\/image\/\"},\"sameAs\":[\"https:\/\/www.facebook.com\/assitejespana\/\",\"https:\/\/x.com\/AssitejEspana\",\"https:\/\/www.youtube.com\/channel\/UCv-2SDBzEmyORL5tPvsYgMw\"]}]}<\/script>\n<!-- \/ Yoast SEO plugin. -->","yoast_head_json":{"title":"Hermosa Julia - ASSITEJ Espa\u00f1a","description":"Maribel Carrasco, una de las voces m\u00e1s sobresalientes del teatro para ni\u00f1os y ni\u00f1as, nos presenta en Beatiful Julia una realidad dura y nada condescendiente. Julia nos cuenta su propia historia. La historia de una chica trans que se enfrenta a los matones del colegio, padres y profesores, para conseguir aceptarse tal y como es.","robots":{"index":"index","follow":"follow","max-snippet":"max-snippet:-1","max-image-preview":"max-image-preview:large","max-video-preview":"max-video-preview:-1"},"canonical":"https:\/\/assitej.culturaescenica.es\/gl\/editorial-assitej\/maribel-carrasco\/beautiful-julia\/","og_locale":"gl_ES","og_type":"article","og_title":"Beautiful Julia - ASSITEJ Espa\u00f1a","og_description":"Maribel Carrasco, una de las voces m\u00e1s sobresalientes del teatro para ni\u00f1os y ni\u00f1as, nos presenta en Beatiful Julia una realidad dura y nada condescendiente. Julia nos cuenta su propia historia. La historia de una chica trans que se enfrenta a los matones del colegio, padres y profesores, para conseguir aceptarse tal y como es.","og_url":"https:\/\/assitej.culturaescenica.es\/gl\/editorial-assitej\/maribel-carrasco\/beautiful-julia\/","og_site_name":"ASSITEJ Espa\u00f1a","article_publisher":"https:\/\/www.facebook.com\/assitejespana\/","article_modified_time":"2025-05-19T05:43:36+00:00","og_image":[{"width":600,"height":869,"url":"https:\/\/assitej.culturaescenica.es\/wp-content\/uploads\/Beautiful_Julia_Cubierta1-1-jpg.webp","type":"image\/jpeg"}],"twitter_card":"summary_large_image","twitter_site":"@AssitejEspana","twitter_misc":{"Tempo de lectura":"2 minutos"},"schema":{"@context":"https:\/\/schema.org","@graph":[{"@type":"WebPage","@id":"https:\/\/assitej.culturaescenica.es\/eu\/editorial-assitej\/maribel-carrasco\/beautiful-julia\/","url":"https:\/\/assitej.culturaescenica.es\/eu\/editorial-assitej\/maribel-carrasco\/beautiful-julia\/","name":"Hermosa Julia - ASSITEJ Espa\u00f1a","isPartOf":{"@id":"https:\/\/assitej.culturaescenica.es\/gl\/#website"},"primaryImageOfPage":{"@id":"https:\/\/assitej.culturaescenica.es\/eu\/editorial-assitej\/maribel-carrasco\/beautiful-julia\/#primaryimage"},"image":{"@id":"https:\/\/assitej.culturaescenica.es\/eu\/editorial-assitej\/maribel-carrasco\/beautiful-julia\/#primaryimage"},"thumbnailUrl":"https:\/\/assitej.culturaescenica.es\/wp-content\/uploads\/Beautiful_Julia_Cubierta1-1-jpg.webp","datePublished":"2022-12-22T10:38:02+00:00","dateModified":"2025-05-19T05:43:36+00:00","description":"Maribel Carrasco, una de las voces m\u00e1s sobresalientes del teatro para ni\u00f1os y ni\u00f1as, nos presenta en Beatiful Julia una realidad dura y nada condescendiente. Julia nos cuenta su propia historia. La historia de una chica trans que se enfrenta a los matones del colegio, padres y profesores, para conseguir aceptarse tal y como es.","breadcrumb":{"@id":"https:\/\/assitej.culturaescenica.es\/eu\/editorial-assitej\/maribel-carrasco\/beautiful-julia\/#breadcrumb"},"inLanguage":"gl-ES","potentialAction":[{"@type":"ReadAction","target":["https:\/\/assitej.culturaescenica.es\/eu\/editorial-assitej\/maribel-carrasco\/beautiful-julia\/"]}]},{"@type":"ImageObject","inLanguage":"gl-ES","@id":"https:\/\/assitej.culturaescenica.es\/eu\/editorial-assitej\/maribel-carrasco\/beautiful-julia\/#primaryimage","url":"https:\/\/assitej.culturaescenica.es\/wp-content\/uploads\/Beautiful_Julia_Cubierta1-1-jpg.webp","contentUrl":"https:\/\/assitej.culturaescenica.es\/wp-content\/uploads\/Beautiful_Julia_Cubierta1-1-jpg.webp","width":600,"height":869},{"@type":"BreadcrumbList","@id":"https:\/\/assitej.culturaescenica.es\/eu\/editorial-assitej\/maribel-carrasco\/beautiful-julia\/#breadcrumb","itemListElement":[{"@type":"ListItem","position":1,"name":"Portada","item":"https:\/\/assitej.culturaescenica.es\/gl\/"},{"@type":"ListItem","position":2,"name":"Editorial Assitej","item":"https:\/\/assitej.culturaescenica.es\/es_es\/editorial-assitej\/"},{"@type":"ListItem","position":3,"name":"Beautiful Julia"}]},{"@type":"WebSite","@id":"https:\/\/assitej.culturaescenica.es\/gl\/#website","url":"https:\/\/assitej.culturaescenica.es\/gl\/","name":"ASSITEJ Espa\u00f1a","description":"ARTE PERFORMANTES PARA NENOS E XUVENTUDE","publisher":{"@id":"https:\/\/assitej.culturaescenica.es\/gl\/#organization"},"potentialAction":[{"@type":"SearchAction","target":{"@type":"EntryPoint","urlTemplate":"https:\/\/assitej.culturaescenica.es\/gl\/?s={search_term_string}"},"query-input":{"@type":"PropertyValueSpecification","valueRequired":true,"valueName":"search_term_string"}}],"inLanguage":"gl-ES"},{"@type":"Organization","@id":"https:\/\/assitej.culturaescenica.es\/gl\/#organization","name":"ASSITEJ Espa\u00f1a","url":"https:\/\/assitej.culturaescenica.es\/gl\/","logo":{"@type":"ImageObject","inLanguage":"gl-ES","@id":"https:\/\/assitej.culturaescenica.es\/gl\/#\/schema\/logo\/image\/","url":"https:\/\/assitej.es\/wp-content\/uploads\/Logo_ASSITEJ_Espana.RGB_2-1.png","contentUrl":"https:\/\/assitej.es\/wp-content\/uploads\/Logo_ASSITEJ_Espana.RGB_2-1.png","width":4934,"height":2287,"caption":"ASSITEJ Espa\u00f1a"},"image":{"@id":"https:\/\/assitej.culturaescenica.es\/gl\/#\/schema\/logo\/image\/"},"sameAs":["https:\/\/www.facebook.com\/assitejespana\/","https:\/\/x.com\/AssitejEspana","https:\/\/www.youtube.com\/channel\/UCv-2SDBzEmyORL5tPvsYgMw"]}]}},"_links":{"self":[{"href":"https:\/\/assitej.culturaescenica.es\/gl\/wp-json\/wp\/v2\/product\/11316","targetHints":{"allow":["GET"]}}],"collection":[{"href":"https:\/\/assitej.culturaescenica.es\/gl\/wp-json\/wp\/v2\/product"}],"about":[{"href":"https:\/\/assitej.culturaescenica.es\/gl\/wp-json\/wp\/v2\/types\/product"}],"wp:featuredmedia":[{"embeddable":true,"href":"https:\/\/assitej.culturaescenica.es\/gl\/wp-json\/wp\/v2\/media\/24367"}],"wp:attachment":[{"href":"https:\/\/assitej.culturaescenica.es\/gl\/wp-json\/wp\/v2\/media?parent=11316"}],"wp:term":[{"taxonomy":"product_brand","embeddable":true,"href":"https:\/\/assitej.culturaescenica.es\/gl\/wp-json\/wp\/v2\/product_brand?post=11316"},{"taxonomy":"product_cat","embeddable":true,"href":"https:\/\/assitej.culturaescenica.es\/gl\/wp-json\/wp\/v2\/product_cat?post=11316"},{"taxonomy":"product_tag","embeddable":true,"href":"https:\/\/assitej.culturaescenica.es\/gl\/wp-json\/wp\/v2\/product_tag?post=11316"}],"curies":[{"name":"wp","href":"https:\/\/api.w.org\/{rel}","templated":true}]}}