{"id":10545,"date":"2020-11-16T07:03:58","date_gmt":"2020-11-16T06:03:58","guid":{"rendered":"https:\/\/www.assitej.net\/?post_type=product&#038;p=10545"},"modified":"2025-05-05T16:02:00","modified_gmt":"2025-05-05T14:02:00","slug":"los-cuervos-no-se-peinan","status":"publish","type":"product","link":"https:\/\/assitej.culturaescenica.es\/gl\/editorial-assitej\/maribel-carrasco\/los-cuervos-no-se-peinan\/","title":{"rendered":"Os corvos non se peitean"},"content":{"rendered":"<h2><em>Os corvos non se peitean<\/em>, de Maribel Carrasco<\/h2>\n<p>Que far\u00edas se un d\u00eda, despois de pasar a tarde no parque, un ovo te perseguise ata a t\u00faa porta de entrada? Isto \u00e9 o que lle acontece \u00e1 muller do sombreiro vermello neste estupendo texto de Maribel Carrasco, unha das voces m\u00e1is destacadas da dramaturxia infantil en castel\u00e1n.<br \/>\nEn The Ravens Don&#039;t Comb Their Their Hair, un cl\u00e1sico da dramaturxia infantil, o mexicano conta unha historia sobre a maior\u00eda de idade. A muller do sombreiro vermello adoptar\u00e1 o ovo, que se converter\u00e1 nun corvo pequeno e chamarase Emilio, e xuntos aprender\u00e1n a vivir, a coidarse e a superar os seus medos. Cando Emilio queira ir \u00e1 escola, como todos os demais nenos, descubrir\u00e1 quen \u00e9 e ter\u00e1 que enfrontarse a moitas preguntas.<br \/>\nOs corvos non se peitean \u00e9 unha obra que nos axuda a comprender as nosas diferenzas. Porque ser raro non est\u00e1 nada mal.<\/p>","protected":false},"excerpt":{"rendered":"<p>Que far\u00edas se un d\u00eda, despois de pasar a tarde no parque, un ovo te perseguise ata a t\u00faa porta de entrada? Isto \u00e9 o que lle acontece \u00e1 muller do sombreiro vermello neste estupendo texto de Maribel Carrasco, unha das voces m\u00e1is destacadas da dramaturxia infantil en castel\u00e1n.<br \/>\nEn The Ravens Don&#039;t Comb Their Their Hair, un cl\u00e1sico da dramaturxia infantil, o mexicano conta unha historia sobre a maior\u00eda de idade. A muller do sombreiro vermello adoptar\u00e1 o ovo, que se converter\u00e1 nun corvo pequeno e chamarase Emilio, e xuntos aprender\u00e1n a vivir, a coidarse e a superar os seus medos. Cando Emilio queira ir \u00e1 escola, como todos os demais nenos, descubrir\u00e1 quen \u00e9 e ter\u00e1 que enfrontarse a moitas preguntas.<br \/>\nOs corvos non se peitean \u00e9 unha obra que nos axuda a comprender as nosas diferenzas. Porque ser raro non est\u00e1 nada mal.<\/p>","protected":false},"featured_media":24359,"template":"","meta":{"_acf_changed":false,"_links_to":"","_links_to_target":""},"product_brand":[],"product_cat":[2467],"product_tag":[122,2470,2469],"class_list":{"0":"post-10545","1":"product","2":"type-product","3":"status-publish","4":"has-post-thumbnail","6":"product_cat-maribel-carrasco","7":"product_tag-coleccion-internacional","8":"product_tag-diferencias","9":"product_tag-maribel-carrasco","10":"infinite-scroll-item","11":"","12":"woocommerce-text-align-left","13":"woocommerce-image-align-center","14":"do-quantity-buttons","16":"first","17":"instock","18":"taxable","19":"shipping-taxable","20":"purchasable","21":"product-type-simple"},"acf":[],"yoast_head":"<!-- This site is optimized with the Yoast SEO plugin v27.1.1 - https:\/\/yoast.com\/product\/yoast-seo-wordpress\/ -->\n<title>Los cuervos no se peinan, de Maribel Carrasco<\/title>\n<meta name=\"description\" content=\"Los cuervos no se peinan es una obra que nos ayuda a entender nuestras diferencias. Porque ser raro o rara no est\u00e1 nada mal.\" \/>\n<meta name=\"robots\" content=\"index, follow, max-snippet:-1, max-image-preview:large, max-video-preview:-1\" \/>\n<link rel=\"canonical\" href=\"https:\/\/assitej.culturaescenica.es\/gl\/editorial-assitej\/maribel-carrasco\/los-cuervos-no-se-peinan\/\" \/>\n<meta property=\"og:locale\" content=\"gl_ES\" \/>\n<meta property=\"og:type\" content=\"article\" \/>\n<meta property=\"og:title\" content=\"Los cuervos no se peinan, de Maribel Carrasco\" \/>\n<meta property=\"og:description\" content=\"Los cuervos no se peinan es una obra que nos ayuda a entender nuestras diferencias. Porque ser raro o rara no est\u00e1 nada mal.\" \/>\n<meta property=\"og:url\" content=\"https:\/\/assitej.culturaescenica.es\/gl\/editorial-assitej\/maribel-carrasco\/los-cuervos-no-se-peinan\/\" \/>\n<meta property=\"og:site_name\" content=\"ASSITEJ Espa\u00f1a\" \/>\n<meta property=\"article:publisher\" content=\"https:\/\/www.facebook.com\/assitejespana\/\" \/>\n<meta property=\"article:modified_time\" content=\"2025-05-05T14:02:00+00:00\" \/>\n<meta property=\"og:image\" content=\"https:\/\/assitej.culturaescenica.es\/wp-content\/uploads\/Portada-Los-cuervos-no-se-peinan-scaled-1-jpg.webp\" \/>\n\t<meta property=\"og:image:width\" content=\"1748\" \/>\n\t<meta property=\"og:image:height\" content=\"2560\" \/>\n\t<meta property=\"og:image:type\" content=\"image\/jpeg\" \/>\n<meta name=\"twitter:card\" content=\"summary_large_image\" \/>\n<meta name=\"twitter:site\" content=\"@AssitejEspana\" \/>\n<meta name=\"twitter:label1\" content=\"Tempo de lectura\" \/>\n\t<meta name=\"twitter:data1\" content=\"1 minuto\" \/>\n<script type=\"application\/ld+json\" class=\"yoast-schema-graph\">{\"@context\":\"https:\/\/schema.org\",\"@graph\":[{\"@type\":\"WebPage\",\"@id\":\"https:\/\/assitej.culturaescenica.es\/ca\/editorial-assitej\/maribel-carrasco\/los-cuervos-no-se-peinan\/\",\"url\":\"https:\/\/assitej.culturaescenica.es\/ca\/editorial-assitej\/maribel-carrasco\/los-cuervos-no-se-peinan\/\",\"name\":\"Los cuervos no se peinan, de Maribel Carrasco\",\"isPartOf\":{\"@id\":\"https:\/\/assitej.culturaescenica.es\/gl\/#website\"},\"primaryImageOfPage\":{\"@id\":\"https:\/\/assitej.culturaescenica.es\/ca\/editorial-assitej\/maribel-carrasco\/los-cuervos-no-se-peinan\/#primaryimage\"},\"image\":{\"@id\":\"https:\/\/assitej.culturaescenica.es\/ca\/editorial-assitej\/maribel-carrasco\/los-cuervos-no-se-peinan\/#primaryimage\"},\"thumbnailUrl\":\"https:\/\/assitej.culturaescenica.es\/wp-content\/uploads\/Portada-Los-cuervos-no-se-peinan-scaled-1-jpg.webp\",\"datePublished\":\"2020-11-16T06:03:58+00:00\",\"dateModified\":\"2025-05-05T14:02:00+00:00\",\"description\":\"Los cuervos no se peinan es una obra que nos ayuda a entender nuestras diferencias. Porque ser raro o rara no est\u00e1 nada mal.\",\"breadcrumb\":{\"@id\":\"https:\/\/assitej.culturaescenica.es\/ca\/editorial-assitej\/maribel-carrasco\/los-cuervos-no-se-peinan\/#breadcrumb\"},\"inLanguage\":\"gl-ES\",\"potentialAction\":[{\"@type\":\"ReadAction\",\"target\":[\"https:\/\/assitej.culturaescenica.es\/ca\/editorial-assitej\/maribel-carrasco\/los-cuervos-no-se-peinan\/\"]}]},{\"@type\":\"ImageObject\",\"inLanguage\":\"gl-ES\",\"@id\":\"https:\/\/assitej.culturaescenica.es\/ca\/editorial-assitej\/maribel-carrasco\/los-cuervos-no-se-peinan\/#primaryimage\",\"url\":\"https:\/\/assitej.culturaescenica.es\/wp-content\/uploads\/Portada-Los-cuervos-no-se-peinan-scaled-1-jpg.webp\",\"contentUrl\":\"https:\/\/assitej.culturaescenica.es\/wp-content\/uploads\/Portada-Los-cuervos-no-se-peinan-scaled-1-jpg.webp\",\"width\":1748,\"height\":2560},{\"@type\":\"BreadcrumbList\",\"@id\":\"https:\/\/assitej.culturaescenica.es\/ca\/editorial-assitej\/maribel-carrasco\/los-cuervos-no-se-peinan\/#breadcrumb\",\"itemListElement\":[{\"@type\":\"ListItem\",\"position\":1,\"name\":\"Portada\",\"item\":\"https:\/\/assitej.culturaescenica.es\/gl\/\"},{\"@type\":\"ListItem\",\"position\":2,\"name\":\"Editorial Assitej\",\"item\":\"https:\/\/assitej.culturaescenica.es\/es_es\/editorial-assitej\/\"},{\"@type\":\"ListItem\",\"position\":3,\"name\":\"Los cuervos no se peinan\"}]},{\"@type\":\"WebSite\",\"@id\":\"https:\/\/assitej.culturaescenica.es\/gl\/#website\",\"url\":\"https:\/\/assitej.culturaescenica.es\/gl\/\",\"name\":\"ASSITEJ Espa\u00f1a\",\"description\":\"ARTES ESC\u00c9NICAS PARA LA INFANCIA Y LA JUVENTUD\",\"publisher\":{\"@id\":\"https:\/\/assitej.culturaescenica.es\/gl\/#organization\"},\"potentialAction\":[{\"@type\":\"SearchAction\",\"target\":{\"@type\":\"EntryPoint\",\"urlTemplate\":\"https:\/\/assitej.culturaescenica.es\/gl\/?s={search_term_string}\"},\"query-input\":{\"@type\":\"PropertyValueSpecification\",\"valueRequired\":true,\"valueName\":\"search_term_string\"}}],\"inLanguage\":\"gl-ES\"},{\"@type\":\"Organization\",\"@id\":\"https:\/\/assitej.culturaescenica.es\/gl\/#organization\",\"name\":\"ASSITEJ Espa\u00f1a\",\"url\":\"https:\/\/assitej.culturaescenica.es\/gl\/\",\"logo\":{\"@type\":\"ImageObject\",\"inLanguage\":\"gl-ES\",\"@id\":\"https:\/\/assitej.culturaescenica.es\/gl\/#\/schema\/logo\/image\/\",\"url\":\"https:\/\/assitej.es\/wp-content\/uploads\/Logo_ASSITEJ_Espana.RGB_2-1.png\",\"contentUrl\":\"https:\/\/assitej.es\/wp-content\/uploads\/Logo_ASSITEJ_Espana.RGB_2-1.png\",\"width\":4934,\"height\":2287,\"caption\":\"ASSITEJ Espa\u00f1a\"},\"image\":{\"@id\":\"https:\/\/assitej.culturaescenica.es\/gl\/#\/schema\/logo\/image\/\"},\"sameAs\":[\"https:\/\/www.facebook.com\/assitejespana\/\",\"https:\/\/x.com\/AssitejEspana\",\"https:\/\/www.youtube.com\/channel\/UCv-2SDBzEmyORL5tPvsYgMw\"]}]}<\/script>\n<!-- \/ Yoast SEO plugin. -->","yoast_head_json":{"title":"Os corvos non se peitean, de Maribel Carrasco","description":"Os corvos non se peitean \u00e9 unha obra que nos axuda a comprender as nosas diferenzas. Porque ser raro non est\u00e1 nada mal.","robots":{"index":"index","follow":"follow","max-snippet":"max-snippet:-1","max-image-preview":"max-image-preview:large","max-video-preview":"max-video-preview:-1"},"canonical":"https:\/\/assitej.culturaescenica.es\/gl\/editorial-assitej\/maribel-carrasco\/los-cuervos-no-se-peinan\/","og_locale":"gl_ES","og_type":"article","og_title":"Los cuervos no se peinan, de Maribel Carrasco","og_description":"Los cuervos no se peinan es una obra que nos ayuda a entender nuestras diferencias. Porque ser raro o rara no est\u00e1 nada mal.","og_url":"https:\/\/assitej.culturaescenica.es\/gl\/editorial-assitej\/maribel-carrasco\/los-cuervos-no-se-peinan\/","og_site_name":"ASSITEJ Espa\u00f1a","article_publisher":"https:\/\/www.facebook.com\/assitejespana\/","article_modified_time":"2025-05-05T14:02:00+00:00","og_image":[{"width":1748,"height":2560,"url":"https:\/\/assitej.culturaescenica.es\/wp-content\/uploads\/Portada-Los-cuervos-no-se-peinan-scaled-1-jpg.webp","type":"image\/jpeg"}],"twitter_card":"summary_large_image","twitter_site":"@AssitejEspana","twitter_misc":{"Tempo de lectura":"1 minuto"},"schema":{"@context":"https:\/\/schema.org","@graph":[{"@type":"WebPage","@id":"https:\/\/assitej.culturaescenica.es\/ca\/editorial-assitej\/maribel-carrasco\/los-cuervos-no-se-peinan\/","url":"https:\/\/assitej.culturaescenica.es\/ca\/editorial-assitej\/maribel-carrasco\/los-cuervos-no-se-peinan\/","name":"Os corvos non se peitean, de Maribel Carrasco","isPartOf":{"@id":"https:\/\/assitej.culturaescenica.es\/gl\/#website"},"primaryImageOfPage":{"@id":"https:\/\/assitej.culturaescenica.es\/ca\/editorial-assitej\/maribel-carrasco\/los-cuervos-no-se-peinan\/#primaryimage"},"image":{"@id":"https:\/\/assitej.culturaescenica.es\/ca\/editorial-assitej\/maribel-carrasco\/los-cuervos-no-se-peinan\/#primaryimage"},"thumbnailUrl":"https:\/\/assitej.culturaescenica.es\/wp-content\/uploads\/Portada-Los-cuervos-no-se-peinan-scaled-1-jpg.webp","datePublished":"2020-11-16T06:03:58+00:00","dateModified":"2025-05-05T14:02:00+00:00","description":"Os corvos non se peitean \u00e9 unha obra que nos axuda a comprender as nosas diferenzas. Porque ser raro non est\u00e1 nada mal.","breadcrumb":{"@id":"https:\/\/assitej.culturaescenica.es\/ca\/editorial-assitej\/maribel-carrasco\/los-cuervos-no-se-peinan\/#breadcrumb"},"inLanguage":"gl-ES","potentialAction":[{"@type":"ReadAction","target":["https:\/\/assitej.culturaescenica.es\/ca\/editorial-assitej\/maribel-carrasco\/los-cuervos-no-se-peinan\/"]}]},{"@type":"ImageObject","inLanguage":"gl-ES","@id":"https:\/\/assitej.culturaescenica.es\/ca\/editorial-assitej\/maribel-carrasco\/los-cuervos-no-se-peinan\/#primaryimage","url":"https:\/\/assitej.culturaescenica.es\/wp-content\/uploads\/Portada-Los-cuervos-no-se-peinan-scaled-1-jpg.webp","contentUrl":"https:\/\/assitej.culturaescenica.es\/wp-content\/uploads\/Portada-Los-cuervos-no-se-peinan-scaled-1-jpg.webp","width":1748,"height":2560},{"@type":"BreadcrumbList","@id":"https:\/\/assitej.culturaescenica.es\/ca\/editorial-assitej\/maribel-carrasco\/los-cuervos-no-se-peinan\/#breadcrumb","itemListElement":[{"@type":"ListItem","position":1,"name":"Portada","item":"https:\/\/assitej.culturaescenica.es\/gl\/"},{"@type":"ListItem","position":2,"name":"Editorial Assitej","item":"https:\/\/assitej.culturaescenica.es\/es_es\/editorial-assitej\/"},{"@type":"ListItem","position":3,"name":"Los cuervos no se peinan"}]},{"@type":"WebSite","@id":"https:\/\/assitej.culturaescenica.es\/gl\/#website","url":"https:\/\/assitej.culturaescenica.es\/gl\/","name":"ASSITEJ Espa\u00f1a","description":"ARTE PERFORMANTES PARA NENOS E XUVENTUDE","publisher":{"@id":"https:\/\/assitej.culturaescenica.es\/gl\/#organization"},"potentialAction":[{"@type":"SearchAction","target":{"@type":"EntryPoint","urlTemplate":"https:\/\/assitej.culturaescenica.es\/gl\/?s={search_term_string}"},"query-input":{"@type":"PropertyValueSpecification","valueRequired":true,"valueName":"search_term_string"}}],"inLanguage":"gl-ES"},{"@type":"Organization","@id":"https:\/\/assitej.culturaescenica.es\/gl\/#organization","name":"ASSITEJ Espa\u00f1a","url":"https:\/\/assitej.culturaescenica.es\/gl\/","logo":{"@type":"ImageObject","inLanguage":"gl-ES","@id":"https:\/\/assitej.culturaescenica.es\/gl\/#\/schema\/logo\/image\/","url":"https:\/\/assitej.es\/wp-content\/uploads\/Logo_ASSITEJ_Espana.RGB_2-1.png","contentUrl":"https:\/\/assitej.es\/wp-content\/uploads\/Logo_ASSITEJ_Espana.RGB_2-1.png","width":4934,"height":2287,"caption":"ASSITEJ Espa\u00f1a"},"image":{"@id":"https:\/\/assitej.culturaescenica.es\/gl\/#\/schema\/logo\/image\/"},"sameAs":["https:\/\/www.facebook.com\/assitejespana\/","https:\/\/x.com\/AssitejEspana","https:\/\/www.youtube.com\/channel\/UCv-2SDBzEmyORL5tPvsYgMw"]}]}},"_links":{"self":[{"href":"https:\/\/assitej.culturaescenica.es\/gl\/wp-json\/wp\/v2\/product\/10545","targetHints":{"allow":["GET"]}}],"collection":[{"href":"https:\/\/assitej.culturaescenica.es\/gl\/wp-json\/wp\/v2\/product"}],"about":[{"href":"https:\/\/assitej.culturaescenica.es\/gl\/wp-json\/wp\/v2\/types\/product"}],"wp:featuredmedia":[{"embeddable":true,"href":"https:\/\/assitej.culturaescenica.es\/gl\/wp-json\/wp\/v2\/media\/24359"}],"wp:attachment":[{"href":"https:\/\/assitej.culturaescenica.es\/gl\/wp-json\/wp\/v2\/media?parent=10545"}],"wp:term":[{"taxonomy":"product_brand","embeddable":true,"href":"https:\/\/assitej.culturaescenica.es\/gl\/wp-json\/wp\/v2\/product_brand?post=10545"},{"taxonomy":"product_cat","embeddable":true,"href":"https:\/\/assitej.culturaescenica.es\/gl\/wp-json\/wp\/v2\/product_cat?post=10545"},{"taxonomy":"product_tag","embeddable":true,"href":"https:\/\/assitej.culturaescenica.es\/gl\/wp-json\/wp\/v2\/product_tag?post=10545"}],"curies":[{"name":"wp","href":"https:\/\/api.w.org\/{rel}","templated":true}]}}