{"id":10495,"date":"2020-10-22T09:13:40","date_gmt":"2020-10-22T08:13:40","guid":{"rendered":"https:\/\/www.assitej.net\/?post_type=product&#038;p=10495"},"modified":"2024-12-11T15:22:32","modified_gmt":"2024-12-11T14:22:32","slug":"la-migracion-teatro-al-infancia-la-juventud-mexico","status":"publish","type":"product","link":"https:\/\/assitej.culturaescenica.es\/gl\/editorial-assitej\/hugo-salcedo\/la-migracion-teatro-al-infancia-la-juventud-mexico\/","title":{"rendered":"Migraci\u00f3n no teatro para nenos e mozos en M\u00e9xico"},"content":{"rendered":"<p>La migraci\u00f3n en el teatro para la infancia y la juventud de M\u00e9xico, de Hugo Salcedo.<\/p>\n<p>Hugo Salcedo afirma que o teatro \u00e9 a pr\u00e1ctica id\u00f3nea para reflexionar sobre os temas urxentes que nos preocupan como sociedade e, desde esta perspectiva, os nenos te\u00f1en o poder de sinalar os erros do sistema.<br \/>\nNeste ensaio, Salcedo, figura destacada das artes esc\u00e9nicas mexicanas, explora diversas obras para a infancia e a mocidade cunha tem\u00e1tica migratoria. Unha dramaturxia que non aborda temas tab\u00fa e non \u00e9 inmune \u00e1s tr\u00e1xicas consecuencias que a migraci\u00f3n ten nos nenos. Este libro, polo tanto, non s\u00f3 est\u00e1 pensado para investigadores do teatro infantil e xuvenil, sen\u00f3n tam\u00e9n para todos aqueles que desexen explorar o teatro mexicano contempor\u00e1neo e estean interesados nun teatro comprometido coa realidade. Iso non d\u00e1 as costas aos temas m\u00e1is espi\u00f1entos da vida dos nenos.<br \/>\nHugo Salcedo foi o ga\u00f1ador do Premio Juan Cervera de Investigaci\u00f3n sobre as Artes Esc\u00e9nicas para a Infancia e a Xuventude 2019 pola relevancia e a actualidade do tema tratado, a minuciosidade da s\u00faa selecci\u00f3n de obras, o rigor metodol\u00f3xico da s\u00faa an\u00e1lise e a s\u00faa clara exposici\u00f3n. O xurado tam\u00e9n eloxiou o seu compromiso e valent\u00eda na defensa dunha creaci\u00f3n teatral que non oculta os aspectos m\u00e1is duros da realidade \u00e1 infancia e \u00e1 xuventude.<\/p>","protected":false},"excerpt":{"rendered":"<p>Hugo Salcedo afirma que o teatro \u00e9 a pr\u00e1ctica id\u00f3nea para reflexionar sobre os temas urxentes que nos preocupan como sociedade e, desde esta perspectiva, os nenos te\u00f1en o poder de sinalar os erros do sistema.<br \/>\nNeste ensaio, Salcedo, figura destacada das artes esc\u00e9nicas mexicanas, explora diversas obras para a infancia e a mocidade cunha tem\u00e1tica migratoria. Unha dramaturxia que non aborda temas tab\u00fa e non \u00e9 inmune \u00e1s tr\u00e1xicas consecuencias que a migraci\u00f3n ten nos nenos. Este libro, polo tanto, non s\u00f3 est\u00e1 pensado para investigadores do teatro infantil e xuvenil, sen\u00f3n tam\u00e9n para todos aqueles que desexen explorar o teatro mexicano contempor\u00e1neo e estean interesados nun teatro comprometido coa realidade. Iso non d\u00e1 as costas aos temas m\u00e1is espi\u00f1entos da vida dos nenos.<br \/>\nHugo Salcedo foi o ga\u00f1ador do Premio Juan Cervera de Investigaci\u00f3n sobre as Artes Esc\u00e9nicas para a Infancia e a Xuventude 2019 pola relevancia e a actualidade do tema tratado, a minuciosidade da s\u00faa selecci\u00f3n de obras, o rigor metodol\u00f3xico da s\u00faa an\u00e1lise e a s\u00faa clara exposici\u00f3n. O xurado tam\u00e9n eloxiou o seu compromiso e valent\u00eda na defensa dunha creaci\u00f3n teatral que non oculta os aspectos m\u00e1is duros da realidade \u00e1 infancia e \u00e1 xuventude.<\/p>","protected":false},"featured_media":24358,"template":"","meta":{"_acf_changed":false,"_links_to":"","_links_to_target":""},"product_brand":[],"product_cat":[2464],"product_tag":[82],"class_list":{"0":"post-10495","1":"product","2":"type-product","3":"status-publish","4":"has-post-thumbnail","6":"product_cat-hugo-salcedo","7":"product_tag-coleccion-ensayo","8":"infinite-scroll-item","9":"","10":"woocommerce-text-align-left","11":"woocommerce-image-align-center","12":"do-quantity-buttons","14":"first","15":"instock","16":"taxable","17":"shipping-taxable","18":"purchasable","19":"product-type-simple"},"acf":[],"yoast_head":"<!-- This site is optimized with the Yoast SEO plugin v27.1.1 - https:\/\/yoast.com\/product\/yoast-seo-wordpress\/ -->\n<title>La migraci\u00f3n en el teatro para la infancia y la juventud de M\u00e9xico - ASSITEJ Espa\u00f1a<\/title>\n<meta name=\"robots\" content=\"index, follow, max-snippet:-1, max-image-preview:large, max-video-preview:-1\" \/>\n<link rel=\"canonical\" href=\"https:\/\/assitej.culturaescenica.es\/gl\/editorial-assitej\/hugo-salcedo\/la-migracion-teatro-al-infancia-la-juventud-mexico\/\" \/>\n<meta property=\"og:locale\" content=\"gl_ES\" \/>\n<meta property=\"og:type\" content=\"article\" \/>\n<meta property=\"og:title\" content=\"La migraci\u00f3n en el teatro para la infancia y la juventud de M\u00e9xico - ASSITEJ Espa\u00f1a\" \/>\n<meta property=\"og:description\" content=\"Hugo Salcedo afirma que el teatro es la pr\u00e1ctica id\u00f3nea para reflexionar sobre los temas de urgencia que nos ata\u00f1en como sociedad y, desde esta perspectiva, los ni\u00f1os y las ni\u00f1as tienen la potestad de se\u00f1alar los errores del sistema. Salcedo, una figura destacada de las artes esc\u00e9nicas mexicanas,realiza en este ensayo un recorrido por diferentes obras para la infancia y la juventud con tem\u00e1tica migratoria. Una dramaturgia para la que no existen los temas tab\u00fa y que no es ajena a las tr\u00e1gicas consecuencias que la migraci\u00f3n tiene en los m\u00e1s peque\u00f1os. Este libro, por tanto, no solo est\u00e1 destinado a los investigadores de teatro infantil y juvenil, sino a todos aquellos que quieran acercarse al teatro contempor\u00e1neo mexicano y est\u00e9n interesados en un teatro comprometido con la realidad. Que no da la espalda a las cuestiones m\u00e1s espinosas de la vida de los ni\u00f1os y ni\u00f1as. Hugo Salcedo result\u00f3 ganador del Premio Juan Cervera de Investigaci\u00f3n sobre artes Esc\u00e9nicas para la Infancia y la Juventud 2019 por la pertinencia y la actualidad del tema abordado, la exhaustividad en la selecci\u00f3n de obras, el rigor metodol\u00f3gico del an\u00e1lisis y su claridad expositiva. Asimismo, el jurado destac\u00f3 su compromiso y valent\u00eda al defender una creaci\u00f3n teatral que no oculta los aspectos m\u00e1s crudos de la realidad al p\u00fablico infantil y juvenil.\" \/>\n<meta property=\"og:url\" content=\"https:\/\/assitej.culturaescenica.es\/gl\/editorial-assitej\/hugo-salcedo\/la-migracion-teatro-al-infancia-la-juventud-mexico\/\" \/>\n<meta property=\"og:site_name\" content=\"ASSITEJ Espa\u00f1a\" \/>\n<meta property=\"article:publisher\" content=\"https:\/\/www.facebook.com\/assitejespana\/\" \/>\n<meta property=\"article:modified_time\" content=\"2024-12-11T14:22:32+00:00\" \/>\n<meta property=\"og:image\" content=\"https:\/\/assitej.culturaescenica.es\/wp-content\/uploads\/La-migracion-en-el-teatro-para-la-infancia-y-la-juventud-de-Mexico-portada-web-1-jpg.webp\" \/>\n\t<meta property=\"og:image:width\" content=\"1182\" \/>\n\t<meta property=\"og:image:height\" content=\"1651\" \/>\n\t<meta property=\"og:image:type\" content=\"image\/jpeg\" \/>\n<meta name=\"twitter:card\" content=\"summary_large_image\" \/>\n<meta name=\"twitter:site\" content=\"@AssitejEspana\" \/>\n<meta name=\"twitter:label1\" content=\"Tempo de lectura\" \/>\n\t<meta name=\"twitter:data1\" content=\"1 minuto\" \/>\n<script type=\"application\/ld+json\" class=\"yoast-schema-graph\">{\"@context\":\"https:\/\/schema.org\",\"@graph\":[{\"@type\":\"WebPage\",\"@id\":\"https:\/\/assitej.culturaescenica.es\/eu\/editorial-assitej\/hugo-salcedo\/la-migracion-teatro-al-infancia-la-juventud-mexico\/\",\"url\":\"https:\/\/assitej.culturaescenica.es\/eu\/editorial-assitej\/hugo-salcedo\/la-migracion-teatro-al-infancia-la-juventud-mexico\/\",\"name\":\"La migraci\u00f3n en el teatro para la infancia y la juventud de M\u00e9xico - ASSITEJ Espa\u00f1a\",\"isPartOf\":{\"@id\":\"https:\/\/assitej.culturaescenica.es\/gl\/#website\"},\"primaryImageOfPage\":{\"@id\":\"https:\/\/assitej.culturaescenica.es\/eu\/editorial-assitej\/hugo-salcedo\/la-migracion-teatro-al-infancia-la-juventud-mexico\/#primaryimage\"},\"image\":{\"@id\":\"https:\/\/assitej.culturaescenica.es\/eu\/editorial-assitej\/hugo-salcedo\/la-migracion-teatro-al-infancia-la-juventud-mexico\/#primaryimage\"},\"thumbnailUrl\":\"https:\/\/assitej.culturaescenica.es\/wp-content\/uploads\/La-migracion-en-el-teatro-para-la-infancia-y-la-juventud-de-Mexico-portada-web-1-jpg.webp\",\"datePublished\":\"2020-10-22T08:13:40+00:00\",\"dateModified\":\"2024-12-11T14:22:32+00:00\",\"breadcrumb\":{\"@id\":\"https:\/\/assitej.culturaescenica.es\/eu\/editorial-assitej\/hugo-salcedo\/la-migracion-teatro-al-infancia-la-juventud-mexico\/#breadcrumb\"},\"inLanguage\":\"gl-ES\",\"potentialAction\":[{\"@type\":\"ReadAction\",\"target\":[\"https:\/\/assitej.culturaescenica.es\/eu\/editorial-assitej\/hugo-salcedo\/la-migracion-teatro-al-infancia-la-juventud-mexico\/\"]}]},{\"@type\":\"ImageObject\",\"inLanguage\":\"gl-ES\",\"@id\":\"https:\/\/assitej.culturaescenica.es\/eu\/editorial-assitej\/hugo-salcedo\/la-migracion-teatro-al-infancia-la-juventud-mexico\/#primaryimage\",\"url\":\"https:\/\/assitej.culturaescenica.es\/wp-content\/uploads\/La-migracion-en-el-teatro-para-la-infancia-y-la-juventud-de-Mexico-portada-web-1-jpg.webp\",\"contentUrl\":\"https:\/\/assitej.culturaescenica.es\/wp-content\/uploads\/La-migracion-en-el-teatro-para-la-infancia-y-la-juventud-de-Mexico-portada-web-1-jpg.webp\",\"width\":1182,\"height\":1651},{\"@type\":\"BreadcrumbList\",\"@id\":\"https:\/\/assitej.culturaescenica.es\/eu\/editorial-assitej\/hugo-salcedo\/la-migracion-teatro-al-infancia-la-juventud-mexico\/#breadcrumb\",\"itemListElement\":[{\"@type\":\"ListItem\",\"position\":1,\"name\":\"Portada\",\"item\":\"https:\/\/assitej.culturaescenica.es\/gl\/\"},{\"@type\":\"ListItem\",\"position\":2,\"name\":\"Editorial Assitej\",\"item\":\"https:\/\/assitej.culturaescenica.es\/es_es\/editorial-assitej\/\"},{\"@type\":\"ListItem\",\"position\":3,\"name\":\"La migraci\u00f3n en el teatro para la infancia y la juventud de M\u00e9xico\"}]},{\"@type\":\"WebSite\",\"@id\":\"https:\/\/assitej.culturaescenica.es\/gl\/#website\",\"url\":\"https:\/\/assitej.culturaescenica.es\/gl\/\",\"name\":\"ASSITEJ Espa\u00f1a\",\"description\":\"ARTES ESC\u00c9NICAS PARA LA INFANCIA Y LA JUVENTUD\",\"publisher\":{\"@id\":\"https:\/\/assitej.culturaescenica.es\/gl\/#organization\"},\"potentialAction\":[{\"@type\":\"SearchAction\",\"target\":{\"@type\":\"EntryPoint\",\"urlTemplate\":\"https:\/\/assitej.culturaescenica.es\/gl\/?s={search_term_string}\"},\"query-input\":{\"@type\":\"PropertyValueSpecification\",\"valueRequired\":true,\"valueName\":\"search_term_string\"}}],\"inLanguage\":\"gl-ES\"},{\"@type\":\"Organization\",\"@id\":\"https:\/\/assitej.culturaescenica.es\/gl\/#organization\",\"name\":\"ASSITEJ Espa\u00f1a\",\"url\":\"https:\/\/assitej.culturaescenica.es\/gl\/\",\"logo\":{\"@type\":\"ImageObject\",\"inLanguage\":\"gl-ES\",\"@id\":\"https:\/\/assitej.culturaescenica.es\/gl\/#\/schema\/logo\/image\/\",\"url\":\"https:\/\/assitej.es\/wp-content\/uploads\/Logo_ASSITEJ_Espana.RGB_2-1.png\",\"contentUrl\":\"https:\/\/assitej.es\/wp-content\/uploads\/Logo_ASSITEJ_Espana.RGB_2-1.png\",\"width\":4934,\"height\":2287,\"caption\":\"ASSITEJ Espa\u00f1a\"},\"image\":{\"@id\":\"https:\/\/assitej.culturaescenica.es\/gl\/#\/schema\/logo\/image\/\"},\"sameAs\":[\"https:\/\/www.facebook.com\/assitejespana\/\",\"https:\/\/x.com\/AssitejEspana\",\"https:\/\/www.youtube.com\/channel\/UCv-2SDBzEmyORL5tPvsYgMw\"]}]}<\/script>\n<!-- \/ Yoast SEO plugin. -->","yoast_head_json":{"title":"Migraci\u00f3n no Teatro Infantil e Xuvenil Mexicano - ASSITEJ Espa\u00f1a","robots":{"index":"index","follow":"follow","max-snippet":"max-snippet:-1","max-image-preview":"max-image-preview:large","max-video-preview":"max-video-preview:-1"},"canonical":"https:\/\/assitej.culturaescenica.es\/gl\/editorial-assitej\/hugo-salcedo\/la-migracion-teatro-al-infancia-la-juventud-mexico\/","og_locale":"gl_ES","og_type":"article","og_title":"La migraci\u00f3n en el teatro para la infancia y la juventud de M\u00e9xico - ASSITEJ Espa\u00f1a","og_description":"Hugo Salcedo afirma que el teatro es la pr\u00e1ctica id\u00f3nea para reflexionar sobre los temas de urgencia que nos ata\u00f1en como sociedad y, desde esta perspectiva, los ni\u00f1os y las ni\u00f1as tienen la potestad de se\u00f1alar los errores del sistema. Salcedo, una figura destacada de las artes esc\u00e9nicas mexicanas,realiza en este ensayo un recorrido por diferentes obras para la infancia y la juventud con tem\u00e1tica migratoria. Una dramaturgia para la que no existen los temas tab\u00fa y que no es ajena a las tr\u00e1gicas consecuencias que la migraci\u00f3n tiene en los m\u00e1s peque\u00f1os. Este libro, por tanto, no solo est\u00e1 destinado a los investigadores de teatro infantil y juvenil, sino a todos aquellos que quieran acercarse al teatro contempor\u00e1neo mexicano y est\u00e9n interesados en un teatro comprometido con la realidad. Que no da la espalda a las cuestiones m\u00e1s espinosas de la vida de los ni\u00f1os y ni\u00f1as. Hugo Salcedo result\u00f3 ganador del Premio Juan Cervera de Investigaci\u00f3n sobre artes Esc\u00e9nicas para la Infancia y la Juventud 2019 por la pertinencia y la actualidad del tema abordado, la exhaustividad en la selecci\u00f3n de obras, el rigor metodol\u00f3gico del an\u00e1lisis y su claridad expositiva. Asimismo, el jurado destac\u00f3 su compromiso y valent\u00eda al defender una creaci\u00f3n teatral que no oculta los aspectos m\u00e1s crudos de la realidad al p\u00fablico infantil y juvenil.","og_url":"https:\/\/assitej.culturaescenica.es\/gl\/editorial-assitej\/hugo-salcedo\/la-migracion-teatro-al-infancia-la-juventud-mexico\/","og_site_name":"ASSITEJ Espa\u00f1a","article_publisher":"https:\/\/www.facebook.com\/assitejespana\/","article_modified_time":"2024-12-11T14:22:32+00:00","og_image":[{"width":1182,"height":1651,"url":"https:\/\/assitej.culturaescenica.es\/wp-content\/uploads\/La-migracion-en-el-teatro-para-la-infancia-y-la-juventud-de-Mexico-portada-web-1-jpg.webp","type":"image\/jpeg"}],"twitter_card":"summary_large_image","twitter_site":"@AssitejEspana","twitter_misc":{"Tempo de lectura":"1 minuto"},"schema":{"@context":"https:\/\/schema.org","@graph":[{"@type":"WebPage","@id":"https:\/\/assitej.culturaescenica.es\/eu\/editorial-assitej\/hugo-salcedo\/la-migracion-teatro-al-infancia-la-juventud-mexico\/","url":"https:\/\/assitej.culturaescenica.es\/eu\/editorial-assitej\/hugo-salcedo\/la-migracion-teatro-al-infancia-la-juventud-mexico\/","name":"Migraci\u00f3n no Teatro Infantil e Xuvenil Mexicano - ASSITEJ Espa\u00f1a","isPartOf":{"@id":"https:\/\/assitej.culturaescenica.es\/gl\/#website"},"primaryImageOfPage":{"@id":"https:\/\/assitej.culturaescenica.es\/eu\/editorial-assitej\/hugo-salcedo\/la-migracion-teatro-al-infancia-la-juventud-mexico\/#primaryimage"},"image":{"@id":"https:\/\/assitej.culturaescenica.es\/eu\/editorial-assitej\/hugo-salcedo\/la-migracion-teatro-al-infancia-la-juventud-mexico\/#primaryimage"},"thumbnailUrl":"https:\/\/assitej.culturaescenica.es\/wp-content\/uploads\/La-migracion-en-el-teatro-para-la-infancia-y-la-juventud-de-Mexico-portada-web-1-jpg.webp","datePublished":"2020-10-22T08:13:40+00:00","dateModified":"2024-12-11T14:22:32+00:00","breadcrumb":{"@id":"https:\/\/assitej.culturaescenica.es\/eu\/editorial-assitej\/hugo-salcedo\/la-migracion-teatro-al-infancia-la-juventud-mexico\/#breadcrumb"},"inLanguage":"gl-ES","potentialAction":[{"@type":"ReadAction","target":["https:\/\/assitej.culturaescenica.es\/eu\/editorial-assitej\/hugo-salcedo\/la-migracion-teatro-al-infancia-la-juventud-mexico\/"]}]},{"@type":"ImageObject","inLanguage":"gl-ES","@id":"https:\/\/assitej.culturaescenica.es\/eu\/editorial-assitej\/hugo-salcedo\/la-migracion-teatro-al-infancia-la-juventud-mexico\/#primaryimage","url":"https:\/\/assitej.culturaescenica.es\/wp-content\/uploads\/La-migracion-en-el-teatro-para-la-infancia-y-la-juventud-de-Mexico-portada-web-1-jpg.webp","contentUrl":"https:\/\/assitej.culturaescenica.es\/wp-content\/uploads\/La-migracion-en-el-teatro-para-la-infancia-y-la-juventud-de-Mexico-portada-web-1-jpg.webp","width":1182,"height":1651},{"@type":"BreadcrumbList","@id":"https:\/\/assitej.culturaescenica.es\/eu\/editorial-assitej\/hugo-salcedo\/la-migracion-teatro-al-infancia-la-juventud-mexico\/#breadcrumb","itemListElement":[{"@type":"ListItem","position":1,"name":"Portada","item":"https:\/\/assitej.culturaescenica.es\/gl\/"},{"@type":"ListItem","position":2,"name":"Editorial Assitej","item":"https:\/\/assitej.culturaescenica.es\/es_es\/editorial-assitej\/"},{"@type":"ListItem","position":3,"name":"La migraci\u00f3n en el teatro para la infancia y la juventud de M\u00e9xico"}]},{"@type":"WebSite","@id":"https:\/\/assitej.culturaescenica.es\/gl\/#website","url":"https:\/\/assitej.culturaescenica.es\/gl\/","name":"ASSITEJ Espa\u00f1a","description":"ARTE PERFORMANTES PARA NENOS E XUVENTUDE","publisher":{"@id":"https:\/\/assitej.culturaescenica.es\/gl\/#organization"},"potentialAction":[{"@type":"SearchAction","target":{"@type":"EntryPoint","urlTemplate":"https:\/\/assitej.culturaescenica.es\/gl\/?s={search_term_string}"},"query-input":{"@type":"PropertyValueSpecification","valueRequired":true,"valueName":"search_term_string"}}],"inLanguage":"gl-ES"},{"@type":"Organization","@id":"https:\/\/assitej.culturaescenica.es\/gl\/#organization","name":"ASSITEJ Espa\u00f1a","url":"https:\/\/assitej.culturaescenica.es\/gl\/","logo":{"@type":"ImageObject","inLanguage":"gl-ES","@id":"https:\/\/assitej.culturaescenica.es\/gl\/#\/schema\/logo\/image\/","url":"https:\/\/assitej.es\/wp-content\/uploads\/Logo_ASSITEJ_Espana.RGB_2-1.png","contentUrl":"https:\/\/assitej.es\/wp-content\/uploads\/Logo_ASSITEJ_Espana.RGB_2-1.png","width":4934,"height":2287,"caption":"ASSITEJ Espa\u00f1a"},"image":{"@id":"https:\/\/assitej.culturaescenica.es\/gl\/#\/schema\/logo\/image\/"},"sameAs":["https:\/\/www.facebook.com\/assitejespana\/","https:\/\/x.com\/AssitejEspana","https:\/\/www.youtube.com\/channel\/UCv-2SDBzEmyORL5tPvsYgMw"]}]}},"_links":{"self":[{"href":"https:\/\/assitej.culturaescenica.es\/gl\/wp-json\/wp\/v2\/product\/10495","targetHints":{"allow":["GET"]}}],"collection":[{"href":"https:\/\/assitej.culturaescenica.es\/gl\/wp-json\/wp\/v2\/product"}],"about":[{"href":"https:\/\/assitej.culturaescenica.es\/gl\/wp-json\/wp\/v2\/types\/product"}],"wp:featuredmedia":[{"embeddable":true,"href":"https:\/\/assitej.culturaescenica.es\/gl\/wp-json\/wp\/v2\/media\/24358"}],"wp:attachment":[{"href":"https:\/\/assitej.culturaescenica.es\/gl\/wp-json\/wp\/v2\/media?parent=10495"}],"wp:term":[{"taxonomy":"product_brand","embeddable":true,"href":"https:\/\/assitej.culturaescenica.es\/gl\/wp-json\/wp\/v2\/product_brand?post=10495"},{"taxonomy":"product_cat","embeddable":true,"href":"https:\/\/assitej.culturaescenica.es\/gl\/wp-json\/wp\/v2\/product_cat?post=10495"},{"taxonomy":"product_tag","embeddable":true,"href":"https:\/\/assitej.culturaescenica.es\/gl\/wp-json\/wp\/v2\/product_tag?post=10495"}],"curies":[{"name":"wp","href":"https:\/\/api.w.org\/{rel}","templated":true}]}}