{"id":243,"date":"2022-12-16T19:54:05","date_gmt":"2022-12-16T18:54:05","guid":{"rendered":"https:\/\/assitej.es\/beta\/?page_id=243"},"modified":"2024-11-20T13:29:22","modified_gmt":"2024-11-20T12:29:22","slug":"que-es-assitej","status":"publish","type":"page","link":"https:\/\/assitej.culturaescenica.es\/gl\/assitej\/que-es-assitej\/","title":{"rendered":"Que \u00e9 ASSITEJ?"},"content":{"rendered":"<div class=\"gb-container gb-container-5779e3f0\">\n<div class=\"gb-container gb-container-1c702d89\"><\/div>\n<\/div>\n\n<div class=\"gb-grid-wrapper gb-grid-wrapper-94e29254\">\n<div class=\"gb-grid-column gb-grid-column-32f69b4a\"><div class=\"gb-container gb-container-32f69b4a\">\n\n<p><\/p>\n\n\n\n<p>ASSITEJ Espa\u00f1a \u00e9 unha entidade cultural sen \u00e1nimo de lucro, cun marcado car\u00e1cter transversal que pretende articular os diferentes axentes dentro do territorio, tratando de promover a s\u00faa interrelaci\u00f3n e unha visi\u00f3n da infancia e mocidade e das artes esc\u00e9nicas que elas e elas encabezan.&nbsp;<\/p>\n\n\n\n<p>\u00c9 membro fundador e de pleno dereito da organizaci\u00f3n internacional&nbsp;<strong>ASSITEJ<\/strong>&nbsp;(Association Internationale du Th\u00e9\u00e2tre pour l&#039;Enfance et la Jeuneusse), fundada en Par\u00eds en 1965 polo Instituto Internacional de Teatro do&nbsp;<strong>UNESCO<\/strong>&nbsp;como unha alianza global de teatro profesional para nenos e mozos. Hoxe \u00e9 unha rede global que une a miles de teatros, organizaci\u00f3ns e individuos a trav\u00e9s de Centros Nacionais en m\u00e1is de&nbsp;<strong>80<\/strong>&nbsp;pa\u00edses.<\/p>\n\n<\/div><\/div>\n\n<div class=\"gb-grid-column gb-grid-column-8bee0f8f\"><div class=\"gb-container gb-container-8bee0f8f\">\n<div class=\"gb-container gb-container-66d9e8e5\">\n\n<p><\/p>\n\n\n\n<p><\/p>\n\n\n\n<p><\/p>\n\n\n\n<p><\/p>\n\n\n\n<p><\/p>\n\n\n\n<p><\/p>\n\n\n\n<p><\/p>\n\n\n\n<p><\/p>\n\n<\/div>\n<\/div><\/div>\n<\/div>\n\n\n<hr class=\"wp-block-separator has-text-color has-base-2-color has-alpha-channel-opacity has-base-2-background-color has-background is-style-dots\"\/>\n\n\n<div class=\"gb-grid-wrapper gb-grid-wrapper-78cc7a5c\">\n<div class=\"gb-grid-column gb-grid-column-4b06a37e\"><div class=\"gb-container gb-container-4b06a37e\">\n\n<ul class=\"wp-block-list\">\n<li>Agrupar a aquelas persoas f\u00edsicas que polas s\u00faas afecci\u00f3ns ou por formar parte de entidades, compa\u00f1\u00edas ou colectivos dediquen a totalidade ou parte da s\u00faa actividade ao teatro infantil e xuvenil.<\/li>\n\n\n\n<li>Facilitar e promover o desenvolvemento dun teatro infantil e xuvenil de alto valor art\u00edstico.<\/li>\n\n\n\n<li>Animar aos escritores a crear obras de teatro para nenos e mozos.<\/li>\n\n\n\n<li>Facilitar o intercambio de obras ata conseguir un bo repertorio.<\/li>\n\n\n\n<li>Promover a publicaci\u00f3n e difusi\u00f3n de libros, revistas, textos teatrais e outros materiais art\u00edsticos dedicados \u00e1 infancia e \u00e1 xuventude, relacionados co teatro.<\/li>\n\n\n\n<li>Difundir o teatro infantil e xuvenil a trav\u00e9s da prensa, cine, radio, televisi\u00f3n e outras canles de emisi\u00f3n presentes e futuras.<\/li>\n\n\n\n<li>Organizar arquivos en calquera formato para unha mellor documentaci\u00f3n e estudo do teatro infantil e xuvenil.<\/li>\n\n\n\n<li>Promover contactos e experiencias entre persoas, colectivos e asociaci\u00f3ns interesadas no teatro infantil e xuvenil.<\/li>\n\n\n\n<li>Calquera outra actividade que poida facilitar e colaborar cos fins anteriores.<\/li>\n\n\n\n<li>Intervir, sempre que sexa posible, como interlocutor ante instituci\u00f3ns oficiais e privadas de defensa e promoci\u00f3n do teatro infantil e xuvenil.<\/li>\n\n\n\n<li>Quedan exclu\u00eddas dos fins da Asociaci\u00f3n a produci\u00f3n e distribuci\u00f3n de espect\u00e1culos.<\/li>\n<\/ul>\n\n<\/div><\/div>\n\n<div class=\"gb-grid-column gb-grid-column-60929e3f\"><div class=\"gb-container gb-container-60929e3f\">\n\n<div style=\"height:70px\" aria-hidden=\"true\" class=\"wp-block-spacer\"><\/div>\n\n\n\n<p>A Asociaci\u00f3n exerce a s\u00faa acci\u00f3n actuando en todo o territorio nacional e participando en diversas actividades das redes internacionais de ASSITEJ.&nbsp;<\/p>\n\n\n\n<p>ASSITEJ e os seus centros nacionais son os \u00fanicos reco\u00f1ecidos polo ITI (Instituto Internacional do Teatro) e a UNESCO para todo tipo de intercambios internacionais.<\/p>\n\n\n\n<p>ASSITEJ Espa\u00f1a forma parte da Rede Iberoamericana de ASSITEJ.<\/p>\n\n\n\n<p>Ademais, ASSITEJ Espa\u00f1a asesora, colabora e apoia a diferentes organizaci\u00f3ns iberoamericanas para que atopen nos seus respectivos pa\u00edses os correspondentes centros nacionais de ASSITEJ.<\/p>\n\n\n\n<p><\/p>\n\n\n\n<p>ASSITEJ ESPA\u00d1A ocupa unha das Vocalidades da&nbsp;<strong>Comit\u00e9 Executivo<\/strong>&nbsp;da&nbsp;<strong><em>Consello Estatal das Artes Esc\u00e9nicas e da M\u00fasica<\/em><\/strong>, \u00f3rgano consultivo do INAEM, Instituto das Artes Esc\u00e9nicas e da M\u00fasica, do Ministerio de Educaci\u00f3n, Cultura e Deportes.<\/p>\n\n\n\n<div class=\"wp-block-buttons is-layout-flex wp-block-buttons-is-layout-flex\">\n<div class=\"wp-block-button\"><a class=\"wp-block-button__link wp-element-button\">Descargar estatutos<\/a><\/div>\n<\/div>\n\n<\/div><\/div>\n<\/div>","protected":false},"excerpt":{"rendered":"","protected":false},"author":999,"featured_media":0,"parent":433,"menu_order":0,"comment_status":"closed","ping_status":"closed","template":"","meta":{"_acf_changed":false,"footnotes":"","_links_to":"","_links_to_target":""},"class_list":{"0":"post-243","1":"page","2":"type-page","3":"status-publish","5":"infinite-scroll-item"},"acf":[],"yoast_head":"<!-- This site is optimized with the Yoast SEO plugin v27.1.1 - https:\/\/yoast.com\/product\/yoast-seo-wordpress\/ -->\n<title>\u00bfQu\u00e9 es ASSITEJ? - ASSITEJ Espa\u00f1a<\/title>\n<meta name=\"robots\" content=\"index, follow, max-snippet:-1, max-image-preview:large, max-video-preview:-1\" \/>\n<link rel=\"canonical\" href=\"https:\/\/assitej.culturaescenica.es\/gl\/assitej\/que-es-assitej\/\" \/>\n<meta property=\"og:locale\" content=\"gl_ES\" \/>\n<meta property=\"og:type\" content=\"article\" \/>\n<meta property=\"og:title\" content=\"\u00bfQu\u00e9 es ASSITEJ? - ASSITEJ Espa\u00f1a\" \/>\n<meta property=\"og:url\" content=\"https:\/\/assitej.culturaescenica.es\/gl\/assitej\/que-es-assitej\/\" \/>\n<meta property=\"og:site_name\" content=\"ASSITEJ Espa\u00f1a\" \/>\n<meta property=\"article:publisher\" content=\"https:\/\/www.facebook.com\/assitejespana\/\" \/>\n<meta property=\"article:modified_time\" content=\"2024-11-20T12:29:22+00:00\" \/>\n<meta name=\"twitter:card\" content=\"summary_large_image\" \/>\n<meta name=\"twitter:site\" content=\"@AssitejEspana\" \/>\n<meta name=\"twitter:label1\" content=\"Tempo de lectura\" \/>\n\t<meta name=\"twitter:data1\" content=\"3 minutos\" \/>\n<script type=\"application\/ld+json\" class=\"yoast-schema-graph\">{\"@context\":\"https:\/\/schema.org\",\"@graph\":[{\"@type\":\"WebPage\",\"@id\":\"https:\/\/assitej.culturaescenica.es\/assitej\/que-es-assitej\/\",\"url\":\"https:\/\/assitej.culturaescenica.es\/assitej\/que-es-assitej\/\",\"name\":\"\u00bfQu\u00e9 es ASSITEJ? - ASSITEJ Espa\u00f1a\",\"isPartOf\":{\"@id\":\"https:\/\/assitej.culturaescenica.es\/gl\/#website\"},\"datePublished\":\"2022-12-16T18:54:05+00:00\",\"dateModified\":\"2024-11-20T12:29:22+00:00\",\"breadcrumb\":{\"@id\":\"https:\/\/assitej.culturaescenica.es\/assitej\/que-es-assitej\/#breadcrumb\"},\"inLanguage\":\"gl-ES\",\"potentialAction\":[{\"@type\":\"ReadAction\",\"target\":[\"https:\/\/assitej.culturaescenica.es\/assitej\/que-es-assitej\/\"]}]},{\"@type\":\"BreadcrumbList\",\"@id\":\"https:\/\/assitej.culturaescenica.es\/assitej\/que-es-assitej\/#breadcrumb\",\"itemListElement\":[{\"@type\":\"ListItem\",\"position\":1,\"name\":\"Portada\",\"item\":\"https:\/\/assitej.culturaescenica.es\/gl\/\"},{\"@type\":\"ListItem\",\"position\":2,\"name\":\"Assitej\",\"item\":\"https:\/\/assitej.culturaescenica.es\/es_es\/assitej\/\"},{\"@type\":\"ListItem\",\"position\":3,\"name\":\"\u00bfQu\u00e9 es ASSITEJ?\"}]},{\"@type\":\"WebSite\",\"@id\":\"https:\/\/assitej.culturaescenica.es\/gl\/#website\",\"url\":\"https:\/\/assitej.culturaescenica.es\/gl\/\",\"name\":\"ASSITEJ Espa\u00f1a\",\"description\":\"ARTES ESC\u00c9NICAS PARA LA INFANCIA Y LA JUVENTUD\",\"publisher\":{\"@id\":\"https:\/\/assitej.culturaescenica.es\/gl\/#organization\"},\"potentialAction\":[{\"@type\":\"SearchAction\",\"target\":{\"@type\":\"EntryPoint\",\"urlTemplate\":\"https:\/\/assitej.culturaescenica.es\/gl\/?s={search_term_string}\"},\"query-input\":{\"@type\":\"PropertyValueSpecification\",\"valueRequired\":true,\"valueName\":\"search_term_string\"}}],\"inLanguage\":\"gl-ES\"},{\"@type\":\"Organization\",\"@id\":\"https:\/\/assitej.culturaescenica.es\/gl\/#organization\",\"name\":\"ASSITEJ Espa\u00f1a\",\"url\":\"https:\/\/assitej.culturaescenica.es\/gl\/\",\"logo\":{\"@type\":\"ImageObject\",\"inLanguage\":\"gl-ES\",\"@id\":\"https:\/\/assitej.culturaescenica.es\/gl\/#\/schema\/logo\/image\/\",\"url\":\"https:\/\/assitej.es\/wp-content\/uploads\/Logo_ASSITEJ_Espana.RGB_2-1.png\",\"contentUrl\":\"https:\/\/assitej.es\/wp-content\/uploads\/Logo_ASSITEJ_Espana.RGB_2-1.png\",\"width\":4934,\"height\":2287,\"caption\":\"ASSITEJ Espa\u00f1a\"},\"image\":{\"@id\":\"https:\/\/assitej.culturaescenica.es\/gl\/#\/schema\/logo\/image\/\"},\"sameAs\":[\"https:\/\/www.facebook.com\/assitejespana\/\",\"https:\/\/x.com\/AssitejEspana\",\"https:\/\/www.youtube.com\/channel\/UCv-2SDBzEmyORL5tPvsYgMw\"]}]}<\/script>\n<!-- \/ Yoast SEO plugin. -->","yoast_head_json":{"title":"Que \u00e9 ASSITEJ? - ASSITEJ Espa\u00f1a","robots":{"index":"index","follow":"follow","max-snippet":"max-snippet:-1","max-image-preview":"max-image-preview:large","max-video-preview":"max-video-preview:-1"},"canonical":"https:\/\/assitej.culturaescenica.es\/gl\/assitej\/que-es-assitej\/","og_locale":"gl_ES","og_type":"article","og_title":"\u00bfQu\u00e9 es ASSITEJ? - ASSITEJ Espa\u00f1a","og_url":"https:\/\/assitej.culturaescenica.es\/gl\/assitej\/que-es-assitej\/","og_site_name":"ASSITEJ Espa\u00f1a","article_publisher":"https:\/\/www.facebook.com\/assitejespana\/","article_modified_time":"2024-11-20T12:29:22+00:00","twitter_card":"summary_large_image","twitter_site":"@AssitejEspana","twitter_misc":{"Tempo de lectura":"3 minutos"},"schema":{"@context":"https:\/\/schema.org","@graph":[{"@type":"WebPage","@id":"https:\/\/assitej.culturaescenica.es\/assitej\/que-es-assitej\/","url":"https:\/\/assitej.culturaescenica.es\/assitej\/que-es-assitej\/","name":"Que \u00e9 ASSITEJ? - ASSITEJ Espa\u00f1a","isPartOf":{"@id":"https:\/\/assitej.culturaescenica.es\/gl\/#website"},"datePublished":"2022-12-16T18:54:05+00:00","dateModified":"2024-11-20T12:29:22+00:00","breadcrumb":{"@id":"https:\/\/assitej.culturaescenica.es\/assitej\/que-es-assitej\/#breadcrumb"},"inLanguage":"gl-ES","potentialAction":[{"@type":"ReadAction","target":["https:\/\/assitej.culturaescenica.es\/assitej\/que-es-assitej\/"]}]},{"@type":"BreadcrumbList","@id":"https:\/\/assitej.culturaescenica.es\/assitej\/que-es-assitej\/#breadcrumb","itemListElement":[{"@type":"ListItem","position":1,"name":"Portada","item":"https:\/\/assitej.culturaescenica.es\/gl\/"},{"@type":"ListItem","position":2,"name":"Assitej","item":"https:\/\/assitej.culturaescenica.es\/es_es\/assitej\/"},{"@type":"ListItem","position":3,"name":"\u00bfQu\u00e9 es ASSITEJ?"}]},{"@type":"WebSite","@id":"https:\/\/assitej.culturaescenica.es\/gl\/#website","url":"https:\/\/assitej.culturaescenica.es\/gl\/","name":"ASSITEJ Espa\u00f1a","description":"ARTE PERFORMANTES PARA NENOS E XUVENTUDE","publisher":{"@id":"https:\/\/assitej.culturaescenica.es\/gl\/#organization"},"potentialAction":[{"@type":"SearchAction","target":{"@type":"EntryPoint","urlTemplate":"https:\/\/assitej.culturaescenica.es\/gl\/?s={search_term_string}"},"query-input":{"@type":"PropertyValueSpecification","valueRequired":true,"valueName":"search_term_string"}}],"inLanguage":"gl-ES"},{"@type":"Organization","@id":"https:\/\/assitej.culturaescenica.es\/gl\/#organization","name":"ASSITEJ Espa\u00f1a","url":"https:\/\/assitej.culturaescenica.es\/gl\/","logo":{"@type":"ImageObject","inLanguage":"gl-ES","@id":"https:\/\/assitej.culturaescenica.es\/gl\/#\/schema\/logo\/image\/","url":"https:\/\/assitej.es\/wp-content\/uploads\/Logo_ASSITEJ_Espana.RGB_2-1.png","contentUrl":"https:\/\/assitej.es\/wp-content\/uploads\/Logo_ASSITEJ_Espana.RGB_2-1.png","width":4934,"height":2287,"caption":"ASSITEJ Espa\u00f1a"},"image":{"@id":"https:\/\/assitej.culturaescenica.es\/gl\/#\/schema\/logo\/image\/"},"sameAs":["https:\/\/www.facebook.com\/assitejespana\/","https:\/\/x.com\/AssitejEspana","https:\/\/www.youtube.com\/channel\/UCv-2SDBzEmyORL5tPvsYgMw"]}]}},"_links":{"self":[{"href":"https:\/\/assitej.culturaescenica.es\/gl\/wp-json\/wp\/v2\/pages\/243","targetHints":{"allow":["GET"]}}],"collection":[{"href":"https:\/\/assitej.culturaescenica.es\/gl\/wp-json\/wp\/v2\/pages"}],"about":[{"href":"https:\/\/assitej.culturaescenica.es\/gl\/wp-json\/wp\/v2\/types\/page"}],"author":[{"embeddable":true,"href":"https:\/\/assitej.culturaescenica.es\/gl\/wp-json\/wp\/v2\/users\/999"}],"replies":[{"embeddable":true,"href":"https:\/\/assitej.culturaescenica.es\/gl\/wp-json\/wp\/v2\/comments?post=243"}],"version-history":[{"count":0,"href":"https:\/\/assitej.culturaescenica.es\/gl\/wp-json\/wp\/v2\/pages\/243\/revisions"}],"up":[{"embeddable":true,"href":"https:\/\/assitej.culturaescenica.es\/gl\/wp-json\/wp\/v2\/pages\/433"}],"wp:attachment":[{"href":"https:\/\/assitej.culturaescenica.es\/gl\/wp-json\/wp\/v2\/media?parent=243"}],"curies":[{"name":"wp","href":"https:\/\/api.w.org\/{rel}","templated":true}]}}