{"id":18894,"date":"2024-01-28T11:57:42","date_gmt":"2024-01-28T10:57:42","guid":{"rendered":"https:\/\/assitej.es\/beta2\/?page_id=18894"},"modified":"2025-06-05T16:15:50","modified_gmt":"2025-06-05T14:15:50","slug":"transparencia","status":"publish","type":"page","link":"https:\/\/assitej.culturaescenica.es\/gl\/transparencia\/","title":{"rendered":"Transparencia"},"content":{"rendered":"<p>En ASSITEJ Espa\u00f1a, como entidade sen \u00e1nimo de lucro, valoramos a transparencia e o acceso aberto \u00e1 nosa informaci\u00f3n. Neste apartado atopar\u00e1s os nosos estatutos actuais, as\u00ed como as memorias anuais de actividade e financeiras, que reflicten o noso compromiso coa rendici\u00f3n de contas e a boa xesti\u00f3n.<\/p>\n<p>Se consideras que falta algunha informaci\u00f3n de interese xeral ou tes algunha d\u00fabida, non dubides en escribirnos a <strong><a rel=\"noopener\">info@assitej.es<\/a><\/strong>. Estaremos encantados de axudarche.<\/p>\n\n<div class=\"gb-container gb-container-2624f0f6\">\n<div class=\"gb-grid-wrapper gb-grid-wrapper-00bf5cf1\">\n<div class=\"gb-grid-column gb-grid-column-8ae4cb5e\"><div class=\"gb-container gb-container-8ae4cb5e\">\n\n<figure class=\"wp-block-image size-large\"><img decoding=\"async\" src=\"data:image\/gif;base64,R0lGODlhAQABAIAAAAAAAP\/\/\/yH5BAEAAAAALAAAAAABAAEAAAIBRAA7\" data-src=\"https:\/\/assitej.es\/wp-content\/uploads\/Paginas-desdeEstatutos-2022a-509x720.jpg\" alt=\"Estatutos da ASSITEJ\" class=\"wp-image-21640 lazyload\"\/><noscript><img decoding=\"async\" width=\"509\" height=\"720\" src=\"https:\/\/assitej.es\/wp-content\/uploads\/Paginas-desdeEstatutos-2022a-509x720.jpg\" alt=\"Estatutos da ASSITEJ\" class=\"wp-image-21640 lazyload\" srcset=\"https:\/\/assitej.culturaescenica.es\/wp-content\/uploads\/Paginas-desdeEstatutos-2022a-509x720.jpg 509w, https:\/\/assitej.culturaescenica.es\/wp-content\/uploads\/Paginas-desdeEstatutos-2022a-106x150.jpg 106w, https:\/\/assitej.culturaescenica.es\/wp-content\/uploads\/Paginas-desdeEstatutos-2022a-212x300.jpg 212w, https:\/\/assitej.culturaescenica.es\/wp-content\/uploads\/Paginas-desdeEstatutos-2022a-1086x1536.jpg 1086w, https:\/\/assitej.culturaescenica.es\/wp-content\/uploads\/Paginas-desdeEstatutos-2022a-1448x2048.jpg 1448w, https:\/\/assitej.culturaescenica.es\/wp-content\/uploads\/Paginas-desdeEstatutos-2022a-8x12.jpg 8w, https:\/\/assitej.culturaescenica.es\/wp-content\/uploads\/Paginas-desdeEstatutos-2022a-300x424.jpg 300w, https:\/\/assitej.culturaescenica.es\/wp-content\/uploads\/Paginas-desdeEstatutos-2022a-600x848.jpg 600w, https:\/\/assitej.culturaescenica.es\/wp-content\/uploads\/Paginas-desdeEstatutos-2022a-jpg.webp 1654w\" sizes=\"(max-width: 509px) 100vw, 509px\" \/><\/noscript><\/figure>\n\n\n\n<p>Estatutos da ASSITEJ<\/p>\n\n<\/div><\/div>\n<\/div>\n\n<div class=\"gb-grid-wrapper gb-grid-wrapper-af606ec6\">\n<div class=\"gb-grid-column gb-grid-column-8d36e012\"><div class=\"gb-container gb-container-8d36e012\">\n\n<figure class=\"gb-block-image gb-block-image-e8cb3727\"><a href=\"https:\/\/assitej.es\/wp-content\/uploads\/Memoria-de-actividad-2024_reducida.pdf\" target=\"_blank\" rel=\"noopener noreferrer\"><img decoding=\"async\" width=\"509\" height=\"720\" class=\"gb-image gb-image-e8cb3727 lazyload\" src=\"data:image\/gif;base64,R0lGODlhAQABAIAAAAAAAP\/\/\/yH5BAEAAAAALAAAAAABAAEAAAIBRAA7\" data-src=\"https:\/\/assitej.es\/wp-content\/uploads\/Paginas-desdeMemoria-de-actividad-2024_redicida-1-509x720.webp\" alt=\"\" title=\"P\u00e1ginas desdeMemoria de actividad 2024_redicida\" data-srcset=\"https:\/\/assitej.culturaescenica.es\/wp-content\/uploads\/Paginas-desdeMemoria-de-actividad-2024_redicida-1-509x720.webp 509w, https:\/\/assitej.culturaescenica.es\/wp-content\/uploads\/Paginas-desdeMemoria-de-actividad-2024_redicida-1-212x300.webp 212w, https:\/\/assitej.culturaescenica.es\/wp-content\/uploads\/Paginas-desdeMemoria-de-actividad-2024_redicida-1-106x150.webp 106w, https:\/\/assitej.culturaescenica.es\/wp-content\/uploads\/Paginas-desdeMemoria-de-actividad-2024_redicida-1-1086x1536.webp 1086w, https:\/\/assitej.culturaescenica.es\/wp-content\/uploads\/Paginas-desdeMemoria-de-actividad-2024_redicida-1-1448x2048.webp 1448w, https:\/\/assitej.culturaescenica.es\/wp-content\/uploads\/Paginas-desdeMemoria-de-actividad-2024_redicida-1-8x12.webp 8w, https:\/\/assitej.culturaescenica.es\/wp-content\/uploads\/Paginas-desdeMemoria-de-actividad-2024_redicida-1-300x424.webp 300w, https:\/\/assitej.culturaescenica.es\/wp-content\/uploads\/Paginas-desdeMemoria-de-actividad-2024_redicida-1-600x848.webp 600w, https:\/\/assitej.culturaescenica.es\/wp-content\/uploads\/Paginas-desdeMemoria-de-actividad-2024_redicida-1.webp 1654w\" sizes=\"(max-width: 509px) 100vw, 509px\" \/><noscript><img decoding=\"async\" width=\"509\" height=\"720\" class=\"gb-image gb-image-e8cb3727 lazyload\" src=\"https:\/\/assitej.es\/wp-content\/uploads\/Paginas-desdeMemoria-de-actividad-2024_redicida-1-509x720.webp\" alt=\"\" title=\"P\u00e1ginas desdeMemoria de actividad 2024_redicida\" srcset=\"https:\/\/assitej.culturaescenica.es\/wp-content\/uploads\/Paginas-desdeMemoria-de-actividad-2024_redicida-1-509x720.webp 509w, https:\/\/assitej.culturaescenica.es\/wp-content\/uploads\/Paginas-desdeMemoria-de-actividad-2024_redicida-1-212x300.webp 212w, https:\/\/assitej.culturaescenica.es\/wp-content\/uploads\/Paginas-desdeMemoria-de-actividad-2024_redicida-1-106x150.webp 106w, https:\/\/assitej.culturaescenica.es\/wp-content\/uploads\/Paginas-desdeMemoria-de-actividad-2024_redicida-1-1086x1536.webp 1086w, https:\/\/assitej.culturaescenica.es\/wp-content\/uploads\/Paginas-desdeMemoria-de-actividad-2024_redicida-1-1448x2048.webp 1448w, https:\/\/assitej.culturaescenica.es\/wp-content\/uploads\/Paginas-desdeMemoria-de-actividad-2024_redicida-1-8x12.webp 8w, https:\/\/assitej.culturaescenica.es\/wp-content\/uploads\/Paginas-desdeMemoria-de-actividad-2024_redicida-1-300x424.webp 300w, https:\/\/assitej.culturaescenica.es\/wp-content\/uploads\/Paginas-desdeMemoria-de-actividad-2024_redicida-1-600x848.webp 600w, https:\/\/assitej.culturaescenica.es\/wp-content\/uploads\/Paginas-desdeMemoria-de-actividad-2024_redicida-1.webp 1654w\" sizes=\"(max-width: 509px) 100vw, 509px\" \/><\/noscript><\/a><\/figure>\n\n\n\n<p>Memoria de actividad 2024<\/p>\n\n<\/div><\/div>\n\n<div class=\"gb-grid-column gb-grid-column-78282e42\"><div class=\"gb-container gb-container-78282e42\">\n\n<figure class=\"wp-block-image size-large is-resized\"><a href=\"http:\/\/assitej.culturaescenica.es\/wp-content\/uploads\/Cuentas-de-Resultados-Oficial-2024.pdf\" target=\"_blank\" rel=\"noreferrer noopener\"><img decoding=\"async\" src=\"data:image\/gif;base64,R0lGODlhAQABAIAAAAAAAP\/\/\/yH5BAEAAAAALAAAAAABAAEAAAIBRAA7\" data-src=\"https:\/\/assitej.es\/wp-content\/uploads\/Paginas-desdeCuenta-de-Resultados-2023-509x720.jpg\" alt=\"\" class=\"wp-image-21644 lazyload\" style=\"width:237px;height:auto\"\/><noscript><img decoding=\"async\" width=\"509\" height=\"720\" src=\"https:\/\/assitej.es\/wp-content\/uploads\/Paginas-desdeCuenta-de-Resultados-2023-509x720.jpg\" alt=\"\" class=\"wp-image-21644 lazyload\" style=\"width:237px;height:auto\" srcset=\"https:\/\/assitej.culturaescenica.es\/wp-content\/uploads\/Paginas-desdeCuenta-de-Resultados-2023-509x720.jpg 509w, https:\/\/assitej.culturaescenica.es\/wp-content\/uploads\/Paginas-desdeCuenta-de-Resultados-2023-106x150.jpg 106w, https:\/\/assitej.culturaescenica.es\/wp-content\/uploads\/Paginas-desdeCuenta-de-Resultados-2023-212x300.jpg 212w, https:\/\/assitej.culturaescenica.es\/wp-content\/uploads\/Paginas-desdeCuenta-de-Resultados-2023-1086x1536.jpg 1086w, https:\/\/assitej.culturaescenica.es\/wp-content\/uploads\/Paginas-desdeCuenta-de-Resultados-2023-1448x2048.jpg 1448w, https:\/\/assitej.culturaescenica.es\/wp-content\/uploads\/Paginas-desdeCuenta-de-Resultados-2023-8x12.jpg 8w, https:\/\/assitej.culturaescenica.es\/wp-content\/uploads\/Paginas-desdeCuenta-de-Resultados-2023-300x424.jpg 300w, https:\/\/assitej.culturaescenica.es\/wp-content\/uploads\/Paginas-desdeCuenta-de-Resultados-2023-600x848.jpg 600w, https:\/\/assitej.culturaescenica.es\/wp-content\/uploads\/Paginas-desdeCuenta-de-Resultados-2023-jpg.webp 1654w\" sizes=\"(max-width: 509px) 100vw, 509px\" \/><\/noscript><\/a><\/figure>\n\n\n\n<p>Cuenta de resultados 2024<\/p>\n\n<\/div><\/div>\n<\/div>\n\n<div class=\"gb-grid-wrapper gb-grid-wrapper-31300e5e\">\n<div class=\"gb-grid-column gb-grid-column-c1931387\"><div class=\"gb-container gb-container-c1931387\">\n\n<figure class=\"wp-block-image size-large\"><a href=\"https:\/\/assitej.es\/wp-content\/uploads\/Memoria-de-actividad-2023.pdf\" target=\"_blank\" rel=\"noreferrer noopener\"><img decoding=\"async\" src=\"data:image\/gif;base64,R0lGODlhAQABAIAAAAAAAP\/\/\/yH5BAEAAAAALAAAAAABAAEAAAIBRAA7\" data-src=\"https:\/\/assitej.es\/wp-content\/uploads\/Paginas-desdeMemoria-de-actividad-2023-509x720.webp\" alt=\"\" class=\"wp-image-27213 lazyload\"\/><noscript><img decoding=\"async\" width=\"509\" height=\"720\" src=\"https:\/\/assitej.es\/wp-content\/uploads\/Paginas-desdeMemoria-de-actividad-2023-509x720.webp\" alt=\"\" class=\"wp-image-27213 lazyload\" srcset=\"https:\/\/assitej.culturaescenica.es\/wp-content\/uploads\/Paginas-desdeMemoria-de-actividad-2023-509x720.webp 509w, https:\/\/assitej.culturaescenica.es\/wp-content\/uploads\/Paginas-desdeMemoria-de-actividad-2023-212x300.webp 212w, https:\/\/assitej.culturaescenica.es\/wp-content\/uploads\/Paginas-desdeMemoria-de-actividad-2023-106x150.webp 106w, https:\/\/assitej.culturaescenica.es\/wp-content\/uploads\/Paginas-desdeMemoria-de-actividad-2023-1086x1536.webp 1086w, https:\/\/assitej.culturaescenica.es\/wp-content\/uploads\/Paginas-desdeMemoria-de-actividad-2023-1448x2048.webp 1448w, https:\/\/assitej.culturaescenica.es\/wp-content\/uploads\/Paginas-desdeMemoria-de-actividad-2023-8x12.webp 8w, https:\/\/assitej.culturaescenica.es\/wp-content\/uploads\/Paginas-desdeMemoria-de-actividad-2023-300x424.webp 300w, https:\/\/assitej.culturaescenica.es\/wp-content\/uploads\/Paginas-desdeMemoria-de-actividad-2023-600x848.webp 600w, https:\/\/assitej.culturaescenica.es\/wp-content\/uploads\/Paginas-desdeMemoria-de-actividad-2023.webp 1654w\" sizes=\"(max-width: 509px) 100vw, 509px\" \/><\/noscript><\/a><\/figure>\n\n\n\n<p>Memoria de actividad 2023<\/p>\n\n<\/div><\/div>\n\n<div class=\"gb-grid-column gb-grid-column-b27e7e0d\"><div class=\"gb-container gb-container-b27e7e0d\">\n\n<figure class=\"wp-block-image size-large\"><a href=\"https:\/\/assitej.es\/wp-content\/uploads\/Cuenta-de-Resultados-2023.pdf\" target=\"_blank\" rel=\"noreferrer noopener\"><img decoding=\"async\" src=\"data:image\/gif;base64,R0lGODlhAQABAIAAAAAAAP\/\/\/yH5BAEAAAAALAAAAAABAAEAAAIBRAA7\" data-src=\"https:\/\/assitej.es\/wp-content\/uploads\/Paginas-desdeCuenta-de-Resultados-2023-509x720.jpg\" alt=\"\" class=\"wp-image-21644 lazyload\"\/><noscript><img decoding=\"async\" width=\"509\" height=\"720\" src=\"https:\/\/assitej.es\/wp-content\/uploads\/Paginas-desdeCuenta-de-Resultados-2023-509x720.jpg\" alt=\"\" class=\"wp-image-21644 lazyload\" srcset=\"https:\/\/assitej.culturaescenica.es\/wp-content\/uploads\/Paginas-desdeCuenta-de-Resultados-2023-509x720.jpg 509w, https:\/\/assitej.culturaescenica.es\/wp-content\/uploads\/Paginas-desdeCuenta-de-Resultados-2023-106x150.jpg 106w, https:\/\/assitej.culturaescenica.es\/wp-content\/uploads\/Paginas-desdeCuenta-de-Resultados-2023-212x300.jpg 212w, https:\/\/assitej.culturaescenica.es\/wp-content\/uploads\/Paginas-desdeCuenta-de-Resultados-2023-1086x1536.jpg 1086w, https:\/\/assitej.culturaescenica.es\/wp-content\/uploads\/Paginas-desdeCuenta-de-Resultados-2023-1448x2048.jpg 1448w, https:\/\/assitej.culturaescenica.es\/wp-content\/uploads\/Paginas-desdeCuenta-de-Resultados-2023-8x12.jpg 8w, https:\/\/assitej.culturaescenica.es\/wp-content\/uploads\/Paginas-desdeCuenta-de-Resultados-2023-300x424.jpg 300w, https:\/\/assitej.culturaescenica.es\/wp-content\/uploads\/Paginas-desdeCuenta-de-Resultados-2023-600x848.jpg 600w, https:\/\/assitej.culturaescenica.es\/wp-content\/uploads\/Paginas-desdeCuenta-de-Resultados-2023-jpg.webp 1654w\" sizes=\"(max-width: 509px) 100vw, 509px\" \/><\/noscript><\/a><\/figure>\n\n\n\n<p>Declaraci\u00f3n de resultados 2023<\/p>\n\n<\/div><\/div>\n\n<div class=\"gb-grid-column gb-grid-column-99fcd25c\"><div class=\"gb-container gb-container-99fcd25c\"><\/div><\/div>\n<\/div>\n<\/div>","protected":false},"excerpt":{"rendered":"<p>En ASSITEJ Espa\u00f1a, como entidad sin \u00e1nimo de lucro, valoramos la transparencia y el acceso abierto a nuestra informaci\u00f3n. &#8230; <\/p>\n<p class=\"read-more-container\"><a title=\"Transparencia\" class=\"read-more button\" href=\"https:\/\/assitej.culturaescenica.es\/gl\/transparencia\/#more-18894\" aria-label=\"Le m\u00e1is sobre Transparencia\">Ler m\u00e1is<\/a><\/p>","protected":false},"author":999,"featured_media":0,"parent":0,"menu_order":0,"comment_status":"closed","ping_status":"closed","template":"","meta":{"_acf_changed":false,"footnotes":"","_links_to":"","_links_to_target":""},"class_list":{"0":"post-18894","1":"page","2":"type-page","3":"status-publish","5":"infinite-scroll-item"},"acf":[],"yoast_head":"<!-- This site is optimized with the Yoast SEO plugin v27.1.1 - https:\/\/yoast.com\/product\/yoast-seo-wordpress\/ -->\n<title>Transparencia - ASSITEJ Espa\u00f1a<\/title>\n<meta name=\"robots\" content=\"index, follow, max-snippet:-1, max-image-preview:large, max-video-preview:-1\" \/>\n<link rel=\"canonical\" href=\"https:\/\/assitej.culturaescenica.es\/gl\/transparencia\/\" \/>\n<meta property=\"og:locale\" content=\"gl_ES\" \/>\n<meta property=\"og:type\" content=\"article\" \/>\n<meta property=\"og:title\" content=\"Transparencia - ASSITEJ Espa\u00f1a\" \/>\n<meta property=\"og:description\" content=\"En ASSITEJ Espa\u00f1a, como entidad sin \u00e1nimo de lucro, valoramos la transparencia y el acceso abierto a nuestra informaci\u00f3n. ... Read more\" \/>\n<meta property=\"og:url\" content=\"https:\/\/assitej.culturaescenica.es\/gl\/transparencia\/\" \/>\n<meta property=\"og:site_name\" content=\"ASSITEJ Espa\u00f1a\" \/>\n<meta property=\"article:publisher\" content=\"https:\/\/www.facebook.com\/assitejespana\/\" \/>\n<meta property=\"article:modified_time\" content=\"2025-06-05T14:15:50+00:00\" \/>\n<meta property=\"og:image\" content=\"https:\/\/assitej.es\/wp-content\/uploads\/Paginas-desdeEstatutos-2022a-509x720.jpg\" \/>\n<meta name=\"twitter:card\" content=\"summary_large_image\" \/>\n<meta name=\"twitter:site\" content=\"@AssitejEspana\" \/>\n<meta name=\"twitter:label1\" content=\"Tempo de lectura\" \/>\n\t<meta name=\"twitter:data1\" content=\"2 minutos\" \/>\n<script type=\"application\/ld+json\" class=\"yoast-schema-graph\">{\"@context\":\"https:\/\/schema.org\",\"@graph\":[{\"@type\":\"WebPage\",\"@id\":\"https:\/\/assitej.culturaescenica.es\/transparencia\/\",\"url\":\"https:\/\/assitej.culturaescenica.es\/transparencia\/\",\"name\":\"Transparencia - ASSITEJ Espa\u00f1a\",\"isPartOf\":{\"@id\":\"https:\/\/assitej.culturaescenica.es\/gl\/#website\"},\"primaryImageOfPage\":{\"@id\":\"https:\/\/assitej.culturaescenica.es\/transparencia\/#primaryimage\"},\"image\":{\"@id\":\"https:\/\/assitej.culturaescenica.es\/transparencia\/#primaryimage\"},\"thumbnailUrl\":\"https:\/\/assitej.es\/wp-content\/uploads\/Paginas-desdeEstatutos-2022a-509x720.jpg\",\"datePublished\":\"2024-01-28T10:57:42+00:00\",\"dateModified\":\"2025-06-05T14:15:50+00:00\",\"breadcrumb\":{\"@id\":\"https:\/\/assitej.culturaescenica.es\/transparencia\/#breadcrumb\"},\"inLanguage\":\"gl-ES\",\"potentialAction\":[{\"@type\":\"ReadAction\",\"target\":[\"https:\/\/assitej.culturaescenica.es\/transparencia\/\"]}]},{\"@type\":\"ImageObject\",\"inLanguage\":\"gl-ES\",\"@id\":\"https:\/\/assitej.culturaescenica.es\/transparencia\/#primaryimage\",\"url\":\"https:\/\/assitej.es\/wp-content\/uploads\/Paginas-desdeEstatutos-2022a-509x720.jpg\",\"contentUrl\":\"https:\/\/assitej.es\/wp-content\/uploads\/Paginas-desdeEstatutos-2022a-509x720.jpg\"},{\"@type\":\"BreadcrumbList\",\"@id\":\"https:\/\/assitej.culturaescenica.es\/transparencia\/#breadcrumb\",\"itemListElement\":[{\"@type\":\"ListItem\",\"position\":1,\"name\":\"Portada\",\"item\":\"https:\/\/assitej.culturaescenica.es\/gl\/\"},{\"@type\":\"ListItem\",\"position\":2,\"name\":\"Transparencia\"}]},{\"@type\":\"WebSite\",\"@id\":\"https:\/\/assitej.culturaescenica.es\/gl\/#website\",\"url\":\"https:\/\/assitej.culturaescenica.es\/gl\/\",\"name\":\"ASSITEJ Espa\u00f1a\",\"description\":\"ARTES ESC\u00c9NICAS PARA LA INFANCIA Y LA JUVENTUD\",\"publisher\":{\"@id\":\"https:\/\/assitej.culturaescenica.es\/gl\/#organization\"},\"potentialAction\":[{\"@type\":\"SearchAction\",\"target\":{\"@type\":\"EntryPoint\",\"urlTemplate\":\"https:\/\/assitej.culturaescenica.es\/gl\/?s={search_term_string}\"},\"query-input\":{\"@type\":\"PropertyValueSpecification\",\"valueRequired\":true,\"valueName\":\"search_term_string\"}}],\"inLanguage\":\"gl-ES\"},{\"@type\":\"Organization\",\"@id\":\"https:\/\/assitej.culturaescenica.es\/gl\/#organization\",\"name\":\"ASSITEJ Espa\u00f1a\",\"url\":\"https:\/\/assitej.culturaescenica.es\/gl\/\",\"logo\":{\"@type\":\"ImageObject\",\"inLanguage\":\"gl-ES\",\"@id\":\"https:\/\/assitej.culturaescenica.es\/gl\/#\/schema\/logo\/image\/\",\"url\":\"https:\/\/assitej.es\/wp-content\/uploads\/Logo_ASSITEJ_Espana.RGB_2-1.png\",\"contentUrl\":\"https:\/\/assitej.es\/wp-content\/uploads\/Logo_ASSITEJ_Espana.RGB_2-1.png\",\"width\":4934,\"height\":2287,\"caption\":\"ASSITEJ Espa\u00f1a\"},\"image\":{\"@id\":\"https:\/\/assitej.culturaescenica.es\/gl\/#\/schema\/logo\/image\/\"},\"sameAs\":[\"https:\/\/www.facebook.com\/assitejespana\/\",\"https:\/\/x.com\/AssitejEspana\",\"https:\/\/www.youtube.com\/channel\/UCv-2SDBzEmyORL5tPvsYgMw\"]}]}<\/script>\n<!-- \/ Yoast SEO plugin. -->","yoast_head_json":{"title":"Transparencia - ASSITEJ Espa\u00f1a","robots":{"index":"index","follow":"follow","max-snippet":"max-snippet:-1","max-image-preview":"max-image-preview:large","max-video-preview":"max-video-preview:-1"},"canonical":"https:\/\/assitej.culturaescenica.es\/gl\/transparencia\/","og_locale":"gl_ES","og_type":"article","og_title":"Transparencia - ASSITEJ Espa\u00f1a","og_description":"En ASSITEJ Espa\u00f1a, como entidad sin \u00e1nimo de lucro, valoramos la transparencia y el acceso abierto a nuestra informaci\u00f3n. ... Read more","og_url":"https:\/\/assitej.culturaescenica.es\/gl\/transparencia\/","og_site_name":"ASSITEJ Espa\u00f1a","article_publisher":"https:\/\/www.facebook.com\/assitejespana\/","article_modified_time":"2025-06-05T14:15:50+00:00","og_image":[{"url":"https:\/\/assitej.es\/wp-content\/uploads\/Paginas-desdeEstatutos-2022a-509x720.jpg","type":"","width":"","height":""}],"twitter_card":"summary_large_image","twitter_site":"@AssitejEspana","twitter_misc":{"Tempo de lectura":"2 minutos"},"schema":{"@context":"https:\/\/schema.org","@graph":[{"@type":"WebPage","@id":"https:\/\/assitej.culturaescenica.es\/transparencia\/","url":"https:\/\/assitej.culturaescenica.es\/transparencia\/","name":"Transparencia - ASSITEJ Espa\u00f1a","isPartOf":{"@id":"https:\/\/assitej.culturaescenica.es\/gl\/#website"},"primaryImageOfPage":{"@id":"https:\/\/assitej.culturaescenica.es\/transparencia\/#primaryimage"},"image":{"@id":"https:\/\/assitej.culturaescenica.es\/transparencia\/#primaryimage"},"thumbnailUrl":"https:\/\/assitej.es\/wp-content\/uploads\/Paginas-desdeEstatutos-2022a-509x720.jpg","datePublished":"2024-01-28T10:57:42+00:00","dateModified":"2025-06-05T14:15:50+00:00","breadcrumb":{"@id":"https:\/\/assitej.culturaescenica.es\/transparencia\/#breadcrumb"},"inLanguage":"gl-ES","potentialAction":[{"@type":"ReadAction","target":["https:\/\/assitej.culturaescenica.es\/transparencia\/"]}]},{"@type":"ImageObject","inLanguage":"gl-ES","@id":"https:\/\/assitej.culturaescenica.es\/transparencia\/#primaryimage","url":"https:\/\/assitej.es\/wp-content\/uploads\/Paginas-desdeEstatutos-2022a-509x720.jpg","contentUrl":"https:\/\/assitej.es\/wp-content\/uploads\/Paginas-desdeEstatutos-2022a-509x720.jpg"},{"@type":"BreadcrumbList","@id":"https:\/\/assitej.culturaescenica.es\/transparencia\/#breadcrumb","itemListElement":[{"@type":"ListItem","position":1,"name":"Portada","item":"https:\/\/assitej.culturaescenica.es\/gl\/"},{"@type":"ListItem","position":2,"name":"Transparencia"}]},{"@type":"WebSite","@id":"https:\/\/assitej.culturaescenica.es\/gl\/#website","url":"https:\/\/assitej.culturaescenica.es\/gl\/","name":"ASSITEJ Espa\u00f1a","description":"ARTE PERFORMANTES PARA NENOS E XUVENTUDE","publisher":{"@id":"https:\/\/assitej.culturaescenica.es\/gl\/#organization"},"potentialAction":[{"@type":"SearchAction","target":{"@type":"EntryPoint","urlTemplate":"https:\/\/assitej.culturaescenica.es\/gl\/?s={search_term_string}"},"query-input":{"@type":"PropertyValueSpecification","valueRequired":true,"valueName":"search_term_string"}}],"inLanguage":"gl-ES"},{"@type":"Organization","@id":"https:\/\/assitej.culturaescenica.es\/gl\/#organization","name":"ASSITEJ Espa\u00f1a","url":"https:\/\/assitej.culturaescenica.es\/gl\/","logo":{"@type":"ImageObject","inLanguage":"gl-ES","@id":"https:\/\/assitej.culturaescenica.es\/gl\/#\/schema\/logo\/image\/","url":"https:\/\/assitej.es\/wp-content\/uploads\/Logo_ASSITEJ_Espana.RGB_2-1.png","contentUrl":"https:\/\/assitej.es\/wp-content\/uploads\/Logo_ASSITEJ_Espana.RGB_2-1.png","width":4934,"height":2287,"caption":"ASSITEJ Espa\u00f1a"},"image":{"@id":"https:\/\/assitej.culturaescenica.es\/gl\/#\/schema\/logo\/image\/"},"sameAs":["https:\/\/www.facebook.com\/assitejespana\/","https:\/\/x.com\/AssitejEspana","https:\/\/www.youtube.com\/channel\/UCv-2SDBzEmyORL5tPvsYgMw"]}]}},"_links":{"self":[{"href":"https:\/\/assitej.culturaescenica.es\/gl\/wp-json\/wp\/v2\/pages\/18894","targetHints":{"allow":["GET"]}}],"collection":[{"href":"https:\/\/assitej.culturaescenica.es\/gl\/wp-json\/wp\/v2\/pages"}],"about":[{"href":"https:\/\/assitej.culturaescenica.es\/gl\/wp-json\/wp\/v2\/types\/page"}],"author":[{"embeddable":true,"href":"https:\/\/assitej.culturaescenica.es\/gl\/wp-json\/wp\/v2\/users\/999"}],"replies":[{"embeddable":true,"href":"https:\/\/assitej.culturaescenica.es\/gl\/wp-json\/wp\/v2\/comments?post=18894"}],"version-history":[{"count":0,"href":"https:\/\/assitej.culturaescenica.es\/gl\/wp-json\/wp\/v2\/pages\/18894\/revisions"}],"wp:attachment":[{"href":"https:\/\/assitej.culturaescenica.es\/gl\/wp-json\/wp\/v2\/media?parent=18894"}],"curies":[{"name":"wp","href":"https:\/\/api.w.org\/{rel}","templated":true}]}}