{"id":4899,"date":"2017-04-06T16:23:48","date_gmt":"2017-04-06T15:23:48","guid":{"rendered":"https:\/\/www.assitej.net\/?post_type=product&#038;p=4899"},"modified":"2025-05-18T19:06:55","modified_gmt":"2025-05-18T17:06:55","slug":"boletin-iberoamericano-de-teatro-10","status":"publish","type":"product","link":"https:\/\/assitej.culturaescenica.es\/eu\/editorial-assitej\/varios-autores-as\/boletin-iberoamericano-de-teatro-10\/","title":{"rendered":"Antzerki Iberoamerikar Buletina 10"},"content":{"rendered":"<p><span id=\"bol9\" class=\"nr\">Antzerki Iberoamerikar Buletina 10<\/span><br \/>\nARTEEN NAZIOARTEKO AZTERKETAKO IV<br \/>\nARTE ESZENIKOAK ETA HAURTZAROA<\/p>\n<p>Aurkezpena<\/p>\n<p>Hizlariak eta parte-hartzaileak<\/p>\n<p>JARDUNALDIAK<\/p>\n<ul>\n<li>Hitzaldi nagusia: Antzerkia eta hezkuntza\u2014Nazioarteko ikuspegia. Yvette Hardie<\/li>\n<li>Etxe bat ez da teilatutik eraikitzen. Haurrek antzerkia behar dute. Valeria Frabetti<\/li>\n<\/ul>\n<p>MAHAI INGURUA<\/p>\n<p>1. Taula. Hezkuntza eta Kultura Erakundeak. Arte Eszenikoen, Kulturaren eta Haur eta Gazteen Hezkuntzaren arteko erakunde-esparrua.<br \/>\n2. taula. Arte Eszenikoen eta Hezkuntzaren arteko lankidetza-esperientziak.<\/p>\n<ul>\n<li>Nola artikulatzen da artisten, hezitzaileen eta kudeatzaileen arteko harremana? Nola artikulatzen da artisten, hezitzaileen eta kudeatzaileen arteko harremana? Lola Lara<\/li>\n<li>Artista hezkuntza munduan. Pury Estalayo.<\/li>\n<li>UKITU. Malagarrigako Jasokundea<\/li>\n<li>GECA. Enrique Gamez Ortega<\/li>\n<li>Hezteko artea. Anabel Rueda<\/li>\n<\/ul>\n<p>3. taula. Haur eta gazteentzako prestakuntza-programak. Zer ikasi dugu elkarrekin orain arte eraikitakotik eta nola jarraitu dezakegu?<\/p>\n<ul>\n<li>ACTA konpainia. Agnes Desfosses<\/li>\n<li>Anem al Teatre Egitaraua. Bartzelonako Foru Aldundia. Maite Serrat<br \/>\nZer ikasi dugu elkarrekin orain arte eraikitakotik eta nola jarraitu dezakegu?<br \/>\nShell Villarrubia del Valle<\/li>\n<\/ul>\n<p>KOMUNIKAZIOAK<\/p>\n<ul>\n<li>Haur hezkuntzako profesionalentzako prestakuntza artistikoa. Carmen Garcia Velasco<\/li>\n<li>Aisialdiaren bidez hobetzea: klasikoen papera haur eta gazteen garapenean. Esther Fernandez<\/li>\n<li>Gure batasun artistikoak haurtzarora begiratzen du. Omar Meza<\/li>\n<li>Musika-ikaskuntzaren teoria eta praktikaren oinarrizko printzipioak Edwin Gordonen eskutik. Toto Fabris<\/li>\n<li>Haur antzerkiari egindako kritika berezia. Generoaren sistematika bati hurbiltzea. Andres Molinari<\/li>\n<\/ul>\n<p>PROIEKTUAK<\/p>\n<ul>\n<li>Arte Eszenikoen Andaluziako Pedagogia Bulegoa\u2014GPAEA. Oinarriak, helburuak eta bideragarritasun-mailak. Francisco J. Corpas Rivera<\/li>\n<li>Cantania 1989\u20132014 \/ Cantania en Sevilla: 2012\u20132014. Lehen Hezkuntzako haurrentzako kantata parte-hartzailearen proiektua. Pasioa Benitez Leon<\/li>\n<\/ul>\n<p>ONDORIOAK<\/p>\n<ul>\n<li>Ondorioak. Nicholas Morcillo Delgado<\/li>\n<li>Iruzkinak. Jose Roig Calatayud<\/li>\n<\/ul>\n<p>Jardunaldiaren egitaraua<br \/>\nEskerrak<\/p>\n<p><a class=\"brnVerFicha\" href=\"http:\/\/assitej.culturaescenica.es\/wp-content\/uploads\/2011\/12\/BIT_10_web1.pdf\" target=\"_blank\" rel=\"noopener noreferrer\">Deskargatu Iberoamerikar Antzerkiaren Buletina 10<\/a><\/p>","protected":false},"excerpt":{"rendered":"<p><a class=\"brnVerFicha\" href=\"http:\/\/assitej.culturaescenica.es\/wp-content\/uploads\/2011\/12\/BIT_10_web1.pdf\" target=\"_blank\" rel=\"noopener noreferrer\">Deskargatu Iberoamerikar Antzerkiaren Buletina 10<\/a><\/p>\n<p>ARTEEN NAZIOARTEKO AZTERKETAKO IV<br \/>\nARTE ESZENIKOAK ETA HAURTZAROA<\/p>\n<p>Aurkezpena<\/p>\n<p>Hizlariak eta parte-hartzaileak<\/p>\n<p>JARDUNALDIAK<\/p>\n<ul>\n<li>Hitzaldi nagusia: Antzerkia eta hezkuntza\u2014Nazioarteko ikuspegia. Yvette Hardie<\/li>\n<li>Etxe bat ez da teilatutik eraikitzen. Haurrek antzerkia behar dute. Valeria Frabetti<\/li>\n<\/ul>\n<p>MAHAI INGURUA<\/p>\n<p>1. Taula. Hezkuntza eta Kultura Erakundeak. Arte Eszenikoen, Kulturaren eta Haur eta Gazteen Hezkuntzaren arteko erakunde-esparrua.<br \/>\n2. taula. Arte Eszenikoen eta Hezkuntzaren arteko lankidetza-esperientziak.<\/p>\n<ul>\n<li>Nola artikulatzen da artisten, hezitzaileen eta kudeatzaileen arteko harremana? Nola artikulatzen da artisten, hezitzaileen eta kudeatzaileen arteko harremana? Lola Lara<\/li>\n<li>Artista hezkuntza munduan. Pury Estalayo.<\/li>\n<li>UKITU. Malagarrigako Jasokundea<\/li>\n<li>GECA. Enrique Gamez Ortega<\/li>\n<li>Hezteko artea. Anabel Rueda<\/li>\n<\/ul>\n<p>3. taula. Haur eta gazteentzako prestakuntza-programak. Zer ikasi dugu elkarrekin orain arte eraikitakotik eta nola jarraitu dezakegu?<\/p>\n<ul>\n<li>ACTA konpainia. Agnes Desfosses<\/li>\n<li>Anem al Teatre Egitaraua. Bartzelonako Foru Aldundia. Maite Serrat<br \/>\nZer ikasi dugu elkarrekin orain arte eraikitakotik eta nola jarraitu dezakegu?<br \/>\nShell Villarrubia del Valle<\/li>\n<\/ul>\n<p>KOMUNIKAZIOAK<\/p>\n<ul>\n<li>Haur hezkuntzako profesionalentzako prestakuntza artistikoa. Carmen Garcia Velasco<\/li>\n<li>Aisialdiaren bidez hobetzea: klasikoen papera haur eta gazteen garapenean. Esther Fernandez<\/li>\n<li>Gure batasun artistikoak haurtzarora begiratzen du. Omar Meza<\/li>\n<li>Musika-ikaskuntzaren teoria eta praktikaren oinarrizko printzipioak Edwin Gordonen eskutik. Toto Fabris<\/li>\n<li>Haur antzerkiari egindako kritika berezia. Generoaren sistematika bati hurbiltzea. Andres Molinari<\/li>\n<\/ul>\n<p>PROIEKTUAK<\/p>\n<ul>\n<li>Arte Eszenikoen Andaluziako Pedagogia Bulegoa\u2014GPAEA. Oinarriak, helburuak eta bideragarritasun-mailak. Francisco J. Corpas Rivera<\/li>\n<li>Cantania 1989\u20132014 \/ Cantania en Sevilla: 2012\u20132014. Lehen Hezkuntzako haurrentzako kantata parte-hartzailearen proiektua. Pasioa Benitez Leon<\/li>\n<\/ul>\n<p>ONDORIOAK<\/p>\n<ul>\n<li>Ondorioak. Nicholas Morcillo Delgado<\/li>\n<li>Iruzkinak. Jose Roig Calatayud<\/li>\n<\/ul>\n<p>Jardunaldiaren egitaraua<br \/>\nEskerrak<\/p>\n<p>&nbsp;<\/p>\n<p>&nbsp;<\/p>","protected":false},"featured_media":24345,"template":"","meta":{"_acf_changed":false,"_links_to":"","_links_to_target":""},"product_brand":[],"product_cat":[2697],"product_tag":[123],"class_list":{"0":"post-4899","1":"product","2":"type-product","3":"status-publish","4":"has-post-thumbnail","6":"product_cat-varios-autores-as","7":"product_tag-boletin-iberoamericano","8":"infinite-scroll-item","9":"","10":"woocommerce-text-align-left","11":"woocommerce-image-align-center","12":"do-quantity-buttons","14":"first","15":"outofstock","16":"downloadable","17":"virtual","18":"taxable","19":"purchasable","20":"product-type-simple"},"acf":[],"yoast_head":"<!-- This site is optimized with the Yoast SEO plugin v27.1.1 - https:\/\/yoast.com\/product\/yoast-seo-wordpress\/ -->\n<title>Bolet\u00edn Iberoamericano de Teatro 10 - ASSITEJ Espa\u00f1a<\/title>\n<meta name=\"robots\" content=\"index, follow, max-snippet:-1, max-image-preview:large, max-video-preview:-1\" \/>\n<link rel=\"canonical\" href=\"https:\/\/assitej.culturaescenica.es\/eu\/editorial-assitej\/varios-autores-as\/boletin-iberoamericano-de-teatro-10\/\" \/>\n<meta property=\"og:locale\" content=\"en_US\" \/>\n<meta property=\"og:type\" content=\"article\" \/>\n<meta property=\"og:title\" content=\"Bolet\u00edn Iberoamericano de Teatro 10 - ASSITEJ Espa\u00f1a\" \/>\n<meta property=\"og:description\" content=\"Descargar Bolet\u00edn Iberoamericano de Teatro 10  IV JORNADAS INTERNACIONALES DE ESTUDIO SOBRE LAS ARTES ESC\u00c9NICAS Y LA INFANCIA  Presentaci\u00f3n  Conferenciantes y participantes  CONFERENCIAS   Conferencia inaugural: Una mirada internacional a las artes esc\u00e9nicas y la educaci\u00f3n (Theatre and Education\u2014An international perspective). Yvette\u00a0 Hardie  Una casa no se construye por el tejado. Los ni\u00f1os necesitan teatro. Valeria Frabetti  MESAS REDONDAS  Mesa 1. Instituciones de Educaci\u00f3n y Cultura. Marco institucional entre las Artes Esc\u00e9nicas, la Cultura y la Educaci\u00f3n para la Infancia y la Juventud. Mesa 2. Experiencias de colaboraci\u00f3n entre las Artes Esc\u00e9nicas y la Educaci\u00f3n.   \u00bfC\u00f3mo se articula la relaci\u00f3n entre artistas, educadores y gestores? \u00bfC\u00f3mo se articula la relaci\u00f3n entre artistas, educadores y gestores? Lola Lara  El artista en el mundo educativo. Pury Estalayo.  ROCE. Assumpci\u00f3 Malagarriga  GECA. Enrique\u00a0 G\u00e1mez Ortega  El arte de educar. Anabel Rueda  Mesa 3. Programas de formaci\u00f3n de p\u00fablico infantil y juvenil. \u00bfQu\u00e9 hemos aprendido de lo construido en com\u00fan hasta ahora y c\u00f3mo continuar?   Compa\u00f1\u00eda ACTA. Agnes Desfosses  Programa Anem al Teatre. Diputaci\u00f3n de Barcelona. Maite\u00a0 Serrat \u00bfQu\u00e9 hemos aprendido de lo construido en com\u00fan hasta ahora y c\u00f3mo continuar? Concha Villarrubia del Valle  COMUNICACIONES   La formaci\u00f3n art\u00edstica en los profesionales de la educaci\u00f3n infantil. Carmen Garc\u00eda\u00a0 Velasco  Mejorar divirtiendo: el papel de los cl\u00e1sicos en la formaci\u00f3n del p\u00fablico infantil y juvenil. Esther\u00a0 Fern\u00e1ndez  Nuestra uni\u00f3n art\u00edstica mira hacia la infancia. Omar Meza  Principios fundamentales de la teor\u00eda y la praxis del aprendizaje musical de Edwin Gordon. Toto\u00a0 Fabris  La peculiar cr\u00edtica del teatro infantil. Aproximaci\u00f3n a una sistem\u00e1tica del g\u00e9nero. Andr\u00e9s Molinari  PROYECTOS   Gabinete Pedag\u00f3gico de las Artes Esc\u00e9nicas de Andaluc\u00eda\u2014GPAEA. Fundamentos, objetivos y grados de viabilidad. Francisco J. Corpas Rivera  Cantania 1989\u20132014 \/ Cantania en Sevilla: 2012\u20132014. Proyecto de cantata participativa para escolares de primaria. Pasi\u00f3n Ben\u00edtez Le\u00f3n  CONCLUSIONES   Conclusiones. Nicol\u00e1s\u00a0 Morcillo Delgado  Comentarios. Jos\u00e9 Roig Calatayud  Programa de las Jornadas Agradecimientos  &nbsp;  &nbsp;\" \/>\n<meta property=\"og:url\" content=\"https:\/\/assitej.culturaescenica.es\/eu\/editorial-assitej\/varios-autores-as\/boletin-iberoamericano-de-teatro-10\/\" \/>\n<meta property=\"og:site_name\" content=\"ASSITEJ Espa\u00f1a\" \/>\n<meta property=\"article:publisher\" content=\"https:\/\/www.facebook.com\/assitejespana\/\" \/>\n<meta property=\"article:modified_time\" content=\"2025-05-18T17:06:55+00:00\" \/>\n<meta property=\"og:image\" content=\"https:\/\/assitej.culturaescenica.es\/wp-content\/uploads\/Boletin10_001-png.webp\" \/>\n\t<meta property=\"og:image:width\" content=\"369\" \/>\n\t<meta property=\"og:image:height\" content=\"539\" \/>\n\t<meta property=\"og:image:type\" content=\"image\/png\" \/>\n<meta name=\"twitter:card\" content=\"summary_large_image\" \/>\n<meta name=\"twitter:site\" content=\"@AssitejEspana\" \/>\n<meta name=\"twitter:label1\" content=\"Est. reading time\" \/>\n\t<meta name=\"twitter:data1\" content=\"2 minutua\" \/>\n<script type=\"application\/ld+json\" class=\"yoast-schema-graph\">{\"@context\":\"https:\/\/schema.org\",\"@graph\":[{\"@type\":\"WebPage\",\"@id\":\"https:\/\/assitej.culturaescenica.es\/es_es\/editorial-assitej\/varios-autores-as\/boletin-iberoamericano-de-teatro-10\/\",\"url\":\"https:\/\/assitej.culturaescenica.es\/es_es\/editorial-assitej\/varios-autores-as\/boletin-iberoamericano-de-teatro-10\/\",\"name\":\"Bolet\u00edn Iberoamericano de Teatro 10 - ASSITEJ Espa\u00f1a\",\"isPartOf\":{\"@id\":\"https:\/\/assitej.culturaescenica.es\/gl\/#website\"},\"primaryImageOfPage\":{\"@id\":\"https:\/\/assitej.culturaescenica.es\/es_es\/editorial-assitej\/varios-autores-as\/boletin-iberoamericano-de-teatro-10\/#primaryimage\"},\"image\":{\"@id\":\"https:\/\/assitej.culturaescenica.es\/es_es\/editorial-assitej\/varios-autores-as\/boletin-iberoamericano-de-teatro-10\/#primaryimage\"},\"thumbnailUrl\":\"https:\/\/assitej.culturaescenica.es\/wp-content\/uploads\/Boletin10_001-png.webp\",\"datePublished\":\"2017-04-06T15:23:48+00:00\",\"dateModified\":\"2025-05-18T17:06:55+00:00\",\"breadcrumb\":{\"@id\":\"https:\/\/assitej.culturaescenica.es\/es_es\/editorial-assitej\/varios-autores-as\/boletin-iberoamericano-de-teatro-10\/#breadcrumb\"},\"inLanguage\":\"eu\",\"potentialAction\":[{\"@type\":\"ReadAction\",\"target\":[\"https:\/\/assitej.culturaescenica.es\/es_es\/editorial-assitej\/varios-autores-as\/boletin-iberoamericano-de-teatro-10\/\"]}]},{\"@type\":\"ImageObject\",\"inLanguage\":\"eu\",\"@id\":\"https:\/\/assitej.culturaescenica.es\/es_es\/editorial-assitej\/varios-autores-as\/boletin-iberoamericano-de-teatro-10\/#primaryimage\",\"url\":\"https:\/\/assitej.culturaescenica.es\/wp-content\/uploads\/Boletin10_001-png.webp\",\"contentUrl\":\"https:\/\/assitej.culturaescenica.es\/wp-content\/uploads\/Boletin10_001-png.webp\",\"width\":369,\"height\":539},{\"@type\":\"BreadcrumbList\",\"@id\":\"https:\/\/assitej.culturaescenica.es\/es_es\/editorial-assitej\/varios-autores-as\/boletin-iberoamericano-de-teatro-10\/#breadcrumb\",\"itemListElement\":[{\"@type\":\"ListItem\",\"position\":1,\"name\":\"Portada\",\"item\":\"https:\/\/assitej.culturaescenica.es\/gl\/\"},{\"@type\":\"ListItem\",\"position\":2,\"name\":\"Editorial Assitej\",\"item\":\"https:\/\/assitej.culturaescenica.es\/es_es\/editorial-assitej\/\"},{\"@type\":\"ListItem\",\"position\":3,\"name\":\"Bolet\u00edn Iberoamericano de Teatro 10\"}]},{\"@type\":\"WebSite\",\"@id\":\"https:\/\/assitej.culturaescenica.es\/gl\/#website\",\"url\":\"https:\/\/assitej.culturaescenica.es\/gl\/\",\"name\":\"ASSITEJ Espa\u00f1a\",\"description\":\"ARTES ESC\u00c9NICAS PARA LA INFANCIA Y LA JUVENTUD\",\"publisher\":{\"@id\":\"https:\/\/assitej.culturaescenica.es\/gl\/#organization\"},\"potentialAction\":[{\"@type\":\"SearchAction\",\"target\":{\"@type\":\"EntryPoint\",\"urlTemplate\":\"https:\/\/assitej.culturaescenica.es\/gl\/?s={search_term_string}\"},\"query-input\":{\"@type\":\"PropertyValueSpecification\",\"valueRequired\":true,\"valueName\":\"search_term_string\"}}],\"inLanguage\":\"eu\"},{\"@type\":\"Organization\",\"@id\":\"https:\/\/assitej.culturaescenica.es\/gl\/#organization\",\"name\":\"ASSITEJ Espa\u00f1a\",\"url\":\"https:\/\/assitej.culturaescenica.es\/gl\/\",\"logo\":{\"@type\":\"ImageObject\",\"inLanguage\":\"eu\",\"@id\":\"https:\/\/assitej.culturaescenica.es\/gl\/#\/schema\/logo\/image\/\",\"url\":\"https:\/\/assitej.es\/wp-content\/uploads\/Logo_ASSITEJ_Espana.RGB_2-1.png\",\"contentUrl\":\"https:\/\/assitej.es\/wp-content\/uploads\/Logo_ASSITEJ_Espana.RGB_2-1.png\",\"width\":4934,\"height\":2287,\"caption\":\"ASSITEJ Espa\u00f1a\"},\"image\":{\"@id\":\"https:\/\/assitej.culturaescenica.es\/gl\/#\/schema\/logo\/image\/\"},\"sameAs\":[\"https:\/\/www.facebook.com\/assitejespana\/\",\"https:\/\/x.com\/AssitejEspana\",\"https:\/\/www.youtube.com\/channel\/UCv-2SDBzEmyORL5tPvsYgMw\"]}]}<\/script>\n<!-- \/ Yoast SEO plugin. -->","yoast_head_json":{"title":"Antzerki Iberoamerikar Boletina 10 - ASSITEJ Espainia","robots":{"index":"index","follow":"follow","max-snippet":"max-snippet:-1","max-image-preview":"max-image-preview:large","max-video-preview":"max-video-preview:-1"},"canonical":"https:\/\/assitej.culturaescenica.es\/eu\/editorial-assitej\/varios-autores-as\/boletin-iberoamericano-de-teatro-10\/","og_locale":"en_US","og_type":"article","og_title":"Bolet\u00edn Iberoamericano de Teatro 10 - ASSITEJ Espa\u00f1a","og_description":"Descargar Bolet\u00edn Iberoamericano de Teatro 10  IV JORNADAS INTERNACIONALES DE ESTUDIO SOBRE LAS ARTES ESC\u00c9NICAS Y LA INFANCIA  Presentaci\u00f3n  Conferenciantes y participantes  CONFERENCIAS   Conferencia inaugural: Una mirada internacional a las artes esc\u00e9nicas y la educaci\u00f3n (Theatre and Education\u2014An international perspective). Yvette\u00a0 Hardie  Una casa no se construye por el tejado. Los ni\u00f1os necesitan teatro. Valeria Frabetti  MESAS REDONDAS  Mesa 1. Instituciones de Educaci\u00f3n y Cultura. Marco institucional entre las Artes Esc\u00e9nicas, la Cultura y la Educaci\u00f3n para la Infancia y la Juventud. Mesa 2. Experiencias de colaboraci\u00f3n entre las Artes Esc\u00e9nicas y la Educaci\u00f3n.   \u00bfC\u00f3mo se articula la relaci\u00f3n entre artistas, educadores y gestores? \u00bfC\u00f3mo se articula la relaci\u00f3n entre artistas, educadores y gestores? Lola Lara  El artista en el mundo educativo. Pury Estalayo.  ROCE. Assumpci\u00f3 Malagarriga  GECA. Enrique\u00a0 G\u00e1mez Ortega  El arte de educar. Anabel Rueda  Mesa 3. Programas de formaci\u00f3n de p\u00fablico infantil y juvenil. \u00bfQu\u00e9 hemos aprendido de lo construido en com\u00fan hasta ahora y c\u00f3mo continuar?   Compa\u00f1\u00eda ACTA. Agnes Desfosses  Programa Anem al Teatre. Diputaci\u00f3n de Barcelona. Maite\u00a0 Serrat \u00bfQu\u00e9 hemos aprendido de lo construido en com\u00fan hasta ahora y c\u00f3mo continuar? Concha Villarrubia del Valle  COMUNICACIONES   La formaci\u00f3n art\u00edstica en los profesionales de la educaci\u00f3n infantil. Carmen Garc\u00eda\u00a0 Velasco  Mejorar divirtiendo: el papel de los cl\u00e1sicos en la formaci\u00f3n del p\u00fablico infantil y juvenil. Esther\u00a0 Fern\u00e1ndez  Nuestra uni\u00f3n art\u00edstica mira hacia la infancia. Omar Meza  Principios fundamentales de la teor\u00eda y la praxis del aprendizaje musical de Edwin Gordon. Toto\u00a0 Fabris  La peculiar cr\u00edtica del teatro infantil. Aproximaci\u00f3n a una sistem\u00e1tica del g\u00e9nero. Andr\u00e9s Molinari  PROYECTOS   Gabinete Pedag\u00f3gico de las Artes Esc\u00e9nicas de Andaluc\u00eda\u2014GPAEA. Fundamentos, objetivos y grados de viabilidad. Francisco J. Corpas Rivera  Cantania 1989\u20132014 \/ Cantania en Sevilla: 2012\u20132014. Proyecto de cantata participativa para escolares de primaria. Pasi\u00f3n Ben\u00edtez Le\u00f3n  CONCLUSIONES   Conclusiones. Nicol\u00e1s\u00a0 Morcillo Delgado  Comentarios. Jos\u00e9 Roig Calatayud  Programa de las Jornadas Agradecimientos  &nbsp;  &nbsp;","og_url":"https:\/\/assitej.culturaescenica.es\/eu\/editorial-assitej\/varios-autores-as\/boletin-iberoamericano-de-teatro-10\/","og_site_name":"ASSITEJ Espa\u00f1a","article_publisher":"https:\/\/www.facebook.com\/assitejespana\/","article_modified_time":"2025-05-18T17:06:55+00:00","og_image":[{"width":369,"height":539,"url":"https:\/\/assitej.culturaescenica.es\/wp-content\/uploads\/Boletin10_001-png.webp","type":"image\/png"}],"twitter_card":"summary_large_image","twitter_site":"@AssitejEspana","twitter_misc":{"Est. reading time":"2 minutua"},"schema":{"@context":"https:\/\/schema.org","@graph":[{"@type":"WebPage","@id":"https:\/\/assitej.culturaescenica.es\/es_es\/editorial-assitej\/varios-autores-as\/boletin-iberoamericano-de-teatro-10\/","url":"https:\/\/assitej.culturaescenica.es\/es_es\/editorial-assitej\/varios-autores-as\/boletin-iberoamericano-de-teatro-10\/","name":"Antzerki Iberoamerikar Boletina 10 - ASSITEJ Espainia","isPartOf":{"@id":"https:\/\/assitej.culturaescenica.es\/gl\/#website"},"primaryImageOfPage":{"@id":"https:\/\/assitej.culturaescenica.es\/es_es\/editorial-assitej\/varios-autores-as\/boletin-iberoamericano-de-teatro-10\/#primaryimage"},"image":{"@id":"https:\/\/assitej.culturaescenica.es\/es_es\/editorial-assitej\/varios-autores-as\/boletin-iberoamericano-de-teatro-10\/#primaryimage"},"thumbnailUrl":"https:\/\/assitej.culturaescenica.es\/wp-content\/uploads\/Boletin10_001-png.webp","datePublished":"2017-04-06T15:23:48+00:00","dateModified":"2025-05-18T17:06:55+00:00","breadcrumb":{"@id":"https:\/\/assitej.culturaescenica.es\/es_es\/editorial-assitej\/varios-autores-as\/boletin-iberoamericano-de-teatro-10\/#breadcrumb"},"inLanguage":"eu","potentialAction":[{"@type":"ReadAction","target":["https:\/\/assitej.culturaescenica.es\/es_es\/editorial-assitej\/varios-autores-as\/boletin-iberoamericano-de-teatro-10\/"]}]},{"@type":"ImageObject","inLanguage":"eu","@id":"https:\/\/assitej.culturaescenica.es\/es_es\/editorial-assitej\/varios-autores-as\/boletin-iberoamericano-de-teatro-10\/#primaryimage","url":"https:\/\/assitej.culturaescenica.es\/wp-content\/uploads\/Boletin10_001-png.webp","contentUrl":"https:\/\/assitej.culturaescenica.es\/wp-content\/uploads\/Boletin10_001-png.webp","width":369,"height":539},{"@type":"BreadcrumbList","@id":"https:\/\/assitej.culturaescenica.es\/es_es\/editorial-assitej\/varios-autores-as\/boletin-iberoamericano-de-teatro-10\/#breadcrumb","itemListElement":[{"@type":"ListItem","position":1,"name":"Portada","item":"https:\/\/assitej.culturaescenica.es\/gl\/"},{"@type":"ListItem","position":2,"name":"Editorial Assitej","item":"https:\/\/assitej.culturaescenica.es\/es_es\/editorial-assitej\/"},{"@type":"ListItem","position":3,"name":"Bolet\u00edn Iberoamericano de Teatro 10"}]},{"@type":"WebSite","@id":"https:\/\/assitej.culturaescenica.es\/gl\/#website","url":"https:\/\/assitej.culturaescenica.es\/gl\/","name":"ASSITEJ Espainia","description":"HAUR ETA GAZTEENTZAT ARTE PRESTAZIOAK","publisher":{"@id":"https:\/\/assitej.culturaescenica.es\/gl\/#organization"},"potentialAction":[{"@type":"SearchAction","target":{"@type":"EntryPoint","urlTemplate":"https:\/\/assitej.culturaescenica.es\/gl\/?s={search_term_string}"},"query-input":{"@type":"PropertyValueSpecification","valueRequired":true,"valueName":"search_term_string"}}],"inLanguage":"eu"},{"@type":"Organization","@id":"https:\/\/assitej.culturaescenica.es\/gl\/#organization","name":"ASSITEJ Espainia","url":"https:\/\/assitej.culturaescenica.es\/gl\/","logo":{"@type":"ImageObject","inLanguage":"eu","@id":"https:\/\/assitej.culturaescenica.es\/gl\/#\/schema\/logo\/image\/","url":"https:\/\/assitej.es\/wp-content\/uploads\/Logo_ASSITEJ_Espana.RGB_2-1.png","contentUrl":"https:\/\/assitej.es\/wp-content\/uploads\/Logo_ASSITEJ_Espana.RGB_2-1.png","width":4934,"height":2287,"caption":"ASSITEJ Espa\u00f1a"},"image":{"@id":"https:\/\/assitej.culturaescenica.es\/gl\/#\/schema\/logo\/image\/"},"sameAs":["https:\/\/www.facebook.com\/assitejespana\/","https:\/\/x.com\/AssitejEspana","https:\/\/www.youtube.com\/channel\/UCv-2SDBzEmyORL5tPvsYgMw"]}]}},"_links":{"self":[{"href":"https:\/\/assitej.culturaescenica.es\/eu\/wp-json\/wp\/v2\/product\/4899","targetHints":{"allow":["GET"]}}],"collection":[{"href":"https:\/\/assitej.culturaescenica.es\/eu\/wp-json\/wp\/v2\/product"}],"about":[{"href":"https:\/\/assitej.culturaescenica.es\/eu\/wp-json\/wp\/v2\/types\/product"}],"wp:featuredmedia":[{"embeddable":true,"href":"https:\/\/assitej.culturaescenica.es\/eu\/wp-json\/wp\/v2\/media\/24345"}],"wp:attachment":[{"href":"https:\/\/assitej.culturaescenica.es\/eu\/wp-json\/wp\/v2\/media?parent=4899"}],"wp:term":[{"taxonomy":"product_brand","embeddable":true,"href":"https:\/\/assitej.culturaescenica.es\/eu\/wp-json\/wp\/v2\/product_brand?post=4899"},{"taxonomy":"product_cat","embeddable":true,"href":"https:\/\/assitej.culturaescenica.es\/eu\/wp-json\/wp\/v2\/product_cat?post=4899"},{"taxonomy":"product_tag","embeddable":true,"href":"https:\/\/assitej.culturaescenica.es\/eu\/wp-json\/wp\/v2\/product_tag?post=4899"}],"curies":[{"name":"wp","href":"https:\/\/api.w.org\/{rel}","templated":true}]}}