{"id":24147,"date":"2024-12-12T07:38:05","date_gmt":"2024-12-12T06:38:05","guid":{"rendered":"https:\/\/assitej.es\/beta2\/?post_type=product&#038;p=24147"},"modified":"2025-01-27T10:30:32","modified_gmt":"2025-01-27T09:30:32","slug":"m-monstruo","status":"publish","type":"product","link":"https:\/\/assitej.culturaescenica.es\/eu\/editorial-assitej\/lola-fernandez-de-sevilla\/m-monstruo\/","title":{"rendered":"M (Munstroa)"},"content":{"rendered":"<p>Amak eta aitak irrikaz itxaroten dute beren umearen etorrera. Baina M, izen hori onomatopeia gisa jasotzen duena hobeto egokitzen zaion beste baten faltan, laztandu nahi ez duen azal latza duen haurra da. Ez da arrosa ere, arrea eta iletsua baizik. Garrasi eta garrasi egiten du etenik gabe, uko egiten dio esnea edateari, bainu bat hartzeari edo sehaska ondoan jarritako sehaska-kanta ergelekin lo egiteari. Gurasoen harridurarako, M izaki basati eta otzana da, bere inguruko munduaren ikuspegi oso berezia duena. Egoera honetan, gurasoek erabaki zuzena hartu duten galdetzen dute...<\/p>","protected":false},"excerpt":{"rendered":"<p>Amak eta aitak irrikaz itxaroten dute beren umearen etorrera. Baina M, izen hori onomatopeia gisa jasotzen duena hobeto egokitzen zaion beste baten faltan, laztandu nahi ez duen azal latza duen haurra da. Ez da arrosa ere, arrea eta iletsua baizik. Garrasi eta garrasi egiten du etenik gabe, uko egiten dio esnea edateari, bainu bat hartzeari edo sehaska ondoan jarritako sehaska-kanta ergelekin lo egiteari. Gurasoen harridurarako, M izaki basati eta otzana da, bere inguruko munduaren ikuspegi oso berezia duena. Egoera honetan, gurasoek erabaki zuzena hartu duten galdetzen dute...<\/p>","protected":false},"featured_media":24148,"template":"","meta":{"_acf_changed":false,"_links_to":"","_links_to_target":""},"product_brand":[],"product_cat":[2269],"product_tag":[67],"class_list":{"0":"post-24147","1":"product","2":"type-product","3":"status-publish","4":"has-post-thumbnail","6":"product_cat-lola-fernandez-de-sevilla","7":"product_tag-coleccion-teatro","8":"infinite-scroll-item","9":"","10":"woocommerce-text-align-left","11":"woocommerce-image-align-center","12":"do-quantity-buttons","14":"first","15":"instock","16":"taxable","17":"shipping-taxable","18":"purchasable","19":"product-type-simple"},"acf":[],"yoast_head":"<!-- This site is optimized with the Yoast SEO plugin v27.1.1 - https:\/\/yoast.com\/product\/yoast-seo-wordpress\/ -->\n<title>M (Monstruo) - ASSITEJ Espa\u00f1a<\/title>\n<meta name=\"robots\" content=\"index, follow, max-snippet:-1, max-image-preview:large, max-video-preview:-1\" \/>\n<link rel=\"canonical\" href=\"https:\/\/assitej.culturaescenica.es\/eu\/editorial-assitej\/lola-fernandez-de-sevilla\/m-monstruo\/\" \/>\n<meta property=\"og:locale\" content=\"en_US\" \/>\n<meta property=\"og:type\" content=\"article\" \/>\n<meta property=\"og:title\" content=\"M (Monstruo) - ASSITEJ Espa\u00f1a\" \/>\n<meta property=\"og:description\" content=\"Mam\u00e1 y Pap\u00e1 esperan con ilusi\u00f3n la llegada de su beb\u00e9. Pero M, que recibe este nombre con forma de onomatopeya a falta de otro que le encaje mejor, es un beb\u00e9 de tez rugosa al que no apetece acariciar. Tampoco es sonrosado, sino parduzco y peludo. Adem\u00e1s, grita y gru\u00f1e sin parar, se niega a tomar leche, a ba\u00f1arse o a dormir con las est\u00fapidas nanas que le colocan cerca de la cuna. Para sorpresa de sus padres, M es una criatura salvaje e ind\u00f3mita con una visi\u00f3n muy particular del mundo que le rodea. En esta tesitura, los padres se plantean si tomaron la decisi\u00f3n correcta\u2026\" \/>\n<meta property=\"og:url\" content=\"https:\/\/assitej.culturaescenica.es\/eu\/editorial-assitej\/lola-fernandez-de-sevilla\/m-monstruo\/\" \/>\n<meta property=\"og:site_name\" content=\"ASSITEJ Espa\u00f1a\" \/>\n<meta property=\"article:publisher\" content=\"https:\/\/www.facebook.com\/assitejespana\/\" \/>\n<meta property=\"article:modified_time\" content=\"2025-01-27T09:30:32+00:00\" \/>\n<meta property=\"og:image\" content=\"https:\/\/assitej.culturaescenica.es\/wp-content\/uploads\/Portada-M-Monstruo-scaled-1-jpg.webp\" \/>\n\t<meta property=\"og:image:width\" content=\"1133\" \/>\n\t<meta property=\"og:image:height\" content=\"1600\" \/>\n\t<meta property=\"og:image:type\" content=\"image\/jpeg\" \/>\n<meta name=\"twitter:card\" content=\"summary_large_image\" \/>\n<meta name=\"twitter:site\" content=\"@AssitejEspana\" \/>\n<meta name=\"twitter:label1\" content=\"Est. reading time\" \/>\n\t<meta name=\"twitter:data1\" content=\"1 minutua\" \/>\n<script type=\"application\/ld+json\" class=\"yoast-schema-graph\">{\"@context\":\"https:\/\/schema.org\",\"@graph\":[{\"@type\":\"WebPage\",\"@id\":\"https:\/\/assitej.culturaescenica.es\/eu\/editorial-assitej\/lola-fernandez-de-sevilla\/m-monstruo\/\",\"url\":\"https:\/\/assitej.culturaescenica.es\/eu\/editorial-assitej\/lola-fernandez-de-sevilla\/m-monstruo\/\",\"name\":\"M (Monstruo) - ASSITEJ Espa\u00f1a\",\"isPartOf\":{\"@id\":\"https:\/\/assitej.culturaescenica.es\/gl\/#website\"},\"primaryImageOfPage\":{\"@id\":\"https:\/\/assitej.culturaescenica.es\/eu\/editorial-assitej\/lola-fernandez-de-sevilla\/m-monstruo\/#primaryimage\"},\"image\":{\"@id\":\"https:\/\/assitej.culturaescenica.es\/eu\/editorial-assitej\/lola-fernandez-de-sevilla\/m-monstruo\/#primaryimage\"},\"thumbnailUrl\":\"https:\/\/assitej.culturaescenica.es\/wp-content\/uploads\/Portada-M-Monstruo-scaled-1-jpg.webp\",\"datePublished\":\"2024-12-12T06:38:05+00:00\",\"dateModified\":\"2025-01-27T09:30:32+00:00\",\"breadcrumb\":{\"@id\":\"https:\/\/assitej.culturaescenica.es\/eu\/editorial-assitej\/lola-fernandez-de-sevilla\/m-monstruo\/#breadcrumb\"},\"inLanguage\":\"eu\",\"potentialAction\":[{\"@type\":\"ReadAction\",\"target\":[\"https:\/\/assitej.culturaescenica.es\/eu\/editorial-assitej\/lola-fernandez-de-sevilla\/m-monstruo\/\"]}]},{\"@type\":\"ImageObject\",\"inLanguage\":\"eu\",\"@id\":\"https:\/\/assitej.culturaescenica.es\/eu\/editorial-assitej\/lola-fernandez-de-sevilla\/m-monstruo\/#primaryimage\",\"url\":\"https:\/\/assitej.culturaescenica.es\/wp-content\/uploads\/Portada-M-Monstruo-scaled-1-jpg.webp\",\"contentUrl\":\"https:\/\/assitej.culturaescenica.es\/wp-content\/uploads\/Portada-M-Monstruo-scaled-1-jpg.webp\",\"width\":1133,\"height\":1600},{\"@type\":\"BreadcrumbList\",\"@id\":\"https:\/\/assitej.culturaescenica.es\/eu\/editorial-assitej\/lola-fernandez-de-sevilla\/m-monstruo\/#breadcrumb\",\"itemListElement\":[{\"@type\":\"ListItem\",\"position\":1,\"name\":\"Portada\",\"item\":\"https:\/\/assitej.culturaescenica.es\/gl\/\"},{\"@type\":\"ListItem\",\"position\":2,\"name\":\"Editorial Assitej\",\"item\":\"https:\/\/assitej.culturaescenica.es\/es_es\/editorial-assitej\/\"},{\"@type\":\"ListItem\",\"position\":3,\"name\":\"M (Monstruo)\"}]},{\"@type\":\"WebSite\",\"@id\":\"https:\/\/assitej.culturaescenica.es\/gl\/#website\",\"url\":\"https:\/\/assitej.culturaescenica.es\/gl\/\",\"name\":\"ASSITEJ Espa\u00f1a\",\"description\":\"ARTES ESC\u00c9NICAS PARA LA INFANCIA Y LA JUVENTUD\",\"publisher\":{\"@id\":\"https:\/\/assitej.culturaescenica.es\/gl\/#organization\"},\"potentialAction\":[{\"@type\":\"SearchAction\",\"target\":{\"@type\":\"EntryPoint\",\"urlTemplate\":\"https:\/\/assitej.culturaescenica.es\/gl\/?s={search_term_string}\"},\"query-input\":{\"@type\":\"PropertyValueSpecification\",\"valueRequired\":true,\"valueName\":\"search_term_string\"}}],\"inLanguage\":\"eu\"},{\"@type\":\"Organization\",\"@id\":\"https:\/\/assitej.culturaescenica.es\/gl\/#organization\",\"name\":\"ASSITEJ Espa\u00f1a\",\"url\":\"https:\/\/assitej.culturaescenica.es\/gl\/\",\"logo\":{\"@type\":\"ImageObject\",\"inLanguage\":\"eu\",\"@id\":\"https:\/\/assitej.culturaescenica.es\/gl\/#\/schema\/logo\/image\/\",\"url\":\"https:\/\/assitej.es\/wp-content\/uploads\/Logo_ASSITEJ_Espana.RGB_2-1.png\",\"contentUrl\":\"https:\/\/assitej.es\/wp-content\/uploads\/Logo_ASSITEJ_Espana.RGB_2-1.png\",\"width\":4934,\"height\":2287,\"caption\":\"ASSITEJ Espa\u00f1a\"},\"image\":{\"@id\":\"https:\/\/assitej.culturaescenica.es\/gl\/#\/schema\/logo\/image\/\"},\"sameAs\":[\"https:\/\/www.facebook.com\/assitejespana\/\",\"https:\/\/x.com\/AssitejEspana\",\"https:\/\/www.youtube.com\/channel\/UCv-2SDBzEmyORL5tPvsYgMw\"]}]}<\/script>\n<!-- \/ Yoast SEO plugin. -->","yoast_head_json":{"title":"M (Munstroa) - ASSITEJ Espainia","robots":{"index":"index","follow":"follow","max-snippet":"max-snippet:-1","max-image-preview":"max-image-preview:large","max-video-preview":"max-video-preview:-1"},"canonical":"https:\/\/assitej.culturaescenica.es\/eu\/editorial-assitej\/lola-fernandez-de-sevilla\/m-monstruo\/","og_locale":"en_US","og_type":"article","og_title":"M (Monstruo) - ASSITEJ Espa\u00f1a","og_description":"Mam\u00e1 y Pap\u00e1 esperan con ilusi\u00f3n la llegada de su beb\u00e9. Pero M, que recibe este nombre con forma de onomatopeya a falta de otro que le encaje mejor, es un beb\u00e9 de tez rugosa al que no apetece acariciar. Tampoco es sonrosado, sino parduzco y peludo. Adem\u00e1s, grita y gru\u00f1e sin parar, se niega a tomar leche, a ba\u00f1arse o a dormir con las est\u00fapidas nanas que le colocan cerca de la cuna. Para sorpresa de sus padres, M es una criatura salvaje e ind\u00f3mita con una visi\u00f3n muy particular del mundo que le rodea. En esta tesitura, los padres se plantean si tomaron la decisi\u00f3n correcta\u2026","og_url":"https:\/\/assitej.culturaescenica.es\/eu\/editorial-assitej\/lola-fernandez-de-sevilla\/m-monstruo\/","og_site_name":"ASSITEJ Espa\u00f1a","article_publisher":"https:\/\/www.facebook.com\/assitejespana\/","article_modified_time":"2025-01-27T09:30:32+00:00","og_image":[{"width":1133,"height":1600,"url":"https:\/\/assitej.culturaescenica.es\/wp-content\/uploads\/Portada-M-Monstruo-scaled-1-jpg.webp","type":"image\/jpeg"}],"twitter_card":"summary_large_image","twitter_site":"@AssitejEspana","twitter_misc":{"Est. reading time":"1 minutua"},"schema":{"@context":"https:\/\/schema.org","@graph":[{"@type":"WebPage","@id":"https:\/\/assitej.culturaescenica.es\/eu\/editorial-assitej\/lola-fernandez-de-sevilla\/m-monstruo\/","url":"https:\/\/assitej.culturaescenica.es\/eu\/editorial-assitej\/lola-fernandez-de-sevilla\/m-monstruo\/","name":"M (Munstroa) - ASSITEJ Espainia","isPartOf":{"@id":"https:\/\/assitej.culturaescenica.es\/gl\/#website"},"primaryImageOfPage":{"@id":"https:\/\/assitej.culturaescenica.es\/eu\/editorial-assitej\/lola-fernandez-de-sevilla\/m-monstruo\/#primaryimage"},"image":{"@id":"https:\/\/assitej.culturaescenica.es\/eu\/editorial-assitej\/lola-fernandez-de-sevilla\/m-monstruo\/#primaryimage"},"thumbnailUrl":"https:\/\/assitej.culturaescenica.es\/wp-content\/uploads\/Portada-M-Monstruo-scaled-1-jpg.webp","datePublished":"2024-12-12T06:38:05+00:00","dateModified":"2025-01-27T09:30:32+00:00","breadcrumb":{"@id":"https:\/\/assitej.culturaescenica.es\/eu\/editorial-assitej\/lola-fernandez-de-sevilla\/m-monstruo\/#breadcrumb"},"inLanguage":"eu","potentialAction":[{"@type":"ReadAction","target":["https:\/\/assitej.culturaescenica.es\/eu\/editorial-assitej\/lola-fernandez-de-sevilla\/m-monstruo\/"]}]},{"@type":"ImageObject","inLanguage":"eu","@id":"https:\/\/assitej.culturaescenica.es\/eu\/editorial-assitej\/lola-fernandez-de-sevilla\/m-monstruo\/#primaryimage","url":"https:\/\/assitej.culturaescenica.es\/wp-content\/uploads\/Portada-M-Monstruo-scaled-1-jpg.webp","contentUrl":"https:\/\/assitej.culturaescenica.es\/wp-content\/uploads\/Portada-M-Monstruo-scaled-1-jpg.webp","width":1133,"height":1600},{"@type":"BreadcrumbList","@id":"https:\/\/assitej.culturaescenica.es\/eu\/editorial-assitej\/lola-fernandez-de-sevilla\/m-monstruo\/#breadcrumb","itemListElement":[{"@type":"ListItem","position":1,"name":"Portada","item":"https:\/\/assitej.culturaescenica.es\/gl\/"},{"@type":"ListItem","position":2,"name":"Editorial Assitej","item":"https:\/\/assitej.culturaescenica.es\/es_es\/editorial-assitej\/"},{"@type":"ListItem","position":3,"name":"M (Monstruo)"}]},{"@type":"WebSite","@id":"https:\/\/assitej.culturaescenica.es\/gl\/#website","url":"https:\/\/assitej.culturaescenica.es\/gl\/","name":"ASSITEJ Espainia","description":"HAUR ETA GAZTEENTZAT ARTE PRESTAZIOAK","publisher":{"@id":"https:\/\/assitej.culturaescenica.es\/gl\/#organization"},"potentialAction":[{"@type":"SearchAction","target":{"@type":"EntryPoint","urlTemplate":"https:\/\/assitej.culturaescenica.es\/gl\/?s={search_term_string}"},"query-input":{"@type":"PropertyValueSpecification","valueRequired":true,"valueName":"search_term_string"}}],"inLanguage":"eu"},{"@type":"Organization","@id":"https:\/\/assitej.culturaescenica.es\/gl\/#organization","name":"ASSITEJ Espainia","url":"https:\/\/assitej.culturaescenica.es\/gl\/","logo":{"@type":"ImageObject","inLanguage":"eu","@id":"https:\/\/assitej.culturaescenica.es\/gl\/#\/schema\/logo\/image\/","url":"https:\/\/assitej.es\/wp-content\/uploads\/Logo_ASSITEJ_Espana.RGB_2-1.png","contentUrl":"https:\/\/assitej.es\/wp-content\/uploads\/Logo_ASSITEJ_Espana.RGB_2-1.png","width":4934,"height":2287,"caption":"ASSITEJ Espa\u00f1a"},"image":{"@id":"https:\/\/assitej.culturaescenica.es\/gl\/#\/schema\/logo\/image\/"},"sameAs":["https:\/\/www.facebook.com\/assitejespana\/","https:\/\/x.com\/AssitejEspana","https:\/\/www.youtube.com\/channel\/UCv-2SDBzEmyORL5tPvsYgMw"]}]}},"_links":{"self":[{"href":"https:\/\/assitej.culturaescenica.es\/eu\/wp-json\/wp\/v2\/product\/24147","targetHints":{"allow":["GET"]}}],"collection":[{"href":"https:\/\/assitej.culturaescenica.es\/eu\/wp-json\/wp\/v2\/product"}],"about":[{"href":"https:\/\/assitej.culturaescenica.es\/eu\/wp-json\/wp\/v2\/types\/product"}],"wp:featuredmedia":[{"embeddable":true,"href":"https:\/\/assitej.culturaescenica.es\/eu\/wp-json\/wp\/v2\/media\/24148"}],"wp:attachment":[{"href":"https:\/\/assitej.culturaescenica.es\/eu\/wp-json\/wp\/v2\/media?parent=24147"}],"wp:term":[{"taxonomy":"product_brand","embeddable":true,"href":"https:\/\/assitej.culturaescenica.es\/eu\/wp-json\/wp\/v2\/product_brand?post=24147"},{"taxonomy":"product_cat","embeddable":true,"href":"https:\/\/assitej.culturaescenica.es\/eu\/wp-json\/wp\/v2\/product_cat?post=24147"},{"taxonomy":"product_tag","embeddable":true,"href":"https:\/\/assitej.culturaescenica.es\/eu\/wp-json\/wp\/v2\/product_tag?post=24147"}],"curies":[{"name":"wp","href":"https:\/\/api.w.org\/{rel}","templated":true}]}}