{"id":11316,"date":"2022-12-22T11:38:02","date_gmt":"2022-12-22T10:38:02","guid":{"rendered":"https:\/\/www.assitej.net\/?post_type=product&#038;p=11316"},"modified":"2025-05-19T07:43:36","modified_gmt":"2025-05-19T05:43:36","slug":"beautiful-julia","status":"publish","type":"product","link":"https:\/\/assitej.culturaescenica.es\/eu\/editorial-assitej\/maribel-carrasco\/beautiful-julia\/","title":{"rendered":"Ederra Julia"},"content":{"rendered":"<p>Eskolako bizitza ez da inoiz erraza. Baina Trash ere esaten badizute eta ezin badiozu inori esan Julia zarela; dena askoz konplikatuagoa bihurtzen da. Maribel Carrascok, haurrentzako antzerkiko ahots nabarmenetako batek, errealitate latz eta barkaezina aurkezten digu Julia Ederra filmean. Juliak bere istorioa kontatzen digu. Eskolako jazarpenei, gurasoei eta irakasleei aurre egiten dien neska trans baten istorioa, bere burua den bezala onartzeko.<br \/>\nMaribel Carrascok, Neska eta Mutilek egindako Antzerkiaren Bilera Nazionalean (Mexiko) parte hartu zuenean egindako elkarrizketa batean, honakoa esan zuen: &quot;Ez dugu zertan sinetsi behar zerbait hezi edo irakatsiko dugula, baizik eta haien eta gure arteko komunikazio puntua aurkitu. Umeekin lan egitean aurrean dugun gauzetako bat da, haiekin, mundua irakurtzeko modu bat aurkitzea, hau da, ez geure irakurketa, partekatua baizik, errealitatea interpretatzeko narrazio berriak aurki ditzakegun.<br \/>\nNazioarteko Bildumako liburu honekin, ASSITEJk haur, gazte eta helduen eskura jartzen du inguratzen gaituen munduari aurre egiten eta ulertzen lagunduko digun testu berri bat. ASSITEJk Maribel Carrascoren *Los cuervos no se peinan* lana ere argitaratu du.<\/p>","protected":false},"excerpt":{"rendered":"<p>Eskolako bizitza ez da inoiz erraza. Baina Trash ere esaten badizute eta ezin badiozu inori esan Julia zarela; dena askoz konplikatuagoa bihurtzen da. Maribel Carrascok, haurrentzako antzerkiko ahots nabarmenetako batek, errealitate latz eta barkaezina aurkezten digu Julia Ederra filmean. Juliak bere istorioa kontatzen digu. Eskolako jazarpenei, gurasoei eta irakasleei aurre egiten dien neska trans baten istorioa, bere burua den bezala onartzeko.<br \/>\nMaribel Carrascok, Neska eta Mutilek egindako Antzerkiaren Bilera Nazionalean (Mexiko) parte hartu zuenean egindako elkarrizketa batean, honakoa esan zuen: &quot;Ez dugu zertan sinetsi behar zerbait hezi edo irakatsiko dugula, baizik eta haien eta gure arteko komunikazio puntua aurkitu. Umeekin lan egitean aurrean dugun gauzetako bat da, haiekin, mundua irakurtzeko modu bat aurkitzea, hau da, ez geure irakurketa, partekatua baizik, errealitatea interpretatzeko narrazio berriak aurki ditzakegun.<br \/>\nNazioarteko Bildumako liburu honekin, ASSITEJk haur, gazte eta helduen eskura jartzen du inguratzen gaituen munduari aurre egiten eta ulertzen lagunduko digun testu berri bat. ASSITEJk Maribel Carrascoren *Los cuervos no se peinan* lana ere argitaratu du.<\/p>","protected":false},"featured_media":24367,"template":"","meta":{"_acf_changed":false,"_links_to":"","_links_to_target":""},"product_brand":[2699],"product_cat":[2467],"product_tag":[122],"class_list":{"0":"post-11316","1":"product","2":"type-product","3":"status-publish","4":"has-post-thumbnail","6":"product_brand-assitej","7":"product_cat-maribel-carrasco","8":"product_tag-coleccion-internacional","9":"product_shipping_class-libro","10":"infinite-scroll-item","11":"","12":"woocommerce-text-align-left","13":"woocommerce-image-align-center","14":"do-quantity-buttons","16":"first","17":"instock","18":"taxable","19":"shipping-taxable","20":"purchasable","21":"product-type-simple"},"acf":[],"yoast_head":"<!-- This site is optimized with the Yoast SEO plugin v27.1.1 - https:\/\/yoast.com\/product\/yoast-seo-wordpress\/ -->\n<title>Beautiful Julia - ASSITEJ Espa\u00f1a<\/title>\n<meta name=\"description\" content=\"Maribel Carrasco, una de las voces m\u00e1s sobresalientes del teatro para ni\u00f1os y ni\u00f1as, nos presenta en Beatiful Julia una realidad dura y nada condescendiente. Julia nos cuenta su propia historia. La historia de una chica trans que se enfrenta a los matones del colegio, padres y profesores, para conseguir aceptarse tal y como es.\" \/>\n<meta name=\"robots\" content=\"index, follow, max-snippet:-1, max-image-preview:large, max-video-preview:-1\" \/>\n<link rel=\"canonical\" href=\"https:\/\/assitej.culturaescenica.es\/eu\/editorial-assitej\/maribel-carrasco\/beautiful-julia\/\" \/>\n<meta property=\"og:locale\" content=\"en_US\" \/>\n<meta property=\"og:type\" content=\"article\" \/>\n<meta property=\"og:title\" content=\"Beautiful Julia - ASSITEJ Espa\u00f1a\" \/>\n<meta property=\"og:description\" content=\"Maribel Carrasco, una de las voces m\u00e1s sobresalientes del teatro para ni\u00f1os y ni\u00f1as, nos presenta en Beatiful Julia una realidad dura y nada condescendiente. Julia nos cuenta su propia historia. La historia de una chica trans que se enfrenta a los matones del colegio, padres y profesores, para conseguir aceptarse tal y como es.\" \/>\n<meta property=\"og:url\" content=\"https:\/\/assitej.culturaescenica.es\/eu\/editorial-assitej\/maribel-carrasco\/beautiful-julia\/\" \/>\n<meta property=\"og:site_name\" content=\"ASSITEJ Espa\u00f1a\" \/>\n<meta property=\"article:publisher\" content=\"https:\/\/www.facebook.com\/assitejespana\/\" \/>\n<meta property=\"article:modified_time\" content=\"2025-05-19T05:43:36+00:00\" \/>\n<meta property=\"og:image\" content=\"https:\/\/assitej.culturaescenica.es\/wp-content\/uploads\/Beautiful_Julia_Cubierta1-1-jpg.webp\" \/>\n\t<meta property=\"og:image:width\" content=\"600\" \/>\n\t<meta property=\"og:image:height\" content=\"869\" \/>\n\t<meta property=\"og:image:type\" content=\"image\/jpeg\" \/>\n<meta name=\"twitter:card\" content=\"summary_large_image\" \/>\n<meta name=\"twitter:site\" content=\"@AssitejEspana\" \/>\n<meta name=\"twitter:label1\" content=\"Est. reading time\" \/>\n\t<meta name=\"twitter:data1\" content=\"2 minutua\" \/>\n<script type=\"application\/ld+json\" class=\"yoast-schema-graph\">{\"@context\":\"https:\/\/schema.org\",\"@graph\":[{\"@type\":\"WebPage\",\"@id\":\"https:\/\/assitej.culturaescenica.es\/eu\/editorial-assitej\/maribel-carrasco\/beautiful-julia\/\",\"url\":\"https:\/\/assitej.culturaescenica.es\/eu\/editorial-assitej\/maribel-carrasco\/beautiful-julia\/\",\"name\":\"Beautiful Julia - ASSITEJ Espa\u00f1a\",\"isPartOf\":{\"@id\":\"https:\/\/assitej.culturaescenica.es\/gl\/#website\"},\"primaryImageOfPage\":{\"@id\":\"https:\/\/assitej.culturaescenica.es\/eu\/editorial-assitej\/maribel-carrasco\/beautiful-julia\/#primaryimage\"},\"image\":{\"@id\":\"https:\/\/assitej.culturaescenica.es\/eu\/editorial-assitej\/maribel-carrasco\/beautiful-julia\/#primaryimage\"},\"thumbnailUrl\":\"https:\/\/assitej.culturaescenica.es\/wp-content\/uploads\/Beautiful_Julia_Cubierta1-1-jpg.webp\",\"datePublished\":\"2022-12-22T10:38:02+00:00\",\"dateModified\":\"2025-05-19T05:43:36+00:00\",\"description\":\"Maribel Carrasco, una de las voces m\u00e1s sobresalientes del teatro para ni\u00f1os y ni\u00f1as, nos presenta en Beatiful Julia una realidad dura y nada condescendiente. Julia nos cuenta su propia historia. La historia de una chica trans que se enfrenta a los matones del colegio, padres y profesores, para conseguir aceptarse tal y como es.\",\"breadcrumb\":{\"@id\":\"https:\/\/assitej.culturaescenica.es\/eu\/editorial-assitej\/maribel-carrasco\/beautiful-julia\/#breadcrumb\"},\"inLanguage\":\"eu\",\"potentialAction\":[{\"@type\":\"ReadAction\",\"target\":[\"https:\/\/assitej.culturaescenica.es\/eu\/editorial-assitej\/maribel-carrasco\/beautiful-julia\/\"]}]},{\"@type\":\"ImageObject\",\"inLanguage\":\"eu\",\"@id\":\"https:\/\/assitej.culturaescenica.es\/eu\/editorial-assitej\/maribel-carrasco\/beautiful-julia\/#primaryimage\",\"url\":\"https:\/\/assitej.culturaescenica.es\/wp-content\/uploads\/Beautiful_Julia_Cubierta1-1-jpg.webp\",\"contentUrl\":\"https:\/\/assitej.culturaescenica.es\/wp-content\/uploads\/Beautiful_Julia_Cubierta1-1-jpg.webp\",\"width\":600,\"height\":869},{\"@type\":\"BreadcrumbList\",\"@id\":\"https:\/\/assitej.culturaescenica.es\/eu\/editorial-assitej\/maribel-carrasco\/beautiful-julia\/#breadcrumb\",\"itemListElement\":[{\"@type\":\"ListItem\",\"position\":1,\"name\":\"Portada\",\"item\":\"https:\/\/assitej.culturaescenica.es\/gl\/\"},{\"@type\":\"ListItem\",\"position\":2,\"name\":\"Editorial Assitej\",\"item\":\"https:\/\/assitej.culturaescenica.es\/es_es\/editorial-assitej\/\"},{\"@type\":\"ListItem\",\"position\":3,\"name\":\"Beautiful Julia\"}]},{\"@type\":\"WebSite\",\"@id\":\"https:\/\/assitej.culturaescenica.es\/gl\/#website\",\"url\":\"https:\/\/assitej.culturaescenica.es\/gl\/\",\"name\":\"ASSITEJ Espa\u00f1a\",\"description\":\"ARTES ESC\u00c9NICAS PARA LA INFANCIA Y LA JUVENTUD\",\"publisher\":{\"@id\":\"https:\/\/assitej.culturaescenica.es\/gl\/#organization\"},\"potentialAction\":[{\"@type\":\"SearchAction\",\"target\":{\"@type\":\"EntryPoint\",\"urlTemplate\":\"https:\/\/assitej.culturaescenica.es\/gl\/?s={search_term_string}\"},\"query-input\":{\"@type\":\"PropertyValueSpecification\",\"valueRequired\":true,\"valueName\":\"search_term_string\"}}],\"inLanguage\":\"eu\"},{\"@type\":\"Organization\",\"@id\":\"https:\/\/assitej.culturaescenica.es\/gl\/#organization\",\"name\":\"ASSITEJ Espa\u00f1a\",\"url\":\"https:\/\/assitej.culturaescenica.es\/gl\/\",\"logo\":{\"@type\":\"ImageObject\",\"inLanguage\":\"eu\",\"@id\":\"https:\/\/assitej.culturaescenica.es\/gl\/#\/schema\/logo\/image\/\",\"url\":\"https:\/\/assitej.es\/wp-content\/uploads\/Logo_ASSITEJ_Espana.RGB_2-1.png\",\"contentUrl\":\"https:\/\/assitej.es\/wp-content\/uploads\/Logo_ASSITEJ_Espana.RGB_2-1.png\",\"width\":4934,\"height\":2287,\"caption\":\"ASSITEJ Espa\u00f1a\"},\"image\":{\"@id\":\"https:\/\/assitej.culturaescenica.es\/gl\/#\/schema\/logo\/image\/\"},\"sameAs\":[\"https:\/\/www.facebook.com\/assitejespana\/\",\"https:\/\/x.com\/AssitejEspana\",\"https:\/\/www.youtube.com\/channel\/UCv-2SDBzEmyORL5tPvsYgMw\"]}]}<\/script>\n<!-- \/ Yoast SEO plugin. -->","yoast_head_json":{"title":"Ederra Julia - ASSITEJ Espainia","description":"Maribel Carrasco, una de las voces m\u00e1s sobresalientes del teatro para ni\u00f1os y ni\u00f1as, nos presenta en Beatiful Julia una realidad dura y nada condescendiente. Julia nos cuenta su propia historia. La historia de una chica trans que se enfrenta a los matones del colegio, padres y profesores, para conseguir aceptarse tal y como es.","robots":{"index":"index","follow":"follow","max-snippet":"max-snippet:-1","max-image-preview":"max-image-preview:large","max-video-preview":"max-video-preview:-1"},"canonical":"https:\/\/assitej.culturaescenica.es\/eu\/editorial-assitej\/maribel-carrasco\/beautiful-julia\/","og_locale":"en_US","og_type":"article","og_title":"Beautiful Julia - ASSITEJ Espa\u00f1a","og_description":"Maribel Carrasco, una de las voces m\u00e1s sobresalientes del teatro para ni\u00f1os y ni\u00f1as, nos presenta en Beatiful Julia una realidad dura y nada condescendiente. Julia nos cuenta su propia historia. La historia de una chica trans que se enfrenta a los matones del colegio, padres y profesores, para conseguir aceptarse tal y como es.","og_url":"https:\/\/assitej.culturaescenica.es\/eu\/editorial-assitej\/maribel-carrasco\/beautiful-julia\/","og_site_name":"ASSITEJ Espa\u00f1a","article_publisher":"https:\/\/www.facebook.com\/assitejespana\/","article_modified_time":"2025-05-19T05:43:36+00:00","og_image":[{"width":600,"height":869,"url":"https:\/\/assitej.culturaescenica.es\/wp-content\/uploads\/Beautiful_Julia_Cubierta1-1-jpg.webp","type":"image\/jpeg"}],"twitter_card":"summary_large_image","twitter_site":"@AssitejEspana","twitter_misc":{"Est. reading time":"2 minutua"},"schema":{"@context":"https:\/\/schema.org","@graph":[{"@type":"WebPage","@id":"https:\/\/assitej.culturaescenica.es\/eu\/editorial-assitej\/maribel-carrasco\/beautiful-julia\/","url":"https:\/\/assitej.culturaescenica.es\/eu\/editorial-assitej\/maribel-carrasco\/beautiful-julia\/","name":"Ederra Julia - ASSITEJ Espainia","isPartOf":{"@id":"https:\/\/assitej.culturaescenica.es\/gl\/#website"},"primaryImageOfPage":{"@id":"https:\/\/assitej.culturaescenica.es\/eu\/editorial-assitej\/maribel-carrasco\/beautiful-julia\/#primaryimage"},"image":{"@id":"https:\/\/assitej.culturaescenica.es\/eu\/editorial-assitej\/maribel-carrasco\/beautiful-julia\/#primaryimage"},"thumbnailUrl":"https:\/\/assitej.culturaescenica.es\/wp-content\/uploads\/Beautiful_Julia_Cubierta1-1-jpg.webp","datePublished":"2022-12-22T10:38:02+00:00","dateModified":"2025-05-19T05:43:36+00:00","description":"Maribel Carrasco, una de las voces m\u00e1s sobresalientes del teatro para ni\u00f1os y ni\u00f1as, nos presenta en Beatiful Julia una realidad dura y nada condescendiente. Julia nos cuenta su propia historia. La historia de una chica trans que se enfrenta a los matones del colegio, padres y profesores, para conseguir aceptarse tal y como es.","breadcrumb":{"@id":"https:\/\/assitej.culturaescenica.es\/eu\/editorial-assitej\/maribel-carrasco\/beautiful-julia\/#breadcrumb"},"inLanguage":"eu","potentialAction":[{"@type":"ReadAction","target":["https:\/\/assitej.culturaescenica.es\/eu\/editorial-assitej\/maribel-carrasco\/beautiful-julia\/"]}]},{"@type":"ImageObject","inLanguage":"eu","@id":"https:\/\/assitej.culturaescenica.es\/eu\/editorial-assitej\/maribel-carrasco\/beautiful-julia\/#primaryimage","url":"https:\/\/assitej.culturaescenica.es\/wp-content\/uploads\/Beautiful_Julia_Cubierta1-1-jpg.webp","contentUrl":"https:\/\/assitej.culturaescenica.es\/wp-content\/uploads\/Beautiful_Julia_Cubierta1-1-jpg.webp","width":600,"height":869},{"@type":"BreadcrumbList","@id":"https:\/\/assitej.culturaescenica.es\/eu\/editorial-assitej\/maribel-carrasco\/beautiful-julia\/#breadcrumb","itemListElement":[{"@type":"ListItem","position":1,"name":"Portada","item":"https:\/\/assitej.culturaescenica.es\/gl\/"},{"@type":"ListItem","position":2,"name":"Editorial Assitej","item":"https:\/\/assitej.culturaescenica.es\/es_es\/editorial-assitej\/"},{"@type":"ListItem","position":3,"name":"Beautiful Julia"}]},{"@type":"WebSite","@id":"https:\/\/assitej.culturaescenica.es\/gl\/#website","url":"https:\/\/assitej.culturaescenica.es\/gl\/","name":"ASSITEJ Espainia","description":"HAUR ETA GAZTEENTZAT ARTE PRESTAZIOAK","publisher":{"@id":"https:\/\/assitej.culturaescenica.es\/gl\/#organization"},"potentialAction":[{"@type":"SearchAction","target":{"@type":"EntryPoint","urlTemplate":"https:\/\/assitej.culturaescenica.es\/gl\/?s={search_term_string}"},"query-input":{"@type":"PropertyValueSpecification","valueRequired":true,"valueName":"search_term_string"}}],"inLanguage":"eu"},{"@type":"Organization","@id":"https:\/\/assitej.culturaescenica.es\/gl\/#organization","name":"ASSITEJ Espainia","url":"https:\/\/assitej.culturaescenica.es\/gl\/","logo":{"@type":"ImageObject","inLanguage":"eu","@id":"https:\/\/assitej.culturaescenica.es\/gl\/#\/schema\/logo\/image\/","url":"https:\/\/assitej.es\/wp-content\/uploads\/Logo_ASSITEJ_Espana.RGB_2-1.png","contentUrl":"https:\/\/assitej.es\/wp-content\/uploads\/Logo_ASSITEJ_Espana.RGB_2-1.png","width":4934,"height":2287,"caption":"ASSITEJ Espa\u00f1a"},"image":{"@id":"https:\/\/assitej.culturaescenica.es\/gl\/#\/schema\/logo\/image\/"},"sameAs":["https:\/\/www.facebook.com\/assitejespana\/","https:\/\/x.com\/AssitejEspana","https:\/\/www.youtube.com\/channel\/UCv-2SDBzEmyORL5tPvsYgMw"]}]}},"_links":{"self":[{"href":"https:\/\/assitej.culturaescenica.es\/eu\/wp-json\/wp\/v2\/product\/11316","targetHints":{"allow":["GET"]}}],"collection":[{"href":"https:\/\/assitej.culturaescenica.es\/eu\/wp-json\/wp\/v2\/product"}],"about":[{"href":"https:\/\/assitej.culturaescenica.es\/eu\/wp-json\/wp\/v2\/types\/product"}],"wp:featuredmedia":[{"embeddable":true,"href":"https:\/\/assitej.culturaescenica.es\/eu\/wp-json\/wp\/v2\/media\/24367"}],"wp:attachment":[{"href":"https:\/\/assitej.culturaescenica.es\/eu\/wp-json\/wp\/v2\/media?parent=11316"}],"wp:term":[{"taxonomy":"product_brand","embeddable":true,"href":"https:\/\/assitej.culturaescenica.es\/eu\/wp-json\/wp\/v2\/product_brand?post=11316"},{"taxonomy":"product_cat","embeddable":true,"href":"https:\/\/assitej.culturaescenica.es\/eu\/wp-json\/wp\/v2\/product_cat?post=11316"},{"taxonomy":"product_tag","embeddable":true,"href":"https:\/\/assitej.culturaescenica.es\/eu\/wp-json\/wp\/v2\/product_tag?post=11316"}],"curies":[{"name":"wp","href":"https:\/\/api.w.org\/{rel}","templated":true}]}}