{"id":10675,"date":"2020-12-21T16:03:16","date_gmt":"2020-12-21T15:03:16","guid":{"rendered":"https:\/\/www.assitej.net\/?post_type=product&#038;p=10675"},"modified":"2025-05-05T16:02:09","modified_gmt":"2025-05-05T14:02:09","slug":"la-siembra-de-los-numeros-de-nieves-rodriguez-rodriguez","status":"publish","type":"product","link":"https:\/\/assitej.culturaescenica.es\/eu\/editorial-assitej\/nieves-rodriguez-rodriguez\/la-siembra-de-los-numeros-de-nieves-rodriguez-rodriguez\/","title":{"rendered":"Zenbakien ereintza, Nieves Rodr\u00edguez Rodriguezen eskutik"},"content":{"rendered":"<h1 data-no-auto-translation=\"\">La siembra de los n\u00fameros, de Nieves Rodr\u00edguez Rodr\u00edguez<\/h1>\n<h3>Obra ganadora del XXIX Concurso de textos teatrales dirigidos a p\u00fablico infantil de la Escuela Navarra de Teatro<\/h3>\n<p>Lambayeque eskualdea, Peru. Maria eta Eli kotoi soro batean bizi dira: han lan egiten dute eta nagusiaren presentzia jasaten dute. Bitartean, etorkizuneko ametsak elikatzen dituzte. Eliren ametsa itsasora heltzea eta, handik, Europara bidaiatzea zen. Mariarena, matematika ikasten. Zenbakien ereitea da bi neska hauen istorioa, haien ametsen ereitearen istorioa, Nieves Rodr\u00edguez Rodr\u00edguezen dramaturgian, zenbakien forma eta perfekzioa duena. Gurutzen diren bi bideren istorioa ere bada, eta adiskidetasunak nola eraldatzen dituen haien ibilbideak: inguratzen dituen kotoitik haratago amesten duten bi neskaren istorioa.<\/p>\n<p><em>Zenbakien ereitea<\/em> Zenbakiak ereitea da Nafarroako Antzerki Eskolako haur ikusleei zuzendutako Antzerki Testuen XXIX. Lehiaketako testu irabazlea, eta Adiskidetasunaren Trilogiaren hirugarren zatia, aurretik Haziak iltze azpian (INAEMen Egungo Dramaturgia Bekaren Garapenerako IV. Programa 2015ean) eta Zer datorren AE 270 Etxera. Ipuin honetako kotoiak bezala marrazten bezain laztantzen duten nesken esperantzazko abestia.<\/p>","protected":false},"excerpt":{"rendered":"<p>Lambayeque eskualdea, Peru. Maria eta Eli kotoi soro batean bizi dira: han lan egiten dute eta nagusiaren presentzia jasaten dute. Bitartean, etorkizuneko ametsak elikatzen dituzte. Eliren ametsa itsasora heltzea eta, handik, Europara bidaiatzea zen. Mariarena, matematika ikasten. Zenbakien ereitea da bi neska hauen istorioa, haien ametsen ereitearen istorioa, Nieves Rodr\u00edguez Rodr\u00edguezen dramaturgian, zenbakien forma eta perfekzioa duena. Gurutzen diren bi bideren istorioa ere bada, eta adiskidetasunak nola eraldatzen dituen haien ibilbideak: inguratzen dituen kotoitik haratago amesten duten bi neskaren istorioa.<\/p>\n<p>Zenbakiak ereitea da Nafarroako Antzerki Eskolako haur ikusleei zuzendutako Antzerki Testuen XXIX. Lehiaketako testu irabazlea, eta Adiskidetasunaren Trilogiaren hirugarren zatia, aurretik Haziak iltze azpian (INAEMen Egungo Dramaturgia Bekaren Garapenerako IV. Programa 2015ean) eta Zer datorren AE 270 Etxera. Ipuin honetako kotoiak bezala marrazten bezain laztantzen duten nesken esperantzazko abestia.<\/p>","protected":false},"featured_media":24361,"template":"","meta":{"_acf_changed":false,"_links_to":"","_links_to_target":""},"product_brand":[],"product_cat":[2486],"product_tag":[67,2487],"class_list":{"0":"post-10675","1":"product","2":"type-product","3":"status-publish","4":"has-post-thumbnail","6":"product_cat-nieves-rodriguez-rodriguez","7":"product_tag-coleccion-teatro","8":"product_tag-nieves-rodriguez-rodriguez","9":"infinite-scroll-item","10":"","11":"woocommerce-text-align-left","12":"woocommerce-image-align-center","13":"do-quantity-buttons","15":"first","16":"instock","17":"taxable","18":"shipping-taxable","19":"purchasable","20":"product-type-simple"},"acf":[],"yoast_head":"<!-- This site is optimized with the Yoast SEO plugin v27.1.1 - https:\/\/yoast.com\/product\/yoast-seo-wordpress\/ -->\n<title>La siembra de los n\u00fameros, de Nieves Rodr\u00edguez Rodr\u00edguez | ASSITEJ<\/title>\n<meta name=\"description\" content=\"Regi\u00f3n de Lambayeque, Per\u00fa. Mar\u00eda y Eli viven en un campo de algod\u00f3n: all\u00ed trabajan y sufren la presencia del patr\u00f3n. Mientras, alimentan sue\u00f1os de futuro. El de Eli, llegar al mar y, desde all\u00ed, viajar a Europa. El de Mar\u00eda, aprender matem\u00e1ticas.\" \/>\n<meta name=\"robots\" content=\"index, follow, max-snippet:-1, max-image-preview:large, max-video-preview:-1\" \/>\n<link rel=\"canonical\" href=\"https:\/\/assitej.culturaescenica.es\/eu\/editorial-assitej\/nieves-rodriguez-rodriguez\/la-siembra-de-los-numeros-de-nieves-rodriguez-rodriguez\/\" \/>\n<meta property=\"og:locale\" content=\"en_US\" \/>\n<meta property=\"og:type\" content=\"article\" \/>\n<meta property=\"og:title\" content=\"La siembra de los n\u00fameros, de Nieves Rodr\u00edguez Rodr\u00edguez | ASSITEJ\" \/>\n<meta property=\"og:description\" content=\"Regi\u00f3n de Lambayeque, Per\u00fa. Mar\u00eda y Eli viven en un campo de algod\u00f3n: all\u00ed trabajan y sufren la presencia del patr\u00f3n. Mientras, alimentan sue\u00f1os de futuro. El de Eli, llegar al mar y, desde all\u00ed, viajar a Europa. El de Mar\u00eda, aprender matem\u00e1ticas.\" \/>\n<meta property=\"og:url\" content=\"https:\/\/assitej.culturaescenica.es\/eu\/editorial-assitej\/nieves-rodriguez-rodriguez\/la-siembra-de-los-numeros-de-nieves-rodriguez-rodriguez\/\" \/>\n<meta property=\"og:site_name\" content=\"ASSITEJ Espa\u00f1a\" \/>\n<meta property=\"article:publisher\" content=\"https:\/\/www.facebook.com\/assitejespana\/\" \/>\n<meta property=\"article:modified_time\" content=\"2025-05-05T14:02:09+00:00\" \/>\n<meta property=\"og:image\" content=\"https:\/\/assitej.culturaescenica.es\/wp-content\/uploads\/Siembra_portada-1-jpg.webp\" \/>\n\t<meta property=\"og:image:width\" content=\"1086\" \/>\n\t<meta property=\"og:image:height\" content=\"1600\" \/>\n\t<meta property=\"og:image:type\" content=\"image\/jpeg\" \/>\n<meta name=\"twitter:card\" content=\"summary_large_image\" \/>\n<meta name=\"twitter:site\" content=\"@AssitejEspana\" \/>\n<meta name=\"twitter:label1\" content=\"Est. reading time\" \/>\n\t<meta name=\"twitter:data1\" content=\"1 minutua\" \/>\n<script type=\"application\/ld+json\" class=\"yoast-schema-graph\">{\"@context\":\"https:\/\/schema.org\",\"@graph\":[{\"@type\":\"WebPage\",\"@id\":\"https:\/\/assitej.culturaescenica.es\/editorial-assitej\/nieves-rodriguez-rodriguez\/la-siembra-de-los-numeros-de-nieves-rodriguez-rodriguez\/\",\"url\":\"https:\/\/assitej.culturaescenica.es\/editorial-assitej\/nieves-rodriguez-rodriguez\/la-siembra-de-los-numeros-de-nieves-rodriguez-rodriguez\/\",\"name\":\"La siembra de los n\u00fameros, de Nieves Rodr\u00edguez Rodr\u00edguez | ASSITEJ\",\"isPartOf\":{\"@id\":\"https:\/\/assitej.culturaescenica.es\/gl\/#website\"},\"primaryImageOfPage\":{\"@id\":\"https:\/\/assitej.culturaescenica.es\/editorial-assitej\/nieves-rodriguez-rodriguez\/la-siembra-de-los-numeros-de-nieves-rodriguez-rodriguez\/#primaryimage\"},\"image\":{\"@id\":\"https:\/\/assitej.culturaescenica.es\/editorial-assitej\/nieves-rodriguez-rodriguez\/la-siembra-de-los-numeros-de-nieves-rodriguez-rodriguez\/#primaryimage\"},\"thumbnailUrl\":\"https:\/\/assitej.culturaescenica.es\/wp-content\/uploads\/Siembra_portada-1-jpg.webp\",\"datePublished\":\"2020-12-21T15:03:16+00:00\",\"dateModified\":\"2025-05-05T14:02:09+00:00\",\"description\":\"Regi\u00f3n de Lambayeque, Per\u00fa. Mar\u00eda y Eli viven en un campo de algod\u00f3n: all\u00ed trabajan y sufren la presencia del patr\u00f3n. Mientras, alimentan sue\u00f1os de futuro. El de Eli, llegar al mar y, desde all\u00ed, viajar a Europa. El de Mar\u00eda, aprender matem\u00e1ticas.\",\"breadcrumb\":{\"@id\":\"https:\/\/assitej.culturaescenica.es\/editorial-assitej\/nieves-rodriguez-rodriguez\/la-siembra-de-los-numeros-de-nieves-rodriguez-rodriguez\/#breadcrumb\"},\"inLanguage\":\"eu\",\"potentialAction\":[{\"@type\":\"ReadAction\",\"target\":[\"https:\/\/assitej.culturaescenica.es\/editorial-assitej\/nieves-rodriguez-rodriguez\/la-siembra-de-los-numeros-de-nieves-rodriguez-rodriguez\/\"]}]},{\"@type\":\"ImageObject\",\"inLanguage\":\"eu\",\"@id\":\"https:\/\/assitej.culturaescenica.es\/editorial-assitej\/nieves-rodriguez-rodriguez\/la-siembra-de-los-numeros-de-nieves-rodriguez-rodriguez\/#primaryimage\",\"url\":\"https:\/\/assitej.culturaescenica.es\/wp-content\/uploads\/Siembra_portada-1-jpg.webp\",\"contentUrl\":\"https:\/\/assitej.culturaescenica.es\/wp-content\/uploads\/Siembra_portada-1-jpg.webp\",\"width\":1086,\"height\":1600},{\"@type\":\"BreadcrumbList\",\"@id\":\"https:\/\/assitej.culturaescenica.es\/editorial-assitej\/nieves-rodriguez-rodriguez\/la-siembra-de-los-numeros-de-nieves-rodriguez-rodriguez\/#breadcrumb\",\"itemListElement\":[{\"@type\":\"ListItem\",\"position\":1,\"name\":\"Portada\",\"item\":\"https:\/\/assitej.culturaescenica.es\/gl\/\"},{\"@type\":\"ListItem\",\"position\":2,\"name\":\"Editorial Assitej\",\"item\":\"https:\/\/assitej.culturaescenica.es\/es_es\/editorial-assitej\/\"},{\"@type\":\"ListItem\",\"position\":3,\"name\":\"La siembra de los n\u00fameros, de Nieves Rodr\u00edguez Rodr\u00edguez\"}]},{\"@type\":\"WebSite\",\"@id\":\"https:\/\/assitej.culturaescenica.es\/gl\/#website\",\"url\":\"https:\/\/assitej.culturaescenica.es\/gl\/\",\"name\":\"ASSITEJ Espa\u00f1a\",\"description\":\"ARTES ESC\u00c9NICAS PARA LA INFANCIA Y LA JUVENTUD\",\"publisher\":{\"@id\":\"https:\/\/assitej.culturaescenica.es\/gl\/#organization\"},\"potentialAction\":[{\"@type\":\"SearchAction\",\"target\":{\"@type\":\"EntryPoint\",\"urlTemplate\":\"https:\/\/assitej.culturaescenica.es\/gl\/?s={search_term_string}\"},\"query-input\":{\"@type\":\"PropertyValueSpecification\",\"valueRequired\":true,\"valueName\":\"search_term_string\"}}],\"inLanguage\":\"eu\"},{\"@type\":\"Organization\",\"@id\":\"https:\/\/assitej.culturaescenica.es\/gl\/#organization\",\"name\":\"ASSITEJ Espa\u00f1a\",\"url\":\"https:\/\/assitej.culturaescenica.es\/gl\/\",\"logo\":{\"@type\":\"ImageObject\",\"inLanguage\":\"eu\",\"@id\":\"https:\/\/assitej.culturaescenica.es\/gl\/#\/schema\/logo\/image\/\",\"url\":\"https:\/\/assitej.es\/wp-content\/uploads\/Logo_ASSITEJ_Espana.RGB_2-1.png\",\"contentUrl\":\"https:\/\/assitej.es\/wp-content\/uploads\/Logo_ASSITEJ_Espana.RGB_2-1.png\",\"width\":4934,\"height\":2287,\"caption\":\"ASSITEJ Espa\u00f1a\"},\"image\":{\"@id\":\"https:\/\/assitej.culturaescenica.es\/gl\/#\/schema\/logo\/image\/\"},\"sameAs\":[\"https:\/\/www.facebook.com\/assitejespana\/\",\"https:\/\/x.com\/AssitejEspana\",\"https:\/\/www.youtube.com\/channel\/UCv-2SDBzEmyORL5tPvsYgMw\"]}]}<\/script>\n<!-- \/ Yoast SEO plugin. -->","yoast_head_json":{"title":"Zenbakien ereitea, Nieves Rodr\u00edguez Rodr\u00edguez | ASSITEJ","description":"Lambayeque eskualdea, Peru. Maria eta Eli kotoi soro batean bizi dira: han lan egiten dute eta nagusiaren presentzia jasaten dute. Bitartean, etorkizuneko ametsak elikatzen dituzte. Eliren ametsa itsasora heltzea eta, handik, Europara bidaiatzea zen. Mariarena, matematika ikasten.","robots":{"index":"index","follow":"follow","max-snippet":"max-snippet:-1","max-image-preview":"max-image-preview:large","max-video-preview":"max-video-preview:-1"},"canonical":"https:\/\/assitej.culturaescenica.es\/eu\/editorial-assitej\/nieves-rodriguez-rodriguez\/la-siembra-de-los-numeros-de-nieves-rodriguez-rodriguez\/","og_locale":"en_US","og_type":"article","og_title":"La siembra de los n\u00fameros, de Nieves Rodr\u00edguez Rodr\u00edguez | ASSITEJ","og_description":"Regi\u00f3n de Lambayeque, Per\u00fa. Mar\u00eda y Eli viven en un campo de algod\u00f3n: all\u00ed trabajan y sufren la presencia del patr\u00f3n. Mientras, alimentan sue\u00f1os de futuro. El de Eli, llegar al mar y, desde all\u00ed, viajar a Europa. El de Mar\u00eda, aprender matem\u00e1ticas.","og_url":"https:\/\/assitej.culturaescenica.es\/eu\/editorial-assitej\/nieves-rodriguez-rodriguez\/la-siembra-de-los-numeros-de-nieves-rodriguez-rodriguez\/","og_site_name":"ASSITEJ Espa\u00f1a","article_publisher":"https:\/\/www.facebook.com\/assitejespana\/","article_modified_time":"2025-05-05T14:02:09+00:00","og_image":[{"width":1086,"height":1600,"url":"https:\/\/assitej.culturaescenica.es\/wp-content\/uploads\/Siembra_portada-1-jpg.webp","type":"image\/jpeg"}],"twitter_card":"summary_large_image","twitter_site":"@AssitejEspana","twitter_misc":{"Est. reading time":"1 minutua"},"schema":{"@context":"https:\/\/schema.org","@graph":[{"@type":"WebPage","@id":"https:\/\/assitej.culturaescenica.es\/editorial-assitej\/nieves-rodriguez-rodriguez\/la-siembra-de-los-numeros-de-nieves-rodriguez-rodriguez\/","url":"https:\/\/assitej.culturaescenica.es\/editorial-assitej\/nieves-rodriguez-rodriguez\/la-siembra-de-los-numeros-de-nieves-rodriguez-rodriguez\/","name":"Zenbakien ereitea, Nieves Rodr\u00edguez Rodr\u00edguez | ASSITEJ","isPartOf":{"@id":"https:\/\/assitej.culturaescenica.es\/gl\/#website"},"primaryImageOfPage":{"@id":"https:\/\/assitej.culturaescenica.es\/editorial-assitej\/nieves-rodriguez-rodriguez\/la-siembra-de-los-numeros-de-nieves-rodriguez-rodriguez\/#primaryimage"},"image":{"@id":"https:\/\/assitej.culturaescenica.es\/editorial-assitej\/nieves-rodriguez-rodriguez\/la-siembra-de-los-numeros-de-nieves-rodriguez-rodriguez\/#primaryimage"},"thumbnailUrl":"https:\/\/assitej.culturaescenica.es\/wp-content\/uploads\/Siembra_portada-1-jpg.webp","datePublished":"2020-12-21T15:03:16+00:00","dateModified":"2025-05-05T14:02:09+00:00","description":"Lambayeque eskualdea, Peru. Maria eta Eli kotoi soro batean bizi dira: han lan egiten dute eta nagusiaren presentzia jasaten dute. Bitartean, etorkizuneko ametsak elikatzen dituzte. Eliren ametsa itsasora heltzea eta, handik, Europara bidaiatzea zen. Mariarena, matematika ikasten.","breadcrumb":{"@id":"https:\/\/assitej.culturaescenica.es\/editorial-assitej\/nieves-rodriguez-rodriguez\/la-siembra-de-los-numeros-de-nieves-rodriguez-rodriguez\/#breadcrumb"},"inLanguage":"eu","potentialAction":[{"@type":"ReadAction","target":["https:\/\/assitej.culturaescenica.es\/editorial-assitej\/nieves-rodriguez-rodriguez\/la-siembra-de-los-numeros-de-nieves-rodriguez-rodriguez\/"]}]},{"@type":"ImageObject","inLanguage":"eu","@id":"https:\/\/assitej.culturaescenica.es\/editorial-assitej\/nieves-rodriguez-rodriguez\/la-siembra-de-los-numeros-de-nieves-rodriguez-rodriguez\/#primaryimage","url":"https:\/\/assitej.culturaescenica.es\/wp-content\/uploads\/Siembra_portada-1-jpg.webp","contentUrl":"https:\/\/assitej.culturaescenica.es\/wp-content\/uploads\/Siembra_portada-1-jpg.webp","width":1086,"height":1600},{"@type":"BreadcrumbList","@id":"https:\/\/assitej.culturaescenica.es\/editorial-assitej\/nieves-rodriguez-rodriguez\/la-siembra-de-los-numeros-de-nieves-rodriguez-rodriguez\/#breadcrumb","itemListElement":[{"@type":"ListItem","position":1,"name":"Portada","item":"https:\/\/assitej.culturaescenica.es\/gl\/"},{"@type":"ListItem","position":2,"name":"Editorial Assitej","item":"https:\/\/assitej.culturaescenica.es\/es_es\/editorial-assitej\/"},{"@type":"ListItem","position":3,"name":"La siembra de los n\u00fameros, de Nieves Rodr\u00edguez Rodr\u00edguez"}]},{"@type":"WebSite","@id":"https:\/\/assitej.culturaescenica.es\/gl\/#website","url":"https:\/\/assitej.culturaescenica.es\/gl\/","name":"ASSITEJ Espainia","description":"HAUR ETA GAZTEENTZAT ARTE PRESTAZIOAK","publisher":{"@id":"https:\/\/assitej.culturaescenica.es\/gl\/#organization"},"potentialAction":[{"@type":"SearchAction","target":{"@type":"EntryPoint","urlTemplate":"https:\/\/assitej.culturaescenica.es\/gl\/?s={search_term_string}"},"query-input":{"@type":"PropertyValueSpecification","valueRequired":true,"valueName":"search_term_string"}}],"inLanguage":"eu"},{"@type":"Organization","@id":"https:\/\/assitej.culturaescenica.es\/gl\/#organization","name":"ASSITEJ Espainia","url":"https:\/\/assitej.culturaescenica.es\/gl\/","logo":{"@type":"ImageObject","inLanguage":"eu","@id":"https:\/\/assitej.culturaescenica.es\/gl\/#\/schema\/logo\/image\/","url":"https:\/\/assitej.es\/wp-content\/uploads\/Logo_ASSITEJ_Espana.RGB_2-1.png","contentUrl":"https:\/\/assitej.es\/wp-content\/uploads\/Logo_ASSITEJ_Espana.RGB_2-1.png","width":4934,"height":2287,"caption":"ASSITEJ Espa\u00f1a"},"image":{"@id":"https:\/\/assitej.culturaescenica.es\/gl\/#\/schema\/logo\/image\/"},"sameAs":["https:\/\/www.facebook.com\/assitejespana\/","https:\/\/x.com\/AssitejEspana","https:\/\/www.youtube.com\/channel\/UCv-2SDBzEmyORL5tPvsYgMw"]}]}},"_links":{"self":[{"href":"https:\/\/assitej.culturaescenica.es\/eu\/wp-json\/wp\/v2\/product\/10675","targetHints":{"allow":["GET"]}}],"collection":[{"href":"https:\/\/assitej.culturaescenica.es\/eu\/wp-json\/wp\/v2\/product"}],"about":[{"href":"https:\/\/assitej.culturaescenica.es\/eu\/wp-json\/wp\/v2\/types\/product"}],"wp:featuredmedia":[{"embeddable":true,"href":"https:\/\/assitej.culturaescenica.es\/eu\/wp-json\/wp\/v2\/media\/24361"}],"wp:attachment":[{"href":"https:\/\/assitej.culturaescenica.es\/eu\/wp-json\/wp\/v2\/media?parent=10675"}],"wp:term":[{"taxonomy":"product_brand","embeddable":true,"href":"https:\/\/assitej.culturaescenica.es\/eu\/wp-json\/wp\/v2\/product_brand?post=10675"},{"taxonomy":"product_cat","embeddable":true,"href":"https:\/\/assitej.culturaescenica.es\/eu\/wp-json\/wp\/v2\/product_cat?post=10675"},{"taxonomy":"product_tag","embeddable":true,"href":"https:\/\/assitej.culturaescenica.es\/eu\/wp-json\/wp\/v2\/product_tag?post=10675"}],"curies":[{"name":"wp","href":"https:\/\/api.w.org\/{rel}","templated":true}]}}