{"id":4487,"date":"2017-03-02T19:29:49","date_gmt":"2017-03-02T18:29:49","guid":{"rendered":"http:\/\/www.assitej.net\/producto\/perspectivas-de-la-dramaturgia-para-ninos-en-mexico\/"},"modified":"2025-05-05T16:01:52","modified_gmt":"2025-05-05T14:01:52","slug":"perspectivas-de-la-dramaturgia-para-ninos-en-mexico","status":"publish","type":"product","link":"https:\/\/assitej.culturaescenica.es\/es_es\/editorial-assitej\/yoloxochitl-garcia\/perspectivas-de-la-dramaturgia-para-ninos-en-mexico\/","title":{"rendered":"PERSPECTIVAS DE LA DRAMATURGIA PARA NI\u00d1OS EN M\u00c9XICO"},"content":{"rendered":"<p>A partir de los noventa, M\u00e9xico vive una serie de transformaciones en el \u00e1mbito cultural: se impulsan ferias de libros, se establecen premios y est\u00edmulos a la creaci\u00f3n dramat\u00fargica, y se ampl\u00edan las publicaciones de teatro para ni\u00f1os y j\u00f3venes.<\/p>\n<p>En este terreno se empiezan a vislumbrar obras que proponen una est\u00e9tica que sobrepasa el af\u00e1n educativo o aleccionador, que en a\u00f1os anteriores dominaba los escenarios. Es a partir de la primera d\u00e9cada del siglo XXI cuando el teatro para ni\u00f1os en M\u00e9xico expone temas que por mucho tiempo permanecieron silenciados, como son la enfermedad, la migraci\u00f3n y la muerte.<\/p>\n<p>En este sentido, el libro estudia el panorama m\u00e1s reciente de la dramaturgia para ni\u00f1os en M\u00e9xico. Partiendo de una revisi\u00f3n sobre el concepto de infancia, su relaci\u00f3n con la literatura infantil, los autores y los temas en la dramaturgia, se profundiza con el estudio de tres obras: <em>Martina y los hombres p\u00e1jaro<\/em>, de M\u00f3nica Hoth, <em>Adi\u00f3s, querido Cuco<\/em>, de Berta Hiriart, y <em>Ni\u00f1o de Octubre<\/em>, de Maribel Carrasco, obras que permiten determinar si existe una estructura particular en la dramaturgia para ni\u00f1os actual y conocer cu\u00e1les \u00a0son los elementos que la componen y sus constantes.<\/p>\n","protected":false},"excerpt":{"rendered":"<p>A partir de los noventa, M\u00e9xico vive una serie de transformaciones en el \u00e1mbito cultural: se impulsan ferias de libros, se establecen premios y est\u00edmulos a la creaci\u00f3n dramat\u00fargica, y se ampl\u00edan las publicaciones de teatro para ni\u00f1os y j\u00f3venes.<\/p>\n<p>En este terreno se empiezan a vislumbrar obras que proponen una est\u00e9tica que sobrepasa el af\u00e1n educativo o aleccionador, que en a\u00f1os anteriores dominaba los escenarios. Es a partir de la primera d\u00e9cada del siglo XXI cuando el teatro para ni\u00f1os en M\u00e9xico expone temas que por mucho tiempo permanecieron silenciados, como son la enfermedad, la migraci\u00f3n y la muerte.<\/p>\n<p>En este sentido, el libro estudia el panorama m\u00e1s reciente de la dramaturgia para ni\u00f1os en M\u00e9xico. Partiendo de una revisi\u00f3n sobre el concepto de infancia, su relaci\u00f3n con la literatura infantil, los autores y los temas en la dramaturgia, se profundiza con el estudio de tres obras: <em>Martina y los hombres p\u00e1jaro<\/em>, de M\u00f3nica Hoth, <em>Adi\u00f3s, querido Cuco<\/em>, de Berta Hiriart, y <em>Ni\u00f1o de Octubre<\/em>, de Maribel Carrasco, obras que permiten determinar si existe una estructura particular en la dramaturgia para ni\u00f1os actual y conocer cu\u00e1les \u00a0son los elementos que la componen y sus constantes.<\/p>\n","protected":false},"featured_media":24337,"template":"","meta":{"_acf_changed":false,"_links_to":"","_links_to_target":""},"product_brand":[],"product_cat":[125],"product_tag":[82],"class_list":{"0":"post-4487","1":"product","2":"type-product","3":"status-publish","4":"has-post-thumbnail","6":"product_cat-yoloxochitl-garcia","7":"product_tag-coleccion-ensayo","8":"infinite-scroll-item","9":"","10":"woocommerce-text-align-left","11":"woocommerce-image-align-center","12":"do-quantity-buttons","14":"first","15":"instock","16":"featured","17":"taxable","18":"shipping-taxable","19":"purchasable","20":"product-type-simple"},"acf":[],"yoast_head":"<!-- This site is optimized with the Yoast SEO plugin v27.1.1 - https:\/\/yoast.com\/product\/yoast-seo-wordpress\/ -->\n<title>PERSPECTIVAS DE LA DRAMATURGIA PARA NI\u00d1OS EN M\u00c9XICO - ASSITEJ Espa\u00f1a<\/title>\n<meta name=\"robots\" content=\"index, follow, max-snippet:-1, max-image-preview:large, max-video-preview:-1\" \/>\n<link rel=\"canonical\" href=\"https:\/\/assitej.culturaescenica.es\/es_es\/editorial-assitej\/yoloxochitl-garcia\/perspectivas-de-la-dramaturgia-para-ninos-en-mexico\/\" \/>\n<meta property=\"og:locale\" content=\"es_ES\" \/>\n<meta property=\"og:type\" content=\"article\" \/>\n<meta property=\"og:title\" content=\"PERSPECTIVAS DE LA DRAMATURGIA PARA NI\u00d1OS EN M\u00c9XICO - ASSITEJ Espa\u00f1a\" \/>\n<meta property=\"og:description\" content=\"A partir de los noventa, M\u00e9xico vive una serie de transformaciones en el \u00e1mbito cultural: se impulsan ferias de libros, se establecen premios y est\u00edmulos a la creaci\u00f3n dramat\u00fargica, y se ampl\u00edan las publicaciones de teatro para ni\u00f1os y j\u00f3venes.  En este terreno se empiezan a vislumbrar obras que proponen una est\u00e9tica que sobrepasa el af\u00e1n educativo o aleccionador, que en a\u00f1os anteriores dominaba los escenarios. Es a partir de la primera d\u00e9cada del siglo XXI cuando el teatro para ni\u00f1os en M\u00e9xico expone temas que por mucho tiempo permanecieron silenciados, como son la enfermedad, la migraci\u00f3n y la muerte.  En este sentido, el libro estudia el panorama m\u00e1s reciente de la dramaturgia para ni\u00f1os en M\u00e9xico. Partiendo de una revisi\u00f3n sobre el concepto de infancia, su relaci\u00f3n con la literatura infantil, los autores y los temas en la dramaturgia, se profundiza con el estudio de tres obras: Martina y los hombres p\u00e1jaro, de M\u00f3nica Hoth, Adi\u00f3s, querido Cuco, de Berta Hiriart, y Ni\u00f1o de Octubre, de Maribel Carrasco, obras que permiten determinar si existe una estructura particular en la dramaturgia para ni\u00f1os actual y conocer cu\u00e1les \u00a0son los elementos que la componen y sus constantes.\" \/>\n<meta property=\"og:url\" content=\"https:\/\/assitej.culturaescenica.es\/es_es\/editorial-assitej\/yoloxochitl-garcia\/perspectivas-de-la-dramaturgia-para-ninos-en-mexico\/\" \/>\n<meta property=\"og:site_name\" content=\"ASSITEJ Espa\u00f1a\" \/>\n<meta property=\"article:publisher\" content=\"https:\/\/www.facebook.com\/assitejespana\/\" \/>\n<meta property=\"article:modified_time\" content=\"2025-05-05T14:01:52+00:00\" \/>\n<meta property=\"og:image\" content=\"https:\/\/assitej.culturaescenica.es\/wp-content\/uploads\/Perspectivas-de-la-dramaturgia-para-ninos-en-Mexico-Cubierta-jpg.webp\" \/>\n\t<meta property=\"og:image:width\" content=\"498\" \/>\n\t<meta property=\"og:image:height\" content=\"700\" \/>\n\t<meta property=\"og:image:type\" content=\"image\/jpeg\" \/>\n<meta name=\"twitter:card\" content=\"summary_large_image\" \/>\n<meta name=\"twitter:site\" content=\"@AssitejEspana\" \/>\n<meta name=\"twitter:label1\" content=\"Tiempo de lectura\" \/>\n\t<meta name=\"twitter:data1\" content=\"1 minuto\" \/>\n<script type=\"application\/ld+json\" class=\"yoast-schema-graph\">{\"@context\":\"https:\/\/schema.org\",\"@graph\":[{\"@type\":\"WebPage\",\"@id\":\"https:\/\/assitej.culturaescenica.es\/eu\/editorial-assitej\/yoloxochitl-garcia\/perspectivas-de-la-dramaturgia-para-ninos-en-mexico\/\",\"url\":\"https:\/\/assitej.culturaescenica.es\/eu\/editorial-assitej\/yoloxochitl-garcia\/perspectivas-de-la-dramaturgia-para-ninos-en-mexico\/\",\"name\":\"PERSPECTIVAS DE LA DRAMATURGIA PARA NI\u00d1OS EN M\u00c9XICO - ASSITEJ Espa\u00f1a\",\"isPartOf\":{\"@id\":\"https:\/\/assitej.culturaescenica.es\/gl\/#website\"},\"primaryImageOfPage\":{\"@id\":\"https:\/\/assitej.culturaescenica.es\/eu\/editorial-assitej\/yoloxochitl-garcia\/perspectivas-de-la-dramaturgia-para-ninos-en-mexico\/#primaryimage\"},\"image\":{\"@id\":\"https:\/\/assitej.culturaescenica.es\/eu\/editorial-assitej\/yoloxochitl-garcia\/perspectivas-de-la-dramaturgia-para-ninos-en-mexico\/#primaryimage\"},\"thumbnailUrl\":\"https:\/\/assitej.culturaescenica.es\/wp-content\/uploads\/Perspectivas-de-la-dramaturgia-para-ninos-en-Mexico-Cubierta-jpg.webp\",\"datePublished\":\"2017-03-02T18:29:49+00:00\",\"dateModified\":\"2025-05-05T14:01:52+00:00\",\"breadcrumb\":{\"@id\":\"https:\/\/assitej.culturaescenica.es\/eu\/editorial-assitej\/yoloxochitl-garcia\/perspectivas-de-la-dramaturgia-para-ninos-en-mexico\/#breadcrumb\"},\"inLanguage\":\"es\",\"potentialAction\":[{\"@type\":\"ReadAction\",\"target\":[\"https:\/\/assitej.culturaescenica.es\/eu\/editorial-assitej\/yoloxochitl-garcia\/perspectivas-de-la-dramaturgia-para-ninos-en-mexico\/\"]}]},{\"@type\":\"ImageObject\",\"inLanguage\":\"es\",\"@id\":\"https:\/\/assitej.culturaescenica.es\/eu\/editorial-assitej\/yoloxochitl-garcia\/perspectivas-de-la-dramaturgia-para-ninos-en-mexico\/#primaryimage\",\"url\":\"https:\/\/assitej.culturaescenica.es\/wp-content\/uploads\/Perspectivas-de-la-dramaturgia-para-ninos-en-Mexico-Cubierta-jpg.webp\",\"contentUrl\":\"https:\/\/assitej.culturaescenica.es\/wp-content\/uploads\/Perspectivas-de-la-dramaturgia-para-ninos-en-Mexico-Cubierta-jpg.webp\",\"width\":498,\"height\":700},{\"@type\":\"BreadcrumbList\",\"@id\":\"https:\/\/assitej.culturaescenica.es\/eu\/editorial-assitej\/yoloxochitl-garcia\/perspectivas-de-la-dramaturgia-para-ninos-en-mexico\/#breadcrumb\",\"itemListElement\":[{\"@type\":\"ListItem\",\"position\":1,\"name\":\"Portada\",\"item\":\"https:\/\/assitej.culturaescenica.es\/gl\/\"},{\"@type\":\"ListItem\",\"position\":2,\"name\":\"Editorial Assitej\",\"item\":\"https:\/\/assitej.culturaescenica.es\/es_es\/editorial-assitej\/\"},{\"@type\":\"ListItem\",\"position\":3,\"name\":\"PERSPECTIVAS DE LA DRAMATURGIA PARA NI\u00d1OS EN M\u00c9XICO\"}]},{\"@type\":\"WebSite\",\"@id\":\"https:\/\/assitej.culturaescenica.es\/gl\/#website\",\"url\":\"https:\/\/assitej.culturaescenica.es\/gl\/\",\"name\":\"ASSITEJ Espa\u00f1a\",\"description\":\"ARTES ESC\u00c9NICAS PARA LA INFANCIA Y LA JUVENTUD\",\"publisher\":{\"@id\":\"https:\/\/assitej.culturaescenica.es\/gl\/#organization\"},\"potentialAction\":[{\"@type\":\"SearchAction\",\"target\":{\"@type\":\"EntryPoint\",\"urlTemplate\":\"https:\/\/assitej.culturaescenica.es\/gl\/?s={search_term_string}\"},\"query-input\":{\"@type\":\"PropertyValueSpecification\",\"valueRequired\":true,\"valueName\":\"search_term_string\"}}],\"inLanguage\":\"es\"},{\"@type\":\"Organization\",\"@id\":\"https:\/\/assitej.culturaescenica.es\/gl\/#organization\",\"name\":\"ASSITEJ Espa\u00f1a\",\"url\":\"https:\/\/assitej.culturaescenica.es\/gl\/\",\"logo\":{\"@type\":\"ImageObject\",\"inLanguage\":\"es\",\"@id\":\"https:\/\/assitej.culturaescenica.es\/gl\/#\/schema\/logo\/image\/\",\"url\":\"https:\/\/assitej.es\/wp-content\/uploads\/Logo_ASSITEJ_Espana.RGB_2-1.png\",\"contentUrl\":\"https:\/\/assitej.es\/wp-content\/uploads\/Logo_ASSITEJ_Espana.RGB_2-1.png\",\"width\":4934,\"height\":2287,\"caption\":\"ASSITEJ Espa\u00f1a\"},\"image\":{\"@id\":\"https:\/\/assitej.culturaescenica.es\/gl\/#\/schema\/logo\/image\/\"},\"sameAs\":[\"https:\/\/www.facebook.com\/assitejespana\/\",\"https:\/\/x.com\/AssitejEspana\",\"https:\/\/www.youtube.com\/channel\/UCv-2SDBzEmyORL5tPvsYgMw\"]}]}<\/script>\n<!-- \/ Yoast SEO plugin. -->","yoast_head_json":{"title":"PERSPECTIVAS DE LA DRAMATURGIA PARA NI\u00d1OS EN M\u00c9XICO - ASSITEJ Espa\u00f1a","robots":{"index":"index","follow":"follow","max-snippet":"max-snippet:-1","max-image-preview":"max-image-preview:large","max-video-preview":"max-video-preview:-1"},"canonical":"https:\/\/assitej.culturaescenica.es\/es_es\/editorial-assitej\/yoloxochitl-garcia\/perspectivas-de-la-dramaturgia-para-ninos-en-mexico\/","og_locale":"es_ES","og_type":"article","og_title":"PERSPECTIVAS DE LA DRAMATURGIA PARA NI\u00d1OS EN M\u00c9XICO - ASSITEJ Espa\u00f1a","og_description":"A partir de los noventa, M\u00e9xico vive una serie de transformaciones en el \u00e1mbito cultural: se impulsan ferias de libros, se establecen premios y est\u00edmulos a la creaci\u00f3n dramat\u00fargica, y se ampl\u00edan las publicaciones de teatro para ni\u00f1os y j\u00f3venes.  En este terreno se empiezan a vislumbrar obras que proponen una est\u00e9tica que sobrepasa el af\u00e1n educativo o aleccionador, que en a\u00f1os anteriores dominaba los escenarios. Es a partir de la primera d\u00e9cada del siglo XXI cuando el teatro para ni\u00f1os en M\u00e9xico expone temas que por mucho tiempo permanecieron silenciados, como son la enfermedad, la migraci\u00f3n y la muerte.  En este sentido, el libro estudia el panorama m\u00e1s reciente de la dramaturgia para ni\u00f1os en M\u00e9xico. Partiendo de una revisi\u00f3n sobre el concepto de infancia, su relaci\u00f3n con la literatura infantil, los autores y los temas en la dramaturgia, se profundiza con el estudio de tres obras: Martina y los hombres p\u00e1jaro, de M\u00f3nica Hoth, Adi\u00f3s, querido Cuco, de Berta Hiriart, y Ni\u00f1o de Octubre, de Maribel Carrasco, obras que permiten determinar si existe una estructura particular en la dramaturgia para ni\u00f1os actual y conocer cu\u00e1les \u00a0son los elementos que la componen y sus constantes.","og_url":"https:\/\/assitej.culturaescenica.es\/es_es\/editorial-assitej\/yoloxochitl-garcia\/perspectivas-de-la-dramaturgia-para-ninos-en-mexico\/","og_site_name":"ASSITEJ Espa\u00f1a","article_publisher":"https:\/\/www.facebook.com\/assitejespana\/","article_modified_time":"2025-05-05T14:01:52+00:00","og_image":[{"width":498,"height":700,"url":"https:\/\/assitej.culturaescenica.es\/wp-content\/uploads\/Perspectivas-de-la-dramaturgia-para-ninos-en-Mexico-Cubierta-jpg.webp","type":"image\/jpeg"}],"twitter_card":"summary_large_image","twitter_site":"@AssitejEspana","twitter_misc":{"Tiempo de lectura":"1 minuto"},"schema":{"@context":"https:\/\/schema.org","@graph":[{"@type":"WebPage","@id":"https:\/\/assitej.culturaescenica.es\/eu\/editorial-assitej\/yoloxochitl-garcia\/perspectivas-de-la-dramaturgia-para-ninos-en-mexico\/","url":"https:\/\/assitej.culturaescenica.es\/eu\/editorial-assitej\/yoloxochitl-garcia\/perspectivas-de-la-dramaturgia-para-ninos-en-mexico\/","name":"PERSPECTIVAS DE LA DRAMATURGIA PARA NI\u00d1OS EN M\u00c9XICO - ASSITEJ Espa\u00f1a","isPartOf":{"@id":"https:\/\/assitej.culturaescenica.es\/gl\/#website"},"primaryImageOfPage":{"@id":"https:\/\/assitej.culturaescenica.es\/eu\/editorial-assitej\/yoloxochitl-garcia\/perspectivas-de-la-dramaturgia-para-ninos-en-mexico\/#primaryimage"},"image":{"@id":"https:\/\/assitej.culturaescenica.es\/eu\/editorial-assitej\/yoloxochitl-garcia\/perspectivas-de-la-dramaturgia-para-ninos-en-mexico\/#primaryimage"},"thumbnailUrl":"https:\/\/assitej.culturaescenica.es\/wp-content\/uploads\/Perspectivas-de-la-dramaturgia-para-ninos-en-Mexico-Cubierta-jpg.webp","datePublished":"2017-03-02T18:29:49+00:00","dateModified":"2025-05-05T14:01:52+00:00","breadcrumb":{"@id":"https:\/\/assitej.culturaescenica.es\/eu\/editorial-assitej\/yoloxochitl-garcia\/perspectivas-de-la-dramaturgia-para-ninos-en-mexico\/#breadcrumb"},"inLanguage":"es","potentialAction":[{"@type":"ReadAction","target":["https:\/\/assitej.culturaescenica.es\/eu\/editorial-assitej\/yoloxochitl-garcia\/perspectivas-de-la-dramaturgia-para-ninos-en-mexico\/"]}]},{"@type":"ImageObject","inLanguage":"es","@id":"https:\/\/assitej.culturaescenica.es\/eu\/editorial-assitej\/yoloxochitl-garcia\/perspectivas-de-la-dramaturgia-para-ninos-en-mexico\/#primaryimage","url":"https:\/\/assitej.culturaescenica.es\/wp-content\/uploads\/Perspectivas-de-la-dramaturgia-para-ninos-en-Mexico-Cubierta-jpg.webp","contentUrl":"https:\/\/assitej.culturaescenica.es\/wp-content\/uploads\/Perspectivas-de-la-dramaturgia-para-ninos-en-Mexico-Cubierta-jpg.webp","width":498,"height":700},{"@type":"BreadcrumbList","@id":"https:\/\/assitej.culturaescenica.es\/eu\/editorial-assitej\/yoloxochitl-garcia\/perspectivas-de-la-dramaturgia-para-ninos-en-mexico\/#breadcrumb","itemListElement":[{"@type":"ListItem","position":1,"name":"Portada","item":"https:\/\/assitej.culturaescenica.es\/gl\/"},{"@type":"ListItem","position":2,"name":"Editorial Assitej","item":"https:\/\/assitej.culturaescenica.es\/es_es\/editorial-assitej\/"},{"@type":"ListItem","position":3,"name":"PERSPECTIVAS DE LA DRAMATURGIA PARA NI\u00d1OS EN M\u00c9XICO"}]},{"@type":"WebSite","@id":"https:\/\/assitej.culturaescenica.es\/gl\/#website","url":"https:\/\/assitej.culturaescenica.es\/gl\/","name":"ASSITEJ Espa\u00f1a","description":"ARTES ESC\u00c9NICAS PARA LA INFANCIA Y LA JUVENTUD","publisher":{"@id":"https:\/\/assitej.culturaescenica.es\/gl\/#organization"},"potentialAction":[{"@type":"SearchAction","target":{"@type":"EntryPoint","urlTemplate":"https:\/\/assitej.culturaescenica.es\/gl\/?s={search_term_string}"},"query-input":{"@type":"PropertyValueSpecification","valueRequired":true,"valueName":"search_term_string"}}],"inLanguage":"es"},{"@type":"Organization","@id":"https:\/\/assitej.culturaescenica.es\/gl\/#organization","name":"ASSITEJ Espa\u00f1a","url":"https:\/\/assitej.culturaescenica.es\/gl\/","logo":{"@type":"ImageObject","inLanguage":"es","@id":"https:\/\/assitej.culturaescenica.es\/gl\/#\/schema\/logo\/image\/","url":"https:\/\/assitej.es\/wp-content\/uploads\/Logo_ASSITEJ_Espana.RGB_2-1.png","contentUrl":"https:\/\/assitej.es\/wp-content\/uploads\/Logo_ASSITEJ_Espana.RGB_2-1.png","width":4934,"height":2287,"caption":"ASSITEJ Espa\u00f1a"},"image":{"@id":"https:\/\/assitej.culturaescenica.es\/gl\/#\/schema\/logo\/image\/"},"sameAs":["https:\/\/www.facebook.com\/assitejespana\/","https:\/\/x.com\/AssitejEspana","https:\/\/www.youtube.com\/channel\/UCv-2SDBzEmyORL5tPvsYgMw"]}]}},"_links":{"self":[{"href":"https:\/\/assitej.culturaescenica.es\/es_es\/wp-json\/wp\/v2\/product\/4487","targetHints":{"allow":["GET"]}}],"collection":[{"href":"https:\/\/assitej.culturaescenica.es\/es_es\/wp-json\/wp\/v2\/product"}],"about":[{"href":"https:\/\/assitej.culturaescenica.es\/es_es\/wp-json\/wp\/v2\/types\/product"}],"wp:featuredmedia":[{"embeddable":true,"href":"https:\/\/assitej.culturaescenica.es\/es_es\/wp-json\/wp\/v2\/media\/24337"}],"wp:attachment":[{"href":"https:\/\/assitej.culturaescenica.es\/es_es\/wp-json\/wp\/v2\/media?parent=4487"}],"wp:term":[{"taxonomy":"product_brand","embeddable":true,"href":"https:\/\/assitej.culturaescenica.es\/es_es\/wp-json\/wp\/v2\/product_brand?post=4487"},{"taxonomy":"product_cat","embeddable":true,"href":"https:\/\/assitej.culturaescenica.es\/es_es\/wp-json\/wp\/v2\/product_cat?post=4487"},{"taxonomy":"product_tag","embeddable":true,"href":"https:\/\/assitej.culturaescenica.es\/es_es\/wp-json\/wp\/v2\/product_tag?post=4487"}],"curies":[{"name":"wp","href":"https:\/\/api.w.org\/{rel}","templated":true}]}}