{"id":3223,"date":"2016-12-02T11:00:58","date_gmt":"2016-12-02T10:00:58","guid":{"rendered":"http:\/\/www.assitej.net\/?post_type=product&#038;p=3223"},"modified":"2025-05-05T16:01:52","modified_gmt":"2025-05-05T14:01:52","slug":"el-ogrito-zapatos-de-arena","status":"publish","type":"product","link":"https:\/\/assitej.culturaescenica.es\/es_es\/editorial-assitej\/suzanne-lebeau\/el-ogrito-zapatos-de-arena\/","title":{"rendered":"El ogrito \/ Zapatos de arena"},"content":{"rendered":"<p>La libertad individual, la b\u00fasqueda de un camino propio, personal, no resuelto por el pasado y sus tradiciones ni por las generaciones precedentes; la lucha entre el bien y el mal\u2026 \u00bfSon cuestiones propias del teatro para la infancia y la juventud?<\/p>\n<p>Suzanne Lebeau cree firmemente que s\u00ed. Y de su respuesta consecuente nacen las obras que se incluyen en este volumen: <em>El ogrito <\/em>y <em>Zapatos de arena<\/em>. Dos obras que nos permiten seguir haci\u00e9ndonos preguntas sobre el amor, la libertad y el destino.<\/p>\n<p><em>El ogrito<\/em> es una de las obras m\u00e1s traducidas, publicadas y representadas en todo el mundo de Suzanne Lebeau (Qu\u00e9bec, 1948). El camino que conduce a Sim\u00f3n desde la espesura del bosque a la escuela es un camino de transformaci\u00f3n y crecimiento. La poes\u00eda, las fuerzas m\u00edticas y el viaje del h\u00e9roe, se encuentran en esta obra que nos conmueve por su dimensi\u00f3n l\u00edrica y dram\u00e1tica.<\/p>\n<p>El viaje al Afuera, con sus peligros y aprendizajes, es fundamental en <em>Zapatos de arena<\/em>, ante un mundo definido por el paso del tiempo, las promesas de seguridad y \u00a0el miedo al exterior\u2026<\/p>\n<p>Con <em>El ogrito<\/em> y <em>Zapatos de arena<\/em>, ASSITEJ Espa\u00f1a inaugura su nueva colecci\u00f3n de textos literario-dram\u00e1ticos, que esperamos, cautive a lectores de todas las edades e imaginaciones.<\/p>\n","protected":false},"excerpt":{"rendered":"<p>La libertad individual, la b\u00fasqueda de un camino propio, personal, no resuelto por el pasado y sus tradiciones ni por las generaciones precedentes; la lucha entre el bien y el mal\u2026 \u00bfSon cuestiones propias del teatro para la infancia y la juventud?<\/p>\n<p>Suzanne Lebeau cree firmemente que s\u00ed. Y de su respuesta consecuente nacen las obras que se incluyen en este volumen: <em>El ogrito <\/em>y <em>Zapatos de arena<\/em>. Dos obras que nos permiten seguir haci\u00e9ndonos preguntas sobre el amor, la libertad y el destino.<\/p>\n<p><em>El ogrito<\/em> es una de las obras m\u00e1s traducidas, publicadas y representadas en todo el mundo de Suzanne Lebeau (Qu\u00e9bec, 1948). El camino que conduce a Sim\u00f3n desde la espesura del bosque a la escuela es un camino de transformaci\u00f3n y crecimiento. La poes\u00eda, las fuerzas m\u00edticas y el viaje del h\u00e9roe, se encuentran en esta obra que nos conmueve por su dimensi\u00f3n l\u00edrica y dram\u00e1tica.<\/p>\n<p>El viaje al Afuera, con sus peligros y aprendizajes, es fundamental en <em>Zapatos de arena<\/em>, ante un mundo definido por el paso del tiempo, las promesas de seguridad y \u00a0el miedo al exterior\u2026<\/p>\n<p>Con <em>El ogrito<\/em> y <em>Zapatos de arena<\/em>, ASSITEJ Espa\u00f1a inaugura su nueva colecci\u00f3n de textos literario-dram\u00e1ticos, que esperamos, cautive a lectores de todas las edades e imaginaciones.<\/p>\n","protected":false},"featured_media":24336,"template":"","meta":{"_acf_changed":false,"_links_to":"","_links_to_target":""},"product_brand":[],"product_cat":[115],"product_tag":[122],"class_list":{"0":"post-3223","1":"product","2":"type-product","3":"status-publish","4":"has-post-thumbnail","6":"product_cat-suzanne-lebeau","7":"product_tag-coleccion-internacional","8":"infinite-scroll-item","9":"","10":"woocommerce-text-align-left","11":"woocommerce-image-align-center","12":"do-quantity-buttons","14":"first","15":"instock","16":"featured","17":"taxable","18":"shipping-taxable","19":"purchasable","20":"product-type-simple"},"acf":[],"yoast_head":"<!-- This site is optimized with the Yoast SEO plugin v27.1.1 - https:\/\/yoast.com\/product\/yoast-seo-wordpress\/ -->\n<title>El ogrito \/ Zapatos de arena. Suzane Lebeau | ASSITEJ Espa\u00f1a<\/title>\n<meta name=\"description\" content=\"La libertad individual, la b\u00fasqueda de un camino propio, personal, no resuelto por el pasado y sus tradiciones ni por las generaciones precedentes; la lucha entre el bien y el mal\u2026 \u00bfSon cuestiones propias del teatro para la infancia y la juventud?\" \/>\n<meta name=\"robots\" content=\"index, follow, max-snippet:-1, max-image-preview:large, max-video-preview:-1\" \/>\n<link rel=\"canonical\" href=\"https:\/\/assitej.culturaescenica.es\/es_es\/editorial-assitej\/suzanne-lebeau\/el-ogrito-zapatos-de-arena\/\" \/>\n<meta property=\"og:locale\" content=\"es_ES\" \/>\n<meta property=\"og:type\" content=\"article\" \/>\n<meta property=\"og:title\" content=\"El ogrito \/ Zapatos de arena. Suzane Lebeau | ASSITEJ Espa\u00f1a\" \/>\n<meta property=\"og:description\" content=\"La libertad individual, la b\u00fasqueda de un camino propio, personal, no resuelto por el pasado y sus tradiciones ni por las generaciones precedentes; la lucha entre el bien y el mal\u2026 \u00bfSon cuestiones propias del teatro para la infancia y la juventud?\" \/>\n<meta property=\"og:url\" content=\"https:\/\/assitej.culturaescenica.es\/es_es\/editorial-assitej\/suzanne-lebeau\/el-ogrito-zapatos-de-arena\/\" \/>\n<meta property=\"og:site_name\" content=\"ASSITEJ Espa\u00f1a\" \/>\n<meta property=\"article:publisher\" content=\"https:\/\/www.facebook.com\/assitejespana\/\" \/>\n<meta property=\"article:modified_time\" content=\"2025-05-05T14:01:52+00:00\" \/>\n<meta property=\"og:image\" content=\"https:\/\/assitej.culturaescenica.es\/wp-content\/uploads\/El-ogrito.Zapatos-de-arena-011-1-1-jpg.webp\" \/>\n\t<meta property=\"og:image:width\" content=\"700\" \/>\n\t<meta property=\"og:image:height\" content=\"1024\" \/>\n\t<meta property=\"og:image:type\" content=\"image\/jpeg\" \/>\n<meta name=\"twitter:card\" content=\"summary_large_image\" \/>\n<meta name=\"twitter:site\" content=\"@AssitejEspana\" \/>\n<meta name=\"twitter:label1\" content=\"Tiempo de lectura\" \/>\n\t<meta name=\"twitter:data1\" content=\"1 minuto\" \/>\n<script type=\"application\/ld+json\" class=\"yoast-schema-graph\">{\"@context\":\"https:\/\/schema.org\",\"@graph\":[{\"@type\":\"WebPage\",\"@id\":\"https:\/\/assitej.culturaescenica.es\/es_es\/editorial-assitej\/suzanne-lebeau\/el-ogrito-zapatos-de-arena\/\",\"url\":\"https:\/\/assitej.culturaescenica.es\/es_es\/editorial-assitej\/suzanne-lebeau\/el-ogrito-zapatos-de-arena\/\",\"name\":\"El ogrito \/ Zapatos de arena. Suzane Lebeau | ASSITEJ Espa\u00f1a\",\"isPartOf\":{\"@id\":\"https:\/\/assitej.culturaescenica.es\/gl\/#website\"},\"primaryImageOfPage\":{\"@id\":\"https:\/\/assitej.culturaescenica.es\/es_es\/editorial-assitej\/suzanne-lebeau\/el-ogrito-zapatos-de-arena\/#primaryimage\"},\"image\":{\"@id\":\"https:\/\/assitej.culturaescenica.es\/es_es\/editorial-assitej\/suzanne-lebeau\/el-ogrito-zapatos-de-arena\/#primaryimage\"},\"thumbnailUrl\":\"https:\/\/assitej.culturaescenica.es\/wp-content\/uploads\/El-ogrito.Zapatos-de-arena-011-1-1-jpg.webp\",\"datePublished\":\"2016-12-02T10:00:58+00:00\",\"dateModified\":\"2025-05-05T14:01:52+00:00\",\"description\":\"La libertad individual, la b\u00fasqueda de un camino propio, personal, no resuelto por el pasado y sus tradiciones ni por las generaciones precedentes; la lucha entre el bien y el mal\u2026 \u00bfSon cuestiones propias del teatro para la infancia y la juventud?\",\"breadcrumb\":{\"@id\":\"https:\/\/assitej.culturaescenica.es\/es_es\/editorial-assitej\/suzanne-lebeau\/el-ogrito-zapatos-de-arena\/#breadcrumb\"},\"inLanguage\":\"es\",\"potentialAction\":[{\"@type\":\"ReadAction\",\"target\":[\"https:\/\/assitej.culturaescenica.es\/es_es\/editorial-assitej\/suzanne-lebeau\/el-ogrito-zapatos-de-arena\/\"]}]},{\"@type\":\"ImageObject\",\"inLanguage\":\"es\",\"@id\":\"https:\/\/assitej.culturaescenica.es\/es_es\/editorial-assitej\/suzanne-lebeau\/el-ogrito-zapatos-de-arena\/#primaryimage\",\"url\":\"https:\/\/assitej.culturaescenica.es\/wp-content\/uploads\/El-ogrito.Zapatos-de-arena-011-1-1-jpg.webp\",\"contentUrl\":\"https:\/\/assitej.culturaescenica.es\/wp-content\/uploads\/El-ogrito.Zapatos-de-arena-011-1-1-jpg.webp\",\"width\":700,\"height\":1024},{\"@type\":\"BreadcrumbList\",\"@id\":\"https:\/\/assitej.culturaescenica.es\/es_es\/editorial-assitej\/suzanne-lebeau\/el-ogrito-zapatos-de-arena\/#breadcrumb\",\"itemListElement\":[{\"@type\":\"ListItem\",\"position\":1,\"name\":\"Portada\",\"item\":\"https:\/\/assitej.culturaescenica.es\/gl\/\"},{\"@type\":\"ListItem\",\"position\":2,\"name\":\"Editorial Assitej\",\"item\":\"https:\/\/assitej.culturaescenica.es\/es_es\/editorial-assitej\/\"},{\"@type\":\"ListItem\",\"position\":3,\"name\":\"El ogrito \/ Zapatos de arena\"}]},{\"@type\":\"WebSite\",\"@id\":\"https:\/\/assitej.culturaescenica.es\/gl\/#website\",\"url\":\"https:\/\/assitej.culturaescenica.es\/gl\/\",\"name\":\"ASSITEJ Espa\u00f1a\",\"description\":\"ARTES ESC\u00c9NICAS PARA LA INFANCIA Y LA JUVENTUD\",\"publisher\":{\"@id\":\"https:\/\/assitej.culturaescenica.es\/gl\/#organization\"},\"potentialAction\":[{\"@type\":\"SearchAction\",\"target\":{\"@type\":\"EntryPoint\",\"urlTemplate\":\"https:\/\/assitej.culturaescenica.es\/gl\/?s={search_term_string}\"},\"query-input\":{\"@type\":\"PropertyValueSpecification\",\"valueRequired\":true,\"valueName\":\"search_term_string\"}}],\"inLanguage\":\"es\"},{\"@type\":\"Organization\",\"@id\":\"https:\/\/assitej.culturaescenica.es\/gl\/#organization\",\"name\":\"ASSITEJ Espa\u00f1a\",\"url\":\"https:\/\/assitej.culturaescenica.es\/gl\/\",\"logo\":{\"@type\":\"ImageObject\",\"inLanguage\":\"es\",\"@id\":\"https:\/\/assitej.culturaescenica.es\/gl\/#\/schema\/logo\/image\/\",\"url\":\"https:\/\/assitej.es\/wp-content\/uploads\/Logo_ASSITEJ_Espana.RGB_2-1.png\",\"contentUrl\":\"https:\/\/assitej.es\/wp-content\/uploads\/Logo_ASSITEJ_Espana.RGB_2-1.png\",\"width\":4934,\"height\":2287,\"caption\":\"ASSITEJ Espa\u00f1a\"},\"image\":{\"@id\":\"https:\/\/assitej.culturaescenica.es\/gl\/#\/schema\/logo\/image\/\"},\"sameAs\":[\"https:\/\/www.facebook.com\/assitejespana\/\",\"https:\/\/x.com\/AssitejEspana\",\"https:\/\/www.youtube.com\/channel\/UCv-2SDBzEmyORL5tPvsYgMw\"]}]}<\/script>\n<!-- \/ Yoast SEO plugin. -->","yoast_head_json":{"title":"El ogrito \/ Zapatos de arena. Suzane Lebeau | ASSITEJ Espa\u00f1a","description":"La libertad individual, la b\u00fasqueda de un camino propio, personal, no resuelto por el pasado y sus tradiciones ni por las generaciones precedentes; la lucha entre el bien y el mal\u2026 \u00bfSon cuestiones propias del teatro para la infancia y la juventud?","robots":{"index":"index","follow":"follow","max-snippet":"max-snippet:-1","max-image-preview":"max-image-preview:large","max-video-preview":"max-video-preview:-1"},"canonical":"https:\/\/assitej.culturaescenica.es\/es_es\/editorial-assitej\/suzanne-lebeau\/el-ogrito-zapatos-de-arena\/","og_locale":"es_ES","og_type":"article","og_title":"El ogrito \/ Zapatos de arena. Suzane Lebeau | ASSITEJ Espa\u00f1a","og_description":"La libertad individual, la b\u00fasqueda de un camino propio, personal, no resuelto por el pasado y sus tradiciones ni por las generaciones precedentes; la lucha entre el bien y el mal\u2026 \u00bfSon cuestiones propias del teatro para la infancia y la juventud?","og_url":"https:\/\/assitej.culturaescenica.es\/es_es\/editorial-assitej\/suzanne-lebeau\/el-ogrito-zapatos-de-arena\/","og_site_name":"ASSITEJ Espa\u00f1a","article_publisher":"https:\/\/www.facebook.com\/assitejespana\/","article_modified_time":"2025-05-05T14:01:52+00:00","og_image":[{"width":700,"height":1024,"url":"https:\/\/assitej.culturaescenica.es\/wp-content\/uploads\/El-ogrito.Zapatos-de-arena-011-1-1-jpg.webp","type":"image\/jpeg"}],"twitter_card":"summary_large_image","twitter_site":"@AssitejEspana","twitter_misc":{"Tiempo de lectura":"1 minuto"},"schema":{"@context":"https:\/\/schema.org","@graph":[{"@type":"WebPage","@id":"https:\/\/assitej.culturaescenica.es\/es_es\/editorial-assitej\/suzanne-lebeau\/el-ogrito-zapatos-de-arena\/","url":"https:\/\/assitej.culturaescenica.es\/es_es\/editorial-assitej\/suzanne-lebeau\/el-ogrito-zapatos-de-arena\/","name":"El ogrito \/ Zapatos de arena. Suzane Lebeau | ASSITEJ Espa\u00f1a","isPartOf":{"@id":"https:\/\/assitej.culturaescenica.es\/gl\/#website"},"primaryImageOfPage":{"@id":"https:\/\/assitej.culturaescenica.es\/es_es\/editorial-assitej\/suzanne-lebeau\/el-ogrito-zapatos-de-arena\/#primaryimage"},"image":{"@id":"https:\/\/assitej.culturaescenica.es\/es_es\/editorial-assitej\/suzanne-lebeau\/el-ogrito-zapatos-de-arena\/#primaryimage"},"thumbnailUrl":"https:\/\/assitej.culturaescenica.es\/wp-content\/uploads\/El-ogrito.Zapatos-de-arena-011-1-1-jpg.webp","datePublished":"2016-12-02T10:00:58+00:00","dateModified":"2025-05-05T14:01:52+00:00","description":"La libertad individual, la b\u00fasqueda de un camino propio, personal, no resuelto por el pasado y sus tradiciones ni por las generaciones precedentes; la lucha entre el bien y el mal\u2026 \u00bfSon cuestiones propias del teatro para la infancia y la juventud?","breadcrumb":{"@id":"https:\/\/assitej.culturaescenica.es\/es_es\/editorial-assitej\/suzanne-lebeau\/el-ogrito-zapatos-de-arena\/#breadcrumb"},"inLanguage":"es","potentialAction":[{"@type":"ReadAction","target":["https:\/\/assitej.culturaescenica.es\/es_es\/editorial-assitej\/suzanne-lebeau\/el-ogrito-zapatos-de-arena\/"]}]},{"@type":"ImageObject","inLanguage":"es","@id":"https:\/\/assitej.culturaescenica.es\/es_es\/editorial-assitej\/suzanne-lebeau\/el-ogrito-zapatos-de-arena\/#primaryimage","url":"https:\/\/assitej.culturaescenica.es\/wp-content\/uploads\/El-ogrito.Zapatos-de-arena-011-1-1-jpg.webp","contentUrl":"https:\/\/assitej.culturaescenica.es\/wp-content\/uploads\/El-ogrito.Zapatos-de-arena-011-1-1-jpg.webp","width":700,"height":1024},{"@type":"BreadcrumbList","@id":"https:\/\/assitej.culturaescenica.es\/es_es\/editorial-assitej\/suzanne-lebeau\/el-ogrito-zapatos-de-arena\/#breadcrumb","itemListElement":[{"@type":"ListItem","position":1,"name":"Portada","item":"https:\/\/assitej.culturaescenica.es\/gl\/"},{"@type":"ListItem","position":2,"name":"Editorial Assitej","item":"https:\/\/assitej.culturaescenica.es\/es_es\/editorial-assitej\/"},{"@type":"ListItem","position":3,"name":"El ogrito \/ Zapatos de arena"}]},{"@type":"WebSite","@id":"https:\/\/assitej.culturaescenica.es\/gl\/#website","url":"https:\/\/assitej.culturaescenica.es\/gl\/","name":"ASSITEJ Espa\u00f1a","description":"ARTES ESC\u00c9NICAS PARA LA INFANCIA Y LA JUVENTUD","publisher":{"@id":"https:\/\/assitej.culturaescenica.es\/gl\/#organization"},"potentialAction":[{"@type":"SearchAction","target":{"@type":"EntryPoint","urlTemplate":"https:\/\/assitej.culturaescenica.es\/gl\/?s={search_term_string}"},"query-input":{"@type":"PropertyValueSpecification","valueRequired":true,"valueName":"search_term_string"}}],"inLanguage":"es"},{"@type":"Organization","@id":"https:\/\/assitej.culturaescenica.es\/gl\/#organization","name":"ASSITEJ Espa\u00f1a","url":"https:\/\/assitej.culturaescenica.es\/gl\/","logo":{"@type":"ImageObject","inLanguage":"es","@id":"https:\/\/assitej.culturaescenica.es\/gl\/#\/schema\/logo\/image\/","url":"https:\/\/assitej.es\/wp-content\/uploads\/Logo_ASSITEJ_Espana.RGB_2-1.png","contentUrl":"https:\/\/assitej.es\/wp-content\/uploads\/Logo_ASSITEJ_Espana.RGB_2-1.png","width":4934,"height":2287,"caption":"ASSITEJ Espa\u00f1a"},"image":{"@id":"https:\/\/assitej.culturaescenica.es\/gl\/#\/schema\/logo\/image\/"},"sameAs":["https:\/\/www.facebook.com\/assitejespana\/","https:\/\/x.com\/AssitejEspana","https:\/\/www.youtube.com\/channel\/UCv-2SDBzEmyORL5tPvsYgMw"]}]}},"_links":{"self":[{"href":"https:\/\/assitej.culturaescenica.es\/es_es\/wp-json\/wp\/v2\/product\/3223","targetHints":{"allow":["GET"]}}],"collection":[{"href":"https:\/\/assitej.culturaescenica.es\/es_es\/wp-json\/wp\/v2\/product"}],"about":[{"href":"https:\/\/assitej.culturaescenica.es\/es_es\/wp-json\/wp\/v2\/types\/product"}],"wp:featuredmedia":[{"embeddable":true,"href":"https:\/\/assitej.culturaescenica.es\/es_es\/wp-json\/wp\/v2\/media\/24336"}],"wp:attachment":[{"href":"https:\/\/assitej.culturaescenica.es\/es_es\/wp-json\/wp\/v2\/media?parent=3223"}],"wp:term":[{"taxonomy":"product_brand","embeddable":true,"href":"https:\/\/assitej.culturaescenica.es\/es_es\/wp-json\/wp\/v2\/product_brand?post=3223"},{"taxonomy":"product_cat","embeddable":true,"href":"https:\/\/assitej.culturaescenica.es\/es_es\/wp-json\/wp\/v2\/product_cat?post=3223"},{"taxonomy":"product_tag","embeddable":true,"href":"https:\/\/assitej.culturaescenica.es\/es_es\/wp-json\/wp\/v2\/product_tag?post=3223"}],"curies":[{"name":"wp","href":"https:\/\/api.w.org\/{rel}","templated":true}]}}