{"id":3217,"date":"2016-04-13T17:52:58","date_gmt":"2016-04-13T16:52:58","guid":{"rendered":"http:\/\/www.assitej.net\/?post_type=product&#038;p=3217"},"modified":"2024-12-11T15:22:52","modified_gmt":"2024-12-11T14:22:52","slug":"teoria-y-practica-del-taller-de-teatro","status":"publish","type":"product","link":"https:\/\/assitej.culturaescenica.es\/es_es\/editorial-assitej\/guillem-defak\/teoria-y-practica-del-taller-de-teatro\/","title":{"rendered":"TEOR\u00cdA Y PR\u00c1CTICA DEL TALLER DE TEATRO"},"content":{"rendered":"<p><strong><em>Teor\u00eda y pr\u00e1ctica del taller de teatro<\/em><\/strong>es un m\u00e9todo de ejercicios progresivos destinados a provocar la creatividad del ni\u00f1o. La parte pr\u00e1ctica del libro se cierra con un ap\u00e9ndice que contiene consejos y sugerencias de t\u00edtulos para la confecci\u00f3n de guiones, pr\u00e1cticas de taller y una serie de ejercicios psicof\u00edsicos. Se indican tambi\u00e9n los temas del Cuento y las Marionetas. Al m\u00e9todo pr\u00e1ctico precede una parte te\u00f3rica, imprescindible para la comprensi\u00f3n del punto de vista desde el cual el autor ha confeccionado este libro, que se cierra con una sucinta bibliograf\u00eda.Guillem d\u2019Efak naci\u00f3 en Guinea Ecuatorial en 1930 y falleci\u00f3 en Mallorca en 1995. Destac\u00f3 en diversos \u00e1mbitos de la cultura: actor, poeta, narrador, traductor y cantautor de la \u201cNova Can\u00e7\u00f3\u201d. Galardonado como cantante (premio \u201cSant Jordi\u201d y \u201cArtur Martorell\u201d), como poeta (el prestigioso \u201cCarles Ribas\u201d) y como autor teatral (\u201cUltima Hora\u201d, \u201cClub de Joves de Tarragona\u201d) edit\u00f3 seis discos y public\u00f3 veinte libros. Despu\u00e9s de morir su figura ha sido reconocida con la Medalla de Oro de las Islas Baleares (2011), la m\u00e1xima distinci\u00f3n que concede la Comunidad Aut\u00f3noma, por su defensa de la cultura y el territorio.<\/p>\n","protected":false},"excerpt":{"rendered":"<p><strong><em>Teor\u00eda y pr\u00e1ctica del taller de teatro<\/em><\/strong>es un m\u00e9todo de ejercicios progresivos destinados a provocar la creatividad del ni\u00f1o. La parte pr\u00e1ctica del libro se cierra con un ap\u00e9ndice que contiene consejos y sugerencias de t\u00edtulos para la confecci\u00f3n de guiones, pr\u00e1cticas de taller y una serie de ejercicios psicof\u00edsicos. Se indican tambi\u00e9n los temas del Cuento y las Marionetas. Al m\u00e9todo pr\u00e1ctico precede una parte te\u00f3rica, imprescindible para la comprensi\u00f3n del punto de vista desde el cual el autor ha confeccionado este libro, que se cierra con una sucinta bibliograf\u00eda.Guillem d\u2019Efak naci\u00f3 en Guinea Ecuatorial en 1930 y falleci\u00f3 en Mallorca en 1995. Destac\u00f3 en diversos \u00e1mbitos de la cultura: actor, poeta, narrador, traductor y cantautor de la \u201cNova Can\u00e7\u00f3\u201d. Galardonado como cantante (premio \u201cSant Jordi\u201d y \u201cArtur Martorell\u201d), como poeta (el prestigioso \u201cCarles Ribas\u201d) y como autor teatral (\u201cUltima Hora\u201d, \u201cClub de Joves de Tarragona\u201d) edit\u00f3 seis discos y public\u00f3 veinte libros. Despu\u00e9s de morir su figura ha sido reconocida con la Medalla de Oro de las Islas Baleares (2011), la m\u00e1xima distinci\u00f3n que concede la Comunidad Aut\u00f3noma, por su defensa de la cultura y el territorio.<\/p>\n","protected":false},"featured_media":24332,"template":"","meta":{"_acf_changed":false,"_links_to":"","_links_to_target":""},"product_brand":[],"product_cat":[90],"product_tag":[82],"class_list":{"0":"post-3217","1":"product","2":"type-product","3":"status-publish","4":"has-post-thumbnail","6":"product_cat-guillem-defak","7":"product_tag-coleccion-ensayo","8":"infinite-scroll-item","9":"","10":"woocommerce-text-align-left","11":"woocommerce-image-align-center","12":"do-quantity-buttons","14":"first","15":"outofstock","16":"taxable","17":"shipping-taxable","18":"purchasable","19":"product-type-simple"},"acf":[],"yoast_head":"<!-- This site is optimized with the Yoast SEO plugin v27.1.1 - https:\/\/yoast.com\/product\/yoast-seo-wordpress\/ -->\n<title>TEOR\u00cdA Y PR\u00c1CTICA DEL TALLER DE TEATRO - ASSITEJ Espa\u00f1a<\/title>\n<meta name=\"robots\" content=\"index, follow, max-snippet:-1, max-image-preview:large, max-video-preview:-1\" \/>\n<link rel=\"canonical\" href=\"https:\/\/assitej.culturaescenica.es\/es_es\/editorial-assitej\/guillem-defak\/teoria-y-practica-del-taller-de-teatro\/\" \/>\n<meta property=\"og:locale\" content=\"es_ES\" \/>\n<meta property=\"og:type\" content=\"article\" \/>\n<meta property=\"og:title\" content=\"TEOR\u00cdA Y PR\u00c1CTICA DEL TALLER DE TEATRO - ASSITEJ Espa\u00f1a\" \/>\n<meta property=\"og:description\" content=\"Teor\u00eda y pr\u00e1ctica del taller de teatroes un m\u00e9todo de ejercicios progresivos destinados a provocar la creatividad del ni\u00f1o. La parte pr\u00e1ctica del libro se cierra con un ap\u00e9ndice que contiene consejos y sugerencias de t\u00edtulos para la confecci\u00f3n de guiones, pr\u00e1cticas de taller y una serie de ejercicios psicof\u00edsicos. Se indican tambi\u00e9n los temas del Cuento y las Marionetas. Al m\u00e9todo pr\u00e1ctico precede una parte te\u00f3rica, imprescindible para la comprensi\u00f3n del punto de vista desde el cual el autor ha confeccionado este libro, que se cierra con una sucinta bibliograf\u00eda.Guillem d\u2019Efak naci\u00f3 en Guinea Ecuatorial en 1930 y falleci\u00f3 en Mallorca en 1995. Destac\u00f3 en diversos \u00e1mbitos de la cultura: actor, poeta, narrador, traductor y cantautor de la \u201cNova Can\u00e7\u00f3\u201d. Galardonado como cantante (premio \u201cSant Jordi\u201d y \u201cArtur Martorell\u201d), como poeta (el prestigioso \u201cCarles Ribas\u201d) y como autor teatral (\u201cUltima Hora\u201d, \u201cClub de Joves de Tarragona\u201d) edit\u00f3 seis discos y public\u00f3 veinte libros. Despu\u00e9s de morir su figura ha sido reconocida con la Medalla de Oro de las Islas Baleares (2011), la m\u00e1xima distinci\u00f3n que concede la Comunidad Aut\u00f3noma, por su defensa de la cultura y el territorio.\" \/>\n<meta property=\"og:url\" content=\"https:\/\/assitej.culturaescenica.es\/es_es\/editorial-assitej\/guillem-defak\/teoria-y-practica-del-taller-de-teatro\/\" \/>\n<meta property=\"og:site_name\" content=\"ASSITEJ Espa\u00f1a\" \/>\n<meta property=\"article:publisher\" content=\"https:\/\/www.facebook.com\/assitejespana\/\" \/>\n<meta property=\"article:modified_time\" content=\"2024-12-11T14:22:52+00:00\" \/>\n<meta property=\"og:image\" content=\"https:\/\/assitej.culturaescenica.es\/wp-content\/uploads\/tallerTeatroCover-1-jpg.webp\" \/>\n\t<meta property=\"og:image:width\" content=\"200\" \/>\n\t<meta property=\"og:image:height\" content=\"281\" \/>\n\t<meta property=\"og:image:type\" content=\"image\/jpeg\" \/>\n<meta name=\"twitter:card\" content=\"summary_large_image\" \/>\n<meta name=\"twitter:site\" content=\"@AssitejEspana\" \/>\n<meta name=\"twitter:label1\" content=\"Tiempo de lectura\" \/>\n\t<meta name=\"twitter:data1\" content=\"1 minuto\" \/>\n<script type=\"application\/ld+json\" class=\"yoast-schema-graph\">{\"@context\":\"https:\/\/schema.org\",\"@graph\":[{\"@type\":\"WebPage\",\"@id\":\"https:\/\/assitej.culturaescenica.es\/eu\/editorial-assitej\/guillem-defak\/teoria-y-practica-del-taller-de-teatro\/\",\"url\":\"https:\/\/assitej.culturaescenica.es\/eu\/editorial-assitej\/guillem-defak\/teoria-y-practica-del-taller-de-teatro\/\",\"name\":\"TEOR\u00cdA Y PR\u00c1CTICA DEL TALLER DE TEATRO - ASSITEJ Espa\u00f1a\",\"isPartOf\":{\"@id\":\"https:\/\/assitej.culturaescenica.es\/gl\/#website\"},\"primaryImageOfPage\":{\"@id\":\"https:\/\/assitej.culturaescenica.es\/eu\/editorial-assitej\/guillem-defak\/teoria-y-practica-del-taller-de-teatro\/#primaryimage\"},\"image\":{\"@id\":\"https:\/\/assitej.culturaescenica.es\/eu\/editorial-assitej\/guillem-defak\/teoria-y-practica-del-taller-de-teatro\/#primaryimage\"},\"thumbnailUrl\":\"https:\/\/assitej.culturaescenica.es\/wp-content\/uploads\/tallerTeatroCover-1-jpg.webp\",\"datePublished\":\"2016-04-13T16:52:58+00:00\",\"dateModified\":\"2024-12-11T14:22:52+00:00\",\"breadcrumb\":{\"@id\":\"https:\/\/assitej.culturaescenica.es\/eu\/editorial-assitej\/guillem-defak\/teoria-y-practica-del-taller-de-teatro\/#breadcrumb\"},\"inLanguage\":\"es\",\"potentialAction\":[{\"@type\":\"ReadAction\",\"target\":[\"https:\/\/assitej.culturaescenica.es\/eu\/editorial-assitej\/guillem-defak\/teoria-y-practica-del-taller-de-teatro\/\"]}]},{\"@type\":\"ImageObject\",\"inLanguage\":\"es\",\"@id\":\"https:\/\/assitej.culturaescenica.es\/eu\/editorial-assitej\/guillem-defak\/teoria-y-practica-del-taller-de-teatro\/#primaryimage\",\"url\":\"https:\/\/assitej.culturaescenica.es\/wp-content\/uploads\/tallerTeatroCover-1-jpg.webp\",\"contentUrl\":\"https:\/\/assitej.culturaescenica.es\/wp-content\/uploads\/tallerTeatroCover-1-jpg.webp\",\"width\":200,\"height\":281},{\"@type\":\"BreadcrumbList\",\"@id\":\"https:\/\/assitej.culturaescenica.es\/eu\/editorial-assitej\/guillem-defak\/teoria-y-practica-del-taller-de-teatro\/#breadcrumb\",\"itemListElement\":[{\"@type\":\"ListItem\",\"position\":1,\"name\":\"Portada\",\"item\":\"https:\/\/assitej.culturaescenica.es\/gl\/\"},{\"@type\":\"ListItem\",\"position\":2,\"name\":\"Editorial Assitej\",\"item\":\"https:\/\/assitej.culturaescenica.es\/es_es\/editorial-assitej\/\"},{\"@type\":\"ListItem\",\"position\":3,\"name\":\"TEOR\u00cdA Y PR\u00c1CTICA DEL TALLER DE TEATRO\"}]},{\"@type\":\"WebSite\",\"@id\":\"https:\/\/assitej.culturaescenica.es\/gl\/#website\",\"url\":\"https:\/\/assitej.culturaescenica.es\/gl\/\",\"name\":\"ASSITEJ Espa\u00f1a\",\"description\":\"ARTES ESC\u00c9NICAS PARA LA INFANCIA Y LA JUVENTUD\",\"publisher\":{\"@id\":\"https:\/\/assitej.culturaescenica.es\/gl\/#organization\"},\"potentialAction\":[{\"@type\":\"SearchAction\",\"target\":{\"@type\":\"EntryPoint\",\"urlTemplate\":\"https:\/\/assitej.culturaescenica.es\/gl\/?s={search_term_string}\"},\"query-input\":{\"@type\":\"PropertyValueSpecification\",\"valueRequired\":true,\"valueName\":\"search_term_string\"}}],\"inLanguage\":\"es\"},{\"@type\":\"Organization\",\"@id\":\"https:\/\/assitej.culturaescenica.es\/gl\/#organization\",\"name\":\"ASSITEJ Espa\u00f1a\",\"url\":\"https:\/\/assitej.culturaescenica.es\/gl\/\",\"logo\":{\"@type\":\"ImageObject\",\"inLanguage\":\"es\",\"@id\":\"https:\/\/assitej.culturaescenica.es\/gl\/#\/schema\/logo\/image\/\",\"url\":\"https:\/\/assitej.es\/wp-content\/uploads\/Logo_ASSITEJ_Espana.RGB_2-1.png\",\"contentUrl\":\"https:\/\/assitej.es\/wp-content\/uploads\/Logo_ASSITEJ_Espana.RGB_2-1.png\",\"width\":4934,\"height\":2287,\"caption\":\"ASSITEJ Espa\u00f1a\"},\"image\":{\"@id\":\"https:\/\/assitej.culturaescenica.es\/gl\/#\/schema\/logo\/image\/\"},\"sameAs\":[\"https:\/\/www.facebook.com\/assitejespana\/\",\"https:\/\/x.com\/AssitejEspana\",\"https:\/\/www.youtube.com\/channel\/UCv-2SDBzEmyORL5tPvsYgMw\"]}]}<\/script>\n<!-- \/ Yoast SEO plugin. -->","yoast_head_json":{"title":"TEOR\u00cdA Y PR\u00c1CTICA DEL TALLER DE TEATRO - ASSITEJ Espa\u00f1a","robots":{"index":"index","follow":"follow","max-snippet":"max-snippet:-1","max-image-preview":"max-image-preview:large","max-video-preview":"max-video-preview:-1"},"canonical":"https:\/\/assitej.culturaescenica.es\/es_es\/editorial-assitej\/guillem-defak\/teoria-y-practica-del-taller-de-teatro\/","og_locale":"es_ES","og_type":"article","og_title":"TEOR\u00cdA Y PR\u00c1CTICA DEL TALLER DE TEATRO - ASSITEJ Espa\u00f1a","og_description":"Teor\u00eda y pr\u00e1ctica del taller de teatroes un m\u00e9todo de ejercicios progresivos destinados a provocar la creatividad del ni\u00f1o. La parte pr\u00e1ctica del libro se cierra con un ap\u00e9ndice que contiene consejos y sugerencias de t\u00edtulos para la confecci\u00f3n de guiones, pr\u00e1cticas de taller y una serie de ejercicios psicof\u00edsicos. Se indican tambi\u00e9n los temas del Cuento y las Marionetas. Al m\u00e9todo pr\u00e1ctico precede una parte te\u00f3rica, imprescindible para la comprensi\u00f3n del punto de vista desde el cual el autor ha confeccionado este libro, que se cierra con una sucinta bibliograf\u00eda.Guillem d\u2019Efak naci\u00f3 en Guinea Ecuatorial en 1930 y falleci\u00f3 en Mallorca en 1995. Destac\u00f3 en diversos \u00e1mbitos de la cultura: actor, poeta, narrador, traductor y cantautor de la \u201cNova Can\u00e7\u00f3\u201d. Galardonado como cantante (premio \u201cSant Jordi\u201d y \u201cArtur Martorell\u201d), como poeta (el prestigioso \u201cCarles Ribas\u201d) y como autor teatral (\u201cUltima Hora\u201d, \u201cClub de Joves de Tarragona\u201d) edit\u00f3 seis discos y public\u00f3 veinte libros. Despu\u00e9s de morir su figura ha sido reconocida con la Medalla de Oro de las Islas Baleares (2011), la m\u00e1xima distinci\u00f3n que concede la Comunidad Aut\u00f3noma, por su defensa de la cultura y el territorio.","og_url":"https:\/\/assitej.culturaescenica.es\/es_es\/editorial-assitej\/guillem-defak\/teoria-y-practica-del-taller-de-teatro\/","og_site_name":"ASSITEJ Espa\u00f1a","article_publisher":"https:\/\/www.facebook.com\/assitejespana\/","article_modified_time":"2024-12-11T14:22:52+00:00","og_image":[{"width":200,"height":281,"url":"https:\/\/assitej.culturaescenica.es\/wp-content\/uploads\/tallerTeatroCover-1-jpg.webp","type":"image\/jpeg"}],"twitter_card":"summary_large_image","twitter_site":"@AssitejEspana","twitter_misc":{"Tiempo de lectura":"1 minuto"},"schema":{"@context":"https:\/\/schema.org","@graph":[{"@type":"WebPage","@id":"https:\/\/assitej.culturaescenica.es\/eu\/editorial-assitej\/guillem-defak\/teoria-y-practica-del-taller-de-teatro\/","url":"https:\/\/assitej.culturaescenica.es\/eu\/editorial-assitej\/guillem-defak\/teoria-y-practica-del-taller-de-teatro\/","name":"TEOR\u00cdA Y PR\u00c1CTICA DEL TALLER DE TEATRO - ASSITEJ Espa\u00f1a","isPartOf":{"@id":"https:\/\/assitej.culturaescenica.es\/gl\/#website"},"primaryImageOfPage":{"@id":"https:\/\/assitej.culturaescenica.es\/eu\/editorial-assitej\/guillem-defak\/teoria-y-practica-del-taller-de-teatro\/#primaryimage"},"image":{"@id":"https:\/\/assitej.culturaescenica.es\/eu\/editorial-assitej\/guillem-defak\/teoria-y-practica-del-taller-de-teatro\/#primaryimage"},"thumbnailUrl":"https:\/\/assitej.culturaescenica.es\/wp-content\/uploads\/tallerTeatroCover-1-jpg.webp","datePublished":"2016-04-13T16:52:58+00:00","dateModified":"2024-12-11T14:22:52+00:00","breadcrumb":{"@id":"https:\/\/assitej.culturaescenica.es\/eu\/editorial-assitej\/guillem-defak\/teoria-y-practica-del-taller-de-teatro\/#breadcrumb"},"inLanguage":"es","potentialAction":[{"@type":"ReadAction","target":["https:\/\/assitej.culturaescenica.es\/eu\/editorial-assitej\/guillem-defak\/teoria-y-practica-del-taller-de-teatro\/"]}]},{"@type":"ImageObject","inLanguage":"es","@id":"https:\/\/assitej.culturaescenica.es\/eu\/editorial-assitej\/guillem-defak\/teoria-y-practica-del-taller-de-teatro\/#primaryimage","url":"https:\/\/assitej.culturaescenica.es\/wp-content\/uploads\/tallerTeatroCover-1-jpg.webp","contentUrl":"https:\/\/assitej.culturaescenica.es\/wp-content\/uploads\/tallerTeatroCover-1-jpg.webp","width":200,"height":281},{"@type":"BreadcrumbList","@id":"https:\/\/assitej.culturaescenica.es\/eu\/editorial-assitej\/guillem-defak\/teoria-y-practica-del-taller-de-teatro\/#breadcrumb","itemListElement":[{"@type":"ListItem","position":1,"name":"Portada","item":"https:\/\/assitej.culturaescenica.es\/gl\/"},{"@type":"ListItem","position":2,"name":"Editorial Assitej","item":"https:\/\/assitej.culturaescenica.es\/es_es\/editorial-assitej\/"},{"@type":"ListItem","position":3,"name":"TEOR\u00cdA Y PR\u00c1CTICA DEL TALLER DE TEATRO"}]},{"@type":"WebSite","@id":"https:\/\/assitej.culturaescenica.es\/gl\/#website","url":"https:\/\/assitej.culturaescenica.es\/gl\/","name":"ASSITEJ Espa\u00f1a","description":"ARTES ESC\u00c9NICAS PARA LA INFANCIA Y LA JUVENTUD","publisher":{"@id":"https:\/\/assitej.culturaescenica.es\/gl\/#organization"},"potentialAction":[{"@type":"SearchAction","target":{"@type":"EntryPoint","urlTemplate":"https:\/\/assitej.culturaescenica.es\/gl\/?s={search_term_string}"},"query-input":{"@type":"PropertyValueSpecification","valueRequired":true,"valueName":"search_term_string"}}],"inLanguage":"es"},{"@type":"Organization","@id":"https:\/\/assitej.culturaescenica.es\/gl\/#organization","name":"ASSITEJ Espa\u00f1a","url":"https:\/\/assitej.culturaescenica.es\/gl\/","logo":{"@type":"ImageObject","inLanguage":"es","@id":"https:\/\/assitej.culturaescenica.es\/gl\/#\/schema\/logo\/image\/","url":"https:\/\/assitej.es\/wp-content\/uploads\/Logo_ASSITEJ_Espana.RGB_2-1.png","contentUrl":"https:\/\/assitej.es\/wp-content\/uploads\/Logo_ASSITEJ_Espana.RGB_2-1.png","width":4934,"height":2287,"caption":"ASSITEJ Espa\u00f1a"},"image":{"@id":"https:\/\/assitej.culturaescenica.es\/gl\/#\/schema\/logo\/image\/"},"sameAs":["https:\/\/www.facebook.com\/assitejespana\/","https:\/\/x.com\/AssitejEspana","https:\/\/www.youtube.com\/channel\/UCv-2SDBzEmyORL5tPvsYgMw"]}]}},"_links":{"self":[{"href":"https:\/\/assitej.culturaescenica.es\/es_es\/wp-json\/wp\/v2\/product\/3217","targetHints":{"allow":["GET"]}}],"collection":[{"href":"https:\/\/assitej.culturaescenica.es\/es_es\/wp-json\/wp\/v2\/product"}],"about":[{"href":"https:\/\/assitej.culturaescenica.es\/es_es\/wp-json\/wp\/v2\/types\/product"}],"wp:featuredmedia":[{"embeddable":true,"href":"https:\/\/assitej.culturaescenica.es\/es_es\/wp-json\/wp\/v2\/media\/24332"}],"wp:attachment":[{"href":"https:\/\/assitej.culturaescenica.es\/es_es\/wp-json\/wp\/v2\/media?parent=3217"}],"wp:term":[{"taxonomy":"product_brand","embeddable":true,"href":"https:\/\/assitej.culturaescenica.es\/es_es\/wp-json\/wp\/v2\/product_brand?post=3217"},{"taxonomy":"product_cat","embeddable":true,"href":"https:\/\/assitej.culturaescenica.es\/es_es\/wp-json\/wp\/v2\/product_cat?post=3217"},{"taxonomy":"product_tag","embeddable":true,"href":"https:\/\/assitej.culturaescenica.es\/es_es\/wp-json\/wp\/v2\/product_tag?post=3217"}],"curies":[{"name":"wp","href":"https:\/\/api.w.org\/{rel}","templated":true}]}}