{"id":3215,"date":"2016-04-13T17:51:40","date_gmt":"2016-04-13T16:51:40","guid":{"rendered":"http:\/\/www.assitej.net\/?post_type=product&#038;p=3215"},"modified":"2024-12-11T15:22:57","modified_gmt":"2024-12-11T14:22:57","slug":"panorama-de-los-libros-teatrales-para-ninos-y-jovenes","status":"publish","type":"product","link":"https:\/\/assitej.culturaescenica.es\/es_es\/editorial-assitej\/berta-munoz-caliz\/panorama-de-los-libros-teatrales-para-ninos-y-jovenes\/","title":{"rendered":"PANORAMA DE LOS LIBROS TEATRALES PARA NI\u00d1OS Y J\u00d3VENES"},"content":{"rendered":"<p>Los libros de teatro para ni\u00f1os y j\u00f3venes son los grandes desconocidos de la literatura infantil y juvenil. Este trabajo est\u00e1 realizado desde el prop\u00f3sito de acercar estos textos no s\u00f3lo a sus destinatarios habituales, los docentes que imparten talleres de teatro, sino tambi\u00e9n a profesores de lengua y literatura, y en general, a todos aquellos que busquen libros de lectura atractivos para ni\u00f1os y j\u00f3venes, ya que una de las ideas que aqu\u00ed se defiende es la necesidad de acceder a la lectura de obras teatrales durante la etapa escolar. Tambi\u00e9n se dirige a los interesados por el teatro en general, pues la consideraci\u00f3n del teatro para ni\u00f1os como un g\u00e9nero menor que no merece ser analizado es fruto de una visi\u00f3n hoy superada.Para orientar a los interesados en la b\u00fasqueda de estos textos, se han esbozado las principales l\u00edneas tem\u00e1ticas que estos abordan, y se ha incluido informaci\u00f3n de car\u00e1cter pr\u00e1ctico sobre las caracter\u00edsticas de las principales colecciones que actualmente se publican, as\u00ed como una breve gu\u00eda de recursos para acceder a estos libros.<\/p>\n","protected":false},"excerpt":{"rendered":"<p>Los libros de teatro para ni\u00f1os y j\u00f3venes son los grandes desconocidos de la literatura infantil y juvenil. Este trabajo est\u00e1 realizado desde el prop\u00f3sito de acercar estos textos no s\u00f3lo a sus destinatarios habituales, los docentes que imparten talleres de teatro, sino tambi\u00e9n a profesores de lengua y literatura, y en general, a todos aquellos que busquen libros de lectura atractivos para ni\u00f1os y j\u00f3venes, ya que una de las ideas que aqu\u00ed se defiende es la necesidad de acceder a la lectura de obras teatrales durante la etapa escolar. Tambi\u00e9n se dirige a los interesados por el teatro en general, pues la consideraci\u00f3n del teatro para ni\u00f1os como un g\u00e9nero menor que no merece ser analizado es fruto de una visi\u00f3n hoy superada.Para orientar a los interesados en la b\u00fasqueda de estos textos, se han esbozado las principales l\u00edneas tem\u00e1ticas que estos abordan, y se ha incluido informaci\u00f3n de car\u00e1cter pr\u00e1ctico sobre las caracter\u00edsticas de las principales colecciones que actualmente se publican, as\u00ed como una breve gu\u00eda de recursos para acceder a estos libros.<\/p>\n","protected":false},"featured_media":24331,"template":"","meta":{"_acf_changed":false,"_links_to":"","_links_to_target":""},"product_brand":[],"product_cat":[87],"product_tag":[82],"class_list":{"0":"post-3215","1":"product","2":"type-product","3":"status-publish","4":"has-post-thumbnail","6":"product_cat-berta-munoz-caliz","7":"product_tag-coleccion-ensayo","8":"infinite-scroll-item","9":"","10":"woocommerce-text-align-left","11":"woocommerce-image-align-center","12":"do-quantity-buttons","14":"first","15":"instock","16":"taxable","17":"shipping-taxable","18":"purchasable","19":"product-type-simple"},"acf":[],"yoast_head":"<!-- This site is optimized with the Yoast SEO plugin v27.1.1 - https:\/\/yoast.com\/product\/yoast-seo-wordpress\/ -->\n<title>PANORAMA DE LOS LIBROS TEATRALES PARA NI\u00d1OS Y J\u00d3VENES - ASSITEJ Espa\u00f1a<\/title>\n<meta name=\"robots\" content=\"index, follow, max-snippet:-1, max-image-preview:large, max-video-preview:-1\" \/>\n<link rel=\"canonical\" href=\"https:\/\/assitej.culturaescenica.es\/es_es\/editorial-assitej\/berta-munoz-caliz\/panorama-de-los-libros-teatrales-para-ninos-y-jovenes\/\" \/>\n<meta property=\"og:locale\" content=\"es_ES\" \/>\n<meta property=\"og:type\" content=\"article\" \/>\n<meta property=\"og:title\" content=\"PANORAMA DE LOS LIBROS TEATRALES PARA NI\u00d1OS Y J\u00d3VENES - ASSITEJ Espa\u00f1a\" \/>\n<meta property=\"og:description\" content=\"Los libros de teatro para ni\u00f1os y j\u00f3venes son los grandes desconocidos de la literatura infantil y juvenil. Este trabajo est\u00e1 realizado desde el prop\u00f3sito de acercar estos textos no s\u00f3lo a sus destinatarios habituales, los docentes que imparten talleres de teatro, sino tambi\u00e9n a profesores de lengua y literatura, y en general, a todos aquellos que busquen libros de lectura atractivos para ni\u00f1os y j\u00f3venes, ya que una de las ideas que aqu\u00ed se defiende es la necesidad de acceder a la lectura de obras teatrales durante la etapa escolar. Tambi\u00e9n se dirige a los interesados por el teatro en general, pues la consideraci\u00f3n del teatro para ni\u00f1os como un g\u00e9nero menor que no merece ser analizado es fruto de una visi\u00f3n hoy superada.Para orientar a los interesados en la b\u00fasqueda de estos textos, se han esbozado las principales l\u00edneas tem\u00e1ticas que estos abordan, y se ha incluido informaci\u00f3n de car\u00e1cter pr\u00e1ctico sobre las caracter\u00edsticas de las principales colecciones que actualmente se publican, as\u00ed como una breve gu\u00eda de recursos para acceder a estos libros.\" \/>\n<meta property=\"og:url\" content=\"https:\/\/assitej.culturaescenica.es\/es_es\/editorial-assitej\/berta-munoz-caliz\/panorama-de-los-libros-teatrales-para-ninos-y-jovenes\/\" \/>\n<meta property=\"og:site_name\" content=\"ASSITEJ Espa\u00f1a\" \/>\n<meta property=\"article:publisher\" content=\"https:\/\/www.facebook.com\/assitejespana\/\" \/>\n<meta property=\"article:modified_time\" content=\"2024-12-11T14:22:57+00:00\" \/>\n<meta property=\"og:image\" content=\"https:\/\/assitej.culturaescenica.es\/wp-content\/uploads\/panorama-libros-teatrales-1-jpg.webp\" \/>\n\t<meta property=\"og:image:width\" content=\"498\" \/>\n\t<meta property=\"og:image:height\" content=\"700\" \/>\n\t<meta property=\"og:image:type\" content=\"image\/jpeg\" \/>\n<meta name=\"twitter:card\" content=\"summary_large_image\" \/>\n<meta name=\"twitter:site\" content=\"@AssitejEspana\" \/>\n<meta name=\"twitter:label1\" content=\"Tiempo de lectura\" \/>\n\t<meta name=\"twitter:data1\" content=\"1 minuto\" \/>\n<script type=\"application\/ld+json\" class=\"yoast-schema-graph\">{\"@context\":\"https:\/\/schema.org\",\"@graph\":[{\"@type\":\"WebPage\",\"@id\":\"https:\/\/assitej.culturaescenica.es\/eu\/editorial-assitej\/berta-munoz-caliz\/panorama-de-los-libros-teatrales-para-ninos-y-jovenes\/\",\"url\":\"https:\/\/assitej.culturaescenica.es\/eu\/editorial-assitej\/berta-munoz-caliz\/panorama-de-los-libros-teatrales-para-ninos-y-jovenes\/\",\"name\":\"PANORAMA DE LOS LIBROS TEATRALES PARA NI\u00d1OS Y J\u00d3VENES - ASSITEJ Espa\u00f1a\",\"isPartOf\":{\"@id\":\"https:\/\/assitej.culturaescenica.es\/gl\/#website\"},\"primaryImageOfPage\":{\"@id\":\"https:\/\/assitej.culturaescenica.es\/eu\/editorial-assitej\/berta-munoz-caliz\/panorama-de-los-libros-teatrales-para-ninos-y-jovenes\/#primaryimage\"},\"image\":{\"@id\":\"https:\/\/assitej.culturaescenica.es\/eu\/editorial-assitej\/berta-munoz-caliz\/panorama-de-los-libros-teatrales-para-ninos-y-jovenes\/#primaryimage\"},\"thumbnailUrl\":\"https:\/\/assitej.culturaescenica.es\/wp-content\/uploads\/panorama-libros-teatrales-1-jpg.webp\",\"datePublished\":\"2016-04-13T16:51:40+00:00\",\"dateModified\":\"2024-12-11T14:22:57+00:00\",\"breadcrumb\":{\"@id\":\"https:\/\/assitej.culturaescenica.es\/eu\/editorial-assitej\/berta-munoz-caliz\/panorama-de-los-libros-teatrales-para-ninos-y-jovenes\/#breadcrumb\"},\"inLanguage\":\"es\",\"potentialAction\":[{\"@type\":\"ReadAction\",\"target\":[\"https:\/\/assitej.culturaescenica.es\/eu\/editorial-assitej\/berta-munoz-caliz\/panorama-de-los-libros-teatrales-para-ninos-y-jovenes\/\"]}]},{\"@type\":\"ImageObject\",\"inLanguage\":\"es\",\"@id\":\"https:\/\/assitej.culturaescenica.es\/eu\/editorial-assitej\/berta-munoz-caliz\/panorama-de-los-libros-teatrales-para-ninos-y-jovenes\/#primaryimage\",\"url\":\"https:\/\/assitej.culturaescenica.es\/wp-content\/uploads\/panorama-libros-teatrales-1-jpg.webp\",\"contentUrl\":\"https:\/\/assitej.culturaescenica.es\/wp-content\/uploads\/panorama-libros-teatrales-1-jpg.webp\",\"width\":498,\"height\":700},{\"@type\":\"BreadcrumbList\",\"@id\":\"https:\/\/assitej.culturaescenica.es\/eu\/editorial-assitej\/berta-munoz-caliz\/panorama-de-los-libros-teatrales-para-ninos-y-jovenes\/#breadcrumb\",\"itemListElement\":[{\"@type\":\"ListItem\",\"position\":1,\"name\":\"Portada\",\"item\":\"https:\/\/assitej.culturaescenica.es\/gl\/\"},{\"@type\":\"ListItem\",\"position\":2,\"name\":\"Editorial Assitej\",\"item\":\"https:\/\/assitej.culturaescenica.es\/es_es\/editorial-assitej\/\"},{\"@type\":\"ListItem\",\"position\":3,\"name\":\"PANORAMA DE LOS LIBROS TEATRALES PARA NI\u00d1OS Y J\u00d3VENES\"}]},{\"@type\":\"WebSite\",\"@id\":\"https:\/\/assitej.culturaescenica.es\/gl\/#website\",\"url\":\"https:\/\/assitej.culturaescenica.es\/gl\/\",\"name\":\"ASSITEJ Espa\u00f1a\",\"description\":\"ARTES ESC\u00c9NICAS PARA LA INFANCIA Y LA JUVENTUD\",\"publisher\":{\"@id\":\"https:\/\/assitej.culturaescenica.es\/gl\/#organization\"},\"potentialAction\":[{\"@type\":\"SearchAction\",\"target\":{\"@type\":\"EntryPoint\",\"urlTemplate\":\"https:\/\/assitej.culturaescenica.es\/gl\/?s={search_term_string}\"},\"query-input\":{\"@type\":\"PropertyValueSpecification\",\"valueRequired\":true,\"valueName\":\"search_term_string\"}}],\"inLanguage\":\"es\"},{\"@type\":\"Organization\",\"@id\":\"https:\/\/assitej.culturaescenica.es\/gl\/#organization\",\"name\":\"ASSITEJ Espa\u00f1a\",\"url\":\"https:\/\/assitej.culturaescenica.es\/gl\/\",\"logo\":{\"@type\":\"ImageObject\",\"inLanguage\":\"es\",\"@id\":\"https:\/\/assitej.culturaescenica.es\/gl\/#\/schema\/logo\/image\/\",\"url\":\"https:\/\/assitej.es\/wp-content\/uploads\/Logo_ASSITEJ_Espana.RGB_2-1.png\",\"contentUrl\":\"https:\/\/assitej.es\/wp-content\/uploads\/Logo_ASSITEJ_Espana.RGB_2-1.png\",\"width\":4934,\"height\":2287,\"caption\":\"ASSITEJ Espa\u00f1a\"},\"image\":{\"@id\":\"https:\/\/assitej.culturaescenica.es\/gl\/#\/schema\/logo\/image\/\"},\"sameAs\":[\"https:\/\/www.facebook.com\/assitejespana\/\",\"https:\/\/x.com\/AssitejEspana\",\"https:\/\/www.youtube.com\/channel\/UCv-2SDBzEmyORL5tPvsYgMw\"]}]}<\/script>\n<!-- \/ Yoast SEO plugin. -->","yoast_head_json":{"title":"PANORAMA DE LOS LIBROS TEATRALES PARA NI\u00d1OS Y J\u00d3VENES - ASSITEJ Espa\u00f1a","robots":{"index":"index","follow":"follow","max-snippet":"max-snippet:-1","max-image-preview":"max-image-preview:large","max-video-preview":"max-video-preview:-1"},"canonical":"https:\/\/assitej.culturaescenica.es\/es_es\/editorial-assitej\/berta-munoz-caliz\/panorama-de-los-libros-teatrales-para-ninos-y-jovenes\/","og_locale":"es_ES","og_type":"article","og_title":"PANORAMA DE LOS LIBROS TEATRALES PARA NI\u00d1OS Y J\u00d3VENES - ASSITEJ Espa\u00f1a","og_description":"Los libros de teatro para ni\u00f1os y j\u00f3venes son los grandes desconocidos de la literatura infantil y juvenil. Este trabajo est\u00e1 realizado desde el prop\u00f3sito de acercar estos textos no s\u00f3lo a sus destinatarios habituales, los docentes que imparten talleres de teatro, sino tambi\u00e9n a profesores de lengua y literatura, y en general, a todos aquellos que busquen libros de lectura atractivos para ni\u00f1os y j\u00f3venes, ya que una de las ideas que aqu\u00ed se defiende es la necesidad de acceder a la lectura de obras teatrales durante la etapa escolar. Tambi\u00e9n se dirige a los interesados por el teatro en general, pues la consideraci\u00f3n del teatro para ni\u00f1os como un g\u00e9nero menor que no merece ser analizado es fruto de una visi\u00f3n hoy superada.Para orientar a los interesados en la b\u00fasqueda de estos textos, se han esbozado las principales l\u00edneas tem\u00e1ticas que estos abordan, y se ha incluido informaci\u00f3n de car\u00e1cter pr\u00e1ctico sobre las caracter\u00edsticas de las principales colecciones que actualmente se publican, as\u00ed como una breve gu\u00eda de recursos para acceder a estos libros.","og_url":"https:\/\/assitej.culturaescenica.es\/es_es\/editorial-assitej\/berta-munoz-caliz\/panorama-de-los-libros-teatrales-para-ninos-y-jovenes\/","og_site_name":"ASSITEJ Espa\u00f1a","article_publisher":"https:\/\/www.facebook.com\/assitejespana\/","article_modified_time":"2024-12-11T14:22:57+00:00","og_image":[{"width":498,"height":700,"url":"https:\/\/assitej.culturaescenica.es\/wp-content\/uploads\/panorama-libros-teatrales-1-jpg.webp","type":"image\/jpeg"}],"twitter_card":"summary_large_image","twitter_site":"@AssitejEspana","twitter_misc":{"Tiempo de lectura":"1 minuto"},"schema":{"@context":"https:\/\/schema.org","@graph":[{"@type":"WebPage","@id":"https:\/\/assitej.culturaescenica.es\/eu\/editorial-assitej\/berta-munoz-caliz\/panorama-de-los-libros-teatrales-para-ninos-y-jovenes\/","url":"https:\/\/assitej.culturaescenica.es\/eu\/editorial-assitej\/berta-munoz-caliz\/panorama-de-los-libros-teatrales-para-ninos-y-jovenes\/","name":"PANORAMA DE LOS LIBROS TEATRALES PARA NI\u00d1OS Y J\u00d3VENES - ASSITEJ Espa\u00f1a","isPartOf":{"@id":"https:\/\/assitej.culturaescenica.es\/gl\/#website"},"primaryImageOfPage":{"@id":"https:\/\/assitej.culturaescenica.es\/eu\/editorial-assitej\/berta-munoz-caliz\/panorama-de-los-libros-teatrales-para-ninos-y-jovenes\/#primaryimage"},"image":{"@id":"https:\/\/assitej.culturaescenica.es\/eu\/editorial-assitej\/berta-munoz-caliz\/panorama-de-los-libros-teatrales-para-ninos-y-jovenes\/#primaryimage"},"thumbnailUrl":"https:\/\/assitej.culturaescenica.es\/wp-content\/uploads\/panorama-libros-teatrales-1-jpg.webp","datePublished":"2016-04-13T16:51:40+00:00","dateModified":"2024-12-11T14:22:57+00:00","breadcrumb":{"@id":"https:\/\/assitej.culturaescenica.es\/eu\/editorial-assitej\/berta-munoz-caliz\/panorama-de-los-libros-teatrales-para-ninos-y-jovenes\/#breadcrumb"},"inLanguage":"es","potentialAction":[{"@type":"ReadAction","target":["https:\/\/assitej.culturaescenica.es\/eu\/editorial-assitej\/berta-munoz-caliz\/panorama-de-los-libros-teatrales-para-ninos-y-jovenes\/"]}]},{"@type":"ImageObject","inLanguage":"es","@id":"https:\/\/assitej.culturaescenica.es\/eu\/editorial-assitej\/berta-munoz-caliz\/panorama-de-los-libros-teatrales-para-ninos-y-jovenes\/#primaryimage","url":"https:\/\/assitej.culturaescenica.es\/wp-content\/uploads\/panorama-libros-teatrales-1-jpg.webp","contentUrl":"https:\/\/assitej.culturaescenica.es\/wp-content\/uploads\/panorama-libros-teatrales-1-jpg.webp","width":498,"height":700},{"@type":"BreadcrumbList","@id":"https:\/\/assitej.culturaescenica.es\/eu\/editorial-assitej\/berta-munoz-caliz\/panorama-de-los-libros-teatrales-para-ninos-y-jovenes\/#breadcrumb","itemListElement":[{"@type":"ListItem","position":1,"name":"Portada","item":"https:\/\/assitej.culturaescenica.es\/gl\/"},{"@type":"ListItem","position":2,"name":"Editorial Assitej","item":"https:\/\/assitej.culturaescenica.es\/es_es\/editorial-assitej\/"},{"@type":"ListItem","position":3,"name":"PANORAMA DE LOS LIBROS TEATRALES PARA NI\u00d1OS Y J\u00d3VENES"}]},{"@type":"WebSite","@id":"https:\/\/assitej.culturaescenica.es\/gl\/#website","url":"https:\/\/assitej.culturaescenica.es\/gl\/","name":"ASSITEJ Espa\u00f1a","description":"ARTES ESC\u00c9NICAS PARA LA INFANCIA Y LA JUVENTUD","publisher":{"@id":"https:\/\/assitej.culturaescenica.es\/gl\/#organization"},"potentialAction":[{"@type":"SearchAction","target":{"@type":"EntryPoint","urlTemplate":"https:\/\/assitej.culturaescenica.es\/gl\/?s={search_term_string}"},"query-input":{"@type":"PropertyValueSpecification","valueRequired":true,"valueName":"search_term_string"}}],"inLanguage":"es"},{"@type":"Organization","@id":"https:\/\/assitej.culturaescenica.es\/gl\/#organization","name":"ASSITEJ Espa\u00f1a","url":"https:\/\/assitej.culturaescenica.es\/gl\/","logo":{"@type":"ImageObject","inLanguage":"es","@id":"https:\/\/assitej.culturaescenica.es\/gl\/#\/schema\/logo\/image\/","url":"https:\/\/assitej.es\/wp-content\/uploads\/Logo_ASSITEJ_Espana.RGB_2-1.png","contentUrl":"https:\/\/assitej.es\/wp-content\/uploads\/Logo_ASSITEJ_Espana.RGB_2-1.png","width":4934,"height":2287,"caption":"ASSITEJ Espa\u00f1a"},"image":{"@id":"https:\/\/assitej.culturaescenica.es\/gl\/#\/schema\/logo\/image\/"},"sameAs":["https:\/\/www.facebook.com\/assitejespana\/","https:\/\/x.com\/AssitejEspana","https:\/\/www.youtube.com\/channel\/UCv-2SDBzEmyORL5tPvsYgMw"]}]}},"_links":{"self":[{"href":"https:\/\/assitej.culturaescenica.es\/es_es\/wp-json\/wp\/v2\/product\/3215","targetHints":{"allow":["GET"]}}],"collection":[{"href":"https:\/\/assitej.culturaescenica.es\/es_es\/wp-json\/wp\/v2\/product"}],"about":[{"href":"https:\/\/assitej.culturaescenica.es\/es_es\/wp-json\/wp\/v2\/types\/product"}],"wp:featuredmedia":[{"embeddable":true,"href":"https:\/\/assitej.culturaescenica.es\/es_es\/wp-json\/wp\/v2\/media\/24331"}],"wp:attachment":[{"href":"https:\/\/assitej.culturaescenica.es\/es_es\/wp-json\/wp\/v2\/media?parent=3215"}],"wp:term":[{"taxonomy":"product_brand","embeddable":true,"href":"https:\/\/assitej.culturaescenica.es\/es_es\/wp-json\/wp\/v2\/product_brand?post=3215"},{"taxonomy":"product_cat","embeddable":true,"href":"https:\/\/assitej.culturaescenica.es\/es_es\/wp-json\/wp\/v2\/product_cat?post=3215"},{"taxonomy":"product_tag","embeddable":true,"href":"https:\/\/assitej.culturaescenica.es\/es_es\/wp-json\/wp\/v2\/product_tag?post=3215"}],"curies":[{"name":"wp","href":"https:\/\/api.w.org\/{rel}","templated":true}]}}