{"id":26618,"date":"2025-02-25T10:21:00","date_gmt":"2025-02-25T09:21:00","guid":{"rendered":"https:\/\/assitej.es\/beta2\/?post_type=product&#038;p=26618"},"modified":"2025-02-25T10:23:43","modified_gmt":"2025-02-25T09:23:43","slug":"de-heroes-y-monstruos","status":"publish","type":"product","link":"https:\/\/assitej.culturaescenica.es\/es_es\/editorial-assitej\/xabier-lopez-askasibar\/de-heroes-y-monstruos\/","title":{"rendered":"De h\u00e9roes y monstruos"},"content":{"rendered":"<p>La madre y el padre de Oier acuden al colegio donde estudia su hijo&#8230; donde estudiaba su hijo. Porque todo cambi\u00f3 el d\u00eda en que son\u00f3 la alarma de incendios, cuando la clase entera sali\u00f3 despavorida del gimnasio&#8230; Tambi\u00e9n Oier estaba all\u00ed, s\u00ed; Oier y su tabla de skate. Ah s\u00ed, y la tabla ten\u00eda sangre. Oier hab\u00eda estado entrenando con su amiga Tracy para ser un superh\u00e9roe&#8230; Pero espera, si Tracy le record\u00f3 a Oier que ellos en realidad no quer\u00edan ser superh\u00e9roes, ellos no ten\u00edan nada que ver con superh\u00e9roes. Entonces&#8230; \u00bfqu\u00e9 le pasa a Oier? \u00bfPor qu\u00e9 se comporta de forma tan extra\u00f1a? \u00bfEs que tiene un secreto tan grande que ni a Tracy puede cont\u00e1rselo? \u00bfY qu\u00e9 dice la Se\u00f1ora Mart\u00edn, la psic\u00f3loga del colegio&#8230;? Parece que Oier estaba vi\u00e9ndola un par de veces por semana. Porque todo empez\u00f3, en realidad, despu\u00e9s de aquella pelea en la cancha de baloncesto. \u00bfY el entrenador? \u00bfQu\u00e9 tiene \u00c9L que ver en todo esto?&#8230;<br \/>\nEn De h\u00e9roes y monstruos, Xabier L\u00f3pez Askasibar da voz a los distintos personajes que conforman la historia de Oier, un chico convertido en h\u00e9roe a su pesar&#8230; Y a trav\u00e9s de todos ellos nos la muestra, para que la tengamos en cuenta y no dejemos que se repita.<\/p>\n","protected":false},"excerpt":{"rendered":"<p>La madre y el padre de Oier acuden al colegio donde estudia su hijo&#8230; donde estudiaba su hijo. Porque todo cambi\u00f3 el d\u00eda en que son\u00f3 la alarma de incendios, cuando la clase entera sali\u00f3 despavorida del gimnasio&#8230; Tambi\u00e9n Oier estaba all\u00ed, s\u00ed; Oier y su tabla de skate. Ah s\u00ed, y la tabla ten\u00eda sangre. Oier hab\u00eda estado entrenando con su amiga Tracy para ser un superh\u00e9roe&#8230; Pero espera, si Tracy le record\u00f3 a Oier que ellos en realidad no quer\u00edan ser superh\u00e9roes, ellos no ten\u00edan nada que ver con superh\u00e9roes. Entonces&#8230; \u00bfqu\u00e9 le pasa a Oier? \u00bfPor qu\u00e9 se comporta de forma tan extra\u00f1a? \u00bfEs que tiene un secreto tan grande que ni a Tracy puede cont\u00e1rselo? \u00bfY qu\u00e9 dice la Se\u00f1ora Mart\u00edn, la psic\u00f3loga del colegio&#8230;? Parece que Oier estaba vi\u00e9ndola un par de veces por semana. Porque todo empez\u00f3, en realidad, despu\u00e9s de aquella pelea en la cancha de baloncesto. \u00bfY el entrenador? \u00bfQu\u00e9 tiene \u00c9L que ver en todo esto?&#8230;<br \/>\nEn De h\u00e9roes y monstruos, Xabier L\u00f3pez Askasibar da voz a los distintos personajes que conforman la historia de Oier, un chico convertido en h\u00e9roe a su pesar&#8230; Y a trav\u00e9s de todos ellos nos la muestra, para que la tengamos en cuenta y no dejemos que se repita.<\/p>\n","protected":false},"featured_media":26619,"template":"","meta":{"_acf_changed":false,"_links_to":"","_links_to_target":""},"product_brand":[],"product_cat":[92],"product_tag":[67],"class_list":{"0":"post-26618","1":"product","2":"type-product","3":"status-publish","4":"has-post-thumbnail","6":"product_cat-xabier-lopez-askasibar","7":"product_tag-coleccion-teatro","8":"infinite-scroll-item","9":"","10":"woocommerce-text-align-left","11":"woocommerce-image-align-center","12":"do-quantity-buttons","14":"first","15":"instock","16":"taxable","17":"shipping-taxable","18":"purchasable","19":"product-type-simple"},"acf":[],"yoast_head":"<!-- This site is optimized with the Yoast SEO plugin v27.1.1 - https:\/\/yoast.com\/product\/yoast-seo-wordpress\/ -->\n<title>De h\u00e9roes y monstruos - ASSITEJ Espa\u00f1a<\/title>\n<meta name=\"description\" content=\"Premio Luis Matilla de Teatro para la infancia y la juventud. ASSITEJ\" \/>\n<meta name=\"robots\" content=\"index, follow, max-snippet:-1, max-image-preview:large, max-video-preview:-1\" \/>\n<link rel=\"canonical\" href=\"https:\/\/assitej.culturaescenica.es\/es_es\/editorial-assitej\/xabier-lopez-askasibar\/de-heroes-y-monstruos\/\" \/>\n<meta property=\"og:locale\" content=\"es_ES\" \/>\n<meta property=\"og:type\" content=\"article\" \/>\n<meta property=\"og:title\" content=\"De h\u00e9roes y monstruos - ASSITEJ Espa\u00f1a\" \/>\n<meta property=\"og:description\" content=\"Premio Luis Matilla de Teatro para la infancia y la juventud. ASSITEJ\" \/>\n<meta property=\"og:url\" content=\"https:\/\/assitej.culturaescenica.es\/es_es\/editorial-assitej\/xabier-lopez-askasibar\/de-heroes-y-monstruos\/\" \/>\n<meta property=\"og:site_name\" content=\"ASSITEJ Espa\u00f1a\" \/>\n<meta property=\"article:publisher\" content=\"https:\/\/www.facebook.com\/assitejespana\/\" \/>\n<meta property=\"article:modified_time\" content=\"2025-02-25T09:23:43+00:00\" \/>\n<meta property=\"og:image\" content=\"https:\/\/assitej.culturaescenica.es\/wp-content\/uploads\/Heroes_Cubierta.webp\" \/>\n\t<meta property=\"og:image:width\" content=\"1543\" \/>\n\t<meta property=\"og:image:height\" content=\"2253\" \/>\n\t<meta property=\"og:image:type\" content=\"image\/jpeg\" \/>\n<meta name=\"twitter:card\" content=\"summary_large_image\" \/>\n<meta name=\"twitter:site\" content=\"@AssitejEspana\" \/>\n<meta name=\"twitter:label1\" content=\"Tiempo de lectura\" \/>\n\t<meta name=\"twitter:data1\" content=\"2 minutos\" \/>\n<script type=\"application\/ld+json\" class=\"yoast-schema-graph\">{\"@context\":\"https:\/\/schema.org\",\"@graph\":[{\"@type\":\"WebPage\",\"@id\":\"https:\/\/assitej.culturaescenica.es\/editorial-assitej\/xabier-lopez-askasibar\/de-heroes-y-monstruos\/\",\"url\":\"https:\/\/assitej.culturaescenica.es\/editorial-assitej\/xabier-lopez-askasibar\/de-heroes-y-monstruos\/\",\"name\":\"De h\u00e9roes y monstruos - ASSITEJ Espa\u00f1a\",\"isPartOf\":{\"@id\":\"https:\/\/assitej.culturaescenica.es\/gl\/#website\"},\"primaryImageOfPage\":{\"@id\":\"https:\/\/assitej.culturaescenica.es\/editorial-assitej\/xabier-lopez-askasibar\/de-heroes-y-monstruos\/#primaryimage\"},\"image\":{\"@id\":\"https:\/\/assitej.culturaescenica.es\/editorial-assitej\/xabier-lopez-askasibar\/de-heroes-y-monstruos\/#primaryimage\"},\"thumbnailUrl\":\"https:\/\/assitej.culturaescenica.es\/wp-content\/uploads\/Heroes_Cubierta.webp\",\"datePublished\":\"2025-02-25T09:21:00+00:00\",\"dateModified\":\"2025-02-25T09:23:43+00:00\",\"description\":\"Premio Luis Matilla de Teatro para la infancia y la juventud. ASSITEJ\",\"breadcrumb\":{\"@id\":\"https:\/\/assitej.culturaescenica.es\/editorial-assitej\/xabier-lopez-askasibar\/de-heroes-y-monstruos\/#breadcrumb\"},\"inLanguage\":\"es\",\"potentialAction\":[{\"@type\":\"ReadAction\",\"target\":[\"https:\/\/assitej.culturaescenica.es\/editorial-assitej\/xabier-lopez-askasibar\/de-heroes-y-monstruos\/\"]}]},{\"@type\":\"ImageObject\",\"inLanguage\":\"es\",\"@id\":\"https:\/\/assitej.culturaescenica.es\/editorial-assitej\/xabier-lopez-askasibar\/de-heroes-y-monstruos\/#primaryimage\",\"url\":\"https:\/\/assitej.culturaescenica.es\/wp-content\/uploads\/Heroes_Cubierta.webp\",\"contentUrl\":\"https:\/\/assitej.culturaescenica.es\/wp-content\/uploads\/Heroes_Cubierta.webp\",\"width\":1543,\"height\":2253},{\"@type\":\"BreadcrumbList\",\"@id\":\"https:\/\/assitej.culturaescenica.es\/editorial-assitej\/xabier-lopez-askasibar\/de-heroes-y-monstruos\/#breadcrumb\",\"itemListElement\":[{\"@type\":\"ListItem\",\"position\":1,\"name\":\"Portada\",\"item\":\"https:\/\/assitej.culturaescenica.es\/gl\/\"},{\"@type\":\"ListItem\",\"position\":2,\"name\":\"Editorial Assitej\",\"item\":\"https:\/\/assitej.culturaescenica.es\/es_es\/editorial-assitej\/\"},{\"@type\":\"ListItem\",\"position\":3,\"name\":\"De h\u00e9roes y monstruos\"}]},{\"@type\":\"WebSite\",\"@id\":\"https:\/\/assitej.culturaescenica.es\/gl\/#website\",\"url\":\"https:\/\/assitej.culturaescenica.es\/gl\/\",\"name\":\"ASSITEJ Espa\u00f1a\",\"description\":\"ARTES ESC\u00c9NICAS PARA LA INFANCIA Y LA JUVENTUD\",\"publisher\":{\"@id\":\"https:\/\/assitej.culturaescenica.es\/gl\/#organization\"},\"potentialAction\":[{\"@type\":\"SearchAction\",\"target\":{\"@type\":\"EntryPoint\",\"urlTemplate\":\"https:\/\/assitej.culturaescenica.es\/gl\/?s={search_term_string}\"},\"query-input\":{\"@type\":\"PropertyValueSpecification\",\"valueRequired\":true,\"valueName\":\"search_term_string\"}}],\"inLanguage\":\"es\"},{\"@type\":\"Organization\",\"@id\":\"https:\/\/assitej.culturaescenica.es\/gl\/#organization\",\"name\":\"ASSITEJ Espa\u00f1a\",\"url\":\"https:\/\/assitej.culturaescenica.es\/gl\/\",\"logo\":{\"@type\":\"ImageObject\",\"inLanguage\":\"es\",\"@id\":\"https:\/\/assitej.culturaescenica.es\/gl\/#\/schema\/logo\/image\/\",\"url\":\"https:\/\/assitej.es\/wp-content\/uploads\/Logo_ASSITEJ_Espana.RGB_2-1.png\",\"contentUrl\":\"https:\/\/assitej.es\/wp-content\/uploads\/Logo_ASSITEJ_Espana.RGB_2-1.png\",\"width\":4934,\"height\":2287,\"caption\":\"ASSITEJ Espa\u00f1a\"},\"image\":{\"@id\":\"https:\/\/assitej.culturaescenica.es\/gl\/#\/schema\/logo\/image\/\"},\"sameAs\":[\"https:\/\/www.facebook.com\/assitejespana\/\",\"https:\/\/x.com\/AssitejEspana\",\"https:\/\/www.youtube.com\/channel\/UCv-2SDBzEmyORL5tPvsYgMw\"]}]}<\/script>\n<!-- \/ Yoast SEO plugin. -->","yoast_head_json":{"title":"De h\u00e9roes y monstruos - ASSITEJ Espa\u00f1a","description":"Premio Luis Matilla de Teatro para la infancia y la juventud. ASSITEJ","robots":{"index":"index","follow":"follow","max-snippet":"max-snippet:-1","max-image-preview":"max-image-preview:large","max-video-preview":"max-video-preview:-1"},"canonical":"https:\/\/assitej.culturaescenica.es\/es_es\/editorial-assitej\/xabier-lopez-askasibar\/de-heroes-y-monstruos\/","og_locale":"es_ES","og_type":"article","og_title":"De h\u00e9roes y monstruos - ASSITEJ Espa\u00f1a","og_description":"Premio Luis Matilla de Teatro para la infancia y la juventud. ASSITEJ","og_url":"https:\/\/assitej.culturaescenica.es\/es_es\/editorial-assitej\/xabier-lopez-askasibar\/de-heroes-y-monstruos\/","og_site_name":"ASSITEJ Espa\u00f1a","article_publisher":"https:\/\/www.facebook.com\/assitejespana\/","article_modified_time":"2025-02-25T09:23:43+00:00","og_image":[{"width":1543,"height":2253,"url":"https:\/\/assitej.culturaescenica.es\/wp-content\/uploads\/Heroes_Cubierta.webp","type":"image\/jpeg"}],"twitter_card":"summary_large_image","twitter_site":"@AssitejEspana","twitter_misc":{"Tiempo de lectura":"2 minutos"},"schema":{"@context":"https:\/\/schema.org","@graph":[{"@type":"WebPage","@id":"https:\/\/assitej.culturaescenica.es\/editorial-assitej\/xabier-lopez-askasibar\/de-heroes-y-monstruos\/","url":"https:\/\/assitej.culturaescenica.es\/editorial-assitej\/xabier-lopez-askasibar\/de-heroes-y-monstruos\/","name":"De h\u00e9roes y monstruos - ASSITEJ Espa\u00f1a","isPartOf":{"@id":"https:\/\/assitej.culturaescenica.es\/gl\/#website"},"primaryImageOfPage":{"@id":"https:\/\/assitej.culturaescenica.es\/editorial-assitej\/xabier-lopez-askasibar\/de-heroes-y-monstruos\/#primaryimage"},"image":{"@id":"https:\/\/assitej.culturaescenica.es\/editorial-assitej\/xabier-lopez-askasibar\/de-heroes-y-monstruos\/#primaryimage"},"thumbnailUrl":"https:\/\/assitej.culturaescenica.es\/wp-content\/uploads\/Heroes_Cubierta.webp","datePublished":"2025-02-25T09:21:00+00:00","dateModified":"2025-02-25T09:23:43+00:00","description":"Premio Luis Matilla de Teatro para la infancia y la juventud. ASSITEJ","breadcrumb":{"@id":"https:\/\/assitej.culturaescenica.es\/editorial-assitej\/xabier-lopez-askasibar\/de-heroes-y-monstruos\/#breadcrumb"},"inLanguage":"es","potentialAction":[{"@type":"ReadAction","target":["https:\/\/assitej.culturaescenica.es\/editorial-assitej\/xabier-lopez-askasibar\/de-heroes-y-monstruos\/"]}]},{"@type":"ImageObject","inLanguage":"es","@id":"https:\/\/assitej.culturaescenica.es\/editorial-assitej\/xabier-lopez-askasibar\/de-heroes-y-monstruos\/#primaryimage","url":"https:\/\/assitej.culturaescenica.es\/wp-content\/uploads\/Heroes_Cubierta.webp","contentUrl":"https:\/\/assitej.culturaescenica.es\/wp-content\/uploads\/Heroes_Cubierta.webp","width":1543,"height":2253},{"@type":"BreadcrumbList","@id":"https:\/\/assitej.culturaescenica.es\/editorial-assitej\/xabier-lopez-askasibar\/de-heroes-y-monstruos\/#breadcrumb","itemListElement":[{"@type":"ListItem","position":1,"name":"Portada","item":"https:\/\/assitej.culturaescenica.es\/gl\/"},{"@type":"ListItem","position":2,"name":"Editorial Assitej","item":"https:\/\/assitej.culturaescenica.es\/es_es\/editorial-assitej\/"},{"@type":"ListItem","position":3,"name":"De h\u00e9roes y monstruos"}]},{"@type":"WebSite","@id":"https:\/\/assitej.culturaescenica.es\/gl\/#website","url":"https:\/\/assitej.culturaescenica.es\/gl\/","name":"ASSITEJ Espa\u00f1a","description":"ARTES ESC\u00c9NICAS PARA LA INFANCIA Y LA JUVENTUD","publisher":{"@id":"https:\/\/assitej.culturaescenica.es\/gl\/#organization"},"potentialAction":[{"@type":"SearchAction","target":{"@type":"EntryPoint","urlTemplate":"https:\/\/assitej.culturaescenica.es\/gl\/?s={search_term_string}"},"query-input":{"@type":"PropertyValueSpecification","valueRequired":true,"valueName":"search_term_string"}}],"inLanguage":"es"},{"@type":"Organization","@id":"https:\/\/assitej.culturaescenica.es\/gl\/#organization","name":"ASSITEJ Espa\u00f1a","url":"https:\/\/assitej.culturaescenica.es\/gl\/","logo":{"@type":"ImageObject","inLanguage":"es","@id":"https:\/\/assitej.culturaescenica.es\/gl\/#\/schema\/logo\/image\/","url":"https:\/\/assitej.es\/wp-content\/uploads\/Logo_ASSITEJ_Espana.RGB_2-1.png","contentUrl":"https:\/\/assitej.es\/wp-content\/uploads\/Logo_ASSITEJ_Espana.RGB_2-1.png","width":4934,"height":2287,"caption":"ASSITEJ Espa\u00f1a"},"image":{"@id":"https:\/\/assitej.culturaescenica.es\/gl\/#\/schema\/logo\/image\/"},"sameAs":["https:\/\/www.facebook.com\/assitejespana\/","https:\/\/x.com\/AssitejEspana","https:\/\/www.youtube.com\/channel\/UCv-2SDBzEmyORL5tPvsYgMw"]}]}},"_links":{"self":[{"href":"https:\/\/assitej.culturaescenica.es\/es_es\/wp-json\/wp\/v2\/product\/26618","targetHints":{"allow":["GET"]}}],"collection":[{"href":"https:\/\/assitej.culturaescenica.es\/es_es\/wp-json\/wp\/v2\/product"}],"about":[{"href":"https:\/\/assitej.culturaescenica.es\/es_es\/wp-json\/wp\/v2\/types\/product"}],"wp:featuredmedia":[{"embeddable":true,"href":"https:\/\/assitej.culturaescenica.es\/es_es\/wp-json\/wp\/v2\/media\/26619"}],"wp:attachment":[{"href":"https:\/\/assitej.culturaescenica.es\/es_es\/wp-json\/wp\/v2\/media?parent=26618"}],"wp:term":[{"taxonomy":"product_brand","embeddable":true,"href":"https:\/\/assitej.culturaescenica.es\/es_es\/wp-json\/wp\/v2\/product_brand?post=26618"},{"taxonomy":"product_cat","embeddable":true,"href":"https:\/\/assitej.culturaescenica.es\/es_es\/wp-json\/wp\/v2\/product_cat?post=26618"},{"taxonomy":"product_tag","embeddable":true,"href":"https:\/\/assitej.culturaescenica.es\/es_es\/wp-json\/wp\/v2\/product_tag?post=26618"}],"curies":[{"name":"wp","href":"https:\/\/api.w.org\/{rel}","templated":true}]}}