{"id":25920,"date":"2025-01-27T10:29:41","date_gmt":"2025-01-27T09:29:41","guid":{"rendered":"https:\/\/assitej.es\/beta2\/?post_type=product&#038;p=25920"},"modified":"2025-01-27T12:13:09","modified_gmt":"2025-01-27T11:13:09","slug":"los-pequenos-poderes","status":"publish","type":"product","link":"https:\/\/assitej.culturaescenica.es\/es_es\/editorial-assitej\/suzanne-lebeau\/los-pequenos-poderes\/","title":{"rendered":"Los peque\u00f1os poderes"},"content":{"rendered":"<p>Suzanne Lebeau nos sumerge en el delicado mundo de las relaciones entre padres e hijos a trav\u00e9s de Los peque\u00f1os poderes, una obra que explora, con gran sensibilidad, el peso de la autoridad y las tensiones cotidianas que surgen en el d\u00eda a d\u00eda de una familia.<\/p>\n<p>Con un enfoque genuino y cercano, esta obra retrata a cuatro ni\u00f1os y sus padres, quienes, entre juegos, discusiones y peque\u00f1os conflictos, lidian con esas batallas invisibles que componen la vida familiar: el orden, los permisos, las comidas, los castigos&#8230; todo aquello que parece insignificante pero que encierra el poder de moldear la relaci\u00f3n entre generaciones.<\/p>\n<p>Escrita tras un profundo trabajo con j\u00f3venes, Los peque\u00f1os poderes combina una estructura coral que alterna la intimidad de los di\u00e1logos con reflexiones colectivas, permitiendo al espectador o lector observar desde fuera y, al mismo tiempo, sentirse profundamente involucrado en las situaciones cotidianas que todos, en alg\u00fan momento, hemos vivido.<\/p>\n<p>Esta obra plantea una pregunta crucial: \u00bfc\u00f3mo se perciben los peque\u00f1os gestos de poder que surgen en la vida diaria? Lebeau no pretende dar respuestas, sino invitar a la reflexi\u00f3n sobre la autoridad y sus muchas formas. Con una mirada atenta y una gran sensibilidad hacia la infancia, Los peque\u00f1os poderes se convierte en una pieza imprescindible para comprender la compleja red de emociones y negociaciones que conforman la convivencia familiar.<\/p>\n","protected":false},"excerpt":{"rendered":"<p>Suzanne Lebeau nos sumerge en el delicado mundo de las relaciones entre padres e hijos a trav\u00e9s de Los peque\u00f1os poderes, una obra que explora, con gran sensibilidad, el peso de la autoridad y las tensiones cotidianas que surgen en el d\u00eda a d\u00eda de una familia.<\/p>\n<p>Con un enfoque genuino y cercano, esta obra retrata a cuatro ni\u00f1os y sus padres, quienes, entre juegos, discusiones y peque\u00f1os conflictos, lidian con esas batallas invisibles que componen la vida familiar: el orden, los permisos, las comidas, los castigos&#8230; todo aquello que parece insignificante pero que encierra el poder de moldear la relaci\u00f3n entre generaciones.<\/p>\n<p>Escrita tras un profundo trabajo con j\u00f3venes, Los peque\u00f1os poderes combina una estructura coral que alterna la intimidad de los di\u00e1logos con reflexiones colectivas, permitiendo al espectador o lector observar desde fuera y, al mismo tiempo, sentirse profundamente involucrado en las situaciones cotidianas que todos, en alg\u00fan momento, hemos vivido.<\/p>\n<p>Esta obra plantea una pregunta crucial: \u00bfc\u00f3mo se perciben los peque\u00f1os gestos de poder que surgen en la vida diaria? Lebeau no pretende dar respuestas, sino invitar a la reflexi\u00f3n sobre la autoridad y sus muchas formas. Con una mirada atenta y una gran sensibilidad hacia la infancia, Los peque\u00f1os poderes se convierte en una pieza imprescindible para comprender la compleja red de emociones y negociaciones que conforman la convivencia familiar.<\/p>\n","protected":false},"featured_media":25921,"template":"","meta":{"_acf_changed":false,"_links_to":"","_links_to_target":""},"product_brand":[],"product_cat":[115],"product_tag":[122],"class_list":{"0":"post-25920","1":"product","2":"type-product","3":"status-publish","4":"has-post-thumbnail","6":"product_cat-suzanne-lebeau","7":"product_tag-coleccion-internacional","8":"infinite-scroll-item","9":"","10":"woocommerce-text-align-left","11":"woocommerce-image-align-center","12":"do-quantity-buttons","13":"wc-has-gallery","15":"first","16":"instock","17":"taxable","18":"shipping-taxable","19":"purchasable","20":"product-type-simple"},"acf":[],"yoast_head":"<!-- This site is optimized with the Yoast SEO plugin v27.1.1 - https:\/\/yoast.com\/product\/yoast-seo-wordpress\/ -->\n<title>Los peque\u00f1os poderes - ASSITEJ Espa\u00f1a<\/title>\n<meta name=\"description\" content=\"Suzanne Lebeau nos sumerge en el delicado mundo de las relaciones entre padres e hijos a trav\u00e9s de Los peque\u00f1os poderes, una obra que explora, con gran sensibilidad, el peso de la autoridad y las tensiones cotidianas que surgen en el d\u00eda a d\u00eda de una familia.\" \/>\n<meta name=\"robots\" content=\"index, follow, max-snippet:-1, max-image-preview:large, max-video-preview:-1\" \/>\n<link rel=\"canonical\" href=\"https:\/\/assitej.culturaescenica.es\/es_es\/editorial-assitej\/suzanne-lebeau\/los-pequenos-poderes\/\" \/>\n<meta property=\"og:locale\" content=\"es_ES\" \/>\n<meta property=\"og:type\" content=\"article\" \/>\n<meta property=\"og:title\" content=\"Los peque\u00f1os poderes - ASSITEJ Espa\u00f1a\" \/>\n<meta property=\"og:description\" content=\"Suzanne Lebeau nos sumerge en el delicado mundo de las relaciones entre padres e hijos a trav\u00e9s de Los peque\u00f1os poderes, una obra que explora, con gran sensibilidad, el peso de la autoridad y las tensiones cotidianas que surgen en el d\u00eda a d\u00eda de una familia.\" \/>\n<meta property=\"og:url\" content=\"https:\/\/assitej.culturaescenica.es\/es_es\/editorial-assitej\/suzanne-lebeau\/los-pequenos-poderes\/\" \/>\n<meta property=\"og:site_name\" content=\"ASSITEJ Espa\u00f1a\" \/>\n<meta property=\"article:publisher\" content=\"https:\/\/www.facebook.com\/assitejespana\/\" \/>\n<meta property=\"article:modified_time\" content=\"2025-01-27T11:13:09+00:00\" \/>\n<meta property=\"og:image\" content=\"https:\/\/assitej.culturaescenica.es\/wp-content\/uploads\/Poderes_Cubierta_F-scaled.webp\" \/>\n\t<meta property=\"og:image:width\" content=\"1745\" \/>\n\t<meta property=\"og:image:height\" content=\"2560\" \/>\n\t<meta property=\"og:image:type\" content=\"image\/jpeg\" \/>\n<meta name=\"twitter:card\" content=\"summary_large_image\" \/>\n<meta name=\"twitter:site\" content=\"@AssitejEspana\" \/>\n<meta name=\"twitter:label1\" content=\"Tiempo de lectura\" \/>\n\t<meta name=\"twitter:data1\" content=\"2 minutos\" \/>\n<script type=\"application\/ld+json\" class=\"yoast-schema-graph\">{\"@context\":\"https:\/\/schema.org\",\"@graph\":[{\"@type\":\"WebPage\",\"@id\":\"https:\/\/assitej.culturaescenica.es\/eu\/editorial-assitej\/suzanne-lebeau\/los-pequenos-poderes\/\",\"url\":\"https:\/\/assitej.culturaescenica.es\/eu\/editorial-assitej\/suzanne-lebeau\/los-pequenos-poderes\/\",\"name\":\"Los peque\u00f1os poderes - ASSITEJ Espa\u00f1a\",\"isPartOf\":{\"@id\":\"https:\/\/assitej.culturaescenica.es\/gl\/#website\"},\"primaryImageOfPage\":{\"@id\":\"https:\/\/assitej.culturaescenica.es\/eu\/editorial-assitej\/suzanne-lebeau\/los-pequenos-poderes\/#primaryimage\"},\"image\":{\"@id\":\"https:\/\/assitej.culturaescenica.es\/eu\/editorial-assitej\/suzanne-lebeau\/los-pequenos-poderes\/#primaryimage\"},\"thumbnailUrl\":\"https:\/\/assitej.culturaescenica.es\/wp-content\/uploads\/Poderes_Cubierta_F-scaled.webp\",\"datePublished\":\"2025-01-27T09:29:41+00:00\",\"dateModified\":\"2025-01-27T11:13:09+00:00\",\"description\":\"Suzanne Lebeau nos sumerge en el delicado mundo de las relaciones entre padres e hijos a trav\u00e9s de Los peque\u00f1os poderes, una obra que explora, con gran sensibilidad, el peso de la autoridad y las tensiones cotidianas que surgen en el d\u00eda a d\u00eda de una familia.\",\"breadcrumb\":{\"@id\":\"https:\/\/assitej.culturaescenica.es\/eu\/editorial-assitej\/suzanne-lebeau\/los-pequenos-poderes\/#breadcrumb\"},\"inLanguage\":\"es\",\"potentialAction\":[{\"@type\":\"ReadAction\",\"target\":[\"https:\/\/assitej.culturaescenica.es\/eu\/editorial-assitej\/suzanne-lebeau\/los-pequenos-poderes\/\"]}]},{\"@type\":\"ImageObject\",\"inLanguage\":\"es\",\"@id\":\"https:\/\/assitej.culturaescenica.es\/eu\/editorial-assitej\/suzanne-lebeau\/los-pequenos-poderes\/#primaryimage\",\"url\":\"https:\/\/assitej.culturaescenica.es\/wp-content\/uploads\/Poderes_Cubierta_F-scaled.webp\",\"contentUrl\":\"https:\/\/assitej.culturaescenica.es\/wp-content\/uploads\/Poderes_Cubierta_F-scaled.webp\",\"width\":1745,\"height\":2560,\"caption\":\"Los peque\u00f1os poderes portada\"},{\"@type\":\"BreadcrumbList\",\"@id\":\"https:\/\/assitej.culturaescenica.es\/eu\/editorial-assitej\/suzanne-lebeau\/los-pequenos-poderes\/#breadcrumb\",\"itemListElement\":[{\"@type\":\"ListItem\",\"position\":1,\"name\":\"Portada\",\"item\":\"https:\/\/assitej.culturaescenica.es\/gl\/\"},{\"@type\":\"ListItem\",\"position\":2,\"name\":\"Editorial Assitej\",\"item\":\"https:\/\/assitej.culturaescenica.es\/es_es\/editorial-assitej\/\"},{\"@type\":\"ListItem\",\"position\":3,\"name\":\"Los peque\u00f1os poderes\"}]},{\"@type\":\"WebSite\",\"@id\":\"https:\/\/assitej.culturaescenica.es\/gl\/#website\",\"url\":\"https:\/\/assitej.culturaescenica.es\/gl\/\",\"name\":\"ASSITEJ Espa\u00f1a\",\"description\":\"ARTES ESC\u00c9NICAS PARA LA INFANCIA Y LA JUVENTUD\",\"publisher\":{\"@id\":\"https:\/\/assitej.culturaescenica.es\/gl\/#organization\"},\"potentialAction\":[{\"@type\":\"SearchAction\",\"target\":{\"@type\":\"EntryPoint\",\"urlTemplate\":\"https:\/\/assitej.culturaescenica.es\/gl\/?s={search_term_string}\"},\"query-input\":{\"@type\":\"PropertyValueSpecification\",\"valueRequired\":true,\"valueName\":\"search_term_string\"}}],\"inLanguage\":\"es\"},{\"@type\":\"Organization\",\"@id\":\"https:\/\/assitej.culturaescenica.es\/gl\/#organization\",\"name\":\"ASSITEJ Espa\u00f1a\",\"url\":\"https:\/\/assitej.culturaescenica.es\/gl\/\",\"logo\":{\"@type\":\"ImageObject\",\"inLanguage\":\"es\",\"@id\":\"https:\/\/assitej.culturaescenica.es\/gl\/#\/schema\/logo\/image\/\",\"url\":\"https:\/\/assitej.es\/wp-content\/uploads\/Logo_ASSITEJ_Espana.RGB_2-1.png\",\"contentUrl\":\"https:\/\/assitej.es\/wp-content\/uploads\/Logo_ASSITEJ_Espana.RGB_2-1.png\",\"width\":4934,\"height\":2287,\"caption\":\"ASSITEJ Espa\u00f1a\"},\"image\":{\"@id\":\"https:\/\/assitej.culturaescenica.es\/gl\/#\/schema\/logo\/image\/\"},\"sameAs\":[\"https:\/\/www.facebook.com\/assitejespana\/\",\"https:\/\/x.com\/AssitejEspana\",\"https:\/\/www.youtube.com\/channel\/UCv-2SDBzEmyORL5tPvsYgMw\"]}]}<\/script>\n<!-- \/ Yoast SEO plugin. -->","yoast_head_json":{"title":"Los peque\u00f1os poderes - ASSITEJ Espa\u00f1a","description":"Suzanne Lebeau nos sumerge en el delicado mundo de las relaciones entre padres e hijos a trav\u00e9s de Los peque\u00f1os poderes, una obra que explora, con gran sensibilidad, el peso de la autoridad y las tensiones cotidianas que surgen en el d\u00eda a d\u00eda de una familia.","robots":{"index":"index","follow":"follow","max-snippet":"max-snippet:-1","max-image-preview":"max-image-preview:large","max-video-preview":"max-video-preview:-1"},"canonical":"https:\/\/assitej.culturaescenica.es\/es_es\/editorial-assitej\/suzanne-lebeau\/los-pequenos-poderes\/","og_locale":"es_ES","og_type":"article","og_title":"Los peque\u00f1os poderes - ASSITEJ Espa\u00f1a","og_description":"Suzanne Lebeau nos sumerge en el delicado mundo de las relaciones entre padres e hijos a trav\u00e9s de Los peque\u00f1os poderes, una obra que explora, con gran sensibilidad, el peso de la autoridad y las tensiones cotidianas que surgen en el d\u00eda a d\u00eda de una familia.","og_url":"https:\/\/assitej.culturaescenica.es\/es_es\/editorial-assitej\/suzanne-lebeau\/los-pequenos-poderes\/","og_site_name":"ASSITEJ Espa\u00f1a","article_publisher":"https:\/\/www.facebook.com\/assitejespana\/","article_modified_time":"2025-01-27T11:13:09+00:00","og_image":[{"width":1745,"height":2560,"url":"https:\/\/assitej.culturaescenica.es\/wp-content\/uploads\/Poderes_Cubierta_F-scaled.webp","type":"image\/jpeg"}],"twitter_card":"summary_large_image","twitter_site":"@AssitejEspana","twitter_misc":{"Tiempo de lectura":"2 minutos"},"schema":{"@context":"https:\/\/schema.org","@graph":[{"@type":"WebPage","@id":"https:\/\/assitej.culturaescenica.es\/eu\/editorial-assitej\/suzanne-lebeau\/los-pequenos-poderes\/","url":"https:\/\/assitej.culturaescenica.es\/eu\/editorial-assitej\/suzanne-lebeau\/los-pequenos-poderes\/","name":"Los peque\u00f1os poderes - ASSITEJ Espa\u00f1a","isPartOf":{"@id":"https:\/\/assitej.culturaescenica.es\/gl\/#website"},"primaryImageOfPage":{"@id":"https:\/\/assitej.culturaescenica.es\/eu\/editorial-assitej\/suzanne-lebeau\/los-pequenos-poderes\/#primaryimage"},"image":{"@id":"https:\/\/assitej.culturaescenica.es\/eu\/editorial-assitej\/suzanne-lebeau\/los-pequenos-poderes\/#primaryimage"},"thumbnailUrl":"https:\/\/assitej.culturaescenica.es\/wp-content\/uploads\/Poderes_Cubierta_F-scaled.webp","datePublished":"2025-01-27T09:29:41+00:00","dateModified":"2025-01-27T11:13:09+00:00","description":"Suzanne Lebeau nos sumerge en el delicado mundo de las relaciones entre padres e hijos a trav\u00e9s de Los peque\u00f1os poderes, una obra que explora, con gran sensibilidad, el peso de la autoridad y las tensiones cotidianas que surgen en el d\u00eda a d\u00eda de una familia.","breadcrumb":{"@id":"https:\/\/assitej.culturaescenica.es\/eu\/editorial-assitej\/suzanne-lebeau\/los-pequenos-poderes\/#breadcrumb"},"inLanguage":"es","potentialAction":[{"@type":"ReadAction","target":["https:\/\/assitej.culturaescenica.es\/eu\/editorial-assitej\/suzanne-lebeau\/los-pequenos-poderes\/"]}]},{"@type":"ImageObject","inLanguage":"es","@id":"https:\/\/assitej.culturaescenica.es\/eu\/editorial-assitej\/suzanne-lebeau\/los-pequenos-poderes\/#primaryimage","url":"https:\/\/assitej.culturaescenica.es\/wp-content\/uploads\/Poderes_Cubierta_F-scaled.webp","contentUrl":"https:\/\/assitej.culturaescenica.es\/wp-content\/uploads\/Poderes_Cubierta_F-scaled.webp","width":1745,"height":2560,"caption":"Los peque\u00f1os poderes portada"},{"@type":"BreadcrumbList","@id":"https:\/\/assitej.culturaescenica.es\/eu\/editorial-assitej\/suzanne-lebeau\/los-pequenos-poderes\/#breadcrumb","itemListElement":[{"@type":"ListItem","position":1,"name":"Portada","item":"https:\/\/assitej.culturaescenica.es\/gl\/"},{"@type":"ListItem","position":2,"name":"Editorial Assitej","item":"https:\/\/assitej.culturaescenica.es\/es_es\/editorial-assitej\/"},{"@type":"ListItem","position":3,"name":"Los peque\u00f1os poderes"}]},{"@type":"WebSite","@id":"https:\/\/assitej.culturaescenica.es\/gl\/#website","url":"https:\/\/assitej.culturaescenica.es\/gl\/","name":"ASSITEJ Espa\u00f1a","description":"ARTES ESC\u00c9NICAS PARA LA INFANCIA Y LA JUVENTUD","publisher":{"@id":"https:\/\/assitej.culturaescenica.es\/gl\/#organization"},"potentialAction":[{"@type":"SearchAction","target":{"@type":"EntryPoint","urlTemplate":"https:\/\/assitej.culturaescenica.es\/gl\/?s={search_term_string}"},"query-input":{"@type":"PropertyValueSpecification","valueRequired":true,"valueName":"search_term_string"}}],"inLanguage":"es"},{"@type":"Organization","@id":"https:\/\/assitej.culturaescenica.es\/gl\/#organization","name":"ASSITEJ Espa\u00f1a","url":"https:\/\/assitej.culturaescenica.es\/gl\/","logo":{"@type":"ImageObject","inLanguage":"es","@id":"https:\/\/assitej.culturaescenica.es\/gl\/#\/schema\/logo\/image\/","url":"https:\/\/assitej.es\/wp-content\/uploads\/Logo_ASSITEJ_Espana.RGB_2-1.png","contentUrl":"https:\/\/assitej.es\/wp-content\/uploads\/Logo_ASSITEJ_Espana.RGB_2-1.png","width":4934,"height":2287,"caption":"ASSITEJ Espa\u00f1a"},"image":{"@id":"https:\/\/assitej.culturaescenica.es\/gl\/#\/schema\/logo\/image\/"},"sameAs":["https:\/\/www.facebook.com\/assitejespana\/","https:\/\/x.com\/AssitejEspana","https:\/\/www.youtube.com\/channel\/UCv-2SDBzEmyORL5tPvsYgMw"]}]}},"_links":{"self":[{"href":"https:\/\/assitej.culturaescenica.es\/es_es\/wp-json\/wp\/v2\/product\/25920","targetHints":{"allow":["GET"]}}],"collection":[{"href":"https:\/\/assitej.culturaescenica.es\/es_es\/wp-json\/wp\/v2\/product"}],"about":[{"href":"https:\/\/assitej.culturaescenica.es\/es_es\/wp-json\/wp\/v2\/types\/product"}],"wp:featuredmedia":[{"embeddable":true,"href":"https:\/\/assitej.culturaescenica.es\/es_es\/wp-json\/wp\/v2\/media\/25921"}],"wp:attachment":[{"href":"https:\/\/assitej.culturaescenica.es\/es_es\/wp-json\/wp\/v2\/media?parent=25920"}],"wp:term":[{"taxonomy":"product_brand","embeddable":true,"href":"https:\/\/assitej.culturaescenica.es\/es_es\/wp-json\/wp\/v2\/product_brand?post=25920"},{"taxonomy":"product_cat","embeddable":true,"href":"https:\/\/assitej.culturaescenica.es\/es_es\/wp-json\/wp\/v2\/product_cat?post=25920"},{"taxonomy":"product_tag","embeddable":true,"href":"https:\/\/assitej.culturaescenica.es\/es_es\/wp-json\/wp\/v2\/product_tag?post=25920"}],"curies":[{"name":"wp","href":"https:\/\/api.w.org\/{rel}","templated":true}]}}