{"id":25777,"date":"2025-01-15T17:48:28","date_gmt":"2025-01-15T16:48:28","guid":{"rendered":"https:\/\/assitej.es\/beta2\/?post_type=product&#038;p=25777"},"modified":"2025-01-15T18:00:47","modified_gmt":"2025-01-15T17:00:47","slug":"antigona-bajo-el-sol-de-mediodia","status":"publish","type":"product","link":"https:\/\/assitej.culturaescenica.es\/es_es\/editorial-assitej\/suzanne-lebeau\/antigona-bajo-el-sol-de-mediodia\/","title":{"rendered":"Ant\u00edgona bajo el sol de mediod\u00eda."},"content":{"rendered":"<p>Ant\u00edgona bajo el sol de mediod\u00eda es una relectura contempor\u00e1nea y profunda del cl\u00e1sico mito griego. Suzanne Lebeau nos invita a acompa\u00f1ar a Ant\u00edgona en su lucha, una joven que se enfrenta a la autoridad, no solo por el peso del destino, sino por el imperativo moral que la impulsa a seguir su conciencia. Entre el rigor de las leyes de su t\u00edo Creonte y el derecho a honrar a los suyos, se despliega una batalla de convicciones que sigue resonando con fuerza en el presente.<br \/>\nEn esta versi\u00f3n, escrita con un estilo po\u00e9tico y accesible, Lebeau explora la fragilidad de los personajes, revelando sus dudas y temores en un mundo que castiga tanto la obediencia como la rebeld\u00eda. A plena luz del mediod\u00eda, cuando las sombras no existen, las preguntas m\u00e1s inc\u00f3modas sobre la justicia, la familia y la responsabilidad personal emergen sin escapatoria.<br \/>\nEn este texto, Suzanne Lebeau, nos recuerda que los dilemas \u00e9ticos no tienen edad y que la valent\u00eda de escuchar la propia voz interior es una lecci\u00f3n tan antigua como imprescindible.<\/p>\n","protected":false},"excerpt":{"rendered":"<p>Ant\u00edgona bajo el sol de mediod\u00eda es una relectura contempor\u00e1nea y profunda del cl\u00e1sico mito griego. Suzanne Lebeau nos invita a acompa\u00f1ar a Ant\u00edgona en su lucha, una joven que se enfrenta a la autoridad, no solo por el peso del destino, sino por el imperativo moral que la impulsa a seguir su conciencia. Entre el rigor de las leyes de su t\u00edo Creonte y el derecho a honrar a los suyos, se despliega una batalla de convicciones que sigue resonando con fuerza en el presente.<br \/>\nEn esta versi\u00f3n, escrita con un estilo po\u00e9tico y accesible, Lebeau explora la fragilidad de los personajes, revelando sus dudas y temores en un mundo que castiga tanto la obediencia como la rebeld\u00eda. A plena luz del mediod\u00eda, cuando las sombras no existen, las preguntas m\u00e1s inc\u00f3modas sobre la justicia, la familia y la responsabilidad personal emergen sin escapatoria.<br \/>\nEn este texto, Suzanne Lebeau, nos recuerda que los dilemas \u00e9ticos no tienen edad y que la valent\u00eda de escuchar la propia voz interior es una lecci\u00f3n tan antigua como imprescindible.<\/p>\n","protected":false},"featured_media":25778,"template":"","meta":{"_acf_changed":false,"_links_to":"","_links_to_target":""},"product_brand":[],"product_cat":[115],"product_tag":[122],"class_list":{"0":"post-25777","1":"product","2":"type-product","3":"status-publish","4":"has-post-thumbnail","6":"product_cat-suzanne-lebeau","7":"product_tag-coleccion-internacional","8":"infinite-scroll-item","9":"","10":"woocommerce-text-align-left","11":"woocommerce-image-align-center","12":"do-quantity-buttons","14":"first","15":"instock","16":"taxable","17":"shipping-taxable","18":"purchasable","19":"product-type-simple"},"acf":[],"yoast_head":"<!-- This site is optimized with the Yoast SEO plugin v27.1.1 - https:\/\/yoast.com\/product\/yoast-seo-wordpress\/ -->\n<title>Ant\u00edgona bajo el sol de mediod\u00eda. - ASSITEJ Espa\u00f1a<\/title>\n<meta name=\"description\" content=\"Ant\u00edgona bajo el sol de mediod\u00eda, de Suzanne Lebeau. Ant\u00edgona bajo el sol de mediod\u00eda es una relectura contempor\u00e1nea y profunda del cl\u00e1sico mito griego.\" \/>\n<meta name=\"robots\" content=\"index, follow, max-snippet:-1, max-image-preview:large, max-video-preview:-1\" \/>\n<link rel=\"canonical\" href=\"https:\/\/assitej.culturaescenica.es\/es_es\/editorial-assitej\/suzanne-lebeau\/antigona-bajo-el-sol-de-mediodia\/\" \/>\n<meta property=\"og:locale\" content=\"es_ES\" \/>\n<meta property=\"og:type\" content=\"article\" \/>\n<meta property=\"og:title\" content=\"Ant\u00edgona bajo el sol de mediod\u00eda. - ASSITEJ Espa\u00f1a\" \/>\n<meta property=\"og:description\" content=\"Ant\u00edgona bajo el sol de mediod\u00eda, de Suzanne Lebeau. Ant\u00edgona bajo el sol de mediod\u00eda es una relectura contempor\u00e1nea y profunda del cl\u00e1sico mito griego.\" \/>\n<meta property=\"og:url\" content=\"https:\/\/assitej.culturaescenica.es\/es_es\/editorial-assitej\/suzanne-lebeau\/antigona-bajo-el-sol-de-mediodia\/\" \/>\n<meta property=\"og:site_name\" content=\"ASSITEJ Espa\u00f1a\" \/>\n<meta property=\"article:publisher\" content=\"https:\/\/www.facebook.com\/assitejespana\/\" \/>\n<meta property=\"article:modified_time\" content=\"2025-01-15T17:00:47+00:00\" \/>\n<meta property=\"og:image\" content=\"https:\/\/assitej.culturaescenica.es\/wp-content\/uploads\/Antigona-scaled.webp\" \/>\n\t<meta property=\"og:image:width\" content=\"1752\" \/>\n\t<meta property=\"og:image:height\" content=\"2560\" \/>\n\t<meta property=\"og:image:type\" content=\"image\/jpeg\" \/>\n<meta name=\"twitter:card\" content=\"summary_large_image\" \/>\n<meta name=\"twitter:site\" content=\"@AssitejEspana\" \/>\n<meta name=\"twitter:label1\" content=\"Tiempo de lectura\" \/>\n\t<meta name=\"twitter:data1\" content=\"2 minutos\" \/>\n<script type=\"application\/ld+json\" class=\"yoast-schema-graph\">{\"@context\":\"https:\/\/schema.org\",\"@graph\":[{\"@type\":\"WebPage\",\"@id\":\"https:\/\/assitej.culturaescenica.es\/eu\/editorial-assitej\/suzanne-lebeau\/antigona-bajo-el-sol-de-mediodia\/\",\"url\":\"https:\/\/assitej.culturaescenica.es\/eu\/editorial-assitej\/suzanne-lebeau\/antigona-bajo-el-sol-de-mediodia\/\",\"name\":\"Ant\u00edgona bajo el sol de mediod\u00eda. - ASSITEJ Espa\u00f1a\",\"isPartOf\":{\"@id\":\"https:\/\/assitej.culturaescenica.es\/gl\/#website\"},\"primaryImageOfPage\":{\"@id\":\"https:\/\/assitej.culturaescenica.es\/eu\/editorial-assitej\/suzanne-lebeau\/antigona-bajo-el-sol-de-mediodia\/#primaryimage\"},\"image\":{\"@id\":\"https:\/\/assitej.culturaescenica.es\/eu\/editorial-assitej\/suzanne-lebeau\/antigona-bajo-el-sol-de-mediodia\/#primaryimage\"},\"thumbnailUrl\":\"https:\/\/assitej.culturaescenica.es\/wp-content\/uploads\/Antigona-scaled.webp\",\"datePublished\":\"2025-01-15T16:48:28+00:00\",\"dateModified\":\"2025-01-15T17:00:47+00:00\",\"description\":\"Ant\u00edgona bajo el sol de mediod\u00eda, de Suzanne Lebeau. Ant\u00edgona bajo el sol de mediod\u00eda es una relectura contempor\u00e1nea y profunda del cl\u00e1sico mito griego.\",\"breadcrumb\":{\"@id\":\"https:\/\/assitej.culturaescenica.es\/eu\/editorial-assitej\/suzanne-lebeau\/antigona-bajo-el-sol-de-mediodia\/#breadcrumb\"},\"inLanguage\":\"es\",\"potentialAction\":[{\"@type\":\"ReadAction\",\"target\":[\"https:\/\/assitej.culturaescenica.es\/eu\/editorial-assitej\/suzanne-lebeau\/antigona-bajo-el-sol-de-mediodia\/\"]}]},{\"@type\":\"ImageObject\",\"inLanguage\":\"es\",\"@id\":\"https:\/\/assitej.culturaescenica.es\/eu\/editorial-assitej\/suzanne-lebeau\/antigona-bajo-el-sol-de-mediodia\/#primaryimage\",\"url\":\"https:\/\/assitej.culturaescenica.es\/wp-content\/uploads\/Antigona-scaled.webp\",\"contentUrl\":\"https:\/\/assitej.culturaescenica.es\/wp-content\/uploads\/Antigona-scaled.webp\",\"width\":1752,\"height\":2560},{\"@type\":\"BreadcrumbList\",\"@id\":\"https:\/\/assitej.culturaescenica.es\/eu\/editorial-assitej\/suzanne-lebeau\/antigona-bajo-el-sol-de-mediodia\/#breadcrumb\",\"itemListElement\":[{\"@type\":\"ListItem\",\"position\":1,\"name\":\"Portada\",\"item\":\"https:\/\/assitej.culturaescenica.es\/gl\/\"},{\"@type\":\"ListItem\",\"position\":2,\"name\":\"Editorial Assitej\",\"item\":\"https:\/\/assitej.culturaescenica.es\/es_es\/editorial-assitej\/\"},{\"@type\":\"ListItem\",\"position\":3,\"name\":\"Ant\u00edgona bajo el sol de mediod\u00eda.\"}]},{\"@type\":\"WebSite\",\"@id\":\"https:\/\/assitej.culturaescenica.es\/gl\/#website\",\"url\":\"https:\/\/assitej.culturaescenica.es\/gl\/\",\"name\":\"ASSITEJ Espa\u00f1a\",\"description\":\"ARTES ESC\u00c9NICAS PARA LA INFANCIA Y LA JUVENTUD\",\"publisher\":{\"@id\":\"https:\/\/assitej.culturaescenica.es\/gl\/#organization\"},\"potentialAction\":[{\"@type\":\"SearchAction\",\"target\":{\"@type\":\"EntryPoint\",\"urlTemplate\":\"https:\/\/assitej.culturaescenica.es\/gl\/?s={search_term_string}\"},\"query-input\":{\"@type\":\"PropertyValueSpecification\",\"valueRequired\":true,\"valueName\":\"search_term_string\"}}],\"inLanguage\":\"es\"},{\"@type\":\"Organization\",\"@id\":\"https:\/\/assitej.culturaescenica.es\/gl\/#organization\",\"name\":\"ASSITEJ Espa\u00f1a\",\"url\":\"https:\/\/assitej.culturaescenica.es\/gl\/\",\"logo\":{\"@type\":\"ImageObject\",\"inLanguage\":\"es\",\"@id\":\"https:\/\/assitej.culturaescenica.es\/gl\/#\/schema\/logo\/image\/\",\"url\":\"https:\/\/assitej.es\/wp-content\/uploads\/Logo_ASSITEJ_Espana.RGB_2-1.png\",\"contentUrl\":\"https:\/\/assitej.es\/wp-content\/uploads\/Logo_ASSITEJ_Espana.RGB_2-1.png\",\"width\":4934,\"height\":2287,\"caption\":\"ASSITEJ Espa\u00f1a\"},\"image\":{\"@id\":\"https:\/\/assitej.culturaescenica.es\/gl\/#\/schema\/logo\/image\/\"},\"sameAs\":[\"https:\/\/www.facebook.com\/assitejespana\/\",\"https:\/\/x.com\/AssitejEspana\",\"https:\/\/www.youtube.com\/channel\/UCv-2SDBzEmyORL5tPvsYgMw\"]}]}<\/script>\n<!-- \/ Yoast SEO plugin. -->","yoast_head_json":{"title":"Ant\u00edgona bajo el sol de mediod\u00eda. - ASSITEJ Espa\u00f1a","description":"Ant\u00edgona bajo el sol de mediod\u00eda, de Suzanne Lebeau. Ant\u00edgona bajo el sol de mediod\u00eda es una relectura contempor\u00e1nea y profunda del cl\u00e1sico mito griego.","robots":{"index":"index","follow":"follow","max-snippet":"max-snippet:-1","max-image-preview":"max-image-preview:large","max-video-preview":"max-video-preview:-1"},"canonical":"https:\/\/assitej.culturaescenica.es\/es_es\/editorial-assitej\/suzanne-lebeau\/antigona-bajo-el-sol-de-mediodia\/","og_locale":"es_ES","og_type":"article","og_title":"Ant\u00edgona bajo el sol de mediod\u00eda. - ASSITEJ Espa\u00f1a","og_description":"Ant\u00edgona bajo el sol de mediod\u00eda, de Suzanne Lebeau. Ant\u00edgona bajo el sol de mediod\u00eda es una relectura contempor\u00e1nea y profunda del cl\u00e1sico mito griego.","og_url":"https:\/\/assitej.culturaescenica.es\/es_es\/editorial-assitej\/suzanne-lebeau\/antigona-bajo-el-sol-de-mediodia\/","og_site_name":"ASSITEJ Espa\u00f1a","article_publisher":"https:\/\/www.facebook.com\/assitejespana\/","article_modified_time":"2025-01-15T17:00:47+00:00","og_image":[{"width":1752,"height":2560,"url":"https:\/\/assitej.culturaescenica.es\/wp-content\/uploads\/Antigona-scaled.webp","type":"image\/jpeg"}],"twitter_card":"summary_large_image","twitter_site":"@AssitejEspana","twitter_misc":{"Tiempo de lectura":"2 minutos"},"schema":{"@context":"https:\/\/schema.org","@graph":[{"@type":"WebPage","@id":"https:\/\/assitej.culturaescenica.es\/eu\/editorial-assitej\/suzanne-lebeau\/antigona-bajo-el-sol-de-mediodia\/","url":"https:\/\/assitej.culturaescenica.es\/eu\/editorial-assitej\/suzanne-lebeau\/antigona-bajo-el-sol-de-mediodia\/","name":"Ant\u00edgona bajo el sol de mediod\u00eda. - ASSITEJ Espa\u00f1a","isPartOf":{"@id":"https:\/\/assitej.culturaescenica.es\/gl\/#website"},"primaryImageOfPage":{"@id":"https:\/\/assitej.culturaescenica.es\/eu\/editorial-assitej\/suzanne-lebeau\/antigona-bajo-el-sol-de-mediodia\/#primaryimage"},"image":{"@id":"https:\/\/assitej.culturaescenica.es\/eu\/editorial-assitej\/suzanne-lebeau\/antigona-bajo-el-sol-de-mediodia\/#primaryimage"},"thumbnailUrl":"https:\/\/assitej.culturaescenica.es\/wp-content\/uploads\/Antigona-scaled.webp","datePublished":"2025-01-15T16:48:28+00:00","dateModified":"2025-01-15T17:00:47+00:00","description":"Ant\u00edgona bajo el sol de mediod\u00eda, de Suzanne Lebeau. Ant\u00edgona bajo el sol de mediod\u00eda es una relectura contempor\u00e1nea y profunda del cl\u00e1sico mito griego.","breadcrumb":{"@id":"https:\/\/assitej.culturaescenica.es\/eu\/editorial-assitej\/suzanne-lebeau\/antigona-bajo-el-sol-de-mediodia\/#breadcrumb"},"inLanguage":"es","potentialAction":[{"@type":"ReadAction","target":["https:\/\/assitej.culturaescenica.es\/eu\/editorial-assitej\/suzanne-lebeau\/antigona-bajo-el-sol-de-mediodia\/"]}]},{"@type":"ImageObject","inLanguage":"es","@id":"https:\/\/assitej.culturaescenica.es\/eu\/editorial-assitej\/suzanne-lebeau\/antigona-bajo-el-sol-de-mediodia\/#primaryimage","url":"https:\/\/assitej.culturaescenica.es\/wp-content\/uploads\/Antigona-scaled.webp","contentUrl":"https:\/\/assitej.culturaescenica.es\/wp-content\/uploads\/Antigona-scaled.webp","width":1752,"height":2560},{"@type":"BreadcrumbList","@id":"https:\/\/assitej.culturaescenica.es\/eu\/editorial-assitej\/suzanne-lebeau\/antigona-bajo-el-sol-de-mediodia\/#breadcrumb","itemListElement":[{"@type":"ListItem","position":1,"name":"Portada","item":"https:\/\/assitej.culturaescenica.es\/gl\/"},{"@type":"ListItem","position":2,"name":"Editorial Assitej","item":"https:\/\/assitej.culturaescenica.es\/es_es\/editorial-assitej\/"},{"@type":"ListItem","position":3,"name":"Ant\u00edgona bajo el sol de mediod\u00eda."}]},{"@type":"WebSite","@id":"https:\/\/assitej.culturaescenica.es\/gl\/#website","url":"https:\/\/assitej.culturaescenica.es\/gl\/","name":"ASSITEJ Espa\u00f1a","description":"ARTES ESC\u00c9NICAS PARA LA INFANCIA Y LA JUVENTUD","publisher":{"@id":"https:\/\/assitej.culturaescenica.es\/gl\/#organization"},"potentialAction":[{"@type":"SearchAction","target":{"@type":"EntryPoint","urlTemplate":"https:\/\/assitej.culturaescenica.es\/gl\/?s={search_term_string}"},"query-input":{"@type":"PropertyValueSpecification","valueRequired":true,"valueName":"search_term_string"}}],"inLanguage":"es"},{"@type":"Organization","@id":"https:\/\/assitej.culturaescenica.es\/gl\/#organization","name":"ASSITEJ Espa\u00f1a","url":"https:\/\/assitej.culturaescenica.es\/gl\/","logo":{"@type":"ImageObject","inLanguage":"es","@id":"https:\/\/assitej.culturaescenica.es\/gl\/#\/schema\/logo\/image\/","url":"https:\/\/assitej.es\/wp-content\/uploads\/Logo_ASSITEJ_Espana.RGB_2-1.png","contentUrl":"https:\/\/assitej.es\/wp-content\/uploads\/Logo_ASSITEJ_Espana.RGB_2-1.png","width":4934,"height":2287,"caption":"ASSITEJ Espa\u00f1a"},"image":{"@id":"https:\/\/assitej.culturaescenica.es\/gl\/#\/schema\/logo\/image\/"},"sameAs":["https:\/\/www.facebook.com\/assitejespana\/","https:\/\/x.com\/AssitejEspana","https:\/\/www.youtube.com\/channel\/UCv-2SDBzEmyORL5tPvsYgMw"]}]}},"_links":{"self":[{"href":"https:\/\/assitej.culturaescenica.es\/es_es\/wp-json\/wp\/v2\/product\/25777","targetHints":{"allow":["GET"]}}],"collection":[{"href":"https:\/\/assitej.culturaescenica.es\/es_es\/wp-json\/wp\/v2\/product"}],"about":[{"href":"https:\/\/assitej.culturaescenica.es\/es_es\/wp-json\/wp\/v2\/types\/product"}],"wp:featuredmedia":[{"embeddable":true,"href":"https:\/\/assitej.culturaescenica.es\/es_es\/wp-json\/wp\/v2\/media\/25778"}],"wp:attachment":[{"href":"https:\/\/assitej.culturaescenica.es\/es_es\/wp-json\/wp\/v2\/media?parent=25777"}],"wp:term":[{"taxonomy":"product_brand","embeddable":true,"href":"https:\/\/assitej.culturaescenica.es\/es_es\/wp-json\/wp\/v2\/product_brand?post=25777"},{"taxonomy":"product_cat","embeddable":true,"href":"https:\/\/assitej.culturaescenica.es\/es_es\/wp-json\/wp\/v2\/product_cat?post=25777"},{"taxonomy":"product_tag","embeddable":true,"href":"https:\/\/assitej.culturaescenica.es\/es_es\/wp-json\/wp\/v2\/product_tag?post=25777"}],"curies":[{"name":"wp","href":"https:\/\/api.w.org\/{rel}","templated":true}]}}