{"id":11366,"date":"2023-01-10T18:45:40","date_gmt":"2023-01-10T17:45:40","guid":{"rendered":"https:\/\/www.assitej.net\/?post_type=product&#038;p=11366"},"modified":"2025-05-05T16:02:09","modified_gmt":"2025-05-05T14:02:09","slug":"un-millon-de-princesitas-la-escena-madrilena-para-la-infancia-en-el-primer-franquismo","status":"publish","type":"product","link":"https:\/\/assitej.culturaescenica.es\/es_es\/editorial-assitej\/cristina-santolaria\/un-millon-de-princesitas-la-escena-madrilena-para-la-infancia-en-el-primer-franquismo\/","title":{"rendered":"\u00a1Un Mill\u00f3n de princesitas! La escena madrile\u00f1a para la infancia en el primer franquismo."},"content":{"rendered":"<p>Los investigadores del siglo XXI saben que una investigaci\u00f3n bien documentada supone una vacuna eficaz contra los falsos discursos. El teatro para ni\u00f1os es un campo desconocido donde los haya, ignoto para los historiadores del teatro, de la cultura e incluso de la educaci\u00f3n, a pesar de su capacidad de alumbrar aspectos deter-inantes de la vida social de una \u00e9poca. Porque determinantes son tanto la forma en que el poder pol\u00edtico organiza la vida teatral de un pa\u00eds como la educaci\u00f3n de la infancia, dos aspectos que convergen en este libro.<br \/>\nCristina Santolaria es muy consciente del valor del traba-o de campo, del hecho de rescatar datos olvidados, humildes en apariencia, pero que, tra\u00eddos oportunamente, pueden iluminar as-pectos desconocidos de la historia teatral y constituirse en puntos de apoyo de nuevos enfoques e interpretaciones. Este trabajo se adentra, por primera vez, en territorios absolutamente desconocidos. Su autora ha tenido la valent\u00eda y la generosidad de desbrozar el camino a los investigadores que vengan detr\u00e1s, al tiempo que permite a los lectores de hoy asomarnos a un periodo de la historia del teatro infantil felizmente superado, pero del que, si somos capaces de comprender los mecanismos que lo impulsaron y lo rodearon, podremos extraer lecciones para el futuro.<\/p>\n","protected":false},"excerpt":{"rendered":"<p>Los investigadores del siglo XXI saben que una investigaci\u00f3n bien documentada supone una vacuna eficaz contra los falsos discursos. El teatro para ni\u00f1os es un campo desconocido donde los haya, ignoto para los historiadores del teatro, de la cultura e incluso de la educaci\u00f3n, a pesar de su capacidad de alumbrar aspectos deter-inantes de la vida social de una \u00e9poca. Porque determinantes son tanto la forma en que el poder pol\u00edtico organiza la vida teatral de un pa\u00eds como la educaci\u00f3n de la infancia, dos aspectos que convergen en este libro.<br \/>\nCristina Santolaria es muy consciente del valor del traba-o de campo, del hecho de rescatar datos olvidados, humildes en apariencia, pero que, tra\u00eddos oportunamente, pueden iluminar as-pectos desconocidos de la historia teatral y constituirse en puntos de apoyo de nuevos enfoques e interpretaciones. Este trabajo se adentra, por primera vez, en territorios absolutamente desconocidos. Su autora ha tenido la valent\u00eda y la generosidad de desbrozar el camino a los investigadores que vengan detr\u00e1s, al tiempo que permite a los lectores de hoy asomarnos a un periodo de la historia del teatro infantil felizmente superado, pero del que, si somos capaces de comprender los mecanismos que lo impulsaron y lo rodearon, podremos extraer lecciones para el futuro.<\/p>\n","protected":false},"featured_media":24368,"template":"","meta":{"_acf_changed":false,"_links_to":"","_links_to_target":""},"product_brand":[],"product_cat":[2532],"product_tag":[82],"class_list":{"0":"post-11366","1":"product","2":"type-product","3":"status-publish","4":"has-post-thumbnail","6":"product_cat-cristina-santolaria","7":"product_tag-coleccion-ensayo","8":"infinite-scroll-item","9":"","10":"woocommerce-text-align-left","11":"woocommerce-image-align-center","12":"do-quantity-buttons","14":"first","15":"instock","16":"taxable","17":"shipping-taxable","18":"purchasable","19":"product-type-simple"},"acf":[],"yoast_head":"<!-- This site is optimized with the Yoast SEO plugin v27.1.1 - https:\/\/yoast.com\/product\/yoast-seo-wordpress\/ -->\n<title>\u00a1Un Mill\u00f3n de princesitas! La escena madrile\u00f1a para la infancia en el primer franquismo. - ASSITEJ Espa\u00f1a<\/title>\n<meta name=\"robots\" content=\"index, follow, max-snippet:-1, max-image-preview:large, max-video-preview:-1\" \/>\n<link rel=\"canonical\" href=\"https:\/\/assitej.culturaescenica.es\/es_es\/editorial-assitej\/cristina-santolaria\/un-millon-de-princesitas-la-escena-madrilena-para-la-infancia-en-el-primer-franquismo\/\" \/>\n<meta property=\"og:locale\" content=\"es_ES\" \/>\n<meta property=\"og:type\" content=\"article\" \/>\n<meta property=\"og:title\" content=\"\u00a1Un Mill\u00f3n de princesitas! La escena madrile\u00f1a para la infancia en el primer franquismo. - ASSITEJ Espa\u00f1a\" \/>\n<meta property=\"og:description\" content=\"Los investigadores del siglo XXI saben que una investigaci\u00f3n bien documentada supone una vacuna eficaz contra los falsos discursos. El teatro para ni\u00f1os es un campo desconocido donde los haya, ignoto para los historiadores del teatro, de la cultura e incluso de la educaci\u00f3n, a pesar de su capacidad de alumbrar aspectos deter-inantes de la vida social de una \u00e9poca. Porque determinantes son tanto la forma en que el poder pol\u00edtico organiza la vida teatral de un pa\u00eds como la educaci\u00f3n de la infancia, dos aspectos que convergen en este libro. Cristina Santolaria es muy consciente del valor del traba-o de campo, del hecho de rescatar datos olvidados, humildes en apariencia, pero que, tra\u00eddos oportunamente, pueden iluminar as-pectos desconocidos de la historia teatral y constituirse en puntos de apoyo de nuevos enfoques e interpretaciones. Este trabajo se adentra, por primera vez, en territorios absolutamente desconocidos. Su autora ha tenido la valent\u00eda y la generosidad de desbrozar el camino a los investigadores que vengan detr\u00e1s, al tiempo que permite a los lectores de hoy asomarnos a un periodo de la historia del teatro infantil felizmente superado, pero del que, si somos capaces de comprender los mecanismos que lo impulsaron y lo rodearon, podremos extraer lecciones para el futuro.\" \/>\n<meta property=\"og:url\" content=\"https:\/\/assitej.culturaescenica.es\/es_es\/editorial-assitej\/cristina-santolaria\/un-millon-de-princesitas-la-escena-madrilena-para-la-infancia-en-el-primer-franquismo\/\" \/>\n<meta property=\"og:site_name\" content=\"ASSITEJ Espa\u00f1a\" \/>\n<meta property=\"article:publisher\" content=\"https:\/\/www.facebook.com\/assitejespana\/\" \/>\n<meta property=\"article:modified_time\" content=\"2025-05-05T14:02:09+00:00\" \/>\n<meta property=\"og:image\" content=\"https:\/\/assitej.culturaescenica.es\/wp-content\/uploads\/Princesitas_Cubierta_05_Pagina_1-1-1.jpg\" \/>\n\t<meta property=\"og:image:width\" content=\"1183\" \/>\n\t<meta property=\"og:image:height\" content=\"1650\" \/>\n\t<meta property=\"og:image:type\" content=\"image\/jpeg\" \/>\n<meta name=\"twitter:card\" content=\"summary_large_image\" \/>\n<meta name=\"twitter:site\" content=\"@AssitejEspana\" \/>\n<meta name=\"twitter:label1\" content=\"Tiempo de lectura\" \/>\n\t<meta name=\"twitter:data1\" content=\"1 minuto\" \/>\n<script type=\"application\/ld+json\" class=\"yoast-schema-graph\">{\"@context\":\"https:\/\/schema.org\",\"@graph\":[{\"@type\":\"WebPage\",\"@id\":\"https:\/\/assitej.culturaescenica.es\/eu\/editorial-assitej\/cristina-santolaria\/un-millon-de-princesitas-la-escena-madrilena-para-la-infancia-en-el-primer-franquismo\/\",\"url\":\"https:\/\/assitej.culturaescenica.es\/eu\/editorial-assitej\/cristina-santolaria\/un-millon-de-princesitas-la-escena-madrilena-para-la-infancia-en-el-primer-franquismo\/\",\"name\":\"\u00a1Un Mill\u00f3n de princesitas! La escena madrile\u00f1a para la infancia en el primer franquismo. - ASSITEJ Espa\u00f1a\",\"isPartOf\":{\"@id\":\"https:\/\/assitej.culturaescenica.es\/gl\/#website\"},\"primaryImageOfPage\":{\"@id\":\"https:\/\/assitej.culturaescenica.es\/eu\/editorial-assitej\/cristina-santolaria\/un-millon-de-princesitas-la-escena-madrilena-para-la-infancia-en-el-primer-franquismo\/#primaryimage\"},\"image\":{\"@id\":\"https:\/\/assitej.culturaescenica.es\/eu\/editorial-assitej\/cristina-santolaria\/un-millon-de-princesitas-la-escena-madrilena-para-la-infancia-en-el-primer-franquismo\/#primaryimage\"},\"thumbnailUrl\":\"https:\/\/assitej.culturaescenica.es\/wp-content\/uploads\/Princesitas_Cubierta_05_Pagina_1-1-1.jpg\",\"datePublished\":\"2023-01-10T17:45:40+00:00\",\"dateModified\":\"2025-05-05T14:02:09+00:00\",\"breadcrumb\":{\"@id\":\"https:\/\/assitej.culturaescenica.es\/eu\/editorial-assitej\/cristina-santolaria\/un-millon-de-princesitas-la-escena-madrilena-para-la-infancia-en-el-primer-franquismo\/#breadcrumb\"},\"inLanguage\":\"es\",\"potentialAction\":[{\"@type\":\"ReadAction\",\"target\":[\"https:\/\/assitej.culturaescenica.es\/eu\/editorial-assitej\/cristina-santolaria\/un-millon-de-princesitas-la-escena-madrilena-para-la-infancia-en-el-primer-franquismo\/\"]}]},{\"@type\":\"ImageObject\",\"inLanguage\":\"es\",\"@id\":\"https:\/\/assitej.culturaescenica.es\/eu\/editorial-assitej\/cristina-santolaria\/un-millon-de-princesitas-la-escena-madrilena-para-la-infancia-en-el-primer-franquismo\/#primaryimage\",\"url\":\"https:\/\/assitej.culturaescenica.es\/wp-content\/uploads\/Princesitas_Cubierta_05_Pagina_1-1-1.jpg\",\"contentUrl\":\"https:\/\/assitej.culturaescenica.es\/wp-content\/uploads\/Princesitas_Cubierta_05_Pagina_1-1-1.jpg\",\"width\":1183,\"height\":1650},{\"@type\":\"BreadcrumbList\",\"@id\":\"https:\/\/assitej.culturaescenica.es\/eu\/editorial-assitej\/cristina-santolaria\/un-millon-de-princesitas-la-escena-madrilena-para-la-infancia-en-el-primer-franquismo\/#breadcrumb\",\"itemListElement\":[{\"@type\":\"ListItem\",\"position\":1,\"name\":\"Portada\",\"item\":\"https:\/\/assitej.culturaescenica.es\/gl\/\"},{\"@type\":\"ListItem\",\"position\":2,\"name\":\"Editorial Assitej\",\"item\":\"https:\/\/assitej.culturaescenica.es\/es_es\/editorial-assitej\/\"},{\"@type\":\"ListItem\",\"position\":3,\"name\":\"\u00a1Un Mill\u00f3n de princesitas! La escena madrile\u00f1a para la infancia en el primer franquismo.\"}]},{\"@type\":\"WebSite\",\"@id\":\"https:\/\/assitej.culturaescenica.es\/gl\/#website\",\"url\":\"https:\/\/assitej.culturaescenica.es\/gl\/\",\"name\":\"ASSITEJ Espa\u00f1a\",\"description\":\"ARTES ESC\u00c9NICAS PARA LA INFANCIA Y LA JUVENTUD\",\"publisher\":{\"@id\":\"https:\/\/assitej.culturaescenica.es\/gl\/#organization\"},\"potentialAction\":[{\"@type\":\"SearchAction\",\"target\":{\"@type\":\"EntryPoint\",\"urlTemplate\":\"https:\/\/assitej.culturaescenica.es\/gl\/?s={search_term_string}\"},\"query-input\":{\"@type\":\"PropertyValueSpecification\",\"valueRequired\":true,\"valueName\":\"search_term_string\"}}],\"inLanguage\":\"es\"},{\"@type\":\"Organization\",\"@id\":\"https:\/\/assitej.culturaescenica.es\/gl\/#organization\",\"name\":\"ASSITEJ Espa\u00f1a\",\"url\":\"https:\/\/assitej.culturaescenica.es\/gl\/\",\"logo\":{\"@type\":\"ImageObject\",\"inLanguage\":\"es\",\"@id\":\"https:\/\/assitej.culturaescenica.es\/gl\/#\/schema\/logo\/image\/\",\"url\":\"https:\/\/assitej.es\/wp-content\/uploads\/Logo_ASSITEJ_Espana.RGB_2-1.png\",\"contentUrl\":\"https:\/\/assitej.es\/wp-content\/uploads\/Logo_ASSITEJ_Espana.RGB_2-1.png\",\"width\":4934,\"height\":2287,\"caption\":\"ASSITEJ Espa\u00f1a\"},\"image\":{\"@id\":\"https:\/\/assitej.culturaescenica.es\/gl\/#\/schema\/logo\/image\/\"},\"sameAs\":[\"https:\/\/www.facebook.com\/assitejespana\/\",\"https:\/\/x.com\/AssitejEspana\",\"https:\/\/www.youtube.com\/channel\/UCv-2SDBzEmyORL5tPvsYgMw\"]}]}<\/script>\n<!-- \/ Yoast SEO plugin. -->","yoast_head_json":{"title":"\u00a1Un Mill\u00f3n de princesitas! La escena madrile\u00f1a para la infancia en el primer franquismo. - ASSITEJ Espa\u00f1a","robots":{"index":"index","follow":"follow","max-snippet":"max-snippet:-1","max-image-preview":"max-image-preview:large","max-video-preview":"max-video-preview:-1"},"canonical":"https:\/\/assitej.culturaescenica.es\/es_es\/editorial-assitej\/cristina-santolaria\/un-millon-de-princesitas-la-escena-madrilena-para-la-infancia-en-el-primer-franquismo\/","og_locale":"es_ES","og_type":"article","og_title":"\u00a1Un Mill\u00f3n de princesitas! La escena madrile\u00f1a para la infancia en el primer franquismo. - ASSITEJ Espa\u00f1a","og_description":"Los investigadores del siglo XXI saben que una investigaci\u00f3n bien documentada supone una vacuna eficaz contra los falsos discursos. El teatro para ni\u00f1os es un campo desconocido donde los haya, ignoto para los historiadores del teatro, de la cultura e incluso de la educaci\u00f3n, a pesar de su capacidad de alumbrar aspectos deter-inantes de la vida social de una \u00e9poca. Porque determinantes son tanto la forma en que el poder pol\u00edtico organiza la vida teatral de un pa\u00eds como la educaci\u00f3n de la infancia, dos aspectos que convergen en este libro. Cristina Santolaria es muy consciente del valor del traba-o de campo, del hecho de rescatar datos olvidados, humildes en apariencia, pero que, tra\u00eddos oportunamente, pueden iluminar as-pectos desconocidos de la historia teatral y constituirse en puntos de apoyo de nuevos enfoques e interpretaciones. Este trabajo se adentra, por primera vez, en territorios absolutamente desconocidos. Su autora ha tenido la valent\u00eda y la generosidad de desbrozar el camino a los investigadores que vengan detr\u00e1s, al tiempo que permite a los lectores de hoy asomarnos a un periodo de la historia del teatro infantil felizmente superado, pero del que, si somos capaces de comprender los mecanismos que lo impulsaron y lo rodearon, podremos extraer lecciones para el futuro.","og_url":"https:\/\/assitej.culturaescenica.es\/es_es\/editorial-assitej\/cristina-santolaria\/un-millon-de-princesitas-la-escena-madrilena-para-la-infancia-en-el-primer-franquismo\/","og_site_name":"ASSITEJ Espa\u00f1a","article_publisher":"https:\/\/www.facebook.com\/assitejespana\/","article_modified_time":"2025-05-05T14:02:09+00:00","og_image":[{"width":1183,"height":1650,"url":"https:\/\/assitej.culturaescenica.es\/wp-content\/uploads\/Princesitas_Cubierta_05_Pagina_1-1-1.jpg","type":"image\/jpeg"}],"twitter_card":"summary_large_image","twitter_site":"@AssitejEspana","twitter_misc":{"Tiempo de lectura":"1 minuto"},"schema":{"@context":"https:\/\/schema.org","@graph":[{"@type":"WebPage","@id":"https:\/\/assitej.culturaescenica.es\/eu\/editorial-assitej\/cristina-santolaria\/un-millon-de-princesitas-la-escena-madrilena-para-la-infancia-en-el-primer-franquismo\/","url":"https:\/\/assitej.culturaescenica.es\/eu\/editorial-assitej\/cristina-santolaria\/un-millon-de-princesitas-la-escena-madrilena-para-la-infancia-en-el-primer-franquismo\/","name":"\u00a1Un Mill\u00f3n de princesitas! La escena madrile\u00f1a para la infancia en el primer franquismo. - ASSITEJ Espa\u00f1a","isPartOf":{"@id":"https:\/\/assitej.culturaescenica.es\/gl\/#website"},"primaryImageOfPage":{"@id":"https:\/\/assitej.culturaescenica.es\/eu\/editorial-assitej\/cristina-santolaria\/un-millon-de-princesitas-la-escena-madrilena-para-la-infancia-en-el-primer-franquismo\/#primaryimage"},"image":{"@id":"https:\/\/assitej.culturaescenica.es\/eu\/editorial-assitej\/cristina-santolaria\/un-millon-de-princesitas-la-escena-madrilena-para-la-infancia-en-el-primer-franquismo\/#primaryimage"},"thumbnailUrl":"https:\/\/assitej.culturaescenica.es\/wp-content\/uploads\/Princesitas_Cubierta_05_Pagina_1-1-1.jpg","datePublished":"2023-01-10T17:45:40+00:00","dateModified":"2025-05-05T14:02:09+00:00","breadcrumb":{"@id":"https:\/\/assitej.culturaescenica.es\/eu\/editorial-assitej\/cristina-santolaria\/un-millon-de-princesitas-la-escena-madrilena-para-la-infancia-en-el-primer-franquismo\/#breadcrumb"},"inLanguage":"es","potentialAction":[{"@type":"ReadAction","target":["https:\/\/assitej.culturaescenica.es\/eu\/editorial-assitej\/cristina-santolaria\/un-millon-de-princesitas-la-escena-madrilena-para-la-infancia-en-el-primer-franquismo\/"]}]},{"@type":"ImageObject","inLanguage":"es","@id":"https:\/\/assitej.culturaescenica.es\/eu\/editorial-assitej\/cristina-santolaria\/un-millon-de-princesitas-la-escena-madrilena-para-la-infancia-en-el-primer-franquismo\/#primaryimage","url":"https:\/\/assitej.culturaescenica.es\/wp-content\/uploads\/Princesitas_Cubierta_05_Pagina_1-1-1.jpg","contentUrl":"https:\/\/assitej.culturaescenica.es\/wp-content\/uploads\/Princesitas_Cubierta_05_Pagina_1-1-1.jpg","width":1183,"height":1650},{"@type":"BreadcrumbList","@id":"https:\/\/assitej.culturaescenica.es\/eu\/editorial-assitej\/cristina-santolaria\/un-millon-de-princesitas-la-escena-madrilena-para-la-infancia-en-el-primer-franquismo\/#breadcrumb","itemListElement":[{"@type":"ListItem","position":1,"name":"Portada","item":"https:\/\/assitej.culturaescenica.es\/gl\/"},{"@type":"ListItem","position":2,"name":"Editorial Assitej","item":"https:\/\/assitej.culturaescenica.es\/es_es\/editorial-assitej\/"},{"@type":"ListItem","position":3,"name":"\u00a1Un Mill\u00f3n de princesitas! La escena madrile\u00f1a para la infancia en el primer franquismo."}]},{"@type":"WebSite","@id":"https:\/\/assitej.culturaescenica.es\/gl\/#website","url":"https:\/\/assitej.culturaescenica.es\/gl\/","name":"ASSITEJ Espa\u00f1a","description":"ARTES ESC\u00c9NICAS PARA LA INFANCIA Y LA JUVENTUD","publisher":{"@id":"https:\/\/assitej.culturaescenica.es\/gl\/#organization"},"potentialAction":[{"@type":"SearchAction","target":{"@type":"EntryPoint","urlTemplate":"https:\/\/assitej.culturaescenica.es\/gl\/?s={search_term_string}"},"query-input":{"@type":"PropertyValueSpecification","valueRequired":true,"valueName":"search_term_string"}}],"inLanguage":"es"},{"@type":"Organization","@id":"https:\/\/assitej.culturaescenica.es\/gl\/#organization","name":"ASSITEJ Espa\u00f1a","url":"https:\/\/assitej.culturaescenica.es\/gl\/","logo":{"@type":"ImageObject","inLanguage":"es","@id":"https:\/\/assitej.culturaescenica.es\/gl\/#\/schema\/logo\/image\/","url":"https:\/\/assitej.es\/wp-content\/uploads\/Logo_ASSITEJ_Espana.RGB_2-1.png","contentUrl":"https:\/\/assitej.es\/wp-content\/uploads\/Logo_ASSITEJ_Espana.RGB_2-1.png","width":4934,"height":2287,"caption":"ASSITEJ Espa\u00f1a"},"image":{"@id":"https:\/\/assitej.culturaescenica.es\/gl\/#\/schema\/logo\/image\/"},"sameAs":["https:\/\/www.facebook.com\/assitejespana\/","https:\/\/x.com\/AssitejEspana","https:\/\/www.youtube.com\/channel\/UCv-2SDBzEmyORL5tPvsYgMw"]}]}},"_links":{"self":[{"href":"https:\/\/assitej.culturaescenica.es\/es_es\/wp-json\/wp\/v2\/product\/11366","targetHints":{"allow":["GET"]}}],"collection":[{"href":"https:\/\/assitej.culturaescenica.es\/es_es\/wp-json\/wp\/v2\/product"}],"about":[{"href":"https:\/\/assitej.culturaescenica.es\/es_es\/wp-json\/wp\/v2\/types\/product"}],"wp:featuredmedia":[{"embeddable":true,"href":"https:\/\/assitej.culturaescenica.es\/es_es\/wp-json\/wp\/v2\/media\/24368"}],"wp:attachment":[{"href":"https:\/\/assitej.culturaescenica.es\/es_es\/wp-json\/wp\/v2\/media?parent=11366"}],"wp:term":[{"taxonomy":"product_brand","embeddable":true,"href":"https:\/\/assitej.culturaescenica.es\/es_es\/wp-json\/wp\/v2\/product_brand?post=11366"},{"taxonomy":"product_cat","embeddable":true,"href":"https:\/\/assitej.culturaescenica.es\/es_es\/wp-json\/wp\/v2\/product_cat?post=11366"},{"taxonomy":"product_tag","embeddable":true,"href":"https:\/\/assitej.culturaescenica.es\/es_es\/wp-json\/wp\/v2\/product_tag?post=11366"}],"curies":[{"name":"wp","href":"https:\/\/api.w.org\/{rel}","templated":true}]}}