{"id":10938,"date":"2021-05-11T11:28:08","date_gmt":"2021-05-11T10:28:08","guid":{"rendered":"https:\/\/www.assitej.net\/?post_type=product&#038;p=10938"},"modified":"2025-06-02T19:42:59","modified_gmt":"2025-06-02T17:42:59","slug":"de-azucar-de-jordi-palet","status":"publish","type":"product","link":"https:\/\/assitej.culturaescenica.es\/es_es\/editorial-assitej\/jordi-palet\/de-azucar-de-jordi-palet\/","title":{"rendered":"De az\u00facar, de Jordi Palet"},"content":{"rendered":"<p>Marc tiene ocho a\u00f1os, unos padres que trabajan mucho y una abuela que se llama Mar\u00eda y que cada tarde va a buscarle a la escuela. Juntos van al parque, ven programas de cocina y compran paquetes de cromos para, con un poquito de suerte, terminar el \u00e1lbum de su abuelo Tom\u00e1s. Tom\u00e1s hace poco tiempo que se fue, pero Marc y Mar\u00eda buscan la manera de mantener vivo su recuerdo.<\/p>\n<p>Jordi Palet i Puig ha escrito una obra divertida y muy dulce sobre la ausencia y la superaci\u00f3n del duelo, con una relaci\u00f3n m\u00e1gica entre una abuela y su nieto. De az\u00facar fue merecedora del XXI Premio ASSITEJ Espa\u00f1a de Teatro para la Infancia y la Juventud por su sensibilidad y su escritura clara y cercana. Es el primer libro biling\u00fce espa\u00f1ol-catal\u00e1n de la Colecci\u00f3n de Teatro de ASSITEJ Espa\u00f1a.<\/p>\n<p>&nbsp;<\/p>\n","protected":false},"excerpt":{"rendered":"<p>Marc tiene ocho a\u00f1os, unos padres que trabajan mucho y una abuela que se llama Mar\u00eda y que cada tarde va a buscarle a la escuela. Juntos van al parque, ven programas de cocina y compran paquetes de cromos para, con un poquito de suerte, terminar el \u00e1lbum de su abuelo Tom\u00e1s. Tom\u00e1s hace poco tiempo que se fue, pero Marc y Mar\u00eda buscan la manera de mantener vivo su recuerdo.<\/p>\n<p>Jordi Palet i Puig ha escrito una obra divertida y muy dulce sobre la ausencia y la superaci\u00f3n del duelo, con una relaci\u00f3n m\u00e1gica entre una abuela y su nieto. De az\u00facar fue merecedora del XXI Premio ASSITEJ Espa\u00f1a de Teatro para la Infancia y la Juventud por su sensibilidad y su escritura clara y cercana. Es el primer libro biling\u00fce espa\u00f1ol-catal\u00e1n de la Colecci\u00f3n de Teatro de ASSITEJ Espa\u00f1a<\/p>\n","protected":false},"featured_media":24362,"template":"","meta":{"_acf_changed":false,"_links_to":"","_links_to_target":""},"product_brand":[2699],"product_cat":[2513],"product_tag":[67,2511],"class_list":{"0":"post-10938","1":"product","2":"type-product","3":"status-publish","4":"has-post-thumbnail","6":"product_brand-assitej","7":"product_cat-jordi-palet","8":"product_tag-coleccion-teatro","9":"product_tag-jordi-palet","10":"product_shipping_class-libro","11":"infinite-scroll-item","12":"","13":"woocommerce-text-align-left","14":"woocommerce-image-align-center","15":"do-quantity-buttons","17":"first","18":"instock","19":"taxable","20":"shipping-taxable","21":"purchasable","22":"product-type-simple"},"acf":[],"yoast_head":"<!-- This site is optimized with the Yoast SEO plugin v27.1.1 - https:\/\/yoast.com\/product\/yoast-seo-wordpress\/ -->\n<title>De az\u00facar, de Jordi Palet | ASSITEJ<\/title>\n<meta name=\"description\" content=\"Jordi Palet i Puig ha escrito una obra divertida y muy dulce sobre la ausencia y la superaci\u00f3n del duelo, con una relaci\u00f3n m\u00e1gica entre una abuela y su nieto.\" \/>\n<meta name=\"robots\" content=\"index, follow, max-snippet:-1, max-image-preview:large, max-video-preview:-1\" \/>\n<link rel=\"canonical\" href=\"https:\/\/assitej.culturaescenica.es\/es_es\/editorial-assitej\/jordi-palet\/de-azucar-de-jordi-palet\/\" \/>\n<meta property=\"og:locale\" content=\"es_ES\" \/>\n<meta property=\"og:type\" content=\"article\" \/>\n<meta property=\"og:title\" content=\"De az\u00facar, de Jordi Palet | ASSITEJ\" \/>\n<meta property=\"og:description\" content=\"Jordi Palet i Puig ha escrito una obra divertida y muy dulce sobre la ausencia y la superaci\u00f3n del duelo, con una relaci\u00f3n m\u00e1gica entre una abuela y su nieto.\" \/>\n<meta property=\"og:url\" content=\"https:\/\/assitej.culturaescenica.es\/es_es\/editorial-assitej\/jordi-palet\/de-azucar-de-jordi-palet\/\" \/>\n<meta property=\"og:site_name\" content=\"ASSITEJ Espa\u00f1a\" \/>\n<meta property=\"article:publisher\" content=\"https:\/\/www.facebook.com\/assitejespana\/\" \/>\n<meta property=\"article:modified_time\" content=\"2025-06-02T17:42:59+00:00\" \/>\n<meta property=\"og:image\" content=\"https:\/\/assitej.culturaescenica.es\/wp-content\/uploads\/Azucar_Cubierta_web-1-jpg.webp\" \/>\n\t<meta property=\"og:image:width\" content=\"684\" \/>\n\t<meta property=\"og:image:height\" content=\"1000\" \/>\n\t<meta property=\"og:image:type\" content=\"image\/jpeg\" \/>\n<meta name=\"twitter:card\" content=\"summary_large_image\" \/>\n<meta name=\"twitter:site\" content=\"@AssitejEspana\" \/>\n<meta name=\"twitter:label1\" content=\"Tiempo de lectura\" \/>\n\t<meta name=\"twitter:data1\" content=\"1 minuto\" \/>\n<script type=\"application\/ld+json\" class=\"yoast-schema-graph\">{\"@context\":\"https:\/\/schema.org\",\"@graph\":[{\"@type\":\"WebPage\",\"@id\":\"https:\/\/assitej.culturaescenica.es\/editorial-assitej\/jordi-palet\/de-azucar-de-jordi-palet\/\",\"url\":\"https:\/\/assitej.culturaescenica.es\/editorial-assitej\/jordi-palet\/de-azucar-de-jordi-palet\/\",\"name\":\"De az\u00facar, de Jordi Palet | ASSITEJ\",\"isPartOf\":{\"@id\":\"https:\/\/assitej.culturaescenica.es\/gl\/#website\"},\"primaryImageOfPage\":{\"@id\":\"https:\/\/assitej.culturaescenica.es\/editorial-assitej\/jordi-palet\/de-azucar-de-jordi-palet\/#primaryimage\"},\"image\":{\"@id\":\"https:\/\/assitej.culturaescenica.es\/editorial-assitej\/jordi-palet\/de-azucar-de-jordi-palet\/#primaryimage\"},\"thumbnailUrl\":\"https:\/\/assitej.culturaescenica.es\/wp-content\/uploads\/Azucar_Cubierta_web-1-jpg.webp\",\"datePublished\":\"2021-05-11T10:28:08+00:00\",\"dateModified\":\"2025-06-02T17:42:59+00:00\",\"description\":\"Jordi Palet i Puig ha escrito una obra divertida y muy dulce sobre la ausencia y la superaci\u00f3n del duelo, con una relaci\u00f3n m\u00e1gica entre una abuela y su nieto.\",\"breadcrumb\":{\"@id\":\"https:\/\/assitej.culturaescenica.es\/editorial-assitej\/jordi-palet\/de-azucar-de-jordi-palet\/#breadcrumb\"},\"inLanguage\":\"es\",\"potentialAction\":[{\"@type\":\"ReadAction\",\"target\":[\"https:\/\/assitej.culturaescenica.es\/editorial-assitej\/jordi-palet\/de-azucar-de-jordi-palet\/\"]}]},{\"@type\":\"ImageObject\",\"inLanguage\":\"es\",\"@id\":\"https:\/\/assitej.culturaescenica.es\/editorial-assitej\/jordi-palet\/de-azucar-de-jordi-palet\/#primaryimage\",\"url\":\"https:\/\/assitej.culturaescenica.es\/wp-content\/uploads\/Azucar_Cubierta_web-1-jpg.webp\",\"contentUrl\":\"https:\/\/assitej.culturaescenica.es\/wp-content\/uploads\/Azucar_Cubierta_web-1-jpg.webp\",\"width\":684,\"height\":1000},{\"@type\":\"BreadcrumbList\",\"@id\":\"https:\/\/assitej.culturaescenica.es\/editorial-assitej\/jordi-palet\/de-azucar-de-jordi-palet\/#breadcrumb\",\"itemListElement\":[{\"@type\":\"ListItem\",\"position\":1,\"name\":\"Portada\",\"item\":\"https:\/\/assitej.culturaescenica.es\/gl\/\"},{\"@type\":\"ListItem\",\"position\":2,\"name\":\"Editorial Assitej\",\"item\":\"https:\/\/assitej.culturaescenica.es\/es_es\/editorial-assitej\/\"},{\"@type\":\"ListItem\",\"position\":3,\"name\":\"De az\u00facar, de Jordi Palet\"}]},{\"@type\":\"WebSite\",\"@id\":\"https:\/\/assitej.culturaescenica.es\/gl\/#website\",\"url\":\"https:\/\/assitej.culturaescenica.es\/gl\/\",\"name\":\"ASSITEJ Espa\u00f1a\",\"description\":\"ARTES ESC\u00c9NICAS PARA LA INFANCIA Y LA JUVENTUD\",\"publisher\":{\"@id\":\"https:\/\/assitej.culturaescenica.es\/gl\/#organization\"},\"potentialAction\":[{\"@type\":\"SearchAction\",\"target\":{\"@type\":\"EntryPoint\",\"urlTemplate\":\"https:\/\/assitej.culturaescenica.es\/gl\/?s={search_term_string}\"},\"query-input\":{\"@type\":\"PropertyValueSpecification\",\"valueRequired\":true,\"valueName\":\"search_term_string\"}}],\"inLanguage\":\"es\"},{\"@type\":\"Organization\",\"@id\":\"https:\/\/assitej.culturaescenica.es\/gl\/#organization\",\"name\":\"ASSITEJ Espa\u00f1a\",\"url\":\"https:\/\/assitej.culturaescenica.es\/gl\/\",\"logo\":{\"@type\":\"ImageObject\",\"inLanguage\":\"es\",\"@id\":\"https:\/\/assitej.culturaescenica.es\/gl\/#\/schema\/logo\/image\/\",\"url\":\"https:\/\/assitej.es\/wp-content\/uploads\/Logo_ASSITEJ_Espana.RGB_2-1.png\",\"contentUrl\":\"https:\/\/assitej.es\/wp-content\/uploads\/Logo_ASSITEJ_Espana.RGB_2-1.png\",\"width\":4934,\"height\":2287,\"caption\":\"ASSITEJ Espa\u00f1a\"},\"image\":{\"@id\":\"https:\/\/assitej.culturaescenica.es\/gl\/#\/schema\/logo\/image\/\"},\"sameAs\":[\"https:\/\/www.facebook.com\/assitejespana\/\",\"https:\/\/x.com\/AssitejEspana\",\"https:\/\/www.youtube.com\/channel\/UCv-2SDBzEmyORL5tPvsYgMw\"]}]}<\/script>\n<!-- \/ Yoast SEO plugin. -->","yoast_head_json":{"title":"De az\u00facar, de Jordi Palet | ASSITEJ","description":"Jordi Palet i Puig ha escrito una obra divertida y muy dulce sobre la ausencia y la superaci\u00f3n del duelo, con una relaci\u00f3n m\u00e1gica entre una abuela y su nieto.","robots":{"index":"index","follow":"follow","max-snippet":"max-snippet:-1","max-image-preview":"max-image-preview:large","max-video-preview":"max-video-preview:-1"},"canonical":"https:\/\/assitej.culturaescenica.es\/es_es\/editorial-assitej\/jordi-palet\/de-azucar-de-jordi-palet\/","og_locale":"es_ES","og_type":"article","og_title":"De az\u00facar, de Jordi Palet | ASSITEJ","og_description":"Jordi Palet i Puig ha escrito una obra divertida y muy dulce sobre la ausencia y la superaci\u00f3n del duelo, con una relaci\u00f3n m\u00e1gica entre una abuela y su nieto.","og_url":"https:\/\/assitej.culturaescenica.es\/es_es\/editorial-assitej\/jordi-palet\/de-azucar-de-jordi-palet\/","og_site_name":"ASSITEJ Espa\u00f1a","article_publisher":"https:\/\/www.facebook.com\/assitejespana\/","article_modified_time":"2025-06-02T17:42:59+00:00","og_image":[{"width":684,"height":1000,"url":"https:\/\/assitej.culturaescenica.es\/wp-content\/uploads\/Azucar_Cubierta_web-1-jpg.webp","type":"image\/jpeg"}],"twitter_card":"summary_large_image","twitter_site":"@AssitejEspana","twitter_misc":{"Tiempo de lectura":"1 minuto"},"schema":{"@context":"https:\/\/schema.org","@graph":[{"@type":"WebPage","@id":"https:\/\/assitej.culturaescenica.es\/editorial-assitej\/jordi-palet\/de-azucar-de-jordi-palet\/","url":"https:\/\/assitej.culturaescenica.es\/editorial-assitej\/jordi-palet\/de-azucar-de-jordi-palet\/","name":"De az\u00facar, de Jordi Palet | ASSITEJ","isPartOf":{"@id":"https:\/\/assitej.culturaescenica.es\/gl\/#website"},"primaryImageOfPage":{"@id":"https:\/\/assitej.culturaescenica.es\/editorial-assitej\/jordi-palet\/de-azucar-de-jordi-palet\/#primaryimage"},"image":{"@id":"https:\/\/assitej.culturaescenica.es\/editorial-assitej\/jordi-palet\/de-azucar-de-jordi-palet\/#primaryimage"},"thumbnailUrl":"https:\/\/assitej.culturaescenica.es\/wp-content\/uploads\/Azucar_Cubierta_web-1-jpg.webp","datePublished":"2021-05-11T10:28:08+00:00","dateModified":"2025-06-02T17:42:59+00:00","description":"Jordi Palet i Puig ha escrito una obra divertida y muy dulce sobre la ausencia y la superaci\u00f3n del duelo, con una relaci\u00f3n m\u00e1gica entre una abuela y su nieto.","breadcrumb":{"@id":"https:\/\/assitej.culturaescenica.es\/editorial-assitej\/jordi-palet\/de-azucar-de-jordi-palet\/#breadcrumb"},"inLanguage":"es","potentialAction":[{"@type":"ReadAction","target":["https:\/\/assitej.culturaescenica.es\/editorial-assitej\/jordi-palet\/de-azucar-de-jordi-palet\/"]}]},{"@type":"ImageObject","inLanguage":"es","@id":"https:\/\/assitej.culturaescenica.es\/editorial-assitej\/jordi-palet\/de-azucar-de-jordi-palet\/#primaryimage","url":"https:\/\/assitej.culturaescenica.es\/wp-content\/uploads\/Azucar_Cubierta_web-1-jpg.webp","contentUrl":"https:\/\/assitej.culturaescenica.es\/wp-content\/uploads\/Azucar_Cubierta_web-1-jpg.webp","width":684,"height":1000},{"@type":"BreadcrumbList","@id":"https:\/\/assitej.culturaescenica.es\/editorial-assitej\/jordi-palet\/de-azucar-de-jordi-palet\/#breadcrumb","itemListElement":[{"@type":"ListItem","position":1,"name":"Portada","item":"https:\/\/assitej.culturaescenica.es\/gl\/"},{"@type":"ListItem","position":2,"name":"Editorial Assitej","item":"https:\/\/assitej.culturaescenica.es\/es_es\/editorial-assitej\/"},{"@type":"ListItem","position":3,"name":"De az\u00facar, de Jordi Palet"}]},{"@type":"WebSite","@id":"https:\/\/assitej.culturaescenica.es\/gl\/#website","url":"https:\/\/assitej.culturaescenica.es\/gl\/","name":"ASSITEJ Espa\u00f1a","description":"ARTES ESC\u00c9NICAS PARA LA INFANCIA Y LA JUVENTUD","publisher":{"@id":"https:\/\/assitej.culturaescenica.es\/gl\/#organization"},"potentialAction":[{"@type":"SearchAction","target":{"@type":"EntryPoint","urlTemplate":"https:\/\/assitej.culturaescenica.es\/gl\/?s={search_term_string}"},"query-input":{"@type":"PropertyValueSpecification","valueRequired":true,"valueName":"search_term_string"}}],"inLanguage":"es"},{"@type":"Organization","@id":"https:\/\/assitej.culturaescenica.es\/gl\/#organization","name":"ASSITEJ Espa\u00f1a","url":"https:\/\/assitej.culturaescenica.es\/gl\/","logo":{"@type":"ImageObject","inLanguage":"es","@id":"https:\/\/assitej.culturaescenica.es\/gl\/#\/schema\/logo\/image\/","url":"https:\/\/assitej.es\/wp-content\/uploads\/Logo_ASSITEJ_Espana.RGB_2-1.png","contentUrl":"https:\/\/assitej.es\/wp-content\/uploads\/Logo_ASSITEJ_Espana.RGB_2-1.png","width":4934,"height":2287,"caption":"ASSITEJ Espa\u00f1a"},"image":{"@id":"https:\/\/assitej.culturaescenica.es\/gl\/#\/schema\/logo\/image\/"},"sameAs":["https:\/\/www.facebook.com\/assitejespana\/","https:\/\/x.com\/AssitejEspana","https:\/\/www.youtube.com\/channel\/UCv-2SDBzEmyORL5tPvsYgMw"]}]}},"_links":{"self":[{"href":"https:\/\/assitej.culturaescenica.es\/es_es\/wp-json\/wp\/v2\/product\/10938","targetHints":{"allow":["GET"]}}],"collection":[{"href":"https:\/\/assitej.culturaescenica.es\/es_es\/wp-json\/wp\/v2\/product"}],"about":[{"href":"https:\/\/assitej.culturaescenica.es\/es_es\/wp-json\/wp\/v2\/types\/product"}],"wp:featuredmedia":[{"embeddable":true,"href":"https:\/\/assitej.culturaescenica.es\/es_es\/wp-json\/wp\/v2\/media\/24362"}],"wp:attachment":[{"href":"https:\/\/assitej.culturaescenica.es\/es_es\/wp-json\/wp\/v2\/media?parent=10938"}],"wp:term":[{"taxonomy":"product_brand","embeddable":true,"href":"https:\/\/assitej.culturaescenica.es\/es_es\/wp-json\/wp\/v2\/product_brand?post=10938"},{"taxonomy":"product_cat","embeddable":true,"href":"https:\/\/assitej.culturaescenica.es\/es_es\/wp-json\/wp\/v2\/product_cat?post=10938"},{"taxonomy":"product_tag","embeddable":true,"href":"https:\/\/assitej.culturaescenica.es\/es_es\/wp-json\/wp\/v2\/product_tag?post=10938"}],"curies":[{"name":"wp","href":"https:\/\/api.w.org\/{rel}","templated":true}]}}