{"id":243,"date":"2022-12-16T19:54:05","date_gmt":"2022-12-16T18:54:05","guid":{"rendered":"https:\/\/assitej.es\/beta\/?page_id=243"},"modified":"2024-11-20T13:29:22","modified_gmt":"2024-11-20T12:29:22","slug":"que-es-assitej","status":"publish","type":"page","link":"https:\/\/assitej.culturaescenica.es\/es_es\/assitej\/que-es-assitej\/","title":{"rendered":"\u00bfQu\u00e9 es ASSITEJ?"},"content":{"rendered":"<div class=\"gb-container gb-container-5779e3f0\">\n<div class=\"gb-container gb-container-1c702d89\"><\/div>\n<\/div>\n\n<div class=\"gb-grid-wrapper gb-grid-wrapper-94e29254\">\n<div class=\"gb-grid-column gb-grid-column-32f69b4a\"><div class=\"gb-container gb-container-32f69b4a\">\n\n<p><\/p>\n\n\n\n<p>ASSITEJ Espa\u00f1a es una entidad cultural sin \u00e1nimo de lucro, con un marcado car\u00e1cter transversal que pretende articular a los distintos agentes dentro del territorio, tratando de fomentar su interrelaci\u00f3n y una visi\u00f3n de la infancia y la juventud y de las artes esc\u00e9nicas que a ellos y ellas se dirigen.&nbsp;<\/p>\n\n\n\n<p>Es miembro fundador y de pleno derecho de la organizaci\u00f3n internacional&nbsp;<strong>ASSITEJ<\/strong>&nbsp;(Association Internacionale du Th\u00e9\u00e2tre pour l\u2019Enfance et la Jeuneusse), fundada en Par\u00eds en 1965 por el Instituto Internacional de Teatro de la&nbsp;<strong>UNESCO<\/strong>&nbsp;como una alianza global de teatro profesional para la infancia y la juventud. Hoy es una red mundial que une a miles de teatros, organizaciones e individuos a trav\u00e9s de los Centros Nacionales en m\u00e1s de&nbsp;<strong>80<\/strong>&nbsp;pa\u00edses.<\/p>\n\n<\/div><\/div>\n\n<div class=\"gb-grid-column gb-grid-column-8bee0f8f\"><div class=\"gb-container gb-container-8bee0f8f\">\n<div class=\"gb-container gb-container-66d9e8e5\">\n\n<p><\/p>\n\n\n\n<p><\/p>\n\n\n\n<p><\/p>\n\n\n\n<p><\/p>\n\n\n\n<p><\/p>\n\n\n\n<p><\/p>\n\n\n\n<p><\/p>\n\n\n\n<p><\/p>\n\n<\/div>\n<\/div><\/div>\n<\/div>\n\n\n<hr class=\"wp-block-separator has-text-color has-base-2-color has-alpha-channel-opacity has-base-2-background-color has-background is-style-dots\"\/>\n\n\n<div class=\"gb-grid-wrapper gb-grid-wrapper-78cc7a5c\">\n<div class=\"gb-grid-column gb-grid-column-4b06a37e\"><div class=\"gb-container gb-container-4b06a37e\">\n\n<ul class=\"wp-block-list\">\n<li>Agrupar a aquellas personas naturales que por sus aficiones o por formar parte de organismos, compa\u00f1\u00edas o grupos se dediquen en todo o parte de su actividad al teatro para la infancia y la juventud.<\/li>\n\n\n\n<li>Facilitar y promover el desarrollo de un teatro para la infancia y la juventud de alto valor art\u00edstico.<\/li>\n\n\n\n<li>Estimular a escritores y escritoras para la creaci\u00f3n de obras de teatro para la infancia y la juventud.<\/li>\n\n\n\n<li>Facilitar el intercambio de obras hasta lograr un buen repertorio.<\/li>\n\n\n\n<li>Favorecer la publicaci\u00f3n y divulgaci\u00f3n de libros, revistas, textos de teatro y dem\u00e1s materiales art\u00edsticos dedicados a la infancia y la juventud, que est\u00e9n relacionados con el teatro.<\/li>\n\n\n\n<li>Propagar el teatro para la infancia y la juventud por medio de la prensa, el cine, la radio, la televisi\u00f3n y otros canales de difusi\u00f3n presentes y futuros.<\/li>\n\n\n\n<li>Organizar archivos en cualquier formato para una mejor documentaci\u00f3n y estudio del teatro para la infancia y la juventud.<\/li>\n\n\n\n<li>Promover contactos y experiencias entre las personas, grupos y asociaciones que se interesan por el teatro para la infancia y la juventud.<\/li>\n\n\n\n<li>Cualquier otra actividad que pueda facilitar y colaborar con los fines anteriores.<\/li>\n\n\n\n<li>Intervenir, siempre que sea posible, como interlocutora ante las instituciones oficiales y privadas para la defensa y promoci\u00f3n del teatro para la infancia y la juventud.<\/li>\n\n\n\n<li>Quedan excluidos de los fines de la Asociaci\u00f3n la producci\u00f3n y distribuci\u00f3n de espect\u00e1culos.<\/li>\n<\/ul>\n\n<\/div><\/div>\n\n<div class=\"gb-grid-column gb-grid-column-60929e3f\"><div class=\"gb-container gb-container-60929e3f\">\n\n<div style=\"height:70px\" aria-hidden=\"true\" class=\"wp-block-spacer\"><\/div>\n\n\n\n<p>La Asociaci\u00f3n ejerce su acci\u00f3n actuando en todo el territorio nacional y participando en diversas actividades de las redes internacionales de ASSITEJ.&nbsp;<\/p>\n\n\n\n<p>ASSITEJ y sus centros nacionales son los \u00fanicos reconocidos por el ITI (International Theatre Institute ) y la UNESCO para todo tipo de intercambios a nivel internacional.<\/p>\n\n\n\n<p>ASSITEJ Espa\u00f1a forma parte de la Red Iberoamericana de ASSITEJ.<\/p>\n\n\n\n<p>Adem\u00e1s, ASSITEJ Espa\u00f1a asesora, colabora y apoya a distintas organizaciones iberoamericanas para que funden en sus respectivos pa\u00edses los correspondientes centros nacionales de ASSITEJ.<\/p>\n\n\n\n<p><\/p>\n\n\n\n<p>ASSITEJ ESPA\u00d1A ocupa una de las Vocal\u00edas del&nbsp;<strong>Comit\u00e9 Ejecutivo<\/strong>&nbsp;del&nbsp;<strong><em>Consejo Estatal de las Artes Esc\u00e9nicas y de la M\u00fasica<\/em><\/strong>, organismo asesor del INAEM, Instituto de las Artes Esc\u00e9nicas y de la M\u00fasica, del Ministerio de Educaci\u00f3n, Cultura y Deporte.<\/p>\n\n\n\n<div class=\"wp-block-buttons is-layout-flex wp-block-buttons-is-layout-flex\">\n<div class=\"wp-block-button\"><a class=\"wp-block-button__link wp-element-button\">Descargar estatutos<\/a><\/div>\n<\/div>\n\n<\/div><\/div>\n<\/div>","protected":false},"excerpt":{"rendered":"","protected":false},"author":999,"featured_media":0,"parent":433,"menu_order":0,"comment_status":"closed","ping_status":"closed","template":"","meta":{"_acf_changed":false,"footnotes":"","_links_to":"","_links_to_target":""},"class_list":{"0":"post-243","1":"page","2":"type-page","3":"status-publish","5":"infinite-scroll-item"},"acf":[],"yoast_head":"<!-- This site is optimized with the Yoast SEO plugin v27.1.1 - https:\/\/yoast.com\/product\/yoast-seo-wordpress\/ -->\n<title>\u00bfQu\u00e9 es ASSITEJ? - ASSITEJ Espa\u00f1a<\/title>\n<meta name=\"robots\" content=\"index, follow, max-snippet:-1, max-image-preview:large, max-video-preview:-1\" \/>\n<link rel=\"canonical\" href=\"https:\/\/assitej.culturaescenica.es\/es_es\/assitej\/que-es-assitej\/\" \/>\n<meta property=\"og:locale\" content=\"es_ES\" \/>\n<meta property=\"og:type\" content=\"article\" \/>\n<meta property=\"og:title\" content=\"\u00bfQu\u00e9 es ASSITEJ? - ASSITEJ Espa\u00f1a\" \/>\n<meta property=\"og:url\" content=\"https:\/\/assitej.culturaescenica.es\/es_es\/assitej\/que-es-assitej\/\" \/>\n<meta property=\"og:site_name\" content=\"ASSITEJ Espa\u00f1a\" \/>\n<meta property=\"article:publisher\" content=\"https:\/\/www.facebook.com\/assitejespana\/\" \/>\n<meta property=\"article:modified_time\" content=\"2024-11-20T12:29:22+00:00\" \/>\n<meta name=\"twitter:card\" content=\"summary_large_image\" \/>\n<meta name=\"twitter:site\" content=\"@AssitejEspana\" \/>\n<meta name=\"twitter:label1\" content=\"Tiempo de lectura\" \/>\n\t<meta name=\"twitter:data1\" content=\"3 minutos\" \/>\n<script type=\"application\/ld+json\" class=\"yoast-schema-graph\">{\"@context\":\"https:\/\/schema.org\",\"@graph\":[{\"@type\":\"WebPage\",\"@id\":\"https:\/\/assitej.culturaescenica.es\/assitej\/que-es-assitej\/\",\"url\":\"https:\/\/assitej.culturaescenica.es\/assitej\/que-es-assitej\/\",\"name\":\"\u00bfQu\u00e9 es ASSITEJ? - ASSITEJ Espa\u00f1a\",\"isPartOf\":{\"@id\":\"https:\/\/assitej.culturaescenica.es\/gl\/#website\"},\"datePublished\":\"2022-12-16T18:54:05+00:00\",\"dateModified\":\"2024-11-20T12:29:22+00:00\",\"breadcrumb\":{\"@id\":\"https:\/\/assitej.culturaescenica.es\/assitej\/que-es-assitej\/#breadcrumb\"},\"inLanguage\":\"es\",\"potentialAction\":[{\"@type\":\"ReadAction\",\"target\":[\"https:\/\/assitej.culturaescenica.es\/assitej\/que-es-assitej\/\"]}]},{\"@type\":\"BreadcrumbList\",\"@id\":\"https:\/\/assitej.culturaescenica.es\/assitej\/que-es-assitej\/#breadcrumb\",\"itemListElement\":[{\"@type\":\"ListItem\",\"position\":1,\"name\":\"Portada\",\"item\":\"https:\/\/assitej.culturaescenica.es\/gl\/\"},{\"@type\":\"ListItem\",\"position\":2,\"name\":\"Assitej\",\"item\":\"https:\/\/assitej.culturaescenica.es\/es_es\/assitej\/\"},{\"@type\":\"ListItem\",\"position\":3,\"name\":\"\u00bfQu\u00e9 es ASSITEJ?\"}]},{\"@type\":\"WebSite\",\"@id\":\"https:\/\/assitej.culturaescenica.es\/gl\/#website\",\"url\":\"https:\/\/assitej.culturaescenica.es\/gl\/\",\"name\":\"ASSITEJ Espa\u00f1a\",\"description\":\"ARTES ESC\u00c9NICAS PARA LA INFANCIA Y LA JUVENTUD\",\"publisher\":{\"@id\":\"https:\/\/assitej.culturaescenica.es\/gl\/#organization\"},\"potentialAction\":[{\"@type\":\"SearchAction\",\"target\":{\"@type\":\"EntryPoint\",\"urlTemplate\":\"https:\/\/assitej.culturaescenica.es\/gl\/?s={search_term_string}\"},\"query-input\":{\"@type\":\"PropertyValueSpecification\",\"valueRequired\":true,\"valueName\":\"search_term_string\"}}],\"inLanguage\":\"es\"},{\"@type\":\"Organization\",\"@id\":\"https:\/\/assitej.culturaescenica.es\/gl\/#organization\",\"name\":\"ASSITEJ Espa\u00f1a\",\"url\":\"https:\/\/assitej.culturaescenica.es\/gl\/\",\"logo\":{\"@type\":\"ImageObject\",\"inLanguage\":\"es\",\"@id\":\"https:\/\/assitej.culturaescenica.es\/gl\/#\/schema\/logo\/image\/\",\"url\":\"https:\/\/assitej.es\/wp-content\/uploads\/Logo_ASSITEJ_Espana.RGB_2-1.png\",\"contentUrl\":\"https:\/\/assitej.es\/wp-content\/uploads\/Logo_ASSITEJ_Espana.RGB_2-1.png\",\"width\":4934,\"height\":2287,\"caption\":\"ASSITEJ Espa\u00f1a\"},\"image\":{\"@id\":\"https:\/\/assitej.culturaescenica.es\/gl\/#\/schema\/logo\/image\/\"},\"sameAs\":[\"https:\/\/www.facebook.com\/assitejespana\/\",\"https:\/\/x.com\/AssitejEspana\",\"https:\/\/www.youtube.com\/channel\/UCv-2SDBzEmyORL5tPvsYgMw\"]}]}<\/script>\n<!-- \/ Yoast SEO plugin. -->","yoast_head_json":{"title":"\u00bfQu\u00e9 es ASSITEJ? - ASSITEJ Espa\u00f1a","robots":{"index":"index","follow":"follow","max-snippet":"max-snippet:-1","max-image-preview":"max-image-preview:large","max-video-preview":"max-video-preview:-1"},"canonical":"https:\/\/assitej.culturaescenica.es\/es_es\/assitej\/que-es-assitej\/","og_locale":"es_ES","og_type":"article","og_title":"\u00bfQu\u00e9 es ASSITEJ? - ASSITEJ Espa\u00f1a","og_url":"https:\/\/assitej.culturaescenica.es\/es_es\/assitej\/que-es-assitej\/","og_site_name":"ASSITEJ Espa\u00f1a","article_publisher":"https:\/\/www.facebook.com\/assitejespana\/","article_modified_time":"2024-11-20T12:29:22+00:00","twitter_card":"summary_large_image","twitter_site":"@AssitejEspana","twitter_misc":{"Tiempo de lectura":"3 minutos"},"schema":{"@context":"https:\/\/schema.org","@graph":[{"@type":"WebPage","@id":"https:\/\/assitej.culturaescenica.es\/assitej\/que-es-assitej\/","url":"https:\/\/assitej.culturaescenica.es\/assitej\/que-es-assitej\/","name":"\u00bfQu\u00e9 es ASSITEJ? - ASSITEJ Espa\u00f1a","isPartOf":{"@id":"https:\/\/assitej.culturaescenica.es\/gl\/#website"},"datePublished":"2022-12-16T18:54:05+00:00","dateModified":"2024-11-20T12:29:22+00:00","breadcrumb":{"@id":"https:\/\/assitej.culturaescenica.es\/assitej\/que-es-assitej\/#breadcrumb"},"inLanguage":"es","potentialAction":[{"@type":"ReadAction","target":["https:\/\/assitej.culturaescenica.es\/assitej\/que-es-assitej\/"]}]},{"@type":"BreadcrumbList","@id":"https:\/\/assitej.culturaescenica.es\/assitej\/que-es-assitej\/#breadcrumb","itemListElement":[{"@type":"ListItem","position":1,"name":"Portada","item":"https:\/\/assitej.culturaescenica.es\/gl\/"},{"@type":"ListItem","position":2,"name":"Assitej","item":"https:\/\/assitej.culturaescenica.es\/es_es\/assitej\/"},{"@type":"ListItem","position":3,"name":"\u00bfQu\u00e9 es ASSITEJ?"}]},{"@type":"WebSite","@id":"https:\/\/assitej.culturaescenica.es\/gl\/#website","url":"https:\/\/assitej.culturaescenica.es\/gl\/","name":"ASSITEJ Espa\u00f1a","description":"ARTES ESC\u00c9NICAS PARA LA INFANCIA Y LA JUVENTUD","publisher":{"@id":"https:\/\/assitej.culturaescenica.es\/gl\/#organization"},"potentialAction":[{"@type":"SearchAction","target":{"@type":"EntryPoint","urlTemplate":"https:\/\/assitej.culturaescenica.es\/gl\/?s={search_term_string}"},"query-input":{"@type":"PropertyValueSpecification","valueRequired":true,"valueName":"search_term_string"}}],"inLanguage":"es"},{"@type":"Organization","@id":"https:\/\/assitej.culturaescenica.es\/gl\/#organization","name":"ASSITEJ Espa\u00f1a","url":"https:\/\/assitej.culturaescenica.es\/gl\/","logo":{"@type":"ImageObject","inLanguage":"es","@id":"https:\/\/assitej.culturaescenica.es\/gl\/#\/schema\/logo\/image\/","url":"https:\/\/assitej.es\/wp-content\/uploads\/Logo_ASSITEJ_Espana.RGB_2-1.png","contentUrl":"https:\/\/assitej.es\/wp-content\/uploads\/Logo_ASSITEJ_Espana.RGB_2-1.png","width":4934,"height":2287,"caption":"ASSITEJ Espa\u00f1a"},"image":{"@id":"https:\/\/assitej.culturaescenica.es\/gl\/#\/schema\/logo\/image\/"},"sameAs":["https:\/\/www.facebook.com\/assitejespana\/","https:\/\/x.com\/AssitejEspana","https:\/\/www.youtube.com\/channel\/UCv-2SDBzEmyORL5tPvsYgMw"]}]}},"_links":{"self":[{"href":"https:\/\/assitej.culturaescenica.es\/es_es\/wp-json\/wp\/v2\/pages\/243","targetHints":{"allow":["GET"]}}],"collection":[{"href":"https:\/\/assitej.culturaescenica.es\/es_es\/wp-json\/wp\/v2\/pages"}],"about":[{"href":"https:\/\/assitej.culturaescenica.es\/es_es\/wp-json\/wp\/v2\/types\/page"}],"author":[{"embeddable":true,"href":"https:\/\/assitej.culturaescenica.es\/es_es\/wp-json\/wp\/v2\/users\/999"}],"replies":[{"embeddable":true,"href":"https:\/\/assitej.culturaescenica.es\/es_es\/wp-json\/wp\/v2\/comments?post=243"}],"version-history":[{"count":0,"href":"https:\/\/assitej.culturaescenica.es\/es_es\/wp-json\/wp\/v2\/pages\/243\/revisions"}],"up":[{"embeddable":true,"href":"https:\/\/assitej.culturaescenica.es\/es_es\/wp-json\/wp\/v2\/pages\/433"}],"wp:attachment":[{"href":"https:\/\/assitej.culturaescenica.es\/es_es\/wp-json\/wp\/v2\/media?parent=243"}],"curies":[{"name":"wp","href":"https:\/\/api.w.org\/{rel}","templated":true}]}}