{"id":6615,"date":"2018-11-23T11:18:17","date_gmt":"2018-11-23T10:18:17","guid":{"rendered":"https:\/\/www.assitej.net\/?post_type=product&#038;p=6615"},"modified":"2024-12-11T15:22:38","modified_gmt":"2024-12-11T14:22:38","slug":"ogros-espinacas-demas","status":"publish","type":"product","link":"https:\/\/assitej.culturaescenica.es\/en\/editorial-assitej\/lola-fernandez-de-sevilla\/ogros-espinacas-demas\/","title":{"rendered":"OGRES, SPINACHES AND OTHERS ... How to tell the terrible thing to girls and boys in the theater"},"content":{"rendered":"<p><strong>OGRES, SPINACHES AND OTHERS ... How to tell the terrible thing to girls and boys in the theater<\/strong><\/p>\n<p><i><span style=\"font-weight: 400;\">The school. The separation. The sea. The spinach. The injections. Where has grandpa gone? What will my little sister be like when she is born? Am I also going to die? What is a war? Why does he and I don&#039;t? Mother. Dad. The room at the end of the hall. Cows. The Wolves. Witches, ghosts, vampires and other relatives. Dogs. But what is actually under my bed? ...<\/span><\/i><\/p>\n<p><span style=\"font-weight: 400;\">There are thousands of questions that a boy and a girl ask themselves. Questions that have traditionally been considered taboo in childhood theater. Death, illness, loneliness, fear ... Through textual and spectacular analysis, Lola Fern\u00e1ndez de Sevilla explores the need to reflect these terrible themes in theatrical creation that is directed at girls and boys. Whoever continues to consider childhood as the happiest of times, the author tells us, is that they have lost their memory; the fear, the questions, simply adapt their size to the one who asks them. The car<\/span>ra a exemplifies it through numerous textual and spectacular materials, and focuses his gaze, in a more detailed way, on the work A girl, by the Granada company La Rous.<\/p>","protected":false},"excerpt":{"rendered":"<p><i><span style=\"font-weight: 400;\">The school. The separation. The sea. The spinach. The injections. Where has grandpa gone? What will my little sister be like when she is born? Am I also going to die? What is a war? Why does he and I don&#039;t? Mother. Dad. The room at the end of the hall. Cows. The Wolves. Witches, ghosts, vampires and other relatives. Dogs. But what is actually under my bed? ...<\/span><\/i><\/p>\n<p><span style=\"font-weight: 400;\">There are thousands of questions that a boy and a girl ask themselves. Questions that have traditionally been considered taboo in childhood theater. Death, illness, loneliness, fear ... Through textual and spectacular analysis, Lola Fern\u00e1ndez de Sevilla explores the need to reflect these terrible themes in theatrical creation that is directed at girls and boys. Whoever continues to consider childhood as the happiest of times, the author tells us, is that they have lost their memory; the fear, the questions, simply adapt their size to the one who asks them. The author exemplifies this through numerous textual and spectacular materials, and focuses her gaze, in a more detailed way, on the work A Girl, by the Granada company La Rous.<\/span><\/p>","protected":false},"featured_media":24354,"template":"","meta":{"_acf_changed":false,"_links_to":"","_links_to_target":""},"product_brand":[],"product_cat":[2269],"product_tag":[82],"class_list":{"0":"post-6615","1":"product","2":"type-product","3":"status-publish","4":"has-post-thumbnail","6":"product_cat-lola-fernandez-de-sevilla","7":"product_tag-coleccion-ensayo","8":"infinite-scroll-item","9":"","10":"woocommerce-text-align-left","11":"woocommerce-image-align-center","12":"do-quantity-buttons","14":"first","15":"instock","16":"taxable","17":"shipping-taxable","18":"purchasable","19":"product-type-simple"},"acf":[],"yoast_head":"<!-- This site is optimized with the Yoast SEO plugin v27.1.1 - https:\/\/yoast.com\/product\/yoast-seo-wordpress\/ -->\n<title>OGROS, ESPINACAS Y DEM\u00c1S...C\u00f3mo contar lo terrible a ni\u00f1as y ni\u00f1os<\/title>\n<meta name=\"description\" content=\"El colegio. La separaci\u00f3n. El mar. Las espinacas. Las inyecciones. \u00bfA d\u00f3nde se ha ido el abuelo? \u00bfC\u00f3mo ser\u00e1 mi hermanita cuando nazca? \u00bfYo tambi\u00e9n voy a morir? \u00bfQu\u00e9 es una guerra? \u00bfPor qu\u00e9 \u00e9l s\u00ed y yo no? Mam\u00e1. Pap\u00e1. El cuarto al final del pasillo. Las vacas. Los lobos...\" \/>\n<meta name=\"robots\" content=\"index, follow, max-snippet:-1, max-image-preview:large, max-video-preview:-1\" \/>\n<link rel=\"canonical\" href=\"https:\/\/assitej.culturaescenica.es\/en\/editorial-assitej\/lola-fernandez-de-sevilla\/ogros-espinacas-demas\/\" \/>\n<meta property=\"og:locale\" content=\"en_GB\" \/>\n<meta property=\"og:type\" content=\"article\" \/>\n<meta property=\"og:title\" content=\"OGROS, ESPINACAS Y DEM\u00c1S...C\u00f3mo contar lo terrible a ni\u00f1as y ni\u00f1os\" \/>\n<meta property=\"og:description\" content=\"El colegio. La separaci\u00f3n. El mar. Las espinacas. Las inyecciones. \u00bfA d\u00f3nde se ha ido el abuelo? \u00bfC\u00f3mo ser\u00e1 mi hermanita cuando nazca? \u00bfYo tambi\u00e9n voy a morir? \u00bfQu\u00e9 es una guerra? \u00bfPor qu\u00e9 \u00e9l s\u00ed y yo no? Mam\u00e1. Pap\u00e1. El cuarto al final del pasillo. Las vacas. Los lobos...\" \/>\n<meta property=\"og:url\" content=\"https:\/\/assitej.culturaescenica.es\/en\/editorial-assitej\/lola-fernandez-de-sevilla\/ogros-espinacas-demas\/\" \/>\n<meta property=\"og:site_name\" content=\"ASSITEJ Espa\u00f1a\" \/>\n<meta property=\"article:publisher\" content=\"https:\/\/www.facebook.com\/assitejespana\/\" \/>\n<meta property=\"article:modified_time\" content=\"2024-12-11T14:22:38+00:00\" \/>\n<meta property=\"og:image\" content=\"https:\/\/assitej.culturaescenica.es\/wp-content\/uploads\/portada_001-2-1-jpg.webp\" \/>\n\t<meta property=\"og:image:width\" content=\"1146\" \/>\n\t<meta property=\"og:image:height\" content=\"1600\" \/>\n\t<meta property=\"og:image:type\" content=\"image\/jpeg\" \/>\n<meta name=\"twitter:card\" content=\"summary_large_image\" \/>\n<meta name=\"twitter:site\" content=\"@AssitejEspana\" \/>\n<meta name=\"twitter:label1\" content=\"Estimated reading time\" \/>\n\t<meta name=\"twitter:data1\" content=\"1 minute\" \/>\n<script type=\"application\/ld+json\" class=\"yoast-schema-graph\">{\"@context\":\"https:\/\/schema.org\",\"@graph\":[{\"@type\":\"WebPage\",\"@id\":\"https:\/\/assitej.culturaescenica.es\/eu\/editorial-assitej\/lola-fernandez-de-sevilla\/ogros-espinacas-demas\/\",\"url\":\"https:\/\/assitej.culturaescenica.es\/eu\/editorial-assitej\/lola-fernandez-de-sevilla\/ogros-espinacas-demas\/\",\"name\":\"OGROS, ESPINACAS Y DEM\u00c1S...C\u00f3mo contar lo terrible a ni\u00f1as y ni\u00f1os\",\"isPartOf\":{\"@id\":\"https:\/\/assitej.culturaescenica.es\/gl\/#website\"},\"primaryImageOfPage\":{\"@id\":\"https:\/\/assitej.culturaescenica.es\/eu\/editorial-assitej\/lola-fernandez-de-sevilla\/ogros-espinacas-demas\/#primaryimage\"},\"image\":{\"@id\":\"https:\/\/assitej.culturaescenica.es\/eu\/editorial-assitej\/lola-fernandez-de-sevilla\/ogros-espinacas-demas\/#primaryimage\"},\"thumbnailUrl\":\"https:\/\/assitej.culturaescenica.es\/wp-content\/uploads\/portada_001-2-1-jpg.webp\",\"datePublished\":\"2018-11-23T10:18:17+00:00\",\"dateModified\":\"2024-12-11T14:22:38+00:00\",\"description\":\"El colegio. La separaci\u00f3n. El mar. Las espinacas. Las inyecciones. \u00bfA d\u00f3nde se ha ido el abuelo? \u00bfC\u00f3mo ser\u00e1 mi hermanita cuando nazca? \u00bfYo tambi\u00e9n voy a morir? \u00bfQu\u00e9 es una guerra? \u00bfPor qu\u00e9 \u00e9l s\u00ed y yo no? Mam\u00e1. Pap\u00e1. El cuarto al final del pasillo. Las vacas. Los lobos...\",\"breadcrumb\":{\"@id\":\"https:\/\/assitej.culturaescenica.es\/eu\/editorial-assitej\/lola-fernandez-de-sevilla\/ogros-espinacas-demas\/#breadcrumb\"},\"inLanguage\":\"en-GB\",\"potentialAction\":[{\"@type\":\"ReadAction\",\"target\":[\"https:\/\/assitej.culturaescenica.es\/eu\/editorial-assitej\/lola-fernandez-de-sevilla\/ogros-espinacas-demas\/\"]}]},{\"@type\":\"ImageObject\",\"inLanguage\":\"en-GB\",\"@id\":\"https:\/\/assitej.culturaescenica.es\/eu\/editorial-assitej\/lola-fernandez-de-sevilla\/ogros-espinacas-demas\/#primaryimage\",\"url\":\"https:\/\/assitej.culturaescenica.es\/wp-content\/uploads\/portada_001-2-1-jpg.webp\",\"contentUrl\":\"https:\/\/assitej.culturaescenica.es\/wp-content\/uploads\/portada_001-2-1-jpg.webp\",\"width\":1146,\"height\":1600},{\"@type\":\"BreadcrumbList\",\"@id\":\"https:\/\/assitej.culturaescenica.es\/eu\/editorial-assitej\/lola-fernandez-de-sevilla\/ogros-espinacas-demas\/#breadcrumb\",\"itemListElement\":[{\"@type\":\"ListItem\",\"position\":1,\"name\":\"Portada\",\"item\":\"https:\/\/assitej.culturaescenica.es\/gl\/\"},{\"@type\":\"ListItem\",\"position\":2,\"name\":\"Editorial Assitej\",\"item\":\"https:\/\/assitej.culturaescenica.es\/es_es\/editorial-assitej\/\"},{\"@type\":\"ListItem\",\"position\":3,\"name\":\"OGROS, ESPINACAS Y DEM\u00c1S&#8230;C\u00f3mo contar lo terrible a ni\u00f1as y ni\u00f1os en el teatro\"}]},{\"@type\":\"WebSite\",\"@id\":\"https:\/\/assitej.culturaescenica.es\/gl\/#website\",\"url\":\"https:\/\/assitej.culturaescenica.es\/gl\/\",\"name\":\"ASSITEJ Espa\u00f1a\",\"description\":\"ARTES ESC\u00c9NICAS PARA LA INFANCIA Y LA JUVENTUD\",\"publisher\":{\"@id\":\"https:\/\/assitej.culturaescenica.es\/gl\/#organization\"},\"potentialAction\":[{\"@type\":\"SearchAction\",\"target\":{\"@type\":\"EntryPoint\",\"urlTemplate\":\"https:\/\/assitej.culturaescenica.es\/gl\/?s={search_term_string}\"},\"query-input\":{\"@type\":\"PropertyValueSpecification\",\"valueRequired\":true,\"valueName\":\"search_term_string\"}}],\"inLanguage\":\"en-GB\"},{\"@type\":\"Organization\",\"@id\":\"https:\/\/assitej.culturaescenica.es\/gl\/#organization\",\"name\":\"ASSITEJ Espa\u00f1a\",\"url\":\"https:\/\/assitej.culturaescenica.es\/gl\/\",\"logo\":{\"@type\":\"ImageObject\",\"inLanguage\":\"en-GB\",\"@id\":\"https:\/\/assitej.culturaescenica.es\/gl\/#\/schema\/logo\/image\/\",\"url\":\"https:\/\/assitej.es\/wp-content\/uploads\/Logo_ASSITEJ_Espana.RGB_2-1.png\",\"contentUrl\":\"https:\/\/assitej.es\/wp-content\/uploads\/Logo_ASSITEJ_Espana.RGB_2-1.png\",\"width\":4934,\"height\":2287,\"caption\":\"ASSITEJ Espa\u00f1a\"},\"image\":{\"@id\":\"https:\/\/assitej.culturaescenica.es\/gl\/#\/schema\/logo\/image\/\"},\"sameAs\":[\"https:\/\/www.facebook.com\/assitejespana\/\",\"https:\/\/x.com\/AssitejEspana\",\"https:\/\/www.youtube.com\/channel\/UCv-2SDBzEmyORL5tPvsYgMw\"]}]}<\/script>\n<!-- \/ Yoast SEO plugin. -->","yoast_head_json":{"title":"OGROS, SPINACH AND MORE ... How to tell the terrible to girls and boys","description":"The school. The separation. The sea. The spinach. The injections. Where has grandpa gone? What will my little sister be like when she is born? Am I also going to die? What is a war? Why does he and I don&#039;t? Mother. Dad. The room at the end of the hall. Cows. The Wolves...","robots":{"index":"index","follow":"follow","max-snippet":"max-snippet:-1","max-image-preview":"max-image-preview:large","max-video-preview":"max-video-preview:-1"},"canonical":"https:\/\/assitej.culturaescenica.es\/en\/editorial-assitej\/lola-fernandez-de-sevilla\/ogros-espinacas-demas\/","og_locale":"en_GB","og_type":"article","og_title":"OGROS, ESPINACAS Y DEM\u00c1S...C\u00f3mo contar lo terrible a ni\u00f1as y ni\u00f1os","og_description":"El colegio. La separaci\u00f3n. El mar. Las espinacas. Las inyecciones. \u00bfA d\u00f3nde se ha ido el abuelo? \u00bfC\u00f3mo ser\u00e1 mi hermanita cuando nazca? \u00bfYo tambi\u00e9n voy a morir? \u00bfQu\u00e9 es una guerra? \u00bfPor qu\u00e9 \u00e9l s\u00ed y yo no? Mam\u00e1. Pap\u00e1. El cuarto al final del pasillo. Las vacas. Los lobos...","og_url":"https:\/\/assitej.culturaescenica.es\/en\/editorial-assitej\/lola-fernandez-de-sevilla\/ogros-espinacas-demas\/","og_site_name":"ASSITEJ Espa\u00f1a","article_publisher":"https:\/\/www.facebook.com\/assitejespana\/","article_modified_time":"2024-12-11T14:22:38+00:00","og_image":[{"width":1146,"height":1600,"url":"https:\/\/assitej.culturaescenica.es\/wp-content\/uploads\/portada_001-2-1-jpg.webp","type":"image\/jpeg"}],"twitter_card":"summary_large_image","twitter_site":"@AssitejEspana","twitter_misc":{"Estimated reading time":"1 minute"},"schema":{"@context":"https:\/\/schema.org","@graph":[{"@type":"WebPage","@id":"https:\/\/assitej.culturaescenica.es\/eu\/editorial-assitej\/lola-fernandez-de-sevilla\/ogros-espinacas-demas\/","url":"https:\/\/assitej.culturaescenica.es\/eu\/editorial-assitej\/lola-fernandez-de-sevilla\/ogros-espinacas-demas\/","name":"OGROS, SPINACH AND MORE ... How to tell the terrible to girls and boys","isPartOf":{"@id":"https:\/\/assitej.culturaescenica.es\/gl\/#website"},"primaryImageOfPage":{"@id":"https:\/\/assitej.culturaescenica.es\/eu\/editorial-assitej\/lola-fernandez-de-sevilla\/ogros-espinacas-demas\/#primaryimage"},"image":{"@id":"https:\/\/assitej.culturaescenica.es\/eu\/editorial-assitej\/lola-fernandez-de-sevilla\/ogros-espinacas-demas\/#primaryimage"},"thumbnailUrl":"https:\/\/assitej.culturaescenica.es\/wp-content\/uploads\/portada_001-2-1-jpg.webp","datePublished":"2018-11-23T10:18:17+00:00","dateModified":"2024-12-11T14:22:38+00:00","description":"The school. The separation. The sea. The spinach. The injections. Where has grandpa gone? What will my little sister be like when she is born? Am I also going to die? What is a war? Why does he and I don&#039;t? Mother. Dad. The room at the end of the hall. Cows. The Wolves...","breadcrumb":{"@id":"https:\/\/assitej.culturaescenica.es\/eu\/editorial-assitej\/lola-fernandez-de-sevilla\/ogros-espinacas-demas\/#breadcrumb"},"inLanguage":"en-GB","potentialAction":[{"@type":"ReadAction","target":["https:\/\/assitej.culturaescenica.es\/eu\/editorial-assitej\/lola-fernandez-de-sevilla\/ogros-espinacas-demas\/"]}]},{"@type":"ImageObject","inLanguage":"en-GB","@id":"https:\/\/assitej.culturaescenica.es\/eu\/editorial-assitej\/lola-fernandez-de-sevilla\/ogros-espinacas-demas\/#primaryimage","url":"https:\/\/assitej.culturaescenica.es\/wp-content\/uploads\/portada_001-2-1-jpg.webp","contentUrl":"https:\/\/assitej.culturaescenica.es\/wp-content\/uploads\/portada_001-2-1-jpg.webp","width":1146,"height":1600},{"@type":"BreadcrumbList","@id":"https:\/\/assitej.culturaescenica.es\/eu\/editorial-assitej\/lola-fernandez-de-sevilla\/ogros-espinacas-demas\/#breadcrumb","itemListElement":[{"@type":"ListItem","position":1,"name":"Portada","item":"https:\/\/assitej.culturaescenica.es\/gl\/"},{"@type":"ListItem","position":2,"name":"Editorial Assitej","item":"https:\/\/assitej.culturaescenica.es\/es_es\/editorial-assitej\/"},{"@type":"ListItem","position":3,"name":"OGROS, ESPINACAS Y DEM\u00c1S&#8230;C\u00f3mo contar lo terrible a ni\u00f1as y ni\u00f1os en el teatro"}]},{"@type":"WebSite","@id":"https:\/\/assitej.culturaescenica.es\/gl\/#website","url":"https:\/\/assitej.culturaescenica.es\/gl\/","name":"ASSITEJ Spain","description":"PERFORMING ARTS FOR CHILDREN AND YOUTH","publisher":{"@id":"https:\/\/assitej.culturaescenica.es\/gl\/#organization"},"potentialAction":[{"@type":"SearchAction","target":{"@type":"EntryPoint","urlTemplate":"https:\/\/assitej.culturaescenica.es\/gl\/?s={search_term_string}"},"query-input":{"@type":"PropertyValueSpecification","valueRequired":true,"valueName":"search_term_string"}}],"inLanguage":"en-GB"},{"@type":"Organization","@id":"https:\/\/assitej.culturaescenica.es\/gl\/#organization","name":"ASSITEJ Spain","url":"https:\/\/assitej.culturaescenica.es\/gl\/","logo":{"@type":"ImageObject","inLanguage":"en-GB","@id":"https:\/\/assitej.culturaescenica.es\/gl\/#\/schema\/logo\/image\/","url":"https:\/\/assitej.es\/wp-content\/uploads\/Logo_ASSITEJ_Espana.RGB_2-1.png","contentUrl":"https:\/\/assitej.es\/wp-content\/uploads\/Logo_ASSITEJ_Espana.RGB_2-1.png","width":4934,"height":2287,"caption":"ASSITEJ Espa\u00f1a"},"image":{"@id":"https:\/\/assitej.culturaescenica.es\/gl\/#\/schema\/logo\/image\/"},"sameAs":["https:\/\/www.facebook.com\/assitejespana\/","https:\/\/x.com\/AssitejEspana","https:\/\/www.youtube.com\/channel\/UCv-2SDBzEmyORL5tPvsYgMw"]}]}},"_links":{"self":[{"href":"https:\/\/assitej.culturaescenica.es\/en\/wp-json\/wp\/v2\/product\/6615","targetHints":{"allow":["GET"]}}],"collection":[{"href":"https:\/\/assitej.culturaescenica.es\/en\/wp-json\/wp\/v2\/product"}],"about":[{"href":"https:\/\/assitej.culturaescenica.es\/en\/wp-json\/wp\/v2\/types\/product"}],"wp:featuredmedia":[{"embeddable":true,"href":"https:\/\/assitej.culturaescenica.es\/en\/wp-json\/wp\/v2\/media\/24354"}],"wp:attachment":[{"href":"https:\/\/assitej.culturaescenica.es\/en\/wp-json\/wp\/v2\/media?parent=6615"}],"wp:term":[{"taxonomy":"product_brand","embeddable":true,"href":"https:\/\/assitej.culturaescenica.es\/en\/wp-json\/wp\/v2\/product_brand?post=6615"},{"taxonomy":"product_cat","embeddable":true,"href":"https:\/\/assitej.culturaescenica.es\/en\/wp-json\/wp\/v2\/product_cat?post=6615"},{"taxonomy":"product_tag","embeddable":true,"href":"https:\/\/assitej.culturaescenica.es\/en\/wp-json\/wp\/v2\/product_tag?post=6615"}],"curies":[{"name":"wp","href":"https:\/\/api.w.org\/{rel}","templated":true}]}}