{"id":4904,"date":"2017-02-07T06:56:13","date_gmt":"2017-02-07T05:56:13","guid":{"rendered":"https:\/\/www.assitej.net\/?post_type=product&#038;p=4904"},"modified":"2025-05-18T19:06:55","modified_gmt":"2025-05-18T17:06:55","slug":"boletin-iberoamericano-de-teatro-08","status":"publish","type":"product","link":"https:\/\/assitej.culturaescenica.es\/en\/editorial-assitej\/sin-categoria\/boletin-iberoamericano-de-teatro-08\/","title":{"rendered":"Ibero-American Theater Bulletin 08"},"content":{"rendered":"<h2><span id=\"bol8\" class=\"nr\">Ibero-American Theater Bulletin 8<\/span><\/h2>\n<p><strong>Encuentros ASSITEJ de Escuelas de Artes Esc\u00e9nicas por Pury Estalayo<\/strong><\/p>\n<p>\u2022 <strong>Edici\u00f3n del Encuentro de Escuelas 2005<\/strong><\/p>\n<ul>\n<li style=\"list-style-type: none;\">\n<ul>\n<li>Instituto de Ense\u00f1anza Secundaria Profesor \u00c1ngel Ysern, de Navalcarnero<\/li>\n<\/ul>\n<\/li>\n<\/ul>\n<p>Aicha: Proyecto educativo desde el teatro. Antonio Fernando Gonz\u00e1lez P\u00e9rez<br \/>\nTexto Teatral: Aicha<\/p>\n<p>\u2022 <strong>Edici\u00f3n del Encuentro de Escuelas 2006<\/strong><\/p>\n<ul>\n<li>Colegio Obispo Perell\u00f3, de Madrid<br \/>\nIntroducci\u00f3n. Sara Bamba<br \/>\nTexto Teatral: Ensayo General (La casa de Bernarda Noche)<\/li>\n<li>Instituto de Ense\u00f1anza Secundaria Clara Campoamor, de M\u00f3stoles<br \/>\nLa Rep\u00fablica de los sue\u00f1os, del Grupo Clamor. Cuca Legaz, Marga Ram\u00edrez de Arellano<br \/>\nTexto Teatral: La Rep\u00fablica de los sue\u00f1os prohibidos<\/li>\n<li>Alencuentro, Teatro de ni\u00f1os, E.U. Magisterio de Zamora (Univ. De Salamanca) y C.P. La Vi\u00f1a, de Zamora<\/li>\n<li>Escuela de Formaci\u00f3n Art\u00edstica del Teatro Tyl Tyl, de Navalcarnero<br \/>\nComposici\u00f3n esc\u00e9nica con y para adolescentes. Daniel Lovecchio<br \/>\nTexto Teatral: Cris\u00e1lidas<\/li>\n<li>Escola de Teatre Escalante, de Valencia<br \/>\nProceso y resultado. D\u00e1ndole vueltas al sentido de las Muestras de Teatro Infantil y Juvenil. Mar\u00eda Colomer Pache<\/li>\n<li>Escuela Trit\u00f3n, de Madrid<br \/>\n\u00bfC\u00f3mo hacer teatro con ni\u00f1os?. Mar\u00eda Albuquerque<\/li>\n<li><strong>Edici\u00f3n del Encuentro de Escuelas 2007<\/strong>\n<ul>\n<li>Colegio Obispo Perell\u00f3, de Madrid<br \/>\nParticipaci\u00f3n en el Encuentro de Escuelas de Artes Esc\u00e9nicas. Olga Navarro y Sara Bamba<br \/>\nTexto Teatral: Mon\u00f3logo, de Daniel Navarro<br \/>\nTexto Teatral: Escena, de Lidia Fern\u00e1ndez<\/li>\n<li>Universidad Carlos III, de Getafe-Legan\u00e9s<br \/>\nEl programa de teatro en la<br \/>\nUniversidad Carlos III<\/li>\n<li>Taller de Teatro Arantza Moreno, de Logro\u00f1o<br \/>\nRomeo y Julieta: Impresiones<br \/>\nsobre el trabajo. Arantza Moreno<br \/>\nTexto Teatral: Romeo y Julieta<\/li>\n<li>Colegio Manuel Peleteiro, de Santiago de Compostela<br \/>\nXulieta est\u00e1 noutra parte. Roberto<br \/>\nLeal<\/li>\n<li>Muestra de Teatro en Institutos de M\u00f3stoles.<br \/>\nAlgunas notas sobre la Muestra de<br \/>\nTeatro en Institutos de M\u00f3stoles. Pedro<br \/>\nS\u00e1ez Ortega<\/li>\n<\/ul>\n<p><a class=\"brnVerFicha\" href=\"http:\/\/assitej.culturaescenica.es\/wp-content\/uploads\/2012\/02\/bol_ibero_8.pdf\" target=\"_blank\" rel=\"noopener noreferrer\">Descargar Bolet\u00edn Iberoamericano de Teatro 8<\/a><\/li>\n<\/ul>","protected":false},"excerpt":{"rendered":"<h2><strong>ASSITEJ Meetings of Performing Arts Schools 2005<\/strong><\/h2>\n<p><a href=\"http:\/\/assitej.culturaescenica.es\/wp-content\/uploads\/2012\/02\/bol_ibero_8.pdf\" target=\"_blank\" rel=\"noopener noreferrer\">DISCHARGE<\/a><\/p>","protected":false},"featured_media":24347,"template":"","meta":{"_acf_changed":false,"_links_to":"","_links_to_target":""},"product_brand":[],"product_cat":[2677],"product_tag":[123],"class_list":{"0":"post-4904","1":"product","2":"type-product","3":"status-publish","4":"has-post-thumbnail","6":"product_cat-sin-categoria","7":"product_tag-boletin-iberoamericano","8":"infinite-scroll-item","9":"","10":"woocommerce-text-align-left","11":"woocommerce-image-align-center","12":"do-quantity-buttons","14":"first","15":"outofstock","16":"taxable","17":"shipping-taxable","18":"purchasable","19":"product-type-simple"},"acf":[],"yoast_head":"<!-- This site is optimized with the Yoast SEO plugin v27.1.1 - https:\/\/yoast.com\/product\/yoast-seo-wordpress\/ -->\n<title>Bolet\u00edn Iberoamericano de Teatro 08 - ASSITEJ Espa\u00f1a<\/title>\n<meta name=\"robots\" content=\"index, follow, max-snippet:-1, max-image-preview:large, max-video-preview:-1\" \/>\n<link rel=\"canonical\" href=\"https:\/\/assitej.culturaescenica.es\/en\/editorial-assitej\/sin-categoria\/boletin-iberoamericano-de-teatro-08\/\" \/>\n<meta property=\"og:locale\" content=\"en_GB\" \/>\n<meta property=\"og:type\" content=\"article\" \/>\n<meta property=\"og:title\" content=\"Bolet\u00edn Iberoamericano de Teatro 08 - ASSITEJ Espa\u00f1a\" \/>\n<meta property=\"og:description\" content=\"Encuentros ASSITEJ de Escuelas de Artes Esc\u00e9nicas 2005 DESCARGAR\" \/>\n<meta property=\"og:url\" content=\"https:\/\/assitej.culturaescenica.es\/en\/editorial-assitej\/sin-categoria\/boletin-iberoamericano-de-teatro-08\/\" \/>\n<meta property=\"og:site_name\" content=\"ASSITEJ Espa\u00f1a\" \/>\n<meta property=\"article:publisher\" content=\"https:\/\/www.facebook.com\/assitejespana\/\" \/>\n<meta property=\"article:modified_time\" content=\"2025-05-18T17:06:55+00:00\" \/>\n<meta property=\"og:image\" content=\"https:\/\/assitej.culturaescenica.es\/wp-content\/uploads\/Boletin-Iberoamericano-de-Teatro-8-jpg.webp\" \/>\n\t<meta property=\"og:image:width\" content=\"701\" \/>\n\t<meta property=\"og:image:height\" content=\"1024\" \/>\n\t<meta property=\"og:image:type\" content=\"image\/jpeg\" \/>\n<meta name=\"twitter:card\" content=\"summary_large_image\" \/>\n<meta name=\"twitter:site\" content=\"@AssitejEspana\" \/>\n<meta name=\"twitter:label1\" content=\"Estimated reading time\" \/>\n\t<meta name=\"twitter:data1\" content=\"2 minutes\" \/>\n<script type=\"application\/ld+json\" class=\"yoast-schema-graph\">{\"@context\":\"https:\/\/schema.org\",\"@graph\":[{\"@type\":\"WebPage\",\"@id\":\"https:\/\/assitej.culturaescenica.es\/es_es\/editorial-assitej\/sin-categoria\/boletin-iberoamericano-de-teatro-08\/\",\"url\":\"https:\/\/assitej.culturaescenica.es\/es_es\/editorial-assitej\/sin-categoria\/boletin-iberoamericano-de-teatro-08\/\",\"name\":\"Bolet\u00edn Iberoamericano de Teatro 08 - ASSITEJ Espa\u00f1a\",\"isPartOf\":{\"@id\":\"https:\/\/assitej.culturaescenica.es\/gl\/#website\"},\"primaryImageOfPage\":{\"@id\":\"https:\/\/assitej.culturaescenica.es\/es_es\/editorial-assitej\/sin-categoria\/boletin-iberoamericano-de-teatro-08\/#primaryimage\"},\"image\":{\"@id\":\"https:\/\/assitej.culturaescenica.es\/es_es\/editorial-assitej\/sin-categoria\/boletin-iberoamericano-de-teatro-08\/#primaryimage\"},\"thumbnailUrl\":\"https:\/\/assitej.culturaescenica.es\/wp-content\/uploads\/Boletin-Iberoamericano-de-Teatro-8-jpg.webp\",\"datePublished\":\"2017-02-07T05:56:13+00:00\",\"dateModified\":\"2025-05-18T17:06:55+00:00\",\"breadcrumb\":{\"@id\":\"https:\/\/assitej.culturaescenica.es\/es_es\/editorial-assitej\/sin-categoria\/boletin-iberoamericano-de-teatro-08\/#breadcrumb\"},\"inLanguage\":\"en-GB\",\"potentialAction\":[{\"@type\":\"ReadAction\",\"target\":[\"https:\/\/assitej.culturaescenica.es\/es_es\/editorial-assitej\/sin-categoria\/boletin-iberoamericano-de-teatro-08\/\"]}]},{\"@type\":\"ImageObject\",\"inLanguage\":\"en-GB\",\"@id\":\"https:\/\/assitej.culturaescenica.es\/es_es\/editorial-assitej\/sin-categoria\/boletin-iberoamericano-de-teatro-08\/#primaryimage\",\"url\":\"https:\/\/assitej.culturaescenica.es\/wp-content\/uploads\/Boletin-Iberoamericano-de-Teatro-8-jpg.webp\",\"contentUrl\":\"https:\/\/assitej.culturaescenica.es\/wp-content\/uploads\/Boletin-Iberoamericano-de-Teatro-8-jpg.webp\",\"width\":701,\"height\":1024},{\"@type\":\"BreadcrumbList\",\"@id\":\"https:\/\/assitej.culturaescenica.es\/es_es\/editorial-assitej\/sin-categoria\/boletin-iberoamericano-de-teatro-08\/#breadcrumb\",\"itemListElement\":[{\"@type\":\"ListItem\",\"position\":1,\"name\":\"Portada\",\"item\":\"https:\/\/assitej.culturaescenica.es\/gl\/\"},{\"@type\":\"ListItem\",\"position\":2,\"name\":\"Editorial Assitej\",\"item\":\"https:\/\/assitej.culturaescenica.es\/es_es\/editorial-assitej\/\"},{\"@type\":\"ListItem\",\"position\":3,\"name\":\"Bolet\u00edn Iberoamericano de Teatro 08\"}]},{\"@type\":\"WebSite\",\"@id\":\"https:\/\/assitej.culturaescenica.es\/gl\/#website\",\"url\":\"https:\/\/assitej.culturaescenica.es\/gl\/\",\"name\":\"ASSITEJ Espa\u00f1a\",\"description\":\"ARTES ESC\u00c9NICAS PARA LA INFANCIA Y LA JUVENTUD\",\"publisher\":{\"@id\":\"https:\/\/assitej.culturaescenica.es\/gl\/#organization\"},\"potentialAction\":[{\"@type\":\"SearchAction\",\"target\":{\"@type\":\"EntryPoint\",\"urlTemplate\":\"https:\/\/assitej.culturaescenica.es\/gl\/?s={search_term_string}\"},\"query-input\":{\"@type\":\"PropertyValueSpecification\",\"valueRequired\":true,\"valueName\":\"search_term_string\"}}],\"inLanguage\":\"en-GB\"},{\"@type\":\"Organization\",\"@id\":\"https:\/\/assitej.culturaescenica.es\/gl\/#organization\",\"name\":\"ASSITEJ Espa\u00f1a\",\"url\":\"https:\/\/assitej.culturaescenica.es\/gl\/\",\"logo\":{\"@type\":\"ImageObject\",\"inLanguage\":\"en-GB\",\"@id\":\"https:\/\/assitej.culturaescenica.es\/gl\/#\/schema\/logo\/image\/\",\"url\":\"https:\/\/assitej.es\/wp-content\/uploads\/Logo_ASSITEJ_Espana.RGB_2-1.png\",\"contentUrl\":\"https:\/\/assitej.es\/wp-content\/uploads\/Logo_ASSITEJ_Espana.RGB_2-1.png\",\"width\":4934,\"height\":2287,\"caption\":\"ASSITEJ Espa\u00f1a\"},\"image\":{\"@id\":\"https:\/\/assitej.culturaescenica.es\/gl\/#\/schema\/logo\/image\/\"},\"sameAs\":[\"https:\/\/www.facebook.com\/assitejespana\/\",\"https:\/\/x.com\/AssitejEspana\",\"https:\/\/www.youtube.com\/channel\/UCv-2SDBzEmyORL5tPvsYgMw\"]}]}<\/script>\n<!-- \/ Yoast SEO plugin. -->","yoast_head_json":{"title":"Ibero-American Theatre Bulletin 07 - ASSITEJ Spain","robots":{"index":"index","follow":"follow","max-snippet":"max-snippet:-1","max-image-preview":"max-image-preview:large","max-video-preview":"max-video-preview:-1"},"canonical":"https:\/\/assitej.culturaescenica.es\/en\/editorial-assitej\/sin-categoria\/boletin-iberoamericano-de-teatro-08\/","og_locale":"en_GB","og_type":"article","og_title":"Bolet\u00edn Iberoamericano de Teatro 08 - ASSITEJ Espa\u00f1a","og_description":"Encuentros ASSITEJ de Escuelas de Artes Esc\u00e9nicas 2005 DESCARGAR","og_url":"https:\/\/assitej.culturaescenica.es\/en\/editorial-assitej\/sin-categoria\/boletin-iberoamericano-de-teatro-08\/","og_site_name":"ASSITEJ Espa\u00f1a","article_publisher":"https:\/\/www.facebook.com\/assitejespana\/","article_modified_time":"2025-05-18T17:06:55+00:00","og_image":[{"width":701,"height":1024,"url":"https:\/\/assitej.culturaescenica.es\/wp-content\/uploads\/Boletin-Iberoamericano-de-Teatro-8-jpg.webp","type":"image\/jpeg"}],"twitter_card":"summary_large_image","twitter_site":"@AssitejEspana","twitter_misc":{"Estimated reading time":"2 minutes"},"schema":{"@context":"https:\/\/schema.org","@graph":[{"@type":"WebPage","@id":"https:\/\/assitej.culturaescenica.es\/es_es\/editorial-assitej\/sin-categoria\/boletin-iberoamericano-de-teatro-08\/","url":"https:\/\/assitej.culturaescenica.es\/es_es\/editorial-assitej\/sin-categoria\/boletin-iberoamericano-de-teatro-08\/","name":"Ibero-American Theatre Bulletin 07 - ASSITEJ Spain","isPartOf":{"@id":"https:\/\/assitej.culturaescenica.es\/gl\/#website"},"primaryImageOfPage":{"@id":"https:\/\/assitej.culturaescenica.es\/es_es\/editorial-assitej\/sin-categoria\/boletin-iberoamericano-de-teatro-08\/#primaryimage"},"image":{"@id":"https:\/\/assitej.culturaescenica.es\/es_es\/editorial-assitej\/sin-categoria\/boletin-iberoamericano-de-teatro-08\/#primaryimage"},"thumbnailUrl":"https:\/\/assitej.culturaescenica.es\/wp-content\/uploads\/Boletin-Iberoamericano-de-Teatro-8-jpg.webp","datePublished":"2017-02-07T05:56:13+00:00","dateModified":"2025-05-18T17:06:55+00:00","breadcrumb":{"@id":"https:\/\/assitej.culturaescenica.es\/es_es\/editorial-assitej\/sin-categoria\/boletin-iberoamericano-de-teatro-08\/#breadcrumb"},"inLanguage":"en-GB","potentialAction":[{"@type":"ReadAction","target":["https:\/\/assitej.culturaescenica.es\/es_es\/editorial-assitej\/sin-categoria\/boletin-iberoamericano-de-teatro-08\/"]}]},{"@type":"ImageObject","inLanguage":"en-GB","@id":"https:\/\/assitej.culturaescenica.es\/es_es\/editorial-assitej\/sin-categoria\/boletin-iberoamericano-de-teatro-08\/#primaryimage","url":"https:\/\/assitej.culturaescenica.es\/wp-content\/uploads\/Boletin-Iberoamericano-de-Teatro-8-jpg.webp","contentUrl":"https:\/\/assitej.culturaescenica.es\/wp-content\/uploads\/Boletin-Iberoamericano-de-Teatro-8-jpg.webp","width":701,"height":1024},{"@type":"BreadcrumbList","@id":"https:\/\/assitej.culturaescenica.es\/es_es\/editorial-assitej\/sin-categoria\/boletin-iberoamericano-de-teatro-08\/#breadcrumb","itemListElement":[{"@type":"ListItem","position":1,"name":"Portada","item":"https:\/\/assitej.culturaescenica.es\/gl\/"},{"@type":"ListItem","position":2,"name":"Editorial Assitej","item":"https:\/\/assitej.culturaescenica.es\/es_es\/editorial-assitej\/"},{"@type":"ListItem","position":3,"name":"Bolet\u00edn Iberoamericano de Teatro 08"}]},{"@type":"WebSite","@id":"https:\/\/assitej.culturaescenica.es\/gl\/#website","url":"https:\/\/assitej.culturaescenica.es\/gl\/","name":"ASSITEJ Spain","description":"PERFORMING ARTS FOR CHILDREN AND YOUTH","publisher":{"@id":"https:\/\/assitej.culturaescenica.es\/gl\/#organization"},"potentialAction":[{"@type":"SearchAction","target":{"@type":"EntryPoint","urlTemplate":"https:\/\/assitej.culturaescenica.es\/gl\/?s={search_term_string}"},"query-input":{"@type":"PropertyValueSpecification","valueRequired":true,"valueName":"search_term_string"}}],"inLanguage":"en-GB"},{"@type":"Organization","@id":"https:\/\/assitej.culturaescenica.es\/gl\/#organization","name":"ASSITEJ Spain","url":"https:\/\/assitej.culturaescenica.es\/gl\/","logo":{"@type":"ImageObject","inLanguage":"en-GB","@id":"https:\/\/assitej.culturaescenica.es\/gl\/#\/schema\/logo\/image\/","url":"https:\/\/assitej.es\/wp-content\/uploads\/Logo_ASSITEJ_Espana.RGB_2-1.png","contentUrl":"https:\/\/assitej.es\/wp-content\/uploads\/Logo_ASSITEJ_Espana.RGB_2-1.png","width":4934,"height":2287,"caption":"ASSITEJ Espa\u00f1a"},"image":{"@id":"https:\/\/assitej.culturaescenica.es\/gl\/#\/schema\/logo\/image\/"},"sameAs":["https:\/\/www.facebook.com\/assitejespana\/","https:\/\/x.com\/AssitejEspana","https:\/\/www.youtube.com\/channel\/UCv-2SDBzEmyORL5tPvsYgMw"]}]}},"_links":{"self":[{"href":"https:\/\/assitej.culturaescenica.es\/en\/wp-json\/wp\/v2\/product\/4904","targetHints":{"allow":["GET"]}}],"collection":[{"href":"https:\/\/assitej.culturaescenica.es\/en\/wp-json\/wp\/v2\/product"}],"about":[{"href":"https:\/\/assitej.culturaescenica.es\/en\/wp-json\/wp\/v2\/types\/product"}],"wp:featuredmedia":[{"embeddable":true,"href":"https:\/\/assitej.culturaescenica.es\/en\/wp-json\/wp\/v2\/media\/24347"}],"wp:attachment":[{"href":"https:\/\/assitej.culturaescenica.es\/en\/wp-json\/wp\/v2\/media?parent=4904"}],"wp:term":[{"taxonomy":"product_brand","embeddable":true,"href":"https:\/\/assitej.culturaescenica.es\/en\/wp-json\/wp\/v2\/product_brand?post=4904"},{"taxonomy":"product_cat","embeddable":true,"href":"https:\/\/assitej.culturaescenica.es\/en\/wp-json\/wp\/v2\/product_cat?post=4904"},{"taxonomy":"product_tag","embeddable":true,"href":"https:\/\/assitej.culturaescenica.es\/en\/wp-json\/wp\/v2\/product_tag?post=4904"}],"curies":[{"name":"wp","href":"https:\/\/api.w.org\/{rel}","templated":true}]}}