{"id":4639,"date":"2017-03-27T11:48:11","date_gmt":"2017-03-27T10:48:11","guid":{"rendered":"https:\/\/www.assitej.net\/?post_type=product&#038;p=4639"},"modified":"2025-05-05T16:01:52","modified_gmt":"2025-05-05T14:01:52","slug":"estrellas-y-agujeros-negros-entre-otras-cosas","status":"publish","type":"product","link":"https:\/\/assitej.culturaescenica.es\/en\/editorial-assitej\/rocio-bello-y-javier-hernando\/estrellas-y-agujeros-negros-entre-otras-cosas\/","title":{"rendered":"Stars and black holes (among other things)"},"content":{"rendered":"<p><strong><em>Stars and black holes (among other things)<\/em><\/strong> Violeta, with the help of her stuffed dog Pimiento and her friend 400, finally gets rid of the pesky bird catcher who lives across the street. After this terrifying adventure, she&#039;ll be a little more prepared to escape all the charlatans who want to lock her in a cage.<\/p>\n<p><em>Stars and black holes (among other things)<\/em> It&#039;s a four-part monologue in which reality blends to form Violeta&#039;s personal universe, a universe where her best friends, big questions, and the occasional horrible monster coexist. On this space journey, Violeta becomes a little more gigantic.<\/p>","protected":false},"excerpt":{"rendered":"<p><strong><em>Stars and black holes (among other things)<\/em><\/strong> Violeta, with the help of her stuffed dog Pimiento and her friend 400, finally gets rid of the pesky bird catcher who lives across the street. After this terrifying adventure, she&#039;ll be a little more prepared to escape all the charlatans who want to lock her in a cage.<\/p>\n<p><em>Stars and black holes (among other things)<\/em> It&#039;s a four-part monologue in which reality blends to form Violeta&#039;s personal universe, a universe where her best friends, big questions, and the occasional horrible monster coexist. On this space journey, Violeta becomes a little more gigantic.<\/p>","protected":false},"featured_media":24340,"template":"","meta":{"_acf_changed":false,"_links_to":"","_links_to_target":""},"product_brand":[],"product_cat":[127],"product_tag":[67],"class_list":{"0":"post-4639","1":"product","2":"type-product","3":"status-publish","4":"has-post-thumbnail","6":"product_cat-rocio-bello-y-javier-hernando","7":"product_tag-coleccion-teatro","8":"infinite-scroll-item","9":"","10":"woocommerce-text-align-left","11":"woocommerce-image-align-center","12":"do-quantity-buttons","14":"first","15":"instock","16":"featured","17":"taxable","18":"shipping-taxable","19":"purchasable","20":"product-type-simple"},"acf":[],"yoast_head":"<!-- This site is optimized with the Yoast SEO plugin v27.1.1 - https:\/\/yoast.com\/product\/yoast-seo-wordpress\/ -->\n<title>Estrellas y agujeros negros (entre otras cosas) - ASSITEJ Espa\u00f1a<\/title>\n<meta name=\"robots\" content=\"index, follow, max-snippet:-1, max-image-preview:large, max-video-preview:-1\" \/>\n<link rel=\"canonical\" href=\"https:\/\/assitej.culturaescenica.es\/en\/editorial-assitej\/rocio-bello-y-javier-hernando\/estrellas-y-agujeros-negros-entre-otras-cosas\/\" \/>\n<meta property=\"og:locale\" content=\"en_GB\" \/>\n<meta property=\"og:type\" content=\"article\" \/>\n<meta property=\"og:title\" content=\"Estrellas y agujeros negros (entre otras cosas) - ASSITEJ Espa\u00f1a\" \/>\n<meta property=\"og:description\" content=\"Estrellas y agujeros negros (entre otras cosas) nos cuenta c\u00f3mo Violeta con ayuda de su perro de peluche, Pimiento y su amiga 400, se libra para siempre del molesto cazador de p\u00e1jaros que vive en la casa de enfrente. Despu\u00e9s de esta terror\u00edfica aventura estar\u00e1 un poco m\u00e1s preparada para librarse de todos los charlatanes que quieran encerrarla dentro de una jaula.  Estrellas y agujeros negros (entre otras cosas) es un mon\u00f3logo a cuatro voces en donde la realidad se mezcla para conformar el universo personal de Violeta, un universo en el que conviven sus mejores amigos, grandes preguntas y alg\u00fan que otro monstruo horrible. En este viaje espacial Violeta se har\u00e1 un poquito m\u00e1s gigante.\" \/>\n<meta property=\"og:url\" content=\"https:\/\/assitej.culturaescenica.es\/en\/editorial-assitej\/rocio-bello-y-javier-hernando\/estrellas-y-agujeros-negros-entre-otras-cosas\/\" \/>\n<meta property=\"og:site_name\" content=\"ASSITEJ Espa\u00f1a\" \/>\n<meta property=\"article:publisher\" content=\"https:\/\/www.facebook.com\/assitejespana\/\" \/>\n<meta property=\"article:modified_time\" content=\"2025-05-05T14:01:52+00:00\" \/>\n<meta property=\"og:image\" content=\"https:\/\/assitej.culturaescenica.es\/wp-content\/uploads\/portada-1-jpg.webp\" \/>\n\t<meta property=\"og:image:width\" content=\"728\" \/>\n\t<meta property=\"og:image:height\" content=\"1024\" \/>\n\t<meta property=\"og:image:type\" content=\"image\/jpeg\" \/>\n<meta name=\"twitter:card\" content=\"summary_large_image\" \/>\n<meta name=\"twitter:site\" content=\"@AssitejEspana\" \/>\n<meta name=\"twitter:label1\" content=\"Estimated reading time\" \/>\n\t<meta name=\"twitter:data1\" content=\"1 minute\" \/>\n<script type=\"application\/ld+json\" class=\"yoast-schema-graph\">{\"@context\":\"https:\/\/schema.org\",\"@graph\":[{\"@type\":\"WebPage\",\"@id\":\"https:\/\/assitej.culturaescenica.es\/eu\/editorial-assitej\/rocio-bello-y-javier-hernando\/estrellas-y-agujeros-negros-entre-otras-cosas\/\",\"url\":\"https:\/\/assitej.culturaescenica.es\/eu\/editorial-assitej\/rocio-bello-y-javier-hernando\/estrellas-y-agujeros-negros-entre-otras-cosas\/\",\"name\":\"Estrellas y agujeros negros (entre otras cosas) - ASSITEJ Espa\u00f1a\",\"isPartOf\":{\"@id\":\"https:\/\/assitej.culturaescenica.es\/gl\/#website\"},\"primaryImageOfPage\":{\"@id\":\"https:\/\/assitej.culturaescenica.es\/eu\/editorial-assitej\/rocio-bello-y-javier-hernando\/estrellas-y-agujeros-negros-entre-otras-cosas\/#primaryimage\"},\"image\":{\"@id\":\"https:\/\/assitej.culturaescenica.es\/eu\/editorial-assitej\/rocio-bello-y-javier-hernando\/estrellas-y-agujeros-negros-entre-otras-cosas\/#primaryimage\"},\"thumbnailUrl\":\"https:\/\/assitej.culturaescenica.es\/wp-content\/uploads\/portada-1-jpg.webp\",\"datePublished\":\"2017-03-27T10:48:11+00:00\",\"dateModified\":\"2025-05-05T14:01:52+00:00\",\"breadcrumb\":{\"@id\":\"https:\/\/assitej.culturaescenica.es\/eu\/editorial-assitej\/rocio-bello-y-javier-hernando\/estrellas-y-agujeros-negros-entre-otras-cosas\/#breadcrumb\"},\"inLanguage\":\"en-GB\",\"potentialAction\":[{\"@type\":\"ReadAction\",\"target\":[\"https:\/\/assitej.culturaescenica.es\/eu\/editorial-assitej\/rocio-bello-y-javier-hernando\/estrellas-y-agujeros-negros-entre-otras-cosas\/\"]}]},{\"@type\":\"ImageObject\",\"inLanguage\":\"en-GB\",\"@id\":\"https:\/\/assitej.culturaescenica.es\/eu\/editorial-assitej\/rocio-bello-y-javier-hernando\/estrellas-y-agujeros-negros-entre-otras-cosas\/#primaryimage\",\"url\":\"https:\/\/assitej.culturaescenica.es\/wp-content\/uploads\/portada-1-jpg.webp\",\"contentUrl\":\"https:\/\/assitej.culturaescenica.es\/wp-content\/uploads\/portada-1-jpg.webp\",\"width\":728,\"height\":1024},{\"@type\":\"BreadcrumbList\",\"@id\":\"https:\/\/assitej.culturaescenica.es\/eu\/editorial-assitej\/rocio-bello-y-javier-hernando\/estrellas-y-agujeros-negros-entre-otras-cosas\/#breadcrumb\",\"itemListElement\":[{\"@type\":\"ListItem\",\"position\":1,\"name\":\"Portada\",\"item\":\"https:\/\/assitej.culturaescenica.es\/gl\/\"},{\"@type\":\"ListItem\",\"position\":2,\"name\":\"Editorial Assitej\",\"item\":\"https:\/\/assitej.culturaescenica.es\/es_es\/editorial-assitej\/\"},{\"@type\":\"ListItem\",\"position\":3,\"name\":\"Estrellas y agujeros negros (entre otras cosas)\"}]},{\"@type\":\"WebSite\",\"@id\":\"https:\/\/assitej.culturaescenica.es\/gl\/#website\",\"url\":\"https:\/\/assitej.culturaescenica.es\/gl\/\",\"name\":\"ASSITEJ Espa\u00f1a\",\"description\":\"ARTES ESC\u00c9NICAS PARA LA INFANCIA Y LA JUVENTUD\",\"publisher\":{\"@id\":\"https:\/\/assitej.culturaescenica.es\/gl\/#organization\"},\"potentialAction\":[{\"@type\":\"SearchAction\",\"target\":{\"@type\":\"EntryPoint\",\"urlTemplate\":\"https:\/\/assitej.culturaescenica.es\/gl\/?s={search_term_string}\"},\"query-input\":{\"@type\":\"PropertyValueSpecification\",\"valueRequired\":true,\"valueName\":\"search_term_string\"}}],\"inLanguage\":\"en-GB\"},{\"@type\":\"Organization\",\"@id\":\"https:\/\/assitej.culturaescenica.es\/gl\/#organization\",\"name\":\"ASSITEJ Espa\u00f1a\",\"url\":\"https:\/\/assitej.culturaescenica.es\/gl\/\",\"logo\":{\"@type\":\"ImageObject\",\"inLanguage\":\"en-GB\",\"@id\":\"https:\/\/assitej.culturaescenica.es\/gl\/#\/schema\/logo\/image\/\",\"url\":\"https:\/\/assitej.es\/wp-content\/uploads\/Logo_ASSITEJ_Espana.RGB_2-1.png\",\"contentUrl\":\"https:\/\/assitej.es\/wp-content\/uploads\/Logo_ASSITEJ_Espana.RGB_2-1.png\",\"width\":4934,\"height\":2287,\"caption\":\"ASSITEJ Espa\u00f1a\"},\"image\":{\"@id\":\"https:\/\/assitej.culturaescenica.es\/gl\/#\/schema\/logo\/image\/\"},\"sameAs\":[\"https:\/\/www.facebook.com\/assitejespana\/\",\"https:\/\/x.com\/AssitejEspana\",\"https:\/\/www.youtube.com\/channel\/UCv-2SDBzEmyORL5tPvsYgMw\"]}]}<\/script>\n<!-- \/ Yoast SEO plugin. -->","yoast_head_json":{"title":"Stars and black holes (among other things) - ASSITEJ Spain","robots":{"index":"index","follow":"follow","max-snippet":"max-snippet:-1","max-image-preview":"max-image-preview:large","max-video-preview":"max-video-preview:-1"},"canonical":"https:\/\/assitej.culturaescenica.es\/en\/editorial-assitej\/rocio-bello-y-javier-hernando\/estrellas-y-agujeros-negros-entre-otras-cosas\/","og_locale":"en_GB","og_type":"article","og_title":"Estrellas y agujeros negros (entre otras cosas) - ASSITEJ Espa\u00f1a","og_description":"Estrellas y agujeros negros (entre otras cosas) nos cuenta c\u00f3mo Violeta con ayuda de su perro de peluche, Pimiento y su amiga 400, se libra para siempre del molesto cazador de p\u00e1jaros que vive en la casa de enfrente. Despu\u00e9s de esta terror\u00edfica aventura estar\u00e1 un poco m\u00e1s preparada para librarse de todos los charlatanes que quieran encerrarla dentro de una jaula.  Estrellas y agujeros negros (entre otras cosas) es un mon\u00f3logo a cuatro voces en donde la realidad se mezcla para conformar el universo personal de Violeta, un universo en el que conviven sus mejores amigos, grandes preguntas y alg\u00fan que otro monstruo horrible. En este viaje espacial Violeta se har\u00e1 un poquito m\u00e1s gigante.","og_url":"https:\/\/assitej.culturaescenica.es\/en\/editorial-assitej\/rocio-bello-y-javier-hernando\/estrellas-y-agujeros-negros-entre-otras-cosas\/","og_site_name":"ASSITEJ Espa\u00f1a","article_publisher":"https:\/\/www.facebook.com\/assitejespana\/","article_modified_time":"2025-05-05T14:01:52+00:00","og_image":[{"width":728,"height":1024,"url":"https:\/\/assitej.culturaescenica.es\/wp-content\/uploads\/portada-1-jpg.webp","type":"image\/jpeg"}],"twitter_card":"summary_large_image","twitter_site":"@AssitejEspana","twitter_misc":{"Estimated reading time":"1 minute"},"schema":{"@context":"https:\/\/schema.org","@graph":[{"@type":"WebPage","@id":"https:\/\/assitej.culturaescenica.es\/eu\/editorial-assitej\/rocio-bello-y-javier-hernando\/estrellas-y-agujeros-negros-entre-otras-cosas\/","url":"https:\/\/assitej.culturaescenica.es\/eu\/editorial-assitej\/rocio-bello-y-javier-hernando\/estrellas-y-agujeros-negros-entre-otras-cosas\/","name":"Stars and black holes (among other things) - ASSITEJ Spain","isPartOf":{"@id":"https:\/\/assitej.culturaescenica.es\/gl\/#website"},"primaryImageOfPage":{"@id":"https:\/\/assitej.culturaescenica.es\/eu\/editorial-assitej\/rocio-bello-y-javier-hernando\/estrellas-y-agujeros-negros-entre-otras-cosas\/#primaryimage"},"image":{"@id":"https:\/\/assitej.culturaescenica.es\/eu\/editorial-assitej\/rocio-bello-y-javier-hernando\/estrellas-y-agujeros-negros-entre-otras-cosas\/#primaryimage"},"thumbnailUrl":"https:\/\/assitej.culturaescenica.es\/wp-content\/uploads\/portada-1-jpg.webp","datePublished":"2017-03-27T10:48:11+00:00","dateModified":"2025-05-05T14:01:52+00:00","breadcrumb":{"@id":"https:\/\/assitej.culturaescenica.es\/eu\/editorial-assitej\/rocio-bello-y-javier-hernando\/estrellas-y-agujeros-negros-entre-otras-cosas\/#breadcrumb"},"inLanguage":"en-GB","potentialAction":[{"@type":"ReadAction","target":["https:\/\/assitej.culturaescenica.es\/eu\/editorial-assitej\/rocio-bello-y-javier-hernando\/estrellas-y-agujeros-negros-entre-otras-cosas\/"]}]},{"@type":"ImageObject","inLanguage":"en-GB","@id":"https:\/\/assitej.culturaescenica.es\/eu\/editorial-assitej\/rocio-bello-y-javier-hernando\/estrellas-y-agujeros-negros-entre-otras-cosas\/#primaryimage","url":"https:\/\/assitej.culturaescenica.es\/wp-content\/uploads\/portada-1-jpg.webp","contentUrl":"https:\/\/assitej.culturaescenica.es\/wp-content\/uploads\/portada-1-jpg.webp","width":728,"height":1024},{"@type":"BreadcrumbList","@id":"https:\/\/assitej.culturaescenica.es\/eu\/editorial-assitej\/rocio-bello-y-javier-hernando\/estrellas-y-agujeros-negros-entre-otras-cosas\/#breadcrumb","itemListElement":[{"@type":"ListItem","position":1,"name":"Portada","item":"https:\/\/assitej.culturaescenica.es\/gl\/"},{"@type":"ListItem","position":2,"name":"Editorial Assitej","item":"https:\/\/assitej.culturaescenica.es\/es_es\/editorial-assitej\/"},{"@type":"ListItem","position":3,"name":"Estrellas y agujeros negros (entre otras cosas)"}]},{"@type":"WebSite","@id":"https:\/\/assitej.culturaescenica.es\/gl\/#website","url":"https:\/\/assitej.culturaescenica.es\/gl\/","name":"ASSITEJ Spain","description":"PERFORMING ARTS FOR CHILDREN AND YOUTH","publisher":{"@id":"https:\/\/assitej.culturaescenica.es\/gl\/#organization"},"potentialAction":[{"@type":"SearchAction","target":{"@type":"EntryPoint","urlTemplate":"https:\/\/assitej.culturaescenica.es\/gl\/?s={search_term_string}"},"query-input":{"@type":"PropertyValueSpecification","valueRequired":true,"valueName":"search_term_string"}}],"inLanguage":"en-GB"},{"@type":"Organization","@id":"https:\/\/assitej.culturaescenica.es\/gl\/#organization","name":"ASSITEJ Spain","url":"https:\/\/assitej.culturaescenica.es\/gl\/","logo":{"@type":"ImageObject","inLanguage":"en-GB","@id":"https:\/\/assitej.culturaescenica.es\/gl\/#\/schema\/logo\/image\/","url":"https:\/\/assitej.es\/wp-content\/uploads\/Logo_ASSITEJ_Espana.RGB_2-1.png","contentUrl":"https:\/\/assitej.es\/wp-content\/uploads\/Logo_ASSITEJ_Espana.RGB_2-1.png","width":4934,"height":2287,"caption":"ASSITEJ Espa\u00f1a"},"image":{"@id":"https:\/\/assitej.culturaescenica.es\/gl\/#\/schema\/logo\/image\/"},"sameAs":["https:\/\/www.facebook.com\/assitejespana\/","https:\/\/x.com\/AssitejEspana","https:\/\/www.youtube.com\/channel\/UCv-2SDBzEmyORL5tPvsYgMw"]}]}},"_links":{"self":[{"href":"https:\/\/assitej.culturaescenica.es\/en\/wp-json\/wp\/v2\/product\/4639","targetHints":{"allow":["GET"]}}],"collection":[{"href":"https:\/\/assitej.culturaescenica.es\/en\/wp-json\/wp\/v2\/product"}],"about":[{"href":"https:\/\/assitej.culturaescenica.es\/en\/wp-json\/wp\/v2\/types\/product"}],"wp:featuredmedia":[{"embeddable":true,"href":"https:\/\/assitej.culturaescenica.es\/en\/wp-json\/wp\/v2\/media\/24340"}],"wp:attachment":[{"href":"https:\/\/assitej.culturaescenica.es\/en\/wp-json\/wp\/v2\/media?parent=4639"}],"wp:term":[{"taxonomy":"product_brand","embeddable":true,"href":"https:\/\/assitej.culturaescenica.es\/en\/wp-json\/wp\/v2\/product_brand?post=4639"},{"taxonomy":"product_cat","embeddable":true,"href":"https:\/\/assitej.culturaescenica.es\/en\/wp-json\/wp\/v2\/product_cat?post=4639"},{"taxonomy":"product_tag","embeddable":true,"href":"https:\/\/assitej.culturaescenica.es\/en\/wp-json\/wp\/v2\/product_tag?post=4639"}],"curies":[{"name":"wp","href":"https:\/\/api.w.org\/{rel}","templated":true}]}}