{"id":3191,"date":"2016-02-11T17:23:25","date_gmt":"2016-02-11T16:23:25","guid":{"rendered":"http:\/\/www.assitej.net\/?post_type=product&#038;p="},"modified":"2025-05-05T16:01:41","modified_gmt":"2025-05-05T14:01:41","slug":"el-hombre-de-las-cien-manos","status":"publish","type":"product","link":"https:\/\/assitej.culturaescenica.es\/en\/editorial-assitej\/luis-matilla\/el-hombre-de-las-cien-manos\/","title":{"rendered":"THE MAN WITH A HUNDRED HANDS"},"content":{"rendered":"<p>Luc is an outcast child, despised by the incomprehension and selfishness of the people around him. His life, however, is destined to change when some comedians pass through his village. Driven by his curiosity and the need to escape the oppression he lives in, Luc approaches them, challenging the prejudices of adults. The comedians allow him to express himself freely and show him the respect and affection his neighbors deny him.<strong>Luis Matilla<\/strong> He is a playwright, film technician, and media education specialist; he has belonged to independent theater groups such as <em>Gadfly<\/em>He has written forty plays, which, along with his theatrical animation for children and young people, have been translated and premiered in Spain, Portugal, Italy, Colombia, Mexico, Venezuela, Cuba, Peru, Russia, and the United States. He has won the Assitej-Spain Prize and his plays have received numerous awards.<\/p>","protected":false},"excerpt":{"rendered":"<p>Luc is an outcast child, despised by the incomprehension and selfishness of the people around him. His life, however, is destined to change when some comedians pass through his village. Driven by his curiosity and the need to escape the oppression he lives in, Luc approaches them, challenging the prejudices of adults. The comedians allow him to express himself freely and show him the respect and affection his neighbors deny him.\u00a0<strong>Luis Matilla<\/strong> He is a playwright, film technician, and media education specialist; he has belonged to independent theater groups such as <em>Gadfly<\/em>He has written forty plays, which, along with his theatrical animation for children and young people, have been translated and premiered in Spain, Portugal, Italy, Colombia, Mexico, Venezuela, Cuba, Peru, Russia, and the United States. He has won the Assitej-Spain Prize and his plays have received numerous awards.<\/p>","protected":false},"featured_media":24325,"template":"","meta":{"_acf_changed":false,"_links_to":"","_links_to_target":""},"product_brand":[],"product_cat":[68],"product_tag":[67],"class_list":{"0":"post-3191","1":"product","2":"type-product","3":"status-publish","4":"has-post-thumbnail","6":"product_cat-luis-matilla","7":"product_tag-coleccion-teatro","8":"infinite-scroll-item","9":"","10":"woocommerce-text-align-left","11":"woocommerce-image-align-center","12":"do-quantity-buttons","14":"first","15":"instock","16":"taxable","17":"shipping-taxable","18":"purchasable","19":"product-type-simple"},"acf":[],"yoast_head":"<!-- This site is optimized with the Yoast SEO plugin v27.1.1 - https:\/\/yoast.com\/product\/yoast-seo-wordpress\/ -->\n<title>EL HOMBRE DE LAS CIEN MANOS - ASSITEJ Espa\u00f1a<\/title>\n<meta name=\"robots\" content=\"index, follow, max-snippet:-1, max-image-preview:large, max-video-preview:-1\" \/>\n<link rel=\"canonical\" href=\"https:\/\/assitej.culturaescenica.es\/en\/editorial-assitej\/luis-matilla\/el-hombre-de-las-cien-manos\/\" \/>\n<meta property=\"og:locale\" content=\"en_GB\" \/>\n<meta property=\"og:type\" content=\"article\" \/>\n<meta property=\"og:title\" content=\"EL HOMBRE DE LAS CIEN MANOS - ASSITEJ Espa\u00f1a\" \/>\n<meta property=\"og:description\" content=\"Luc es un ni\u00f1o marginado y despreciado por la incomprensi\u00f3n y el ego\u00edsmo de la gente que le rodea. Su vida, sin embargo, est\u00e1 destinada a cambiar cuando unos comediantes pasan junto a su pueblo. Impulsado por su curiosidad y la necesidad de salir de la opresi\u00f3n en la que vive. Luc se acerca a ellos, desafiando los prejuicios de los adultos. Los comediantes le permitir\u00e1n expresarse en libertad y le mostrar\u00e1n el respeto y el cari\u00f1o que le niegan sus vecinos.\u00a0Luis Matilla es autor teatral, t\u00e9cnico cinematogr\u00e1fico y especialista en la did\u00e1ctica de los medios de comunicaci\u00f3n; perteneci\u00f3 a grupos de teatro independiente como T\u00e1bano. Tiene escritas cuarenta obras teatrales que, junto con sus propuestas de animaci\u00f3n teatral para p\u00fablicos infantiles y juveniles, han sido traducidas y estrenadas en Espa\u00f1a, Portugal, Italia, Colombia, M\u00e9jico, Venezuela, Cuba, Per\u00fa, Rusia y Estados Unidos. Ha sido Premio Assitej-Espa\u00f1a y sus obras han merecido numerosos galardones.\" \/>\n<meta property=\"og:url\" content=\"https:\/\/assitej.culturaescenica.es\/en\/editorial-assitej\/luis-matilla\/el-hombre-de-las-cien-manos\/\" \/>\n<meta property=\"og:site_name\" content=\"ASSITEJ Espa\u00f1a\" \/>\n<meta property=\"article:publisher\" content=\"https:\/\/www.facebook.com\/assitejespana\/\" \/>\n<meta property=\"article:modified_time\" content=\"2025-05-05T14:01:41+00:00\" \/>\n<meta property=\"og:image\" content=\"https:\/\/assitej.culturaescenica.es\/wp-content\/uploads\/11-Cien-manos-Cubiertas-1-jpg.webp\" \/>\n\t<meta property=\"og:image:width\" content=\"478\" \/>\n\t<meta property=\"og:image:height\" content=\"700\" \/>\n\t<meta property=\"og:image:type\" content=\"image\/jpeg\" \/>\n<meta name=\"twitter:card\" content=\"summary_large_image\" \/>\n<meta name=\"twitter:site\" content=\"@AssitejEspana\" \/>\n<meta name=\"twitter:label1\" content=\"Estimated reading time\" \/>\n\t<meta name=\"twitter:data1\" content=\"1 minute\" \/>\n<script type=\"application\/ld+json\" class=\"yoast-schema-graph\">{\"@context\":\"https:\/\/schema.org\",\"@graph\":[{\"@type\":\"WebPage\",\"@id\":\"https:\/\/assitej.culturaescenica.es\/eu\/editorial-assitej\/luis-matilla\/el-hombre-de-las-cien-manos\/\",\"url\":\"https:\/\/assitej.culturaescenica.es\/eu\/editorial-assitej\/luis-matilla\/el-hombre-de-las-cien-manos\/\",\"name\":\"EL HOMBRE DE LAS CIEN MANOS - ASSITEJ Espa\u00f1a\",\"isPartOf\":{\"@id\":\"https:\/\/assitej.culturaescenica.es\/gl\/#website\"},\"primaryImageOfPage\":{\"@id\":\"https:\/\/assitej.culturaescenica.es\/eu\/editorial-assitej\/luis-matilla\/el-hombre-de-las-cien-manos\/#primaryimage\"},\"image\":{\"@id\":\"https:\/\/assitej.culturaescenica.es\/eu\/editorial-assitej\/luis-matilla\/el-hombre-de-las-cien-manos\/#primaryimage\"},\"thumbnailUrl\":\"https:\/\/assitej.culturaescenica.es\/wp-content\/uploads\/11-Cien-manos-Cubiertas-1-jpg.webp\",\"datePublished\":\"2016-02-11T16:23:25+00:00\",\"dateModified\":\"2025-05-05T14:01:41+00:00\",\"breadcrumb\":{\"@id\":\"https:\/\/assitej.culturaescenica.es\/eu\/editorial-assitej\/luis-matilla\/el-hombre-de-las-cien-manos\/#breadcrumb\"},\"inLanguage\":\"en-GB\",\"potentialAction\":[{\"@type\":\"ReadAction\",\"target\":[\"https:\/\/assitej.culturaescenica.es\/eu\/editorial-assitej\/luis-matilla\/el-hombre-de-las-cien-manos\/\"]}]},{\"@type\":\"ImageObject\",\"inLanguage\":\"en-GB\",\"@id\":\"https:\/\/assitej.culturaescenica.es\/eu\/editorial-assitej\/luis-matilla\/el-hombre-de-las-cien-manos\/#primaryimage\",\"url\":\"https:\/\/assitej.culturaescenica.es\/wp-content\/uploads\/11-Cien-manos-Cubiertas-1-jpg.webp\",\"contentUrl\":\"https:\/\/assitej.culturaescenica.es\/wp-content\/uploads\/11-Cien-manos-Cubiertas-1-jpg.webp\",\"width\":478,\"height\":700},{\"@type\":\"BreadcrumbList\",\"@id\":\"https:\/\/assitej.culturaescenica.es\/eu\/editorial-assitej\/luis-matilla\/el-hombre-de-las-cien-manos\/#breadcrumb\",\"itemListElement\":[{\"@type\":\"ListItem\",\"position\":1,\"name\":\"Portada\",\"item\":\"https:\/\/assitej.culturaescenica.es\/gl\/\"},{\"@type\":\"ListItem\",\"position\":2,\"name\":\"Editorial Assitej\",\"item\":\"https:\/\/assitej.culturaescenica.es\/es_es\/editorial-assitej\/\"},{\"@type\":\"ListItem\",\"position\":3,\"name\":\"EL HOMBRE DE LAS CIEN MANOS\"}]},{\"@type\":\"WebSite\",\"@id\":\"https:\/\/assitej.culturaescenica.es\/gl\/#website\",\"url\":\"https:\/\/assitej.culturaescenica.es\/gl\/\",\"name\":\"ASSITEJ Espa\u00f1a\",\"description\":\"ARTES ESC\u00c9NICAS PARA LA INFANCIA Y LA JUVENTUD\",\"publisher\":{\"@id\":\"https:\/\/assitej.culturaescenica.es\/gl\/#organization\"},\"potentialAction\":[{\"@type\":\"SearchAction\",\"target\":{\"@type\":\"EntryPoint\",\"urlTemplate\":\"https:\/\/assitej.culturaescenica.es\/gl\/?s={search_term_string}\"},\"query-input\":{\"@type\":\"PropertyValueSpecification\",\"valueRequired\":true,\"valueName\":\"search_term_string\"}}],\"inLanguage\":\"en-GB\"},{\"@type\":\"Organization\",\"@id\":\"https:\/\/assitej.culturaescenica.es\/gl\/#organization\",\"name\":\"ASSITEJ Espa\u00f1a\",\"url\":\"https:\/\/assitej.culturaescenica.es\/gl\/\",\"logo\":{\"@type\":\"ImageObject\",\"inLanguage\":\"en-GB\",\"@id\":\"https:\/\/assitej.culturaescenica.es\/gl\/#\/schema\/logo\/image\/\",\"url\":\"https:\/\/assitej.es\/wp-content\/uploads\/Logo_ASSITEJ_Espana.RGB_2-1.png\",\"contentUrl\":\"https:\/\/assitej.es\/wp-content\/uploads\/Logo_ASSITEJ_Espana.RGB_2-1.png\",\"width\":4934,\"height\":2287,\"caption\":\"ASSITEJ Espa\u00f1a\"},\"image\":{\"@id\":\"https:\/\/assitej.culturaescenica.es\/gl\/#\/schema\/logo\/image\/\"},\"sameAs\":[\"https:\/\/www.facebook.com\/assitejespana\/\",\"https:\/\/x.com\/AssitejEspana\",\"https:\/\/www.youtube.com\/channel\/UCv-2SDBzEmyORL5tPvsYgMw\"]}]}<\/script>\n<!-- \/ Yoast SEO plugin. -->","yoast_head_json":{"title":"THE MAN WITH A HUNDRED HANDS - ASSITEJ Spain","robots":{"index":"index","follow":"follow","max-snippet":"max-snippet:-1","max-image-preview":"max-image-preview:large","max-video-preview":"max-video-preview:-1"},"canonical":"https:\/\/assitej.culturaescenica.es\/en\/editorial-assitej\/luis-matilla\/el-hombre-de-las-cien-manos\/","og_locale":"en_GB","og_type":"article","og_title":"EL HOMBRE DE LAS CIEN MANOS - ASSITEJ Espa\u00f1a","og_description":"Luc es un ni\u00f1o marginado y despreciado por la incomprensi\u00f3n y el ego\u00edsmo de la gente que le rodea. Su vida, sin embargo, est\u00e1 destinada a cambiar cuando unos comediantes pasan junto a su pueblo. Impulsado por su curiosidad y la necesidad de salir de la opresi\u00f3n en la que vive. Luc se acerca a ellos, desafiando los prejuicios de los adultos. Los comediantes le permitir\u00e1n expresarse en libertad y le mostrar\u00e1n el respeto y el cari\u00f1o que le niegan sus vecinos.\u00a0Luis Matilla es autor teatral, t\u00e9cnico cinematogr\u00e1fico y especialista en la did\u00e1ctica de los medios de comunicaci\u00f3n; perteneci\u00f3 a grupos de teatro independiente como T\u00e1bano. Tiene escritas cuarenta obras teatrales que, junto con sus propuestas de animaci\u00f3n teatral para p\u00fablicos infantiles y juveniles, han sido traducidas y estrenadas en Espa\u00f1a, Portugal, Italia, Colombia, M\u00e9jico, Venezuela, Cuba, Per\u00fa, Rusia y Estados Unidos. Ha sido Premio Assitej-Espa\u00f1a y sus obras han merecido numerosos galardones.","og_url":"https:\/\/assitej.culturaescenica.es\/en\/editorial-assitej\/luis-matilla\/el-hombre-de-las-cien-manos\/","og_site_name":"ASSITEJ Espa\u00f1a","article_publisher":"https:\/\/www.facebook.com\/assitejespana\/","article_modified_time":"2025-05-05T14:01:41+00:00","og_image":[{"width":478,"height":700,"url":"https:\/\/assitej.culturaescenica.es\/wp-content\/uploads\/11-Cien-manos-Cubiertas-1-jpg.webp","type":"image\/jpeg"}],"twitter_card":"summary_large_image","twitter_site":"@AssitejEspana","twitter_misc":{"Estimated reading time":"1 minute"},"schema":{"@context":"https:\/\/schema.org","@graph":[{"@type":"WebPage","@id":"https:\/\/assitej.culturaescenica.es\/eu\/editorial-assitej\/luis-matilla\/el-hombre-de-las-cien-manos\/","url":"https:\/\/assitej.culturaescenica.es\/eu\/editorial-assitej\/luis-matilla\/el-hombre-de-las-cien-manos\/","name":"THE MAN WITH A HUNDRED HANDS - ASSITEJ Spain","isPartOf":{"@id":"https:\/\/assitej.culturaescenica.es\/gl\/#website"},"primaryImageOfPage":{"@id":"https:\/\/assitej.culturaescenica.es\/eu\/editorial-assitej\/luis-matilla\/el-hombre-de-las-cien-manos\/#primaryimage"},"image":{"@id":"https:\/\/assitej.culturaescenica.es\/eu\/editorial-assitej\/luis-matilla\/el-hombre-de-las-cien-manos\/#primaryimage"},"thumbnailUrl":"https:\/\/assitej.culturaescenica.es\/wp-content\/uploads\/11-Cien-manos-Cubiertas-1-jpg.webp","datePublished":"2016-02-11T16:23:25+00:00","dateModified":"2025-05-05T14:01:41+00:00","breadcrumb":{"@id":"https:\/\/assitej.culturaescenica.es\/eu\/editorial-assitej\/luis-matilla\/el-hombre-de-las-cien-manos\/#breadcrumb"},"inLanguage":"en-GB","potentialAction":[{"@type":"ReadAction","target":["https:\/\/assitej.culturaescenica.es\/eu\/editorial-assitej\/luis-matilla\/el-hombre-de-las-cien-manos\/"]}]},{"@type":"ImageObject","inLanguage":"en-GB","@id":"https:\/\/assitej.culturaescenica.es\/eu\/editorial-assitej\/luis-matilla\/el-hombre-de-las-cien-manos\/#primaryimage","url":"https:\/\/assitej.culturaescenica.es\/wp-content\/uploads\/11-Cien-manos-Cubiertas-1-jpg.webp","contentUrl":"https:\/\/assitej.culturaescenica.es\/wp-content\/uploads\/11-Cien-manos-Cubiertas-1-jpg.webp","width":478,"height":700},{"@type":"BreadcrumbList","@id":"https:\/\/assitej.culturaescenica.es\/eu\/editorial-assitej\/luis-matilla\/el-hombre-de-las-cien-manos\/#breadcrumb","itemListElement":[{"@type":"ListItem","position":1,"name":"Portada","item":"https:\/\/assitej.culturaescenica.es\/gl\/"},{"@type":"ListItem","position":2,"name":"Editorial Assitej","item":"https:\/\/assitej.culturaescenica.es\/es_es\/editorial-assitej\/"},{"@type":"ListItem","position":3,"name":"EL HOMBRE DE LAS CIEN MANOS"}]},{"@type":"WebSite","@id":"https:\/\/assitej.culturaescenica.es\/gl\/#website","url":"https:\/\/assitej.culturaescenica.es\/gl\/","name":"ASSITEJ Spain","description":"PERFORMING ARTS FOR CHILDREN AND YOUTH","publisher":{"@id":"https:\/\/assitej.culturaescenica.es\/gl\/#organization"},"potentialAction":[{"@type":"SearchAction","target":{"@type":"EntryPoint","urlTemplate":"https:\/\/assitej.culturaescenica.es\/gl\/?s={search_term_string}"},"query-input":{"@type":"PropertyValueSpecification","valueRequired":true,"valueName":"search_term_string"}}],"inLanguage":"en-GB"},{"@type":"Organization","@id":"https:\/\/assitej.culturaescenica.es\/gl\/#organization","name":"ASSITEJ Spain","url":"https:\/\/assitej.culturaescenica.es\/gl\/","logo":{"@type":"ImageObject","inLanguage":"en-GB","@id":"https:\/\/assitej.culturaescenica.es\/gl\/#\/schema\/logo\/image\/","url":"https:\/\/assitej.es\/wp-content\/uploads\/Logo_ASSITEJ_Espana.RGB_2-1.png","contentUrl":"https:\/\/assitej.es\/wp-content\/uploads\/Logo_ASSITEJ_Espana.RGB_2-1.png","width":4934,"height":2287,"caption":"ASSITEJ Espa\u00f1a"},"image":{"@id":"https:\/\/assitej.culturaescenica.es\/gl\/#\/schema\/logo\/image\/"},"sameAs":["https:\/\/www.facebook.com\/assitejespana\/","https:\/\/x.com\/AssitejEspana","https:\/\/www.youtube.com\/channel\/UCv-2SDBzEmyORL5tPvsYgMw"]}]}},"_links":{"self":[{"href":"https:\/\/assitej.culturaescenica.es\/en\/wp-json\/wp\/v2\/product\/3191","targetHints":{"allow":["GET"]}}],"collection":[{"href":"https:\/\/assitej.culturaescenica.es\/en\/wp-json\/wp\/v2\/product"}],"about":[{"href":"https:\/\/assitej.culturaescenica.es\/en\/wp-json\/wp\/v2\/types\/product"}],"wp:featuredmedia":[{"embeddable":true,"href":"https:\/\/assitej.culturaescenica.es\/en\/wp-json\/wp\/v2\/media\/24325"}],"wp:attachment":[{"href":"https:\/\/assitej.culturaescenica.es\/en\/wp-json\/wp\/v2\/media?parent=3191"}],"wp:term":[{"taxonomy":"product_brand","embeddable":true,"href":"https:\/\/assitej.culturaescenica.es\/en\/wp-json\/wp\/v2\/product_brand?post=3191"},{"taxonomy":"product_cat","embeddable":true,"href":"https:\/\/assitej.culturaescenica.es\/en\/wp-json\/wp\/v2\/product_cat?post=3191"},{"taxonomy":"product_tag","embeddable":true,"href":"https:\/\/assitej.culturaescenica.es\/en\/wp-json\/wp\/v2\/product_tag?post=3191"}],"curies":[{"name":"wp","href":"https:\/\/api.w.org\/{rel}","templated":true}]}}