{"id":3178,"date":"2016-02-08T18:13:44","date_gmt":"2016-02-08T17:13:44","guid":{"rendered":"http:\/\/www.assitej.net\/producto\/bajo-el-c\/"},"modified":"2025-05-05T16:01:41","modified_gmt":"2025-05-05T14:01:41","slug":"las-cabezas-de-seigin","status":"publish","type":"product","link":"https:\/\/assitej.culturaescenica.es\/en\/editorial-assitej\/antonio-daniel-garcia-orellana\/las-cabezas-de-seigin\/","title":{"rendered":"SEIGIN&#039;S HEADS"},"content":{"rendered":"<p>The old King of Seigin is a two-headed dragon tricked by his greedy servant, Roblo. He intends to kill his grandson Petronius with the help of a poisonous spider near him or another cursed creature from the Forest of the Glades. Petronius wishes to reconcile his grandfather with Princess Jana. Some reason separates the king from his daughter, and Roblo is after her. Young Petronius decides to find the dragon&#039;s lair alone, in the lush forest where a curse terribly threatens all the inhabitants of Seigin.\u00a0<strong>Antonio Daniel Garc\u00eda Orellana<\/strong>, Actor, Author, and Performing Arts and Entertainment Instructor (1973, Seville). Trained at the Seville Theatre Institute and founder of several theatre companies in the city. As a playwright, his works have been published <em>Gerardo<\/em>, <em>The Narrator<\/em>, both released, and<em>Mariana Inmate<\/em>, forthcoming (Colecci\u00f3n Teatro, Chiclana de la Frontera). He has numerous unpublished texts, some of which he has premiered. <em>The Doll<\/em>, <em>It smells like a cat<\/em>, <em>The Broken Games<\/em>,<em>At Ground Level<\/em> (co-author Carmen Alfonso), <em>The Villain&#039;s Dance<\/em>,<em>Alice in Wonderland<\/em> (version of the novel by Lewis Carrol). On the occasion of literary competitions he has published the poetry collections <em>Life is not a dream<\/em> (Old Town District, Seville City Council, 1991), <em>One Hundred Poems<\/em> (Searus Collection, Los Palacios and Villafranca, Seville 1991 and La Palma del Condado Town Hall, Huelva 1992) and <em>There is no voice\u2026<\/em> (Haro, La Rioja, 1992). In narrative the work <em>The Trunk<\/em>, in the Aegua Collection of Castro del Rio, C\u00f3rdoba 1994<\/p>","protected":false},"excerpt":{"rendered":"<p>The old King of Seigin is a two-headed dragon tricked by his greedy servant, Roblo. He intends to kill his grandson Petronius with the help of a poisonous spider near him or another cursed creature from the Forest of the Glades. Petronius wishes to reconcile his grandfather with Princess Jana. Some reason separates the king from his daughter, and Roblo is after her. Young Petronius decides to find the dragon&#039;s lair alone, in the lush forest where a curse terribly threatens all the inhabitants of Seigin.<strong>Antonio Daniel Garc\u00eda Orellana<\/strong>, Actor, Author, and Performing Arts and Entertainment Instructor (1973, Seville). Trained at the Seville Theatre Institute and founder of several theatre companies in the city. As a playwright, his works have been published <em>Gerardo<\/em>, <em>The Narrator<\/em>, both released, and<em>Mariana Inmate<\/em>, forthcoming (Colecci\u00f3n Teatro, Chiclana de la Frontera). He has numerous unpublished texts, some of which he has premiered. <em>The Doll<\/em>, <em>It smells like a cat<\/em>, <em>The Broken Games<\/em>,<em>At Ground Level<\/em> (co-author Carmen Alfonso), <em>The Villain&#039;s Dance<\/em>,<em>Alice in Wonderland<\/em> (version of the novel by Lewis Carrol). On the occasion of literary competitions he has published the poetry collections <em>Life is not a dream<\/em> (Old Town District, Seville City Council, 1991), <em>One Hundred Poems<\/em> (Searus Collection, Los Palacios and Villafranca, Seville 1991 and La Palma del Condado Town Hall, Huelva 1992) and <em>There is no voice\u2026<\/em> (Haro, La Rioja, 1992). In narrative the work <em>The Trunk<\/em>, in the Aegua Collection of Castro del Rio, C\u00f3rdoba 1994<\/p>","protected":false},"featured_media":24321,"template":"","meta":{"_acf_changed":false,"_links_to":"","_links_to_target":""},"product_brand":[],"product_cat":[73],"product_tag":[67],"class_list":{"0":"post-3178","1":"product","2":"type-product","3":"status-publish","4":"has-post-thumbnail","6":"product_cat-antonio-daniel-garcia-orellana","7":"product_tag-coleccion-teatro","8":"infinite-scroll-item","9":"","10":"woocommerce-text-align-left","11":"woocommerce-image-align-center","12":"do-quantity-buttons","14":"first","15":"instock","16":"featured","17":"taxable","18":"shipping-taxable","19":"purchasable","20":"product-type-simple"},"acf":[],"yoast_head":"<!-- This site is optimized with the Yoast SEO plugin v27.1.1 - https:\/\/yoast.com\/product\/yoast-seo-wordpress\/ -->\n<title>LAS CABEZAS DE SEIGIN - ASSITEJ Espa\u00f1a<\/title>\n<meta name=\"robots\" content=\"index, follow, max-snippet:-1, max-image-preview:large, max-video-preview:-1\" \/>\n<link rel=\"canonical\" href=\"https:\/\/assitej.culturaescenica.es\/en\/editorial-assitej\/antonio-daniel-garcia-orellana\/las-cabezas-de-seigin\/\" \/>\n<meta property=\"og:locale\" content=\"en_GB\" \/>\n<meta property=\"og:type\" content=\"article\" \/>\n<meta property=\"og:title\" content=\"LAS CABEZAS DE SEIGIN - ASSITEJ Espa\u00f1a\" \/>\n<meta property=\"og:description\" content=\"El viejo Rey de Seigin es un drag\u00f3n de dos cabezas enga\u00f1ado por su codicioso sirviente, Roblo. Pretende acabar con la vida de su nieto Petronio con la ayuda de una ara\u00f1a venenosa pr\u00f3xima a \u00e9l u otra criatura maldita del Bosque de los calveros. Petronio desea reconciliar a su abuelo con la Princesa Jana. Alguna raz\u00f3n separa al rey de su hija, y Roblo anda detr\u00e1s de ella. El joven Petronio decide encontrar la guarida del drag\u00f3n, \u00e9l solo, en el frondoso bosque donde una maldici\u00f3n amenaza terriblemente a todos los habitantes de Seigin.Antonio Daniel Garc\u00eda Orellana, Actor, Autor y Formador de Artes Esc\u00e9nicas y del Espect\u00e1culo (1973, Sevilla). Formado en el Instituto del Teatro de Sevilla y fundador de varias compa\u00f1\u00edas de teatro de esta ciudad. Como autor dram\u00e1tico tiene editadas las obras Gerardo, El Narrador, ambas estrenadas, eInterna Mariana, de pr\u00f3xima aparici\u00f3n (Colecci\u00f3n Teatro, Chiclana de la Frontera). Cuenta con numerosos textos a\u00fan in\u00e9ditos de los cuales ha estrenado La Mu\u00f1eca, Huele a Gato, Los Juegos Rotos,A Ras del Suelo (coautora Carmen Alfonso), El Baile del Villano,Alicia en el Pa\u00eds de las Maravillas (versi\u00f3n de la novela de Lewis Carrol). Con motivo de cert\u00e1menes literarios tiene editados los poemarios No es Sue\u00f1o la Vida (Distrito Casco Antiguo, Ayuntamiento de Sevilla, 1991), Cien Poemas (Colecci\u00f3n Searus, Los Palacios y Villafranca, Sevilla 1991 y Ayuntamiento de La Palma del Condado, Huelva 1992) y No hay Voz\u2026 (Haro, La Rioja, 1992). En narrativa la obra El Ba\u00fal, en la Colecci\u00f3n Aegua de Castro del Rio, C\u00f3rdoba 1994\" \/>\n<meta property=\"og:url\" content=\"https:\/\/assitej.culturaescenica.es\/en\/editorial-assitej\/antonio-daniel-garcia-orellana\/las-cabezas-de-seigin\/\" \/>\n<meta property=\"og:site_name\" content=\"ASSITEJ Espa\u00f1a\" \/>\n<meta property=\"article:publisher\" content=\"https:\/\/www.facebook.com\/assitejespana\/\" \/>\n<meta property=\"article:modified_time\" content=\"2025-05-05T14:01:41+00:00\" \/>\n<meta property=\"og:image\" content=\"https:\/\/assitej.culturaescenica.es\/wp-content\/uploads\/Cabezas-Seigin-1-jpg.webp\" \/>\n\t<meta property=\"og:image:width\" content=\"485\" \/>\n\t<meta property=\"og:image:height\" content=\"700\" \/>\n\t<meta property=\"og:image:type\" content=\"image\/jpeg\" \/>\n<meta name=\"twitter:card\" content=\"summary_large_image\" \/>\n<meta name=\"twitter:site\" content=\"@AssitejEspana\" \/>\n<meta name=\"twitter:label1\" content=\"Estimated reading time\" \/>\n\t<meta name=\"twitter:data1\" content=\"1 minute\" \/>\n<script type=\"application\/ld+json\" class=\"yoast-schema-graph\">{\"@context\":\"https:\/\/schema.org\",\"@graph\":[{\"@type\":\"WebPage\",\"@id\":\"https:\/\/assitej.culturaescenica.es\/editorial-assitej\/antonio-daniel-garcia-orellana\/las-cabezas-de-seigin\/\",\"url\":\"https:\/\/assitej.culturaescenica.es\/editorial-assitej\/antonio-daniel-garcia-orellana\/las-cabezas-de-seigin\/\",\"name\":\"LAS CABEZAS DE SEIGIN - ASSITEJ Espa\u00f1a\",\"isPartOf\":{\"@id\":\"https:\/\/assitej.culturaescenica.es\/gl\/#website\"},\"primaryImageOfPage\":{\"@id\":\"https:\/\/assitej.culturaescenica.es\/editorial-assitej\/antonio-daniel-garcia-orellana\/las-cabezas-de-seigin\/#primaryimage\"},\"image\":{\"@id\":\"https:\/\/assitej.culturaescenica.es\/editorial-assitej\/antonio-daniel-garcia-orellana\/las-cabezas-de-seigin\/#primaryimage\"},\"thumbnailUrl\":\"https:\/\/assitej.culturaescenica.es\/wp-content\/uploads\/Cabezas-Seigin-1-jpg.webp\",\"datePublished\":\"2016-02-08T17:13:44+00:00\",\"dateModified\":\"2025-05-05T14:01:41+00:00\",\"breadcrumb\":{\"@id\":\"https:\/\/assitej.culturaescenica.es\/editorial-assitej\/antonio-daniel-garcia-orellana\/las-cabezas-de-seigin\/#breadcrumb\"},\"inLanguage\":\"en-GB\",\"potentialAction\":[{\"@type\":\"ReadAction\",\"target\":[\"https:\/\/assitej.culturaescenica.es\/editorial-assitej\/antonio-daniel-garcia-orellana\/las-cabezas-de-seigin\/\"]}]},{\"@type\":\"ImageObject\",\"inLanguage\":\"en-GB\",\"@id\":\"https:\/\/assitej.culturaescenica.es\/editorial-assitej\/antonio-daniel-garcia-orellana\/las-cabezas-de-seigin\/#primaryimage\",\"url\":\"https:\/\/assitej.culturaescenica.es\/wp-content\/uploads\/Cabezas-Seigin-1-jpg.webp\",\"contentUrl\":\"https:\/\/assitej.culturaescenica.es\/wp-content\/uploads\/Cabezas-Seigin-1-jpg.webp\",\"width\":485,\"height\":700},{\"@type\":\"BreadcrumbList\",\"@id\":\"https:\/\/assitej.culturaescenica.es\/editorial-assitej\/antonio-daniel-garcia-orellana\/las-cabezas-de-seigin\/#breadcrumb\",\"itemListElement\":[{\"@type\":\"ListItem\",\"position\":1,\"name\":\"Portada\",\"item\":\"https:\/\/assitej.culturaescenica.es\/gl\/\"},{\"@type\":\"ListItem\",\"position\":2,\"name\":\"Editorial Assitej\",\"item\":\"https:\/\/assitej.culturaescenica.es\/es_es\/editorial-assitej\/\"},{\"@type\":\"ListItem\",\"position\":3,\"name\":\"LAS CABEZAS DE SEIGIN\"}]},{\"@type\":\"WebSite\",\"@id\":\"https:\/\/assitej.culturaescenica.es\/gl\/#website\",\"url\":\"https:\/\/assitej.culturaescenica.es\/gl\/\",\"name\":\"ASSITEJ Espa\u00f1a\",\"description\":\"ARTES ESC\u00c9NICAS PARA LA INFANCIA Y LA JUVENTUD\",\"publisher\":{\"@id\":\"https:\/\/assitej.culturaescenica.es\/gl\/#organization\"},\"potentialAction\":[{\"@type\":\"SearchAction\",\"target\":{\"@type\":\"EntryPoint\",\"urlTemplate\":\"https:\/\/assitej.culturaescenica.es\/gl\/?s={search_term_string}\"},\"query-input\":{\"@type\":\"PropertyValueSpecification\",\"valueRequired\":true,\"valueName\":\"search_term_string\"}}],\"inLanguage\":\"en-GB\"},{\"@type\":\"Organization\",\"@id\":\"https:\/\/assitej.culturaescenica.es\/gl\/#organization\",\"name\":\"ASSITEJ Espa\u00f1a\",\"url\":\"https:\/\/assitej.culturaescenica.es\/gl\/\",\"logo\":{\"@type\":\"ImageObject\",\"inLanguage\":\"en-GB\",\"@id\":\"https:\/\/assitej.culturaescenica.es\/gl\/#\/schema\/logo\/image\/\",\"url\":\"https:\/\/assitej.es\/wp-content\/uploads\/Logo_ASSITEJ_Espana.RGB_2-1.png\",\"contentUrl\":\"https:\/\/assitej.es\/wp-content\/uploads\/Logo_ASSITEJ_Espana.RGB_2-1.png\",\"width\":4934,\"height\":2287,\"caption\":\"ASSITEJ Espa\u00f1a\"},\"image\":{\"@id\":\"https:\/\/assitej.culturaescenica.es\/gl\/#\/schema\/logo\/image\/\"},\"sameAs\":[\"https:\/\/www.facebook.com\/assitejespana\/\",\"https:\/\/x.com\/AssitejEspana\",\"https:\/\/www.youtube.com\/channel\/UCv-2SDBzEmyORL5tPvsYgMw\"]}]}<\/script>\n<!-- \/ Yoast SEO plugin. -->","yoast_head_json":{"title":"THE HEADS OF SEIGIN - ASSITEJ Spain","robots":{"index":"index","follow":"follow","max-snippet":"max-snippet:-1","max-image-preview":"max-image-preview:large","max-video-preview":"max-video-preview:-1"},"canonical":"https:\/\/assitej.culturaescenica.es\/en\/editorial-assitej\/antonio-daniel-garcia-orellana\/las-cabezas-de-seigin\/","og_locale":"en_GB","og_type":"article","og_title":"LAS CABEZAS DE SEIGIN - ASSITEJ Espa\u00f1a","og_description":"El viejo Rey de Seigin es un drag\u00f3n de dos cabezas enga\u00f1ado por su codicioso sirviente, Roblo. Pretende acabar con la vida de su nieto Petronio con la ayuda de una ara\u00f1a venenosa pr\u00f3xima a \u00e9l u otra criatura maldita del Bosque de los calveros. Petronio desea reconciliar a su abuelo con la Princesa Jana. Alguna raz\u00f3n separa al rey de su hija, y Roblo anda detr\u00e1s de ella. El joven Petronio decide encontrar la guarida del drag\u00f3n, \u00e9l solo, en el frondoso bosque donde una maldici\u00f3n amenaza terriblemente a todos los habitantes de Seigin.Antonio Daniel Garc\u00eda Orellana, Actor, Autor y Formador de Artes Esc\u00e9nicas y del Espect\u00e1culo (1973, Sevilla). Formado en el Instituto del Teatro de Sevilla y fundador de varias compa\u00f1\u00edas de teatro de esta ciudad. Como autor dram\u00e1tico tiene editadas las obras Gerardo, El Narrador, ambas estrenadas, eInterna Mariana, de pr\u00f3xima aparici\u00f3n (Colecci\u00f3n Teatro, Chiclana de la Frontera). Cuenta con numerosos textos a\u00fan in\u00e9ditos de los cuales ha estrenado La Mu\u00f1eca, Huele a Gato, Los Juegos Rotos,A Ras del Suelo (coautora Carmen Alfonso), El Baile del Villano,Alicia en el Pa\u00eds de las Maravillas (versi\u00f3n de la novela de Lewis Carrol). Con motivo de cert\u00e1menes literarios tiene editados los poemarios No es Sue\u00f1o la Vida (Distrito Casco Antiguo, Ayuntamiento de Sevilla, 1991), Cien Poemas (Colecci\u00f3n Searus, Los Palacios y Villafranca, Sevilla 1991 y Ayuntamiento de La Palma del Condado, Huelva 1992) y No hay Voz\u2026 (Haro, La Rioja, 1992). En narrativa la obra El Ba\u00fal, en la Colecci\u00f3n Aegua de Castro del Rio, C\u00f3rdoba 1994","og_url":"https:\/\/assitej.culturaescenica.es\/en\/editorial-assitej\/antonio-daniel-garcia-orellana\/las-cabezas-de-seigin\/","og_site_name":"ASSITEJ Espa\u00f1a","article_publisher":"https:\/\/www.facebook.com\/assitejespana\/","article_modified_time":"2025-05-05T14:01:41+00:00","og_image":[{"width":485,"height":700,"url":"https:\/\/assitej.culturaescenica.es\/wp-content\/uploads\/Cabezas-Seigin-1-jpg.webp","type":"image\/jpeg"}],"twitter_card":"summary_large_image","twitter_site":"@AssitejEspana","twitter_misc":{"Estimated reading time":"1 minute"},"schema":{"@context":"https:\/\/schema.org","@graph":[{"@type":"WebPage","@id":"https:\/\/assitej.culturaescenica.es\/editorial-assitej\/antonio-daniel-garcia-orellana\/las-cabezas-de-seigin\/","url":"https:\/\/assitej.culturaescenica.es\/editorial-assitej\/antonio-daniel-garcia-orellana\/las-cabezas-de-seigin\/","name":"THE HEADS OF SEIGIN - ASSITEJ Spain","isPartOf":{"@id":"https:\/\/assitej.culturaescenica.es\/gl\/#website"},"primaryImageOfPage":{"@id":"https:\/\/assitej.culturaescenica.es\/editorial-assitej\/antonio-daniel-garcia-orellana\/las-cabezas-de-seigin\/#primaryimage"},"image":{"@id":"https:\/\/assitej.culturaescenica.es\/editorial-assitej\/antonio-daniel-garcia-orellana\/las-cabezas-de-seigin\/#primaryimage"},"thumbnailUrl":"https:\/\/assitej.culturaescenica.es\/wp-content\/uploads\/Cabezas-Seigin-1-jpg.webp","datePublished":"2016-02-08T17:13:44+00:00","dateModified":"2025-05-05T14:01:41+00:00","breadcrumb":{"@id":"https:\/\/assitej.culturaescenica.es\/editorial-assitej\/antonio-daniel-garcia-orellana\/las-cabezas-de-seigin\/#breadcrumb"},"inLanguage":"en-GB","potentialAction":[{"@type":"ReadAction","target":["https:\/\/assitej.culturaescenica.es\/editorial-assitej\/antonio-daniel-garcia-orellana\/las-cabezas-de-seigin\/"]}]},{"@type":"ImageObject","inLanguage":"en-GB","@id":"https:\/\/assitej.culturaescenica.es\/editorial-assitej\/antonio-daniel-garcia-orellana\/las-cabezas-de-seigin\/#primaryimage","url":"https:\/\/assitej.culturaescenica.es\/wp-content\/uploads\/Cabezas-Seigin-1-jpg.webp","contentUrl":"https:\/\/assitej.culturaescenica.es\/wp-content\/uploads\/Cabezas-Seigin-1-jpg.webp","width":485,"height":700},{"@type":"BreadcrumbList","@id":"https:\/\/assitej.culturaescenica.es\/editorial-assitej\/antonio-daniel-garcia-orellana\/las-cabezas-de-seigin\/#breadcrumb","itemListElement":[{"@type":"ListItem","position":1,"name":"Portada","item":"https:\/\/assitej.culturaescenica.es\/gl\/"},{"@type":"ListItem","position":2,"name":"Editorial Assitej","item":"https:\/\/assitej.culturaescenica.es\/es_es\/editorial-assitej\/"},{"@type":"ListItem","position":3,"name":"LAS CABEZAS DE SEIGIN"}]},{"@type":"WebSite","@id":"https:\/\/assitej.culturaescenica.es\/gl\/#website","url":"https:\/\/assitej.culturaescenica.es\/gl\/","name":"ASSITEJ Spain","description":"PERFORMING ARTS FOR CHILDREN AND YOUTH","publisher":{"@id":"https:\/\/assitej.culturaescenica.es\/gl\/#organization"},"potentialAction":[{"@type":"SearchAction","target":{"@type":"EntryPoint","urlTemplate":"https:\/\/assitej.culturaescenica.es\/gl\/?s={search_term_string}"},"query-input":{"@type":"PropertyValueSpecification","valueRequired":true,"valueName":"search_term_string"}}],"inLanguage":"en-GB"},{"@type":"Organization","@id":"https:\/\/assitej.culturaescenica.es\/gl\/#organization","name":"ASSITEJ Spain","url":"https:\/\/assitej.culturaescenica.es\/gl\/","logo":{"@type":"ImageObject","inLanguage":"en-GB","@id":"https:\/\/assitej.culturaescenica.es\/gl\/#\/schema\/logo\/image\/","url":"https:\/\/assitej.es\/wp-content\/uploads\/Logo_ASSITEJ_Espana.RGB_2-1.png","contentUrl":"https:\/\/assitej.es\/wp-content\/uploads\/Logo_ASSITEJ_Espana.RGB_2-1.png","width":4934,"height":2287,"caption":"ASSITEJ Espa\u00f1a"},"image":{"@id":"https:\/\/assitej.culturaescenica.es\/gl\/#\/schema\/logo\/image\/"},"sameAs":["https:\/\/www.facebook.com\/assitejespana\/","https:\/\/x.com\/AssitejEspana","https:\/\/www.youtube.com\/channel\/UCv-2SDBzEmyORL5tPvsYgMw"]}]}},"_links":{"self":[{"href":"https:\/\/assitej.culturaescenica.es\/en\/wp-json\/wp\/v2\/product\/3178","targetHints":{"allow":["GET"]}}],"collection":[{"href":"https:\/\/assitej.culturaescenica.es\/en\/wp-json\/wp\/v2\/product"}],"about":[{"href":"https:\/\/assitej.culturaescenica.es\/en\/wp-json\/wp\/v2\/types\/product"}],"wp:featuredmedia":[{"embeddable":true,"href":"https:\/\/assitej.culturaescenica.es\/en\/wp-json\/wp\/v2\/media\/24321"}],"wp:attachment":[{"href":"https:\/\/assitej.culturaescenica.es\/en\/wp-json\/wp\/v2\/media?parent=3178"}],"wp:term":[{"taxonomy":"product_brand","embeddable":true,"href":"https:\/\/assitej.culturaescenica.es\/en\/wp-json\/wp\/v2\/product_brand?post=3178"},{"taxonomy":"product_cat","embeddable":true,"href":"https:\/\/assitej.culturaescenica.es\/en\/wp-json\/wp\/v2\/product_cat?post=3178"},{"taxonomy":"product_tag","embeddable":true,"href":"https:\/\/assitej.culturaescenica.es\/en\/wp-json\/wp\/v2\/product_tag?post=3178"}],"curies":[{"name":"wp","href":"https:\/\/api.w.org\/{rel}","templated":true}]}}