{"id":11102,"date":"2022-01-15T12:32:17","date_gmt":"2022-01-15T11:32:17","guid":{"rendered":"https:\/\/www.assitej.net\/?post_type=product&#038;p=11102"},"modified":"2025-05-05T16:02:09","modified_gmt":"2025-05-05T14:02:09","slug":"salvador","status":"publish","type":"product","link":"https:\/\/assitej.culturaescenica.es\/en\/editorial-assitej\/suzanne-lebeau\/salvador\/","title":{"rendered":"Savior. The boy, the mountain and the mango (copy)"},"content":{"rendered":"<h1 data-no-auto-translation=\"\"><em>Salvador. El ni\u00f1o, la monta\u00f1a y el mango<\/em>, de Suzanne Lebeau<\/h1>\n<p>Salvador was a child in search of answers. He wanted to know, for example, what a rich person was and whether his mother Benedicta would still be washing Mrs. Albacarra&#039;s sheets if they were rich. He knew his mother was the richest woman in hope.<br \/>\nSalvador grew up too soon and in this work, now a writer, he tells us about his memories: the disappearance of his father and brother, Ana&#039;s colored pencils, and Teresa&#039;s dreams.<br \/>\nSuzanne Lebeau, one of the most valuable voices in international theater, lived for two years in the South and brought back this story of love and care, which she tells without lies and with just the right words. Hard, as happiness can be sometimes. Knowing that life is worth living and writing can also change the world.<br \/>\nASSITEJ Spain has begun publishing his complete works in the International Theatre Collection, which already includes The Little Ogre, Shoes of Sand, and Three Little Sisters.<\/p>\n<p>&nbsp;<\/p>","protected":false},"excerpt":{"rendered":"<p>Salvador was a child in search of answers. He wanted to know, for example, what a rich person was and whether his mother Benedicta would still be washing Mrs. Albacarra&#039;s sheets if they were rich. He knew his mother was the richest woman in hope.<br \/>\nSalvador grew up too soon and in this work, now a writer, he tells us about his memories: the disappearance of his father and brother, Ana&#039;s colored pencils, and Teresa&#039;s dreams.<br \/>\nSuzanne Lebeau, one of the most valuable voices in international theater, lived for two years in the South and brought back this story of love and care, which she tells without lies and with just the right words. Hard, as happiness can be sometimes. Knowing that life is worth living and writing can also change the world.<br \/>\nASSITEJ Spain has begun publishing his complete works in the International Theatre Collection, which already includes The Little Ogre, Shoes of Sand, and Three Little Sisters.<\/p>","protected":false},"featured_media":24364,"template":"","meta":{"_acf_changed":false,"_links_to":"","_links_to_target":""},"product_brand":[],"product_cat":[115],"product_tag":[122,2523],"class_list":{"0":"post-11102","1":"product","2":"type-product","3":"status-publish","4":"has-post-thumbnail","6":"product_cat-suzanne-lebeau","7":"product_tag-coleccion-internacional","8":"product_tag-suzanne-lebeau","9":"infinite-scroll-item","10":"","11":"woocommerce-text-align-left","12":"woocommerce-image-align-center","13":"do-quantity-buttons","15":"first","16":"instock","17":"taxable","18":"shipping-taxable","19":"purchasable","20":"product-type-simple"},"acf":[],"yoast_head":"<!-- This site is optimized with the Yoast SEO plugin v27.1.1 - https:\/\/yoast.com\/product\/yoast-seo-wordpress\/ -->\n<title>Salvador. El ni\u00f1o, la monta\u00f1a y el mango, de Suzanne Lebeau | ASSITEJ<\/title>\n<meta name=\"description\" content=\"Suzanne Lebeau, una de las voces m\u00e1s valiosas del teatro internacional, vivi\u00f3 durante dos a\u00f1os en el sur y de all\u00ed se trajo esta historia de amor y cuidados, que cuenta sin mentir y con las palabras justas. Dura, como la felicidad suele serlo a veces. Sabiendo que la vida vale la pena y la escritura tambi\u00e9n puede cambiar el mundo.\" \/>\n<meta name=\"robots\" content=\"index, follow, max-snippet:-1, max-image-preview:large, max-video-preview:-1\" \/>\n<link rel=\"canonical\" href=\"https:\/\/assitej.culturaescenica.es\/en\/editorial-assitej\/suzanne-lebeau\/salvador\/\" \/>\n<meta property=\"og:locale\" content=\"en_GB\" \/>\n<meta property=\"og:type\" content=\"article\" \/>\n<meta property=\"og:title\" content=\"Salvador. El ni\u00f1o, la monta\u00f1a y el mango, de Suzanne Lebeau | ASSITEJ\" \/>\n<meta property=\"og:description\" content=\"Suzanne Lebeau, una de las voces m\u00e1s valiosas del teatro internacional, vivi\u00f3 durante dos a\u00f1os en el sur y de all\u00ed se trajo esta historia de amor y cuidados, que cuenta sin mentir y con las palabras justas. Dura, como la felicidad suele serlo a veces. Sabiendo que la vida vale la pena y la escritura tambi\u00e9n puede cambiar el mundo.\" \/>\n<meta property=\"og:url\" content=\"https:\/\/assitej.culturaescenica.es\/en\/editorial-assitej\/suzanne-lebeau\/salvador\/\" \/>\n<meta property=\"og:site_name\" content=\"ASSITEJ Espa\u00f1a\" \/>\n<meta property=\"article:publisher\" content=\"https:\/\/www.facebook.com\/assitejespana\/\" \/>\n<meta property=\"article:modified_time\" content=\"2025-05-05T14:02:09+00:00\" \/>\n<meta property=\"og:image\" content=\"https:\/\/assitej.culturaescenica.es\/wp-content\/uploads\/Salvador_portada-1-scaled-1-jpg.webp\" \/>\n\t<meta property=\"og:image:width\" content=\"1753\" \/>\n\t<meta property=\"og:image:height\" content=\"2560\" \/>\n\t<meta property=\"og:image:type\" content=\"image\/jpeg\" \/>\n<meta name=\"twitter:card\" content=\"summary_large_image\" \/>\n<meta name=\"twitter:site\" content=\"@AssitejEspana\" \/>\n<meta name=\"twitter:label1\" content=\"Estimated reading time\" \/>\n\t<meta name=\"twitter:data1\" content=\"1 minute\" \/>\n<script type=\"application\/ld+json\" class=\"yoast-schema-graph\">{\"@context\":\"https:\/\/schema.org\",\"@graph\":[{\"@type\":\"WebPage\",\"@id\":\"https:\/\/assitej.culturaescenica.es\/eu\/editorial-assitej\/suzanne-lebeau\/salvador\/\",\"url\":\"https:\/\/assitej.culturaescenica.es\/eu\/editorial-assitej\/suzanne-lebeau\/salvador\/\",\"name\":\"Salvador. El ni\u00f1o, la monta\u00f1a y el mango, de Suzanne Lebeau | ASSITEJ\",\"isPartOf\":{\"@id\":\"https:\/\/assitej.culturaescenica.es\/gl\/#website\"},\"primaryImageOfPage\":{\"@id\":\"https:\/\/assitej.culturaescenica.es\/eu\/editorial-assitej\/suzanne-lebeau\/salvador\/#primaryimage\"},\"image\":{\"@id\":\"https:\/\/assitej.culturaescenica.es\/eu\/editorial-assitej\/suzanne-lebeau\/salvador\/#primaryimage\"},\"thumbnailUrl\":\"https:\/\/assitej.culturaescenica.es\/wp-content\/uploads\/Salvador_portada-1-scaled-1-jpg.webp\",\"datePublished\":\"2022-01-15T11:32:17+00:00\",\"dateModified\":\"2025-05-05T14:02:09+00:00\",\"description\":\"Suzanne Lebeau, una de las voces m\u00e1s valiosas del teatro internacional, vivi\u00f3 durante dos a\u00f1os en el sur y de all\u00ed se trajo esta historia de amor y cuidados, que cuenta sin mentir y con las palabras justas. Dura, como la felicidad suele serlo a veces. Sabiendo que la vida vale la pena y la escritura tambi\u00e9n puede cambiar el mundo.\",\"breadcrumb\":{\"@id\":\"https:\/\/assitej.culturaescenica.es\/eu\/editorial-assitej\/suzanne-lebeau\/salvador\/#breadcrumb\"},\"inLanguage\":\"en-GB\",\"potentialAction\":[{\"@type\":\"ReadAction\",\"target\":[\"https:\/\/assitej.culturaescenica.es\/eu\/editorial-assitej\/suzanne-lebeau\/salvador\/\"]}]},{\"@type\":\"ImageObject\",\"inLanguage\":\"en-GB\",\"@id\":\"https:\/\/assitej.culturaescenica.es\/eu\/editorial-assitej\/suzanne-lebeau\/salvador\/#primaryimage\",\"url\":\"https:\/\/assitej.culturaescenica.es\/wp-content\/uploads\/Salvador_portada-1-scaled-1-jpg.webp\",\"contentUrl\":\"https:\/\/assitej.culturaescenica.es\/wp-content\/uploads\/Salvador_portada-1-scaled-1-jpg.webp\",\"width\":1753,\"height\":2560},{\"@type\":\"BreadcrumbList\",\"@id\":\"https:\/\/assitej.culturaescenica.es\/eu\/editorial-assitej\/suzanne-lebeau\/salvador\/#breadcrumb\",\"itemListElement\":[{\"@type\":\"ListItem\",\"position\":1,\"name\":\"Portada\",\"item\":\"https:\/\/assitej.culturaescenica.es\/gl\/\"},{\"@type\":\"ListItem\",\"position\":2,\"name\":\"Editorial Assitej\",\"item\":\"https:\/\/assitej.culturaescenica.es\/es_es\/editorial-assitej\/\"},{\"@type\":\"ListItem\",\"position\":3,\"name\":\"Salvador. El ni\u00f1o, la monta\u00f1a y el mango (copia)\"}]},{\"@type\":\"WebSite\",\"@id\":\"https:\/\/assitej.culturaescenica.es\/gl\/#website\",\"url\":\"https:\/\/assitej.culturaescenica.es\/gl\/\",\"name\":\"ASSITEJ Espa\u00f1a\",\"description\":\"ARTES ESC\u00c9NICAS PARA LA INFANCIA Y LA JUVENTUD\",\"publisher\":{\"@id\":\"https:\/\/assitej.culturaescenica.es\/gl\/#organization\"},\"potentialAction\":[{\"@type\":\"SearchAction\",\"target\":{\"@type\":\"EntryPoint\",\"urlTemplate\":\"https:\/\/assitej.culturaescenica.es\/gl\/?s={search_term_string}\"},\"query-input\":{\"@type\":\"PropertyValueSpecification\",\"valueRequired\":true,\"valueName\":\"search_term_string\"}}],\"inLanguage\":\"en-GB\"},{\"@type\":\"Organization\",\"@id\":\"https:\/\/assitej.culturaescenica.es\/gl\/#organization\",\"name\":\"ASSITEJ Espa\u00f1a\",\"url\":\"https:\/\/assitej.culturaescenica.es\/gl\/\",\"logo\":{\"@type\":\"ImageObject\",\"inLanguage\":\"en-GB\",\"@id\":\"https:\/\/assitej.culturaescenica.es\/gl\/#\/schema\/logo\/image\/\",\"url\":\"https:\/\/assitej.es\/wp-content\/uploads\/Logo_ASSITEJ_Espana.RGB_2-1.png\",\"contentUrl\":\"https:\/\/assitej.es\/wp-content\/uploads\/Logo_ASSITEJ_Espana.RGB_2-1.png\",\"width\":4934,\"height\":2287,\"caption\":\"ASSITEJ Espa\u00f1a\"},\"image\":{\"@id\":\"https:\/\/assitej.culturaescenica.es\/gl\/#\/schema\/logo\/image\/\"},\"sameAs\":[\"https:\/\/www.facebook.com\/assitejespana\/\",\"https:\/\/x.com\/AssitejEspana\",\"https:\/\/www.youtube.com\/channel\/UCv-2SDBzEmyORL5tPvsYgMw\"]}]}<\/script>\n<!-- \/ Yoast SEO plugin. -->","yoast_head_json":{"title":"Salvador. The Boy, the Mountain, and the Mango, by Suzanne Lebeau | ASSITEJ","description":"Suzanne Lebeau, one of the most valuable voices in international theater, lived for two years in the South and brought back this story of love and care, which she tells without lies and with just the right words. Hard, as happiness can be sometimes. Knowing that life is worth living and writing can also change the world.","robots":{"index":"index","follow":"follow","max-snippet":"max-snippet:-1","max-image-preview":"max-image-preview:large","max-video-preview":"max-video-preview:-1"},"canonical":"https:\/\/assitej.culturaescenica.es\/en\/editorial-assitej\/suzanne-lebeau\/salvador\/","og_locale":"en_GB","og_type":"article","og_title":"Salvador. El ni\u00f1o, la monta\u00f1a y el mango, de Suzanne Lebeau | ASSITEJ","og_description":"Suzanne Lebeau, una de las voces m\u00e1s valiosas del teatro internacional, vivi\u00f3 durante dos a\u00f1os en el sur y de all\u00ed se trajo esta historia de amor y cuidados, que cuenta sin mentir y con las palabras justas. Dura, como la felicidad suele serlo a veces. Sabiendo que la vida vale la pena y la escritura tambi\u00e9n puede cambiar el mundo.","og_url":"https:\/\/assitej.culturaescenica.es\/en\/editorial-assitej\/suzanne-lebeau\/salvador\/","og_site_name":"ASSITEJ Espa\u00f1a","article_publisher":"https:\/\/www.facebook.com\/assitejespana\/","article_modified_time":"2025-05-05T14:02:09+00:00","og_image":[{"width":1753,"height":2560,"url":"https:\/\/assitej.culturaescenica.es\/wp-content\/uploads\/Salvador_portada-1-scaled-1-jpg.webp","type":"image\/jpeg"}],"twitter_card":"summary_large_image","twitter_site":"@AssitejEspana","twitter_misc":{"Estimated reading time":"1 minute"},"schema":{"@context":"https:\/\/schema.org","@graph":[{"@type":"WebPage","@id":"https:\/\/assitej.culturaescenica.es\/eu\/editorial-assitej\/suzanne-lebeau\/salvador\/","url":"https:\/\/assitej.culturaescenica.es\/eu\/editorial-assitej\/suzanne-lebeau\/salvador\/","name":"Salvador. The Boy, the Mountain, and the Mango, by Suzanne Lebeau | ASSITEJ","isPartOf":{"@id":"https:\/\/assitej.culturaescenica.es\/gl\/#website"},"primaryImageOfPage":{"@id":"https:\/\/assitej.culturaescenica.es\/eu\/editorial-assitej\/suzanne-lebeau\/salvador\/#primaryimage"},"image":{"@id":"https:\/\/assitej.culturaescenica.es\/eu\/editorial-assitej\/suzanne-lebeau\/salvador\/#primaryimage"},"thumbnailUrl":"https:\/\/assitej.culturaescenica.es\/wp-content\/uploads\/Salvador_portada-1-scaled-1-jpg.webp","datePublished":"2022-01-15T11:32:17+00:00","dateModified":"2025-05-05T14:02:09+00:00","description":"Suzanne Lebeau, one of the most valuable voices in international theater, lived for two years in the South and brought back this story of love and care, which she tells without lies and with just the right words. Hard, as happiness can be sometimes. Knowing that life is worth living and writing can also change the world.","breadcrumb":{"@id":"https:\/\/assitej.culturaescenica.es\/eu\/editorial-assitej\/suzanne-lebeau\/salvador\/#breadcrumb"},"inLanguage":"en-GB","potentialAction":[{"@type":"ReadAction","target":["https:\/\/assitej.culturaescenica.es\/eu\/editorial-assitej\/suzanne-lebeau\/salvador\/"]}]},{"@type":"ImageObject","inLanguage":"en-GB","@id":"https:\/\/assitej.culturaescenica.es\/eu\/editorial-assitej\/suzanne-lebeau\/salvador\/#primaryimage","url":"https:\/\/assitej.culturaescenica.es\/wp-content\/uploads\/Salvador_portada-1-scaled-1-jpg.webp","contentUrl":"https:\/\/assitej.culturaescenica.es\/wp-content\/uploads\/Salvador_portada-1-scaled-1-jpg.webp","width":1753,"height":2560},{"@type":"BreadcrumbList","@id":"https:\/\/assitej.culturaescenica.es\/eu\/editorial-assitej\/suzanne-lebeau\/salvador\/#breadcrumb","itemListElement":[{"@type":"ListItem","position":1,"name":"Portada","item":"https:\/\/assitej.culturaescenica.es\/gl\/"},{"@type":"ListItem","position":2,"name":"Editorial Assitej","item":"https:\/\/assitej.culturaescenica.es\/es_es\/editorial-assitej\/"},{"@type":"ListItem","position":3,"name":"Salvador. El ni\u00f1o, la monta\u00f1a y el mango (copia)"}]},{"@type":"WebSite","@id":"https:\/\/assitej.culturaescenica.es\/gl\/#website","url":"https:\/\/assitej.culturaescenica.es\/gl\/","name":"ASSITEJ Spain","description":"PERFORMING ARTS FOR CHILDREN AND YOUTH","publisher":{"@id":"https:\/\/assitej.culturaescenica.es\/gl\/#organization"},"potentialAction":[{"@type":"SearchAction","target":{"@type":"EntryPoint","urlTemplate":"https:\/\/assitej.culturaescenica.es\/gl\/?s={search_term_string}"},"query-input":{"@type":"PropertyValueSpecification","valueRequired":true,"valueName":"search_term_string"}}],"inLanguage":"en-GB"},{"@type":"Organization","@id":"https:\/\/assitej.culturaescenica.es\/gl\/#organization","name":"ASSITEJ Spain","url":"https:\/\/assitej.culturaescenica.es\/gl\/","logo":{"@type":"ImageObject","inLanguage":"en-GB","@id":"https:\/\/assitej.culturaescenica.es\/gl\/#\/schema\/logo\/image\/","url":"https:\/\/assitej.es\/wp-content\/uploads\/Logo_ASSITEJ_Espana.RGB_2-1.png","contentUrl":"https:\/\/assitej.es\/wp-content\/uploads\/Logo_ASSITEJ_Espana.RGB_2-1.png","width":4934,"height":2287,"caption":"ASSITEJ Espa\u00f1a"},"image":{"@id":"https:\/\/assitej.culturaescenica.es\/gl\/#\/schema\/logo\/image\/"},"sameAs":["https:\/\/www.facebook.com\/assitejespana\/","https:\/\/x.com\/AssitejEspana","https:\/\/www.youtube.com\/channel\/UCv-2SDBzEmyORL5tPvsYgMw"]}]}},"_links":{"self":[{"href":"https:\/\/assitej.culturaescenica.es\/en\/wp-json\/wp\/v2\/product\/11102","targetHints":{"allow":["GET"]}}],"collection":[{"href":"https:\/\/assitej.culturaescenica.es\/en\/wp-json\/wp\/v2\/product"}],"about":[{"href":"https:\/\/assitej.culturaescenica.es\/en\/wp-json\/wp\/v2\/types\/product"}],"wp:featuredmedia":[{"embeddable":true,"href":"https:\/\/assitej.culturaescenica.es\/en\/wp-json\/wp\/v2\/media\/24364"}],"wp:attachment":[{"href":"https:\/\/assitej.culturaescenica.es\/en\/wp-json\/wp\/v2\/media?parent=11102"}],"wp:term":[{"taxonomy":"product_brand","embeddable":true,"href":"https:\/\/assitej.culturaescenica.es\/en\/wp-json\/wp\/v2\/product_brand?post=11102"},{"taxonomy":"product_cat","embeddable":true,"href":"https:\/\/assitej.culturaescenica.es\/en\/wp-json\/wp\/v2\/product_cat?post=11102"},{"taxonomy":"product_tag","embeddable":true,"href":"https:\/\/assitej.culturaescenica.es\/en\/wp-json\/wp\/v2\/product_tag?post=11102"}],"curies":[{"name":"wp","href":"https:\/\/api.w.org\/{rel}","templated":true}]}}