{"id":26993,"date":"2025-03-04T15:50:55","date_gmt":"2025-03-04T14:50:55","guid":{"rendered":"https:\/\/assitej.es\/beta2\/?page_id=26993"},"modified":"2025-03-04T15:50:55","modified_gmt":"2025-03-04T14:50:55","slug":"distribucion-editorial","status":"publish","type":"page","link":"https:\/\/assitej.culturaescenica.es\/en\/distribucion-editorial\/","title":{"rendered":"Editorial distribution"},"content":{"rendered":"<p>Our publishing house offers national distribution with special conditions for bookstores. We most enjoy seeing our titles in bookstores and libraries, and we strive to support them and do everything we can to ensure this happens. You can place your order or contact us by email at publicaciones@assitej.es, or call us at +34 91 206 17 41, Monday through Friday, from 9:00 a.m. to 2:00 p.m.<\/p>\n\n\n\n<p><\/p>","protected":false},"excerpt":{"rendered":"<p>Nuestra editorial cuenta con distribuci\u00f3n nacional con condiciones especiales para librer\u00edas. Es en las librer\u00edas y bibliotecas donde m\u00e1s &#8230; <\/p>\n<p class=\"read-more-container\"><a title=\"Editorial distribution\" class=\"read-more button\" href=\"https:\/\/assitej.culturaescenica.es\/en\/distribucion-editorial\/#more-26993\" aria-label=\"Read more about Distribuci\u00f3n editorial\">Read more<\/a><\/p>","protected":false},"author":999,"featured_media":0,"parent":0,"menu_order":0,"comment_status":"closed","ping_status":"closed","template":"","meta":{"_acf_changed":false,"footnotes":"","_links_to":"","_links_to_target":""},"class_list":{"0":"post-26993","1":"page","2":"type-page","3":"status-publish","5":"infinite-scroll-item"},"acf":[],"yoast_head":"<!-- This site is optimized with the Yoast SEO plugin v27.1.1 - https:\/\/yoast.com\/product\/yoast-seo-wordpress\/ -->\n<title>Distribuci\u00f3n editorial - ASSITEJ Espa\u00f1a<\/title>\n<meta name=\"robots\" content=\"index, follow, max-snippet:-1, max-image-preview:large, max-video-preview:-1\" \/>\n<link rel=\"canonical\" href=\"https:\/\/assitej.culturaescenica.es\/en\/distribucion-editorial\/\" \/>\n<meta property=\"og:locale\" content=\"en_GB\" \/>\n<meta property=\"og:type\" content=\"article\" \/>\n<meta property=\"og:title\" content=\"Distribuci\u00f3n editorial - ASSITEJ Espa\u00f1a\" \/>\n<meta property=\"og:description\" content=\"Nuestra editorial cuenta con distribuci\u00f3n nacional con condiciones especiales para librer\u00edas. Es en las librer\u00edas y bibliotecas donde m\u00e1s ... Read more\" \/>\n<meta property=\"og:url\" content=\"https:\/\/assitej.culturaescenica.es\/en\/distribucion-editorial\/\" \/>\n<meta property=\"og:site_name\" content=\"ASSITEJ Espa\u00f1a\" \/>\n<meta property=\"article:publisher\" content=\"https:\/\/www.facebook.com\/assitejespana\/\" \/>\n<meta name=\"twitter:card\" content=\"summary_large_image\" \/>\n<meta name=\"twitter:site\" content=\"@AssitejEspana\" \/>\n<script type=\"application\/ld+json\" class=\"yoast-schema-graph\">{\"@context\":\"https:\/\/schema.org\",\"@graph\":[{\"@type\":\"WebPage\",\"@id\":\"https:\/\/assitej.culturaescenica.es\/distribucion-editorial\/\",\"url\":\"https:\/\/assitej.culturaescenica.es\/distribucion-editorial\/\",\"name\":\"Distribuci\u00f3n editorial - ASSITEJ Espa\u00f1a\",\"isPartOf\":{\"@id\":\"https:\/\/assitej.culturaescenica.es\/gl\/#website\"},\"datePublished\":\"2025-03-04T14:50:55+00:00\",\"breadcrumb\":{\"@id\":\"https:\/\/assitej.culturaescenica.es\/distribucion-editorial\/#breadcrumb\"},\"inLanguage\":\"en-GB\",\"potentialAction\":[{\"@type\":\"ReadAction\",\"target\":[\"https:\/\/assitej.culturaescenica.es\/distribucion-editorial\/\"]}]},{\"@type\":\"BreadcrumbList\",\"@id\":\"https:\/\/assitej.culturaescenica.es\/distribucion-editorial\/#breadcrumb\",\"itemListElement\":[{\"@type\":\"ListItem\",\"position\":1,\"name\":\"Portada\",\"item\":\"https:\/\/assitej.culturaescenica.es\/gl\/\"},{\"@type\":\"ListItem\",\"position\":2,\"name\":\"Distribuci\u00f3n editorial\"}]},{\"@type\":\"WebSite\",\"@id\":\"https:\/\/assitej.culturaescenica.es\/gl\/#website\",\"url\":\"https:\/\/assitej.culturaescenica.es\/gl\/\",\"name\":\"ASSITEJ Espa\u00f1a\",\"description\":\"ARTES ESC\u00c9NICAS PARA LA INFANCIA Y LA JUVENTUD\",\"publisher\":{\"@id\":\"https:\/\/assitej.culturaescenica.es\/gl\/#organization\"},\"potentialAction\":[{\"@type\":\"SearchAction\",\"target\":{\"@type\":\"EntryPoint\",\"urlTemplate\":\"https:\/\/assitej.culturaescenica.es\/gl\/?s={search_term_string}\"},\"query-input\":{\"@type\":\"PropertyValueSpecification\",\"valueRequired\":true,\"valueName\":\"search_term_string\"}}],\"inLanguage\":\"en-GB\"},{\"@type\":\"Organization\",\"@id\":\"https:\/\/assitej.culturaescenica.es\/gl\/#organization\",\"name\":\"ASSITEJ Espa\u00f1a\",\"url\":\"https:\/\/assitej.culturaescenica.es\/gl\/\",\"logo\":{\"@type\":\"ImageObject\",\"inLanguage\":\"en-GB\",\"@id\":\"https:\/\/assitej.culturaescenica.es\/gl\/#\/schema\/logo\/image\/\",\"url\":\"https:\/\/assitej.es\/wp-content\/uploads\/Logo_ASSITEJ_Espana.RGB_2-1.png\",\"contentUrl\":\"https:\/\/assitej.es\/wp-content\/uploads\/Logo_ASSITEJ_Espana.RGB_2-1.png\",\"width\":4934,\"height\":2287,\"caption\":\"ASSITEJ Espa\u00f1a\"},\"image\":{\"@id\":\"https:\/\/assitej.culturaescenica.es\/gl\/#\/schema\/logo\/image\/\"},\"sameAs\":[\"https:\/\/www.facebook.com\/assitejespana\/\",\"https:\/\/x.com\/AssitejEspana\",\"https:\/\/www.youtube.com\/channel\/UCv-2SDBzEmyORL5tPvsYgMw\"]}]}<\/script>\n<!-- \/ Yoast SEO plugin. -->","yoast_head_json":{"title":"Editorial Distribution - ASSITEJ Spain","robots":{"index":"index","follow":"follow","max-snippet":"max-snippet:-1","max-image-preview":"max-image-preview:large","max-video-preview":"max-video-preview:-1"},"canonical":"https:\/\/assitej.culturaescenica.es\/en\/distribucion-editorial\/","og_locale":"en_GB","og_type":"article","og_title":"Distribuci\u00f3n editorial - ASSITEJ Espa\u00f1a","og_description":"Nuestra editorial cuenta con distribuci\u00f3n nacional con condiciones especiales para librer\u00edas. Es en las librer\u00edas y bibliotecas donde m\u00e1s ... Read more","og_url":"https:\/\/assitej.culturaescenica.es\/en\/distribucion-editorial\/","og_site_name":"ASSITEJ Espa\u00f1a","article_publisher":"https:\/\/www.facebook.com\/assitejespana\/","twitter_card":"summary_large_image","twitter_site":"@AssitejEspana","schema":{"@context":"https:\/\/schema.org","@graph":[{"@type":"WebPage","@id":"https:\/\/assitej.culturaescenica.es\/distribucion-editorial\/","url":"https:\/\/assitej.culturaescenica.es\/distribucion-editorial\/","name":"Editorial Distribution - ASSITEJ Spain","isPartOf":{"@id":"https:\/\/assitej.culturaescenica.es\/gl\/#website"},"datePublished":"2025-03-04T14:50:55+00:00","breadcrumb":{"@id":"https:\/\/assitej.culturaescenica.es\/distribucion-editorial\/#breadcrumb"},"inLanguage":"en-GB","potentialAction":[{"@type":"ReadAction","target":["https:\/\/assitej.culturaescenica.es\/distribucion-editorial\/"]}]},{"@type":"BreadcrumbList","@id":"https:\/\/assitej.culturaescenica.es\/distribucion-editorial\/#breadcrumb","itemListElement":[{"@type":"ListItem","position":1,"name":"Portada","item":"https:\/\/assitej.culturaescenica.es\/gl\/"},{"@type":"ListItem","position":2,"name":"Distribuci\u00f3n editorial"}]},{"@type":"WebSite","@id":"https:\/\/assitej.culturaescenica.es\/gl\/#website","url":"https:\/\/assitej.culturaescenica.es\/gl\/","name":"ASSITEJ Spain","description":"PERFORMING ARTS FOR CHILDREN AND YOUTH","publisher":{"@id":"https:\/\/assitej.culturaescenica.es\/gl\/#organization"},"potentialAction":[{"@type":"SearchAction","target":{"@type":"EntryPoint","urlTemplate":"https:\/\/assitej.culturaescenica.es\/gl\/?s={search_term_string}"},"query-input":{"@type":"PropertyValueSpecification","valueRequired":true,"valueName":"search_term_string"}}],"inLanguage":"en-GB"},{"@type":"Organization","@id":"https:\/\/assitej.culturaescenica.es\/gl\/#organization","name":"ASSITEJ Spain","url":"https:\/\/assitej.culturaescenica.es\/gl\/","logo":{"@type":"ImageObject","inLanguage":"en-GB","@id":"https:\/\/assitej.culturaescenica.es\/gl\/#\/schema\/logo\/image\/","url":"https:\/\/assitej.es\/wp-content\/uploads\/Logo_ASSITEJ_Espana.RGB_2-1.png","contentUrl":"https:\/\/assitej.es\/wp-content\/uploads\/Logo_ASSITEJ_Espana.RGB_2-1.png","width":4934,"height":2287,"caption":"ASSITEJ Espa\u00f1a"},"image":{"@id":"https:\/\/assitej.culturaescenica.es\/gl\/#\/schema\/logo\/image\/"},"sameAs":["https:\/\/www.facebook.com\/assitejespana\/","https:\/\/x.com\/AssitejEspana","https:\/\/www.youtube.com\/channel\/UCv-2SDBzEmyORL5tPvsYgMw"]}]}},"_links":{"self":[{"href":"https:\/\/assitej.culturaescenica.es\/en\/wp-json\/wp\/v2\/pages\/26993","targetHints":{"allow":["GET"]}}],"collection":[{"href":"https:\/\/assitej.culturaescenica.es\/en\/wp-json\/wp\/v2\/pages"}],"about":[{"href":"https:\/\/assitej.culturaescenica.es\/en\/wp-json\/wp\/v2\/types\/page"}],"author":[{"embeddable":true,"href":"https:\/\/assitej.culturaescenica.es\/en\/wp-json\/wp\/v2\/users\/999"}],"replies":[{"embeddable":true,"href":"https:\/\/assitej.culturaescenica.es\/en\/wp-json\/wp\/v2\/comments?post=26993"}],"version-history":[{"count":0,"href":"https:\/\/assitej.culturaescenica.es\/en\/wp-json\/wp\/v2\/pages\/26993\/revisions"}],"wp:attachment":[{"href":"https:\/\/assitej.culturaescenica.es\/en\/wp-json\/wp\/v2\/media?parent=26993"}],"curies":[{"name":"wp","href":"https:\/\/api.w.org\/{rel}","templated":true}]}}