{"id":6612,"date":"2018-11-23T10:51:42","date_gmt":"2018-11-23T09:51:42","guid":{"rendered":"https:\/\/www.assitej.net\/?post_type=product&#038;p=6612"},"modified":"2025-05-05T16:02:00","modified_gmt":"2025-05-05T14:02:00","slug":"don-duardos","status":"publish","type":"product","link":"https:\/\/assitej.culturaescenica.es\/ca\/editorial-assitej\/carmen-martin-gaite\/don-duardos\/","title":{"rendered":"Don Duardos"},"content":{"rendered":"<p><span style=\"font-weight: 400;\">El <em>Don Duardos<\/em> (1978\u20131979) de Carmen Mart\u00edn Gaite est\u00e0 basat en la Tragicom\u00e8dia de <em>Don Duardos<\/em> (1522?) de Gil Vicente (1465\u20131536?), el qual es va inspirar, al seu torn, al<em> Primale\u00f3,<\/em> una novel\u00b7la de cavalleries del segle XVI. El protagonista, Don Duardos, pr\u00edncep d&#039;Anglaterra, arriba a la cort de l&#039;Emperador Palmer\u00ed per desafiar el seu fill Primale\u00f3. En veure la germana del contrincant, la infanta Fl\u00e8rida, Don Duardos se n&#039;enamora i, disfressat d&#039;hortol\u00e0, aconsegueix romandre al seu costat treballant com a jardiner a l&#039;horta reial fins arribar a enamorar-la sense revelar la seva veritable identitat. Gr\u00e0cies als consells i poders m\u00e0gics d&#039;Olimba, una maga protectora, Don Duardos aconseguir\u00e0 l&#039;amor de la infanta superant, fins i tot, les barreres socials aparents que s&#039;imposen entre ells. Fl\u00e8rida, per la seva banda, tindr\u00e0 el valor d&#039;abandonar el seu regne per emprendre amb l&#039;heroi un viatge cap al desconegut.<\/span><\/p>\n<p><span style=\"font-weight: 400;\">Encara que l&#039;obra gira al voltant de les aventures de <em>Don Duardos<\/em> per aconseguir l&#039;amor de Fl\u00e8rida, Olimba s&#039;erigeix com la \u00absegona protagonista\u00bb. Aix\u00ed la va voler recrear Mart\u00edn Gaite. Ella \u00e9s qui realment mou els fils de la trama. Tot i que est\u00e0 enamorada de Don Duardos, renuncia a l&#039;amor, per exercir amb integritat la seva missi\u00f3 de musa i protectora del protagonista. Olimba troba la seva felicitat a ajudar i aconsellar Don Duardos revelant-se com una hero\u00efna independent capa\u00e7 d&#039;eclipsar amb la seva saviesa, maduresa i for\u00e7a moral les qualitats de l&#039;heroi.<\/span><\/p>\n<p>&nbsp;<\/p>","protected":false},"excerpt":{"rendered":"<p><span style=\"font-weight: 400;\">El <em>Don Duardos<\/em> (1978\u20131979) de Carmen Mart\u00edn Gaite est\u00e0 basat en la Tragicom\u00e8dia de <em>Don Duardos<\/em> (1522?) de Gil Vicente (1465\u20131536?), el qual es va inspirar, al seu torn, al<em> Primale\u00f3,<\/em> una novel\u00b7la de cavalleries del segle XVI. El protagonista, Don Duardos, pr\u00edncep d&#039;Anglaterra, arriba a la cort de l&#039;Emperador Palmer\u00ed per desafiar el seu fill Primale\u00f3. En veure la germana del contrincant, la infanta Fl\u00e8rida, Don Duardos se n&#039;enamora i, disfressat d&#039;hortol\u00e0, aconsegueix romandre al seu costat treballant com a jardiner a l&#039;horta reial fins arribar a enamorar-la sense revelar la seva veritable identitat. Gr\u00e0cies als consells i poders m\u00e0gics d&#039;Olimba, una maga protectora, Don Duardos aconseguir\u00e0 l&#039;amor de la infanta superant, fins i tot, les barreres socials aparents que s&#039;imposen entre ells. Fl\u00e8rida, per la seva banda, tindr\u00e0 el valor d&#039;abandonar el seu regne per emprendre amb l&#039;heroi un viatge cap al desconegut.<\/span><\/p>\n<p><span style=\"font-weight: 400;\">Encara que l&#039;obra gira al voltant de les aventures de <em>Don Duardos<\/em> per aconseguir l&#039;amor de Fl\u00e8rida, Olimba s&#039;erigeix com la \u00absegona protagonista\u00bb. Aix\u00ed la va voler recrear Mart\u00edn Gaite. Ella \u00e9s qui realment mou els fils de la trama. Tot i que est\u00e0 enamorada de Don Duardos, renuncia a l&#039;amor, per exercir amb integritat la seva missi\u00f3 de musa i protectora del protagonista. Olimba troba la seva felicitat a ajudar i aconsellar Don Duardos revelant-se com una hero\u00efna independent capa\u00e7 d&#039;eclipsar amb la seva saviesa, maduresa i for\u00e7a moral les qualitats de l&#039;heroi.<\/span><\/p>\n<p>&nbsp;<\/p>","protected":false},"featured_media":24353,"template":"","meta":{"_acf_changed":false,"_links_to":"","_links_to_target":""},"product_brand":[],"product_cat":[2261],"product_tag":[67],"class_list":{"0":"post-6612","1":"product","2":"type-product","3":"status-publish","4":"has-post-thumbnail","6":"product_cat-carmen-martin-gaite","7":"product_tag-coleccion-teatro","8":"infinite-scroll-item","9":"","10":"woocommerce-text-align-left","11":"woocommerce-image-align-center","12":"do-quantity-buttons","14":"first","15":"instock","16":"featured","17":"taxable","18":"shipping-taxable","19":"purchasable","20":"product-type-simple"},"acf":[],"yoast_head":"<!-- This site is optimized with the Yoast SEO plugin v27.1.1 - https:\/\/yoast.com\/product\/yoast-seo-wordpress\/ -->\n<title>Don Duardos - ASSITEJ Espa\u00f1a<\/title>\n<meta name=\"robots\" content=\"index, follow, max-snippet:-1, max-image-preview:large, max-video-preview:-1\" \/>\n<link rel=\"canonical\" href=\"https:\/\/assitej.culturaescenica.es\/ca\/editorial-assitej\/carmen-martin-gaite\/don-duardos\/\" \/>\n<meta property=\"og:locale\" content=\"ca_ES\" \/>\n<meta property=\"og:type\" content=\"article\" \/>\n<meta property=\"og:title\" content=\"Don Duardos - ASSITEJ Espa\u00f1a\" \/>\n<meta property=\"og:description\" content=\"El Don Duardos (1978\u20131979) de Carmen Mart\u00edn Gaite est\u00e1 basado en la Tragicomedia de Don Duardos (\u00bf1522?) de Gil Vicente (\u00bf1465\u20131536?), el cual se inspir\u00f3, a su vez, en el Primale\u00f3n, una novela de caballer\u00edas del siglo XVI. El protagonista, Don Duardos, pr\u00edncipe de Inglaterra, llega a la corte del Emperador Palmer\u00edn para retar a su hijo Primale\u00f3n. Al ver a la hermana del contrincante, la infanta Fl\u00e9rida, Don Duardos se enamora de ella y, disfrazado de hortelano, consigue permanecer a su lado trabajando como jardinero en la huerta real hasta llegar a enamorarla sin revelar su verdadera identidad. Gracias a los consejos y poderes m\u00e1gicos de Olimba, una maga protectora, Don Duardos conseguir\u00e1 el amor de la infanta superando, incluso, las aparentes barreras sociales que se imponen entre ellos. Fl\u00e9rida, por su parte, tendr\u00e1 el valor de abandonar su reino para emprender junto al h\u00e9roe un viaje hacia lo desconocido.  Aunque la obra gira entorno a las aventuras de Don Duardos por conseguir el amor de Fl\u00e9rida, Olimba se erige como la \u00absegunda protagonista\u00bb. As\u00ed quiso recrearla Mart\u00edn Gaite. Ella es quien, realmente, mueve los hilos de la trama. Aunque est\u00e1 enamorada de Don Duardos, renuncia al amor, por ejercer con integridad su misi\u00f3n de musa y protectora del protagonista. Olimba encuentra su felicidad en ayudar y aconsejar a Don Duardos revel\u00e1ndose como una hero\u00edna independiente capaz de eclipsar con su sabidur\u00eda, madurez y fuerza moral las cualidades del h\u00e9roe.  &nbsp;\" \/>\n<meta property=\"og:url\" content=\"https:\/\/assitej.culturaescenica.es\/ca\/editorial-assitej\/carmen-martin-gaite\/don-duardos\/\" \/>\n<meta property=\"og:site_name\" content=\"ASSITEJ Espa\u00f1a\" \/>\n<meta property=\"article:publisher\" content=\"https:\/\/www.facebook.com\/assitejespana\/\" \/>\n<meta property=\"article:modified_time\" content=\"2025-05-05T14:02:00+00:00\" \/>\n<meta property=\"og:image\" content=\"https:\/\/assitej.culturaescenica.es\/wp-content\/uploads\/portada_001-1-1-jpg.webp\" \/>\n\t<meta property=\"og:image:width\" content=\"1095\" \/>\n\t<meta property=\"og:image:height\" content=\"1600\" \/>\n\t<meta property=\"og:image:type\" content=\"image\/jpeg\" \/>\n<meta name=\"twitter:card\" content=\"summary_large_image\" \/>\n<meta name=\"twitter:site\" content=\"@AssitejEspana\" \/>\n<meta name=\"twitter:label1\" content=\"Temps estimat de lectura\" \/>\n\t<meta name=\"twitter:data1\" content=\"1 minut\" \/>\n<script type=\"application\/ld+json\" class=\"yoast-schema-graph\">{\"@context\":\"https:\/\/schema.org\",\"@graph\":[{\"@type\":\"WebPage\",\"@id\":\"https:\/\/assitej.culturaescenica.es\/eu\/editorial-assitej\/carmen-martin-gaite\/don-duardos\/\",\"url\":\"https:\/\/assitej.culturaescenica.es\/eu\/editorial-assitej\/carmen-martin-gaite\/don-duardos\/\",\"name\":\"Don Duardos - ASSITEJ Espa\u00f1a\",\"isPartOf\":{\"@id\":\"https:\/\/assitej.culturaescenica.es\/gl\/#website\"},\"primaryImageOfPage\":{\"@id\":\"https:\/\/assitej.culturaescenica.es\/eu\/editorial-assitej\/carmen-martin-gaite\/don-duardos\/#primaryimage\"},\"image\":{\"@id\":\"https:\/\/assitej.culturaescenica.es\/eu\/editorial-assitej\/carmen-martin-gaite\/don-duardos\/#primaryimage\"},\"thumbnailUrl\":\"https:\/\/assitej.culturaescenica.es\/wp-content\/uploads\/portada_001-1-1-jpg.webp\",\"datePublished\":\"2018-11-23T09:51:42+00:00\",\"dateModified\":\"2025-05-05T14:02:00+00:00\",\"breadcrumb\":{\"@id\":\"https:\/\/assitej.culturaescenica.es\/eu\/editorial-assitej\/carmen-martin-gaite\/don-duardos\/#breadcrumb\"},\"inLanguage\":\"ca\",\"potentialAction\":[{\"@type\":\"ReadAction\",\"target\":[\"https:\/\/assitej.culturaescenica.es\/eu\/editorial-assitej\/carmen-martin-gaite\/don-duardos\/\"]}]},{\"@type\":\"ImageObject\",\"inLanguage\":\"ca\",\"@id\":\"https:\/\/assitej.culturaescenica.es\/eu\/editorial-assitej\/carmen-martin-gaite\/don-duardos\/#primaryimage\",\"url\":\"https:\/\/assitej.culturaescenica.es\/wp-content\/uploads\/portada_001-1-1-jpg.webp\",\"contentUrl\":\"https:\/\/assitej.culturaescenica.es\/wp-content\/uploads\/portada_001-1-1-jpg.webp\",\"width\":1095,\"height\":1600},{\"@type\":\"BreadcrumbList\",\"@id\":\"https:\/\/assitej.culturaescenica.es\/eu\/editorial-assitej\/carmen-martin-gaite\/don-duardos\/#breadcrumb\",\"itemListElement\":[{\"@type\":\"ListItem\",\"position\":1,\"name\":\"Portada\",\"item\":\"https:\/\/assitej.culturaescenica.es\/gl\/\"},{\"@type\":\"ListItem\",\"position\":2,\"name\":\"Editorial Assitej\",\"item\":\"https:\/\/assitej.culturaescenica.es\/es_es\/editorial-assitej\/\"},{\"@type\":\"ListItem\",\"position\":3,\"name\":\"Don Duardos\"}]},{\"@type\":\"WebSite\",\"@id\":\"https:\/\/assitej.culturaescenica.es\/gl\/#website\",\"url\":\"https:\/\/assitej.culturaescenica.es\/gl\/\",\"name\":\"ASSITEJ Espa\u00f1a\",\"description\":\"ARTES ESC\u00c9NICAS PARA LA INFANCIA Y LA JUVENTUD\",\"publisher\":{\"@id\":\"https:\/\/assitej.culturaescenica.es\/gl\/#organization\"},\"potentialAction\":[{\"@type\":\"SearchAction\",\"target\":{\"@type\":\"EntryPoint\",\"urlTemplate\":\"https:\/\/assitej.culturaescenica.es\/gl\/?s={search_term_string}\"},\"query-input\":{\"@type\":\"PropertyValueSpecification\",\"valueRequired\":true,\"valueName\":\"search_term_string\"}}],\"inLanguage\":\"ca\"},{\"@type\":\"Organization\",\"@id\":\"https:\/\/assitej.culturaescenica.es\/gl\/#organization\",\"name\":\"ASSITEJ Espa\u00f1a\",\"url\":\"https:\/\/assitej.culturaescenica.es\/gl\/\",\"logo\":{\"@type\":\"ImageObject\",\"inLanguage\":\"ca\",\"@id\":\"https:\/\/assitej.culturaescenica.es\/gl\/#\/schema\/logo\/image\/\",\"url\":\"https:\/\/assitej.es\/wp-content\/uploads\/Logo_ASSITEJ_Espana.RGB_2-1.png\",\"contentUrl\":\"https:\/\/assitej.es\/wp-content\/uploads\/Logo_ASSITEJ_Espana.RGB_2-1.png\",\"width\":4934,\"height\":2287,\"caption\":\"ASSITEJ Espa\u00f1a\"},\"image\":{\"@id\":\"https:\/\/assitej.culturaescenica.es\/gl\/#\/schema\/logo\/image\/\"},\"sameAs\":[\"https:\/\/www.facebook.com\/assitejespana\/\",\"https:\/\/x.com\/AssitejEspana\",\"https:\/\/www.youtube.com\/channel\/UCv-2SDBzEmyORL5tPvsYgMw\"]}]}<\/script>\n<!-- \/ Yoast SEO plugin. -->","yoast_head_json":{"title":"Don Duardos - ASSITEJ Espanya","robots":{"index":"index","follow":"follow","max-snippet":"max-snippet:-1","max-image-preview":"max-image-preview:large","max-video-preview":"max-video-preview:-1"},"canonical":"https:\/\/assitej.culturaescenica.es\/ca\/editorial-assitej\/carmen-martin-gaite\/don-duardos\/","og_locale":"ca_ES","og_type":"article","og_title":"Don Duardos - ASSITEJ Espa\u00f1a","og_description":"El Don Duardos (1978\u20131979) de Carmen Mart\u00edn Gaite est\u00e1 basado en la Tragicomedia de Don Duardos (\u00bf1522?) de Gil Vicente (\u00bf1465\u20131536?), el cual se inspir\u00f3, a su vez, en el Primale\u00f3n, una novela de caballer\u00edas del siglo XVI. El protagonista, Don Duardos, pr\u00edncipe de Inglaterra, llega a la corte del Emperador Palmer\u00edn para retar a su hijo Primale\u00f3n. Al ver a la hermana del contrincante, la infanta Fl\u00e9rida, Don Duardos se enamora de ella y, disfrazado de hortelano, consigue permanecer a su lado trabajando como jardinero en la huerta real hasta llegar a enamorarla sin revelar su verdadera identidad. Gracias a los consejos y poderes m\u00e1gicos de Olimba, una maga protectora, Don Duardos conseguir\u00e1 el amor de la infanta superando, incluso, las aparentes barreras sociales que se imponen entre ellos. Fl\u00e9rida, por su parte, tendr\u00e1 el valor de abandonar su reino para emprender junto al h\u00e9roe un viaje hacia lo desconocido.  Aunque la obra gira entorno a las aventuras de Don Duardos por conseguir el amor de Fl\u00e9rida, Olimba se erige como la \u00absegunda protagonista\u00bb. As\u00ed quiso recrearla Mart\u00edn Gaite. Ella es quien, realmente, mueve los hilos de la trama. Aunque est\u00e1 enamorada de Don Duardos, renuncia al amor, por ejercer con integridad su misi\u00f3n de musa y protectora del protagonista. Olimba encuentra su felicidad en ayudar y aconsejar a Don Duardos revel\u00e1ndose como una hero\u00edna independiente capaz de eclipsar con su sabidur\u00eda, madurez y fuerza moral las cualidades del h\u00e9roe.  &nbsp;","og_url":"https:\/\/assitej.culturaescenica.es\/ca\/editorial-assitej\/carmen-martin-gaite\/don-duardos\/","og_site_name":"ASSITEJ Espa\u00f1a","article_publisher":"https:\/\/www.facebook.com\/assitejespana\/","article_modified_time":"2025-05-05T14:02:00+00:00","og_image":[{"width":1095,"height":1600,"url":"https:\/\/assitej.culturaescenica.es\/wp-content\/uploads\/portada_001-1-1-jpg.webp","type":"image\/jpeg"}],"twitter_card":"summary_large_image","twitter_site":"@AssitejEspana","twitter_misc":{"Temps estimat de lectura":"1 minut"},"schema":{"@context":"https:\/\/schema.org","@graph":[{"@type":"WebPage","@id":"https:\/\/assitej.culturaescenica.es\/eu\/editorial-assitej\/carmen-martin-gaite\/don-duardos\/","url":"https:\/\/assitej.culturaescenica.es\/eu\/editorial-assitej\/carmen-martin-gaite\/don-duardos\/","name":"Don Duardos - ASSITEJ Espanya","isPartOf":{"@id":"https:\/\/assitej.culturaescenica.es\/gl\/#website"},"primaryImageOfPage":{"@id":"https:\/\/assitej.culturaescenica.es\/eu\/editorial-assitej\/carmen-martin-gaite\/don-duardos\/#primaryimage"},"image":{"@id":"https:\/\/assitej.culturaescenica.es\/eu\/editorial-assitej\/carmen-martin-gaite\/don-duardos\/#primaryimage"},"thumbnailUrl":"https:\/\/assitej.culturaescenica.es\/wp-content\/uploads\/portada_001-1-1-jpg.webp","datePublished":"2018-11-23T09:51:42+00:00","dateModified":"2025-05-05T14:02:00+00:00","breadcrumb":{"@id":"https:\/\/assitej.culturaescenica.es\/eu\/editorial-assitej\/carmen-martin-gaite\/don-duardos\/#breadcrumb"},"inLanguage":"ca","potentialAction":[{"@type":"ReadAction","target":["https:\/\/assitej.culturaescenica.es\/eu\/editorial-assitej\/carmen-martin-gaite\/don-duardos\/"]}]},{"@type":"ImageObject","inLanguage":"ca","@id":"https:\/\/assitej.culturaescenica.es\/eu\/editorial-assitej\/carmen-martin-gaite\/don-duardos\/#primaryimage","url":"https:\/\/assitej.culturaescenica.es\/wp-content\/uploads\/portada_001-1-1-jpg.webp","contentUrl":"https:\/\/assitej.culturaescenica.es\/wp-content\/uploads\/portada_001-1-1-jpg.webp","width":1095,"height":1600},{"@type":"BreadcrumbList","@id":"https:\/\/assitej.culturaescenica.es\/eu\/editorial-assitej\/carmen-martin-gaite\/don-duardos\/#breadcrumb","itemListElement":[{"@type":"ListItem","position":1,"name":"Portada","item":"https:\/\/assitej.culturaescenica.es\/gl\/"},{"@type":"ListItem","position":2,"name":"Editorial Assitej","item":"https:\/\/assitej.culturaescenica.es\/es_es\/editorial-assitej\/"},{"@type":"ListItem","position":3,"name":"Don Duardos"}]},{"@type":"WebSite","@id":"https:\/\/assitej.culturaescenica.es\/gl\/#website","url":"https:\/\/assitej.culturaescenica.es\/gl\/","name":"ASSITEJ Espanya","description":"ARTS ESC\u00c8NIQUES PER A LA INF\u00c0NCIA I LA JOVENTUT","publisher":{"@id":"https:\/\/assitej.culturaescenica.es\/gl\/#organization"},"potentialAction":[{"@type":"SearchAction","target":{"@type":"EntryPoint","urlTemplate":"https:\/\/assitej.culturaescenica.es\/gl\/?s={search_term_string}"},"query-input":{"@type":"PropertyValueSpecification","valueRequired":true,"valueName":"search_term_string"}}],"inLanguage":"ca"},{"@type":"Organization","@id":"https:\/\/assitej.culturaescenica.es\/gl\/#organization","name":"ASSITEJ Espanya","url":"https:\/\/assitej.culturaescenica.es\/gl\/","logo":{"@type":"ImageObject","inLanguage":"ca","@id":"https:\/\/assitej.culturaescenica.es\/gl\/#\/schema\/logo\/image\/","url":"https:\/\/assitej.es\/wp-content\/uploads\/Logo_ASSITEJ_Espana.RGB_2-1.png","contentUrl":"https:\/\/assitej.es\/wp-content\/uploads\/Logo_ASSITEJ_Espana.RGB_2-1.png","width":4934,"height":2287,"caption":"ASSITEJ Espa\u00f1a"},"image":{"@id":"https:\/\/assitej.culturaescenica.es\/gl\/#\/schema\/logo\/image\/"},"sameAs":["https:\/\/www.facebook.com\/assitejespana\/","https:\/\/x.com\/AssitejEspana","https:\/\/www.youtube.com\/channel\/UCv-2SDBzEmyORL5tPvsYgMw"]}]}},"_links":{"self":[{"href":"https:\/\/assitej.culturaescenica.es\/ca\/wp-json\/wp\/v2\/product\/6612","targetHints":{"allow":["GET"]}}],"collection":[{"href":"https:\/\/assitej.culturaescenica.es\/ca\/wp-json\/wp\/v2\/product"}],"about":[{"href":"https:\/\/assitej.culturaescenica.es\/ca\/wp-json\/wp\/v2\/types\/product"}],"wp:featuredmedia":[{"embeddable":true,"href":"https:\/\/assitej.culturaescenica.es\/ca\/wp-json\/wp\/v2\/media\/24353"}],"wp:attachment":[{"href":"https:\/\/assitej.culturaescenica.es\/ca\/wp-json\/wp\/v2\/media?parent=6612"}],"wp:term":[{"taxonomy":"product_brand","embeddable":true,"href":"https:\/\/assitej.culturaescenica.es\/ca\/wp-json\/wp\/v2\/product_brand?post=6612"},{"taxonomy":"product_cat","embeddable":true,"href":"https:\/\/assitej.culturaescenica.es\/ca\/wp-json\/wp\/v2\/product_cat?post=6612"},{"taxonomy":"product_tag","embeddable":true,"href":"https:\/\/assitej.culturaescenica.es\/ca\/wp-json\/wp\/v2\/product_tag?post=6612"}],"curies":[{"name":"wp","href":"https:\/\/api.w.org\/{rel}","templated":true}]}}