{"id":6583,"date":"2018-11-23T10:05:23","date_gmt":"2018-11-23T09:05:23","guid":{"rendered":"https:\/\/www.assitej.net\/?post_type=product&#038;p=6583"},"modified":"2025-05-05T16:02:00","modified_gmt":"2025-05-05T14:02:00","slug":"tres-hermanitas","status":"publish","type":"product","link":"https:\/\/assitej.culturaescenica.es\/ca\/editorial-assitej\/suzanne-lebeau\/tres-hermanitas\/","title":{"rendered":"tres Germanetes"},"content":{"rendered":"<p>Tres hermanitas, de Suzanne Lebeau.<\/p>\n<p>Hi ha paraules que ens costa de pronunciar. La paraula c\u00e0ncer n&#039;\u00e9s una. I es torna insuportable quan la paraula, la malaltia, la pateixen les nenes i els nens. A Alice, la germaneta del medi, li han detectat c\u00e0ncer. Suzanne Lebeau, que sap que adults i nens vivim al mateix m\u00f3n, ens explica a <em>Tres germanetes<\/em> la lluita d&#039;Alice i la seva fam\u00edlia contra la malaltia. La vida mai tornar\u00e0 a la<br \/>\nnormalitat, per\u00f2 les germanes d&#039;Alice, la seva mare i el seu pare ens ensenyen que es pot, a m\u00e9s d&#039;aprendre a conviure amb el dolor, convertir-lo en un record llumin\u00f3s.<br \/>\nSuzanne Lebeau, una de les veus m\u00e9s valuoses del teatre internacional, ens demostra, una vegada m\u00e9s, que no existeixen els temes tab\u00fa al teatre per a la inf\u00e0ncia i la joventut. A la Col\u00b7lecci\u00f3 Internacional d&#039;ASSITEJ Espanya tamb\u00e9 estan publicades les seves obres <em>el ogrito<\/em> i <em>Sabates de sorra<\/em><br \/>\n.<\/p>","protected":false},"excerpt":{"rendered":"<p>Hi ha paraules que ens costa de pronunciar. La paraula c\u00e0ncer n&#039;\u00e9s una. I es torna insuportable quan la paraula, la malaltia, la pateixen les nenes i els nens. A Alice, la germaneta del medi, li han detectat c\u00e0ncer. Suzanne Lebeau, que sap que adults i nens vivim al mateix m\u00f3n, ens explica a <em>Tres germanetes<\/em> la lluita d&#039;Alice i la seva fam\u00edlia contra la malaltia. La vida mai tornar\u00e0 a la<br \/>\nnormalitat, per\u00f2 les germanes d&#039;Alice, la seva mare i el seu pare ens ensenyen que es pot, a m\u00e9s d&#039;aprendre a conviure amb el dolor, convertir-lo en un record llumin\u00f3s.<br \/>\nSuzanne Lebeau, una de les veus m\u00e9s valuoses del teatre internacional, ens demostra, una vegada m\u00e9s, que no existeixen els temes tab\u00fa al teatre per a la inf\u00e0ncia i la joventut. A la Col\u00b7lecci\u00f3 Internacional d&#039;ASSITEJ Espanya tamb\u00e9 estan publicades les seves obres <em>el ogrito<\/em> i <em>Sabates de sorra<\/em><br \/>\n.<\/p>","protected":false},"featured_media":24352,"template":"","meta":{"_acf_changed":false,"_links_to":"","_links_to_target":""},"product_brand":[],"product_cat":[115],"product_tag":[122],"class_list":{"0":"post-6583","1":"product","2":"type-product","3":"status-publish","4":"has-post-thumbnail","6":"product_cat-suzanne-lebeau","7":"product_tag-coleccion-internacional","8":"infinite-scroll-item","9":"","10":"woocommerce-text-align-left","11":"woocommerce-image-align-center","12":"do-quantity-buttons","13":"wc-has-gallery","15":"first","16":"instock","17":"taxable","18":"shipping-taxable","19":"purchasable","20":"product-type-simple"},"acf":[],"yoast_head":"<!-- This site is optimized with the Yoast SEO plugin v27.1.1 - https:\/\/yoast.com\/product\/yoast-seo-wordpress\/ -->\n<title>Tres hermanitas, de Suzanne Lebeau | ASSITEJ ESpa\u00f1a<\/title>\n<meta name=\"description\" content=\"Tres hermanitas, de Suzanne Lebeau. Hay palabras que nos cuesta pronunciar. La palabra c\u00e1ncer es una de ellas. Y se vuelve insoportable cuando la palabra, la enfermedad, la sufren las ni\u00f1as y los ni\u00f1os.\" \/>\n<meta name=\"robots\" content=\"index, follow, max-snippet:-1, max-image-preview:large, max-video-preview:-1\" \/>\n<link rel=\"canonical\" href=\"https:\/\/assitej.culturaescenica.es\/ca\/editorial-assitej\/suzanne-lebeau\/tres-hermanitas\/\" \/>\n<meta property=\"og:locale\" content=\"ca_ES\" \/>\n<meta property=\"og:type\" content=\"article\" \/>\n<meta property=\"og:title\" content=\"Tres hermanitas, de Suzanne Lebeau | ASSITEJ ESpa\u00f1a\" \/>\n<meta property=\"og:description\" content=\"Tres hermanitas, de Suzanne Lebeau. Hay palabras que nos cuesta pronunciar. La palabra c\u00e1ncer es una de ellas. Y se vuelve insoportable cuando la palabra, la enfermedad, la sufren las ni\u00f1as y los ni\u00f1os.\" \/>\n<meta property=\"og:url\" content=\"https:\/\/assitej.culturaescenica.es\/ca\/editorial-assitej\/suzanne-lebeau\/tres-hermanitas\/\" \/>\n<meta property=\"og:site_name\" content=\"ASSITEJ Espa\u00f1a\" \/>\n<meta property=\"article:publisher\" content=\"https:\/\/www.facebook.com\/assitejespana\/\" \/>\n<meta property=\"article:modified_time\" content=\"2025-05-05T14:02:00+00:00\" \/>\n<meta property=\"og:image\" content=\"https:\/\/assitej.culturaescenica.es\/wp-content\/uploads\/portada_001-3-jpg.webp\" \/>\n\t<meta property=\"og:image:width\" content=\"1099\" \/>\n\t<meta property=\"og:image:height\" content=\"1600\" \/>\n\t<meta property=\"og:image:type\" content=\"image\/jpeg\" \/>\n<meta name=\"twitter:card\" content=\"summary_large_image\" \/>\n<meta name=\"twitter:site\" content=\"@AssitejEspana\" \/>\n<meta name=\"twitter:label1\" content=\"Temps estimat de lectura\" \/>\n\t<meta name=\"twitter:data1\" content=\"1 minut\" \/>\n<script type=\"application\/ld+json\" class=\"yoast-schema-graph\">{\"@context\":\"https:\/\/schema.org\",\"@graph\":[{\"@type\":\"WebPage\",\"@id\":\"https:\/\/assitej.culturaescenica.es\/eu\/editorial-assitej\/suzanne-lebeau\/tres-hermanitas\/\",\"url\":\"https:\/\/assitej.culturaescenica.es\/eu\/editorial-assitej\/suzanne-lebeau\/tres-hermanitas\/\",\"name\":\"Tres hermanitas, de Suzanne Lebeau | ASSITEJ ESpa\u00f1a\",\"isPartOf\":{\"@id\":\"https:\/\/assitej.culturaescenica.es\/gl\/#website\"},\"primaryImageOfPage\":{\"@id\":\"https:\/\/assitej.culturaescenica.es\/eu\/editorial-assitej\/suzanne-lebeau\/tres-hermanitas\/#primaryimage\"},\"image\":{\"@id\":\"https:\/\/assitej.culturaescenica.es\/eu\/editorial-assitej\/suzanne-lebeau\/tres-hermanitas\/#primaryimage\"},\"thumbnailUrl\":\"https:\/\/assitej.culturaescenica.es\/wp-content\/uploads\/portada_001-3-jpg.webp\",\"datePublished\":\"2018-11-23T09:05:23+00:00\",\"dateModified\":\"2025-05-05T14:02:00+00:00\",\"description\":\"Tres hermanitas, de Suzanne Lebeau. Hay palabras que nos cuesta pronunciar. La palabra c\u00e1ncer es una de ellas. Y se vuelve insoportable cuando la palabra, la enfermedad, la sufren las ni\u00f1as y los ni\u00f1os.\",\"breadcrumb\":{\"@id\":\"https:\/\/assitej.culturaescenica.es\/eu\/editorial-assitej\/suzanne-lebeau\/tres-hermanitas\/#breadcrumb\"},\"inLanguage\":\"ca\",\"potentialAction\":[{\"@type\":\"ReadAction\",\"target\":[\"https:\/\/assitej.culturaescenica.es\/eu\/editorial-assitej\/suzanne-lebeau\/tres-hermanitas\/\"]}]},{\"@type\":\"ImageObject\",\"inLanguage\":\"ca\",\"@id\":\"https:\/\/assitej.culturaescenica.es\/eu\/editorial-assitej\/suzanne-lebeau\/tres-hermanitas\/#primaryimage\",\"url\":\"https:\/\/assitej.culturaescenica.es\/wp-content\/uploads\/portada_001-3-jpg.webp\",\"contentUrl\":\"https:\/\/assitej.culturaescenica.es\/wp-content\/uploads\/portada_001-3-jpg.webp\",\"width\":1099,\"height\":1600},{\"@type\":\"BreadcrumbList\",\"@id\":\"https:\/\/assitej.culturaescenica.es\/eu\/editorial-assitej\/suzanne-lebeau\/tres-hermanitas\/#breadcrumb\",\"itemListElement\":[{\"@type\":\"ListItem\",\"position\":1,\"name\":\"Portada\",\"item\":\"https:\/\/assitej.culturaescenica.es\/gl\/\"},{\"@type\":\"ListItem\",\"position\":2,\"name\":\"Editorial Assitej\",\"item\":\"https:\/\/assitej.culturaescenica.es\/es_es\/editorial-assitej\/\"},{\"@type\":\"ListItem\",\"position\":3,\"name\":\"Tres Hermanitas\"}]},{\"@type\":\"WebSite\",\"@id\":\"https:\/\/assitej.culturaescenica.es\/gl\/#website\",\"url\":\"https:\/\/assitej.culturaescenica.es\/gl\/\",\"name\":\"ASSITEJ Espa\u00f1a\",\"description\":\"ARTES ESC\u00c9NICAS PARA LA INFANCIA Y LA JUVENTUD\",\"publisher\":{\"@id\":\"https:\/\/assitej.culturaescenica.es\/gl\/#organization\"},\"potentialAction\":[{\"@type\":\"SearchAction\",\"target\":{\"@type\":\"EntryPoint\",\"urlTemplate\":\"https:\/\/assitej.culturaescenica.es\/gl\/?s={search_term_string}\"},\"query-input\":{\"@type\":\"PropertyValueSpecification\",\"valueRequired\":true,\"valueName\":\"search_term_string\"}}],\"inLanguage\":\"ca\"},{\"@type\":\"Organization\",\"@id\":\"https:\/\/assitej.culturaescenica.es\/gl\/#organization\",\"name\":\"ASSITEJ Espa\u00f1a\",\"url\":\"https:\/\/assitej.culturaescenica.es\/gl\/\",\"logo\":{\"@type\":\"ImageObject\",\"inLanguage\":\"ca\",\"@id\":\"https:\/\/assitej.culturaescenica.es\/gl\/#\/schema\/logo\/image\/\",\"url\":\"https:\/\/assitej.es\/wp-content\/uploads\/Logo_ASSITEJ_Espana.RGB_2-1.png\",\"contentUrl\":\"https:\/\/assitej.es\/wp-content\/uploads\/Logo_ASSITEJ_Espana.RGB_2-1.png\",\"width\":4934,\"height\":2287,\"caption\":\"ASSITEJ Espa\u00f1a\"},\"image\":{\"@id\":\"https:\/\/assitej.culturaescenica.es\/gl\/#\/schema\/logo\/image\/\"},\"sameAs\":[\"https:\/\/www.facebook.com\/assitejespana\/\",\"https:\/\/x.com\/AssitejEspana\",\"https:\/\/www.youtube.com\/channel\/UCv-2SDBzEmyORL5tPvsYgMw\"]}]}<\/script>\n<!-- \/ Yoast SEO plugin. -->","yoast_head_json":{"title":"Tres germanetes, de Suzanne Lebeau | ASSITEJ ESPANYA","description":"Tres germanetes, de Suzanne Lebeau. Hi ha paraules que ens costa de pronunciar. La paraula c\u00e0ncer n&#039;\u00e9s una. I es torna insuportable quan la paraula, la malaltia, la pateixen les nenes i els nens.","robots":{"index":"index","follow":"follow","max-snippet":"max-snippet:-1","max-image-preview":"max-image-preview:large","max-video-preview":"max-video-preview:-1"},"canonical":"https:\/\/assitej.culturaescenica.es\/ca\/editorial-assitej\/suzanne-lebeau\/tres-hermanitas\/","og_locale":"ca_ES","og_type":"article","og_title":"Tres hermanitas, de Suzanne Lebeau | ASSITEJ ESpa\u00f1a","og_description":"Tres hermanitas, de Suzanne Lebeau. Hay palabras que nos cuesta pronunciar. La palabra c\u00e1ncer es una de ellas. Y se vuelve insoportable cuando la palabra, la enfermedad, la sufren las ni\u00f1as y los ni\u00f1os.","og_url":"https:\/\/assitej.culturaescenica.es\/ca\/editorial-assitej\/suzanne-lebeau\/tres-hermanitas\/","og_site_name":"ASSITEJ Espa\u00f1a","article_publisher":"https:\/\/www.facebook.com\/assitejespana\/","article_modified_time":"2025-05-05T14:02:00+00:00","og_image":[{"width":1099,"height":1600,"url":"https:\/\/assitej.culturaescenica.es\/wp-content\/uploads\/portada_001-3-jpg.webp","type":"image\/jpeg"}],"twitter_card":"summary_large_image","twitter_site":"@AssitejEspana","twitter_misc":{"Temps estimat de lectura":"1 minut"},"schema":{"@context":"https:\/\/schema.org","@graph":[{"@type":"WebPage","@id":"https:\/\/assitej.culturaescenica.es\/eu\/editorial-assitej\/suzanne-lebeau\/tres-hermanitas\/","url":"https:\/\/assitej.culturaescenica.es\/eu\/editorial-assitej\/suzanne-lebeau\/tres-hermanitas\/","name":"Tres germanetes, de Suzanne Lebeau | ASSITEJ ESPANYA","isPartOf":{"@id":"https:\/\/assitej.culturaescenica.es\/gl\/#website"},"primaryImageOfPage":{"@id":"https:\/\/assitej.culturaescenica.es\/eu\/editorial-assitej\/suzanne-lebeau\/tres-hermanitas\/#primaryimage"},"image":{"@id":"https:\/\/assitej.culturaescenica.es\/eu\/editorial-assitej\/suzanne-lebeau\/tres-hermanitas\/#primaryimage"},"thumbnailUrl":"https:\/\/assitej.culturaescenica.es\/wp-content\/uploads\/portada_001-3-jpg.webp","datePublished":"2018-11-23T09:05:23+00:00","dateModified":"2025-05-05T14:02:00+00:00","description":"Tres germanetes, de Suzanne Lebeau. Hi ha paraules que ens costa de pronunciar. La paraula c\u00e0ncer n&#039;\u00e9s una. I es torna insuportable quan la paraula, la malaltia, la pateixen les nenes i els nens.","breadcrumb":{"@id":"https:\/\/assitej.culturaescenica.es\/eu\/editorial-assitej\/suzanne-lebeau\/tres-hermanitas\/#breadcrumb"},"inLanguage":"ca","potentialAction":[{"@type":"ReadAction","target":["https:\/\/assitej.culturaescenica.es\/eu\/editorial-assitej\/suzanne-lebeau\/tres-hermanitas\/"]}]},{"@type":"ImageObject","inLanguage":"ca","@id":"https:\/\/assitej.culturaescenica.es\/eu\/editorial-assitej\/suzanne-lebeau\/tres-hermanitas\/#primaryimage","url":"https:\/\/assitej.culturaescenica.es\/wp-content\/uploads\/portada_001-3-jpg.webp","contentUrl":"https:\/\/assitej.culturaescenica.es\/wp-content\/uploads\/portada_001-3-jpg.webp","width":1099,"height":1600},{"@type":"BreadcrumbList","@id":"https:\/\/assitej.culturaescenica.es\/eu\/editorial-assitej\/suzanne-lebeau\/tres-hermanitas\/#breadcrumb","itemListElement":[{"@type":"ListItem","position":1,"name":"Portada","item":"https:\/\/assitej.culturaescenica.es\/gl\/"},{"@type":"ListItem","position":2,"name":"Editorial Assitej","item":"https:\/\/assitej.culturaescenica.es\/es_es\/editorial-assitej\/"},{"@type":"ListItem","position":3,"name":"Tres Hermanitas"}]},{"@type":"WebSite","@id":"https:\/\/assitej.culturaescenica.es\/gl\/#website","url":"https:\/\/assitej.culturaescenica.es\/gl\/","name":"ASSITEJ Espanya","description":"ARTS ESC\u00c8NIQUES PER A LA INF\u00c0NCIA I LA JOVENTUT","publisher":{"@id":"https:\/\/assitej.culturaescenica.es\/gl\/#organization"},"potentialAction":[{"@type":"SearchAction","target":{"@type":"EntryPoint","urlTemplate":"https:\/\/assitej.culturaescenica.es\/gl\/?s={search_term_string}"},"query-input":{"@type":"PropertyValueSpecification","valueRequired":true,"valueName":"search_term_string"}}],"inLanguage":"ca"},{"@type":"Organization","@id":"https:\/\/assitej.culturaescenica.es\/gl\/#organization","name":"ASSITEJ Espanya","url":"https:\/\/assitej.culturaescenica.es\/gl\/","logo":{"@type":"ImageObject","inLanguage":"ca","@id":"https:\/\/assitej.culturaescenica.es\/gl\/#\/schema\/logo\/image\/","url":"https:\/\/assitej.es\/wp-content\/uploads\/Logo_ASSITEJ_Espana.RGB_2-1.png","contentUrl":"https:\/\/assitej.es\/wp-content\/uploads\/Logo_ASSITEJ_Espana.RGB_2-1.png","width":4934,"height":2287,"caption":"ASSITEJ Espa\u00f1a"},"image":{"@id":"https:\/\/assitej.culturaescenica.es\/gl\/#\/schema\/logo\/image\/"},"sameAs":["https:\/\/www.facebook.com\/assitejespana\/","https:\/\/x.com\/AssitejEspana","https:\/\/www.youtube.com\/channel\/UCv-2SDBzEmyORL5tPvsYgMw"]}]}},"_links":{"self":[{"href":"https:\/\/assitej.culturaescenica.es\/ca\/wp-json\/wp\/v2\/product\/6583","targetHints":{"allow":["GET"]}}],"collection":[{"href":"https:\/\/assitej.culturaescenica.es\/ca\/wp-json\/wp\/v2\/product"}],"about":[{"href":"https:\/\/assitej.culturaescenica.es\/ca\/wp-json\/wp\/v2\/types\/product"}],"wp:featuredmedia":[{"embeddable":true,"href":"https:\/\/assitej.culturaescenica.es\/ca\/wp-json\/wp\/v2\/media\/24352"}],"wp:attachment":[{"href":"https:\/\/assitej.culturaescenica.es\/ca\/wp-json\/wp\/v2\/media?parent=6583"}],"wp:term":[{"taxonomy":"product_brand","embeddable":true,"href":"https:\/\/assitej.culturaescenica.es\/ca\/wp-json\/wp\/v2\/product_brand?post=6583"},{"taxonomy":"product_cat","embeddable":true,"href":"https:\/\/assitej.culturaescenica.es\/ca\/wp-json\/wp\/v2\/product_cat?post=6583"},{"taxonomy":"product_tag","embeddable":true,"href":"https:\/\/assitej.culturaescenica.es\/ca\/wp-json\/wp\/v2\/product_tag?post=6583"}],"curies":[{"name":"wp","href":"https:\/\/api.w.org\/{rel}","templated":true}]}}