{"id":4894,"date":"2017-06-06T15:54:56","date_gmt":"2017-06-06T14:54:56","guid":{"rendered":"https:\/\/www.assitej.net\/?post_type=product&#038;p=4894"},"modified":"2025-05-18T19:07:14","modified_gmt":"2025-05-18T17:07:14","slug":"boletin-iberoamericano-de-teatro-12","status":"publish","type":"product","link":"https:\/\/assitej.culturaescenica.es\/ca\/editorial-assitej\/sin-categoria\/boletin-iberoamericano-de-teatro-12\/","title":{"rendered":"Butllet\u00ed Iberoameric\u00e0 de Teatre 12"},"content":{"rendered":"<p>&nbsp;<\/p>\n<p>IV FORO INTERNACIONAL DE INVESTIGADORES Y CR\u00cdTICOS DE TEATRO PARA NI\u00d1OS Y J\u00d3VENES<\/p>\n<p><strong><em>Introducci\u00f3n<\/em><\/strong><\/p>\n<p><strong>Pr\u00f3logo<\/strong><\/p>\n<p>Nora L\u00eda Sormani, Lita Llagostera<\/p>\n<p>CONFER\u00c8NCIES INAUGURALS<\/p>\n<p><strong>Teatro para j\u00f3venes en el siglo XXI: \u00bfQu\u00e9 es? <\/strong><\/p>\n<p><strong>\u00bfC\u00f3mo es? \u00bfPara qui\u00e9n es? La meta\u2013pregunta<\/strong><\/p>\n<p>Manon van de Water<\/p>\n<p><strong>Creciendo como espectadores: del inicio de la simbolizaci\u00f3n a la autonom\u00eda creativa<\/strong><\/p>\n<p>Mar\u00eda Elsa Chapato<\/p>\n<p>CONFERENCIA MAGISTRAL<\/p>\n<p>Ser humano \u2014El primer teatro<\/p>\n<p>Asaya Fujita<\/p>\n<p>PON\u00c8NCIES<\/p>\n<p><strong>Reflexiones sobre el Teatro para beb\u00e9s desde <\/strong><\/p>\n<p><strong>la psicolog\u00eda del desarrollo<\/strong><\/p>\n<p>Guillermo A. Dill\u00f3n<\/p>\n<p><strong>Experiencia ITO. Teatro para beb\u00e9s<\/strong><\/p>\n<p>Carla Rodr\u00edguez<\/p>\n<p><strong>Storyworks: Una alquimia de edad, lenguaje y est\u00e9tica en el teatro educativo para construir relaciones<\/strong><\/p>\n<p>Kate Bessey<\/p>\n<p><strong>Hay que saber frotar el mundo para hacerlo brillar. <\/strong><\/p>\n<p><strong>La pesquisa como herramienta pedag\u00f3gica en el teatro para adolescentes. Teatro y adolescencia<\/strong><\/p>\n<p>Flavia Gresores Lew<\/p>\n<p><strong>\u00bfQu\u00e9 es el teatro para los adolescentes finlandeses?<\/strong><\/p>\n<p>Marianna Mets\u00e4lampi<\/p>\n<p><strong>Obra Edad Abierta. Fundamentos comparados entre dos espect\u00e1culos de t\u00edteres \u00abpara cada edad\u00bb<\/strong><\/p>\n<p>Ivo Siffredi<\/p>\n<p><strong>El teatro para beb\u00e9s: un encuentro geneal\u00f3gico<\/strong><\/p>\n<p>Fernanda Alvarenga Cabral<\/p>\n<p><strong>Palabras, sonidos e im\u00e1genes&#8230;<\/strong><\/p>\n<p>Marianela L\u00f3pez, Alida Estela Vega<\/p>\n<p><strong>El nacimiento del teatro para beb\u00e9s en M\u00e9xico<\/strong><\/p>\n<p>Michelle Guerra Adame<\/p>\n<p><strong>El desarrollo psicosensorial del ni\u00f1o en el <\/strong><\/p>\n<p><strong>teatro para j\u00f3venes espectadores<\/strong><\/p>\n<p>Mar\u00eda Sep\u00falveda Balab\u00e1n, Layla Ra\u00f1a<\/p>\n<p><strong>La liminalidad en el teatro para beb\u00e9s<\/strong><\/p>\n<p>Nora L\u00eda Sormani, Jorge Dubatti<\/p>\n<p><strong>1001 obras de teatro que hay que ver antes de crecer. Algunos apuntes sobre el problema de la <\/strong><\/p>\n<p><strong>infancia y la cultura<\/strong><\/p>\n<p>Cristian Palacios<\/p>\n<p><strong>El teatro y los adolescentes del siglo XXI<\/strong><\/p>\n<p>Lita Llagostera<\/p>\n<p><strong>El teatro como elemento integral en el desarrollo <\/strong><\/p>\n<p><strong>del pensamiento creativo<\/strong><\/p>\n<p>Loreto Cruzat<\/p>\n<p><strong>Ni\u00f1os sin infancia, pensar el teatro en el <\/strong><\/p>\n<p><strong>estado de Chiapas<\/strong><\/p>\n<p>Yolox\u00f3chitl Garc\u00eda Santamar\u00eda<\/p>\n<p>MESAS DE DEBATE<\/p>\n<p><strong>Teatro para beb\u00e9s<\/strong><\/p>\n<p><strong>El teatro para beb\u00e9s viene mal parido<\/strong><\/p>\n<p>Carlos de Urquiza<\/p>\n<p><strong>\u00bfPor qu\u00e9 trabajo para los m\u00e1s peque\u00f1os?<\/strong><\/p>\n<p>Katariina Mets\u00e4lampi<\/p>\n<p><strong>Proyecto UPA \u2014Teatro para beb\u00e9s<\/strong><\/p>\n<p>Gabriela Hillar<\/p>\n<p><strong>Teatro para beb\u00e9s en Mar del Plata \u2014Historia <\/strong><\/p>\n<p><strong>de una experiencia que sigue creciendo<\/strong><\/p>\n<p>Sandra Maddoni<\/p>\n<p><strong>Teatro para adolescentes<\/strong><\/p>\n<p><strong>El trabajo con adolescentes en la Compa\u00f1\u00eda <\/strong><\/p>\n<p><strong>Paid\u00e9ia de S\u00e3o Paulo<\/strong><\/p>\n<p>Amauri Falseti<\/p>\n<p><strong>La Compa\u00f1\u00eda Mafalda<\/strong><\/p>\n<p>Teresa Rotemberg<\/p>\n<p><strong>Vamoh a pegarno como animaleh<\/strong><\/p>\n<p>Enrique Olmos de Ita<\/p>\n<p><strong>El teatro es crear y participar<\/strong><\/p>\n<p>Kenjiro Otani<\/p>\n<p>CONCLUSIONS<\/p>\n<p>Notas de cierre<\/p>\n<p>Manon van de Water<\/p>","protected":false},"excerpt":{"rendered":"<p>INVESTIGADORS I CR\u00cdTICS DE TEATRE PER A NENS I JOVES<\/p>\n<p><a href=\"https:\/\/investigacion.assitej.es\/wp-content\/uploads\/2017\/05\/Boletin-12-Digital.pdf\" target=\"_blank\" rel=\"noopener noreferrer\">DESCARREGAR<\/a><\/p>","protected":false},"featured_media":24344,"template":"","meta":{"_acf_changed":false,"_links_to":"","_links_to_target":""},"product_brand":[],"product_cat":[2677],"product_tag":[123],"class_list":{"0":"post-4894","1":"product","2":"type-product","3":"status-publish","4":"has-post-thumbnail","6":"product_cat-sin-categoria","7":"product_tag-boletin-iberoamericano","8":"infinite-scroll-item","9":"","10":"woocommerce-text-align-left","11":"woocommerce-image-align-center","12":"do-quantity-buttons","14":"first","15":"outofstock","16":"taxable","17":"shipping-taxable","18":"purchasable","19":"product-type-simple"},"acf":[],"yoast_head":"<!-- This site is optimized with the Yoast SEO plugin v27.1.1 - https:\/\/yoast.com\/product\/yoast-seo-wordpress\/ -->\n<title>Bolet\u00edn Iberoamericano de Teatro 12 - ASSITEJ Espa\u00f1a<\/title>\n<meta name=\"robots\" content=\"index, follow, max-snippet:-1, max-image-preview:large, max-video-preview:-1\" \/>\n<link rel=\"canonical\" href=\"https:\/\/assitej.culturaescenica.es\/ca\/editorial-assitej\/sin-categoria\/boletin-iberoamericano-de-teatro-12\/\" \/>\n<meta property=\"og:locale\" content=\"ca_ES\" \/>\n<meta property=\"og:type\" content=\"article\" \/>\n<meta property=\"og:title\" content=\"Bolet\u00edn Iberoamericano de Teatro 12 - ASSITEJ Espa\u00f1a\" \/>\n<meta property=\"og:description\" content=\"INVESTIGADORES Y CR\u00cdTICOS DE TEATRO PARA NI\u00d1OS Y J\u00d3VENES  DESCARGAR\" \/>\n<meta property=\"og:url\" content=\"https:\/\/assitej.culturaescenica.es\/ca\/editorial-assitej\/sin-categoria\/boletin-iberoamericano-de-teatro-12\/\" \/>\n<meta property=\"og:site_name\" content=\"ASSITEJ Espa\u00f1a\" \/>\n<meta property=\"article:publisher\" content=\"https:\/\/www.facebook.com\/assitejespana\/\" \/>\n<meta property=\"article:modified_time\" content=\"2025-05-18T17:07:14+00:00\" \/>\n<meta property=\"og:image\" content=\"https:\/\/assitej.culturaescenica.es\/wp-content\/uploads\/Boletin-12-Cubierta-1-1-jpg.webp\" \/>\n\t<meta property=\"og:image:width\" content=\"698\" \/>\n\t<meta property=\"og:image:height\" content=\"1024\" \/>\n\t<meta property=\"og:image:type\" content=\"image\/jpeg\" \/>\n<meta name=\"twitter:card\" content=\"summary_large_image\" \/>\n<meta name=\"twitter:site\" content=\"@AssitejEspana\" \/>\n<meta name=\"twitter:label1\" content=\"Temps estimat de lectura\" \/>\n\t<meta name=\"twitter:data1\" content=\"2 minuts\" \/>\n<script type=\"application\/ld+json\" class=\"yoast-schema-graph\">{\"@context\":\"https:\/\/schema.org\",\"@graph\":[{\"@type\":\"WebPage\",\"@id\":\"https:\/\/assitej.culturaescenica.es\/es_es\/editorial-assitej\/sin-categoria\/boletin-iberoamericano-de-teatro-12\/\",\"url\":\"https:\/\/assitej.culturaescenica.es\/es_es\/editorial-assitej\/sin-categoria\/boletin-iberoamericano-de-teatro-12\/\",\"name\":\"Bolet\u00edn Iberoamericano de Teatro 12 - ASSITEJ Espa\u00f1a\",\"isPartOf\":{\"@id\":\"https:\/\/assitej.culturaescenica.es\/gl\/#website\"},\"primaryImageOfPage\":{\"@id\":\"https:\/\/assitej.culturaescenica.es\/es_es\/editorial-assitej\/sin-categoria\/boletin-iberoamericano-de-teatro-12\/#primaryimage\"},\"image\":{\"@id\":\"https:\/\/assitej.culturaescenica.es\/es_es\/editorial-assitej\/sin-categoria\/boletin-iberoamericano-de-teatro-12\/#primaryimage\"},\"thumbnailUrl\":\"https:\/\/assitej.culturaescenica.es\/wp-content\/uploads\/Boletin-12-Cubierta-1-1-jpg.webp\",\"datePublished\":\"2017-06-06T14:54:56+00:00\",\"dateModified\":\"2025-05-18T17:07:14+00:00\",\"breadcrumb\":{\"@id\":\"https:\/\/assitej.culturaescenica.es\/es_es\/editorial-assitej\/sin-categoria\/boletin-iberoamericano-de-teatro-12\/#breadcrumb\"},\"inLanguage\":\"ca\",\"potentialAction\":[{\"@type\":\"ReadAction\",\"target\":[\"https:\/\/assitej.culturaescenica.es\/es_es\/editorial-assitej\/sin-categoria\/boletin-iberoamericano-de-teatro-12\/\"]}]},{\"@type\":\"ImageObject\",\"inLanguage\":\"ca\",\"@id\":\"https:\/\/assitej.culturaescenica.es\/es_es\/editorial-assitej\/sin-categoria\/boletin-iberoamericano-de-teatro-12\/#primaryimage\",\"url\":\"https:\/\/assitej.culturaescenica.es\/wp-content\/uploads\/Boletin-12-Cubierta-1-1-jpg.webp\",\"contentUrl\":\"https:\/\/assitej.culturaescenica.es\/wp-content\/uploads\/Boletin-12-Cubierta-1-1-jpg.webp\",\"width\":698,\"height\":1024},{\"@type\":\"BreadcrumbList\",\"@id\":\"https:\/\/assitej.culturaescenica.es\/es_es\/editorial-assitej\/sin-categoria\/boletin-iberoamericano-de-teatro-12\/#breadcrumb\",\"itemListElement\":[{\"@type\":\"ListItem\",\"position\":1,\"name\":\"Portada\",\"item\":\"https:\/\/assitej.culturaescenica.es\/gl\/\"},{\"@type\":\"ListItem\",\"position\":2,\"name\":\"Editorial Assitej\",\"item\":\"https:\/\/assitej.culturaescenica.es\/es_es\/editorial-assitej\/\"},{\"@type\":\"ListItem\",\"position\":3,\"name\":\"Bolet\u00edn Iberoamericano de Teatro 12\"}]},{\"@type\":\"WebSite\",\"@id\":\"https:\/\/assitej.culturaescenica.es\/gl\/#website\",\"url\":\"https:\/\/assitej.culturaescenica.es\/gl\/\",\"name\":\"ASSITEJ Espa\u00f1a\",\"description\":\"ARTES ESC\u00c9NICAS PARA LA INFANCIA Y LA JUVENTUD\",\"publisher\":{\"@id\":\"https:\/\/assitej.culturaescenica.es\/gl\/#organization\"},\"potentialAction\":[{\"@type\":\"SearchAction\",\"target\":{\"@type\":\"EntryPoint\",\"urlTemplate\":\"https:\/\/assitej.culturaescenica.es\/gl\/?s={search_term_string}\"},\"query-input\":{\"@type\":\"PropertyValueSpecification\",\"valueRequired\":true,\"valueName\":\"search_term_string\"}}],\"inLanguage\":\"ca\"},{\"@type\":\"Organization\",\"@id\":\"https:\/\/assitej.culturaescenica.es\/gl\/#organization\",\"name\":\"ASSITEJ Espa\u00f1a\",\"url\":\"https:\/\/assitej.culturaescenica.es\/gl\/\",\"logo\":{\"@type\":\"ImageObject\",\"inLanguage\":\"ca\",\"@id\":\"https:\/\/assitej.culturaescenica.es\/gl\/#\/schema\/logo\/image\/\",\"url\":\"https:\/\/assitej.es\/wp-content\/uploads\/Logo_ASSITEJ_Espana.RGB_2-1.png\",\"contentUrl\":\"https:\/\/assitej.es\/wp-content\/uploads\/Logo_ASSITEJ_Espana.RGB_2-1.png\",\"width\":4934,\"height\":2287,\"caption\":\"ASSITEJ Espa\u00f1a\"},\"image\":{\"@id\":\"https:\/\/assitej.culturaescenica.es\/gl\/#\/schema\/logo\/image\/\"},\"sameAs\":[\"https:\/\/www.facebook.com\/assitejespana\/\",\"https:\/\/x.com\/AssitejEspana\",\"https:\/\/www.youtube.com\/channel\/UCv-2SDBzEmyORL5tPvsYgMw\"]}]}<\/script>\n<!-- \/ Yoast SEO plugin. -->","yoast_head_json":{"title":"Butllet\u00ed Iberoameric\u00e0 de Teatre 12 - ASSITEJ Espanya","robots":{"index":"index","follow":"follow","max-snippet":"max-snippet:-1","max-image-preview":"max-image-preview:large","max-video-preview":"max-video-preview:-1"},"canonical":"https:\/\/assitej.culturaescenica.es\/ca\/editorial-assitej\/sin-categoria\/boletin-iberoamericano-de-teatro-12\/","og_locale":"ca_ES","og_type":"article","og_title":"Bolet\u00edn Iberoamericano de Teatro 12 - ASSITEJ Espa\u00f1a","og_description":"INVESTIGADORES Y CR\u00cdTICOS DE TEATRO PARA NI\u00d1OS Y J\u00d3VENES  DESCARGAR","og_url":"https:\/\/assitej.culturaescenica.es\/ca\/editorial-assitej\/sin-categoria\/boletin-iberoamericano-de-teatro-12\/","og_site_name":"ASSITEJ Espa\u00f1a","article_publisher":"https:\/\/www.facebook.com\/assitejespana\/","article_modified_time":"2025-05-18T17:07:14+00:00","og_image":[{"width":698,"height":1024,"url":"https:\/\/assitej.culturaescenica.es\/wp-content\/uploads\/Boletin-12-Cubierta-1-1-jpg.webp","type":"image\/jpeg"}],"twitter_card":"summary_large_image","twitter_site":"@AssitejEspana","twitter_misc":{"Temps estimat de lectura":"2 minuts"},"schema":{"@context":"https:\/\/schema.org","@graph":[{"@type":"WebPage","@id":"https:\/\/assitej.culturaescenica.es\/es_es\/editorial-assitej\/sin-categoria\/boletin-iberoamericano-de-teatro-12\/","url":"https:\/\/assitej.culturaescenica.es\/es_es\/editorial-assitej\/sin-categoria\/boletin-iberoamericano-de-teatro-12\/","name":"Butllet\u00ed Iberoameric\u00e0 de Teatre 12 - ASSITEJ Espanya","isPartOf":{"@id":"https:\/\/assitej.culturaescenica.es\/gl\/#website"},"primaryImageOfPage":{"@id":"https:\/\/assitej.culturaescenica.es\/es_es\/editorial-assitej\/sin-categoria\/boletin-iberoamericano-de-teatro-12\/#primaryimage"},"image":{"@id":"https:\/\/assitej.culturaescenica.es\/es_es\/editorial-assitej\/sin-categoria\/boletin-iberoamericano-de-teatro-12\/#primaryimage"},"thumbnailUrl":"https:\/\/assitej.culturaescenica.es\/wp-content\/uploads\/Boletin-12-Cubierta-1-1-jpg.webp","datePublished":"2017-06-06T14:54:56+00:00","dateModified":"2025-05-18T17:07:14+00:00","breadcrumb":{"@id":"https:\/\/assitej.culturaescenica.es\/es_es\/editorial-assitej\/sin-categoria\/boletin-iberoamericano-de-teatro-12\/#breadcrumb"},"inLanguage":"ca","potentialAction":[{"@type":"ReadAction","target":["https:\/\/assitej.culturaescenica.es\/es_es\/editorial-assitej\/sin-categoria\/boletin-iberoamericano-de-teatro-12\/"]}]},{"@type":"ImageObject","inLanguage":"ca","@id":"https:\/\/assitej.culturaescenica.es\/es_es\/editorial-assitej\/sin-categoria\/boletin-iberoamericano-de-teatro-12\/#primaryimage","url":"https:\/\/assitej.culturaescenica.es\/wp-content\/uploads\/Boletin-12-Cubierta-1-1-jpg.webp","contentUrl":"https:\/\/assitej.culturaescenica.es\/wp-content\/uploads\/Boletin-12-Cubierta-1-1-jpg.webp","width":698,"height":1024},{"@type":"BreadcrumbList","@id":"https:\/\/assitej.culturaescenica.es\/es_es\/editorial-assitej\/sin-categoria\/boletin-iberoamericano-de-teatro-12\/#breadcrumb","itemListElement":[{"@type":"ListItem","position":1,"name":"Portada","item":"https:\/\/assitej.culturaescenica.es\/gl\/"},{"@type":"ListItem","position":2,"name":"Editorial Assitej","item":"https:\/\/assitej.culturaescenica.es\/es_es\/editorial-assitej\/"},{"@type":"ListItem","position":3,"name":"Bolet\u00edn Iberoamericano de Teatro 12"}]},{"@type":"WebSite","@id":"https:\/\/assitej.culturaescenica.es\/gl\/#website","url":"https:\/\/assitej.culturaescenica.es\/gl\/","name":"ASSITEJ Espanya","description":"ARTS ESC\u00c8NIQUES PER A LA INF\u00c0NCIA I LA JOVENTUT","publisher":{"@id":"https:\/\/assitej.culturaescenica.es\/gl\/#organization"},"potentialAction":[{"@type":"SearchAction","target":{"@type":"EntryPoint","urlTemplate":"https:\/\/assitej.culturaescenica.es\/gl\/?s={search_term_string}"},"query-input":{"@type":"PropertyValueSpecification","valueRequired":true,"valueName":"search_term_string"}}],"inLanguage":"ca"},{"@type":"Organization","@id":"https:\/\/assitej.culturaescenica.es\/gl\/#organization","name":"ASSITEJ Espanya","url":"https:\/\/assitej.culturaescenica.es\/gl\/","logo":{"@type":"ImageObject","inLanguage":"ca","@id":"https:\/\/assitej.culturaescenica.es\/gl\/#\/schema\/logo\/image\/","url":"https:\/\/assitej.es\/wp-content\/uploads\/Logo_ASSITEJ_Espana.RGB_2-1.png","contentUrl":"https:\/\/assitej.es\/wp-content\/uploads\/Logo_ASSITEJ_Espana.RGB_2-1.png","width":4934,"height":2287,"caption":"ASSITEJ Espa\u00f1a"},"image":{"@id":"https:\/\/assitej.culturaescenica.es\/gl\/#\/schema\/logo\/image\/"},"sameAs":["https:\/\/www.facebook.com\/assitejespana\/","https:\/\/x.com\/AssitejEspana","https:\/\/www.youtube.com\/channel\/UCv-2SDBzEmyORL5tPvsYgMw"]}]}},"_links":{"self":[{"href":"https:\/\/assitej.culturaescenica.es\/ca\/wp-json\/wp\/v2\/product\/4894","targetHints":{"allow":["GET"]}}],"collection":[{"href":"https:\/\/assitej.culturaescenica.es\/ca\/wp-json\/wp\/v2\/product"}],"about":[{"href":"https:\/\/assitej.culturaescenica.es\/ca\/wp-json\/wp\/v2\/types\/product"}],"wp:featuredmedia":[{"embeddable":true,"href":"https:\/\/assitej.culturaescenica.es\/ca\/wp-json\/wp\/v2\/media\/24344"}],"wp:attachment":[{"href":"https:\/\/assitej.culturaescenica.es\/ca\/wp-json\/wp\/v2\/media?parent=4894"}],"wp:term":[{"taxonomy":"product_brand","embeddable":true,"href":"https:\/\/assitej.culturaescenica.es\/ca\/wp-json\/wp\/v2\/product_brand?post=4894"},{"taxonomy":"product_cat","embeddable":true,"href":"https:\/\/assitej.culturaescenica.es\/ca\/wp-json\/wp\/v2\/product_cat?post=4894"},{"taxonomy":"product_tag","embeddable":true,"href":"https:\/\/assitej.culturaescenica.es\/ca\/wp-json\/wp\/v2\/product_tag?post=4894"}],"curies":[{"name":"wp","href":"https:\/\/api.w.org\/{rel}","templated":true}]}}