{"id":4495,"date":"2017-02-16T10:22:52","date_gmt":"2017-02-16T09:22:52","guid":{"rendered":"http:\/\/www.assitej.net\/?post_type=product&#038;p=4495"},"modified":"2025-05-05T16:01:52","modified_gmt":"2025-05-05T14:01:52","slug":"lo-que-no-se-ensena","status":"publish","type":"product","link":"https:\/\/assitej.culturaescenica.es\/ca\/editorial-assitej\/alberto-de-casso\/lo-que-no-se-ensena\/","title":{"rendered":"All\u00f2 que no s&#039;ensenya"},"content":{"rendered":"<p>La qualitat excepcional dels textos presentats al Premi de Teatre 2012 que convoca ASSITEJ Espa\u00f1a, ha propiciat aquesta publicaci\u00f3 en un sol volum de les tres obres finalistes Si b\u00e9 totes tres estan escrites amb estils ben diferents, totes tres coincideixen a plantejar una reflexi\u00f3. sobre diferents aspectes de l&#039;actualitat social. Aix\u00ed, basant-se en fets reals, a All\u00f2 que no s&#039;ensenya Alberto de Casso posar sobre la taula la pol\u00e8mica sorgida per l&#039;\u00fas del vel isl\u00e0mic en centres d&#039;ensenyament Per\u00f2 transcendeix aquest assumpte per criticar amb acidesa el nostre sistema educatiu i la hipocresia de la societat Fusa Guill\u00e9n proposa una obra amb tints fant\u00e0stics, La nit de Sama\u00edn, emmarcada a Gal\u00edcia i la seva cultura per mostrar les relacions entre adolescents de diferent condici\u00f3, els seus prejudicis, i la import\u00e0ncia de respectar l&#039;altre. Finalment, un 1\/5 d&#039;avi, de Nieves. Fern\u00e1ndez, \u00e9s una farsa que presenta de forma l\u00fadica per\u00f2 amb cruesa la realitat dels ancians menyspreats, marginats i abandonats per les seves pr\u00f2pies fam\u00edlies, descrivint una part de la societat que potser ha perdut certs valors que un dia s\u00ed que va tenir.<\/p>","protected":false},"excerpt":{"rendered":"<p>La qualitat excepcional dels textos presentats al Premi de Teatre 2012 que convoca ASSITEJ Espa\u00f1a, ha propiciat aquesta publicaci\u00f3 en un sol volum de les tres obres finalistes Si b\u00e9 totes tres estan escrites amb estils ben diferents, totes tres coincideixen a plantejar una reflexi\u00f3. sobre diferents aspectes de l&#039;actualitat social. Aix\u00ed, basant-se en fets reals, a All\u00f2 que no s&#039;ensenya Alberto de Casso posar sobre la taula la pol\u00e8mica sorgida per l&#039;\u00fas del vel isl\u00e0mic en centres d&#039;ensenyament Per\u00f2 transcendeix aquest assumpte per criticar amb acidesa el nostre sistema educatiu i la hipocresia de la societat Fusa Guill\u00e9n proposa una obra amb tints fant\u00e0stics, La nit de Sama\u00edn, emmarcada a Gal\u00edcia i la seva cultura per mostrar les relacions entre adolescents de diferent condici\u00f3, els seus prejudicis, i la import\u00e0ncia de respectar l&#039;altre. Finalment, un 1\/5 d&#039;avi, de Nieves. Fern\u00e1ndez, \u00e9s una farsa que presenta de forma l\u00fadica per\u00f2 amb cruesa la realitat dels ancians menyspreats, marginats i abandonats per les seves pr\u00f2pies fam\u00edlies, descrivint una part de la societat que potser ha perdut certs valors que un dia s\u00ed que va tenir.<\/p>","protected":false},"featured_media":24338,"template":"","meta":{"_acf_changed":false,"_links_to":"","_links_to_target":""},"product_brand":[],"product_cat":[118,119,120],"product_tag":[67],"class_list":{"0":"post-4495","1":"product","2":"type-product","3":"status-publish","4":"has-post-thumbnail","6":"product_cat-alberto-de-casso","7":"product_cat-fusa-guillen","8":"product_cat-nieves-fernandez-rodriguez","9":"product_tag-coleccion-teatro","10":"infinite-scroll-item","11":"","12":"woocommerce-text-align-left","13":"woocommerce-image-align-center","14":"do-quantity-buttons","16":"first","17":"instock","18":"taxable","19":"shipping-taxable","20":"purchasable","21":"product-type-simple"},"acf":[],"yoast_head":"<!-- This site is optimized with the Yoast SEO plugin v27.1.1 - https:\/\/yoast.com\/product\/yoast-seo-wordpress\/ -->\n<title>Lo que no se ense\u00f1a - ASSITEJ Espa\u00f1a<\/title>\n<meta name=\"robots\" content=\"index, follow, max-snippet:-1, max-image-preview:large, max-video-preview:-1\" \/>\n<link rel=\"canonical\" href=\"https:\/\/assitej.culturaescenica.es\/ca\/editorial-assitej\/alberto-de-casso\/lo-que-no-se-ensena\/\" \/>\n<meta property=\"og:locale\" content=\"ca_ES\" \/>\n<meta property=\"og:type\" content=\"article\" \/>\n<meta property=\"og:title\" content=\"Lo que no se ense\u00f1a - ASSITEJ Espa\u00f1a\" \/>\n<meta property=\"og:description\" content=\"La calidad excepcional de los textos presentados al Premio de Teatro 2012 que convoca ASSITEJ Espa\u00f1a, ha propiciado la presente publicaci\u00f3n en un solo volumen de las tres obras finalistas. Si bien las tres est\u00e1n escritas con estilos bien diferentes, las tres coinciden en plantear una reflexi\u00f3n sobre distintos aspectos de la actualidad social. As\u00ed, bas\u00e1ndose en hechos reales, en Lo que no se ense\u00f1a Alberto de Casso poner sobre la mesa la pol\u00e9mica surgida por el uso del velo isl\u00e1mico en centros de ense\u00f1anza. Pero trasciende este asunto para criticar con acidez nuestro sistema educativo y la hipocres\u00eda de la sociedad. Fusa Guill\u00e9n propone una obra con tintes fant\u00e1sticos, La noche de Sama\u00edn, enmarcada en Galicia y su cultura para mostrar las relaciones entre adolescentes de diferente condici\u00f3n, sus prejuicios, y la importancia de respectar al otro. Finalmente un 1\/5 de abuelo, de Nieves Fern\u00e1ndez, es una farsa que presenta de forma l\u00fadica pero con crudeza la realidad de los ancianos despreciados, marginados y abandonados por sus propias familias, describiendo una parte de la sociedad que quiz\u00e1 ha perdido ciertos valores que un d\u00eda s\u00ed tuvo.\" \/>\n<meta property=\"og:url\" content=\"https:\/\/assitej.culturaescenica.es\/ca\/editorial-assitej\/alberto-de-casso\/lo-que-no-se-ensena\/\" \/>\n<meta property=\"og:site_name\" content=\"ASSITEJ Espa\u00f1a\" \/>\n<meta property=\"article:publisher\" content=\"https:\/\/www.facebook.com\/assitejespana\/\" \/>\n<meta property=\"article:modified_time\" content=\"2025-05-05T14:01:52+00:00\" \/>\n<meta property=\"og:image\" content=\"https:\/\/assitej.culturaescenica.es\/wp-content\/uploads\/Lo-que-no-se-ensea-1-jpg.webp\" \/>\n\t<meta property=\"og:image:width\" content=\"675\" \/>\n\t<meta property=\"og:image:height\" content=\"985\" \/>\n\t<meta property=\"og:image:type\" content=\"image\/jpeg\" \/>\n<meta name=\"twitter:card\" content=\"summary_large_image\" \/>\n<meta name=\"twitter:site\" content=\"@AssitejEspana\" \/>\n<meta name=\"twitter:label1\" content=\"Temps estimat de lectura\" \/>\n\t<meta name=\"twitter:data1\" content=\"1 minut\" \/>\n<script type=\"application\/ld+json\" class=\"yoast-schema-graph\">{\"@context\":\"https:\/\/schema.org\",\"@graph\":[{\"@type\":\"WebPage\",\"@id\":\"https:\/\/assitej.culturaescenica.es\/gl\/editorial-assitej\/alberto-de-casso\/lo-que-no-se-ensena\/\",\"url\":\"https:\/\/assitej.culturaescenica.es\/gl\/editorial-assitej\/alberto-de-casso\/lo-que-no-se-ensena\/\",\"name\":\"Lo que no se ense\u00f1a - ASSITEJ Espa\u00f1a\",\"isPartOf\":{\"@id\":\"https:\/\/assitej.culturaescenica.es\/gl\/#website\"},\"primaryImageOfPage\":{\"@id\":\"https:\/\/assitej.culturaescenica.es\/gl\/editorial-assitej\/alberto-de-casso\/lo-que-no-se-ensena\/#primaryimage\"},\"image\":{\"@id\":\"https:\/\/assitej.culturaescenica.es\/gl\/editorial-assitej\/alberto-de-casso\/lo-que-no-se-ensena\/#primaryimage\"},\"thumbnailUrl\":\"https:\/\/assitej.culturaescenica.es\/wp-content\/uploads\/Lo-que-no-se-ensea-1-jpg.webp\",\"datePublished\":\"2017-02-16T09:22:52+00:00\",\"dateModified\":\"2025-05-05T14:01:52+00:00\",\"breadcrumb\":{\"@id\":\"https:\/\/assitej.culturaescenica.es\/gl\/editorial-assitej\/alberto-de-casso\/lo-que-no-se-ensena\/#breadcrumb\"},\"inLanguage\":\"ca\",\"potentialAction\":[{\"@type\":\"ReadAction\",\"target\":[\"https:\/\/assitej.culturaescenica.es\/gl\/editorial-assitej\/alberto-de-casso\/lo-que-no-se-ensena\/\"]}]},{\"@type\":\"ImageObject\",\"inLanguage\":\"ca\",\"@id\":\"https:\/\/assitej.culturaescenica.es\/gl\/editorial-assitej\/alberto-de-casso\/lo-que-no-se-ensena\/#primaryimage\",\"url\":\"https:\/\/assitej.culturaescenica.es\/wp-content\/uploads\/Lo-que-no-se-ensea-1-jpg.webp\",\"contentUrl\":\"https:\/\/assitej.culturaescenica.es\/wp-content\/uploads\/Lo-que-no-se-ensea-1-jpg.webp\",\"width\":675,\"height\":985},{\"@type\":\"BreadcrumbList\",\"@id\":\"https:\/\/assitej.culturaescenica.es\/gl\/editorial-assitej\/alberto-de-casso\/lo-que-no-se-ensena\/#breadcrumb\",\"itemListElement\":[{\"@type\":\"ListItem\",\"position\":1,\"name\":\"Portada\",\"item\":\"https:\/\/assitej.culturaescenica.es\/gl\/\"},{\"@type\":\"ListItem\",\"position\":2,\"name\":\"Editorial Assitej\",\"item\":\"https:\/\/assitej.culturaescenica.es\/es_es\/editorial-assitej\/\"},{\"@type\":\"ListItem\",\"position\":3,\"name\":\"Lo que no se ense\u00f1a\"}]},{\"@type\":\"WebSite\",\"@id\":\"https:\/\/assitej.culturaescenica.es\/gl\/#website\",\"url\":\"https:\/\/assitej.culturaescenica.es\/gl\/\",\"name\":\"ASSITEJ Espa\u00f1a\",\"description\":\"ARTES ESC\u00c9NICAS PARA LA INFANCIA Y LA JUVENTUD\",\"publisher\":{\"@id\":\"https:\/\/assitej.culturaescenica.es\/gl\/#organization\"},\"potentialAction\":[{\"@type\":\"SearchAction\",\"target\":{\"@type\":\"EntryPoint\",\"urlTemplate\":\"https:\/\/assitej.culturaescenica.es\/gl\/?s={search_term_string}\"},\"query-input\":{\"@type\":\"PropertyValueSpecification\",\"valueRequired\":true,\"valueName\":\"search_term_string\"}}],\"inLanguage\":\"ca\"},{\"@type\":\"Organization\",\"@id\":\"https:\/\/assitej.culturaescenica.es\/gl\/#organization\",\"name\":\"ASSITEJ Espa\u00f1a\",\"url\":\"https:\/\/assitej.culturaescenica.es\/gl\/\",\"logo\":{\"@type\":\"ImageObject\",\"inLanguage\":\"ca\",\"@id\":\"https:\/\/assitej.culturaescenica.es\/gl\/#\/schema\/logo\/image\/\",\"url\":\"https:\/\/assitej.es\/wp-content\/uploads\/Logo_ASSITEJ_Espana.RGB_2-1.png\",\"contentUrl\":\"https:\/\/assitej.es\/wp-content\/uploads\/Logo_ASSITEJ_Espana.RGB_2-1.png\",\"width\":4934,\"height\":2287,\"caption\":\"ASSITEJ Espa\u00f1a\"},\"image\":{\"@id\":\"https:\/\/assitej.culturaescenica.es\/gl\/#\/schema\/logo\/image\/\"},\"sameAs\":[\"https:\/\/www.facebook.com\/assitejespana\/\",\"https:\/\/x.com\/AssitejEspana\",\"https:\/\/www.youtube.com\/channel\/UCv-2SDBzEmyORL5tPvsYgMw\"]}]}<\/script>\n<!-- \/ Yoast SEO plugin. -->","yoast_head_json":{"title":"All\u00f2 que no s&#039;ensenya - ASSITEJ Espa\u00f1a","robots":{"index":"index","follow":"follow","max-snippet":"max-snippet:-1","max-image-preview":"max-image-preview:large","max-video-preview":"max-video-preview:-1"},"canonical":"https:\/\/assitej.culturaescenica.es\/ca\/editorial-assitej\/alberto-de-casso\/lo-que-no-se-ensena\/","og_locale":"ca_ES","og_type":"article","og_title":"Lo que no se ense\u00f1a - ASSITEJ Espa\u00f1a","og_description":"La calidad excepcional de los textos presentados al Premio de Teatro 2012 que convoca ASSITEJ Espa\u00f1a, ha propiciado la presente publicaci\u00f3n en un solo volumen de las tres obras finalistas. Si bien las tres est\u00e1n escritas con estilos bien diferentes, las tres coinciden en plantear una reflexi\u00f3n sobre distintos aspectos de la actualidad social. As\u00ed, bas\u00e1ndose en hechos reales, en Lo que no se ense\u00f1a Alberto de Casso poner sobre la mesa la pol\u00e9mica surgida por el uso del velo isl\u00e1mico en centros de ense\u00f1anza. Pero trasciende este asunto para criticar con acidez nuestro sistema educativo y la hipocres\u00eda de la sociedad. Fusa Guill\u00e9n propone una obra con tintes fant\u00e1sticos, La noche de Sama\u00edn, enmarcada en Galicia y su cultura para mostrar las relaciones entre adolescentes de diferente condici\u00f3n, sus prejuicios, y la importancia de respectar al otro. Finalmente un 1\/5 de abuelo, de Nieves Fern\u00e1ndez, es una farsa que presenta de forma l\u00fadica pero con crudeza la realidad de los ancianos despreciados, marginados y abandonados por sus propias familias, describiendo una parte de la sociedad que quiz\u00e1 ha perdido ciertos valores que un d\u00eda s\u00ed tuvo.","og_url":"https:\/\/assitej.culturaescenica.es\/ca\/editorial-assitej\/alberto-de-casso\/lo-que-no-se-ensena\/","og_site_name":"ASSITEJ Espa\u00f1a","article_publisher":"https:\/\/www.facebook.com\/assitejespana\/","article_modified_time":"2025-05-05T14:01:52+00:00","og_image":[{"width":675,"height":985,"url":"https:\/\/assitej.culturaescenica.es\/wp-content\/uploads\/Lo-que-no-se-ensea-1-jpg.webp","type":"image\/jpeg"}],"twitter_card":"summary_large_image","twitter_site":"@AssitejEspana","twitter_misc":{"Temps estimat de lectura":"1 minut"},"schema":{"@context":"https:\/\/schema.org","@graph":[{"@type":"WebPage","@id":"https:\/\/assitej.culturaescenica.es\/gl\/editorial-assitej\/alberto-de-casso\/lo-que-no-se-ensena\/","url":"https:\/\/assitej.culturaescenica.es\/gl\/editorial-assitej\/alberto-de-casso\/lo-que-no-se-ensena\/","name":"All\u00f2 que no s&#039;ensenya - ASSITEJ Espa\u00f1a","isPartOf":{"@id":"https:\/\/assitej.culturaescenica.es\/gl\/#website"},"primaryImageOfPage":{"@id":"https:\/\/assitej.culturaescenica.es\/gl\/editorial-assitej\/alberto-de-casso\/lo-que-no-se-ensena\/#primaryimage"},"image":{"@id":"https:\/\/assitej.culturaescenica.es\/gl\/editorial-assitej\/alberto-de-casso\/lo-que-no-se-ensena\/#primaryimage"},"thumbnailUrl":"https:\/\/assitej.culturaescenica.es\/wp-content\/uploads\/Lo-que-no-se-ensea-1-jpg.webp","datePublished":"2017-02-16T09:22:52+00:00","dateModified":"2025-05-05T14:01:52+00:00","breadcrumb":{"@id":"https:\/\/assitej.culturaescenica.es\/gl\/editorial-assitej\/alberto-de-casso\/lo-que-no-se-ensena\/#breadcrumb"},"inLanguage":"ca","potentialAction":[{"@type":"ReadAction","target":["https:\/\/assitej.culturaescenica.es\/gl\/editorial-assitej\/alberto-de-casso\/lo-que-no-se-ensena\/"]}]},{"@type":"ImageObject","inLanguage":"ca","@id":"https:\/\/assitej.culturaescenica.es\/gl\/editorial-assitej\/alberto-de-casso\/lo-que-no-se-ensena\/#primaryimage","url":"https:\/\/assitej.culturaescenica.es\/wp-content\/uploads\/Lo-que-no-se-ensea-1-jpg.webp","contentUrl":"https:\/\/assitej.culturaescenica.es\/wp-content\/uploads\/Lo-que-no-se-ensea-1-jpg.webp","width":675,"height":985},{"@type":"BreadcrumbList","@id":"https:\/\/assitej.culturaescenica.es\/gl\/editorial-assitej\/alberto-de-casso\/lo-que-no-se-ensena\/#breadcrumb","itemListElement":[{"@type":"ListItem","position":1,"name":"Portada","item":"https:\/\/assitej.culturaescenica.es\/gl\/"},{"@type":"ListItem","position":2,"name":"Editorial Assitej","item":"https:\/\/assitej.culturaescenica.es\/es_es\/editorial-assitej\/"},{"@type":"ListItem","position":3,"name":"Lo que no se ense\u00f1a"}]},{"@type":"WebSite","@id":"https:\/\/assitej.culturaescenica.es\/gl\/#website","url":"https:\/\/assitej.culturaescenica.es\/gl\/","name":"ASSITEJ Espanya","description":"ARTS ESC\u00c8NIQUES PER A LA INF\u00c0NCIA I LA JOVENTUT","publisher":{"@id":"https:\/\/assitej.culturaescenica.es\/gl\/#organization"},"potentialAction":[{"@type":"SearchAction","target":{"@type":"EntryPoint","urlTemplate":"https:\/\/assitej.culturaescenica.es\/gl\/?s={search_term_string}"},"query-input":{"@type":"PropertyValueSpecification","valueRequired":true,"valueName":"search_term_string"}}],"inLanguage":"ca"},{"@type":"Organization","@id":"https:\/\/assitej.culturaescenica.es\/gl\/#organization","name":"ASSITEJ Espanya","url":"https:\/\/assitej.culturaescenica.es\/gl\/","logo":{"@type":"ImageObject","inLanguage":"ca","@id":"https:\/\/assitej.culturaescenica.es\/gl\/#\/schema\/logo\/image\/","url":"https:\/\/assitej.es\/wp-content\/uploads\/Logo_ASSITEJ_Espana.RGB_2-1.png","contentUrl":"https:\/\/assitej.es\/wp-content\/uploads\/Logo_ASSITEJ_Espana.RGB_2-1.png","width":4934,"height":2287,"caption":"ASSITEJ Espa\u00f1a"},"image":{"@id":"https:\/\/assitej.culturaescenica.es\/gl\/#\/schema\/logo\/image\/"},"sameAs":["https:\/\/www.facebook.com\/assitejespana\/","https:\/\/x.com\/AssitejEspana","https:\/\/www.youtube.com\/channel\/UCv-2SDBzEmyORL5tPvsYgMw"]}]}},"_links":{"self":[{"href":"https:\/\/assitej.culturaescenica.es\/ca\/wp-json\/wp\/v2\/product\/4495","targetHints":{"allow":["GET"]}}],"collection":[{"href":"https:\/\/assitej.culturaescenica.es\/ca\/wp-json\/wp\/v2\/product"}],"about":[{"href":"https:\/\/assitej.culturaescenica.es\/ca\/wp-json\/wp\/v2\/types\/product"}],"wp:featuredmedia":[{"embeddable":true,"href":"https:\/\/assitej.culturaescenica.es\/ca\/wp-json\/wp\/v2\/media\/24338"}],"wp:attachment":[{"href":"https:\/\/assitej.culturaescenica.es\/ca\/wp-json\/wp\/v2\/media?parent=4495"}],"wp:term":[{"taxonomy":"product_brand","embeddable":true,"href":"https:\/\/assitej.culturaescenica.es\/ca\/wp-json\/wp\/v2\/product_brand?post=4495"},{"taxonomy":"product_cat","embeddable":true,"href":"https:\/\/assitej.culturaescenica.es\/ca\/wp-json\/wp\/v2\/product_cat?post=4495"},{"taxonomy":"product_tag","embeddable":true,"href":"https:\/\/assitej.culturaescenica.es\/ca\/wp-json\/wp\/v2\/product_tag?post=4495"}],"curies":[{"name":"wp","href":"https:\/\/api.w.org\/{rel}","templated":true}]}}