{"id":3220,"date":"2016-04-13T17:56:30","date_gmt":"2016-04-13T16:56:30","guid":{"rendered":"http:\/\/www.assitej.net\/?post_type=product&#038;p=3220"},"modified":"2024-12-11T15:22:44","modified_gmt":"2024-12-11T14:22:44","slug":"tocar-el-teatro-con-las-manos-o-el-teatro-para-ninos-de-luis-matilla","status":"publish","type":"product","link":"https:\/\/assitej.culturaescenica.es\/ca\/editorial-assitej\/xabier-lopez-askasibar\/tocar-el-teatro-con-las-manos-o-el-teatro-para-ninos-de-luis-matilla\/","title":{"rendered":"TOCAR EL TEATRE AMB LES MANS O EL TEATRE PER A NENS DE LUIS MATILLA"},"content":{"rendered":"<p>Els grans homes i dones del teatre solen ser recordats per les innovacions que han fet en les posades en escena per a adults. No obstant aix\u00f2, poques vegades es valora en la mateixa mesura aquelles persones que treballen dia a dia per fer somriure els petits espectadors. Luis Matilla, a m\u00e9s de ser un excel\u00b7lent dramaturg, \u00e9s un dels pioners en l&#039;educaci\u00f3 de la imatge i al teatre d&#039;animaci\u00f3, aix\u00ed com una refer\u00e8ncia a les arts esc\u00e8niques per a nens tant a Espanya com a l&#039;estranger. A la seva obra promou la participaci\u00f3 creativa dels nens, un teatre proper que no converteixi els nens en simples espectadors passius. Amb aquest assaig es convida el lector a con\u00e8ixer breument l&#039;obra, les tesis i la persona de Luis Matilla; i se&#039;l convida, alhora, a tocar el seu teatre amb les mans, ja que, com diu l&#039;autor, \u201csi un nen toca el teatre amb la m\u00e0, t\u00e9 una connexi\u00f3 viva i c\u00e0lida amb el personatge i amb l&#039;actor\u201d. Convertim-nos per uns instants en nens i gaudim volant amb la imaginaci\u00f3.<\/p>","protected":false},"excerpt":{"rendered":"<p>Els grans homes i dones del teatre solen ser recordats per les innovacions que han fet en les posades en escena per a adults. No obstant aix\u00f2, poques vegades es valora en la mateixa mesura aquelles persones que treballen dia a dia per fer somriure els petits espectadors. Luis Matilla, a m\u00e9s de ser un excel\u00b7lent dramaturg, \u00e9s un dels pioners en l&#039;educaci\u00f3 de la imatge i al teatre d&#039;animaci\u00f3, aix\u00ed com una refer\u00e8ncia a les arts esc\u00e8niques per a nens tant a Espanya com a l&#039;estranger. A la seva obra promou la participaci\u00f3 creativa dels nens, un teatre proper que no converteixi els nens en simples espectadors passius. Amb aquest assaig es convida el lector a con\u00e8ixer breument l&#039;obra, les tesis i la persona de Luis Matilla; i se&#039;l convida, alhora, a tocar el seu teatre amb les mans, ja que, com diu l&#039;autor, \u201csi un nen toca el teatre amb la m\u00e0, t\u00e9 una connexi\u00f3 viva i c\u00e0lida amb el personatge i amb l&#039;actor\u201d. Convertim-nos per uns instants en nens i gaudim volant amb la imaginaci\u00f3.<\/p>","protected":false},"featured_media":24334,"template":"","meta":{"_acf_changed":false,"_links_to":"","_links_to_target":""},"product_brand":[],"product_cat":[92],"product_tag":[82],"class_list":{"0":"post-3220","1":"product","2":"type-product","3":"status-publish","4":"has-post-thumbnail","6":"product_cat-xabier-lopez-askasibar","7":"product_tag-coleccion-ensayo","8":"infinite-scroll-item","9":"","10":"woocommerce-text-align-left","11":"woocommerce-image-align-center","12":"do-quantity-buttons","14":"first","15":"instock","16":"taxable","17":"shipping-taxable","18":"purchasable","19":"product-type-simple"},"acf":[],"yoast_head":"<!-- This site is optimized with the Yoast SEO plugin v27.1.1 - https:\/\/yoast.com\/product\/yoast-seo-wordpress\/ -->\n<title>TOCAR EL TEATRO CON LAS MANOS O EL TEATRO PARA NI\u00d1OS DE LUIS MATILLA - ASSITEJ Espa\u00f1a<\/title>\n<meta name=\"robots\" content=\"index, follow, max-snippet:-1, max-image-preview:large, max-video-preview:-1\" \/>\n<link rel=\"canonical\" href=\"https:\/\/assitej.culturaescenica.es\/ca\/editorial-assitej\/xabier-lopez-askasibar\/tocar-el-teatro-con-las-manos-o-el-teatro-para-ninos-de-luis-matilla\/\" \/>\n<meta property=\"og:locale\" content=\"ca_ES\" \/>\n<meta property=\"og:type\" content=\"article\" \/>\n<meta property=\"og:title\" content=\"TOCAR EL TEATRO CON LAS MANOS O EL TEATRO PARA NI\u00d1OS DE LUIS MATILLA - ASSITEJ Espa\u00f1a\" \/>\n<meta property=\"og:description\" content=\"Los grandes hombres y mujeres del teatro suelen ser recordados por las innovaciones que han efectuado en las puestas en escena para adultos. Sin embargo, rara vez se valora en la misma medida a aquellas personas que trabajan d\u00eda a d\u00eda para hacer sonre\u00edr a los peque\u00f1os espectadores. Luis Matilla, adem\u00e1s de ser un excelente dramaturgo, es uno de los pioneros en la educaci\u00f3n de la imagen y en el teatro de animaci\u00f3n, as\u00ed como una referencia en las artes esc\u00e9nicas para ni\u00f1os tanto en Espa\u00f1a como en el extranjero. En su obra promueve la participaci\u00f3n creativa de los ni\u00f1os, un teatro cercano que no convierta a los ni\u00f1os en simples espectadores pasivos. Con este ensayo se invita al lector a conocer brevemente la obra, las tesis y a la persona de Luis Matilla; y se le invita, a su vez, a tocar su teatro con las manos, ya que, como dice el autor, \u201csi un ni\u00f1o toca el teatro con la mano, tiene una conexi\u00f3n viva y c\u00e1lida con el personaje y con el actor\u201d. Convirt\u00e1monos por unos instantes en ni\u00f1os y disfrutemos volando con la imaginaci\u00f3n.\" \/>\n<meta property=\"og:url\" content=\"https:\/\/assitej.culturaescenica.es\/ca\/editorial-assitej\/xabier-lopez-askasibar\/tocar-el-teatro-con-las-manos-o-el-teatro-para-ninos-de-luis-matilla\/\" \/>\n<meta property=\"og:site_name\" content=\"ASSITEJ Espa\u00f1a\" \/>\n<meta property=\"article:publisher\" content=\"https:\/\/www.facebook.com\/assitejespana\/\" \/>\n<meta property=\"article:modified_time\" content=\"2024-12-11T14:22:44+00:00\" \/>\n<meta property=\"og:image\" content=\"https:\/\/assitej.culturaescenica.es\/wp-content\/uploads\/tocar-el-teatro-con-las-manos-luis-matilla-1-jpg.webp\" \/>\n\t<meta property=\"og:image:width\" content=\"498\" \/>\n\t<meta property=\"og:image:height\" content=\"700\" \/>\n\t<meta property=\"og:image:type\" content=\"image\/jpeg\" \/>\n<meta name=\"twitter:card\" content=\"summary_large_image\" \/>\n<meta name=\"twitter:site\" content=\"@AssitejEspana\" \/>\n<meta name=\"twitter:label1\" content=\"Temps estimat de lectura\" \/>\n\t<meta name=\"twitter:data1\" content=\"1 minut\" \/>\n<script type=\"application\/ld+json\" class=\"yoast-schema-graph\">{\"@context\":\"https:\/\/schema.org\",\"@graph\":[{\"@type\":\"WebPage\",\"@id\":\"https:\/\/assitej.culturaescenica.es\/eu\/editorial-assitej\/xabier-lopez-askasibar\/tocar-el-teatro-con-las-manos-o-el-teatro-para-ninos-de-luis-matilla\/\",\"url\":\"https:\/\/assitej.culturaescenica.es\/eu\/editorial-assitej\/xabier-lopez-askasibar\/tocar-el-teatro-con-las-manos-o-el-teatro-para-ninos-de-luis-matilla\/\",\"name\":\"TOCAR EL TEATRO CON LAS MANOS O EL TEATRO PARA NI\u00d1OS DE LUIS MATILLA - ASSITEJ Espa\u00f1a\",\"isPartOf\":{\"@id\":\"https:\/\/assitej.culturaescenica.es\/gl\/#website\"},\"primaryImageOfPage\":{\"@id\":\"https:\/\/assitej.culturaescenica.es\/eu\/editorial-assitej\/xabier-lopez-askasibar\/tocar-el-teatro-con-las-manos-o-el-teatro-para-ninos-de-luis-matilla\/#primaryimage\"},\"image\":{\"@id\":\"https:\/\/assitej.culturaescenica.es\/eu\/editorial-assitej\/xabier-lopez-askasibar\/tocar-el-teatro-con-las-manos-o-el-teatro-para-ninos-de-luis-matilla\/#primaryimage\"},\"thumbnailUrl\":\"https:\/\/assitej.culturaescenica.es\/wp-content\/uploads\/tocar-el-teatro-con-las-manos-luis-matilla-1-jpg.webp\",\"datePublished\":\"2016-04-13T16:56:30+00:00\",\"dateModified\":\"2024-12-11T14:22:44+00:00\",\"breadcrumb\":{\"@id\":\"https:\/\/assitej.culturaescenica.es\/eu\/editorial-assitej\/xabier-lopez-askasibar\/tocar-el-teatro-con-las-manos-o-el-teatro-para-ninos-de-luis-matilla\/#breadcrumb\"},\"inLanguage\":\"ca\",\"potentialAction\":[{\"@type\":\"ReadAction\",\"target\":[\"https:\/\/assitej.culturaescenica.es\/eu\/editorial-assitej\/xabier-lopez-askasibar\/tocar-el-teatro-con-las-manos-o-el-teatro-para-ninos-de-luis-matilla\/\"]}]},{\"@type\":\"ImageObject\",\"inLanguage\":\"ca\",\"@id\":\"https:\/\/assitej.culturaescenica.es\/eu\/editorial-assitej\/xabier-lopez-askasibar\/tocar-el-teatro-con-las-manos-o-el-teatro-para-ninos-de-luis-matilla\/#primaryimage\",\"url\":\"https:\/\/assitej.culturaescenica.es\/wp-content\/uploads\/tocar-el-teatro-con-las-manos-luis-matilla-1-jpg.webp\",\"contentUrl\":\"https:\/\/assitej.culturaescenica.es\/wp-content\/uploads\/tocar-el-teatro-con-las-manos-luis-matilla-1-jpg.webp\",\"width\":498,\"height\":700},{\"@type\":\"BreadcrumbList\",\"@id\":\"https:\/\/assitej.culturaescenica.es\/eu\/editorial-assitej\/xabier-lopez-askasibar\/tocar-el-teatro-con-las-manos-o-el-teatro-para-ninos-de-luis-matilla\/#breadcrumb\",\"itemListElement\":[{\"@type\":\"ListItem\",\"position\":1,\"name\":\"Portada\",\"item\":\"https:\/\/assitej.culturaescenica.es\/gl\/\"},{\"@type\":\"ListItem\",\"position\":2,\"name\":\"Editorial Assitej\",\"item\":\"https:\/\/assitej.culturaescenica.es\/es_es\/editorial-assitej\/\"},{\"@type\":\"ListItem\",\"position\":3,\"name\":\"TOCAR EL TEATRO CON LAS MANOS O EL TEATRO PARA NI\u00d1OS DE LUIS MATILLA\"}]},{\"@type\":\"WebSite\",\"@id\":\"https:\/\/assitej.culturaescenica.es\/gl\/#website\",\"url\":\"https:\/\/assitej.culturaescenica.es\/gl\/\",\"name\":\"ASSITEJ Espa\u00f1a\",\"description\":\"ARTES ESC\u00c9NICAS PARA LA INFANCIA Y LA JUVENTUD\",\"publisher\":{\"@id\":\"https:\/\/assitej.culturaescenica.es\/gl\/#organization\"},\"potentialAction\":[{\"@type\":\"SearchAction\",\"target\":{\"@type\":\"EntryPoint\",\"urlTemplate\":\"https:\/\/assitej.culturaescenica.es\/gl\/?s={search_term_string}\"},\"query-input\":{\"@type\":\"PropertyValueSpecification\",\"valueRequired\":true,\"valueName\":\"search_term_string\"}}],\"inLanguage\":\"ca\"},{\"@type\":\"Organization\",\"@id\":\"https:\/\/assitej.culturaescenica.es\/gl\/#organization\",\"name\":\"ASSITEJ Espa\u00f1a\",\"url\":\"https:\/\/assitej.culturaescenica.es\/gl\/\",\"logo\":{\"@type\":\"ImageObject\",\"inLanguage\":\"ca\",\"@id\":\"https:\/\/assitej.culturaescenica.es\/gl\/#\/schema\/logo\/image\/\",\"url\":\"https:\/\/assitej.es\/wp-content\/uploads\/Logo_ASSITEJ_Espana.RGB_2-1.png\",\"contentUrl\":\"https:\/\/assitej.es\/wp-content\/uploads\/Logo_ASSITEJ_Espana.RGB_2-1.png\",\"width\":4934,\"height\":2287,\"caption\":\"ASSITEJ Espa\u00f1a\"},\"image\":{\"@id\":\"https:\/\/assitej.culturaescenica.es\/gl\/#\/schema\/logo\/image\/\"},\"sameAs\":[\"https:\/\/www.facebook.com\/assitejespana\/\",\"https:\/\/x.com\/AssitejEspana\",\"https:\/\/www.youtube.com\/channel\/UCv-2SDBzEmyORL5tPvsYgMw\"]}]}<\/script>\n<!-- \/ Yoast SEO plugin. -->","yoast_head_json":{"title":"TOCAR EL TEATRE AMB LES MANS O EL TEATRE PER A NENS DE LUIS MATILLA - ASSITEJ Espa\u00f1a","robots":{"index":"index","follow":"follow","max-snippet":"max-snippet:-1","max-image-preview":"max-image-preview:large","max-video-preview":"max-video-preview:-1"},"canonical":"https:\/\/assitej.culturaescenica.es\/ca\/editorial-assitej\/xabier-lopez-askasibar\/tocar-el-teatro-con-las-manos-o-el-teatro-para-ninos-de-luis-matilla\/","og_locale":"ca_ES","og_type":"article","og_title":"TOCAR EL TEATRO CON LAS MANOS O EL TEATRO PARA NI\u00d1OS DE LUIS MATILLA - ASSITEJ Espa\u00f1a","og_description":"Los grandes hombres y mujeres del teatro suelen ser recordados por las innovaciones que han efectuado en las puestas en escena para adultos. Sin embargo, rara vez se valora en la misma medida a aquellas personas que trabajan d\u00eda a d\u00eda para hacer sonre\u00edr a los peque\u00f1os espectadores. Luis Matilla, adem\u00e1s de ser un excelente dramaturgo, es uno de los pioneros en la educaci\u00f3n de la imagen y en el teatro de animaci\u00f3n, as\u00ed como una referencia en las artes esc\u00e9nicas para ni\u00f1os tanto en Espa\u00f1a como en el extranjero. En su obra promueve la participaci\u00f3n creativa de los ni\u00f1os, un teatro cercano que no convierta a los ni\u00f1os en simples espectadores pasivos. Con este ensayo se invita al lector a conocer brevemente la obra, las tesis y a la persona de Luis Matilla; y se le invita, a su vez, a tocar su teatro con las manos, ya que, como dice el autor, \u201csi un ni\u00f1o toca el teatro con la mano, tiene una conexi\u00f3n viva y c\u00e1lida con el personaje y con el actor\u201d. Convirt\u00e1monos por unos instantes en ni\u00f1os y disfrutemos volando con la imaginaci\u00f3n.","og_url":"https:\/\/assitej.culturaescenica.es\/ca\/editorial-assitej\/xabier-lopez-askasibar\/tocar-el-teatro-con-las-manos-o-el-teatro-para-ninos-de-luis-matilla\/","og_site_name":"ASSITEJ Espa\u00f1a","article_publisher":"https:\/\/www.facebook.com\/assitejespana\/","article_modified_time":"2024-12-11T14:22:44+00:00","og_image":[{"width":498,"height":700,"url":"https:\/\/assitej.culturaescenica.es\/wp-content\/uploads\/tocar-el-teatro-con-las-manos-luis-matilla-1-jpg.webp","type":"image\/jpeg"}],"twitter_card":"summary_large_image","twitter_site":"@AssitejEspana","twitter_misc":{"Temps estimat de lectura":"1 minut"},"schema":{"@context":"https:\/\/schema.org","@graph":[{"@type":"WebPage","@id":"https:\/\/assitej.culturaescenica.es\/eu\/editorial-assitej\/xabier-lopez-askasibar\/tocar-el-teatro-con-las-manos-o-el-teatro-para-ninos-de-luis-matilla\/","url":"https:\/\/assitej.culturaescenica.es\/eu\/editorial-assitej\/xabier-lopez-askasibar\/tocar-el-teatro-con-las-manos-o-el-teatro-para-ninos-de-luis-matilla\/","name":"TOCAR EL TEATRE AMB LES MANS O EL TEATRE PER A NENS DE LUIS MATILLA - ASSITEJ Espa\u00f1a","isPartOf":{"@id":"https:\/\/assitej.culturaescenica.es\/gl\/#website"},"primaryImageOfPage":{"@id":"https:\/\/assitej.culturaescenica.es\/eu\/editorial-assitej\/xabier-lopez-askasibar\/tocar-el-teatro-con-las-manos-o-el-teatro-para-ninos-de-luis-matilla\/#primaryimage"},"image":{"@id":"https:\/\/assitej.culturaescenica.es\/eu\/editorial-assitej\/xabier-lopez-askasibar\/tocar-el-teatro-con-las-manos-o-el-teatro-para-ninos-de-luis-matilla\/#primaryimage"},"thumbnailUrl":"https:\/\/assitej.culturaescenica.es\/wp-content\/uploads\/tocar-el-teatro-con-las-manos-luis-matilla-1-jpg.webp","datePublished":"2016-04-13T16:56:30+00:00","dateModified":"2024-12-11T14:22:44+00:00","breadcrumb":{"@id":"https:\/\/assitej.culturaescenica.es\/eu\/editorial-assitej\/xabier-lopez-askasibar\/tocar-el-teatro-con-las-manos-o-el-teatro-para-ninos-de-luis-matilla\/#breadcrumb"},"inLanguage":"ca","potentialAction":[{"@type":"ReadAction","target":["https:\/\/assitej.culturaescenica.es\/eu\/editorial-assitej\/xabier-lopez-askasibar\/tocar-el-teatro-con-las-manos-o-el-teatro-para-ninos-de-luis-matilla\/"]}]},{"@type":"ImageObject","inLanguage":"ca","@id":"https:\/\/assitej.culturaescenica.es\/eu\/editorial-assitej\/xabier-lopez-askasibar\/tocar-el-teatro-con-las-manos-o-el-teatro-para-ninos-de-luis-matilla\/#primaryimage","url":"https:\/\/assitej.culturaescenica.es\/wp-content\/uploads\/tocar-el-teatro-con-las-manos-luis-matilla-1-jpg.webp","contentUrl":"https:\/\/assitej.culturaescenica.es\/wp-content\/uploads\/tocar-el-teatro-con-las-manos-luis-matilla-1-jpg.webp","width":498,"height":700},{"@type":"BreadcrumbList","@id":"https:\/\/assitej.culturaescenica.es\/eu\/editorial-assitej\/xabier-lopez-askasibar\/tocar-el-teatro-con-las-manos-o-el-teatro-para-ninos-de-luis-matilla\/#breadcrumb","itemListElement":[{"@type":"ListItem","position":1,"name":"Portada","item":"https:\/\/assitej.culturaescenica.es\/gl\/"},{"@type":"ListItem","position":2,"name":"Editorial Assitej","item":"https:\/\/assitej.culturaescenica.es\/es_es\/editorial-assitej\/"},{"@type":"ListItem","position":3,"name":"TOCAR EL TEATRO CON LAS MANOS O EL TEATRO PARA NI\u00d1OS DE LUIS MATILLA"}]},{"@type":"WebSite","@id":"https:\/\/assitej.culturaescenica.es\/gl\/#website","url":"https:\/\/assitej.culturaescenica.es\/gl\/","name":"ASSITEJ Espanya","description":"ARTS ESC\u00c8NIQUES PER A LA INF\u00c0NCIA I LA JOVENTUT","publisher":{"@id":"https:\/\/assitej.culturaescenica.es\/gl\/#organization"},"potentialAction":[{"@type":"SearchAction","target":{"@type":"EntryPoint","urlTemplate":"https:\/\/assitej.culturaescenica.es\/gl\/?s={search_term_string}"},"query-input":{"@type":"PropertyValueSpecification","valueRequired":true,"valueName":"search_term_string"}}],"inLanguage":"ca"},{"@type":"Organization","@id":"https:\/\/assitej.culturaescenica.es\/gl\/#organization","name":"ASSITEJ Espanya","url":"https:\/\/assitej.culturaescenica.es\/gl\/","logo":{"@type":"ImageObject","inLanguage":"ca","@id":"https:\/\/assitej.culturaescenica.es\/gl\/#\/schema\/logo\/image\/","url":"https:\/\/assitej.es\/wp-content\/uploads\/Logo_ASSITEJ_Espana.RGB_2-1.png","contentUrl":"https:\/\/assitej.es\/wp-content\/uploads\/Logo_ASSITEJ_Espana.RGB_2-1.png","width":4934,"height":2287,"caption":"ASSITEJ Espa\u00f1a"},"image":{"@id":"https:\/\/assitej.culturaescenica.es\/gl\/#\/schema\/logo\/image\/"},"sameAs":["https:\/\/www.facebook.com\/assitejespana\/","https:\/\/x.com\/AssitejEspana","https:\/\/www.youtube.com\/channel\/UCv-2SDBzEmyORL5tPvsYgMw"]}]}},"_links":{"self":[{"href":"https:\/\/assitej.culturaescenica.es\/ca\/wp-json\/wp\/v2\/product\/3220","targetHints":{"allow":["GET"]}}],"collection":[{"href":"https:\/\/assitej.culturaescenica.es\/ca\/wp-json\/wp\/v2\/product"}],"about":[{"href":"https:\/\/assitej.culturaescenica.es\/ca\/wp-json\/wp\/v2\/types\/product"}],"wp:featuredmedia":[{"embeddable":true,"href":"https:\/\/assitej.culturaescenica.es\/ca\/wp-json\/wp\/v2\/media\/24334"}],"wp:attachment":[{"href":"https:\/\/assitej.culturaescenica.es\/ca\/wp-json\/wp\/v2\/media?parent=3220"}],"wp:term":[{"taxonomy":"product_brand","embeddable":true,"href":"https:\/\/assitej.culturaescenica.es\/ca\/wp-json\/wp\/v2\/product_brand?post=3220"},{"taxonomy":"product_cat","embeddable":true,"href":"https:\/\/assitej.culturaescenica.es\/ca\/wp-json\/wp\/v2\/product_cat?post=3220"},{"taxonomy":"product_tag","embeddable":true,"href":"https:\/\/assitej.culturaescenica.es\/ca\/wp-json\/wp\/v2\/product_tag?post=3220"}],"curies":[{"name":"wp","href":"https:\/\/api.w.org\/{rel}","templated":true}]}}