{"id":3192,"date":"2016-04-13T17:42:04","date_gmt":"2016-04-13T16:42:04","guid":{"rendered":"http:\/\/www.assitej.net\/?post_type=product&#038;p="},"modified":"2025-05-05T16:01:41","modified_gmt":"2025-05-05T14:01:41","slug":"el-enigma-del-doctor-mabuso","status":"publish","type":"product","link":"https:\/\/assitej.culturaescenica.es\/ca\/editorial-assitej\/tomas-afan-munoz\/el-enigma-del-doctor-mabuso\/","title":{"rendered":"L&#039;ENIGMA DEL DOCTOR MAB\u00daS"},"content":{"rendered":"<p>L&#039;agent Joseph KK i l&#039;agent aut\u00f2mat Igor s\u00f3n els encarregats de desemmascarar l&#039;enigm\u00e0tic Doctor Mabuso, l&#039;hipnotitzador, l&#039;home de les mil cares, i en la seva accidentada investigaci\u00f3 els agents secrets ensopeguen amb innombrables dificultats: l&#039;extraordinari poder hipn\u00f2tic del Doctor Mabuso provoca serioses crisis d&#039;identitat entre els agents, fins al punt d&#039;amena\u00e7ar d&#039;estendre&#039;s i apoderar-se de tot el planeta.<strong>Tom\u00e0s Af\u00e1n Mu\u00f1oz<\/strong>: Vaig n\u00e9ixer a Ja\u00e9n el 20 de juliol de 1968, i des de fa m\u00e9s de deu anys visc de, per i per al teatre gr\u00e0cies a La Paca, que \u00e9s la companyia que co-dirigeixo i \u00e9s, sobretot, una companyia especialitzada en la creaci\u00f3 de nous p\u00fablics, participo en la gesti\u00f3 i als tallers d&#039;un munt de programes de difusi\u00f3 del teatre: \u201cCampanya Escolar de Ja\u00e9n\u201d, \u201cTeatraula\u201d, \u201cCircuit Provincial Escolar\u201d, \u201cApropa&#039;t al Teatre\u201d\u2026 ah, i en les estones lliures escric textos per a nens, com aquest <em>L&#039;enigma del Doctor Mabuso<\/em>, i com altres que ha posat en escena la meva companyia: <em>Color\u00ed Colorao<\/em>, <em>El Teatre Encantat<\/em>, <em>Una Can\u00e7\u00f3 de Nadal<\/em>, <em>Les Aventuretes de Juanillo el Despistaillo<\/em>, <em>El Misteri dels Pirates<\/em>, <em>Els Viatgets de Juanillo<\/em><br \/>\n\u2026 I tamb\u00e9 textos per a adults, com <em>La Passi\u00f3 de Johnny i Magdalena<\/em>, <em>P\u00edcars i Amagueu les Gallines<\/em> (Que v\u00e9nen els C\u00f2mics) o <em>Torna la Guineu<\/em>, <em>Mancances<\/em>, <em>La Mort est\u00e0 Hist\u00e8rica<\/em>\u2026<\/p>","protected":false},"excerpt":{"rendered":"<p>L&#039;agent Joseph KK i l&#039;agent aut\u00f2mat Igor s\u00f3n els encarregats de desemmascarar l&#039;enigm\u00e0tic Doctor Mabuso, l&#039;hipnotitzador, l&#039;home de les mil cares, i en la seva accidentada investigaci\u00f3 els agents secrets ensopeguen amb innombrables dificultats: l&#039;extraordinari poder hipn\u00f2tic del Doctor Mabuso provoca serioses crisis d&#039;identitat entre els agents, fins al punt d&#039;amena\u00e7ar d&#039;estendre&#039;s i apoderar-se de tot el planeta.<strong>Tom\u00e0s Af\u00e1n Mu\u00f1oz<\/strong>: Vaig n\u00e9ixer a Ja\u00e9n el 20 de juliol de 1968, i des de fa m\u00e9s de deu anys visc de, per i per al teatre gr\u00e0cies a La Paca, que \u00e9s la companyia que co-dirigeixo i \u00e9s, sobretot, una companyia especialitzada en la creaci\u00f3 de nous p\u00fablics, participo en la gesti\u00f3 i als tallers d&#039;un munt de programes de difusi\u00f3 del teatre: \u201cCampanya Escolar de Ja\u00e9n\u201d, \u201cTeatraula\u201d, \u201cCircuit Provincial Escolar\u201d, \u201cApropa&#039;t al Teatre\u201d\u2026 ah, i en les estones lliures escric textos per a nens, com aquest <em>L&#039;enigma del Doctor Mabuso<\/em>, i com altres que ha posat en escena la meva companyia: <em>Color\u00ed Colorao<\/em>, <em>El Teatre Encantat<\/em>, <em>Una Can\u00e7\u00f3 de Nadal<\/em>, <em>Les Aventuretes de Juanillo el Despistaillo<\/em>, <em>El Misteri dels Pirates<\/em>, <em>Els Viatgets de Juanillo<\/em><br \/>\n\u2026 I tamb\u00e9 textos per a adults, com <em>La Passi\u00f3 de Johnny i Magdalena<\/em>, <em>P\u00edcars i Amagueu les Gallines<\/em> (Que v\u00e9nen els C\u00f2mics) o <em>Torna la Guineu<\/em>, <em>Mancances<\/em>, <em>La Mort est\u00e0 Hist\u00e8rica<\/em>\u2026<\/p>","protected":false},"featured_media":24326,"template":"","meta":{"_acf_changed":false,"_links_to":"","_links_to_target":""},"product_brand":[],"product_cat":[85],"product_tag":[67],"class_list":{"0":"post-3192","1":"product","2":"type-product","3":"status-publish","4":"has-post-thumbnail","6":"product_cat-tomas-afan-munoz","7":"product_tag-coleccion-teatro","8":"infinite-scroll-item","9":"","10":"woocommerce-text-align-left","11":"woocommerce-image-align-center","12":"do-quantity-buttons","14":"first","15":"instock","16":"taxable","17":"shipping-taxable","18":"purchasable","19":"product-type-simple"},"acf":[],"yoast_head":"<!-- This site is optimized with the Yoast SEO plugin v27.1.1 - https:\/\/yoast.com\/product\/yoast-seo-wordpress\/ -->\n<title>EL ENIGMA DEL DOCTOR MABUSO - ASSITEJ Espa\u00f1a<\/title>\n<meta name=\"robots\" content=\"index, follow, max-snippet:-1, max-image-preview:large, max-video-preview:-1\" \/>\n<link rel=\"canonical\" href=\"https:\/\/assitej.culturaescenica.es\/ca\/editorial-assitej\/tomas-afan-munoz\/el-enigma-del-doctor-mabuso\/\" \/>\n<meta property=\"og:locale\" content=\"ca_ES\" \/>\n<meta property=\"og:type\" content=\"article\" \/>\n<meta property=\"og:title\" content=\"EL ENIGMA DEL DOCTOR MABUSO - ASSITEJ Espa\u00f1a\" \/>\n<meta property=\"og:description\" content=\"El agente Joseph KK y el agente aut\u00f3mata Igor son los encargados de desenmascarar al enigm\u00e1tico Doctor Mabuso, el hipnotizador, el hombre de las mil caras, y en su accidentada investigaci\u00f3n los agentes secretos, tropiezan con innumerables dificultades: el extraordinario poder hipn\u00f3tico del Doctor Mabuso provoca serias crisis de identidad entre los agentes, hasta el punto de amenazar con extenderse y adue\u00f1arse de todo el planeta.Tom\u00e1s Af\u00e1n Mu\u00f1oz: Nac\u00ed en Ja\u00e9n el 20 de julio de 1968, y desde hace m\u00e1s de diez a\u00f1os vivo de, por y para el teatro gracias a La Paca, que es la compa\u00f1\u00eda que co-dirijo y es, sobre todo, una compa\u00f1\u00eda especializada en la creaci\u00f3n de nuevos publicos, participo en la gesti\u00f3n y en los talleres de un mont\u00f3n de programas de difusi\u00f3n del teatro: \u201cCampa\u00f1a Escolar de Ja\u00e9n\u201d, \u201cTeatraula\u201d, \u201cCircuito Provincial Escolar\u201d, \u201cAcercate al Teatro\u201d\u2026 ah, y en los ratos libres escribo textos para ni\u00f1os, como este El enigma del Doctor Mabuso, y como otros que ha puesto en escena mi compa\u00f1\u00eda: Color\u00edn Colorao, El Teatro Encantado, Una Canci\u00f3n de Navidad, Las Aventurillas de Juanillo el Despistaillo, El Misterio de los Piratas, Los Viajecillos de Juanillo \u2026 Y tambi\u00e9n textos para adultos, como La Pasi\u00f3n de Johnny y Magdalena, P\u00edcaros y Esconded las Gallinas (Que vienen los C\u00f3micos) o Vuelve el Zorro, Carencias, La Muerte est\u00e1 Hist\u00e9rica\u2026\" \/>\n<meta property=\"og:url\" content=\"https:\/\/assitej.culturaescenica.es\/ca\/editorial-assitej\/tomas-afan-munoz\/el-enigma-del-doctor-mabuso\/\" \/>\n<meta property=\"og:site_name\" content=\"ASSITEJ Espa\u00f1a\" \/>\n<meta property=\"article:publisher\" content=\"https:\/\/www.facebook.com\/assitejespana\/\" \/>\n<meta property=\"article:modified_time\" content=\"2025-05-05T14:01:41+00:00\" \/>\n<meta property=\"og:image\" content=\"https:\/\/assitej.culturaescenica.es\/wp-content\/uploads\/Enigma-Doctor-Mabuso-1-jpg.webp\" \/>\n\t<meta property=\"og:image:width\" content=\"485\" \/>\n\t<meta property=\"og:image:height\" content=\"700\" \/>\n\t<meta property=\"og:image:type\" content=\"image\/jpeg\" \/>\n<meta name=\"twitter:card\" content=\"summary_large_image\" \/>\n<meta name=\"twitter:site\" content=\"@AssitejEspana\" \/>\n<meta name=\"twitter:label1\" content=\"Temps estimat de lectura\" \/>\n\t<meta name=\"twitter:data1\" content=\"1 minut\" \/>\n<script type=\"application\/ld+json\" class=\"yoast-schema-graph\">{\"@context\":\"https:\/\/schema.org\",\"@graph\":[{\"@type\":\"WebPage\",\"@id\":\"https:\/\/assitej.culturaescenica.es\/eu\/editorial-assitej\/tomas-afan-munoz\/el-enigma-del-doctor-mabuso\/\",\"url\":\"https:\/\/assitej.culturaescenica.es\/eu\/editorial-assitej\/tomas-afan-munoz\/el-enigma-del-doctor-mabuso\/\",\"name\":\"EL ENIGMA DEL DOCTOR MABUSO - ASSITEJ Espa\u00f1a\",\"isPartOf\":{\"@id\":\"https:\/\/assitej.culturaescenica.es\/gl\/#website\"},\"primaryImageOfPage\":{\"@id\":\"https:\/\/assitej.culturaescenica.es\/eu\/editorial-assitej\/tomas-afan-munoz\/el-enigma-del-doctor-mabuso\/#primaryimage\"},\"image\":{\"@id\":\"https:\/\/assitej.culturaescenica.es\/eu\/editorial-assitej\/tomas-afan-munoz\/el-enigma-del-doctor-mabuso\/#primaryimage\"},\"thumbnailUrl\":\"https:\/\/assitej.culturaescenica.es\/wp-content\/uploads\/Enigma-Doctor-Mabuso-1-jpg.webp\",\"datePublished\":\"2016-04-13T16:42:04+00:00\",\"dateModified\":\"2025-05-05T14:01:41+00:00\",\"breadcrumb\":{\"@id\":\"https:\/\/assitej.culturaescenica.es\/eu\/editorial-assitej\/tomas-afan-munoz\/el-enigma-del-doctor-mabuso\/#breadcrumb\"},\"inLanguage\":\"ca\",\"potentialAction\":[{\"@type\":\"ReadAction\",\"target\":[\"https:\/\/assitej.culturaescenica.es\/eu\/editorial-assitej\/tomas-afan-munoz\/el-enigma-del-doctor-mabuso\/\"]}]},{\"@type\":\"ImageObject\",\"inLanguage\":\"ca\",\"@id\":\"https:\/\/assitej.culturaescenica.es\/eu\/editorial-assitej\/tomas-afan-munoz\/el-enigma-del-doctor-mabuso\/#primaryimage\",\"url\":\"https:\/\/assitej.culturaescenica.es\/wp-content\/uploads\/Enigma-Doctor-Mabuso-1-jpg.webp\",\"contentUrl\":\"https:\/\/assitej.culturaescenica.es\/wp-content\/uploads\/Enigma-Doctor-Mabuso-1-jpg.webp\",\"width\":485,\"height\":700},{\"@type\":\"BreadcrumbList\",\"@id\":\"https:\/\/assitej.culturaescenica.es\/eu\/editorial-assitej\/tomas-afan-munoz\/el-enigma-del-doctor-mabuso\/#breadcrumb\",\"itemListElement\":[{\"@type\":\"ListItem\",\"position\":1,\"name\":\"Portada\",\"item\":\"https:\/\/assitej.culturaescenica.es\/gl\/\"},{\"@type\":\"ListItem\",\"position\":2,\"name\":\"Editorial Assitej\",\"item\":\"https:\/\/assitej.culturaescenica.es\/es_es\/editorial-assitej\/\"},{\"@type\":\"ListItem\",\"position\":3,\"name\":\"EL ENIGMA DEL DOCTOR MABUSO\"}]},{\"@type\":\"WebSite\",\"@id\":\"https:\/\/assitej.culturaescenica.es\/gl\/#website\",\"url\":\"https:\/\/assitej.culturaescenica.es\/gl\/\",\"name\":\"ASSITEJ Espa\u00f1a\",\"description\":\"ARTES ESC\u00c9NICAS PARA LA INFANCIA Y LA JUVENTUD\",\"publisher\":{\"@id\":\"https:\/\/assitej.culturaescenica.es\/gl\/#organization\"},\"potentialAction\":[{\"@type\":\"SearchAction\",\"target\":{\"@type\":\"EntryPoint\",\"urlTemplate\":\"https:\/\/assitej.culturaescenica.es\/gl\/?s={search_term_string}\"},\"query-input\":{\"@type\":\"PropertyValueSpecification\",\"valueRequired\":true,\"valueName\":\"search_term_string\"}}],\"inLanguage\":\"ca\"},{\"@type\":\"Organization\",\"@id\":\"https:\/\/assitej.culturaescenica.es\/gl\/#organization\",\"name\":\"ASSITEJ Espa\u00f1a\",\"url\":\"https:\/\/assitej.culturaescenica.es\/gl\/\",\"logo\":{\"@type\":\"ImageObject\",\"inLanguage\":\"ca\",\"@id\":\"https:\/\/assitej.culturaescenica.es\/gl\/#\/schema\/logo\/image\/\",\"url\":\"https:\/\/assitej.es\/wp-content\/uploads\/Logo_ASSITEJ_Espana.RGB_2-1.png\",\"contentUrl\":\"https:\/\/assitej.es\/wp-content\/uploads\/Logo_ASSITEJ_Espana.RGB_2-1.png\",\"width\":4934,\"height\":2287,\"caption\":\"ASSITEJ Espa\u00f1a\"},\"image\":{\"@id\":\"https:\/\/assitej.culturaescenica.es\/gl\/#\/schema\/logo\/image\/\"},\"sameAs\":[\"https:\/\/www.facebook.com\/assitejespana\/\",\"https:\/\/x.com\/AssitejEspana\",\"https:\/\/www.youtube.com\/channel\/UCv-2SDBzEmyORL5tPvsYgMw\"]}]}<\/script>\n<!-- \/ Yoast SEO plugin. -->","yoast_head_json":{"title":"L&#039;ENIGMA DEL DOCTOR MAB\u00daS - ASSITEJ Espanya","robots":{"index":"index","follow":"follow","max-snippet":"max-snippet:-1","max-image-preview":"max-image-preview:large","max-video-preview":"max-video-preview:-1"},"canonical":"https:\/\/assitej.culturaescenica.es\/ca\/editorial-assitej\/tomas-afan-munoz\/el-enigma-del-doctor-mabuso\/","og_locale":"ca_ES","og_type":"article","og_title":"EL ENIGMA DEL DOCTOR MABUSO - ASSITEJ Espa\u00f1a","og_description":"El agente Joseph KK y el agente aut\u00f3mata Igor son los encargados de desenmascarar al enigm\u00e1tico Doctor Mabuso, el hipnotizador, el hombre de las mil caras, y en su accidentada investigaci\u00f3n los agentes secretos, tropiezan con innumerables dificultades: el extraordinario poder hipn\u00f3tico del Doctor Mabuso provoca serias crisis de identidad entre los agentes, hasta el punto de amenazar con extenderse y adue\u00f1arse de todo el planeta.Tom\u00e1s Af\u00e1n Mu\u00f1oz: Nac\u00ed en Ja\u00e9n el 20 de julio de 1968, y desde hace m\u00e1s de diez a\u00f1os vivo de, por y para el teatro gracias a La Paca, que es la compa\u00f1\u00eda que co-dirijo y es, sobre todo, una compa\u00f1\u00eda especializada en la creaci\u00f3n de nuevos publicos, participo en la gesti\u00f3n y en los talleres de un mont\u00f3n de programas de difusi\u00f3n del teatro: \u201cCampa\u00f1a Escolar de Ja\u00e9n\u201d, \u201cTeatraula\u201d, \u201cCircuito Provincial Escolar\u201d, \u201cAcercate al Teatro\u201d\u2026 ah, y en los ratos libres escribo textos para ni\u00f1os, como este El enigma del Doctor Mabuso, y como otros que ha puesto en escena mi compa\u00f1\u00eda: Color\u00edn Colorao, El Teatro Encantado, Una Canci\u00f3n de Navidad, Las Aventurillas de Juanillo el Despistaillo, El Misterio de los Piratas, Los Viajecillos de Juanillo \u2026 Y tambi\u00e9n textos para adultos, como La Pasi\u00f3n de Johnny y Magdalena, P\u00edcaros y Esconded las Gallinas (Que vienen los C\u00f3micos) o Vuelve el Zorro, Carencias, La Muerte est\u00e1 Hist\u00e9rica\u2026","og_url":"https:\/\/assitej.culturaescenica.es\/ca\/editorial-assitej\/tomas-afan-munoz\/el-enigma-del-doctor-mabuso\/","og_site_name":"ASSITEJ Espa\u00f1a","article_publisher":"https:\/\/www.facebook.com\/assitejespana\/","article_modified_time":"2025-05-05T14:01:41+00:00","og_image":[{"width":485,"height":700,"url":"https:\/\/assitej.culturaescenica.es\/wp-content\/uploads\/Enigma-Doctor-Mabuso-1-jpg.webp","type":"image\/jpeg"}],"twitter_card":"summary_large_image","twitter_site":"@AssitejEspana","twitter_misc":{"Temps estimat de lectura":"1 minut"},"schema":{"@context":"https:\/\/schema.org","@graph":[{"@type":"WebPage","@id":"https:\/\/assitej.culturaescenica.es\/eu\/editorial-assitej\/tomas-afan-munoz\/el-enigma-del-doctor-mabuso\/","url":"https:\/\/assitej.culturaescenica.es\/eu\/editorial-assitej\/tomas-afan-munoz\/el-enigma-del-doctor-mabuso\/","name":"L&#039;ENIGMA DEL DOCTOR MAB\u00daS - ASSITEJ Espanya","isPartOf":{"@id":"https:\/\/assitej.culturaescenica.es\/gl\/#website"},"primaryImageOfPage":{"@id":"https:\/\/assitej.culturaescenica.es\/eu\/editorial-assitej\/tomas-afan-munoz\/el-enigma-del-doctor-mabuso\/#primaryimage"},"image":{"@id":"https:\/\/assitej.culturaescenica.es\/eu\/editorial-assitej\/tomas-afan-munoz\/el-enigma-del-doctor-mabuso\/#primaryimage"},"thumbnailUrl":"https:\/\/assitej.culturaescenica.es\/wp-content\/uploads\/Enigma-Doctor-Mabuso-1-jpg.webp","datePublished":"2016-04-13T16:42:04+00:00","dateModified":"2025-05-05T14:01:41+00:00","breadcrumb":{"@id":"https:\/\/assitej.culturaescenica.es\/eu\/editorial-assitej\/tomas-afan-munoz\/el-enigma-del-doctor-mabuso\/#breadcrumb"},"inLanguage":"ca","potentialAction":[{"@type":"ReadAction","target":["https:\/\/assitej.culturaescenica.es\/eu\/editorial-assitej\/tomas-afan-munoz\/el-enigma-del-doctor-mabuso\/"]}]},{"@type":"ImageObject","inLanguage":"ca","@id":"https:\/\/assitej.culturaescenica.es\/eu\/editorial-assitej\/tomas-afan-munoz\/el-enigma-del-doctor-mabuso\/#primaryimage","url":"https:\/\/assitej.culturaescenica.es\/wp-content\/uploads\/Enigma-Doctor-Mabuso-1-jpg.webp","contentUrl":"https:\/\/assitej.culturaescenica.es\/wp-content\/uploads\/Enigma-Doctor-Mabuso-1-jpg.webp","width":485,"height":700},{"@type":"BreadcrumbList","@id":"https:\/\/assitej.culturaescenica.es\/eu\/editorial-assitej\/tomas-afan-munoz\/el-enigma-del-doctor-mabuso\/#breadcrumb","itemListElement":[{"@type":"ListItem","position":1,"name":"Portada","item":"https:\/\/assitej.culturaescenica.es\/gl\/"},{"@type":"ListItem","position":2,"name":"Editorial Assitej","item":"https:\/\/assitej.culturaescenica.es\/es_es\/editorial-assitej\/"},{"@type":"ListItem","position":3,"name":"EL ENIGMA DEL DOCTOR MABUSO"}]},{"@type":"WebSite","@id":"https:\/\/assitej.culturaescenica.es\/gl\/#website","url":"https:\/\/assitej.culturaescenica.es\/gl\/","name":"ASSITEJ Espanya","description":"ARTS ESC\u00c8NIQUES PER A LA INF\u00c0NCIA I LA JOVENTUT","publisher":{"@id":"https:\/\/assitej.culturaescenica.es\/gl\/#organization"},"potentialAction":[{"@type":"SearchAction","target":{"@type":"EntryPoint","urlTemplate":"https:\/\/assitej.culturaescenica.es\/gl\/?s={search_term_string}"},"query-input":{"@type":"PropertyValueSpecification","valueRequired":true,"valueName":"search_term_string"}}],"inLanguage":"ca"},{"@type":"Organization","@id":"https:\/\/assitej.culturaescenica.es\/gl\/#organization","name":"ASSITEJ Espanya","url":"https:\/\/assitej.culturaescenica.es\/gl\/","logo":{"@type":"ImageObject","inLanguage":"ca","@id":"https:\/\/assitej.culturaescenica.es\/gl\/#\/schema\/logo\/image\/","url":"https:\/\/assitej.es\/wp-content\/uploads\/Logo_ASSITEJ_Espana.RGB_2-1.png","contentUrl":"https:\/\/assitej.es\/wp-content\/uploads\/Logo_ASSITEJ_Espana.RGB_2-1.png","width":4934,"height":2287,"caption":"ASSITEJ Espa\u00f1a"},"image":{"@id":"https:\/\/assitej.culturaescenica.es\/gl\/#\/schema\/logo\/image\/"},"sameAs":["https:\/\/www.facebook.com\/assitejespana\/","https:\/\/x.com\/AssitejEspana","https:\/\/www.youtube.com\/channel\/UCv-2SDBzEmyORL5tPvsYgMw"]}]}},"_links":{"self":[{"href":"https:\/\/assitej.culturaescenica.es\/ca\/wp-json\/wp\/v2\/product\/3192","targetHints":{"allow":["GET"]}}],"collection":[{"href":"https:\/\/assitej.culturaescenica.es\/ca\/wp-json\/wp\/v2\/product"}],"about":[{"href":"https:\/\/assitej.culturaescenica.es\/ca\/wp-json\/wp\/v2\/types\/product"}],"wp:featuredmedia":[{"embeddable":true,"href":"https:\/\/assitej.culturaescenica.es\/ca\/wp-json\/wp\/v2\/media\/24326"}],"wp:attachment":[{"href":"https:\/\/assitej.culturaescenica.es\/ca\/wp-json\/wp\/v2\/media?parent=3192"}],"wp:term":[{"taxonomy":"product_brand","embeddable":true,"href":"https:\/\/assitej.culturaescenica.es\/ca\/wp-json\/wp\/v2\/product_brand?post=3192"},{"taxonomy":"product_cat","embeddable":true,"href":"https:\/\/assitej.culturaescenica.es\/ca\/wp-json\/wp\/v2\/product_cat?post=3192"},{"taxonomy":"product_tag","embeddable":true,"href":"https:\/\/assitej.culturaescenica.es\/ca\/wp-json\/wp\/v2\/product_tag?post=3192"}],"curies":[{"name":"wp","href":"https:\/\/api.w.org\/{rel}","templated":true}]}}