{"id":3190,"date":"2016-02-13T17:24:16","date_gmt":"2016-02-13T16:24:16","guid":{"rendered":"http:\/\/www.assitej.net\/?post_type=product&#038;p="},"modified":"2025-05-05T16:01:41","modified_gmt":"2025-05-05T14:01:41","slug":"la-ramita-de-hierbabuena","status":"publish","type":"product","link":"https:\/\/assitej.culturaescenica.es\/ca\/editorial-assitej\/eduardo-zamanillo\/la-ramita-de-hierbabuena\/","title":{"rendered":"LA RAMETA D&#039;HERBABONA"},"content":{"rendered":"<p><em>La branqueta d&#039;herbabona<\/em> ens explica les extraordin\u00e0ries aventures d&#039;Asterio, o com es digui. Aventures f\u00edsiques, aventures mentals que v\u00e9nen a fondre&#039;s en l&#039;aventura \u00fanica de la vida. la poli\u00e8drica aventura: est\u00e0 en els di\u00e0legs, en el plantejament dels enigmes, a les solucions?; est\u00e0 fins i tot en el tractament de l&#039;amor i de la mort, sense que per aix\u00f2 perdin la condici\u00f3 de coses serioses on n&#039;hi hagi. La branqueta de menta va obtenir el Premi FETEN l&#039;any 2.000. Eduardo zamanillo, vinculat a la Companyia PTV Clowns, pensa que la millor biografia d&#039;un autor la constitueix el conjunt de les seves obres. N&#039;ha escrit m\u00e9s d&#039;una vintena, estrenada per diferents companyies i grups de teatre. Ha rebut alguns premis, dels quals diu que es troba for\u00e7a recuperat.<\/p>","protected":false},"excerpt":{"rendered":"<p><em>La branqueta d&#039;herbabona<\/em> ens explica les extraordin\u00e0ries aventures d&#039;Asterio, o com es digui. Aventures f\u00edsiques, aventures mentals que v\u00e9nen a fondre&#039;s en l&#039;aventura \u00fanica de la vida. la poli\u00e8drica aventura: est\u00e0 en els di\u00e0legs, en el plantejament dels enigmes, a les solucions?; est\u00e0 fins i tot en el tractament de l&#039;amor i de la mort, sense que per aix\u00f2 perdin la condici\u00f3 de coses serioses on n&#039;hi hagi. La branqueta de menta va obtenir el Premi FETEN l&#039;any 2.000. Eduardo zamanillo, vinculat a la Companyia PTV Clowns, pensa que la millor biografia d&#039;un autor la constitueix el conjunt de les seves obres. N&#039;ha escrit m\u00e9s d&#039;una vintena, estrenada per diferents companyies i grups de teatre. Ha rebut alguns premis, dels quals diu que es troba for\u00e7a recuperat.<\/p>","protected":false},"featured_media":24324,"template":"","meta":{"_acf_changed":false,"_links_to":"","_links_to_target":""},"product_brand":[],"product_cat":[80],"product_tag":[67],"class_list":{"0":"post-3190","1":"product","2":"type-product","3":"status-publish","4":"has-post-thumbnail","6":"product_cat-eduardo-zamanillo","7":"product_tag-coleccion-teatro","8":"infinite-scroll-item","9":"","10":"woocommerce-text-align-left","11":"woocommerce-image-align-center","12":"do-quantity-buttons","14":"first","15":"outofstock","16":"taxable","17":"shipping-taxable","18":"purchasable","19":"product-type-simple"},"acf":[],"yoast_head":"<!-- This site is optimized with the Yoast SEO plugin v27.1.1 - https:\/\/yoast.com\/product\/yoast-seo-wordpress\/ -->\n<title>LA RAMITA DE HIERBABUENA - ASSITEJ Espa\u00f1a<\/title>\n<meta name=\"robots\" content=\"index, follow, max-snippet:-1, max-image-preview:large, max-video-preview:-1\" \/>\n<link rel=\"canonical\" href=\"https:\/\/assitej.culturaescenica.es\/ca\/editorial-assitej\/eduardo-zamanillo\/la-ramita-de-hierbabuena\/\" \/>\n<meta property=\"og:locale\" content=\"ca_ES\" \/>\n<meta property=\"og:type\" content=\"article\" \/>\n<meta property=\"og:title\" content=\"LA RAMITA DE HIERBABUENA - ASSITEJ Espa\u00f1a\" \/>\n<meta property=\"og:description\" content=\"La ramita de hierbabuena nos cuenta las extraordinarias aventuras de Asterio, o como se llame. Aventuras f\u00edsicas, aventuras mentales que vienen a fundirse en la aventura \u00fanica de la vida.M\u00e1s all\u00e1 de que los personajes parezcan empe\u00f1ados en recordarnos alg\u00fan lejano parentesco con afamados antecesores de estirpe mitol\u00f3gica, el humor forma parte sustancial de cada una de las caras que configuran la poli\u00e9drica aventura: est\u00e1 en los di\u00e1logos, en el planteamiento de los enigmas, en las \u00bfsoluciones?; est\u00e1 incluso en el tratamiento del amor y de la muerte, sin que por ello pierdan su condici\u00f3n de cosas serias donde las haya. La ramita de hierbabuena obtuvo el Premio FETEN en el a\u00f1o 2.000.Eduardo zamanillo, vinculado a la Compa\u00f1\u00eda PTV Clowns, piensa que la mejor biograf\u00eda de un autor la constituye el conjunto de sus obras. Ha escrito m\u00e1s de una veintena, estrenada por distintas compa\u00f1\u00edas y grupos de teatro. Ha recibido algunos premios, de los cuales dice hallarse bastante recuperado.\" \/>\n<meta property=\"og:url\" content=\"https:\/\/assitej.culturaescenica.es\/ca\/editorial-assitej\/eduardo-zamanillo\/la-ramita-de-hierbabuena\/\" \/>\n<meta property=\"og:site_name\" content=\"ASSITEJ Espa\u00f1a\" \/>\n<meta property=\"article:publisher\" content=\"https:\/\/www.facebook.com\/assitejespana\/\" \/>\n<meta property=\"article:modified_time\" content=\"2025-05-05T14:01:41+00:00\" \/>\n<meta property=\"og:image\" content=\"https:\/\/assitej.culturaescenica.es\/wp-content\/uploads\/La-ramita-de-Hierbabuena-1-jpg.webp\" \/>\n\t<meta property=\"og:image:width\" content=\"485\" \/>\n\t<meta property=\"og:image:height\" content=\"700\" \/>\n\t<meta property=\"og:image:type\" content=\"image\/jpeg\" \/>\n<meta name=\"twitter:card\" content=\"summary_large_image\" \/>\n<meta name=\"twitter:site\" content=\"@AssitejEspana\" \/>\n<meta name=\"twitter:label1\" content=\"Temps estimat de lectura\" \/>\n\t<meta name=\"twitter:data1\" content=\"1 minut\" \/>\n<script type=\"application\/ld+json\" class=\"yoast-schema-graph\">{\"@context\":\"https:\/\/schema.org\",\"@graph\":[{\"@type\":\"WebPage\",\"@id\":\"https:\/\/assitej.culturaescenica.es\/editorial-assitej\/eduardo-zamanillo\/la-ramita-de-hierbabuena\/\",\"url\":\"https:\/\/assitej.culturaescenica.es\/editorial-assitej\/eduardo-zamanillo\/la-ramita-de-hierbabuena\/\",\"name\":\"LA RAMITA DE HIERBABUENA - ASSITEJ Espa\u00f1a\",\"isPartOf\":{\"@id\":\"https:\/\/assitej.culturaescenica.es\/gl\/#website\"},\"primaryImageOfPage\":{\"@id\":\"https:\/\/assitej.culturaescenica.es\/editorial-assitej\/eduardo-zamanillo\/la-ramita-de-hierbabuena\/#primaryimage\"},\"image\":{\"@id\":\"https:\/\/assitej.culturaescenica.es\/editorial-assitej\/eduardo-zamanillo\/la-ramita-de-hierbabuena\/#primaryimage\"},\"thumbnailUrl\":\"https:\/\/assitej.culturaescenica.es\/wp-content\/uploads\/La-ramita-de-Hierbabuena-1-jpg.webp\",\"datePublished\":\"2016-02-13T16:24:16+00:00\",\"dateModified\":\"2025-05-05T14:01:41+00:00\",\"breadcrumb\":{\"@id\":\"https:\/\/assitej.culturaescenica.es\/editorial-assitej\/eduardo-zamanillo\/la-ramita-de-hierbabuena\/#breadcrumb\"},\"inLanguage\":\"ca\",\"potentialAction\":[{\"@type\":\"ReadAction\",\"target\":[\"https:\/\/assitej.culturaescenica.es\/editorial-assitej\/eduardo-zamanillo\/la-ramita-de-hierbabuena\/\"]}]},{\"@type\":\"ImageObject\",\"inLanguage\":\"ca\",\"@id\":\"https:\/\/assitej.culturaescenica.es\/editorial-assitej\/eduardo-zamanillo\/la-ramita-de-hierbabuena\/#primaryimage\",\"url\":\"https:\/\/assitej.culturaescenica.es\/wp-content\/uploads\/La-ramita-de-Hierbabuena-1-jpg.webp\",\"contentUrl\":\"https:\/\/assitej.culturaescenica.es\/wp-content\/uploads\/La-ramita-de-Hierbabuena-1-jpg.webp\",\"width\":485,\"height\":700},{\"@type\":\"BreadcrumbList\",\"@id\":\"https:\/\/assitej.culturaescenica.es\/editorial-assitej\/eduardo-zamanillo\/la-ramita-de-hierbabuena\/#breadcrumb\",\"itemListElement\":[{\"@type\":\"ListItem\",\"position\":1,\"name\":\"Portada\",\"item\":\"https:\/\/assitej.culturaescenica.es\/gl\/\"},{\"@type\":\"ListItem\",\"position\":2,\"name\":\"Editorial Assitej\",\"item\":\"https:\/\/assitej.culturaescenica.es\/es_es\/editorial-assitej\/\"},{\"@type\":\"ListItem\",\"position\":3,\"name\":\"LA RAMITA DE HIERBABUENA\"}]},{\"@type\":\"WebSite\",\"@id\":\"https:\/\/assitej.culturaescenica.es\/gl\/#website\",\"url\":\"https:\/\/assitej.culturaescenica.es\/gl\/\",\"name\":\"ASSITEJ Espa\u00f1a\",\"description\":\"ARTES ESC\u00c9NICAS PARA LA INFANCIA Y LA JUVENTUD\",\"publisher\":{\"@id\":\"https:\/\/assitej.culturaescenica.es\/gl\/#organization\"},\"potentialAction\":[{\"@type\":\"SearchAction\",\"target\":{\"@type\":\"EntryPoint\",\"urlTemplate\":\"https:\/\/assitej.culturaescenica.es\/gl\/?s={search_term_string}\"},\"query-input\":{\"@type\":\"PropertyValueSpecification\",\"valueRequired\":true,\"valueName\":\"search_term_string\"}}],\"inLanguage\":\"ca\"},{\"@type\":\"Organization\",\"@id\":\"https:\/\/assitej.culturaescenica.es\/gl\/#organization\",\"name\":\"ASSITEJ Espa\u00f1a\",\"url\":\"https:\/\/assitej.culturaescenica.es\/gl\/\",\"logo\":{\"@type\":\"ImageObject\",\"inLanguage\":\"ca\",\"@id\":\"https:\/\/assitej.culturaescenica.es\/gl\/#\/schema\/logo\/image\/\",\"url\":\"https:\/\/assitej.es\/wp-content\/uploads\/Logo_ASSITEJ_Espana.RGB_2-1.png\",\"contentUrl\":\"https:\/\/assitej.es\/wp-content\/uploads\/Logo_ASSITEJ_Espana.RGB_2-1.png\",\"width\":4934,\"height\":2287,\"caption\":\"ASSITEJ Espa\u00f1a\"},\"image\":{\"@id\":\"https:\/\/assitej.culturaescenica.es\/gl\/#\/schema\/logo\/image\/\"},\"sameAs\":[\"https:\/\/www.facebook.com\/assitejespana\/\",\"https:\/\/x.com\/AssitejEspana\",\"https:\/\/www.youtube.com\/channel\/UCv-2SDBzEmyORL5tPvsYgMw\"]}]}<\/script>\n<!-- \/ Yoast SEO plugin. -->","yoast_head_json":{"title":"LA RAMETA D&#039;HERBABONA - ASSITEJ Espanya","robots":{"index":"index","follow":"follow","max-snippet":"max-snippet:-1","max-image-preview":"max-image-preview:large","max-video-preview":"max-video-preview:-1"},"canonical":"https:\/\/assitej.culturaescenica.es\/ca\/editorial-assitej\/eduardo-zamanillo\/la-ramita-de-hierbabuena\/","og_locale":"ca_ES","og_type":"article","og_title":"LA RAMITA DE HIERBABUENA - ASSITEJ Espa\u00f1a","og_description":"La ramita de hierbabuena nos cuenta las extraordinarias aventuras de Asterio, o como se llame. Aventuras f\u00edsicas, aventuras mentales que vienen a fundirse en la aventura \u00fanica de la vida.M\u00e1s all\u00e1 de que los personajes parezcan empe\u00f1ados en recordarnos alg\u00fan lejano parentesco con afamados antecesores de estirpe mitol\u00f3gica, el humor forma parte sustancial de cada una de las caras que configuran la poli\u00e9drica aventura: est\u00e1 en los di\u00e1logos, en el planteamiento de los enigmas, en las \u00bfsoluciones?; est\u00e1 incluso en el tratamiento del amor y de la muerte, sin que por ello pierdan su condici\u00f3n de cosas serias donde las haya. La ramita de hierbabuena obtuvo el Premio FETEN en el a\u00f1o 2.000.Eduardo zamanillo, vinculado a la Compa\u00f1\u00eda PTV Clowns, piensa que la mejor biograf\u00eda de un autor la constituye el conjunto de sus obras. Ha escrito m\u00e1s de una veintena, estrenada por distintas compa\u00f1\u00edas y grupos de teatro. Ha recibido algunos premios, de los cuales dice hallarse bastante recuperado.","og_url":"https:\/\/assitej.culturaescenica.es\/ca\/editorial-assitej\/eduardo-zamanillo\/la-ramita-de-hierbabuena\/","og_site_name":"ASSITEJ Espa\u00f1a","article_publisher":"https:\/\/www.facebook.com\/assitejespana\/","article_modified_time":"2025-05-05T14:01:41+00:00","og_image":[{"width":485,"height":700,"url":"https:\/\/assitej.culturaescenica.es\/wp-content\/uploads\/La-ramita-de-Hierbabuena-1-jpg.webp","type":"image\/jpeg"}],"twitter_card":"summary_large_image","twitter_site":"@AssitejEspana","twitter_misc":{"Temps estimat de lectura":"1 minut"},"schema":{"@context":"https:\/\/schema.org","@graph":[{"@type":"WebPage","@id":"https:\/\/assitej.culturaescenica.es\/editorial-assitej\/eduardo-zamanillo\/la-ramita-de-hierbabuena\/","url":"https:\/\/assitej.culturaescenica.es\/editorial-assitej\/eduardo-zamanillo\/la-ramita-de-hierbabuena\/","name":"LA RAMETA D&#039;HERBABONA - ASSITEJ Espanya","isPartOf":{"@id":"https:\/\/assitej.culturaescenica.es\/gl\/#website"},"primaryImageOfPage":{"@id":"https:\/\/assitej.culturaescenica.es\/editorial-assitej\/eduardo-zamanillo\/la-ramita-de-hierbabuena\/#primaryimage"},"image":{"@id":"https:\/\/assitej.culturaescenica.es\/editorial-assitej\/eduardo-zamanillo\/la-ramita-de-hierbabuena\/#primaryimage"},"thumbnailUrl":"https:\/\/assitej.culturaescenica.es\/wp-content\/uploads\/La-ramita-de-Hierbabuena-1-jpg.webp","datePublished":"2016-02-13T16:24:16+00:00","dateModified":"2025-05-05T14:01:41+00:00","breadcrumb":{"@id":"https:\/\/assitej.culturaescenica.es\/editorial-assitej\/eduardo-zamanillo\/la-ramita-de-hierbabuena\/#breadcrumb"},"inLanguage":"ca","potentialAction":[{"@type":"ReadAction","target":["https:\/\/assitej.culturaescenica.es\/editorial-assitej\/eduardo-zamanillo\/la-ramita-de-hierbabuena\/"]}]},{"@type":"ImageObject","inLanguage":"ca","@id":"https:\/\/assitej.culturaescenica.es\/editorial-assitej\/eduardo-zamanillo\/la-ramita-de-hierbabuena\/#primaryimage","url":"https:\/\/assitej.culturaescenica.es\/wp-content\/uploads\/La-ramita-de-Hierbabuena-1-jpg.webp","contentUrl":"https:\/\/assitej.culturaescenica.es\/wp-content\/uploads\/La-ramita-de-Hierbabuena-1-jpg.webp","width":485,"height":700},{"@type":"BreadcrumbList","@id":"https:\/\/assitej.culturaescenica.es\/editorial-assitej\/eduardo-zamanillo\/la-ramita-de-hierbabuena\/#breadcrumb","itemListElement":[{"@type":"ListItem","position":1,"name":"Portada","item":"https:\/\/assitej.culturaescenica.es\/gl\/"},{"@type":"ListItem","position":2,"name":"Editorial Assitej","item":"https:\/\/assitej.culturaescenica.es\/es_es\/editorial-assitej\/"},{"@type":"ListItem","position":3,"name":"LA RAMITA DE HIERBABUENA"}]},{"@type":"WebSite","@id":"https:\/\/assitej.culturaescenica.es\/gl\/#website","url":"https:\/\/assitej.culturaescenica.es\/gl\/","name":"ASSITEJ Espanya","description":"ARTS ESC\u00c8NIQUES PER A LA INF\u00c0NCIA I LA JOVENTUT","publisher":{"@id":"https:\/\/assitej.culturaescenica.es\/gl\/#organization"},"potentialAction":[{"@type":"SearchAction","target":{"@type":"EntryPoint","urlTemplate":"https:\/\/assitej.culturaescenica.es\/gl\/?s={search_term_string}"},"query-input":{"@type":"PropertyValueSpecification","valueRequired":true,"valueName":"search_term_string"}}],"inLanguage":"ca"},{"@type":"Organization","@id":"https:\/\/assitej.culturaescenica.es\/gl\/#organization","name":"ASSITEJ Espanya","url":"https:\/\/assitej.culturaescenica.es\/gl\/","logo":{"@type":"ImageObject","inLanguage":"ca","@id":"https:\/\/assitej.culturaescenica.es\/gl\/#\/schema\/logo\/image\/","url":"https:\/\/assitej.es\/wp-content\/uploads\/Logo_ASSITEJ_Espana.RGB_2-1.png","contentUrl":"https:\/\/assitej.es\/wp-content\/uploads\/Logo_ASSITEJ_Espana.RGB_2-1.png","width":4934,"height":2287,"caption":"ASSITEJ Espa\u00f1a"},"image":{"@id":"https:\/\/assitej.culturaescenica.es\/gl\/#\/schema\/logo\/image\/"},"sameAs":["https:\/\/www.facebook.com\/assitejespana\/","https:\/\/x.com\/AssitejEspana","https:\/\/www.youtube.com\/channel\/UCv-2SDBzEmyORL5tPvsYgMw"]}]}},"_links":{"self":[{"href":"https:\/\/assitej.culturaescenica.es\/ca\/wp-json\/wp\/v2\/product\/3190","targetHints":{"allow":["GET"]}}],"collection":[{"href":"https:\/\/assitej.culturaescenica.es\/ca\/wp-json\/wp\/v2\/product"}],"about":[{"href":"https:\/\/assitej.culturaescenica.es\/ca\/wp-json\/wp\/v2\/types\/product"}],"wp:featuredmedia":[{"embeddable":true,"href":"https:\/\/assitej.culturaescenica.es\/ca\/wp-json\/wp\/v2\/media\/24324"}],"wp:attachment":[{"href":"https:\/\/assitej.culturaescenica.es\/ca\/wp-json\/wp\/v2\/media?parent=3190"}],"wp:term":[{"taxonomy":"product_brand","embeddable":true,"href":"https:\/\/assitej.culturaescenica.es\/ca\/wp-json\/wp\/v2\/product_brand?post=3190"},{"taxonomy":"product_cat","embeddable":true,"href":"https:\/\/assitej.culturaescenica.es\/ca\/wp-json\/wp\/v2\/product_cat?post=3190"},{"taxonomy":"product_tag","embeddable":true,"href":"https:\/\/assitej.culturaescenica.es\/ca\/wp-json\/wp\/v2\/product_tag?post=3190"}],"curies":[{"name":"wp","href":"https:\/\/api.w.org\/{rel}","templated":true}]}}