{"id":3180,"date":"2016-02-08T18:25:01","date_gmt":"2016-02-08T17:25:01","guid":{"rendered":"http:\/\/www.assitej.net\/producto\/cosmica-misterios-copiar\/"},"modified":"2025-05-05T16:01:41","modified_gmt":"2025-05-05T14:01:41","slug":"romance-de-micomicon-y-adhelala","status":"publish","type":"product","link":"https:\/\/assitej.culturaescenica.es\/ca\/editorial-assitej\/eduardo-blanco-amor\/romance-de-micomicon-y-adhelala\/","title":{"rendered":"ROMANCE DE MICOMIC\u00d3 I ADHELALA"},"content":{"rendered":"<p>A <em>Roman\u00e7 de Micomic\u00f3 i Adhelala<\/em>, es parla d&#039;un regne estrany governat per una reina histerica, on hi ha un palau a punt d&#039;esfondrar-se pels rampells de Micomic\u00f3, un pr\u00edncep convertit en gegant per efecte d&#039;una maledicci\u00f3. Entre tant personatge estrafolari, destaca Adhelala, una princesa captiva, que posseeix la iniciativa i saviesa. Solament ella coneix l&#039;origen del mal del pr\u00edncep i posseeix el remei per curar-ho.<strong>Eduardo Blanco Amor<\/strong> (Ourense, 1897-Vigo, 1979) va emigrar a Am\u00e8rica amb 20 anys i va residir a Argentina, on es va dedicar al periodisme i la literatura. El 1929 va tornar a Gal\u00edcia, com a corresponsal del diari La Naci\u00f3. Es va donar a con\u00e8ixer com a poeta el 1928, amb la publicaci\u00f3 de <em>Roman\u00e7os galecs<\/em> i, m\u00e9s tard,<em>Cancioneiro<\/em> (1956), <em>Poema en catro tempos<\/em> (1959), a m\u00e9s d&#039;algunes peces teatrals com <em>Farses per a Titelles<\/em> (de la qual forma part <em>Roman\u00e7 de Micomic\u00f3<\/em>\u2026). Tot i que va cultivar alguns g\u00e8neres period\u00edstics i tamb\u00e9 literatura en castell\u00e0.<\/p>","protected":false},"excerpt":{"rendered":"<p>A <em>Roman\u00e7 de Micomic\u00f3 i Adhelala<\/em>, es parla d&#039;un regne estrany governat per una reina histerica, on hi ha un palau a punt d&#039;esfondrar-se pels rampells de Micomic\u00f3, un pr\u00edncep convertit en gegant per efecte d&#039;una maledicci\u00f3. Entre tant personatge estrafolari, destaca Adhelala, una princesa captiva, que posseeix la iniciativa i saviesa. Solament ella coneix l&#039;origen del mal del pr\u00edncep i posseeix el remei per curar-ho.<strong>Eduardo Blanco Amor<\/strong> (Ourense, 1897-Vigo, 1979) va emigrar a Am\u00e8rica amb 20 anys i va residir a Argentina, on es va dedicar al periodisme i la literatura. El 1929 va tornar a Gal\u00edcia, com a corresponsal del diari La Naci\u00f3. Es va donar a con\u00e8ixer com a poeta el 1928, amb la publicaci\u00f3 de <em>Roman\u00e7os galecs<\/em> i, m\u00e9s tard,<em>Cancioneiro<\/em> (1956), <em>Poema en catro tempos<\/em> (1959), a m\u00e9s d&#039;algunes peces teatrals com <em>Farses per a Titelles<\/em> (de la qual forma part <em>Roman\u00e7 de Micomic\u00f3<\/em>\u2026). Tot i que va cultivar alguns g\u00e8neres period\u00edstics i tamb\u00e9 literatura en castell\u00e0.<\/p>","protected":false},"featured_media":24323,"template":"","meta":{"_acf_changed":false,"_links_to":"","_links_to_target":""},"product_brand":[],"product_cat":[79],"product_tag":[67],"class_list":{"0":"post-3180","1":"product","2":"type-product","3":"status-publish","4":"has-post-thumbnail","6":"product_cat-eduardo-blanco-amor","7":"product_tag-coleccion-teatro","8":"infinite-scroll-item","9":"","10":"woocommerce-text-align-left","11":"woocommerce-image-align-center","12":"do-quantity-buttons","14":"first","15":"outofstock","16":"featured","17":"taxable","18":"shipping-taxable","19":"purchasable","20":"product-type-simple"},"acf":[],"yoast_head":"<!-- This site is optimized with the Yoast SEO plugin v27.1.1 - https:\/\/yoast.com\/product\/yoast-seo-wordpress\/ -->\n<title>ROMANCE DE MICOMIC\u00d3N Y ADHELALA - ASSITEJ Espa\u00f1a<\/title>\n<meta name=\"robots\" content=\"index, follow, max-snippet:-1, max-image-preview:large, max-video-preview:-1\" \/>\n<link rel=\"canonical\" href=\"https:\/\/assitej.culturaescenica.es\/ca\/editorial-assitej\/eduardo-blanco-amor\/romance-de-micomicon-y-adhelala\/\" \/>\n<meta property=\"og:locale\" content=\"ca_ES\" \/>\n<meta property=\"og:type\" content=\"article\" \/>\n<meta property=\"og:title\" content=\"ROMANCE DE MICOMIC\u00d3N Y ADHELALA - ASSITEJ Espa\u00f1a\" \/>\n<meta property=\"og:description\" content=\"En Romance de Micomic\u00f3n y Adhelala, se habla de un reino extra\u00f1o gobernado por una reina histerica, donde hay un palacio a punto de derrumbarse por los arrebatos de Micomic\u00f3n, un pr\u00edncipe convertido en gigante por efecto de una maldici\u00f3n.Entre tanto personaje estrafalario, destaca Adhelala, una princesa cautiva, que posee la iniciativa y sabiduria necesarias para cambiar las cosas. Solo ella conoce el origen del mal del pr\u00edncipe y posee el remedio para curarlo.Eduardo Blanco Amor (Ourense, 1897-Vigo, 1979) emigr\u00f3 a Am\u00e9rica con 20 a\u00f1os y residi\u00f3 en Argentina, donde se dedic\u00f3 al periodismo y la literatura. En 1929 volvi\u00f3 a Galicia, como corresponsal del diario La Naci\u00f3n. Se dio a conocer como poeta en 1928, con la publicaci\u00f3n de Romances galegos y, m\u00e1s tarde,Cancioneiro (1956), Poema en catro tempos (1959), adem\u00e1s de algunas piezas teatrales como Farsas para T\u00edteres (de la que forma parte Romance de Micomic\u00f3n\u2026). Aunque cultiv\u00f3 algunos g\u00e9neros periodisticos y tambi\u00e9n literatura en castellano.\" \/>\n<meta property=\"og:url\" content=\"https:\/\/assitej.culturaescenica.es\/ca\/editorial-assitej\/eduardo-blanco-amor\/romance-de-micomicon-y-adhelala\/\" \/>\n<meta property=\"og:site_name\" content=\"ASSITEJ Espa\u00f1a\" \/>\n<meta property=\"article:publisher\" content=\"https:\/\/www.facebook.com\/assitejespana\/\" \/>\n<meta property=\"article:modified_time\" content=\"2025-05-05T14:01:41+00:00\" \/>\n<meta property=\"og:image\" content=\"https:\/\/assitej.culturaescenica.es\/wp-content\/uploads\/Romance-de-Micomicon-y-Adhelala-jpg.webp\" \/>\n\t<meta property=\"og:image:width\" content=\"485\" \/>\n\t<meta property=\"og:image:height\" content=\"700\" \/>\n\t<meta property=\"og:image:type\" content=\"image\/jpeg\" \/>\n<meta name=\"twitter:card\" content=\"summary_large_image\" \/>\n<meta name=\"twitter:site\" content=\"@AssitejEspana\" \/>\n<meta name=\"twitter:label1\" content=\"Temps estimat de lectura\" \/>\n\t<meta name=\"twitter:data1\" content=\"1 minut\" \/>\n<script type=\"application\/ld+json\" class=\"yoast-schema-graph\">{\"@context\":\"https:\/\/schema.org\",\"@graph\":[{\"@type\":\"WebPage\",\"@id\":\"https:\/\/assitej.culturaescenica.es\/editorial-assitej\/eduardo-blanco-amor\/romance-de-micomicon-y-adhelala\/\",\"url\":\"https:\/\/assitej.culturaescenica.es\/editorial-assitej\/eduardo-blanco-amor\/romance-de-micomicon-y-adhelala\/\",\"name\":\"ROMANCE DE MICOMIC\u00d3N Y ADHELALA - ASSITEJ Espa\u00f1a\",\"isPartOf\":{\"@id\":\"https:\/\/assitej.culturaescenica.es\/gl\/#website\"},\"primaryImageOfPage\":{\"@id\":\"https:\/\/assitej.culturaescenica.es\/editorial-assitej\/eduardo-blanco-amor\/romance-de-micomicon-y-adhelala\/#primaryimage\"},\"image\":{\"@id\":\"https:\/\/assitej.culturaescenica.es\/editorial-assitej\/eduardo-blanco-amor\/romance-de-micomicon-y-adhelala\/#primaryimage\"},\"thumbnailUrl\":\"https:\/\/assitej.culturaescenica.es\/wp-content\/uploads\/Romance-de-Micomicon-y-Adhelala-jpg.webp\",\"datePublished\":\"2016-02-08T17:25:01+00:00\",\"dateModified\":\"2025-05-05T14:01:41+00:00\",\"breadcrumb\":{\"@id\":\"https:\/\/assitej.culturaescenica.es\/editorial-assitej\/eduardo-blanco-amor\/romance-de-micomicon-y-adhelala\/#breadcrumb\"},\"inLanguage\":\"ca\",\"potentialAction\":[{\"@type\":\"ReadAction\",\"target\":[\"https:\/\/assitej.culturaescenica.es\/editorial-assitej\/eduardo-blanco-amor\/romance-de-micomicon-y-adhelala\/\"]}]},{\"@type\":\"ImageObject\",\"inLanguage\":\"ca\",\"@id\":\"https:\/\/assitej.culturaescenica.es\/editorial-assitej\/eduardo-blanco-amor\/romance-de-micomicon-y-adhelala\/#primaryimage\",\"url\":\"https:\/\/assitej.culturaescenica.es\/wp-content\/uploads\/Romance-de-Micomicon-y-Adhelala-jpg.webp\",\"contentUrl\":\"https:\/\/assitej.culturaescenica.es\/wp-content\/uploads\/Romance-de-Micomicon-y-Adhelala-jpg.webp\",\"width\":485,\"height\":700},{\"@type\":\"BreadcrumbList\",\"@id\":\"https:\/\/assitej.culturaescenica.es\/editorial-assitej\/eduardo-blanco-amor\/romance-de-micomicon-y-adhelala\/#breadcrumb\",\"itemListElement\":[{\"@type\":\"ListItem\",\"position\":1,\"name\":\"Portada\",\"item\":\"https:\/\/assitej.culturaescenica.es\/gl\/\"},{\"@type\":\"ListItem\",\"position\":2,\"name\":\"Editorial Assitej\",\"item\":\"https:\/\/assitej.culturaescenica.es\/es_es\/editorial-assitej\/\"},{\"@type\":\"ListItem\",\"position\":3,\"name\":\"ROMANCE DE MICOMIC\u00d3N Y ADHELALA\"}]},{\"@type\":\"WebSite\",\"@id\":\"https:\/\/assitej.culturaescenica.es\/gl\/#website\",\"url\":\"https:\/\/assitej.culturaescenica.es\/gl\/\",\"name\":\"ASSITEJ Espa\u00f1a\",\"description\":\"ARTES ESC\u00c9NICAS PARA LA INFANCIA Y LA JUVENTUD\",\"publisher\":{\"@id\":\"https:\/\/assitej.culturaescenica.es\/gl\/#organization\"},\"potentialAction\":[{\"@type\":\"SearchAction\",\"target\":{\"@type\":\"EntryPoint\",\"urlTemplate\":\"https:\/\/assitej.culturaescenica.es\/gl\/?s={search_term_string}\"},\"query-input\":{\"@type\":\"PropertyValueSpecification\",\"valueRequired\":true,\"valueName\":\"search_term_string\"}}],\"inLanguage\":\"ca\"},{\"@type\":\"Organization\",\"@id\":\"https:\/\/assitej.culturaescenica.es\/gl\/#organization\",\"name\":\"ASSITEJ Espa\u00f1a\",\"url\":\"https:\/\/assitej.culturaescenica.es\/gl\/\",\"logo\":{\"@type\":\"ImageObject\",\"inLanguage\":\"ca\",\"@id\":\"https:\/\/assitej.culturaescenica.es\/gl\/#\/schema\/logo\/image\/\",\"url\":\"https:\/\/assitej.es\/wp-content\/uploads\/Logo_ASSITEJ_Espana.RGB_2-1.png\",\"contentUrl\":\"https:\/\/assitej.es\/wp-content\/uploads\/Logo_ASSITEJ_Espana.RGB_2-1.png\",\"width\":4934,\"height\":2287,\"caption\":\"ASSITEJ Espa\u00f1a\"},\"image\":{\"@id\":\"https:\/\/assitej.culturaescenica.es\/gl\/#\/schema\/logo\/image\/\"},\"sameAs\":[\"https:\/\/www.facebook.com\/assitejespana\/\",\"https:\/\/x.com\/AssitejEspana\",\"https:\/\/www.youtube.com\/channel\/UCv-2SDBzEmyORL5tPvsYgMw\"]}]}<\/script>\n<!-- \/ Yoast SEO plugin. -->","yoast_head_json":{"title":"ROMANCE DE MICOMIC\u00d3 I ADHELALA - ASSITEJ Espanya","robots":{"index":"index","follow":"follow","max-snippet":"max-snippet:-1","max-image-preview":"max-image-preview:large","max-video-preview":"max-video-preview:-1"},"canonical":"https:\/\/assitej.culturaescenica.es\/ca\/editorial-assitej\/eduardo-blanco-amor\/romance-de-micomicon-y-adhelala\/","og_locale":"ca_ES","og_type":"article","og_title":"ROMANCE DE MICOMIC\u00d3N Y ADHELALA - ASSITEJ Espa\u00f1a","og_description":"En Romance de Micomic\u00f3n y Adhelala, se habla de un reino extra\u00f1o gobernado por una reina histerica, donde hay un palacio a punto de derrumbarse por los arrebatos de Micomic\u00f3n, un pr\u00edncipe convertido en gigante por efecto de una maldici\u00f3n.Entre tanto personaje estrafalario, destaca Adhelala, una princesa cautiva, que posee la iniciativa y sabiduria necesarias para cambiar las cosas. Solo ella conoce el origen del mal del pr\u00edncipe y posee el remedio para curarlo.Eduardo Blanco Amor (Ourense, 1897-Vigo, 1979) emigr\u00f3 a Am\u00e9rica con 20 a\u00f1os y residi\u00f3 en Argentina, donde se dedic\u00f3 al periodismo y la literatura. En 1929 volvi\u00f3 a Galicia, como corresponsal del diario La Naci\u00f3n. Se dio a conocer como poeta en 1928, con la publicaci\u00f3n de Romances galegos y, m\u00e1s tarde,Cancioneiro (1956), Poema en catro tempos (1959), adem\u00e1s de algunas piezas teatrales como Farsas para T\u00edteres (de la que forma parte Romance de Micomic\u00f3n\u2026). Aunque cultiv\u00f3 algunos g\u00e9neros periodisticos y tambi\u00e9n literatura en castellano.","og_url":"https:\/\/assitej.culturaescenica.es\/ca\/editorial-assitej\/eduardo-blanco-amor\/romance-de-micomicon-y-adhelala\/","og_site_name":"ASSITEJ Espa\u00f1a","article_publisher":"https:\/\/www.facebook.com\/assitejespana\/","article_modified_time":"2025-05-05T14:01:41+00:00","og_image":[{"width":485,"height":700,"url":"https:\/\/assitej.culturaescenica.es\/wp-content\/uploads\/Romance-de-Micomicon-y-Adhelala-jpg.webp","type":"image\/jpeg"}],"twitter_card":"summary_large_image","twitter_site":"@AssitejEspana","twitter_misc":{"Temps estimat de lectura":"1 minut"},"schema":{"@context":"https:\/\/schema.org","@graph":[{"@type":"WebPage","@id":"https:\/\/assitej.culturaescenica.es\/editorial-assitej\/eduardo-blanco-amor\/romance-de-micomicon-y-adhelala\/","url":"https:\/\/assitej.culturaescenica.es\/editorial-assitej\/eduardo-blanco-amor\/romance-de-micomicon-y-adhelala\/","name":"ROMANCE DE MICOMIC\u00d3 I ADHELALA - ASSITEJ Espanya","isPartOf":{"@id":"https:\/\/assitej.culturaescenica.es\/gl\/#website"},"primaryImageOfPage":{"@id":"https:\/\/assitej.culturaescenica.es\/editorial-assitej\/eduardo-blanco-amor\/romance-de-micomicon-y-adhelala\/#primaryimage"},"image":{"@id":"https:\/\/assitej.culturaescenica.es\/editorial-assitej\/eduardo-blanco-amor\/romance-de-micomicon-y-adhelala\/#primaryimage"},"thumbnailUrl":"https:\/\/assitej.culturaescenica.es\/wp-content\/uploads\/Romance-de-Micomicon-y-Adhelala-jpg.webp","datePublished":"2016-02-08T17:25:01+00:00","dateModified":"2025-05-05T14:01:41+00:00","breadcrumb":{"@id":"https:\/\/assitej.culturaescenica.es\/editorial-assitej\/eduardo-blanco-amor\/romance-de-micomicon-y-adhelala\/#breadcrumb"},"inLanguage":"ca","potentialAction":[{"@type":"ReadAction","target":["https:\/\/assitej.culturaescenica.es\/editorial-assitej\/eduardo-blanco-amor\/romance-de-micomicon-y-adhelala\/"]}]},{"@type":"ImageObject","inLanguage":"ca","@id":"https:\/\/assitej.culturaescenica.es\/editorial-assitej\/eduardo-blanco-amor\/romance-de-micomicon-y-adhelala\/#primaryimage","url":"https:\/\/assitej.culturaescenica.es\/wp-content\/uploads\/Romance-de-Micomicon-y-Adhelala-jpg.webp","contentUrl":"https:\/\/assitej.culturaescenica.es\/wp-content\/uploads\/Romance-de-Micomicon-y-Adhelala-jpg.webp","width":485,"height":700},{"@type":"BreadcrumbList","@id":"https:\/\/assitej.culturaescenica.es\/editorial-assitej\/eduardo-blanco-amor\/romance-de-micomicon-y-adhelala\/#breadcrumb","itemListElement":[{"@type":"ListItem","position":1,"name":"Portada","item":"https:\/\/assitej.culturaescenica.es\/gl\/"},{"@type":"ListItem","position":2,"name":"Editorial Assitej","item":"https:\/\/assitej.culturaescenica.es\/es_es\/editorial-assitej\/"},{"@type":"ListItem","position":3,"name":"ROMANCE DE MICOMIC\u00d3N Y ADHELALA"}]},{"@type":"WebSite","@id":"https:\/\/assitej.culturaescenica.es\/gl\/#website","url":"https:\/\/assitej.culturaescenica.es\/gl\/","name":"ASSITEJ Espanya","description":"ARTS ESC\u00c8NIQUES PER A LA INF\u00c0NCIA I LA JOVENTUT","publisher":{"@id":"https:\/\/assitej.culturaescenica.es\/gl\/#organization"},"potentialAction":[{"@type":"SearchAction","target":{"@type":"EntryPoint","urlTemplate":"https:\/\/assitej.culturaescenica.es\/gl\/?s={search_term_string}"},"query-input":{"@type":"PropertyValueSpecification","valueRequired":true,"valueName":"search_term_string"}}],"inLanguage":"ca"},{"@type":"Organization","@id":"https:\/\/assitej.culturaescenica.es\/gl\/#organization","name":"ASSITEJ Espanya","url":"https:\/\/assitej.culturaescenica.es\/gl\/","logo":{"@type":"ImageObject","inLanguage":"ca","@id":"https:\/\/assitej.culturaescenica.es\/gl\/#\/schema\/logo\/image\/","url":"https:\/\/assitej.es\/wp-content\/uploads\/Logo_ASSITEJ_Espana.RGB_2-1.png","contentUrl":"https:\/\/assitej.es\/wp-content\/uploads\/Logo_ASSITEJ_Espana.RGB_2-1.png","width":4934,"height":2287,"caption":"ASSITEJ Espa\u00f1a"},"image":{"@id":"https:\/\/assitej.culturaescenica.es\/gl\/#\/schema\/logo\/image\/"},"sameAs":["https:\/\/www.facebook.com\/assitejespana\/","https:\/\/x.com\/AssitejEspana","https:\/\/www.youtube.com\/channel\/UCv-2SDBzEmyORL5tPvsYgMw"]}]}},"_links":{"self":[{"href":"https:\/\/assitej.culturaescenica.es\/ca\/wp-json\/wp\/v2\/product\/3180","targetHints":{"allow":["GET"]}}],"collection":[{"href":"https:\/\/assitej.culturaescenica.es\/ca\/wp-json\/wp\/v2\/product"}],"about":[{"href":"https:\/\/assitej.culturaescenica.es\/ca\/wp-json\/wp\/v2\/types\/product"}],"wp:featuredmedia":[{"embeddable":true,"href":"https:\/\/assitej.culturaescenica.es\/ca\/wp-json\/wp\/v2\/media\/24323"}],"wp:attachment":[{"href":"https:\/\/assitej.culturaescenica.es\/ca\/wp-json\/wp\/v2\/media?parent=3180"}],"wp:term":[{"taxonomy":"product_brand","embeddable":true,"href":"https:\/\/assitej.culturaescenica.es\/ca\/wp-json\/wp\/v2\/product_brand?post=3180"},{"taxonomy":"product_cat","embeddable":true,"href":"https:\/\/assitej.culturaescenica.es\/ca\/wp-json\/wp\/v2\/product_cat?post=3180"},{"taxonomy":"product_tag","embeddable":true,"href":"https:\/\/assitej.culturaescenica.es\/ca\/wp-json\/wp\/v2\/product_tag?post=3180"}],"curies":[{"name":"wp","href":"https:\/\/api.w.org\/{rel}","templated":true}]}}