{"id":3179,"date":"2016-02-08T18:13:47","date_gmt":"2016-02-08T17:13:47","guid":{"rendered":"http:\/\/www.assitej.net\/producto\/cosmica-misterios\/"},"modified":"2025-05-05T16:01:41","modified_gmt":"2025-05-05T14:01:41","slug":"los-3-mosqueteros-buscando-a-dartanan","status":"publish","type":"product","link":"https:\/\/assitej.culturaescenica.es\/ca\/editorial-assitej\/chani-martin-y-javi-coll\/los-3-mosqueteros-buscando-a-dartanan\/","title":{"rendered":"ELS 3 MOSQUETERS BUSCANT A D&#039;ARTA\u00d1\u00c1N"},"content":{"rendered":"<p>Els tres famosos mosqueters han estat desafiats a dol per un jove cavaller, a qui no coneixen, anomenat Darta\u00f1\u00e1n. Per\u00f2 el desconegut no es presenta a la cita i els tres mosqueters decideixen buscar-lo. Aquesta \u00e9s una hist\u00f2ria sobre l&#039;amistat, sobre tres amics que busquen un l\u00edder, un \u00eddol que mai no han vist, un capit\u00e0 que els gui\u00ef i els digui quan i com han de fer les coses.<\/p>\n<p><strong>Javier Veiga<\/strong>, Chani Mart\u00edn i Javi Coll. Aquests tres tipus, no canten com els tres tenors, ni s\u00f3n tan guapos com els tres \u00e0ngels de Charly, tampoc s\u00f3n tan guarros com els tres porquets\u2026, per\u00f2 sobretot, no estan tan tristos com els tres tigres que menjaven blat al bladar . Estan molt contents perqu\u00e8 s\u00f3n tres actors que amb tres desenes d&#039;anys per cap i despr\u00e9s de tres espectacles triomfants en com\u00fa, han escrit en un tris despr\u00e9s, a tres mans, aquests Tres Mosqueters i malgrat aix\u00f2, continuen sent tres indestructibles amics. A baix l&#039;estr\u00e8s, a dalt el m\u00f3n al rev\u00e9s i que visqui l&#039;estupitr\u00e8s\u2026!!<\/p>","protected":false},"excerpt":{"rendered":"<p>Els tres famosos mosqueters han estat desafiats a dol per un jove cavaller, a qui no coneixen, anomenat Darta\u00f1\u00e1n. Per\u00f2 el desconegut no es presenta a la cita i els tres mosqueters decideixen buscar-lo. Aquesta \u00e9s una hist\u00f2ria sobre l&#039;amistat, sobre tres amics que busquen un l\u00edder, un \u00eddol que mai no han vist, un capit\u00e0 que els gui\u00ef i els digui quan i com han de fer les coses.<strong>Javier Veiga<\/strong>, Chani Mart\u00edn i Javi Coll. Aquests tres tipus, no canten com els tres tenors, ni s\u00f3n tan guapos com els tres \u00e0ngels de Charly, tampoc s\u00f3n tan guarros com els tres porquets\u2026, per\u00f2 sobretot, no estan tan tristos com els tres tigres que menjaven blat al bladar . Estan molt contents perqu\u00e8 s\u00f3n tres actors que amb tres desenes d&#039;anys per cap i despr\u00e9s de tres espectacles triomfants en com\u00fa, han escrit en un tris despr\u00e9s, a tres mans, aquests Tres Mosqueters i malgrat aix\u00f2, continuen sent tres indestructibles amics. A baix l&#039;estr\u00e8s, a dalt el m\u00f3n al rev\u00e9s i que visqui l&#039;estupitr\u00e8s\u2026!!<\/p>","protected":false},"featured_media":24322,"template":"","meta":{"_acf_changed":false,"_links_to":"","_links_to_target":""},"product_brand":[],"product_cat":[78],"product_tag":[67],"class_list":{"0":"post-3179","1":"product","2":"type-product","3":"status-publish","4":"has-post-thumbnail","6":"product_cat-chani-martin-y-javi-coll","7":"product_tag-coleccion-teatro","8":"infinite-scroll-item","9":"","10":"woocommerce-text-align-left","11":"woocommerce-image-align-center","12":"do-quantity-buttons","14":"first","15":"outofstock","16":"featured","17":"taxable","18":"shipping-taxable","19":"purchasable","20":"product-type-simple"},"acf":[],"yoast_head":"<!-- This site is optimized with the Yoast SEO plugin v27.1.1 - https:\/\/yoast.com\/product\/yoast-seo-wordpress\/ -->\n<title>LOS 3 MOSQUETEROS BUSCANDO A D&#039;ARTA\u00d1\u00c1N - ASSITEJ Espa\u00f1a<\/title>\n<meta name=\"robots\" content=\"index, follow, max-snippet:-1, max-image-preview:large, max-video-preview:-1\" \/>\n<link rel=\"canonical\" href=\"https:\/\/assitej.culturaescenica.es\/ca\/editorial-assitej\/chani-martin-y-javi-coll\/los-3-mosqueteros-buscando-a-dartanan\/\" \/>\n<meta property=\"og:locale\" content=\"ca_ES\" \/>\n<meta property=\"og:type\" content=\"article\" \/>\n<meta property=\"og:title\" content=\"LOS 3 MOSQUETEROS BUSCANDO A D&#039;ARTA\u00d1\u00c1N - ASSITEJ Espa\u00f1a\" \/>\n<meta property=\"og:description\" content=\"Los tres famosos mosqueteros han sido retados a duelo por un joven caballero, al que no conocen, llamado Darta\u00f1\u00e1n. Pero el desconocido no se presenta a la cita y los tres mosqueteros deciden buscarlo. \u00c9sta es una historia sobre la amistad, sobre tres amigos que buscan a un l\u00edder, a un \u00eddolo al que jam\u00e1s han visto, a un capit\u00e1n que les gu\u00ede y les diga cu\u00e1ndo y c\u00f3mo deben hacer las cosas.Javier Veiga, Chani Mart\u00edn y Javi Coll. Estos tres tipos, no cantan como los tres tenores, ni son tan guapos como los tres \u00e1ngeles de Charly, tampoco son tan guarros como los tres cerditos\u2026, pero sobre todo, no est\u00e1n tan tristes como los tres tigres que com\u00edan trigo en el trigal. Est\u00e1n muy contentos porque son tres actores que con tres decenas de a\u00f1os por cabeza y tras tres espect\u00e1culos triunfantes en com\u00fan, han escrito en un tris tras, a tres manos, estos Tres Mosqueteros y a pesar de ello, siguen siendo tres indestructibles amigos. \u00a1\u00a1Abajo el estr\u00e9s, arriba el mundo al rev\u00e9s y que viva la estupitr\u00e9s\u2026!!\" \/>\n<meta property=\"og:url\" content=\"https:\/\/assitej.culturaescenica.es\/ca\/editorial-assitej\/chani-martin-y-javi-coll\/los-3-mosqueteros-buscando-a-dartanan\/\" \/>\n<meta property=\"og:site_name\" content=\"ASSITEJ Espa\u00f1a\" \/>\n<meta property=\"article:publisher\" content=\"https:\/\/www.facebook.com\/assitejespana\/\" \/>\n<meta property=\"article:modified_time\" content=\"2025-05-05T14:01:41+00:00\" \/>\n<meta property=\"og:image\" content=\"https:\/\/assitej.culturaescenica.es\/wp-content\/uploads\/darata-1-jpg.webp\" \/>\n\t<meta property=\"og:image:width\" content=\"732\" \/>\n\t<meta property=\"og:image:height\" content=\"1024\" \/>\n\t<meta property=\"og:image:type\" content=\"image\/jpeg\" \/>\n<meta name=\"twitter:card\" content=\"summary_large_image\" \/>\n<meta name=\"twitter:site\" content=\"@AssitejEspana\" \/>\n<meta name=\"twitter:label1\" content=\"Temps estimat de lectura\" \/>\n\t<meta name=\"twitter:data1\" content=\"1 minut\" \/>\n<script type=\"application\/ld+json\" class=\"yoast-schema-graph\">{\"@context\":\"https:\/\/schema.org\",\"@graph\":[{\"@type\":\"WebPage\",\"@id\":\"https:\/\/assitej.culturaescenica.es\/eu\/editorial-assitej\/chani-martin-y-javi-coll\/los-3-mosqueteros-buscando-a-dartanan\/\",\"url\":\"https:\/\/assitej.culturaescenica.es\/eu\/editorial-assitej\/chani-martin-y-javi-coll\/los-3-mosqueteros-buscando-a-dartanan\/\",\"name\":\"LOS 3 MOSQUETEROS BUSCANDO A D'ARTA\u00d1\u00c1N - ASSITEJ Espa\u00f1a\",\"isPartOf\":{\"@id\":\"https:\/\/assitej.culturaescenica.es\/gl\/#website\"},\"primaryImageOfPage\":{\"@id\":\"https:\/\/assitej.culturaescenica.es\/eu\/editorial-assitej\/chani-martin-y-javi-coll\/los-3-mosqueteros-buscando-a-dartanan\/#primaryimage\"},\"image\":{\"@id\":\"https:\/\/assitej.culturaescenica.es\/eu\/editorial-assitej\/chani-martin-y-javi-coll\/los-3-mosqueteros-buscando-a-dartanan\/#primaryimage\"},\"thumbnailUrl\":\"https:\/\/assitej.culturaescenica.es\/wp-content\/uploads\/darata-1-jpg.webp\",\"datePublished\":\"2016-02-08T17:13:47+00:00\",\"dateModified\":\"2025-05-05T14:01:41+00:00\",\"breadcrumb\":{\"@id\":\"https:\/\/assitej.culturaescenica.es\/eu\/editorial-assitej\/chani-martin-y-javi-coll\/los-3-mosqueteros-buscando-a-dartanan\/#breadcrumb\"},\"inLanguage\":\"ca\",\"potentialAction\":[{\"@type\":\"ReadAction\",\"target\":[\"https:\/\/assitej.culturaescenica.es\/eu\/editorial-assitej\/chani-martin-y-javi-coll\/los-3-mosqueteros-buscando-a-dartanan\/\"]}]},{\"@type\":\"ImageObject\",\"inLanguage\":\"ca\",\"@id\":\"https:\/\/assitej.culturaescenica.es\/eu\/editorial-assitej\/chani-martin-y-javi-coll\/los-3-mosqueteros-buscando-a-dartanan\/#primaryimage\",\"url\":\"https:\/\/assitej.culturaescenica.es\/wp-content\/uploads\/darata-1-jpg.webp\",\"contentUrl\":\"https:\/\/assitej.culturaescenica.es\/wp-content\/uploads\/darata-1-jpg.webp\",\"width\":732,\"height\":1024},{\"@type\":\"BreadcrumbList\",\"@id\":\"https:\/\/assitej.culturaescenica.es\/eu\/editorial-assitej\/chani-martin-y-javi-coll\/los-3-mosqueteros-buscando-a-dartanan\/#breadcrumb\",\"itemListElement\":[{\"@type\":\"ListItem\",\"position\":1,\"name\":\"Portada\",\"item\":\"https:\/\/assitej.culturaescenica.es\/gl\/\"},{\"@type\":\"ListItem\",\"position\":2,\"name\":\"Editorial Assitej\",\"item\":\"https:\/\/assitej.culturaescenica.es\/es_es\/editorial-assitej\/\"},{\"@type\":\"ListItem\",\"position\":3,\"name\":\"LOS 3 MOSQUETEROS BUSCANDO A D&#8217;ARTA\u00d1\u00c1N\"}]},{\"@type\":\"WebSite\",\"@id\":\"https:\/\/assitej.culturaescenica.es\/gl\/#website\",\"url\":\"https:\/\/assitej.culturaescenica.es\/gl\/\",\"name\":\"ASSITEJ Espa\u00f1a\",\"description\":\"ARTES ESC\u00c9NICAS PARA LA INFANCIA Y LA JUVENTUD\",\"publisher\":{\"@id\":\"https:\/\/assitej.culturaescenica.es\/gl\/#organization\"},\"potentialAction\":[{\"@type\":\"SearchAction\",\"target\":{\"@type\":\"EntryPoint\",\"urlTemplate\":\"https:\/\/assitej.culturaescenica.es\/gl\/?s={search_term_string}\"},\"query-input\":{\"@type\":\"PropertyValueSpecification\",\"valueRequired\":true,\"valueName\":\"search_term_string\"}}],\"inLanguage\":\"ca\"},{\"@type\":\"Organization\",\"@id\":\"https:\/\/assitej.culturaescenica.es\/gl\/#organization\",\"name\":\"ASSITEJ Espa\u00f1a\",\"url\":\"https:\/\/assitej.culturaescenica.es\/gl\/\",\"logo\":{\"@type\":\"ImageObject\",\"inLanguage\":\"ca\",\"@id\":\"https:\/\/assitej.culturaescenica.es\/gl\/#\/schema\/logo\/image\/\",\"url\":\"https:\/\/assitej.es\/wp-content\/uploads\/Logo_ASSITEJ_Espana.RGB_2-1.png\",\"contentUrl\":\"https:\/\/assitej.es\/wp-content\/uploads\/Logo_ASSITEJ_Espana.RGB_2-1.png\",\"width\":4934,\"height\":2287,\"caption\":\"ASSITEJ Espa\u00f1a\"},\"image\":{\"@id\":\"https:\/\/assitej.culturaescenica.es\/gl\/#\/schema\/logo\/image\/\"},\"sameAs\":[\"https:\/\/www.facebook.com\/assitejespana\/\",\"https:\/\/x.com\/AssitejEspana\",\"https:\/\/www.youtube.com\/channel\/UCv-2SDBzEmyORL5tPvsYgMw\"]}]}<\/script>\n<!-- \/ Yoast SEO plugin. -->","yoast_head_json":{"title":"ELS 3 MOSQUETERS BUSCANT A D&#039;ARTA\u00d1\u00c1N - ASSITEJ Espanya","robots":{"index":"index","follow":"follow","max-snippet":"max-snippet:-1","max-image-preview":"max-image-preview:large","max-video-preview":"max-video-preview:-1"},"canonical":"https:\/\/assitej.culturaescenica.es\/ca\/editorial-assitej\/chani-martin-y-javi-coll\/los-3-mosqueteros-buscando-a-dartanan\/","og_locale":"ca_ES","og_type":"article","og_title":"LOS 3 MOSQUETEROS BUSCANDO A D'ARTA\u00d1\u00c1N - ASSITEJ Espa\u00f1a","og_description":"Los tres famosos mosqueteros han sido retados a duelo por un joven caballero, al que no conocen, llamado Darta\u00f1\u00e1n. Pero el desconocido no se presenta a la cita y los tres mosqueteros deciden buscarlo. \u00c9sta es una historia sobre la amistad, sobre tres amigos que buscan a un l\u00edder, a un \u00eddolo al que jam\u00e1s han visto, a un capit\u00e1n que les gu\u00ede y les diga cu\u00e1ndo y c\u00f3mo deben hacer las cosas.Javier Veiga, Chani Mart\u00edn y Javi Coll. Estos tres tipos, no cantan como los tres tenores, ni son tan guapos como los tres \u00e1ngeles de Charly, tampoco son tan guarros como los tres cerditos\u2026, pero sobre todo, no est\u00e1n tan tristes como los tres tigres que com\u00edan trigo en el trigal. Est\u00e1n muy contentos porque son tres actores que con tres decenas de a\u00f1os por cabeza y tras tres espect\u00e1culos triunfantes en com\u00fan, han escrito en un tris tras, a tres manos, estos Tres Mosqueteros y a pesar de ello, siguen siendo tres indestructibles amigos. \u00a1\u00a1Abajo el estr\u00e9s, arriba el mundo al rev\u00e9s y que viva la estupitr\u00e9s\u2026!!","og_url":"https:\/\/assitej.culturaescenica.es\/ca\/editorial-assitej\/chani-martin-y-javi-coll\/los-3-mosqueteros-buscando-a-dartanan\/","og_site_name":"ASSITEJ Espa\u00f1a","article_publisher":"https:\/\/www.facebook.com\/assitejespana\/","article_modified_time":"2025-05-05T14:01:41+00:00","og_image":[{"width":732,"height":1024,"url":"https:\/\/assitej.culturaescenica.es\/wp-content\/uploads\/darata-1-jpg.webp","type":"image\/jpeg"}],"twitter_card":"summary_large_image","twitter_site":"@AssitejEspana","twitter_misc":{"Temps estimat de lectura":"1 minut"},"schema":{"@context":"https:\/\/schema.org","@graph":[{"@type":"WebPage","@id":"https:\/\/assitej.culturaescenica.es\/eu\/editorial-assitej\/chani-martin-y-javi-coll\/los-3-mosqueteros-buscando-a-dartanan\/","url":"https:\/\/assitej.culturaescenica.es\/eu\/editorial-assitej\/chani-martin-y-javi-coll\/los-3-mosqueteros-buscando-a-dartanan\/","name":"ELS 3 MOSQUETERS BUSCANT A D&#039;ARTA\u00d1\u00c1N - ASSITEJ Espanya","isPartOf":{"@id":"https:\/\/assitej.culturaescenica.es\/gl\/#website"},"primaryImageOfPage":{"@id":"https:\/\/assitej.culturaescenica.es\/eu\/editorial-assitej\/chani-martin-y-javi-coll\/los-3-mosqueteros-buscando-a-dartanan\/#primaryimage"},"image":{"@id":"https:\/\/assitej.culturaescenica.es\/eu\/editorial-assitej\/chani-martin-y-javi-coll\/los-3-mosqueteros-buscando-a-dartanan\/#primaryimage"},"thumbnailUrl":"https:\/\/assitej.culturaescenica.es\/wp-content\/uploads\/darata-1-jpg.webp","datePublished":"2016-02-08T17:13:47+00:00","dateModified":"2025-05-05T14:01:41+00:00","breadcrumb":{"@id":"https:\/\/assitej.culturaescenica.es\/eu\/editorial-assitej\/chani-martin-y-javi-coll\/los-3-mosqueteros-buscando-a-dartanan\/#breadcrumb"},"inLanguage":"ca","potentialAction":[{"@type":"ReadAction","target":["https:\/\/assitej.culturaescenica.es\/eu\/editorial-assitej\/chani-martin-y-javi-coll\/los-3-mosqueteros-buscando-a-dartanan\/"]}]},{"@type":"ImageObject","inLanguage":"ca","@id":"https:\/\/assitej.culturaescenica.es\/eu\/editorial-assitej\/chani-martin-y-javi-coll\/los-3-mosqueteros-buscando-a-dartanan\/#primaryimage","url":"https:\/\/assitej.culturaescenica.es\/wp-content\/uploads\/darata-1-jpg.webp","contentUrl":"https:\/\/assitej.culturaescenica.es\/wp-content\/uploads\/darata-1-jpg.webp","width":732,"height":1024},{"@type":"BreadcrumbList","@id":"https:\/\/assitej.culturaescenica.es\/eu\/editorial-assitej\/chani-martin-y-javi-coll\/los-3-mosqueteros-buscando-a-dartanan\/#breadcrumb","itemListElement":[{"@type":"ListItem","position":1,"name":"Portada","item":"https:\/\/assitej.culturaescenica.es\/gl\/"},{"@type":"ListItem","position":2,"name":"Editorial Assitej","item":"https:\/\/assitej.culturaescenica.es\/es_es\/editorial-assitej\/"},{"@type":"ListItem","position":3,"name":"LOS 3 MOSQUETEROS BUSCANDO A D&#8217;ARTA\u00d1\u00c1N"}]},{"@type":"WebSite","@id":"https:\/\/assitej.culturaescenica.es\/gl\/#website","url":"https:\/\/assitej.culturaescenica.es\/gl\/","name":"ASSITEJ Espanya","description":"ARTS ESC\u00c8NIQUES PER A LA INF\u00c0NCIA I LA JOVENTUT","publisher":{"@id":"https:\/\/assitej.culturaescenica.es\/gl\/#organization"},"potentialAction":[{"@type":"SearchAction","target":{"@type":"EntryPoint","urlTemplate":"https:\/\/assitej.culturaescenica.es\/gl\/?s={search_term_string}"},"query-input":{"@type":"PropertyValueSpecification","valueRequired":true,"valueName":"search_term_string"}}],"inLanguage":"ca"},{"@type":"Organization","@id":"https:\/\/assitej.culturaescenica.es\/gl\/#organization","name":"ASSITEJ Espanya","url":"https:\/\/assitej.culturaescenica.es\/gl\/","logo":{"@type":"ImageObject","inLanguage":"ca","@id":"https:\/\/assitej.culturaescenica.es\/gl\/#\/schema\/logo\/image\/","url":"https:\/\/assitej.es\/wp-content\/uploads\/Logo_ASSITEJ_Espana.RGB_2-1.png","contentUrl":"https:\/\/assitej.es\/wp-content\/uploads\/Logo_ASSITEJ_Espana.RGB_2-1.png","width":4934,"height":2287,"caption":"ASSITEJ Espa\u00f1a"},"image":{"@id":"https:\/\/assitej.culturaescenica.es\/gl\/#\/schema\/logo\/image\/"},"sameAs":["https:\/\/www.facebook.com\/assitejespana\/","https:\/\/x.com\/AssitejEspana","https:\/\/www.youtube.com\/channel\/UCv-2SDBzEmyORL5tPvsYgMw"]}]}},"_links":{"self":[{"href":"https:\/\/assitej.culturaescenica.es\/ca\/wp-json\/wp\/v2\/product\/3179","targetHints":{"allow":["GET"]}}],"collection":[{"href":"https:\/\/assitej.culturaescenica.es\/ca\/wp-json\/wp\/v2\/product"}],"about":[{"href":"https:\/\/assitej.culturaescenica.es\/ca\/wp-json\/wp\/v2\/types\/product"}],"wp:featuredmedia":[{"embeddable":true,"href":"https:\/\/assitej.culturaescenica.es\/ca\/wp-json\/wp\/v2\/media\/24322"}],"wp:attachment":[{"href":"https:\/\/assitej.culturaescenica.es\/ca\/wp-json\/wp\/v2\/media?parent=3179"}],"wp:term":[{"taxonomy":"product_brand","embeddable":true,"href":"https:\/\/assitej.culturaescenica.es\/ca\/wp-json\/wp\/v2\/product_brand?post=3179"},{"taxonomy":"product_cat","embeddable":true,"href":"https:\/\/assitej.culturaescenica.es\/ca\/wp-json\/wp\/v2\/product_cat?post=3179"},{"taxonomy":"product_tag","embeddable":true,"href":"https:\/\/assitej.culturaescenica.es\/ca\/wp-json\/wp\/v2\/product_tag?post=3179"}],"curies":[{"name":"wp","href":"https:\/\/api.w.org\/{rel}","templated":true}]}}