{"id":3167,"date":"2016-02-07T18:22:12","date_gmt":"2016-02-07T17:22:12","guid":{"rendered":"http:\/\/www.assitej.net\/?post_type=product&#038;p=3167"},"modified":"2025-05-05T16:01:41","modified_gmt":"2025-05-05T14:01:41","slug":"pelillos-a-la-mar","status":"publish","type":"product","link":"https:\/\/assitej.culturaescenica.es\/ca\/editorial-assitej\/tomas-gavirov\/pelillos-a-la-mar\/","title":{"rendered":"PELLS A LA MAR"},"content":{"rendered":"<p>Anita Pelosucio no vol rentar-se els cabells, no hi ha res al m\u00f3n que canvi\u00ef la seva opini\u00f3, \u00e9s tossuda, tant com el Pelopincho, el seu germ\u00e0 Sergio. Ni la sedosa cabellera de la seva mare ni la calba lluent del seu pare podran fer que fiqui les seves rastes sota la dutxa. Quina mania! Per qu\u00e8 no voldr\u00e0 aquesta nena rentar-se els cabells? Ning\u00fa ent\u00e9n l&#039;Anita, per\u00f2 ella t\u00e9 una poderosa ra\u00f3 per no fer-ho, potser la seva tia Rita ho compr\u00e8n millor, o no\u2026<strong>Tom\u00e0s Gaviro<\/strong> va n\u00e9ixer el 1973 a M\u00e8rida, Badajoz, en aquests moments resideix a Legan\u00e9s (Madrid). \u00c9s llicenciat en periodisme, M\u00e0ster en Televisi\u00f3. Actualment compagina la seva tasca al m\u00f3n period\u00edstic amb el dram\u00e0tic, col\u00b7labora a la revista de teatre i altres arts <em>Ophelia<\/em>. Soci d&#039;ASSITEJ-Espanya, ha escrit contes per a nens i \u00e9s una persona molt vinculada al teatre infantil i juvenil. <strong><em>Pelets a la Mar<\/em><\/strong> \u00e9s la primera obra dram\u00e0tica infantil.<\/p>","protected":false},"excerpt":{"rendered":"<p>Anita Pelosucio no vol rentar-se els cabells, no hi ha res al m\u00f3n que canvi\u00ef la seva opini\u00f3, \u00e9s tossuda, tant com el Pelopincho, el seu germ\u00e0 Sergio. Ni la sedosa cabellera de la seva mare ni la calba lluent del seu pare podran fer que fiqui les seves rastes sota la dutxa. Quina mania! Per qu\u00e8 no voldr\u00e0 aquesta nena rentar-se els cabells? Ning\u00fa ent\u00e9n l&#039;Anita, per\u00f2 ella t\u00e9 una poderosa ra\u00f3 per no fer-ho, potser la seva tia Rita ho compr\u00e8n millor, o no\u2026<strong>Tom\u00e0s Gaviro<\/strong> va n\u00e9ixer el 1973 a M\u00e8rida, Badajoz, en aquests moments resideix a Legan\u00e9s (Madrid). \u00c9s llicenciat en periodisme, M\u00e0ster en Televisi\u00f3. Actualment compagina la seva tasca al m\u00f3n period\u00edstic amb el dram\u00e0tic, col\u00b7labora a la revista de teatre i altres arts <em>Ophelia<\/em>. Soci d&#039;ASSITEJ-Espanya, ha escrit contes per a nens i \u00e9s una persona molt vinculada al teatre infantil i juvenil. <strong><em>Pelets a la Mar<\/em><\/strong> \u00e9s la primera obra dram\u00e0tica infantil.<\/p>","protected":false},"featured_media":24319,"template":"","meta":{"_acf_changed":false,"_links_to":"","_links_to_target":""},"product_brand":[],"product_cat":[75],"product_tag":[67],"class_list":{"0":"post-3167","1":"product","2":"type-product","3":"status-publish","4":"has-post-thumbnail","6":"product_cat-tomas-gavirov","7":"product_tag-coleccion-teatro","8":"infinite-scroll-item","9":"","10":"woocommerce-text-align-left","11":"woocommerce-image-align-center","12":"do-quantity-buttons","14":"first","15":"outofstock","16":"featured","17":"taxable","18":"shipping-taxable","19":"purchasable","20":"product-type-simple"},"acf":[],"yoast_head":"<!-- This site is optimized with the Yoast SEO plugin v27.1.1 - https:\/\/yoast.com\/product\/yoast-seo-wordpress\/ -->\n<title>PELILLOS A LA MAR - ASSITEJ Espa\u00f1a<\/title>\n<meta name=\"robots\" content=\"index, follow, max-snippet:-1, max-image-preview:large, max-video-preview:-1\" \/>\n<link rel=\"canonical\" href=\"https:\/\/assitej.culturaescenica.es\/ca\/editorial-assitej\/tomas-gavirov\/pelillos-a-la-mar\/\" \/>\n<meta property=\"og:locale\" content=\"ca_ES\" \/>\n<meta property=\"og:type\" content=\"article\" \/>\n<meta property=\"og:title\" content=\"PELILLOS A LA MAR - ASSITEJ Espa\u00f1a\" \/>\n<meta property=\"og:description\" content=\"Anita Pelosucio no quiere lavarse el pelo, no hay nada en el mundo que cambie su opini\u00f3n, es testaruda, tanto como el Pelopincho, su hermano Sergio.Ni la sedosa melena de su madre ni la calva reluciente de su padre podr\u00e1n hacer que meta sus rastas debajo de la ducha. \u00a1Qu\u00e9 man\u00eda! \u00bfPor qu\u00e9 no querr\u00e1 esa ni\u00f1a lavarse el pelo?Nadie entiende a Anita, pero ella tiene una poderosa raz\u00f3n para no hacerlo, a lo mejor su t\u00eda Rita lo comprende mejor, o no\u2026Tom\u00e1s Gaviro naci\u00f3 en 1973 en M\u00e9rida, Badajoz, en estos momentos reside en Legan\u00e9s (Madrid). Es licenciado en periodismo, M\u00e1ster en Televisi\u00f3n. Actualmente compagina su labor en el mundo period\u00edstico con el dram\u00e1tico, colabora en la revista de teatro y otras artes Ophelia. Socio de ASSITEJ-Espa\u00f1a, ha escrito cuentos para ni\u00f1os y es una persona muy vinculada al teatro infantil y juvenil. Pelillos a la Mar es su primera obra dram\u00e1tica infantil.\" \/>\n<meta property=\"og:url\" content=\"https:\/\/assitej.culturaescenica.es\/ca\/editorial-assitej\/tomas-gavirov\/pelillos-a-la-mar\/\" \/>\n<meta property=\"og:site_name\" content=\"ASSITEJ Espa\u00f1a\" \/>\n<meta property=\"article:publisher\" content=\"https:\/\/www.facebook.com\/assitejespana\/\" \/>\n<meta property=\"article:modified_time\" content=\"2025-05-05T14:01:41+00:00\" \/>\n<meta property=\"og:image\" content=\"https:\/\/assitej.culturaescenica.es\/wp-content\/uploads\/Pelillos-a-la-mar-1-jpg.webp\" \/>\n\t<meta property=\"og:image:width\" content=\"485\" \/>\n\t<meta property=\"og:image:height\" content=\"700\" \/>\n\t<meta property=\"og:image:type\" content=\"image\/jpeg\" \/>\n<meta name=\"twitter:card\" content=\"summary_large_image\" \/>\n<meta name=\"twitter:site\" content=\"@AssitejEspana\" \/>\n<meta name=\"twitter:label1\" content=\"Temps estimat de lectura\" \/>\n\t<meta name=\"twitter:data1\" content=\"1 minut\" \/>\n<script type=\"application\/ld+json\" class=\"yoast-schema-graph\">{\"@context\":\"https:\/\/schema.org\",\"@graph\":[{\"@type\":\"WebPage\",\"@id\":\"https:\/\/assitej.culturaescenica.es\/editorial-assitej\/tomas-gavirov\/pelillos-a-la-mar\/\",\"url\":\"https:\/\/assitej.culturaescenica.es\/editorial-assitej\/tomas-gavirov\/pelillos-a-la-mar\/\",\"name\":\"PELILLOS A LA MAR - ASSITEJ Espa\u00f1a\",\"isPartOf\":{\"@id\":\"https:\/\/assitej.culturaescenica.es\/gl\/#website\"},\"primaryImageOfPage\":{\"@id\":\"https:\/\/assitej.culturaescenica.es\/editorial-assitej\/tomas-gavirov\/pelillos-a-la-mar\/#primaryimage\"},\"image\":{\"@id\":\"https:\/\/assitej.culturaescenica.es\/editorial-assitej\/tomas-gavirov\/pelillos-a-la-mar\/#primaryimage\"},\"thumbnailUrl\":\"https:\/\/assitej.culturaescenica.es\/wp-content\/uploads\/Pelillos-a-la-mar-1-jpg.webp\",\"datePublished\":\"2016-02-07T17:22:12+00:00\",\"dateModified\":\"2025-05-05T14:01:41+00:00\",\"breadcrumb\":{\"@id\":\"https:\/\/assitej.culturaescenica.es\/editorial-assitej\/tomas-gavirov\/pelillos-a-la-mar\/#breadcrumb\"},\"inLanguage\":\"ca\",\"potentialAction\":[{\"@type\":\"ReadAction\",\"target\":[\"https:\/\/assitej.culturaescenica.es\/editorial-assitej\/tomas-gavirov\/pelillos-a-la-mar\/\"]}]},{\"@type\":\"ImageObject\",\"inLanguage\":\"ca\",\"@id\":\"https:\/\/assitej.culturaescenica.es\/editorial-assitej\/tomas-gavirov\/pelillos-a-la-mar\/#primaryimage\",\"url\":\"https:\/\/assitej.culturaescenica.es\/wp-content\/uploads\/Pelillos-a-la-mar-1-jpg.webp\",\"contentUrl\":\"https:\/\/assitej.culturaescenica.es\/wp-content\/uploads\/Pelillos-a-la-mar-1-jpg.webp\",\"width\":485,\"height\":700},{\"@type\":\"BreadcrumbList\",\"@id\":\"https:\/\/assitej.culturaescenica.es\/editorial-assitej\/tomas-gavirov\/pelillos-a-la-mar\/#breadcrumb\",\"itemListElement\":[{\"@type\":\"ListItem\",\"position\":1,\"name\":\"Portada\",\"item\":\"https:\/\/assitej.culturaescenica.es\/gl\/\"},{\"@type\":\"ListItem\",\"position\":2,\"name\":\"Editorial Assitej\",\"item\":\"https:\/\/assitej.culturaescenica.es\/es_es\/editorial-assitej\/\"},{\"@type\":\"ListItem\",\"position\":3,\"name\":\"PELILLOS A LA MAR\"}]},{\"@type\":\"WebSite\",\"@id\":\"https:\/\/assitej.culturaescenica.es\/gl\/#website\",\"url\":\"https:\/\/assitej.culturaescenica.es\/gl\/\",\"name\":\"ASSITEJ Espa\u00f1a\",\"description\":\"ARTES ESC\u00c9NICAS PARA LA INFANCIA Y LA JUVENTUD\",\"publisher\":{\"@id\":\"https:\/\/assitej.culturaescenica.es\/gl\/#organization\"},\"potentialAction\":[{\"@type\":\"SearchAction\",\"target\":{\"@type\":\"EntryPoint\",\"urlTemplate\":\"https:\/\/assitej.culturaescenica.es\/gl\/?s={search_term_string}\"},\"query-input\":{\"@type\":\"PropertyValueSpecification\",\"valueRequired\":true,\"valueName\":\"search_term_string\"}}],\"inLanguage\":\"ca\"},{\"@type\":\"Organization\",\"@id\":\"https:\/\/assitej.culturaescenica.es\/gl\/#organization\",\"name\":\"ASSITEJ Espa\u00f1a\",\"url\":\"https:\/\/assitej.culturaescenica.es\/gl\/\",\"logo\":{\"@type\":\"ImageObject\",\"inLanguage\":\"ca\",\"@id\":\"https:\/\/assitej.culturaescenica.es\/gl\/#\/schema\/logo\/image\/\",\"url\":\"https:\/\/assitej.es\/wp-content\/uploads\/Logo_ASSITEJ_Espana.RGB_2-1.png\",\"contentUrl\":\"https:\/\/assitej.es\/wp-content\/uploads\/Logo_ASSITEJ_Espana.RGB_2-1.png\",\"width\":4934,\"height\":2287,\"caption\":\"ASSITEJ Espa\u00f1a\"},\"image\":{\"@id\":\"https:\/\/assitej.culturaescenica.es\/gl\/#\/schema\/logo\/image\/\"},\"sameAs\":[\"https:\/\/www.facebook.com\/assitejespana\/\",\"https:\/\/x.com\/AssitejEspana\",\"https:\/\/www.youtube.com\/channel\/UCv-2SDBzEmyORL5tPvsYgMw\"]}]}<\/script>\n<!-- \/ Yoast SEO plugin. -->","yoast_head_json":{"title":"PELLS A LA MAR - ASSITEJ Espanya","robots":{"index":"index","follow":"follow","max-snippet":"max-snippet:-1","max-image-preview":"max-image-preview:large","max-video-preview":"max-video-preview:-1"},"canonical":"https:\/\/assitej.culturaescenica.es\/ca\/editorial-assitej\/tomas-gavirov\/pelillos-a-la-mar\/","og_locale":"ca_ES","og_type":"article","og_title":"PELILLOS A LA MAR - ASSITEJ Espa\u00f1a","og_description":"Anita Pelosucio no quiere lavarse el pelo, no hay nada en el mundo que cambie su opini\u00f3n, es testaruda, tanto como el Pelopincho, su hermano Sergio.Ni la sedosa melena de su madre ni la calva reluciente de su padre podr\u00e1n hacer que meta sus rastas debajo de la ducha. \u00a1Qu\u00e9 man\u00eda! \u00bfPor qu\u00e9 no querr\u00e1 esa ni\u00f1a lavarse el pelo?Nadie entiende a Anita, pero ella tiene una poderosa raz\u00f3n para no hacerlo, a lo mejor su t\u00eda Rita lo comprende mejor, o no\u2026Tom\u00e1s Gaviro naci\u00f3 en 1973 en M\u00e9rida, Badajoz, en estos momentos reside en Legan\u00e9s (Madrid). Es licenciado en periodismo, M\u00e1ster en Televisi\u00f3n. Actualmente compagina su labor en el mundo period\u00edstico con el dram\u00e1tico, colabora en la revista de teatro y otras artes Ophelia. Socio de ASSITEJ-Espa\u00f1a, ha escrito cuentos para ni\u00f1os y es una persona muy vinculada al teatro infantil y juvenil. Pelillos a la Mar es su primera obra dram\u00e1tica infantil.","og_url":"https:\/\/assitej.culturaescenica.es\/ca\/editorial-assitej\/tomas-gavirov\/pelillos-a-la-mar\/","og_site_name":"ASSITEJ Espa\u00f1a","article_publisher":"https:\/\/www.facebook.com\/assitejespana\/","article_modified_time":"2025-05-05T14:01:41+00:00","og_image":[{"width":485,"height":700,"url":"https:\/\/assitej.culturaescenica.es\/wp-content\/uploads\/Pelillos-a-la-mar-1-jpg.webp","type":"image\/jpeg"}],"twitter_card":"summary_large_image","twitter_site":"@AssitejEspana","twitter_misc":{"Temps estimat de lectura":"1 minut"},"schema":{"@context":"https:\/\/schema.org","@graph":[{"@type":"WebPage","@id":"https:\/\/assitej.culturaescenica.es\/editorial-assitej\/tomas-gavirov\/pelillos-a-la-mar\/","url":"https:\/\/assitej.culturaescenica.es\/editorial-assitej\/tomas-gavirov\/pelillos-a-la-mar\/","name":"PELLS A LA MAR - ASSITEJ Espanya","isPartOf":{"@id":"https:\/\/assitej.culturaescenica.es\/gl\/#website"},"primaryImageOfPage":{"@id":"https:\/\/assitej.culturaescenica.es\/editorial-assitej\/tomas-gavirov\/pelillos-a-la-mar\/#primaryimage"},"image":{"@id":"https:\/\/assitej.culturaescenica.es\/editorial-assitej\/tomas-gavirov\/pelillos-a-la-mar\/#primaryimage"},"thumbnailUrl":"https:\/\/assitej.culturaescenica.es\/wp-content\/uploads\/Pelillos-a-la-mar-1-jpg.webp","datePublished":"2016-02-07T17:22:12+00:00","dateModified":"2025-05-05T14:01:41+00:00","breadcrumb":{"@id":"https:\/\/assitej.culturaescenica.es\/editorial-assitej\/tomas-gavirov\/pelillos-a-la-mar\/#breadcrumb"},"inLanguage":"ca","potentialAction":[{"@type":"ReadAction","target":["https:\/\/assitej.culturaescenica.es\/editorial-assitej\/tomas-gavirov\/pelillos-a-la-mar\/"]}]},{"@type":"ImageObject","inLanguage":"ca","@id":"https:\/\/assitej.culturaescenica.es\/editorial-assitej\/tomas-gavirov\/pelillos-a-la-mar\/#primaryimage","url":"https:\/\/assitej.culturaescenica.es\/wp-content\/uploads\/Pelillos-a-la-mar-1-jpg.webp","contentUrl":"https:\/\/assitej.culturaescenica.es\/wp-content\/uploads\/Pelillos-a-la-mar-1-jpg.webp","width":485,"height":700},{"@type":"BreadcrumbList","@id":"https:\/\/assitej.culturaescenica.es\/editorial-assitej\/tomas-gavirov\/pelillos-a-la-mar\/#breadcrumb","itemListElement":[{"@type":"ListItem","position":1,"name":"Portada","item":"https:\/\/assitej.culturaescenica.es\/gl\/"},{"@type":"ListItem","position":2,"name":"Editorial Assitej","item":"https:\/\/assitej.culturaescenica.es\/es_es\/editorial-assitej\/"},{"@type":"ListItem","position":3,"name":"PELILLOS A LA MAR"}]},{"@type":"WebSite","@id":"https:\/\/assitej.culturaescenica.es\/gl\/#website","url":"https:\/\/assitej.culturaescenica.es\/gl\/","name":"ASSITEJ Espanya","description":"ARTS ESC\u00c8NIQUES PER A LA INF\u00c0NCIA I LA JOVENTUT","publisher":{"@id":"https:\/\/assitej.culturaescenica.es\/gl\/#organization"},"potentialAction":[{"@type":"SearchAction","target":{"@type":"EntryPoint","urlTemplate":"https:\/\/assitej.culturaescenica.es\/gl\/?s={search_term_string}"},"query-input":{"@type":"PropertyValueSpecification","valueRequired":true,"valueName":"search_term_string"}}],"inLanguage":"ca"},{"@type":"Organization","@id":"https:\/\/assitej.culturaescenica.es\/gl\/#organization","name":"ASSITEJ Espanya","url":"https:\/\/assitej.culturaescenica.es\/gl\/","logo":{"@type":"ImageObject","inLanguage":"ca","@id":"https:\/\/assitej.culturaescenica.es\/gl\/#\/schema\/logo\/image\/","url":"https:\/\/assitej.es\/wp-content\/uploads\/Logo_ASSITEJ_Espana.RGB_2-1.png","contentUrl":"https:\/\/assitej.es\/wp-content\/uploads\/Logo_ASSITEJ_Espana.RGB_2-1.png","width":4934,"height":2287,"caption":"ASSITEJ Espa\u00f1a"},"image":{"@id":"https:\/\/assitej.culturaescenica.es\/gl\/#\/schema\/logo\/image\/"},"sameAs":["https:\/\/www.facebook.com\/assitejespana\/","https:\/\/x.com\/AssitejEspana","https:\/\/www.youtube.com\/channel\/UCv-2SDBzEmyORL5tPvsYgMw"]}]}},"_links":{"self":[{"href":"https:\/\/assitej.culturaescenica.es\/ca\/wp-json\/wp\/v2\/product\/3167","targetHints":{"allow":["GET"]}}],"collection":[{"href":"https:\/\/assitej.culturaescenica.es\/ca\/wp-json\/wp\/v2\/product"}],"about":[{"href":"https:\/\/assitej.culturaescenica.es\/ca\/wp-json\/wp\/v2\/types\/product"}],"wp:featuredmedia":[{"embeddable":true,"href":"https:\/\/assitej.culturaescenica.es\/ca\/wp-json\/wp\/v2\/media\/24319"}],"wp:attachment":[{"href":"https:\/\/assitej.culturaescenica.es\/ca\/wp-json\/wp\/v2\/media?parent=3167"}],"wp:term":[{"taxonomy":"product_brand","embeddable":true,"href":"https:\/\/assitej.culturaescenica.es\/ca\/wp-json\/wp\/v2\/product_brand?post=3167"},{"taxonomy":"product_cat","embeddable":true,"href":"https:\/\/assitej.culturaescenica.es\/ca\/wp-json\/wp\/v2\/product_cat?post=3167"},{"taxonomy":"product_tag","embeddable":true,"href":"https:\/\/assitej.culturaescenica.es\/ca\/wp-json\/wp\/v2\/product_tag?post=3167"}],"curies":[{"name":"wp","href":"https:\/\/api.w.org\/{rel}","templated":true}]}}