{"id":26618,"date":"2025-02-25T10:21:00","date_gmt":"2025-02-25T09:21:00","guid":{"rendered":"https:\/\/assitej.es\/beta2\/?post_type=product&#038;p=26618"},"modified":"2025-02-25T10:23:43","modified_gmt":"2025-02-25T09:23:43","slug":"de-heroes-y-monstruos","status":"publish","type":"product","link":"https:\/\/assitej.culturaescenica.es\/ca\/editorial-assitej\/xabier-lopez-askasibar\/de-heroes-y-monstruos\/","title":{"rendered":"D&#039;herois i monstres"},"content":{"rendered":"<p>La mare i el pare d&#039;Oier acudeixen a l&#039;escola on estudia el fill\u2026 on estudiava el fill. Perqu\u00e8 tot va canviar el dia que va sonar l&#039;alarma d&#039;incendis, quan la classe sencera va sortir espantada del gimn\u00e0s\u2026 Tamb\u00e9 Oier hi era, s\u00ed; Oier i la seva taula de skate. Ah s\u00ed, i la taula tenia sang. Oier havia estat entrenant amb la seva amiga Tracy per ser un superheroi\u2026 Per\u00f2 espera, si Tracy li va recordar a Oier que ells en realitat no volien ser superherois, ells no tenien res a veure amb superherois. Aleshores\u2026 qu\u00e8 li passa a Oier? Per qu\u00e8 es comporta de manera tan estranya? \u00bfQue potser t\u00e9 un secret tan gran que ni a Tracy s&#039;ho pot explicar? I qu\u00e8 diu la Senyora Mart\u00edn, la psic\u00f2loga del col\u00b7legi\u2026? Sembla que l&#039;Oier la veia un parell de cops per setmana. Perqu\u00e8 tot va comen\u00e7ar, en realitat, despr\u00e9s d&#039;aquella baralla a la pista de b\u00e0squet. I l&#039;entrenador? Qu\u00e8 t\u00e9 ELL a veure en tot aix\u00f2?\u2026<br \/>\nA D&#039;herois i monstres, Xabier L\u00f3pez Askasibar d\u00f3na veu als diferents personatges que conformen la hist\u00f2ria d&#039;Oier, un noi convertit en heroi a desgrat seu\u2026 I a trav\u00e9s de tots ells ens la mostra, perqu\u00e8 la tinguem en compte i no deixem que es repeteixi.<\/p>","protected":false},"excerpt":{"rendered":"<p>La mare i el pare d&#039;Oier acudeixen a l&#039;escola on estudia el fill\u2026 on estudiava el fill. Perqu\u00e8 tot va canviar el dia que va sonar l&#039;alarma d&#039;incendis, quan la classe sencera va sortir espantada del gimn\u00e0s\u2026 Tamb\u00e9 Oier hi era, s\u00ed; Oier i la seva taula de skate. Ah s\u00ed, i la taula tenia sang. Oier havia estat entrenant amb la seva amiga Tracy per ser un superheroi\u2026 Per\u00f2 espera, si Tracy li va recordar a Oier que ells en realitat no volien ser superherois, ells no tenien res a veure amb superherois. Aleshores\u2026 qu\u00e8 li passa a Oier? Per qu\u00e8 es comporta de manera tan estranya? \u00bfQue potser t\u00e9 un secret tan gran que ni a Tracy s&#039;ho pot explicar? I qu\u00e8 diu la Senyora Mart\u00edn, la psic\u00f2loga del col\u00b7legi\u2026? Sembla que l&#039;Oier la veia un parell de cops per setmana. Perqu\u00e8 tot va comen\u00e7ar, en realitat, despr\u00e9s d&#039;aquella baralla a la pista de b\u00e0squet. I l&#039;entrenador? Qu\u00e8 t\u00e9 ELL a veure en tot aix\u00f2?\u2026<br \/>\nA D&#039;herois i monstres, Xabier L\u00f3pez Askasibar d\u00f3na veu als diferents personatges que conformen la hist\u00f2ria d&#039;Oier, un noi convertit en heroi a desgrat seu\u2026 I a trav\u00e9s de tots ells ens la mostra, perqu\u00e8 la tinguem en compte i no deixem que es repeteixi.<\/p>","protected":false},"featured_media":26619,"template":"","meta":{"_acf_changed":false,"_links_to":"","_links_to_target":""},"product_brand":[],"product_cat":[92],"product_tag":[67],"class_list":{"0":"post-26618","1":"product","2":"type-product","3":"status-publish","4":"has-post-thumbnail","6":"product_cat-xabier-lopez-askasibar","7":"product_tag-coleccion-teatro","8":"infinite-scroll-item","9":"","10":"woocommerce-text-align-left","11":"woocommerce-image-align-center","12":"do-quantity-buttons","14":"first","15":"instock","16":"taxable","17":"shipping-taxable","18":"purchasable","19":"product-type-simple"},"acf":[],"yoast_head":"<!-- This site is optimized with the Yoast SEO plugin v27.1.1 - https:\/\/yoast.com\/product\/yoast-seo-wordpress\/ -->\n<title>De h\u00e9roes y monstruos - ASSITEJ Espa\u00f1a<\/title>\n<meta name=\"description\" content=\"Premio Luis Matilla de Teatro para la infancia y la juventud. ASSITEJ\" \/>\n<meta name=\"robots\" content=\"index, follow, max-snippet:-1, max-image-preview:large, max-video-preview:-1\" \/>\n<link rel=\"canonical\" href=\"https:\/\/assitej.culturaescenica.es\/ca\/editorial-assitej\/xabier-lopez-askasibar\/de-heroes-y-monstruos\/\" \/>\n<meta property=\"og:locale\" content=\"ca_ES\" \/>\n<meta property=\"og:type\" content=\"article\" \/>\n<meta property=\"og:title\" content=\"De h\u00e9roes y monstruos - ASSITEJ Espa\u00f1a\" \/>\n<meta property=\"og:description\" content=\"Premio Luis Matilla de Teatro para la infancia y la juventud. ASSITEJ\" \/>\n<meta property=\"og:url\" content=\"https:\/\/assitej.culturaescenica.es\/ca\/editorial-assitej\/xabier-lopez-askasibar\/de-heroes-y-monstruos\/\" \/>\n<meta property=\"og:site_name\" content=\"ASSITEJ Espa\u00f1a\" \/>\n<meta property=\"article:publisher\" content=\"https:\/\/www.facebook.com\/assitejespana\/\" \/>\n<meta property=\"article:modified_time\" content=\"2025-02-25T09:23:43+00:00\" \/>\n<meta property=\"og:image\" content=\"https:\/\/assitej.culturaescenica.es\/wp-content\/uploads\/Heroes_Cubierta.webp\" \/>\n\t<meta property=\"og:image:width\" content=\"1543\" \/>\n\t<meta property=\"og:image:height\" content=\"2253\" \/>\n\t<meta property=\"og:image:type\" content=\"image\/jpeg\" \/>\n<meta name=\"twitter:card\" content=\"summary_large_image\" \/>\n<meta name=\"twitter:site\" content=\"@AssitejEspana\" \/>\n<meta name=\"twitter:label1\" content=\"Temps estimat de lectura\" \/>\n\t<meta name=\"twitter:data1\" content=\"2 minuts\" \/>\n<script type=\"application\/ld+json\" class=\"yoast-schema-graph\">{\"@context\":\"https:\/\/schema.org\",\"@graph\":[{\"@type\":\"WebPage\",\"@id\":\"https:\/\/assitej.culturaescenica.es\/editorial-assitej\/xabier-lopez-askasibar\/de-heroes-y-monstruos\/\",\"url\":\"https:\/\/assitej.culturaescenica.es\/editorial-assitej\/xabier-lopez-askasibar\/de-heroes-y-monstruos\/\",\"name\":\"De h\u00e9roes y monstruos - ASSITEJ Espa\u00f1a\",\"isPartOf\":{\"@id\":\"https:\/\/assitej.culturaescenica.es\/gl\/#website\"},\"primaryImageOfPage\":{\"@id\":\"https:\/\/assitej.culturaescenica.es\/editorial-assitej\/xabier-lopez-askasibar\/de-heroes-y-monstruos\/#primaryimage\"},\"image\":{\"@id\":\"https:\/\/assitej.culturaescenica.es\/editorial-assitej\/xabier-lopez-askasibar\/de-heroes-y-monstruos\/#primaryimage\"},\"thumbnailUrl\":\"https:\/\/assitej.culturaescenica.es\/wp-content\/uploads\/Heroes_Cubierta.webp\",\"datePublished\":\"2025-02-25T09:21:00+00:00\",\"dateModified\":\"2025-02-25T09:23:43+00:00\",\"description\":\"Premio Luis Matilla de Teatro para la infancia y la juventud. ASSITEJ\",\"breadcrumb\":{\"@id\":\"https:\/\/assitej.culturaescenica.es\/editorial-assitej\/xabier-lopez-askasibar\/de-heroes-y-monstruos\/#breadcrumb\"},\"inLanguage\":\"ca\",\"potentialAction\":[{\"@type\":\"ReadAction\",\"target\":[\"https:\/\/assitej.culturaescenica.es\/editorial-assitej\/xabier-lopez-askasibar\/de-heroes-y-monstruos\/\"]}]},{\"@type\":\"ImageObject\",\"inLanguage\":\"ca\",\"@id\":\"https:\/\/assitej.culturaescenica.es\/editorial-assitej\/xabier-lopez-askasibar\/de-heroes-y-monstruos\/#primaryimage\",\"url\":\"https:\/\/assitej.culturaescenica.es\/wp-content\/uploads\/Heroes_Cubierta.webp\",\"contentUrl\":\"https:\/\/assitej.culturaescenica.es\/wp-content\/uploads\/Heroes_Cubierta.webp\",\"width\":1543,\"height\":2253},{\"@type\":\"BreadcrumbList\",\"@id\":\"https:\/\/assitej.culturaescenica.es\/editorial-assitej\/xabier-lopez-askasibar\/de-heroes-y-monstruos\/#breadcrumb\",\"itemListElement\":[{\"@type\":\"ListItem\",\"position\":1,\"name\":\"Portada\",\"item\":\"https:\/\/assitej.culturaescenica.es\/gl\/\"},{\"@type\":\"ListItem\",\"position\":2,\"name\":\"Editorial Assitej\",\"item\":\"https:\/\/assitej.culturaescenica.es\/es_es\/editorial-assitej\/\"},{\"@type\":\"ListItem\",\"position\":3,\"name\":\"De h\u00e9roes y monstruos\"}]},{\"@type\":\"WebSite\",\"@id\":\"https:\/\/assitej.culturaescenica.es\/gl\/#website\",\"url\":\"https:\/\/assitej.culturaescenica.es\/gl\/\",\"name\":\"ASSITEJ Espa\u00f1a\",\"description\":\"ARTES ESC\u00c9NICAS PARA LA INFANCIA Y LA JUVENTUD\",\"publisher\":{\"@id\":\"https:\/\/assitej.culturaescenica.es\/gl\/#organization\"},\"potentialAction\":[{\"@type\":\"SearchAction\",\"target\":{\"@type\":\"EntryPoint\",\"urlTemplate\":\"https:\/\/assitej.culturaescenica.es\/gl\/?s={search_term_string}\"},\"query-input\":{\"@type\":\"PropertyValueSpecification\",\"valueRequired\":true,\"valueName\":\"search_term_string\"}}],\"inLanguage\":\"ca\"},{\"@type\":\"Organization\",\"@id\":\"https:\/\/assitej.culturaescenica.es\/gl\/#organization\",\"name\":\"ASSITEJ Espa\u00f1a\",\"url\":\"https:\/\/assitej.culturaescenica.es\/gl\/\",\"logo\":{\"@type\":\"ImageObject\",\"inLanguage\":\"ca\",\"@id\":\"https:\/\/assitej.culturaescenica.es\/gl\/#\/schema\/logo\/image\/\",\"url\":\"https:\/\/assitej.es\/wp-content\/uploads\/Logo_ASSITEJ_Espana.RGB_2-1.png\",\"contentUrl\":\"https:\/\/assitej.es\/wp-content\/uploads\/Logo_ASSITEJ_Espana.RGB_2-1.png\",\"width\":4934,\"height\":2287,\"caption\":\"ASSITEJ Espa\u00f1a\"},\"image\":{\"@id\":\"https:\/\/assitej.culturaescenica.es\/gl\/#\/schema\/logo\/image\/\"},\"sameAs\":[\"https:\/\/www.facebook.com\/assitejespana\/\",\"https:\/\/x.com\/AssitejEspana\",\"https:\/\/www.youtube.com\/channel\/UCv-2SDBzEmyORL5tPvsYgMw\"]}]}<\/script>\n<!-- \/ Yoast SEO plugin. -->","yoast_head_json":{"title":"D&#039;herois i monstres - ASSITEJ Espa\u00f1a","description":"Premi Luis Matilla de Teatre per a la inf\u00e0ncia i la joventut. ASSITEJ","robots":{"index":"index","follow":"follow","max-snippet":"max-snippet:-1","max-image-preview":"max-image-preview:large","max-video-preview":"max-video-preview:-1"},"canonical":"https:\/\/assitej.culturaescenica.es\/ca\/editorial-assitej\/xabier-lopez-askasibar\/de-heroes-y-monstruos\/","og_locale":"ca_ES","og_type":"article","og_title":"De h\u00e9roes y monstruos - ASSITEJ Espa\u00f1a","og_description":"Premio Luis Matilla de Teatro para la infancia y la juventud. ASSITEJ","og_url":"https:\/\/assitej.culturaescenica.es\/ca\/editorial-assitej\/xabier-lopez-askasibar\/de-heroes-y-monstruos\/","og_site_name":"ASSITEJ Espa\u00f1a","article_publisher":"https:\/\/www.facebook.com\/assitejespana\/","article_modified_time":"2025-02-25T09:23:43+00:00","og_image":[{"width":1543,"height":2253,"url":"https:\/\/assitej.culturaescenica.es\/wp-content\/uploads\/Heroes_Cubierta.webp","type":"image\/jpeg"}],"twitter_card":"summary_large_image","twitter_site":"@AssitejEspana","twitter_misc":{"Temps estimat de lectura":"2 minuts"},"schema":{"@context":"https:\/\/schema.org","@graph":[{"@type":"WebPage","@id":"https:\/\/assitej.culturaescenica.es\/editorial-assitej\/xabier-lopez-askasibar\/de-heroes-y-monstruos\/","url":"https:\/\/assitej.culturaescenica.es\/editorial-assitej\/xabier-lopez-askasibar\/de-heroes-y-monstruos\/","name":"D&#039;herois i monstres - ASSITEJ Espa\u00f1a","isPartOf":{"@id":"https:\/\/assitej.culturaescenica.es\/gl\/#website"},"primaryImageOfPage":{"@id":"https:\/\/assitej.culturaescenica.es\/editorial-assitej\/xabier-lopez-askasibar\/de-heroes-y-monstruos\/#primaryimage"},"image":{"@id":"https:\/\/assitej.culturaescenica.es\/editorial-assitej\/xabier-lopez-askasibar\/de-heroes-y-monstruos\/#primaryimage"},"thumbnailUrl":"https:\/\/assitej.culturaescenica.es\/wp-content\/uploads\/Heroes_Cubierta.webp","datePublished":"2025-02-25T09:21:00+00:00","dateModified":"2025-02-25T09:23:43+00:00","description":"Premi Luis Matilla de Teatre per a la inf\u00e0ncia i la joventut. ASSITEJ","breadcrumb":{"@id":"https:\/\/assitej.culturaescenica.es\/editorial-assitej\/xabier-lopez-askasibar\/de-heroes-y-monstruos\/#breadcrumb"},"inLanguage":"ca","potentialAction":[{"@type":"ReadAction","target":["https:\/\/assitej.culturaescenica.es\/editorial-assitej\/xabier-lopez-askasibar\/de-heroes-y-monstruos\/"]}]},{"@type":"ImageObject","inLanguage":"ca","@id":"https:\/\/assitej.culturaescenica.es\/editorial-assitej\/xabier-lopez-askasibar\/de-heroes-y-monstruos\/#primaryimage","url":"https:\/\/assitej.culturaescenica.es\/wp-content\/uploads\/Heroes_Cubierta.webp","contentUrl":"https:\/\/assitej.culturaescenica.es\/wp-content\/uploads\/Heroes_Cubierta.webp","width":1543,"height":2253},{"@type":"BreadcrumbList","@id":"https:\/\/assitej.culturaescenica.es\/editorial-assitej\/xabier-lopez-askasibar\/de-heroes-y-monstruos\/#breadcrumb","itemListElement":[{"@type":"ListItem","position":1,"name":"Portada","item":"https:\/\/assitej.culturaescenica.es\/gl\/"},{"@type":"ListItem","position":2,"name":"Editorial Assitej","item":"https:\/\/assitej.culturaescenica.es\/es_es\/editorial-assitej\/"},{"@type":"ListItem","position":3,"name":"De h\u00e9roes y monstruos"}]},{"@type":"WebSite","@id":"https:\/\/assitej.culturaescenica.es\/gl\/#website","url":"https:\/\/assitej.culturaescenica.es\/gl\/","name":"ASSITEJ Espanya","description":"ARTS ESC\u00c8NIQUES PER A LA INF\u00c0NCIA I LA JOVENTUT","publisher":{"@id":"https:\/\/assitej.culturaescenica.es\/gl\/#organization"},"potentialAction":[{"@type":"SearchAction","target":{"@type":"EntryPoint","urlTemplate":"https:\/\/assitej.culturaescenica.es\/gl\/?s={search_term_string}"},"query-input":{"@type":"PropertyValueSpecification","valueRequired":true,"valueName":"search_term_string"}}],"inLanguage":"ca"},{"@type":"Organization","@id":"https:\/\/assitej.culturaescenica.es\/gl\/#organization","name":"ASSITEJ Espanya","url":"https:\/\/assitej.culturaescenica.es\/gl\/","logo":{"@type":"ImageObject","inLanguage":"ca","@id":"https:\/\/assitej.culturaescenica.es\/gl\/#\/schema\/logo\/image\/","url":"https:\/\/assitej.es\/wp-content\/uploads\/Logo_ASSITEJ_Espana.RGB_2-1.png","contentUrl":"https:\/\/assitej.es\/wp-content\/uploads\/Logo_ASSITEJ_Espana.RGB_2-1.png","width":4934,"height":2287,"caption":"ASSITEJ Espa\u00f1a"},"image":{"@id":"https:\/\/assitej.culturaescenica.es\/gl\/#\/schema\/logo\/image\/"},"sameAs":["https:\/\/www.facebook.com\/assitejespana\/","https:\/\/x.com\/AssitejEspana","https:\/\/www.youtube.com\/channel\/UCv-2SDBzEmyORL5tPvsYgMw"]}]}},"_links":{"self":[{"href":"https:\/\/assitej.culturaescenica.es\/ca\/wp-json\/wp\/v2\/product\/26618","targetHints":{"allow":["GET"]}}],"collection":[{"href":"https:\/\/assitej.culturaescenica.es\/ca\/wp-json\/wp\/v2\/product"}],"about":[{"href":"https:\/\/assitej.culturaescenica.es\/ca\/wp-json\/wp\/v2\/types\/product"}],"wp:featuredmedia":[{"embeddable":true,"href":"https:\/\/assitej.culturaescenica.es\/ca\/wp-json\/wp\/v2\/media\/26619"}],"wp:attachment":[{"href":"https:\/\/assitej.culturaescenica.es\/ca\/wp-json\/wp\/v2\/media?parent=26618"}],"wp:term":[{"taxonomy":"product_brand","embeddable":true,"href":"https:\/\/assitej.culturaescenica.es\/ca\/wp-json\/wp\/v2\/product_brand?post=26618"},{"taxonomy":"product_cat","embeddable":true,"href":"https:\/\/assitej.culturaescenica.es\/ca\/wp-json\/wp\/v2\/product_cat?post=26618"},{"taxonomy":"product_tag","embeddable":true,"href":"https:\/\/assitej.culturaescenica.es\/ca\/wp-json\/wp\/v2\/product_tag?post=26618"}],"curies":[{"name":"wp","href":"https:\/\/api.w.org\/{rel}","templated":true}]}}