{"id":24382,"date":"2024-12-11T17:20:10","date_gmt":"2024-12-11T16:20:10","guid":{"rendered":"https:\/\/assitej.es\/beta2\/?post_type=product&#038;p=24382"},"modified":"2024-12-11T17:22:04","modified_gmt":"2024-12-11T16:22:04","slug":"diario-del-limonero","status":"publish","type":"product","link":"https:\/\/assitej.culturaescenica.es\/ca\/editorial-assitej\/paco-romeu\/diario-del-limonero\/","title":{"rendered":"Diari del llimoner"},"content":{"rendered":"<p>A primer cop d&#039;ull, aquest no sembla un text teatral. A segona, potser, tampoc. Aix\u00f2, si m\u00e9s no, \u00e9s el que ens adverteix Paco Romeu en iniciar aquest llibre. No obstant aix\u00f2, Diario del limonero amaga, sens dubte, una obra de teatre sobre la vida i els seus processos.<\/p>\n<p>A trav\u00e9s de la hist\u00f2ria de Cristina i Bruno, dos nadons bessons que ho aprenen tot sota les fulles d&#039;un vell llimoner i davant de l&#039;atenta i afectuosa mirada de la seva mare, Romeu ens parla amb veu po\u00e8tica de la fam\u00edlia, de l&#039;arrelament i del creixement en connexi\u00f3 amb la natura. La vida des de la senzillesa, des del que som, des de la import\u00e0ncia de les coses petites.<\/p>\n<p>Diari del llimoner va ser l&#039;obra guanyadora, en la modalitat de castell\u00e0, del XXXI Concurs de Textos Teatrals adre\u00e7ats a p\u00fablic infantil organitzat per l&#039;Ajuntament de Pamplona i l&#039;ENTNAE (Escola Navarra de Teatre).<\/p>\n<p>Obra guanyadora del XXXI Concurs de textos teatrals adre\u00e7ats a p\u00fablic infantil de l&#039;Escola Navarresa de Teatre i l&#039;Ajuntament de Pamplona<\/p>","protected":false},"excerpt":{"rendered":"<p>A primer cop d&#039;ull, aquest no sembla un text teatral. A segona, potser, tampoc. Aix\u00f2, si m\u00e9s no, \u00e9s el que ens adverteix Paco Romeu en iniciar aquest llibre. No obstant aix\u00f2, Diario del limonero amaga, sens dubte, una obra de teatre sobre la vida i els seus processos.<\/p>\n<p>A trav\u00e9s de la hist\u00f2ria de Cristina i Bruno, dos nadons bessons que ho aprenen tot sota les fulles d&#039;un vell llimoner i davant de l&#039;atenta i afectuosa mirada de la seva mare, Romeu ens parla amb veu po\u00e8tica de la fam\u00edlia, de l&#039;arrelament i del creixement en connexi\u00f3 amb la natura. La vida des de la senzillesa, des del que som, des de la import\u00e0ncia de les coses petites.<\/p>\n<p>Diari del llimoner va ser l&#039;obra guanyadora, en la modalitat de castell\u00e0, del XXXI Concurs de Textos Teatrals adre\u00e7ats a p\u00fablic infantil organitzat per l&#039;Ajuntament de Pamplona i l&#039;ENTNAE (Escola Navarra de Teatre).<\/p>\n<p>Obra guanyadora del XXXI Concurs de textos teatrals adre\u00e7ats a p\u00fablic infantil de l&#039;Escola Navarresa de Teatre i l&#039;Ajuntament de Pamplona<\/p>","protected":false},"featured_media":24383,"template":"","meta":{"_acf_changed":false,"_links_to":"","_links_to_target":""},"product_brand":[],"product_cat":[2678],"product_tag":[67],"class_list":{"0":"post-24382","1":"product","2":"type-product","3":"status-publish","4":"has-post-thumbnail","6":"product_cat-paco-romeu","7":"product_tag-coleccion-teatro","8":"infinite-scroll-item","9":"","10":"woocommerce-text-align-left","11":"woocommerce-image-align-center","12":"do-quantity-buttons","14":"first","15":"instock","16":"taxable","17":"shipping-taxable","18":"purchasable","19":"product-type-simple"},"acf":[],"yoast_head":"<!-- This site is optimized with the Yoast SEO plugin v27.1.1 - https:\/\/yoast.com\/product\/yoast-seo-wordpress\/ -->\n<title>Diario del limonero - ASSITEJ Espa\u00f1a<\/title>\n<meta name=\"robots\" content=\"index, follow, max-snippet:-1, max-image-preview:large, max-video-preview:-1\" \/>\n<link rel=\"canonical\" href=\"https:\/\/assitej.culturaescenica.es\/ca\/editorial-assitej\/paco-romeu\/diario-del-limonero\/\" \/>\n<meta property=\"og:locale\" content=\"ca_ES\" \/>\n<meta property=\"og:type\" content=\"article\" \/>\n<meta property=\"og:title\" content=\"Diario del limonero - ASSITEJ Espa\u00f1a\" \/>\n<meta property=\"og:description\" content=\"A primera vista, este no parece un texto teatral. A segunda, tal vez, tampoco. Eso, al menos, es lo que nos advierte Paco Romeu al iniciar este libro. Sin embargo, Diario del limonero esconde, sin lugar a duda, una obra de teatro sobre la vida y sus procesos.  A trav\u00e9s de la historia de Cristina y Bruno, dos bebes mellizos que lo aprenden todo bajo las hojas de un viejo limonero y ante la atenta y cari\u00f1osa mirada de su madre, Romeu nos habla con voz po\u00e9tica de la familia, del arraigo y del crecimiento en conexi\u00f3n con la naturaleza. La vida desde la sencillez, desde lo que somos, desde la importancia de las peque\u00f1as cosas.  Diario del limonero fue la obra ganadora, en la modalidad de castellano, del XXXI Concurso de Textos Teatrales dirigidos a p\u00fablico infantil organizado por el Ayuntamiento de Pamplona y la ENTNAE (Escuela Navarra de Teatro).  Obra ganadora del XXXI Concurso de textos teatrales dirigidos a p\u00fablico infantil de la Escuela Navarra de Teatro y el Ayuntamiento de Pamplona\" \/>\n<meta property=\"og:url\" content=\"https:\/\/assitej.culturaescenica.es\/ca\/editorial-assitej\/paco-romeu\/diario-del-limonero\/\" \/>\n<meta property=\"og:site_name\" content=\"ASSITEJ Espa\u00f1a\" \/>\n<meta property=\"article:publisher\" content=\"https:\/\/www.facebook.com\/assitejespana\/\" \/>\n<meta property=\"article:modified_time\" content=\"2024-12-11T16:22:04+00:00\" \/>\n<meta property=\"og:image\" content=\"https:\/\/assitej.culturaescenica.es\/wp-content\/uploads\/Limonero-jpg.webp\" \/>\n\t<meta property=\"og:image:width\" content=\"539\" \/>\n\t<meta property=\"og:image:height\" content=\"834\" \/>\n\t<meta property=\"og:image:type\" content=\"image\/jpeg\" \/>\n<meta name=\"twitter:card\" content=\"summary_large_image\" \/>\n<meta name=\"twitter:site\" content=\"@AssitejEspana\" \/>\n<meta name=\"twitter:label1\" content=\"Temps estimat de lectura\" \/>\n\t<meta name=\"twitter:data1\" content=\"1 minut\" \/>\n<script type=\"application\/ld+json\" class=\"yoast-schema-graph\">{\"@context\":\"https:\/\/schema.org\",\"@graph\":[{\"@type\":\"WebPage\",\"@id\":\"https:\/\/assitej.culturaescenica.es\/gl\/editorial-assitej\/paco-romeu\/diario-del-limonero\/\",\"url\":\"https:\/\/assitej.culturaescenica.es\/gl\/editorial-assitej\/paco-romeu\/diario-del-limonero\/\",\"name\":\"Diario del limonero - ASSITEJ Espa\u00f1a\",\"isPartOf\":{\"@id\":\"https:\/\/assitej.culturaescenica.es\/gl\/#website\"},\"primaryImageOfPage\":{\"@id\":\"https:\/\/assitej.culturaescenica.es\/gl\/editorial-assitej\/paco-romeu\/diario-del-limonero\/#primaryimage\"},\"image\":{\"@id\":\"https:\/\/assitej.culturaescenica.es\/gl\/editorial-assitej\/paco-romeu\/diario-del-limonero\/#primaryimage\"},\"thumbnailUrl\":\"https:\/\/assitej.culturaescenica.es\/wp-content\/uploads\/Limonero-jpg.webp\",\"datePublished\":\"2024-12-11T16:20:10+00:00\",\"dateModified\":\"2024-12-11T16:22:04+00:00\",\"breadcrumb\":{\"@id\":\"https:\/\/assitej.culturaescenica.es\/gl\/editorial-assitej\/paco-romeu\/diario-del-limonero\/#breadcrumb\"},\"inLanguage\":\"ca\",\"potentialAction\":[{\"@type\":\"ReadAction\",\"target\":[\"https:\/\/assitej.culturaescenica.es\/gl\/editorial-assitej\/paco-romeu\/diario-del-limonero\/\"]}]},{\"@type\":\"ImageObject\",\"inLanguage\":\"ca\",\"@id\":\"https:\/\/assitej.culturaescenica.es\/gl\/editorial-assitej\/paco-romeu\/diario-del-limonero\/#primaryimage\",\"url\":\"https:\/\/assitej.culturaescenica.es\/wp-content\/uploads\/Limonero-jpg.webp\",\"contentUrl\":\"https:\/\/assitej.culturaescenica.es\/wp-content\/uploads\/Limonero-jpg.webp\",\"width\":539,\"height\":834,\"caption\":\"Diario del limonero\"},{\"@type\":\"BreadcrumbList\",\"@id\":\"https:\/\/assitej.culturaescenica.es\/gl\/editorial-assitej\/paco-romeu\/diario-del-limonero\/#breadcrumb\",\"itemListElement\":[{\"@type\":\"ListItem\",\"position\":1,\"name\":\"Portada\",\"item\":\"https:\/\/assitej.culturaescenica.es\/gl\/\"},{\"@type\":\"ListItem\",\"position\":2,\"name\":\"Editorial Assitej\",\"item\":\"https:\/\/assitej.culturaescenica.es\/es_es\/editorial-assitej\/\"},{\"@type\":\"ListItem\",\"position\":3,\"name\":\"Diario del limonero\"}]},{\"@type\":\"WebSite\",\"@id\":\"https:\/\/assitej.culturaescenica.es\/gl\/#website\",\"url\":\"https:\/\/assitej.culturaescenica.es\/gl\/\",\"name\":\"ASSITEJ Espa\u00f1a\",\"description\":\"ARTES ESC\u00c9NICAS PARA LA INFANCIA Y LA JUVENTUD\",\"publisher\":{\"@id\":\"https:\/\/assitej.culturaescenica.es\/gl\/#organization\"},\"potentialAction\":[{\"@type\":\"SearchAction\",\"target\":{\"@type\":\"EntryPoint\",\"urlTemplate\":\"https:\/\/assitej.culturaescenica.es\/gl\/?s={search_term_string}\"},\"query-input\":{\"@type\":\"PropertyValueSpecification\",\"valueRequired\":true,\"valueName\":\"search_term_string\"}}],\"inLanguage\":\"ca\"},{\"@type\":\"Organization\",\"@id\":\"https:\/\/assitej.culturaescenica.es\/gl\/#organization\",\"name\":\"ASSITEJ Espa\u00f1a\",\"url\":\"https:\/\/assitej.culturaescenica.es\/gl\/\",\"logo\":{\"@type\":\"ImageObject\",\"inLanguage\":\"ca\",\"@id\":\"https:\/\/assitej.culturaescenica.es\/gl\/#\/schema\/logo\/image\/\",\"url\":\"https:\/\/assitej.es\/wp-content\/uploads\/Logo_ASSITEJ_Espana.RGB_2-1.png\",\"contentUrl\":\"https:\/\/assitej.es\/wp-content\/uploads\/Logo_ASSITEJ_Espana.RGB_2-1.png\",\"width\":4934,\"height\":2287,\"caption\":\"ASSITEJ Espa\u00f1a\"},\"image\":{\"@id\":\"https:\/\/assitej.culturaescenica.es\/gl\/#\/schema\/logo\/image\/\"},\"sameAs\":[\"https:\/\/www.facebook.com\/assitejespana\/\",\"https:\/\/x.com\/AssitejEspana\",\"https:\/\/www.youtube.com\/channel\/UCv-2SDBzEmyORL5tPvsYgMw\"]}]}<\/script>\n<!-- \/ Yoast SEO plugin. -->","yoast_head_json":{"title":"Diari del llimoner - ASSITEJ Espa\u00f1a","robots":{"index":"index","follow":"follow","max-snippet":"max-snippet:-1","max-image-preview":"max-image-preview:large","max-video-preview":"max-video-preview:-1"},"canonical":"https:\/\/assitej.culturaescenica.es\/ca\/editorial-assitej\/paco-romeu\/diario-del-limonero\/","og_locale":"ca_ES","og_type":"article","og_title":"Diario del limonero - ASSITEJ Espa\u00f1a","og_description":"A primera vista, este no parece un texto teatral. A segunda, tal vez, tampoco. Eso, al menos, es lo que nos advierte Paco Romeu al iniciar este libro. Sin embargo, Diario del limonero esconde, sin lugar a duda, una obra de teatro sobre la vida y sus procesos.  A trav\u00e9s de la historia de Cristina y Bruno, dos bebes mellizos que lo aprenden todo bajo las hojas de un viejo limonero y ante la atenta y cari\u00f1osa mirada de su madre, Romeu nos habla con voz po\u00e9tica de la familia, del arraigo y del crecimiento en conexi\u00f3n con la naturaleza. La vida desde la sencillez, desde lo que somos, desde la importancia de las peque\u00f1as cosas.  Diario del limonero fue la obra ganadora, en la modalidad de castellano, del XXXI Concurso de Textos Teatrales dirigidos a p\u00fablico infantil organizado por el Ayuntamiento de Pamplona y la ENTNAE (Escuela Navarra de Teatro).  Obra ganadora del XXXI Concurso de textos teatrales dirigidos a p\u00fablico infantil de la Escuela Navarra de Teatro y el Ayuntamiento de Pamplona","og_url":"https:\/\/assitej.culturaescenica.es\/ca\/editorial-assitej\/paco-romeu\/diario-del-limonero\/","og_site_name":"ASSITEJ Espa\u00f1a","article_publisher":"https:\/\/www.facebook.com\/assitejespana\/","article_modified_time":"2024-12-11T16:22:04+00:00","og_image":[{"width":539,"height":834,"url":"https:\/\/assitej.culturaescenica.es\/wp-content\/uploads\/Limonero-jpg.webp","type":"image\/jpeg"}],"twitter_card":"summary_large_image","twitter_site":"@AssitejEspana","twitter_misc":{"Temps estimat de lectura":"1 minut"},"schema":{"@context":"https:\/\/schema.org","@graph":[{"@type":"WebPage","@id":"https:\/\/assitej.culturaescenica.es\/gl\/editorial-assitej\/paco-romeu\/diario-del-limonero\/","url":"https:\/\/assitej.culturaescenica.es\/gl\/editorial-assitej\/paco-romeu\/diario-del-limonero\/","name":"Diari del llimoner - ASSITEJ Espa\u00f1a","isPartOf":{"@id":"https:\/\/assitej.culturaescenica.es\/gl\/#website"},"primaryImageOfPage":{"@id":"https:\/\/assitej.culturaescenica.es\/gl\/editorial-assitej\/paco-romeu\/diario-del-limonero\/#primaryimage"},"image":{"@id":"https:\/\/assitej.culturaescenica.es\/gl\/editorial-assitej\/paco-romeu\/diario-del-limonero\/#primaryimage"},"thumbnailUrl":"https:\/\/assitej.culturaescenica.es\/wp-content\/uploads\/Limonero-jpg.webp","datePublished":"2024-12-11T16:20:10+00:00","dateModified":"2024-12-11T16:22:04+00:00","breadcrumb":{"@id":"https:\/\/assitej.culturaescenica.es\/gl\/editorial-assitej\/paco-romeu\/diario-del-limonero\/#breadcrumb"},"inLanguage":"ca","potentialAction":[{"@type":"ReadAction","target":["https:\/\/assitej.culturaescenica.es\/gl\/editorial-assitej\/paco-romeu\/diario-del-limonero\/"]}]},{"@type":"ImageObject","inLanguage":"ca","@id":"https:\/\/assitej.culturaescenica.es\/gl\/editorial-assitej\/paco-romeu\/diario-del-limonero\/#primaryimage","url":"https:\/\/assitej.culturaescenica.es\/wp-content\/uploads\/Limonero-jpg.webp","contentUrl":"https:\/\/assitej.culturaescenica.es\/wp-content\/uploads\/Limonero-jpg.webp","width":539,"height":834,"caption":"Diario del limonero"},{"@type":"BreadcrumbList","@id":"https:\/\/assitej.culturaescenica.es\/gl\/editorial-assitej\/paco-romeu\/diario-del-limonero\/#breadcrumb","itemListElement":[{"@type":"ListItem","position":1,"name":"Portada","item":"https:\/\/assitej.culturaescenica.es\/gl\/"},{"@type":"ListItem","position":2,"name":"Editorial Assitej","item":"https:\/\/assitej.culturaescenica.es\/es_es\/editorial-assitej\/"},{"@type":"ListItem","position":3,"name":"Diario del limonero"}]},{"@type":"WebSite","@id":"https:\/\/assitej.culturaescenica.es\/gl\/#website","url":"https:\/\/assitej.culturaescenica.es\/gl\/","name":"ASSITEJ Espanya","description":"ARTS ESC\u00c8NIQUES PER A LA INF\u00c0NCIA I LA JOVENTUT","publisher":{"@id":"https:\/\/assitej.culturaescenica.es\/gl\/#organization"},"potentialAction":[{"@type":"SearchAction","target":{"@type":"EntryPoint","urlTemplate":"https:\/\/assitej.culturaescenica.es\/gl\/?s={search_term_string}"},"query-input":{"@type":"PropertyValueSpecification","valueRequired":true,"valueName":"search_term_string"}}],"inLanguage":"ca"},{"@type":"Organization","@id":"https:\/\/assitej.culturaescenica.es\/gl\/#organization","name":"ASSITEJ Espanya","url":"https:\/\/assitej.culturaescenica.es\/gl\/","logo":{"@type":"ImageObject","inLanguage":"ca","@id":"https:\/\/assitej.culturaescenica.es\/gl\/#\/schema\/logo\/image\/","url":"https:\/\/assitej.es\/wp-content\/uploads\/Logo_ASSITEJ_Espana.RGB_2-1.png","contentUrl":"https:\/\/assitej.es\/wp-content\/uploads\/Logo_ASSITEJ_Espana.RGB_2-1.png","width":4934,"height":2287,"caption":"ASSITEJ Espa\u00f1a"},"image":{"@id":"https:\/\/assitej.culturaescenica.es\/gl\/#\/schema\/logo\/image\/"},"sameAs":["https:\/\/www.facebook.com\/assitejespana\/","https:\/\/x.com\/AssitejEspana","https:\/\/www.youtube.com\/channel\/UCv-2SDBzEmyORL5tPvsYgMw"]}]}},"_links":{"self":[{"href":"https:\/\/assitej.culturaescenica.es\/ca\/wp-json\/wp\/v2\/product\/24382","targetHints":{"allow":["GET"]}}],"collection":[{"href":"https:\/\/assitej.culturaescenica.es\/ca\/wp-json\/wp\/v2\/product"}],"about":[{"href":"https:\/\/assitej.culturaescenica.es\/ca\/wp-json\/wp\/v2\/types\/product"}],"wp:featuredmedia":[{"embeddable":true,"href":"https:\/\/assitej.culturaescenica.es\/ca\/wp-json\/wp\/v2\/media\/24383"}],"wp:attachment":[{"href":"https:\/\/assitej.culturaescenica.es\/ca\/wp-json\/wp\/v2\/media?parent=24382"}],"wp:term":[{"taxonomy":"product_brand","embeddable":true,"href":"https:\/\/assitej.culturaescenica.es\/ca\/wp-json\/wp\/v2\/product_brand?post=24382"},{"taxonomy":"product_cat","embeddable":true,"href":"https:\/\/assitej.culturaescenica.es\/ca\/wp-json\/wp\/v2\/product_cat?post=24382"},{"taxonomy":"product_tag","embeddable":true,"href":"https:\/\/assitej.culturaescenica.es\/ca\/wp-json\/wp\/v2\/product_tag?post=24382"}],"curies":[{"name":"wp","href":"https:\/\/api.w.org\/{rel}","templated":true}]}}