{"id":24376,"date":"2024-12-11T17:12:59","date_gmt":"2024-12-11T16:12:59","guid":{"rendered":"https:\/\/assitej.es\/beta2\/?post_type=product&#038;p=24376"},"modified":"2025-05-18T19:03:57","modified_gmt":"2025-05-18T17:03:57","slug":"el-ruido-de-los-huesos-que-crujen","status":"publish","type":"product","link":"https:\/\/assitej.culturaescenica.es\/ca\/editorial-assitej\/suzanne-lebeau\/el-ruido-de-los-huesos-que-crujen\/","title":{"rendered":"El soroll dels ossos que cruixen"},"content":{"rendered":"<p>Hi ha realitats que ens paren el cor i ens deixen muts. Sense capacitat per reaccionar. El soroll dels ossos que cruixen tracta una d&#039;aquelles realitats: els nens i les nenes soldat. Elikia desperta en plena nit Joseph, el nen m\u00e9s petit del campament, de nom\u00e9s vuit anys, per escapar junts de la viol\u00e8ncia i anar a buscar un futur. Gr\u00e0cies al seu m\u00f3n po\u00e8tic ia la seva capacitat per mirar la realitat de manera crua, per\u00f2 tamb\u00e9 delicada, Suzanne Lebeau enc\u00e9n llums d&#039;esperan\u00e7a fr\u00e0gils per descobrir als p\u00fablics m\u00e9s joves les realitats m\u00e9s complexes del m\u00f3n. Justament perqu\u00e8 la nostra mudesa pugui esdevenir paraula transformadora. Com Primo Levi diu en una de les cites que obren el text, \u00abtot i que \u00e9s impossible comprendre, \u00e9s obligatori saber\u00bb.<\/p>\n<p>El comprom\u00eds de Suzanne Lebeau donant veu a les inf\u00e0ncies i les seves realitats, el seu afany per explicar el m\u00f3n als m\u00e9s petits perqu\u00e8 aquests coneguin les dificultats a qu\u00e8 s&#039;enfronten en altres geografies, han fet del seu teatre una de les principals fonts de renovaci\u00f3 de les arts esc\u00e8niques per a la inf\u00e0ncia i la joventut. Un teatre comprom\u00e8s que tamb\u00e9 \u00e9s una eina per fer del m\u00f3n un lloc millor.<\/p>\n<p>ASSITEJ Espanya ha iniciat la publicaci\u00f3 de la seva obra completa a la Col\u00b7lecci\u00f3 Internacional de Teatre, de la qual ja formen part L&#039;ogrito, Sabates de sorra, Tres germanetes, Gretel i Hansel, Salvador i Una lluna entre dues cases.<\/p>","protected":false},"excerpt":{"rendered":"<p>Hi ha realitats que ens paren el cor i ens deixen muts. Sense capacitat per reaccionar. El soroll dels ossos que cruixen tracta una d&#039;aquelles realitats: els nens i les nenes soldat. Elikia desperta en plena nit Joseph, el nen m\u00e9s petit del campament, de nom\u00e9s vuit anys, per escapar junts de la viol\u00e8ncia i anar a buscar un futur. Gr\u00e0cies al seu m\u00f3n po\u00e8tic ia la seva capacitat per mirar la realitat de manera crua, per\u00f2 tamb\u00e9 delicada, Suzanne Lebeau enc\u00e9n llums d&#039;esperan\u00e7a fr\u00e0gils per descobrir als p\u00fablics m\u00e9s joves les realitats m\u00e9s complexes del m\u00f3n. Justament perqu\u00e8 la nostra mudesa pugui esdevenir paraula transformadora. Com Primo Levi diu en una de les cites que obren el text, \u00abtot i que \u00e9s impossible comprendre, \u00e9s obligatori saber\u00bb.<\/p>\n<p>El comprom\u00eds de Suzanne Lebeau donant veu a les inf\u00e0ncies i les seves realitats, el seu afany per explicar el m\u00f3n als m\u00e9s petits perqu\u00e8 aquests coneguin les dificultats a qu\u00e8 s&#039;enfronten en altres geografies, han fet del seu teatre una de les principals fonts de renovaci\u00f3 de les arts esc\u00e8niques per a la inf\u00e0ncia i la joventut. Un teatre comprom\u00e8s que tamb\u00e9 \u00e9s una eina per fer del m\u00f3n un lloc millor.<\/p>\n<p>ASSITEJ Espanya ha iniciat la publicaci\u00f3 de la seva obra completa a la Col\u00b7lecci\u00f3 Internacional de Teatre, de la qual ja formen part L&#039;ogrito, Sabates de sorra, Tres germanetes, Gretel i Hansel, Salvador i Una lluna entre dues cases.<\/p>\n<p>Suzanne Lebeau \u00e9s una de les veus m\u00e9s excel\u00b7lents del teatre internacional. Els seus textos i el treball amb la seva companyia, Le Carrousel, l&#039;han convertit, sens dubte, en una de les principals renovadores del teatre per a nens i nenes de les darreres d\u00e8cades. ASSITEJ Espanya ha iniciat la publicaci\u00f3 de la seva obra completa a la Col\u00b7lecci\u00f3 Internacional de Teatre, de la qual ja formen part L&#039;ogrito, Sabates de sorra, Tres hermanitas, Gretel i Hansel i Salvador.<\/p>\n<p>Traducci\u00f3 de Vedat Ad\u00e1nez.<\/p>","protected":false},"featured_media":24377,"template":"","meta":{"_acf_changed":false,"_links_to":"","_links_to_target":""},"product_brand":[2699],"product_cat":[115],"product_tag":[122],"class_list":{"0":"post-24376","1":"product","2":"type-product","3":"status-publish","4":"has-post-thumbnail","6":"product_brand-assitej","7":"product_cat-suzanne-lebeau","8":"product_tag-coleccion-internacional","9":"infinite-scroll-item","10":"","11":"woocommerce-text-align-left","12":"woocommerce-image-align-center","13":"do-quantity-buttons","15":"first","16":"instock","17":"taxable","18":"shipping-taxable","19":"purchasable","20":"product-type-simple"},"acf":[],"yoast_head":"<!-- This site is optimized with the Yoast SEO plugin v27.1.1 - https:\/\/yoast.com\/product\/yoast-seo-wordpress\/ -->\n<title>El ruido de los huesos que crujen - ASSITEJ Espa\u00f1a<\/title>\n<meta name=\"robots\" content=\"index, follow, max-snippet:-1, max-image-preview:large, max-video-preview:-1\" \/>\n<link rel=\"canonical\" href=\"https:\/\/assitej.culturaescenica.es\/ca\/editorial-assitej\/suzanne-lebeau\/el-ruido-de-los-huesos-que-crujen\/\" \/>\n<meta property=\"og:locale\" content=\"ca_ES\" \/>\n<meta property=\"og:type\" content=\"article\" \/>\n<meta property=\"og:title\" content=\"El ruido de los huesos que crujen - ASSITEJ Espa\u00f1a\" \/>\n<meta property=\"og:description\" content=\"Hay realidades que nos paran el coraz\u00f3n y nos dejan mudos. Sin capacidad para reaccionar. El ruido de los huesos que crujen trata una de esas realidades: los ni\u00f1os y ni\u00f1as soldado. Elikia despierta en plena noche a Joseph, el ni\u00f1o m\u00e1s peque\u00f1o del campamento, de tan solo ocho a\u00f1os, para escapar juntos de la violencia e ir en busca de un futuro. Gracias a su mundo po\u00e9tico y a su capacidad para mirar la realidad de manera cruda, pero tambi\u00e9n delicada, Suzanne Lebeau enciende fr\u00e1giles luces de esperanza para descubrir a los p\u00fablicos m\u00e1s j\u00f3venes las realidades m\u00e1s complejas del mundo. Justamente para que nuestra mudez pueda convertirse en palabra transformadora. Como Primo Levi dice en una de las citas que abren el texto, \u00abaunque es imposible comprender, es obligatorio saber\u00bb.  El compromiso de Suzanne Lebeau dando voz a las infancias y sus realidades, su empe\u00f1o por contar el mundo a los m\u00e1s peque\u00f1os para que estos conozcan las dificultades a las que se enfrentan en otras geograf\u00edas, han hecho de su teatro una de las principales fuentes de renovaci\u00f3n de las artes esc\u00e9nicas para la infancia y la juventud. Un teatro comprometido que tambi\u00e9n es herramienta para hacer del mundo un lugar mejor.  ASSITEJ Espa\u00f1a ha iniciado la publicaci\u00f3n de su obra completa en la Colecci\u00f3n Internacional de Teatro, de la que ya forman parte El ogrito, Zapatos de arena, Tres hermanitas, Gretel y Hansel, Salvador y Una luna entre dos casas.  Suzanne Lebeau es una de las voces m\u00e1s sobresalientes del teatro internacional. Sus textos y el trabajo con su compa\u00f1\u00eda, Le Carrousel, la han convertido, sin lugar a dudas, en una de las principales renovadoras del teatro para ni\u00f1os y ni\u00f1as de las \u00faltimas d\u00e9cadas. ASSITEJ Espa\u00f1a ha iniciado la publicaci\u00f3n de su obra completa en la Colecci\u00f3n Internacional de Teatro, de la que ya forman parte El ogrito, Zapatos de arena, Tres hermanitas, Gretel y Hansel y Salvador.  Traducci\u00f3n de Coto Ad\u00e1nez.\" \/>\n<meta property=\"og:url\" content=\"https:\/\/assitej.culturaescenica.es\/ca\/editorial-assitej\/suzanne-lebeau\/el-ruido-de-los-huesos-que-crujen\/\" \/>\n<meta property=\"og:site_name\" content=\"ASSITEJ Espa\u00f1a\" \/>\n<meta property=\"article:publisher\" content=\"https:\/\/www.facebook.com\/assitejespana\/\" \/>\n<meta property=\"article:modified_time\" content=\"2025-05-18T17:03:57+00:00\" \/>\n<meta property=\"og:image\" content=\"https:\/\/assitej.culturaescenica.es\/wp-content\/uploads\/El-ruido-de-los-huesos-jpg.webp\" \/>\n\t<meta property=\"og:image:width\" content=\"532\" \/>\n\t<meta property=\"og:image:height\" content=\"802\" \/>\n\t<meta property=\"og:image:type\" content=\"image\/jpeg\" \/>\n<meta name=\"twitter:card\" content=\"summary_large_image\" \/>\n<meta name=\"twitter:site\" content=\"@AssitejEspana\" \/>\n<meta name=\"twitter:label1\" content=\"Temps estimat de lectura\" \/>\n\t<meta name=\"twitter:data1\" content=\"2 minuts\" \/>\n<script type=\"application\/ld+json\" class=\"yoast-schema-graph\">{\"@context\":\"https:\/\/schema.org\",\"@graph\":[{\"@type\":\"WebPage\",\"@id\":\"https:\/\/assitej.culturaescenica.es\/en\/editorial-assitej\/suzanne-lebeau\/el-ruido-de-los-huesos-que-crujen\/\",\"url\":\"https:\/\/assitej.culturaescenica.es\/en\/editorial-assitej\/suzanne-lebeau\/el-ruido-de-los-huesos-que-crujen\/\",\"name\":\"El ruido de los huesos que crujen - ASSITEJ Espa\u00f1a\",\"isPartOf\":{\"@id\":\"https:\/\/assitej.culturaescenica.es\/gl\/#website\"},\"primaryImageOfPage\":{\"@id\":\"https:\/\/assitej.culturaescenica.es\/en\/editorial-assitej\/suzanne-lebeau\/el-ruido-de-los-huesos-que-crujen\/#primaryimage\"},\"image\":{\"@id\":\"https:\/\/assitej.culturaescenica.es\/en\/editorial-assitej\/suzanne-lebeau\/el-ruido-de-los-huesos-que-crujen\/#primaryimage\"},\"thumbnailUrl\":\"https:\/\/assitej.culturaescenica.es\/wp-content\/uploads\/El-ruido-de-los-huesos-jpg.webp\",\"datePublished\":\"2024-12-11T16:12:59+00:00\",\"dateModified\":\"2025-05-18T17:03:57+00:00\",\"breadcrumb\":{\"@id\":\"https:\/\/assitej.culturaescenica.es\/en\/editorial-assitej\/suzanne-lebeau\/el-ruido-de-los-huesos-que-crujen\/#breadcrumb\"},\"inLanguage\":\"ca\",\"potentialAction\":[{\"@type\":\"ReadAction\",\"target\":[\"https:\/\/assitej.culturaescenica.es\/en\/editorial-assitej\/suzanne-lebeau\/el-ruido-de-los-huesos-que-crujen\/\"]}]},{\"@type\":\"ImageObject\",\"inLanguage\":\"ca\",\"@id\":\"https:\/\/assitej.culturaescenica.es\/en\/editorial-assitej\/suzanne-lebeau\/el-ruido-de-los-huesos-que-crujen\/#primaryimage\",\"url\":\"https:\/\/assitej.culturaescenica.es\/wp-content\/uploads\/El-ruido-de-los-huesos-jpg.webp\",\"contentUrl\":\"https:\/\/assitej.culturaescenica.es\/wp-content\/uploads\/El-ruido-de-los-huesos-jpg.webp\",\"width\":532,\"height\":802},{\"@type\":\"BreadcrumbList\",\"@id\":\"https:\/\/assitej.culturaescenica.es\/en\/editorial-assitej\/suzanne-lebeau\/el-ruido-de-los-huesos-que-crujen\/#breadcrumb\",\"itemListElement\":[{\"@type\":\"ListItem\",\"position\":1,\"name\":\"Portada\",\"item\":\"https:\/\/assitej.culturaescenica.es\/gl\/\"},{\"@type\":\"ListItem\",\"position\":2,\"name\":\"Editorial Assitej\",\"item\":\"https:\/\/assitej.culturaescenica.es\/es_es\/editorial-assitej\/\"},{\"@type\":\"ListItem\",\"position\":3,\"name\":\"El ruido de los huesos que crujen\"}]},{\"@type\":\"WebSite\",\"@id\":\"https:\/\/assitej.culturaescenica.es\/gl\/#website\",\"url\":\"https:\/\/assitej.culturaescenica.es\/gl\/\",\"name\":\"ASSITEJ Espa\u00f1a\",\"description\":\"ARTES ESC\u00c9NICAS PARA LA INFANCIA Y LA JUVENTUD\",\"publisher\":{\"@id\":\"https:\/\/assitej.culturaescenica.es\/gl\/#organization\"},\"potentialAction\":[{\"@type\":\"SearchAction\",\"target\":{\"@type\":\"EntryPoint\",\"urlTemplate\":\"https:\/\/assitej.culturaescenica.es\/gl\/?s={search_term_string}\"},\"query-input\":{\"@type\":\"PropertyValueSpecification\",\"valueRequired\":true,\"valueName\":\"search_term_string\"}}],\"inLanguage\":\"ca\"},{\"@type\":\"Organization\",\"@id\":\"https:\/\/assitej.culturaescenica.es\/gl\/#organization\",\"name\":\"ASSITEJ Espa\u00f1a\",\"url\":\"https:\/\/assitej.culturaescenica.es\/gl\/\",\"logo\":{\"@type\":\"ImageObject\",\"inLanguage\":\"ca\",\"@id\":\"https:\/\/assitej.culturaescenica.es\/gl\/#\/schema\/logo\/image\/\",\"url\":\"https:\/\/assitej.es\/wp-content\/uploads\/Logo_ASSITEJ_Espana.RGB_2-1.png\",\"contentUrl\":\"https:\/\/assitej.es\/wp-content\/uploads\/Logo_ASSITEJ_Espana.RGB_2-1.png\",\"width\":4934,\"height\":2287,\"caption\":\"ASSITEJ Espa\u00f1a\"},\"image\":{\"@id\":\"https:\/\/assitej.culturaescenica.es\/gl\/#\/schema\/logo\/image\/\"},\"sameAs\":[\"https:\/\/www.facebook.com\/assitejespana\/\",\"https:\/\/x.com\/AssitejEspana\",\"https:\/\/www.youtube.com\/channel\/UCv-2SDBzEmyORL5tPvsYgMw\"]}]}<\/script>\n<!-- \/ Yoast SEO plugin. -->","yoast_head_json":{"title":"El soroll dels ossos que cruixen - ASSITEJ Espa\u00f1a","robots":{"index":"index","follow":"follow","max-snippet":"max-snippet:-1","max-image-preview":"max-image-preview:large","max-video-preview":"max-video-preview:-1"},"canonical":"https:\/\/assitej.culturaescenica.es\/ca\/editorial-assitej\/suzanne-lebeau\/el-ruido-de-los-huesos-que-crujen\/","og_locale":"ca_ES","og_type":"article","og_title":"El ruido de los huesos que crujen - ASSITEJ Espa\u00f1a","og_description":"Hay realidades que nos paran el coraz\u00f3n y nos dejan mudos. Sin capacidad para reaccionar. El ruido de los huesos que crujen trata una de esas realidades: los ni\u00f1os y ni\u00f1as soldado. Elikia despierta en plena noche a Joseph, el ni\u00f1o m\u00e1s peque\u00f1o del campamento, de tan solo ocho a\u00f1os, para escapar juntos de la violencia e ir en busca de un futuro. Gracias a su mundo po\u00e9tico y a su capacidad para mirar la realidad de manera cruda, pero tambi\u00e9n delicada, Suzanne Lebeau enciende fr\u00e1giles luces de esperanza para descubrir a los p\u00fablicos m\u00e1s j\u00f3venes las realidades m\u00e1s complejas del mundo. Justamente para que nuestra mudez pueda convertirse en palabra transformadora. Como Primo Levi dice en una de las citas que abren el texto, \u00abaunque es imposible comprender, es obligatorio saber\u00bb.  El compromiso de Suzanne Lebeau dando voz a las infancias y sus realidades, su empe\u00f1o por contar el mundo a los m\u00e1s peque\u00f1os para que estos conozcan las dificultades a las que se enfrentan en otras geograf\u00edas, han hecho de su teatro una de las principales fuentes de renovaci\u00f3n de las artes esc\u00e9nicas para la infancia y la juventud. Un teatro comprometido que tambi\u00e9n es herramienta para hacer del mundo un lugar mejor.  ASSITEJ Espa\u00f1a ha iniciado la publicaci\u00f3n de su obra completa en la Colecci\u00f3n Internacional de Teatro, de la que ya forman parte El ogrito, Zapatos de arena, Tres hermanitas, Gretel y Hansel, Salvador y Una luna entre dos casas.  Suzanne Lebeau es una de las voces m\u00e1s sobresalientes del teatro internacional. Sus textos y el trabajo con su compa\u00f1\u00eda, Le Carrousel, la han convertido, sin lugar a dudas, en una de las principales renovadoras del teatro para ni\u00f1os y ni\u00f1as de las \u00faltimas d\u00e9cadas. ASSITEJ Espa\u00f1a ha iniciado la publicaci\u00f3n de su obra completa en la Colecci\u00f3n Internacional de Teatro, de la que ya forman parte El ogrito, Zapatos de arena, Tres hermanitas, Gretel y Hansel y Salvador.  Traducci\u00f3n de Coto Ad\u00e1nez.","og_url":"https:\/\/assitej.culturaescenica.es\/ca\/editorial-assitej\/suzanne-lebeau\/el-ruido-de-los-huesos-que-crujen\/","og_site_name":"ASSITEJ Espa\u00f1a","article_publisher":"https:\/\/www.facebook.com\/assitejespana\/","article_modified_time":"2025-05-18T17:03:57+00:00","og_image":[{"width":532,"height":802,"url":"https:\/\/assitej.culturaescenica.es\/wp-content\/uploads\/El-ruido-de-los-huesos-jpg.webp","type":"image\/jpeg"}],"twitter_card":"summary_large_image","twitter_site":"@AssitejEspana","twitter_misc":{"Temps estimat de lectura":"2 minuts"},"schema":{"@context":"https:\/\/schema.org","@graph":[{"@type":"WebPage","@id":"https:\/\/assitej.culturaescenica.es\/en\/editorial-assitej\/suzanne-lebeau\/el-ruido-de-los-huesos-que-crujen\/","url":"https:\/\/assitej.culturaescenica.es\/en\/editorial-assitej\/suzanne-lebeau\/el-ruido-de-los-huesos-que-crujen\/","name":"El soroll dels ossos que cruixen - ASSITEJ Espa\u00f1a","isPartOf":{"@id":"https:\/\/assitej.culturaescenica.es\/gl\/#website"},"primaryImageOfPage":{"@id":"https:\/\/assitej.culturaescenica.es\/en\/editorial-assitej\/suzanne-lebeau\/el-ruido-de-los-huesos-que-crujen\/#primaryimage"},"image":{"@id":"https:\/\/assitej.culturaescenica.es\/en\/editorial-assitej\/suzanne-lebeau\/el-ruido-de-los-huesos-que-crujen\/#primaryimage"},"thumbnailUrl":"https:\/\/assitej.culturaescenica.es\/wp-content\/uploads\/El-ruido-de-los-huesos-jpg.webp","datePublished":"2024-12-11T16:12:59+00:00","dateModified":"2025-05-18T17:03:57+00:00","breadcrumb":{"@id":"https:\/\/assitej.culturaescenica.es\/en\/editorial-assitej\/suzanne-lebeau\/el-ruido-de-los-huesos-que-crujen\/#breadcrumb"},"inLanguage":"ca","potentialAction":[{"@type":"ReadAction","target":["https:\/\/assitej.culturaescenica.es\/en\/editorial-assitej\/suzanne-lebeau\/el-ruido-de-los-huesos-que-crujen\/"]}]},{"@type":"ImageObject","inLanguage":"ca","@id":"https:\/\/assitej.culturaescenica.es\/en\/editorial-assitej\/suzanne-lebeau\/el-ruido-de-los-huesos-que-crujen\/#primaryimage","url":"https:\/\/assitej.culturaescenica.es\/wp-content\/uploads\/El-ruido-de-los-huesos-jpg.webp","contentUrl":"https:\/\/assitej.culturaescenica.es\/wp-content\/uploads\/El-ruido-de-los-huesos-jpg.webp","width":532,"height":802},{"@type":"BreadcrumbList","@id":"https:\/\/assitej.culturaescenica.es\/en\/editorial-assitej\/suzanne-lebeau\/el-ruido-de-los-huesos-que-crujen\/#breadcrumb","itemListElement":[{"@type":"ListItem","position":1,"name":"Portada","item":"https:\/\/assitej.culturaescenica.es\/gl\/"},{"@type":"ListItem","position":2,"name":"Editorial Assitej","item":"https:\/\/assitej.culturaescenica.es\/es_es\/editorial-assitej\/"},{"@type":"ListItem","position":3,"name":"El ruido de los huesos que crujen"}]},{"@type":"WebSite","@id":"https:\/\/assitej.culturaescenica.es\/gl\/#website","url":"https:\/\/assitej.culturaescenica.es\/gl\/","name":"ASSITEJ Espanya","description":"ARTS ESC\u00c8NIQUES PER A LA INF\u00c0NCIA I LA JOVENTUT","publisher":{"@id":"https:\/\/assitej.culturaescenica.es\/gl\/#organization"},"potentialAction":[{"@type":"SearchAction","target":{"@type":"EntryPoint","urlTemplate":"https:\/\/assitej.culturaescenica.es\/gl\/?s={search_term_string}"},"query-input":{"@type":"PropertyValueSpecification","valueRequired":true,"valueName":"search_term_string"}}],"inLanguage":"ca"},{"@type":"Organization","@id":"https:\/\/assitej.culturaescenica.es\/gl\/#organization","name":"ASSITEJ Espanya","url":"https:\/\/assitej.culturaescenica.es\/gl\/","logo":{"@type":"ImageObject","inLanguage":"ca","@id":"https:\/\/assitej.culturaescenica.es\/gl\/#\/schema\/logo\/image\/","url":"https:\/\/assitej.es\/wp-content\/uploads\/Logo_ASSITEJ_Espana.RGB_2-1.png","contentUrl":"https:\/\/assitej.es\/wp-content\/uploads\/Logo_ASSITEJ_Espana.RGB_2-1.png","width":4934,"height":2287,"caption":"ASSITEJ Espa\u00f1a"},"image":{"@id":"https:\/\/assitej.culturaescenica.es\/gl\/#\/schema\/logo\/image\/"},"sameAs":["https:\/\/www.facebook.com\/assitejespana\/","https:\/\/x.com\/AssitejEspana","https:\/\/www.youtube.com\/channel\/UCv-2SDBzEmyORL5tPvsYgMw"]}]}},"_links":{"self":[{"href":"https:\/\/assitej.culturaescenica.es\/ca\/wp-json\/wp\/v2\/product\/24376","targetHints":{"allow":["GET"]}}],"collection":[{"href":"https:\/\/assitej.culturaescenica.es\/ca\/wp-json\/wp\/v2\/product"}],"about":[{"href":"https:\/\/assitej.culturaescenica.es\/ca\/wp-json\/wp\/v2\/types\/product"}],"wp:featuredmedia":[{"embeddable":true,"href":"https:\/\/assitej.culturaescenica.es\/ca\/wp-json\/wp\/v2\/media\/24377"}],"wp:attachment":[{"href":"https:\/\/assitej.culturaescenica.es\/ca\/wp-json\/wp\/v2\/media?parent=24376"}],"wp:term":[{"taxonomy":"product_brand","embeddable":true,"href":"https:\/\/assitej.culturaescenica.es\/ca\/wp-json\/wp\/v2\/product_brand?post=24376"},{"taxonomy":"product_cat","embeddable":true,"href":"https:\/\/assitej.culturaescenica.es\/ca\/wp-json\/wp\/v2\/product_cat?post=24376"},{"taxonomy":"product_tag","embeddable":true,"href":"https:\/\/assitej.culturaescenica.es\/ca\/wp-json\/wp\/v2\/product_tag?post=24376"}],"curies":[{"name":"wp","href":"https:\/\/api.w.org\/{rel}","templated":true}]}}